{"id":69725,"date":"2026-03-25T15:19:58","date_gmt":"2026-03-25T13:19:58","guid":{"rendered":"https:\/\/bellfire.ee\/?post_type=product&#038;p=69725"},"modified":"2026-03-25T15:37:30","modified_gmt":"2026-03-25T13:37:30","slug":"royal-hard-patjan-kopeeri","status":"publish","type":"product","link":"https:\/\/bellfire.ee\/fi\/maaramata\/royal-hard-patjan-kopeeri\/","title":{"rendered":"Royal Hard -patjan (kopeeri)"},"content":{"rendered":"<p><strong>Royal Hard -patjan<\/strong> taskujouset tarjoavat keholle parhaan mahdollisen tuen.<\/p>\n","protected":false},"excerpt":{"rendered":"<p><strong>Royal Hard -patjan<\/strong> taskujouset tarjoavat keholle parhaan mahdollisen tuen.<\/p>\n","protected":false},"featured_media":69739,"template":"","meta":{"_acf_changed":false},"wpc-attribute-group":[],"product_brand":[],"product_cat":[2267],"product_tag":[],"class_list":{"0":"post-69725","1":"product","2":"type-product","3":"status-publish","4":"has-post-thumbnail","6":"product_cat-maaramata","8":"first","9":"instock","10":"taxable","11":"shipping-taxable","12":"purchasable","13":"product-type-variable","14":"add-to-wishlist-after_add_to_cart"},"acf":[],"yoast_head":"<!-- This site is optimized with the Yoast SEO plugin v26.1 - https:\/\/yoast.com\/wordpress\/plugins\/seo\/ -->\n<title>Royal Hard -patjan (kopeeri) - Bellfire<\/title>\n<meta name=\"robots\" content=\"index, follow, max-snippet:-1, max-image-preview:large, max-video-preview:-1\" \/>\n<link rel=\"canonical\" href=\"https:\/\/bellfire.ee\/fi\/maaramata\/royal-hard-patjan-kopeeri\/\" \/>\n<meta property=\"og:locale\" content=\"fi_FI\" \/>\n<meta property=\"og:type\" content=\"article\" \/>\n<meta property=\"og:title\" content=\"Royal Hard -patjan (kopeeri) - Bellfire\" \/>\n<meta property=\"og:description\" content=\"Royal Hard -patjan taskujouset tarjoavat keholle parhaan mahdollisen tuen.\" \/>\n<meta property=\"og:url\" content=\"https:\/\/bellfire.ee\/fi\/maaramata\/royal-hard-patjan-kopeeri\/\" \/>\n<meta property=\"og:site_name\" content=\"Bellfire\" \/>\n<meta property=\"article:modified_time\" content=\"2026-03-25T13:37:30+00:00\" \/>\n<meta property=\"og:image\" content=\"https:\/\/bellfire.ee\/wp-content\/uploads\/2024\/10\/Madrats.jpg\" \/>\n\t<meta property=\"og:image:width\" content=\"1920\" \/>\n\t<meta property=\"og:image:height\" content=\"1080\" \/>\n\t<meta property=\"og:image:type\" content=\"image\/jpeg\" \/>\n<meta name=\"twitter:card\" content=\"summary_large_image\" \/>\n<script type=\"application\/ld+json\" class=\"yoast-schema-graph\">{\"@context\":\"https:\/\/schema.org\",\"@graph\":[{\"@type\":\"WebPage\",\"@id\":\"https:\/\/bellfire.ee\/fi\/maaramata\/royal-hard-patjan-kopeeri\/\",\"url\":\"https:\/\/bellfire.ee\/fi\/maaramata\/royal-hard-patjan-kopeeri\/\",\"name\":\"Royal Hard -patjan (kopeeri) - Bellfire\",\"isPartOf\":{\"@id\":\"https:\/\/bellfire.ee\/fi\/#website\"},\"primaryImageOfPage\":{\"@id\":\"https:\/\/bellfire.ee\/fi\/maaramata\/royal-hard-patjan-kopeeri\/#primaryimage\"},\"image\":{\"@id\":\"https:\/\/bellfire.ee\/fi\/maaramata\/royal-hard-patjan-kopeeri\/#primaryimage\"},\"thumbnailUrl\":\"https:\/\/bellfire.ee\/wp-content\/uploads\/2026\/03\/hf_20260325_131225_e23704c5-df1e-46c4-9901-fe0478288708.jpeg\",\"datePublished\":\"2026-03-25T13:19:58+00:00\",\"dateModified\":\"2026-03-25T13:37:30+00:00\",\"breadcrumb\":{\"@id\":\"https:\/\/bellfire.ee\/fi\/maaramata\/royal-hard-patjan-kopeeri\/#breadcrumb\"},\"inLanguage\":\"fi\",\"potentialAction\":[{\"@type\":\"ReadAction\",\"target\":[\"https:\/\/bellfire.ee\/fi\/maaramata\/royal-hard-patjan-kopeeri\/\"]}]},{\"@type\":\"ImageObject\",\"inLanguage\":\"fi\",\"@id\":\"https:\/\/bellfire.ee\/fi\/maaramata\/royal-hard-patjan-kopeeri\/#primaryimage\",\"url\":\"https:\/\/bellfire.ee\/wp-content\/uploads\/2026\/03\/hf_20260325_131225_e23704c5-df1e-46c4-9901-fe0478288708.jpeg\",\"contentUrl\":\"https:\/\/bellfire.ee\/wp-content\/uploads\/2026\/03\/hf_20260325_131225_e23704c5-df1e-46c4-9901-fe0478288708.jpeg\",\"width\":2048,\"height\":2048},{\"@type\":\"BreadcrumbList\",\"@id\":\"https:\/\/bellfire.ee\/fi\/maaramata\/royal-hard-patjan-kopeeri\/#breadcrumb\",\"itemListElement\":[{\"@type\":\"ListItem\",\"position\":1,\"name\":\"Avaleht\",\"item\":\"https:\/\/bellfire.ee\/fi\/\"},{\"@type\":\"ListItem\",\"position\":2,\"name\":\"Huonekalut\",\"item\":\"https:\/\/bellfire.ee\/fi\/huonekalut\/\"},{\"@type\":\"ListItem\",\"position\":3,\"name\":\"Royal Hard -patjan (kopeeri)\"}]},{\"@type\":\"WebSite\",\"@id\":\"https:\/\/bellfire.ee\/fi\/#website\",\"url\":\"https:\/\/bellfire.ee\/fi\/\",\"name\":\"Bellfire\",\"description\":\"Disainm\u00f6\u00f6bel Sinu koju Eesti pehme m\u00f6\u00f6bli tootjal\",\"publisher\":{\"@id\":\"https:\/\/bellfire.ee\/fi\/#organization\"},\"potentialAction\":[{\"@type\":\"SearchAction\",\"target\":{\"@type\":\"EntryPoint\",\"urlTemplate\":\"https:\/\/bellfire.ee\/fi\/?s={search_term_string}\"},\"query-input\":{\"@type\":\"PropertyValueSpecification\",\"valueRequired\":true,\"valueName\":\"search_term_string\"}}],\"inLanguage\":\"fi\"},{\"@type\":\"Organization\",\"@id\":\"https:\/\/bellfire.ee\/fi\/#organization\",\"name\":\"Bellfire\",\"url\":\"https:\/\/bellfire.ee\/fi\/\",\"logo\":{\"@type\":\"ImageObject\",\"inLanguage\":\"fi\",\"@id\":\"https:\/\/bellfire.ee\/fi\/#\/schema\/logo\/image\/\",\"url\":\"https:\/\/bellfire.ee\/wp-content\/uploads\/2024\/10\/Site-logo.svg\",\"contentUrl\":\"https:\/\/bellfire.ee\/wp-content\/uploads\/2024\/10\/Site-logo.svg\",\"width\":55,\"height\":64,\"caption\":\"Bellfire\"},\"image\":{\"@id\":\"https:\/\/bellfire.ee\/fi\/#\/schema\/logo\/image\/\"}}]}<\/script>\n<!-- \/ Yoast SEO plugin. -->","yoast_head_json":{"title":"Royal Hard -patjan (kopeeri) - Bellfire","robots":{"index":"index","follow":"follow","max-snippet":"max-snippet:-1","max-image-preview":"max-image-preview:large","max-video-preview":"max-video-preview:-1"},"canonical":"https:\/\/bellfire.ee\/fi\/maaramata\/royal-hard-patjan-kopeeri\/","og_locale":"fi_FI","og_type":"article","og_title":"Royal Hard -patjan (kopeeri) - Bellfire","og_description":"Royal Hard -patjan taskujouset tarjoavat keholle parhaan mahdollisen tuen.","og_url":"https:\/\/bellfire.ee\/fi\/maaramata\/royal-hard-patjan-kopeeri\/","og_site_name":"Bellfire","article_modified_time":"2026-03-25T13:37:30+00:00","og_image":[{"width":1920,"height":1080,"url":"https:\/\/bellfire.ee\/wp-content\/uploads\/2024\/10\/Madrats.jpg","type":"image\/jpeg"}],"twitter_card":"summary_large_image","schema":{"@context":"https:\/\/schema.org","@graph":[{"@type":"WebPage","@id":"https:\/\/bellfire.ee\/fi\/maaramata\/royal-hard-patjan-kopeeri\/","url":"https:\/\/bellfire.ee\/fi\/maaramata\/royal-hard-patjan-kopeeri\/","name":"Royal Hard -patjan (kopeeri) - Bellfire","isPartOf":{"@id":"https:\/\/bellfire.ee\/fi\/#website"},"primaryImageOfPage":{"@id":"https:\/\/bellfire.ee\/fi\/maaramata\/royal-hard-patjan-kopeeri\/#primaryimage"},"image":{"@id":"https:\/\/bellfire.ee\/fi\/maaramata\/royal-hard-patjan-kopeeri\/#primaryimage"},"thumbnailUrl":"https:\/\/bellfire.ee\/wp-content\/uploads\/2026\/03\/hf_20260325_131225_e23704c5-df1e-46c4-9901-fe0478288708.jpeg","datePublished":"2026-03-25T13:19:58+00:00","dateModified":"2026-03-25T13:37:30+00:00","breadcrumb":{"@id":"https:\/\/bellfire.ee\/fi\/maaramata\/royal-hard-patjan-kopeeri\/#breadcrumb"},"inLanguage":"fi","potentialAction":[{"@type":"ReadAction","target":["https:\/\/bellfire.ee\/fi\/maaramata\/royal-hard-patjan-kopeeri\/"]}]},{"@type":"ImageObject","inLanguage":"fi","@id":"https:\/\/bellfire.ee\/fi\/maaramata\/royal-hard-patjan-kopeeri\/#primaryimage","url":"https:\/\/bellfire.ee\/wp-content\/uploads\/2026\/03\/hf_20260325_131225_e23704c5-df1e-46c4-9901-fe0478288708.jpeg","contentUrl":"https:\/\/bellfire.ee\/wp-content\/uploads\/2026\/03\/hf_20260325_131225_e23704c5-df1e-46c4-9901-fe0478288708.jpeg","width":2048,"height":2048},{"@type":"BreadcrumbList","@id":"https:\/\/bellfire.ee\/fi\/maaramata\/royal-hard-patjan-kopeeri\/#breadcrumb","itemListElement":[{"@type":"ListItem","position":1,"name":"Avaleht","item":"https:\/\/bellfire.ee\/fi\/"},{"@type":"ListItem","position":2,"name":"Huonekalut","item":"https:\/\/bellfire.ee\/fi\/huonekalut\/"},{"@type":"ListItem","position":3,"name":"Royal Hard -patjan (kopeeri)"}]},{"@type":"WebSite","@id":"https:\/\/bellfire.ee\/fi\/#website","url":"https:\/\/bellfire.ee\/fi\/","name":"Bellfire","description":"Disainm\u00f6\u00f6bel Sinu koju Eesti pehme m\u00f6\u00f6bli tootjal","publisher":{"@id":"https:\/\/bellfire.ee\/fi\/#organization"},"potentialAction":[{"@type":"SearchAction","target":{"@type":"EntryPoint","urlTemplate":"https:\/\/bellfire.ee\/fi\/?s={search_term_string}"},"query-input":{"@type":"PropertyValueSpecification","valueRequired":true,"valueName":"search_term_string"}}],"inLanguage":"fi"},{"@type":"Organization","@id":"https:\/\/bellfire.ee\/fi\/#organization","name":"Bellfire","url":"https:\/\/bellfire.ee\/fi\/","logo":{"@type":"ImageObject","inLanguage":"fi","@id":"https:\/\/bellfire.ee\/fi\/#\/schema\/logo\/image\/","url":"https:\/\/bellfire.ee\/wp-content\/uploads\/2024\/10\/Site-logo.svg","contentUrl":"https:\/\/bellfire.ee\/wp-content\/uploads\/2024\/10\/Site-logo.svg","width":55,"height":64,"caption":"Bellfire"},"image":{"@id":"https:\/\/bellfire.ee\/fi\/#\/schema\/logo\/image\/"}}]}},"_links":{"self":[{"href":"https:\/\/bellfire.ee\/fi\/wp-json\/wp\/v2\/product\/69725","targetHints":{"allow":["GET"]}}],"collection":[{"href":"https:\/\/bellfire.ee\/fi\/wp-json\/wp\/v2\/product"}],"about":[{"href":"https:\/\/bellfire.ee\/fi\/wp-json\/wp\/v2\/types\/product"}],"wp:featuredmedia":[{"embeddable":true,"href":"https:\/\/bellfire.ee\/fi\/wp-json\/wp\/v2\/media\/69739"}],"wp:attachment":[{"href":"https:\/\/bellfire.ee\/fi\/wp-json\/wp\/v2\/media?parent=69725"}],"wp:term":[{"taxonomy":"wpc-attribute-group","embeddable":true,"href":"https:\/\/bellfire.ee\/fi\/wp-json\/wp\/v2\/wpc-attribute-group?post=69725"},{"taxonomy":"product_brand","embeddable":true,"href":"https:\/\/bellfire.ee\/fi\/wp-json\/wp\/v2\/product_brand?post=69725"},{"taxonomy":"product_cat","embeddable":true,"href":"https:\/\/bellfire.ee\/fi\/wp-json\/wp\/v2\/product_cat?post=69725"},{"taxonomy":"product_tag","embeddable":true,"href":"https:\/\/bellfire.ee\/fi\/wp-json\/wp\/v2\/product_tag?post=69725"}],"curies":[{"name":"wp","href":"https:\/\/api.w.org\/{rel}","templated":true}]}}