{"id":61475,"date":"2025-03-31T09:21:26","date_gmt":"2025-03-31T09:21:26","guid":{"rendered":"https:\/\/bellfire.ee\/?post_type=product&#038;p=61475"},"modified":"2025-03-31T09:24:58","modified_gmt":"2025-03-31T09:24:58","slug":"amore-kopeeri","status":"publish","type":"product","link":"https:\/\/bellfire.ee\/fi\/olohuone\/vuodesohvat\/amore-kopeeri\/","title":{"rendered":"Amore (kopeeri)"},"content":{"rendered":"<p>Laiha makuuosa (140 cm) tekee Amoresta todellisen suosikin \u2013 hyvin lev\u00e4nneet vieraat ovat eritt\u00e4in tyytyv\u00e4isi\u00e4 t\u00e4h\u00e4n vuoteeseen. Amore vuodesohva on kest\u00e4v\u00e4. Sohvan leve\u00e4t k\u00e4sinojat lis\u00e4\u00e4v\u00e4t makuuosalle turvallisuutta ja tukevuutta. Koivuvanerista ja m\u00e4nnyst\u00e4 valmistettu runko, kest\u00e4v\u00e4 ja tyylik\u00e4s verhoilukangas sek\u00e4 moderni muotoilu korostavat Amoren laatua ja pitk\u00e4ik\u00e4isyytt\u00e4. Pehmusteena k\u00e4ytetty polyuretaanivaahto s\u00e4ilytt\u00e4\u00e4 tyynyjen muodon vuosiksi eteenp\u00e4in.<\/p>\n<p>Todellinen v\u00e4ri voi poiketa n\u00e4yt\u00f6ll\u00e4 n\u00e4kyv\u00e4st\u00e4. Pyyd\u00e4mme tarkistamaan v\u00e4rit myym\u00e4l\u00e4ss\u00e4mme (osoitteessa Riia 142, Tartto).<\/p>\n","protected":false},"excerpt":{"rendered":"<p>Laiha makuuosa (140 cm) tekee Amoresta todellisen suosikin \u2013 hyvin lev\u00e4nneet vieraat ovat eritt\u00e4in tyytyv\u00e4isi\u00e4 t\u00e4h\u00e4n vuoteeseen. Amore vuodesohva on kest\u00e4v\u00e4. Sohvan leve\u00e4t k\u00e4sinojat lis\u00e4\u00e4v\u00e4t makuuosalle turvallisuutta ja tukevuutta. Koivuvanerista ja m\u00e4nnyst\u00e4 valmistettu runko, kest\u00e4v\u00e4 ja tyylik\u00e4s verhoilukangas sek\u00e4 moderni muotoilu korostavat Amoren laatua ja pitk\u00e4ik\u00e4isyytt\u00e4. Pehmusteena k\u00e4ytetty polyuretaanivaahto s\u00e4ilytt\u00e4\u00e4 tyynyjen muodon vuosiksi eteenp\u00e4in.<\/p>\n<p>Todellinen v\u00e4ri voi poiketa n\u00e4yt\u00f6ll\u00e4 n\u00e4kyv\u00e4st\u00e4. Pyyd\u00e4mme tarkistamaan v\u00e4rit myym\u00e4l\u00e4ss\u00e4mme (osoitteessa Riia 142, Tartto).<\/p>\n","protected":false},"featured_media":54783,"template":"","meta":{"_acf_changed":false},"wpc-attribute-group":[],"product_brand":[],"product_cat":[2233,2234],"product_tag":[],"class_list":{"0":"post-61475","1":"product","2":"type-product","3":"status-publish","4":"has-post-thumbnail","6":"product_cat-olohuone","7":"product_cat-vuodesohvat","8":"pa_e-poe-kangavalik-casual-river-fi","9":"pa_e-poe-kangavalik-casual-gold-fi","10":"pa_e-poe-kangavalik-casual-griffin-fi","11":"pa_e-poe-kangavalik-casual-poppy-fi","12":"pa_e-poe-kangavalik-casual-truffle-fi","14":"first","15":"instock","16":"taxable","17":"shipping-taxable","18":"purchasable","19":"product-type-variable","20":"add-to-wishlist-after_add_to_cart"},"acf":[],"yoast_head":"<!-- This site is optimized with the Yoast SEO plugin v26.1 - https:\/\/yoast.com\/wordpress\/plugins\/seo\/ -->\n<title>Amore (kopeeri) - Bellfire<\/title>\n<meta name=\"robots\" content=\"index, follow, max-snippet:-1, max-image-preview:large, max-video-preview:-1\" \/>\n<link rel=\"canonical\" href=\"https:\/\/bellfire.ee\/fi\/olohuone\/vuodesohvat\/amore-kopeeri\/\" \/>\n<meta property=\"og:locale\" content=\"fi_FI\" \/>\n<meta property=\"og:type\" content=\"article\" \/>\n<meta property=\"og:title\" content=\"Amore (kopeeri) - Bellfire\" \/>\n<meta property=\"og:description\" content=\"Laiha makuuosa (140 cm) tekee Amoresta todellisen suosikin \u2013 hyvin lev\u00e4nneet vieraat ovat eritt\u00e4in tyytyv\u00e4isi\u00e4 t\u00e4h\u00e4n vuoteeseen. Amore vuodesohva on kest\u00e4v\u00e4. Sohvan leve\u00e4t k\u00e4sinojat lis\u00e4\u00e4v\u00e4t makuuosalle turvallisuutta ja tukevuutta. Koivuvanerista ja m\u00e4nnyst\u00e4 valmistettu runko, kest\u00e4v\u00e4 ja tyylik\u00e4s verhoilukangas sek\u00e4 moderni muotoilu korostavat Amoren laatua ja pitk\u00e4ik\u00e4isyytt\u00e4. Pehmusteena k\u00e4ytetty polyuretaanivaahto s\u00e4ilytt\u00e4\u00e4 tyynyjen muodon vuosiksi eteenp\u00e4in.  Todellinen v\u00e4ri voi poiketa n\u00e4yt\u00f6ll\u00e4 n\u00e4kyv\u00e4st\u00e4. Pyyd\u00e4mme tarkistamaan v\u00e4rit myym\u00e4l\u00e4ss\u00e4mme (osoitteessa Riia 142, Tartto).\" \/>\n<meta property=\"og:url\" content=\"https:\/\/bellfire.ee\/fi\/olohuone\/vuodesohvat\/amore-kopeeri\/\" \/>\n<meta property=\"og:site_name\" content=\"Bellfire\" \/>\n<meta property=\"article:modified_time\" content=\"2025-03-31T09:24:58+00:00\" \/>\n<meta property=\"og:image\" content=\"https:\/\/bellfire.ee\/wp-content\/uploads\/2024\/11\/Amore-ikoon-1.jpg\" \/>\n\t<meta property=\"og:image:width\" content=\"1920\" \/>\n\t<meta property=\"og:image:height\" content=\"1080\" \/>\n\t<meta property=\"og:image:type\" content=\"image\/jpeg\" \/>\n<meta name=\"twitter:card\" content=\"summary_large_image\" \/>\n<script type=\"application\/ld+json\" class=\"yoast-schema-graph\">{\"@context\":\"https:\/\/schema.org\",\"@graph\":[{\"@type\":\"WebPage\",\"@id\":\"https:\/\/bellfire.ee\/fi\/olohuone\/vuodesohvat\/amore-kopeeri\/\",\"url\":\"https:\/\/bellfire.ee\/fi\/olohuone\/vuodesohvat\/amore-kopeeri\/\",\"name\":\"Amore (kopeeri) - Bellfire\",\"isPartOf\":{\"@id\":\"https:\/\/bellfire.ee\/fi\/#website\"},\"primaryImageOfPage\":{\"@id\":\"https:\/\/bellfire.ee\/fi\/olohuone\/vuodesohvat\/amore-kopeeri\/#primaryimage\"},\"image\":{\"@id\":\"https:\/\/bellfire.ee\/fi\/olohuone\/vuodesohvat\/amore-kopeeri\/#primaryimage\"},\"thumbnailUrl\":\"https:\/\/bellfire.ee\/wp-content\/uploads\/2024\/11\/Amore-ikoon-1.jpg\",\"datePublished\":\"2025-03-31T09:21:26+00:00\",\"dateModified\":\"2025-03-31T09:24:58+00:00\",\"breadcrumb\":{\"@id\":\"https:\/\/bellfire.ee\/fi\/olohuone\/vuodesohvat\/amore-kopeeri\/#breadcrumb\"},\"inLanguage\":\"fi\",\"potentialAction\":[{\"@type\":\"ReadAction\",\"target\":[\"https:\/\/bellfire.ee\/fi\/olohuone\/vuodesohvat\/amore-kopeeri\/\"]}]},{\"@type\":\"ImageObject\",\"inLanguage\":\"fi\",\"@id\":\"https:\/\/bellfire.ee\/fi\/olohuone\/vuodesohvat\/amore-kopeeri\/#primaryimage\",\"url\":\"https:\/\/bellfire.ee\/wp-content\/uploads\/2024\/11\/Amore-ikoon-1.jpg\",\"contentUrl\":\"https:\/\/bellfire.ee\/wp-content\/uploads\/2024\/11\/Amore-ikoon-1.jpg\",\"width\":1920,\"height\":1080},{\"@type\":\"BreadcrumbList\",\"@id\":\"https:\/\/bellfire.ee\/fi\/olohuone\/vuodesohvat\/amore-kopeeri\/#breadcrumb\",\"itemListElement\":[{\"@type\":\"ListItem\",\"position\":1,\"name\":\"Avaleht\",\"item\":\"https:\/\/bellfire.ee\/fi\/\"},{\"@type\":\"ListItem\",\"position\":2,\"name\":\"Huonekalut\",\"item\":\"https:\/\/bellfire.ee\/fi\/huonekalut\/\"},{\"@type\":\"ListItem\",\"position\":3,\"name\":\"Amore (kopeeri)\"}]},{\"@type\":\"WebSite\",\"@id\":\"https:\/\/bellfire.ee\/fi\/#website\",\"url\":\"https:\/\/bellfire.ee\/fi\/\",\"name\":\"Bellfire\",\"description\":\"Disainm\u00f6\u00f6bel Sinu koju Eesti pehme m\u00f6\u00f6bli tootjal\",\"publisher\":{\"@id\":\"https:\/\/bellfire.ee\/fi\/#organization\"},\"potentialAction\":[{\"@type\":\"SearchAction\",\"target\":{\"@type\":\"EntryPoint\",\"urlTemplate\":\"https:\/\/bellfire.ee\/fi\/?s={search_term_string}\"},\"query-input\":{\"@type\":\"PropertyValueSpecification\",\"valueRequired\":true,\"valueName\":\"search_term_string\"}}],\"inLanguage\":\"fi\"},{\"@type\":\"Organization\",\"@id\":\"https:\/\/bellfire.ee\/fi\/#organization\",\"name\":\"Bellfire\",\"url\":\"https:\/\/bellfire.ee\/fi\/\",\"logo\":{\"@type\":\"ImageObject\",\"inLanguage\":\"fi\",\"@id\":\"https:\/\/bellfire.ee\/fi\/#\/schema\/logo\/image\/\",\"url\":\"https:\/\/bellfire.ee\/wp-content\/uploads\/2024\/10\/Site-logo.svg\",\"contentUrl\":\"https:\/\/bellfire.ee\/wp-content\/uploads\/2024\/10\/Site-logo.svg\",\"width\":55,\"height\":64,\"caption\":\"Bellfire\"},\"image\":{\"@id\":\"https:\/\/bellfire.ee\/fi\/#\/schema\/logo\/image\/\"}}]}<\/script>\n<!-- \/ Yoast SEO plugin. -->","yoast_head_json":{"title":"Amore (kopeeri) - Bellfire","robots":{"index":"index","follow":"follow","max-snippet":"max-snippet:-1","max-image-preview":"max-image-preview:large","max-video-preview":"max-video-preview:-1"},"canonical":"https:\/\/bellfire.ee\/fi\/olohuone\/vuodesohvat\/amore-kopeeri\/","og_locale":"fi_FI","og_type":"article","og_title":"Amore (kopeeri) - Bellfire","og_description":"Laiha makuuosa (140 cm) tekee Amoresta todellisen suosikin \u2013 hyvin lev\u00e4nneet vieraat ovat eritt\u00e4in tyytyv\u00e4isi\u00e4 t\u00e4h\u00e4n vuoteeseen. Amore vuodesohva on kest\u00e4v\u00e4. Sohvan leve\u00e4t k\u00e4sinojat lis\u00e4\u00e4v\u00e4t makuuosalle turvallisuutta ja tukevuutta. Koivuvanerista ja m\u00e4nnyst\u00e4 valmistettu runko, kest\u00e4v\u00e4 ja tyylik\u00e4s verhoilukangas sek\u00e4 moderni muotoilu korostavat Amoren laatua ja pitk\u00e4ik\u00e4isyytt\u00e4. Pehmusteena k\u00e4ytetty polyuretaanivaahto s\u00e4ilytt\u00e4\u00e4 tyynyjen muodon vuosiksi eteenp\u00e4in.  Todellinen v\u00e4ri voi poiketa n\u00e4yt\u00f6ll\u00e4 n\u00e4kyv\u00e4st\u00e4. Pyyd\u00e4mme tarkistamaan v\u00e4rit myym\u00e4l\u00e4ss\u00e4mme (osoitteessa Riia 142, Tartto).","og_url":"https:\/\/bellfire.ee\/fi\/olohuone\/vuodesohvat\/amore-kopeeri\/","og_site_name":"Bellfire","article_modified_time":"2025-03-31T09:24:58+00:00","og_image":[{"width":1920,"height":1080,"url":"https:\/\/bellfire.ee\/wp-content\/uploads\/2024\/11\/Amore-ikoon-1.jpg","type":"image\/jpeg"}],"twitter_card":"summary_large_image","schema":{"@context":"https:\/\/schema.org","@graph":[{"@type":"WebPage","@id":"https:\/\/bellfire.ee\/fi\/olohuone\/vuodesohvat\/amore-kopeeri\/","url":"https:\/\/bellfire.ee\/fi\/olohuone\/vuodesohvat\/amore-kopeeri\/","name":"Amore (kopeeri) - Bellfire","isPartOf":{"@id":"https:\/\/bellfire.ee\/fi\/#website"},"primaryImageOfPage":{"@id":"https:\/\/bellfire.ee\/fi\/olohuone\/vuodesohvat\/amore-kopeeri\/#primaryimage"},"image":{"@id":"https:\/\/bellfire.ee\/fi\/olohuone\/vuodesohvat\/amore-kopeeri\/#primaryimage"},"thumbnailUrl":"https:\/\/bellfire.ee\/wp-content\/uploads\/2024\/11\/Amore-ikoon-1.jpg","datePublished":"2025-03-31T09:21:26+00:00","dateModified":"2025-03-31T09:24:58+00:00","breadcrumb":{"@id":"https:\/\/bellfire.ee\/fi\/olohuone\/vuodesohvat\/amore-kopeeri\/#breadcrumb"},"inLanguage":"fi","potentialAction":[{"@type":"ReadAction","target":["https:\/\/bellfire.ee\/fi\/olohuone\/vuodesohvat\/amore-kopeeri\/"]}]},{"@type":"ImageObject","inLanguage":"fi","@id":"https:\/\/bellfire.ee\/fi\/olohuone\/vuodesohvat\/amore-kopeeri\/#primaryimage","url":"https:\/\/bellfire.ee\/wp-content\/uploads\/2024\/11\/Amore-ikoon-1.jpg","contentUrl":"https:\/\/bellfire.ee\/wp-content\/uploads\/2024\/11\/Amore-ikoon-1.jpg","width":1920,"height":1080},{"@type":"BreadcrumbList","@id":"https:\/\/bellfire.ee\/fi\/olohuone\/vuodesohvat\/amore-kopeeri\/#breadcrumb","itemListElement":[{"@type":"ListItem","position":1,"name":"Avaleht","item":"https:\/\/bellfire.ee\/fi\/"},{"@type":"ListItem","position":2,"name":"Huonekalut","item":"https:\/\/bellfire.ee\/fi\/huonekalut\/"},{"@type":"ListItem","position":3,"name":"Amore (kopeeri)"}]},{"@type":"WebSite","@id":"https:\/\/bellfire.ee\/fi\/#website","url":"https:\/\/bellfire.ee\/fi\/","name":"Bellfire","description":"Disainm\u00f6\u00f6bel Sinu koju Eesti pehme m\u00f6\u00f6bli tootjal","publisher":{"@id":"https:\/\/bellfire.ee\/fi\/#organization"},"potentialAction":[{"@type":"SearchAction","target":{"@type":"EntryPoint","urlTemplate":"https:\/\/bellfire.ee\/fi\/?s={search_term_string}"},"query-input":{"@type":"PropertyValueSpecification","valueRequired":true,"valueName":"search_term_string"}}],"inLanguage":"fi"},{"@type":"Organization","@id":"https:\/\/bellfire.ee\/fi\/#organization","name":"Bellfire","url":"https:\/\/bellfire.ee\/fi\/","logo":{"@type":"ImageObject","inLanguage":"fi","@id":"https:\/\/bellfire.ee\/fi\/#\/schema\/logo\/image\/","url":"https:\/\/bellfire.ee\/wp-content\/uploads\/2024\/10\/Site-logo.svg","contentUrl":"https:\/\/bellfire.ee\/wp-content\/uploads\/2024\/10\/Site-logo.svg","width":55,"height":64,"caption":"Bellfire"},"image":{"@id":"https:\/\/bellfire.ee\/fi\/#\/schema\/logo\/image\/"}}]}},"_links":{"self":[{"href":"https:\/\/bellfire.ee\/fi\/wp-json\/wp\/v2\/product\/61475","targetHints":{"allow":["GET"]}}],"collection":[{"href":"https:\/\/bellfire.ee\/fi\/wp-json\/wp\/v2\/product"}],"about":[{"href":"https:\/\/bellfire.ee\/fi\/wp-json\/wp\/v2\/types\/product"}],"wp:featuredmedia":[{"embeddable":true,"href":"https:\/\/bellfire.ee\/fi\/wp-json\/wp\/v2\/media\/54783"}],"wp:attachment":[{"href":"https:\/\/bellfire.ee\/fi\/wp-json\/wp\/v2\/media?parent=61475"}],"wp:term":[{"taxonomy":"wpc-attribute-group","embeddable":true,"href":"https:\/\/bellfire.ee\/fi\/wp-json\/wp\/v2\/wpc-attribute-group?post=61475"},{"taxonomy":"product_brand","embeddable":true,"href":"https:\/\/bellfire.ee\/fi\/wp-json\/wp\/v2\/product_brand?post=61475"},{"taxonomy":"product_cat","embeddable":true,"href":"https:\/\/bellfire.ee\/fi\/wp-json\/wp\/v2\/product_cat?post=61475"},{"taxonomy":"product_tag","embeddable":true,"href":"https:\/\/bellfire.ee\/fi\/wp-json\/wp\/v2\/product_tag?post=61475"}],"curies":[{"name":"wp","href":"https:\/\/api.w.org\/{rel}","templated":true}]}}