{"id":56402,"date":"2025-01-24T08:13:24","date_gmt":"2025-01-24T08:13:24","guid":{"rendered":"https:\/\/bellfire.ee\/?post_type=product&#038;p=56402"},"modified":"2025-03-17T08:38:35","modified_gmt":"2025-03-17T08:38:35","slug":"casa-kopeeri","status":"publish","type":"product","link":"https:\/\/bellfire.ee\/fi\/olohuone\/vuodesohvat\/casa-kopeeri\/","title":{"rendered":"Casa"},"content":{"rendered":"<p>Kaikki toimitushinnat koskevat yht\u00e4 tuotetta. Jos tilaat useamman tuotteen, pyyd\u00e4mme ottamaan meihin yhteytt\u00e4, jolloin kuljetuskustannus sovitaan erikseen. Tarton ja Harjun maakuntien ulkopuolella hintaan sovitaan tapauskohtaisesti.<\/p>\n<ul>\n<li><strong>1 sohvan toimitus huoneeseen + asennus ja pakkausten poisto:<\/strong> 129\u20ac. T\u00e4m\u00e4 palvelu on t\u00e4ll\u00e4 hetkell\u00e4 saatavilla vain Tarton ja Harjun maakunnissa. Muiden alueiden osalta voidaan sopia erikseen.<\/li>\n<li><strong>Sohvan tilaus kotiinkuljetuksella huoneeseen:<\/strong> 99\u20ac. Toimitus enint\u00e4\u00e4n viidenteen kerrokseen. Ei sis\u00e4ll\u00e4 asennusta tai pakkausten poistoa. T\u00e4m\u00e4 palvelu on t\u00e4ll\u00e4 hetkell\u00e4 saatavilla vain Tarton ja Harjun maakunnissa. Muiden alueiden osalta voidaan sopia erikseen.<\/li>\n<li><strong>Sohvan toimitus ovelle Tarton ja Harjun maakunnissa:<\/strong> 59\u20ac. Sis\u00e4lt\u00e4\u00e4 toimituksen ovelle, mutta ei sis\u00e4ll\u00e4 asennusta tai huoneeseen toimitusta. Muiden alueiden osalta voidaan sopia erikseen.<\/li>\n<li><strong>Nouda tilauksesi itse per\u00e4k\u00e4rryll\u00e4mme:<\/strong> 0\u20ac. T\u00e4m\u00e4 vaihtoehto on saatavilla vain Tarton maakunnassa. N\u00e4yttelytilamme osoite: Riia 142<\/li>\n<li><strong>Tilauksen nouto suoraan tehtaalta:<\/strong> 0\u20ac. Ilmoitathan etuk\u00e4teen, milt\u00e4 tehtaalta haluat tuotteen noutaa.<\/li>\n<\/ul>\n<p>Tehtaiden osoitteet:<\/p>\n<p>J\u00f5gevan tehtaan osoite: Rassi tee 9, V\u00e4gari kyl\u00e4, P\u00f5ltsamaan kunta, 48222<br \/>\nPaliveren tehtaan osoite: Allikmaa, L\u00e4\u00e4nemaa, 90811<\/p>\n","protected":false},"excerpt":{"rendered":"<p>Kaikki toimitushinnat koskevat yht\u00e4 tuotetta. Jos tilaat useamman tuotteen, pyyd\u00e4mme ottamaan meihin yhteytt\u00e4, jolloin kuljetuskustannus sovitaan erikseen. Tarton ja Harjun maakuntien ulkopuolella hintaan sovitaan tapauskohtaisesti.<\/p>\n<ul>\n<li><strong>1 sohvan toimitus huoneeseen + asennus ja pakkausten poisto:<\/strong> 129\u20ac. T\u00e4m\u00e4 palvelu on t\u00e4ll\u00e4 hetkell\u00e4 saatavilla vain Tarton ja Harjun maakunnissa. Muiden alueiden osalta voidaan sopia erikseen.<\/li>\n<li><strong>Sohvan tilaus kotiinkuljetuksella huoneeseen:<\/strong> 99\u20ac. Toimitus enint\u00e4\u00e4n viidenteen kerrokseen. Ei sis\u00e4ll\u00e4 asennusta tai pakkausten poistoa. T\u00e4m\u00e4 palvelu on t\u00e4ll\u00e4 hetkell\u00e4 saatavilla vain Tarton ja Harjun maakunnissa. Muiden alueiden osalta voidaan sopia erikseen.<\/li>\n<li><strong>Sohvan toimitus ovelle Tarton ja Harjun maakunnissa:<\/strong> 59\u20ac. Sis\u00e4lt\u00e4\u00e4 toimituksen ovelle, mutta ei sis\u00e4ll\u00e4 asennusta tai huoneeseen toimitusta. Muiden alueiden osalta voidaan sopia erikseen.<\/li>\n<li><strong>Nouda tilauksesi itse per\u00e4k\u00e4rryll\u00e4mme:<\/strong> 0\u20ac. T\u00e4m\u00e4 vaihtoehto on saatavilla vain Tarton maakunnassa. N\u00e4yttelytilamme osoite: Riia 142<\/li>\n<li><strong>Tilauksen nouto suoraan tehtaalta:<\/strong> 0\u20ac. Ilmoitathan etuk\u00e4teen, milt\u00e4 tehtaalta haluat tuotteen noutaa.<\/li>\n<\/ul>\n<p>Tehtaiden osoitteet:<\/p>\n<p>J\u00f5gevan tehtaan osoite: Rassi tee 9, V\u00e4gari kyl\u00e4, P\u00f5ltsamaan kunta, 48222<br \/>\nPaliveren tehtaan osoite: Allikmaa, L\u00e4\u00e4nemaa, 90811<\/p>\n","protected":false},"featured_media":56468,"template":"","meta":{"_acf_changed":false},"wpc-attribute-group":[],"product_brand":[],"product_cat":[2233,2234],"product_tag":[],"class_list":{"0":"post-56402","1":"product","2":"type-product","3":"status-publish","4":"has-post-thumbnail","6":"product_cat-olohuone","7":"product_cat-vuodesohvat","8":"pa_e-poe-kangavalik-hygge-37-fi","9":"pa_e-poe-kangavalik-hygge-90-fi","10":"pa_e-poe-kangavalik-hygge-96-fi","11":"pa_e-poe-kangavalik-hygge-97-fi","13":"first","14":"instock","15":"taxable","16":"shipping-taxable","17":"purchasable","18":"product-type-variable","19":"add-to-wishlist-after_add_to_cart"},"acf":[],"yoast_head":"<!-- This site is optimized with the Yoast SEO plugin v26.1 - https:\/\/yoast.com\/wordpress\/plugins\/seo\/ -->\n<title>Casa - Bellfire<\/title>\n<meta name=\"robots\" content=\"index, follow, max-snippet:-1, max-image-preview:large, max-video-preview:-1\" \/>\n<link rel=\"canonical\" href=\"https:\/\/bellfire.ee\/fi\/olohuone\/vuodesohvat\/casa-kopeeri\/\" \/>\n<meta property=\"og:locale\" content=\"fi_FI\" \/>\n<meta property=\"og:type\" content=\"article\" \/>\n<meta property=\"og:title\" content=\"Casa - Bellfire\" \/>\n<meta property=\"og:description\" content=\"Kaikki toimitushinnat koskevat yht\u00e4 tuotetta. Jos tilaat useamman tuotteen, pyyd\u00e4mme ottamaan meihin yhteytt\u00e4, jolloin kuljetuskustannus sovitaan erikseen. Tarton ja Harjun maakuntien ulkopuolella hintaan sovitaan tapauskohtaisesti.   1 sohvan toimitus huoneeseen + asennus ja pakkausten poisto: 129\u20ac. T\u00e4m\u00e4 palvelu on t\u00e4ll\u00e4 hetkell\u00e4 saatavilla vain Tarton ja Harjun maakunnissa. Muiden alueiden osalta voidaan sopia erikseen.  Sohvan tilaus kotiinkuljetuksella huoneeseen: 99\u20ac. Toimitus enint\u00e4\u00e4n viidenteen kerrokseen. Ei sis\u00e4ll\u00e4 asennusta tai pakkausten poistoa. T\u00e4m\u00e4 palvelu on t\u00e4ll\u00e4 hetkell\u00e4 saatavilla vain Tarton ja Harjun maakunnissa. Muiden alueiden osalta voidaan sopia erikseen.  Sohvan toimitus ovelle Tarton ja Harjun maakunnissa: 59\u20ac. Sis\u00e4lt\u00e4\u00e4 toimituksen ovelle, mutta ei sis\u00e4ll\u00e4 asennusta tai huoneeseen toimitusta. Muiden alueiden osalta voidaan sopia erikseen.  Nouda tilauksesi itse per\u00e4k\u00e4rryll\u00e4mme: 0\u20ac. T\u00e4m\u00e4 vaihtoehto on saatavilla vain Tarton maakunnassa. N\u00e4yttelytilamme osoite: Riia 142  Tilauksen nouto suoraan tehtaalta: 0\u20ac. Ilmoitathan etuk\u00e4teen, milt\u00e4 tehtaalta haluat tuotteen noutaa.  Tehtaiden osoitteet:  J\u00f5gevan tehtaan osoite: Rassi tee 9, V\u00e4gari kyl\u00e4, P\u00f5ltsamaan kunta, 48222 Paliveren tehtaan osoite: Allikmaa, L\u00e4\u00e4nemaa, 90811\" \/>\n<meta property=\"og:url\" content=\"https:\/\/bellfire.ee\/fi\/olohuone\/vuodesohvat\/casa-kopeeri\/\" \/>\n<meta property=\"og:site_name\" content=\"Bellfire\" \/>\n<meta property=\"article:modified_time\" content=\"2025-03-17T08:38:35+00:00\" \/>\n<meta property=\"og:image\" content=\"https:\/\/bellfire.ee\/wp-content\/uploads\/2025\/01\/Casa_25_City_61.jpg\" \/>\n\t<meta property=\"og:image:width\" content=\"1920\" \/>\n\t<meta property=\"og:image:height\" content=\"1080\" \/>\n\t<meta property=\"og:image:type\" content=\"image\/jpeg\" \/>\n<meta name=\"twitter:card\" content=\"summary_large_image\" \/>\n<meta name=\"twitter:label1\" content=\"Arvioitu lukuaika\" \/>\n\t<meta name=\"twitter:data1\" content=\"1 minuutti\" \/>\n<script type=\"application\/ld+json\" class=\"yoast-schema-graph\">{\"@context\":\"https:\/\/schema.org\",\"@graph\":[{\"@type\":\"WebPage\",\"@id\":\"https:\/\/bellfire.ee\/fi\/olohuone\/vuodesohvat\/casa-kopeeri\/\",\"url\":\"https:\/\/bellfire.ee\/fi\/olohuone\/vuodesohvat\/casa-kopeeri\/\",\"name\":\"Casa - Bellfire\",\"isPartOf\":{\"@id\":\"https:\/\/bellfire.ee\/fi\/#website\"},\"primaryImageOfPage\":{\"@id\":\"https:\/\/bellfire.ee\/fi\/olohuone\/vuodesohvat\/casa-kopeeri\/#primaryimage\"},\"image\":{\"@id\":\"https:\/\/bellfire.ee\/fi\/olohuone\/vuodesohvat\/casa-kopeeri\/#primaryimage\"},\"thumbnailUrl\":\"https:\/\/bellfire.ee\/wp-content\/uploads\/2025\/01\/Casa_25_City_61.jpg\",\"datePublished\":\"2025-01-24T08:13:24+00:00\",\"dateModified\":\"2025-03-17T08:38:35+00:00\",\"breadcrumb\":{\"@id\":\"https:\/\/bellfire.ee\/fi\/olohuone\/vuodesohvat\/casa-kopeeri\/#breadcrumb\"},\"inLanguage\":\"fi\",\"potentialAction\":[{\"@type\":\"ReadAction\",\"target\":[\"https:\/\/bellfire.ee\/fi\/olohuone\/vuodesohvat\/casa-kopeeri\/\"]}]},{\"@type\":\"ImageObject\",\"inLanguage\":\"fi\",\"@id\":\"https:\/\/bellfire.ee\/fi\/olohuone\/vuodesohvat\/casa-kopeeri\/#primaryimage\",\"url\":\"https:\/\/bellfire.ee\/wp-content\/uploads\/2025\/01\/Casa_25_City_61.jpg\",\"contentUrl\":\"https:\/\/bellfire.ee\/wp-content\/uploads\/2025\/01\/Casa_25_City_61.jpg\",\"width\":1920,\"height\":1080},{\"@type\":\"BreadcrumbList\",\"@id\":\"https:\/\/bellfire.ee\/fi\/olohuone\/vuodesohvat\/casa-kopeeri\/#breadcrumb\",\"itemListElement\":[{\"@type\":\"ListItem\",\"position\":1,\"name\":\"Avaleht\",\"item\":\"https:\/\/bellfire.ee\/fi\/\"},{\"@type\":\"ListItem\",\"position\":2,\"name\":\"Huonekalut\",\"item\":\"https:\/\/bellfire.ee\/fi\/huonekalut\/\"},{\"@type\":\"ListItem\",\"position\":3,\"name\":\"Casa\"}]},{\"@type\":\"WebSite\",\"@id\":\"https:\/\/bellfire.ee\/fi\/#website\",\"url\":\"https:\/\/bellfire.ee\/fi\/\",\"name\":\"Bellfire\",\"description\":\"Disainm\u00f6\u00f6bel Sinu koju Eesti pehme m\u00f6\u00f6bli tootjal\",\"publisher\":{\"@id\":\"https:\/\/bellfire.ee\/fi\/#organization\"},\"potentialAction\":[{\"@type\":\"SearchAction\",\"target\":{\"@type\":\"EntryPoint\",\"urlTemplate\":\"https:\/\/bellfire.ee\/fi\/?s={search_term_string}\"},\"query-input\":{\"@type\":\"PropertyValueSpecification\",\"valueRequired\":true,\"valueName\":\"search_term_string\"}}],\"inLanguage\":\"fi\"},{\"@type\":\"Organization\",\"@id\":\"https:\/\/bellfire.ee\/fi\/#organization\",\"name\":\"Bellfire\",\"url\":\"https:\/\/bellfire.ee\/fi\/\",\"logo\":{\"@type\":\"ImageObject\",\"inLanguage\":\"fi\",\"@id\":\"https:\/\/bellfire.ee\/fi\/#\/schema\/logo\/image\/\",\"url\":\"https:\/\/bellfire.ee\/wp-content\/uploads\/2024\/10\/Site-logo.svg\",\"contentUrl\":\"https:\/\/bellfire.ee\/wp-content\/uploads\/2024\/10\/Site-logo.svg\",\"width\":55,\"height\":64,\"caption\":\"Bellfire\"},\"image\":{\"@id\":\"https:\/\/bellfire.ee\/fi\/#\/schema\/logo\/image\/\"}}]}<\/script>\n<!-- \/ Yoast SEO plugin. -->","yoast_head_json":{"title":"Casa - Bellfire","robots":{"index":"index","follow":"follow","max-snippet":"max-snippet:-1","max-image-preview":"max-image-preview:large","max-video-preview":"max-video-preview:-1"},"canonical":"https:\/\/bellfire.ee\/fi\/olohuone\/vuodesohvat\/casa-kopeeri\/","og_locale":"fi_FI","og_type":"article","og_title":"Casa - Bellfire","og_description":"Kaikki toimitushinnat koskevat yht\u00e4 tuotetta. Jos tilaat useamman tuotteen, pyyd\u00e4mme ottamaan meihin yhteytt\u00e4, jolloin kuljetuskustannus sovitaan erikseen. Tarton ja Harjun maakuntien ulkopuolella hintaan sovitaan tapauskohtaisesti.   1 sohvan toimitus huoneeseen + asennus ja pakkausten poisto: 129\u20ac. T\u00e4m\u00e4 palvelu on t\u00e4ll\u00e4 hetkell\u00e4 saatavilla vain Tarton ja Harjun maakunnissa. Muiden alueiden osalta voidaan sopia erikseen.  Sohvan tilaus kotiinkuljetuksella huoneeseen: 99\u20ac. Toimitus enint\u00e4\u00e4n viidenteen kerrokseen. Ei sis\u00e4ll\u00e4 asennusta tai pakkausten poistoa. T\u00e4m\u00e4 palvelu on t\u00e4ll\u00e4 hetkell\u00e4 saatavilla vain Tarton ja Harjun maakunnissa. Muiden alueiden osalta voidaan sopia erikseen.  Sohvan toimitus ovelle Tarton ja Harjun maakunnissa: 59\u20ac. Sis\u00e4lt\u00e4\u00e4 toimituksen ovelle, mutta ei sis\u00e4ll\u00e4 asennusta tai huoneeseen toimitusta. Muiden alueiden osalta voidaan sopia erikseen.  Nouda tilauksesi itse per\u00e4k\u00e4rryll\u00e4mme: 0\u20ac. T\u00e4m\u00e4 vaihtoehto on saatavilla vain Tarton maakunnassa. N\u00e4yttelytilamme osoite: Riia 142  Tilauksen nouto suoraan tehtaalta: 0\u20ac. Ilmoitathan etuk\u00e4teen, milt\u00e4 tehtaalta haluat tuotteen noutaa.  Tehtaiden osoitteet:  J\u00f5gevan tehtaan osoite: Rassi tee 9, V\u00e4gari kyl\u00e4, P\u00f5ltsamaan kunta, 48222 Paliveren tehtaan osoite: Allikmaa, L\u00e4\u00e4nemaa, 90811","og_url":"https:\/\/bellfire.ee\/fi\/olohuone\/vuodesohvat\/casa-kopeeri\/","og_site_name":"Bellfire","article_modified_time":"2025-03-17T08:38:35+00:00","og_image":[{"width":1920,"height":1080,"url":"https:\/\/bellfire.ee\/wp-content\/uploads\/2025\/01\/Casa_25_City_61.jpg","type":"image\/jpeg"}],"twitter_card":"summary_large_image","twitter_misc":{"Arvioitu lukuaika":"1 minuutti"},"schema":{"@context":"https:\/\/schema.org","@graph":[{"@type":"WebPage","@id":"https:\/\/bellfire.ee\/fi\/olohuone\/vuodesohvat\/casa-kopeeri\/","url":"https:\/\/bellfire.ee\/fi\/olohuone\/vuodesohvat\/casa-kopeeri\/","name":"Casa - Bellfire","isPartOf":{"@id":"https:\/\/bellfire.ee\/fi\/#website"},"primaryImageOfPage":{"@id":"https:\/\/bellfire.ee\/fi\/olohuone\/vuodesohvat\/casa-kopeeri\/#primaryimage"},"image":{"@id":"https:\/\/bellfire.ee\/fi\/olohuone\/vuodesohvat\/casa-kopeeri\/#primaryimage"},"thumbnailUrl":"https:\/\/bellfire.ee\/wp-content\/uploads\/2025\/01\/Casa_25_City_61.jpg","datePublished":"2025-01-24T08:13:24+00:00","dateModified":"2025-03-17T08:38:35+00:00","breadcrumb":{"@id":"https:\/\/bellfire.ee\/fi\/olohuone\/vuodesohvat\/casa-kopeeri\/#breadcrumb"},"inLanguage":"fi","potentialAction":[{"@type":"ReadAction","target":["https:\/\/bellfire.ee\/fi\/olohuone\/vuodesohvat\/casa-kopeeri\/"]}]},{"@type":"ImageObject","inLanguage":"fi","@id":"https:\/\/bellfire.ee\/fi\/olohuone\/vuodesohvat\/casa-kopeeri\/#primaryimage","url":"https:\/\/bellfire.ee\/wp-content\/uploads\/2025\/01\/Casa_25_City_61.jpg","contentUrl":"https:\/\/bellfire.ee\/wp-content\/uploads\/2025\/01\/Casa_25_City_61.jpg","width":1920,"height":1080},{"@type":"BreadcrumbList","@id":"https:\/\/bellfire.ee\/fi\/olohuone\/vuodesohvat\/casa-kopeeri\/#breadcrumb","itemListElement":[{"@type":"ListItem","position":1,"name":"Avaleht","item":"https:\/\/bellfire.ee\/fi\/"},{"@type":"ListItem","position":2,"name":"Huonekalut","item":"https:\/\/bellfire.ee\/fi\/huonekalut\/"},{"@type":"ListItem","position":3,"name":"Casa"}]},{"@type":"WebSite","@id":"https:\/\/bellfire.ee\/fi\/#website","url":"https:\/\/bellfire.ee\/fi\/","name":"Bellfire","description":"Disainm\u00f6\u00f6bel Sinu koju Eesti pehme m\u00f6\u00f6bli tootjal","publisher":{"@id":"https:\/\/bellfire.ee\/fi\/#organization"},"potentialAction":[{"@type":"SearchAction","target":{"@type":"EntryPoint","urlTemplate":"https:\/\/bellfire.ee\/fi\/?s={search_term_string}"},"query-input":{"@type":"PropertyValueSpecification","valueRequired":true,"valueName":"search_term_string"}}],"inLanguage":"fi"},{"@type":"Organization","@id":"https:\/\/bellfire.ee\/fi\/#organization","name":"Bellfire","url":"https:\/\/bellfire.ee\/fi\/","logo":{"@type":"ImageObject","inLanguage":"fi","@id":"https:\/\/bellfire.ee\/fi\/#\/schema\/logo\/image\/","url":"https:\/\/bellfire.ee\/wp-content\/uploads\/2024\/10\/Site-logo.svg","contentUrl":"https:\/\/bellfire.ee\/wp-content\/uploads\/2024\/10\/Site-logo.svg","width":55,"height":64,"caption":"Bellfire"},"image":{"@id":"https:\/\/bellfire.ee\/fi\/#\/schema\/logo\/image\/"}}]}},"_links":{"self":[{"href":"https:\/\/bellfire.ee\/fi\/wp-json\/wp\/v2\/product\/56402","targetHints":{"allow":["GET"]}}],"collection":[{"href":"https:\/\/bellfire.ee\/fi\/wp-json\/wp\/v2\/product"}],"about":[{"href":"https:\/\/bellfire.ee\/fi\/wp-json\/wp\/v2\/types\/product"}],"wp:featuredmedia":[{"embeddable":true,"href":"https:\/\/bellfire.ee\/fi\/wp-json\/wp\/v2\/media\/56468"}],"wp:attachment":[{"href":"https:\/\/bellfire.ee\/fi\/wp-json\/wp\/v2\/media?parent=56402"}],"wp:term":[{"taxonomy":"wpc-attribute-group","embeddable":true,"href":"https:\/\/bellfire.ee\/fi\/wp-json\/wp\/v2\/wpc-attribute-group?post=56402"},{"taxonomy":"product_brand","embeddable":true,"href":"https:\/\/bellfire.ee\/fi\/wp-json\/wp\/v2\/product_brand?post=56402"},{"taxonomy":"product_cat","embeddable":true,"href":"https:\/\/bellfire.ee\/fi\/wp-json\/wp\/v2\/product_cat?post=56402"},{"taxonomy":"product_tag","embeddable":true,"href":"https:\/\/bellfire.ee\/fi\/wp-json\/wp\/v2\/product_tag?post=56402"}],"curies":[{"name":"wp","href":"https:\/\/api.w.org\/{rel}","templated":true}]}}