{"id":54265,"date":"2019-04-08T10:49:22","date_gmt":"2019-04-08T08:49:22","guid":{"rendered":"https:\/\/bellfire.ee\/Ei-luokiteltu\/plaza-2\/"},"modified":"2026-04-13T14:58:11","modified_gmt":"2026-04-13T12:58:11","slug":"plaza-01","status":"publish","type":"product","link":"https:\/\/bellfire.ee\/fi\/olohuone\/sohvat\/plaza-01\/","title":{"rendered":"Plaza"},"content":{"rendered":"<p><strong>Plaza<\/strong>-sohva yhdist\u00e4\u00e4 kaikki sohvan parhaat ominaisuudet. Sen kaunis muotoilu, h\u00f6yhenpehme\u00e4t tyynyt, modernit k\u00e4sinojat ja vieh\u00e4tt\u00e4v\u00e4t jalat vangitsevat katseet alkuper\u00e4isell\u00e4 ulkon\u00e4\u00f6ll\u00e4\u00e4n ja kutsuvat istumaan. <strong>Plaza<\/strong> on uskomattoman pehme\u00e4 ja ilmava. Tyynyt, jotka on t\u00e4ytetty ankansulilla ja vaahtomuovilla, hell\u00e4sti ymp\u00e4r\u00f6iv\u00e4t istujaa, luoden vahvan halun j\u00e4\u00e4d\u00e4.<\/p>\n<p>Saatavilla on laaja valikoima korkealaatuisia verhoilukankaita. K\u00e4sinojat ovat 23 cm leve\u00e4t, ja leve\u00e4t, neli\u00f6nmuotoiset k\u00e4sinojat ovat k\u00e4yt\u00e4nn\u00f6llisi\u00e4, t\u00e4ydellisi\u00e4 kirjan tai kahvikupin laskemiseen. Lis\u00e4mukavuutta varten voit my\u00f6s tilata yhteensopivat p\u00e4\u00e4nuolat ja s\u00e4hk\u00f6isen jalkatuen sohvaan.<\/p>\n<p>Koko kangasvalikoiman voit tutustua showroomissamme osoitteessa Riia 142, Tartu.<\/p>\n<p>Huomaa, ett\u00e4 todellinen v\u00e4ri saattaa poiketa n\u00e4yt\u00f6ll\u00e4 n\u00e4kyv\u00e4st\u00e4. Suosittelemme tarkistamaan v\u00e4rit showroomissamme.<\/p>\n","protected":false},"excerpt":{"rendered":"<p><strong>Plaza<\/strong>-sohva yhdist\u00e4\u00e4 kaikki sohvan parhaat ominaisuudet. Sen kaunis muotoilu, h\u00f6yhenpehme\u00e4t tyynyt, modernit k\u00e4sinojat ja vieh\u00e4tt\u00e4v\u00e4t jalat vangitsevat katseet alkuper\u00e4isell\u00e4 ulkon\u00e4\u00f6ll\u00e4\u00e4n ja kutsuvat istumaan. <strong>Plaza<\/strong> on uskomattoman pehme\u00e4 ja ilmava. Tyynyt, jotka on t\u00e4ytetty ankansulilla ja vaahtomuovilla, hell\u00e4sti ymp\u00e4r\u00f6iv\u00e4t istujaa, luoden vahvan halun j\u00e4\u00e4d\u00e4.<\/p>\n<p>Saatavilla on laaja valikoima korkealaatuisia verhoilukankaita. K\u00e4sinojat ovat 23 cm leve\u00e4t, ja leve\u00e4t, neli\u00f6nmuotoiset k\u00e4sinojat ovat k\u00e4yt\u00e4nn\u00f6llisi\u00e4, t\u00e4ydellisi\u00e4 kirjan tai kahvikupin laskemiseen. Lis\u00e4mukavuutta varten voit my\u00f6s tilata yhteensopivat p\u00e4\u00e4nuolat ja s\u00e4hk\u00f6isen jalkatuen sohvaan.<\/p>\n<p>Koko kangasvalikoiman voit tutustua showroomissamme osoitteessa Spektri 6, Tartu.<\/p>\n<p>Huomaa, ett\u00e4 todellinen v\u00e4ri saattaa poiketa n\u00e4yt\u00f6ll\u00e4 n\u00e4kyv\u00e4st\u00e4. Suosittelemme tarkistamaan v\u00e4rit showroomissamme.<\/p>\n","protected":false},"featured_media":50561,"template":"","meta":{"_acf_changed":false},"wpc-attribute-group":[],"product_brand":[],"product_cat":[2235],"product_tag":[],"class_list":{"0":"post-54265","1":"product","2":"type-product","3":"status-publish","4":"has-post-thumbnail","6":"product_cat-sohvat","8":"first","9":"instock","10":"taxable","11":"shipping-taxable","12":"purchasable","13":"product-type-variable","14":"add-to-wishlist-after_add_to_cart"},"acf":[],"yoast_head":"<!-- This site is optimized with the Yoast SEO plugin v26.1 - https:\/\/yoast.com\/wordpress\/plugins\/seo\/ -->\n<title>Plaza - Bellfire<\/title>\n<meta name=\"robots\" content=\"index, follow, max-snippet:-1, max-image-preview:large, max-video-preview:-1\" \/>\n<link rel=\"canonical\" href=\"https:\/\/bellfire.ee\/fi\/olohuone\/sohvat\/plaza-01\/\" \/>\n<meta property=\"og:locale\" content=\"fi_FI\" \/>\n<meta property=\"og:type\" content=\"article\" \/>\n<meta property=\"og:title\" content=\"Plaza - Bellfire\" \/>\n<meta property=\"og:description\" content=\"Plaza-sohva yhdist\u00e4\u00e4 kaikki sohvan parhaat ominaisuudet. Sen kaunis muotoilu, h\u00f6yhenpehme\u00e4t tyynyt, modernit k\u00e4sinojat ja vieh\u00e4tt\u00e4v\u00e4t jalat vangitsevat katseet alkuper\u00e4isell\u00e4 ulkon\u00e4\u00f6ll\u00e4\u00e4n ja kutsuvat istumaan. Plaza on uskomattoman pehme\u00e4 ja ilmava. Tyynyt, jotka on t\u00e4ytetty ankansulilla ja vaahtomuovilla, hell\u00e4sti ymp\u00e4r\u00f6iv\u00e4t istujaa, luoden vahvan halun j\u00e4\u00e4d\u00e4.  Saatavilla on laaja valikoima korkealaatuisia verhoilukankaita. K\u00e4sinojat ovat 23 cm leve\u00e4t, ja leve\u00e4t, neli\u00f6nmuotoiset k\u00e4sinojat ovat k\u00e4yt\u00e4nn\u00f6llisi\u00e4, t\u00e4ydellisi\u00e4 kirjan tai kahvikupin laskemiseen. Lis\u00e4mukavuutta varten voit my\u00f6s tilata yhteensopivat p\u00e4\u00e4nuolat ja s\u00e4hk\u00f6isen jalkatuen sohvaan.  Koko kangasvalikoiman voit tutustua showroomissamme osoitteessa Spektri 6, Tartu.  Huomaa, ett\u00e4 todellinen v\u00e4ri saattaa poiketa n\u00e4yt\u00f6ll\u00e4 n\u00e4kyv\u00e4st\u00e4. Suosittelemme tarkistamaan v\u00e4rit showroomissamme.\" \/>\n<meta property=\"og:url\" content=\"https:\/\/bellfire.ee\/fi\/olohuone\/sohvat\/plaza-01\/\" \/>\n<meta property=\"og:site_name\" content=\"Bellfire\" \/>\n<meta property=\"article:modified_time\" content=\"2026-04-13T12:58:11+00:00\" \/>\n<meta property=\"og:image\" content=\"https:\/\/bellfire.ee\/wp-content\/uploads\/2019\/04\/plaza-ikoon.jpg\" \/>\n\t<meta property=\"og:image:width\" content=\"1280\" \/>\n\t<meta property=\"og:image:height\" content=\"800\" \/>\n\t<meta property=\"og:image:type\" content=\"image\/jpeg\" \/>\n<meta name=\"twitter:card\" content=\"summary_large_image\" \/>\n<meta name=\"twitter:label1\" content=\"Arvioitu lukuaika\" \/>\n\t<meta name=\"twitter:data1\" content=\"1 minuutti\" \/>\n<script type=\"application\/ld+json\" class=\"yoast-schema-graph\">{\"@context\":\"https:\/\/schema.org\",\"@graph\":[{\"@type\":\"WebPage\",\"@id\":\"https:\/\/bellfire.ee\/fi\/olohuone\/sohvat\/plaza-01\/\",\"url\":\"https:\/\/bellfire.ee\/fi\/olohuone\/sohvat\/plaza-01\/\",\"name\":\"Plaza - Bellfire\",\"isPartOf\":{\"@id\":\"https:\/\/bellfire.ee\/fi\/#website\"},\"primaryImageOfPage\":{\"@id\":\"https:\/\/bellfire.ee\/fi\/olohuone\/sohvat\/plaza-01\/#primaryimage\"},\"image\":{\"@id\":\"https:\/\/bellfire.ee\/fi\/olohuone\/sohvat\/plaza-01\/#primaryimage\"},\"thumbnailUrl\":\"https:\/\/bellfire.ee\/wp-content\/uploads\/2019\/04\/plaza-ikoon.jpg\",\"datePublished\":\"2019-04-08T08:49:22+00:00\",\"dateModified\":\"2026-04-13T12:58:11+00:00\",\"breadcrumb\":{\"@id\":\"https:\/\/bellfire.ee\/fi\/olohuone\/sohvat\/plaza-01\/#breadcrumb\"},\"inLanguage\":\"fi\",\"potentialAction\":[{\"@type\":\"ReadAction\",\"target\":[\"https:\/\/bellfire.ee\/fi\/olohuone\/sohvat\/plaza-01\/\"]}]},{\"@type\":\"ImageObject\",\"inLanguage\":\"fi\",\"@id\":\"https:\/\/bellfire.ee\/fi\/olohuone\/sohvat\/plaza-01\/#primaryimage\",\"url\":\"https:\/\/bellfire.ee\/wp-content\/uploads\/2019\/04\/plaza-ikoon.jpg\",\"contentUrl\":\"https:\/\/bellfire.ee\/wp-content\/uploads\/2019\/04\/plaza-ikoon.jpg\",\"width\":1280,\"height\":800},{\"@type\":\"BreadcrumbList\",\"@id\":\"https:\/\/bellfire.ee\/fi\/olohuone\/sohvat\/plaza-01\/#breadcrumb\",\"itemListElement\":[{\"@type\":\"ListItem\",\"position\":1,\"name\":\"Avaleht\",\"item\":\"https:\/\/bellfire.ee\/fi\/\"},{\"@type\":\"ListItem\",\"position\":2,\"name\":\"Huonekalut\",\"item\":\"https:\/\/bellfire.ee\/fi\/huonekalut\/\"},{\"@type\":\"ListItem\",\"position\":3,\"name\":\"Plaza\"}]},{\"@type\":\"WebSite\",\"@id\":\"https:\/\/bellfire.ee\/fi\/#website\",\"url\":\"https:\/\/bellfire.ee\/fi\/\",\"name\":\"Bellfire\",\"description\":\"Disainm\u00f6\u00f6bel Sinu koju Eesti pehme m\u00f6\u00f6bli tootjal\",\"publisher\":{\"@id\":\"https:\/\/bellfire.ee\/fi\/#organization\"},\"potentialAction\":[{\"@type\":\"SearchAction\",\"target\":{\"@type\":\"EntryPoint\",\"urlTemplate\":\"https:\/\/bellfire.ee\/fi\/?s={search_term_string}\"},\"query-input\":{\"@type\":\"PropertyValueSpecification\",\"valueRequired\":true,\"valueName\":\"search_term_string\"}}],\"inLanguage\":\"fi\"},{\"@type\":\"Organization\",\"@id\":\"https:\/\/bellfire.ee\/fi\/#organization\",\"name\":\"Bellfire\",\"url\":\"https:\/\/bellfire.ee\/fi\/\",\"logo\":{\"@type\":\"ImageObject\",\"inLanguage\":\"fi\",\"@id\":\"https:\/\/bellfire.ee\/fi\/#\/schema\/logo\/image\/\",\"url\":\"https:\/\/bellfire.ee\/wp-content\/uploads\/2024\/10\/Site-logo.svg\",\"contentUrl\":\"https:\/\/bellfire.ee\/wp-content\/uploads\/2024\/10\/Site-logo.svg\",\"width\":55,\"height\":64,\"caption\":\"Bellfire\"},\"image\":{\"@id\":\"https:\/\/bellfire.ee\/fi\/#\/schema\/logo\/image\/\"}}]}<\/script>\n<!-- \/ Yoast SEO plugin. -->","yoast_head_json":{"title":"Plaza - Bellfire","robots":{"index":"index","follow":"follow","max-snippet":"max-snippet:-1","max-image-preview":"max-image-preview:large","max-video-preview":"max-video-preview:-1"},"canonical":"https:\/\/bellfire.ee\/fi\/olohuone\/sohvat\/plaza-01\/","og_locale":"fi_FI","og_type":"article","og_title":"Plaza - Bellfire","og_description":"Plaza-sohva yhdist\u00e4\u00e4 kaikki sohvan parhaat ominaisuudet. Sen kaunis muotoilu, h\u00f6yhenpehme\u00e4t tyynyt, modernit k\u00e4sinojat ja vieh\u00e4tt\u00e4v\u00e4t jalat vangitsevat katseet alkuper\u00e4isell\u00e4 ulkon\u00e4\u00f6ll\u00e4\u00e4n ja kutsuvat istumaan. Plaza on uskomattoman pehme\u00e4 ja ilmava. Tyynyt, jotka on t\u00e4ytetty ankansulilla ja vaahtomuovilla, hell\u00e4sti ymp\u00e4r\u00f6iv\u00e4t istujaa, luoden vahvan halun j\u00e4\u00e4d\u00e4.  Saatavilla on laaja valikoima korkealaatuisia verhoilukankaita. K\u00e4sinojat ovat 23 cm leve\u00e4t, ja leve\u00e4t, neli\u00f6nmuotoiset k\u00e4sinojat ovat k\u00e4yt\u00e4nn\u00f6llisi\u00e4, t\u00e4ydellisi\u00e4 kirjan tai kahvikupin laskemiseen. Lis\u00e4mukavuutta varten voit my\u00f6s tilata yhteensopivat p\u00e4\u00e4nuolat ja s\u00e4hk\u00f6isen jalkatuen sohvaan.  Koko kangasvalikoiman voit tutustua showroomissamme osoitteessa Spektri 6, Tartu.  Huomaa, ett\u00e4 todellinen v\u00e4ri saattaa poiketa n\u00e4yt\u00f6ll\u00e4 n\u00e4kyv\u00e4st\u00e4. Suosittelemme tarkistamaan v\u00e4rit showroomissamme.","og_url":"https:\/\/bellfire.ee\/fi\/olohuone\/sohvat\/plaza-01\/","og_site_name":"Bellfire","article_modified_time":"2026-04-13T12:58:11+00:00","og_image":[{"width":1280,"height":800,"url":"https:\/\/bellfire.ee\/wp-content\/uploads\/2019\/04\/plaza-ikoon.jpg","type":"image\/jpeg"}],"twitter_card":"summary_large_image","twitter_misc":{"Arvioitu lukuaika":"1 minuutti"},"schema":{"@context":"https:\/\/schema.org","@graph":[{"@type":"WebPage","@id":"https:\/\/bellfire.ee\/fi\/olohuone\/sohvat\/plaza-01\/","url":"https:\/\/bellfire.ee\/fi\/olohuone\/sohvat\/plaza-01\/","name":"Plaza - Bellfire","isPartOf":{"@id":"https:\/\/bellfire.ee\/fi\/#website"},"primaryImageOfPage":{"@id":"https:\/\/bellfire.ee\/fi\/olohuone\/sohvat\/plaza-01\/#primaryimage"},"image":{"@id":"https:\/\/bellfire.ee\/fi\/olohuone\/sohvat\/plaza-01\/#primaryimage"},"thumbnailUrl":"https:\/\/bellfire.ee\/wp-content\/uploads\/2019\/04\/plaza-ikoon.jpg","datePublished":"2019-04-08T08:49:22+00:00","dateModified":"2026-04-13T12:58:11+00:00","breadcrumb":{"@id":"https:\/\/bellfire.ee\/fi\/olohuone\/sohvat\/plaza-01\/#breadcrumb"},"inLanguage":"fi","potentialAction":[{"@type":"ReadAction","target":["https:\/\/bellfire.ee\/fi\/olohuone\/sohvat\/plaza-01\/"]}]},{"@type":"ImageObject","inLanguage":"fi","@id":"https:\/\/bellfire.ee\/fi\/olohuone\/sohvat\/plaza-01\/#primaryimage","url":"https:\/\/bellfire.ee\/wp-content\/uploads\/2019\/04\/plaza-ikoon.jpg","contentUrl":"https:\/\/bellfire.ee\/wp-content\/uploads\/2019\/04\/plaza-ikoon.jpg","width":1280,"height":800},{"@type":"BreadcrumbList","@id":"https:\/\/bellfire.ee\/fi\/olohuone\/sohvat\/plaza-01\/#breadcrumb","itemListElement":[{"@type":"ListItem","position":1,"name":"Avaleht","item":"https:\/\/bellfire.ee\/fi\/"},{"@type":"ListItem","position":2,"name":"Huonekalut","item":"https:\/\/bellfire.ee\/fi\/huonekalut\/"},{"@type":"ListItem","position":3,"name":"Plaza"}]},{"@type":"WebSite","@id":"https:\/\/bellfire.ee\/fi\/#website","url":"https:\/\/bellfire.ee\/fi\/","name":"Bellfire","description":"Disainm\u00f6\u00f6bel Sinu koju Eesti pehme m\u00f6\u00f6bli tootjal","publisher":{"@id":"https:\/\/bellfire.ee\/fi\/#organization"},"potentialAction":[{"@type":"SearchAction","target":{"@type":"EntryPoint","urlTemplate":"https:\/\/bellfire.ee\/fi\/?s={search_term_string}"},"query-input":{"@type":"PropertyValueSpecification","valueRequired":true,"valueName":"search_term_string"}}],"inLanguage":"fi"},{"@type":"Organization","@id":"https:\/\/bellfire.ee\/fi\/#organization","name":"Bellfire","url":"https:\/\/bellfire.ee\/fi\/","logo":{"@type":"ImageObject","inLanguage":"fi","@id":"https:\/\/bellfire.ee\/fi\/#\/schema\/logo\/image\/","url":"https:\/\/bellfire.ee\/wp-content\/uploads\/2024\/10\/Site-logo.svg","contentUrl":"https:\/\/bellfire.ee\/wp-content\/uploads\/2024\/10\/Site-logo.svg","width":55,"height":64,"caption":"Bellfire"},"image":{"@id":"https:\/\/bellfire.ee\/fi\/#\/schema\/logo\/image\/"}}]}},"_links":{"self":[{"href":"https:\/\/bellfire.ee\/fi\/wp-json\/wp\/v2\/product\/54265","targetHints":{"allow":["GET"]}}],"collection":[{"href":"https:\/\/bellfire.ee\/fi\/wp-json\/wp\/v2\/product"}],"about":[{"href":"https:\/\/bellfire.ee\/fi\/wp-json\/wp\/v2\/types\/product"}],"wp:featuredmedia":[{"embeddable":true,"href":"https:\/\/bellfire.ee\/fi\/wp-json\/wp\/v2\/media\/50561"}],"wp:attachment":[{"href":"https:\/\/bellfire.ee\/fi\/wp-json\/wp\/v2\/media?parent=54265"}],"wp:term":[{"taxonomy":"wpc-attribute-group","embeddable":true,"href":"https:\/\/bellfire.ee\/fi\/wp-json\/wp\/v2\/wpc-attribute-group?post=54265"},{"taxonomy":"product_brand","embeddable":true,"href":"https:\/\/bellfire.ee\/fi\/wp-json\/wp\/v2\/product_brand?post=54265"},{"taxonomy":"product_cat","embeddable":true,"href":"https:\/\/bellfire.ee\/fi\/wp-json\/wp\/v2\/product_cat?post=54265"},{"taxonomy":"product_tag","embeddable":true,"href":"https:\/\/bellfire.ee\/fi\/wp-json\/wp\/v2\/product_tag?post=54265"}],"curies":[{"name":"wp","href":"https:\/\/api.w.org\/{rel}","templated":true}]}}