{"id":54103,"date":"2019-05-02T07:07:38","date_gmt":"2019-05-02T07:07:38","guid":{"rendered":"https:\/\/bellfire.ee\/Ei-luokiteltu\/mocca\/"},"modified":"2025-01-03T14:09:02","modified_gmt":"2025-01-03T14:09:02","slug":"mocca","status":"publish","type":"product","link":"https:\/\/bellfire.ee\/fi\/olohuone\/sohvat\/mocca\/","title":{"rendered":"Mocca"},"content":{"rendered":"<p>Virossa suunniteltu <strong>Mocca-sohva<\/strong> on moduulisohva, joka tarjoaa runsaasti r\u00e4\u00e4t\u00e4l\u00f6intimahdollisuuksia.<\/p>\n<p><strong>Mocca-moduulisohva<\/strong> on saatavilla laajassa valikoimassa kokoonpanoja ja kokoja, yksitt\u00e4isist\u00e4 istuimista viiden istuttaviin vaihtoehtoihin, niin tavallisena kuin kulmamallisena. Leveydet vaihtelevat <strong>95 cm:st\u00e4 328 cm:iin<\/strong>. Voit valita mieleisesi k\u00e4sinojamallin kolmesta eri tyylist\u00e4. Jalkavaihtoehtoihin kuuluu sek\u00e4 metallisia ett\u00e4 puisia jalkoja eri s\u00e4vyiss\u00e4.<\/p>\n<p>Tyynyt voidaan t\u00e4ytt\u00e4\u00e4 valintasi mukaan joko h\u00f6yhenill\u00e4 tai memory foam -materiaalilla, yhdess\u00e4 kest\u00e4v\u00e4n HR-polyuretaanivaahdon kanssa. Rakenne on valmistettu korkealaatuisesta koivuvanerista ja m\u00e4nnyst\u00e4. <strong>Mocca-sohva<\/strong> tekee vaikutuksen mukavuudellaan ja pehmeill\u00e4 muodoillaan, tarjoten todellista vapautta luoda tarpeisiisi ja mieltymyksiisi sopiva sohvaratkaisu.<\/p>\n<p>Voit tutustua koko kangasvalikoimaan n\u00e4yttelytilassamme osoitteessa Riia 142, Tartto.<\/p>\n<p>Huomioithan, ett\u00e4 v\u00e4rit voivat poiketa n\u00e4yt\u00f6ll\u00e4 n\u00e4kyv\u00e4st\u00e4. Suosittelemme tarkistamaan v\u00e4rit n\u00e4yttelytilassamme.<\/p>\n","protected":false},"excerpt":{"rendered":"<p>Virossa suunniteltu <strong>Mocca-sohva<\/strong> on moduulisohva, joka tarjoaa runsaasti r\u00e4\u00e4t\u00e4l\u00f6intimahdollisuuksia.<\/p>\n<p><strong>Mocca-moduulisohva<\/strong> on saatavilla laajassa valikoimassa kokoonpanoja ja kokoja, yksitt\u00e4isist\u00e4 istuimista viiden istuttaviin vaihtoehtoihin, niin tavallisena kuin kulmamallisena. Leveydet vaihtelevat <strong>95 cm:st\u00e4 328 cm:iin<\/strong>. Voit valita mieleisesi k\u00e4sinojamallin kolmesta eri tyylist\u00e4. Jalkavaihtoehtoihin kuuluu sek\u00e4 metallisia ett\u00e4 puisia jalkoja eri s\u00e4vyiss\u00e4.<\/p>\n<p>Tyynyt voidaan t\u00e4ytt\u00e4\u00e4 valintasi mukaan joko h\u00f6yhenill\u00e4 tai memory foam -materiaalilla, yhdess\u00e4 kest\u00e4v\u00e4n HR-polyuretaanivaahdon kanssa. Rakenne on valmistettu korkealaatuisesta koivuvanerista ja m\u00e4nnyst\u00e4. <strong>Mocca-sohva<\/strong> tekee vaikutuksen mukavuudellaan ja pehmeill\u00e4 muodoillaan, tarjoten todellista vapautta luoda tarpeisiisi ja mieltymyksiisi sopiva sohvaratkaisu.<\/p>\n<p><strong>Dekoratiivityynyt eiv\u00e4t sis\u00e4lly sarjaan.<\/strong><\/p>\n<p>Voit tutustua koko kangasvalikoimaan n\u00e4yttelytilassamme osoitteessa Riia 142, Tartto.<\/p>\n<p>Huomioithan, ett\u00e4 v\u00e4rit voivat poiketa n\u00e4yt\u00f6ll\u00e4 n\u00e4kyv\u00e4st\u00e4. Suosittelemme tarkistamaan v\u00e4rit n\u00e4yttelytilassamme.<\/p>\n","protected":false},"featured_media":58473,"template":"","meta":{"_acf_changed":false},"wpc-attribute-group":[],"product_brand":[],"product_cat":[2233,2235],"product_tag":[],"class_list":{"0":"post-54103","1":"product","2":"type-product","3":"status-publish","4":"has-post-thumbnail","6":"product_cat-olohuone","7":"product_cat-sohvat","8":"pa_e-poe-kangavalik-devon-boudoir-fi","9":"pa_e-poe-kangavalik-devon-onyx-fi","10":"pa_e-poe-kangavalik-devon-linden-fi","11":"pa_e-poe-kangavalik-devon-marine-fi","12":"pa_e-poe-kangavalik-devon-sesame-fi","13":"pa_e-poe-kangavalik-devon-shark-fi","14":"pa_e-poe-kangavalik-devon-snow-fi","16":"first","17":"instock","18":"taxable","19":"shipping-taxable","20":"purchasable","21":"product-type-variable","22":"add-to-wishlist-after_add_to_cart"},"acf":[],"yoast_head":"<!-- This site is optimized with the Yoast SEO plugin v26.1 - https:\/\/yoast.com\/wordpress\/plugins\/seo\/ -->\n<title>Mocca - Bellfire<\/title>\n<meta name=\"robots\" content=\"index, follow, max-snippet:-1, max-image-preview:large, max-video-preview:-1\" \/>\n<link rel=\"canonical\" href=\"https:\/\/bellfire.ee\/fi\/olohuone\/sohvat\/mocca\/\" \/>\n<meta property=\"og:locale\" content=\"fi_FI\" \/>\n<meta property=\"og:type\" content=\"article\" \/>\n<meta property=\"og:title\" content=\"Mocca - Bellfire\" \/>\n<meta property=\"og:description\" content=\"Virossa suunniteltu Mocca-sohva on moduulisohva, joka tarjoaa runsaasti r\u00e4\u00e4t\u00e4l\u00f6intimahdollisuuksia.  Mocca-moduulisohva on saatavilla laajassa valikoimassa kokoonpanoja ja kokoja, yksitt\u00e4isist\u00e4 istuimista viiden istuttaviin vaihtoehtoihin, niin tavallisena kuin kulmamallisena. Leveydet vaihtelevat 95 cm:st\u00e4 328 cm:iin. Voit valita mieleisesi k\u00e4sinojamallin kolmesta eri tyylist\u00e4. Jalkavaihtoehtoihin kuuluu sek\u00e4 metallisia ett\u00e4 puisia jalkoja eri s\u00e4vyiss\u00e4.  Tyynyt voidaan t\u00e4ytt\u00e4\u00e4 valintasi mukaan joko h\u00f6yhenill\u00e4 tai memory foam -materiaalilla, yhdess\u00e4 kest\u00e4v\u00e4n HR-polyuretaanivaahdon kanssa. Rakenne on valmistettu korkealaatuisesta koivuvanerista ja m\u00e4nnyst\u00e4. Mocca-sohva tekee vaikutuksen mukavuudellaan ja pehmeill\u00e4 muodoillaan, tarjoten todellista vapautta luoda tarpeisiisi ja mieltymyksiisi sopiva sohvaratkaisu.  Dekoratiivityynyt eiv\u00e4t sis\u00e4lly sarjaan.  Voit tutustua koko kangasvalikoimaan n\u00e4yttelytilassamme osoitteessa Riia 142, Tartto.  Huomioithan, ett\u00e4 v\u00e4rit voivat poiketa n\u00e4yt\u00f6ll\u00e4 n\u00e4kyv\u00e4st\u00e4. Suosittelemme tarkistamaan v\u00e4rit n\u00e4yttelytilassamme.\" \/>\n<meta property=\"og:url\" content=\"https:\/\/bellfire.ee\/fi\/olohuone\/sohvat\/mocca\/\" \/>\n<meta property=\"og:site_name\" content=\"Bellfire\" \/>\n<meta property=\"article:modified_time\" content=\"2025-01-03T14:09:02+00:00\" \/>\n<meta property=\"og:image\" content=\"https:\/\/bellfire.ee\/wp-content\/uploads\/2025\/02\/mocca-3-devon-snow-black.jpg\" \/>\n\t<meta property=\"og:image:width\" content=\"952\" \/>\n\t<meta property=\"og:image:height\" content=\"952\" \/>\n\t<meta property=\"og:image:type\" content=\"image\/jpeg\" \/>\n<meta name=\"twitter:card\" content=\"summary_large_image\" \/>\n<meta name=\"twitter:label1\" content=\"Arvioitu lukuaika\" \/>\n\t<meta name=\"twitter:data1\" content=\"1 minuutti\" \/>\n<script type=\"application\/ld+json\" class=\"yoast-schema-graph\">{\"@context\":\"https:\/\/schema.org\",\"@graph\":[{\"@type\":\"WebPage\",\"@id\":\"https:\/\/bellfire.ee\/fi\/olohuone\/sohvat\/mocca\/\",\"url\":\"https:\/\/bellfire.ee\/fi\/olohuone\/sohvat\/mocca\/\",\"name\":\"Mocca - Bellfire\",\"isPartOf\":{\"@id\":\"https:\/\/bellfire.ee\/fi\/#website\"},\"primaryImageOfPage\":{\"@id\":\"https:\/\/bellfire.ee\/fi\/olohuone\/sohvat\/mocca\/#primaryimage\"},\"image\":{\"@id\":\"https:\/\/bellfire.ee\/fi\/olohuone\/sohvat\/mocca\/#primaryimage\"},\"thumbnailUrl\":\"https:\/\/bellfire.ee\/wp-content\/uploads\/2025\/02\/mocca-3-devon-snow-black.jpg\",\"datePublished\":\"2019-05-02T07:07:38+00:00\",\"dateModified\":\"2025-01-03T14:09:02+00:00\",\"breadcrumb\":{\"@id\":\"https:\/\/bellfire.ee\/fi\/olohuone\/sohvat\/mocca\/#breadcrumb\"},\"inLanguage\":\"fi\",\"potentialAction\":[{\"@type\":\"ReadAction\",\"target\":[\"https:\/\/bellfire.ee\/fi\/olohuone\/sohvat\/mocca\/\"]}]},{\"@type\":\"ImageObject\",\"inLanguage\":\"fi\",\"@id\":\"https:\/\/bellfire.ee\/fi\/olohuone\/sohvat\/mocca\/#primaryimage\",\"url\":\"https:\/\/bellfire.ee\/wp-content\/uploads\/2025\/02\/mocca-3-devon-snow-black.jpg\",\"contentUrl\":\"https:\/\/bellfire.ee\/wp-content\/uploads\/2025\/02\/mocca-3-devon-snow-black.jpg\",\"width\":952,\"height\":952},{\"@type\":\"BreadcrumbList\",\"@id\":\"https:\/\/bellfire.ee\/fi\/olohuone\/sohvat\/mocca\/#breadcrumb\",\"itemListElement\":[{\"@type\":\"ListItem\",\"position\":1,\"name\":\"Avaleht\",\"item\":\"https:\/\/bellfire.ee\/fi\/\"},{\"@type\":\"ListItem\",\"position\":2,\"name\":\"Huonekalut\",\"item\":\"https:\/\/bellfire.ee\/fi\/huonekalut\/\"},{\"@type\":\"ListItem\",\"position\":3,\"name\":\"Mocca\"}]},{\"@type\":\"WebSite\",\"@id\":\"https:\/\/bellfire.ee\/fi\/#website\",\"url\":\"https:\/\/bellfire.ee\/fi\/\",\"name\":\"Bellfire\",\"description\":\"Disainm\u00f6\u00f6bel Sinu koju Eesti pehme m\u00f6\u00f6bli tootjal\",\"publisher\":{\"@id\":\"https:\/\/bellfire.ee\/fi\/#organization\"},\"potentialAction\":[{\"@type\":\"SearchAction\",\"target\":{\"@type\":\"EntryPoint\",\"urlTemplate\":\"https:\/\/bellfire.ee\/fi\/?s={search_term_string}\"},\"query-input\":{\"@type\":\"PropertyValueSpecification\",\"valueRequired\":true,\"valueName\":\"search_term_string\"}}],\"inLanguage\":\"fi\"},{\"@type\":\"Organization\",\"@id\":\"https:\/\/bellfire.ee\/fi\/#organization\",\"name\":\"Bellfire\",\"url\":\"https:\/\/bellfire.ee\/fi\/\",\"logo\":{\"@type\":\"ImageObject\",\"inLanguage\":\"fi\",\"@id\":\"https:\/\/bellfire.ee\/fi\/#\/schema\/logo\/image\/\",\"url\":\"https:\/\/bellfire.ee\/wp-content\/uploads\/2024\/10\/Site-logo.svg\",\"contentUrl\":\"https:\/\/bellfire.ee\/wp-content\/uploads\/2024\/10\/Site-logo.svg\",\"width\":55,\"height\":64,\"caption\":\"Bellfire\"},\"image\":{\"@id\":\"https:\/\/bellfire.ee\/fi\/#\/schema\/logo\/image\/\"}}]}<\/script>\n<!-- \/ Yoast SEO plugin. -->","yoast_head_json":{"title":"Mocca - Bellfire","robots":{"index":"index","follow":"follow","max-snippet":"max-snippet:-1","max-image-preview":"max-image-preview:large","max-video-preview":"max-video-preview:-1"},"canonical":"https:\/\/bellfire.ee\/fi\/olohuone\/sohvat\/mocca\/","og_locale":"fi_FI","og_type":"article","og_title":"Mocca - Bellfire","og_description":"Virossa suunniteltu Mocca-sohva on moduulisohva, joka tarjoaa runsaasti r\u00e4\u00e4t\u00e4l\u00f6intimahdollisuuksia.  Mocca-moduulisohva on saatavilla laajassa valikoimassa kokoonpanoja ja kokoja, yksitt\u00e4isist\u00e4 istuimista viiden istuttaviin vaihtoehtoihin, niin tavallisena kuin kulmamallisena. Leveydet vaihtelevat 95 cm:st\u00e4 328 cm:iin. Voit valita mieleisesi k\u00e4sinojamallin kolmesta eri tyylist\u00e4. Jalkavaihtoehtoihin kuuluu sek\u00e4 metallisia ett\u00e4 puisia jalkoja eri s\u00e4vyiss\u00e4.  Tyynyt voidaan t\u00e4ytt\u00e4\u00e4 valintasi mukaan joko h\u00f6yhenill\u00e4 tai memory foam -materiaalilla, yhdess\u00e4 kest\u00e4v\u00e4n HR-polyuretaanivaahdon kanssa. Rakenne on valmistettu korkealaatuisesta koivuvanerista ja m\u00e4nnyst\u00e4. Mocca-sohva tekee vaikutuksen mukavuudellaan ja pehmeill\u00e4 muodoillaan, tarjoten todellista vapautta luoda tarpeisiisi ja mieltymyksiisi sopiva sohvaratkaisu.  Dekoratiivityynyt eiv\u00e4t sis\u00e4lly sarjaan.  Voit tutustua koko kangasvalikoimaan n\u00e4yttelytilassamme osoitteessa Riia 142, Tartto.  Huomioithan, ett\u00e4 v\u00e4rit voivat poiketa n\u00e4yt\u00f6ll\u00e4 n\u00e4kyv\u00e4st\u00e4. Suosittelemme tarkistamaan v\u00e4rit n\u00e4yttelytilassamme.","og_url":"https:\/\/bellfire.ee\/fi\/olohuone\/sohvat\/mocca\/","og_site_name":"Bellfire","article_modified_time":"2025-01-03T14:09:02+00:00","og_image":[{"width":952,"height":952,"url":"https:\/\/bellfire.ee\/wp-content\/uploads\/2025\/02\/mocca-3-devon-snow-black.jpg","type":"image\/jpeg"}],"twitter_card":"summary_large_image","twitter_misc":{"Arvioitu lukuaika":"1 minuutti"},"schema":{"@context":"https:\/\/schema.org","@graph":[{"@type":"WebPage","@id":"https:\/\/bellfire.ee\/fi\/olohuone\/sohvat\/mocca\/","url":"https:\/\/bellfire.ee\/fi\/olohuone\/sohvat\/mocca\/","name":"Mocca - Bellfire","isPartOf":{"@id":"https:\/\/bellfire.ee\/fi\/#website"},"primaryImageOfPage":{"@id":"https:\/\/bellfire.ee\/fi\/olohuone\/sohvat\/mocca\/#primaryimage"},"image":{"@id":"https:\/\/bellfire.ee\/fi\/olohuone\/sohvat\/mocca\/#primaryimage"},"thumbnailUrl":"https:\/\/bellfire.ee\/wp-content\/uploads\/2025\/02\/mocca-3-devon-snow-black.jpg","datePublished":"2019-05-02T07:07:38+00:00","dateModified":"2025-01-03T14:09:02+00:00","breadcrumb":{"@id":"https:\/\/bellfire.ee\/fi\/olohuone\/sohvat\/mocca\/#breadcrumb"},"inLanguage":"fi","potentialAction":[{"@type":"ReadAction","target":["https:\/\/bellfire.ee\/fi\/olohuone\/sohvat\/mocca\/"]}]},{"@type":"ImageObject","inLanguage":"fi","@id":"https:\/\/bellfire.ee\/fi\/olohuone\/sohvat\/mocca\/#primaryimage","url":"https:\/\/bellfire.ee\/wp-content\/uploads\/2025\/02\/mocca-3-devon-snow-black.jpg","contentUrl":"https:\/\/bellfire.ee\/wp-content\/uploads\/2025\/02\/mocca-3-devon-snow-black.jpg","width":952,"height":952},{"@type":"BreadcrumbList","@id":"https:\/\/bellfire.ee\/fi\/olohuone\/sohvat\/mocca\/#breadcrumb","itemListElement":[{"@type":"ListItem","position":1,"name":"Avaleht","item":"https:\/\/bellfire.ee\/fi\/"},{"@type":"ListItem","position":2,"name":"Huonekalut","item":"https:\/\/bellfire.ee\/fi\/huonekalut\/"},{"@type":"ListItem","position":3,"name":"Mocca"}]},{"@type":"WebSite","@id":"https:\/\/bellfire.ee\/fi\/#website","url":"https:\/\/bellfire.ee\/fi\/","name":"Bellfire","description":"Disainm\u00f6\u00f6bel Sinu koju Eesti pehme m\u00f6\u00f6bli tootjal","publisher":{"@id":"https:\/\/bellfire.ee\/fi\/#organization"},"potentialAction":[{"@type":"SearchAction","target":{"@type":"EntryPoint","urlTemplate":"https:\/\/bellfire.ee\/fi\/?s={search_term_string}"},"query-input":{"@type":"PropertyValueSpecification","valueRequired":true,"valueName":"search_term_string"}}],"inLanguage":"fi"},{"@type":"Organization","@id":"https:\/\/bellfire.ee\/fi\/#organization","name":"Bellfire","url":"https:\/\/bellfire.ee\/fi\/","logo":{"@type":"ImageObject","inLanguage":"fi","@id":"https:\/\/bellfire.ee\/fi\/#\/schema\/logo\/image\/","url":"https:\/\/bellfire.ee\/wp-content\/uploads\/2024\/10\/Site-logo.svg","contentUrl":"https:\/\/bellfire.ee\/wp-content\/uploads\/2024\/10\/Site-logo.svg","width":55,"height":64,"caption":"Bellfire"},"image":{"@id":"https:\/\/bellfire.ee\/fi\/#\/schema\/logo\/image\/"}}]}},"_links":{"self":[{"href":"https:\/\/bellfire.ee\/fi\/wp-json\/wp\/v2\/product\/54103","targetHints":{"allow":["GET"]}}],"collection":[{"href":"https:\/\/bellfire.ee\/fi\/wp-json\/wp\/v2\/product"}],"about":[{"href":"https:\/\/bellfire.ee\/fi\/wp-json\/wp\/v2\/types\/product"}],"wp:featuredmedia":[{"embeddable":true,"href":"https:\/\/bellfire.ee\/fi\/wp-json\/wp\/v2\/media\/58473"}],"wp:attachment":[{"href":"https:\/\/bellfire.ee\/fi\/wp-json\/wp\/v2\/media?parent=54103"}],"wp:term":[{"taxonomy":"wpc-attribute-group","embeddable":true,"href":"https:\/\/bellfire.ee\/fi\/wp-json\/wp\/v2\/wpc-attribute-group?post=54103"},{"taxonomy":"product_brand","embeddable":true,"href":"https:\/\/bellfire.ee\/fi\/wp-json\/wp\/v2\/product_brand?post=54103"},{"taxonomy":"product_cat","embeddable":true,"href":"https:\/\/bellfire.ee\/fi\/wp-json\/wp\/v2\/product_cat?post=54103"},{"taxonomy":"product_tag","embeddable":true,"href":"https:\/\/bellfire.ee\/fi\/wp-json\/wp\/v2\/product_tag?post=54103"}],"curies":[{"name":"wp","href":"https:\/\/api.w.org\/{rel}","templated":true}]}}