{"id":54013,"date":"2019-05-02T13:18:03","date_gmt":"2019-05-02T13:18:03","guid":{"rendered":"https:\/\/bellfire.ee\/Ei-luokiteltu\/hybrid-plus\/"},"modified":"2019-05-02T13:18:03","modified_gmt":"2019-05-02T13:18:03","slug":"hybrid-plus","status":"publish","type":"product","link":"https:\/\/bellfire.ee\/fi\/makuuhuone\/sangyt\/hybrid-plus\/","title":{"rendered":"Hybrid Plus"},"content":{"rendered":"<p><strong>Hybrid Plus -s\u00e4nky<\/strong> tarjoaa erinomaisen nukkumatilan kaikille, jotka rakastavat valinnanvapautta ja haluavat sovittaa s\u00e4nkyns\u00e4 joka yksityiskohdan makuuhuoneeseensa. T\u00e4m\u00e4 s\u00e4nky on kuin Lego-setti \u2013 niin monia vaihtoehtoja, ett\u00e4 on mahdotonta olla l\u00f6yt\u00e4m\u00e4tt\u00e4 jotain, mik\u00e4 sopii omaan makuun. Puinen s\u00e4ngynrunko voi olla joko jousitettu ja paksumpi tai jousiton ja ohuempi. Runko peitet\u00e4\u00e4n patjalla, joka on k\u00e4\u00e4nnett\u00e4viss\u00e4 s\u00e4ngyn kovuuden s\u00e4\u00e4t\u00e4miseksi, tehden siit\u00e4 pehme\u00e4mm\u00e4n tai tukevamman.<\/p>\n<p>T\u00e4rkein valinta on tietenkin s\u00e4ngyn leveys, joka vaihtelee <strong>80 cm:st\u00e4<\/strong> aina kuninkaalliseen <strong>180 cm:iin<\/strong> saakka.<\/p>\n<p><strong>Hinta sis\u00e4lt\u00e4\u00e4 rungon ja patjan<\/strong> (p\u00e4\u00e4llismatras ja s\u00e4ngynp\u00e4\u00e4ty saatavilla erikseen lis\u00e4valintoina).<\/p>\n<p>Voit tutustua koko kangasvalikoimaan n\u00e4yttelytilassamme osoitteessa Riia 142, Tartto.<\/p>\n<p>Huomioithan, ett\u00e4 v\u00e4rit voivat poiketa n\u00e4yt\u00f6ll\u00e4 n\u00e4kyv\u00e4st\u00e4. Suosittelemme tarkistamaan v\u00e4rit n\u00e4yttelytilassamme.<\/p>\n","protected":false},"excerpt":{"rendered":"<p><strong>Hybrid Plus -s\u00e4nky<\/strong> tarjoaa erinomaisen nukkumatilan kaikille, jotka rakastavat valinnanvapautta ja haluavat sovittaa s\u00e4nkyns\u00e4 joka yksityiskohdan makuuhuoneeseensa. T\u00e4m\u00e4 s\u00e4nky on kuin Lego-setti \u2013 niin monia vaihtoehtoja, ett\u00e4 on mahdotonta olla l\u00f6yt\u00e4m\u00e4tt\u00e4 jotain, mik\u00e4 sopii omaan makuun. Puinen s\u00e4ngynrunko voi olla joko jousitettu ja paksumpi tai jousiton ja ohuempi. Runko peitet\u00e4\u00e4n patjalla, joka on k\u00e4\u00e4nnett\u00e4viss\u00e4 s\u00e4ngyn kovuuden s\u00e4\u00e4t\u00e4miseksi, tehden siit\u00e4 pehme\u00e4mm\u00e4n tai tukevamman.<\/p>\n<p>T\u00e4rkein valinta on tietenkin s\u00e4ngyn leveys, joka vaihtelee <strong>80 cm:st\u00e4<\/strong> aina kuninkaalliseen <strong>180 cm:iin<\/strong> saakka.<\/p>\n<p><strong>Hinta sis\u00e4lt\u00e4\u00e4 rungon ja patjan<\/strong> (p\u00e4\u00e4llismatras ja s\u00e4ngynp\u00e4\u00e4ty saatavilla erikseen lis\u00e4valintoina).<\/p>\n<p>Voit tutustua koko kangasvalikoimaan n\u00e4yttelytilassamme osoitteessa Riia 142, Tartto.<\/p>\n<p>Huomioithan, ett\u00e4 v\u00e4rit voivat poiketa n\u00e4yt\u00f6ll\u00e4 n\u00e4kyv\u00e4st\u00e4. Suosittelemme tarkistamaan v\u00e4rit n\u00e4yttelytilassamme.<\/p>\n","protected":false},"featured_media":62511,"template":"","meta":{"_acf_changed":false},"wpc-attribute-group":[],"product_brand":[],"product_cat":[2238],"product_tag":[],"class_list":{"0":"post-54013","1":"product","2":"type-product","3":"status-publish","4":"has-post-thumbnail","6":"product_cat-sangyt","7":"pa_e-poe-kangavalik-soro-40-fi","8":"pa_e-poe-kangavalik-soro-13-fi","9":"pa_e-poe-kangavalik-soro-34-fi","11":"first","12":"instock","13":"taxable","14":"shipping-taxable","15":"purchasable","16":"product-type-variable","17":"add-to-wishlist-after_add_to_cart"},"acf":[],"yoast_head":"<!-- This site is optimized with the Yoast SEO plugin v26.1 - https:\/\/yoast.com\/wordpress\/plugins\/seo\/ -->\n<title>Hybrid Plus - Bellfire<\/title>\n<meta name=\"robots\" content=\"index, follow, max-snippet:-1, max-image-preview:large, max-video-preview:-1\" \/>\n<link rel=\"canonical\" href=\"https:\/\/bellfire.ee\/fi\/makuuhuone\/sangyt\/hybrid-plus\/\" \/>\n<meta property=\"og:locale\" content=\"fi_FI\" \/>\n<meta property=\"og:type\" content=\"article\" \/>\n<meta property=\"og:title\" content=\"Hybrid Plus - Bellfire\" \/>\n<meta property=\"og:description\" content=\"Hybrid Plus -s\u00e4nky tarjoaa erinomaisen nukkumatilan kaikille, jotka rakastavat valinnanvapautta ja haluavat sovittaa s\u00e4nkyns\u00e4 joka yksityiskohdan makuuhuoneeseensa. T\u00e4m\u00e4 s\u00e4nky on kuin Lego-setti \u2013 niin monia vaihtoehtoja, ett\u00e4 on mahdotonta olla l\u00f6yt\u00e4m\u00e4tt\u00e4 jotain, mik\u00e4 sopii omaan makuun. Puinen s\u00e4ngynrunko voi olla joko jousitettu ja paksumpi tai jousiton ja ohuempi. Runko peitet\u00e4\u00e4n patjalla, joka on k\u00e4\u00e4nnett\u00e4viss\u00e4 s\u00e4ngyn kovuuden s\u00e4\u00e4t\u00e4miseksi, tehden siit\u00e4 pehme\u00e4mm\u00e4n tai tukevamman.  T\u00e4rkein valinta on tietenkin s\u00e4ngyn leveys, joka vaihtelee 80 cm:st\u00e4 aina kuninkaalliseen 180 cm:iin saakka.  Hinta sis\u00e4lt\u00e4\u00e4 rungon ja patjan (p\u00e4\u00e4llismatras ja s\u00e4ngynp\u00e4\u00e4ty saatavilla erikseen lis\u00e4valintoina).  Voit tutustua koko kangasvalikoimaan n\u00e4yttelytilassamme osoitteessa Riia 142, Tartto.  Huomioithan, ett\u00e4 v\u00e4rit voivat poiketa n\u00e4yt\u00f6ll\u00e4 n\u00e4kyv\u00e4st\u00e4. Suosittelemme tarkistamaan v\u00e4rit n\u00e4yttelytilassamme.\" \/>\n<meta property=\"og:url\" content=\"https:\/\/bellfire.ee\/fi\/makuuhuone\/sangyt\/hybrid-plus\/\" \/>\n<meta property=\"og:site_name\" content=\"Bellfire\" \/>\n<meta property=\"og:image\" content=\"https:\/\/bellfire.ee\/wp-content\/uploads\/2019\/05\/Hybrid-plus-ikoon-1-scaled.jpg\" \/>\n\t<meta property=\"og:image:width\" content=\"2560\" \/>\n\t<meta property=\"og:image:height\" content=\"1696\" \/>\n\t<meta property=\"og:image:type\" content=\"image\/jpeg\" \/>\n<meta name=\"twitter:card\" content=\"summary_large_image\" \/>\n<meta name=\"twitter:label1\" content=\"Arvioitu lukuaika\" \/>\n\t<meta name=\"twitter:data1\" content=\"1 minuutti\" \/>\n<script type=\"application\/ld+json\" class=\"yoast-schema-graph\">{\"@context\":\"https:\/\/schema.org\",\"@graph\":[{\"@type\":\"WebPage\",\"@id\":\"https:\/\/bellfire.ee\/fi\/makuuhuone\/sangyt\/hybrid-plus\/\",\"url\":\"https:\/\/bellfire.ee\/fi\/makuuhuone\/sangyt\/hybrid-plus\/\",\"name\":\"Hybrid Plus - Bellfire\",\"isPartOf\":{\"@id\":\"https:\/\/bellfire.ee\/fi\/#website\"},\"primaryImageOfPage\":{\"@id\":\"https:\/\/bellfire.ee\/fi\/makuuhuone\/sangyt\/hybrid-plus\/#primaryimage\"},\"image\":{\"@id\":\"https:\/\/bellfire.ee\/fi\/makuuhuone\/sangyt\/hybrid-plus\/#primaryimage\"},\"thumbnailUrl\":\"https:\/\/bellfire.ee\/wp-content\/uploads\/2025\/05\/Hybdrid-Plus-soro-40.webp\",\"datePublished\":\"2019-05-02T13:18:03+00:00\",\"breadcrumb\":{\"@id\":\"https:\/\/bellfire.ee\/fi\/makuuhuone\/sangyt\/hybrid-plus\/#breadcrumb\"},\"inLanguage\":\"fi\",\"potentialAction\":[{\"@type\":\"ReadAction\",\"target\":[\"https:\/\/bellfire.ee\/fi\/makuuhuone\/sangyt\/hybrid-plus\/\"]}]},{\"@type\":\"ImageObject\",\"inLanguage\":\"fi\",\"@id\":\"https:\/\/bellfire.ee\/fi\/makuuhuone\/sangyt\/hybrid-plus\/#primaryimage\",\"url\":\"https:\/\/bellfire.ee\/wp-content\/uploads\/2025\/05\/Hybdrid-Plus-soro-40.webp\",\"contentUrl\":\"https:\/\/bellfire.ee\/wp-content\/uploads\/2025\/05\/Hybdrid-Plus-soro-40.webp\",\"width\":1000,\"height\":663},{\"@type\":\"BreadcrumbList\",\"@id\":\"https:\/\/bellfire.ee\/fi\/makuuhuone\/sangyt\/hybrid-plus\/#breadcrumb\",\"itemListElement\":[{\"@type\":\"ListItem\",\"position\":1,\"name\":\"Avaleht\",\"item\":\"https:\/\/bellfire.ee\/fi\/\"},{\"@type\":\"ListItem\",\"position\":2,\"name\":\"Huonekalut\",\"item\":\"https:\/\/bellfire.ee\/fi\/huonekalut\/\"},{\"@type\":\"ListItem\",\"position\":3,\"name\":\"Hybrid Plus\"}]},{\"@type\":\"WebSite\",\"@id\":\"https:\/\/bellfire.ee\/fi\/#website\",\"url\":\"https:\/\/bellfire.ee\/fi\/\",\"name\":\"Bellfire\",\"description\":\"Disainm\u00f6\u00f6bel Sinu koju Eesti pehme m\u00f6\u00f6bli tootjal\",\"publisher\":{\"@id\":\"https:\/\/bellfire.ee\/fi\/#organization\"},\"potentialAction\":[{\"@type\":\"SearchAction\",\"target\":{\"@type\":\"EntryPoint\",\"urlTemplate\":\"https:\/\/bellfire.ee\/fi\/?s={search_term_string}\"},\"query-input\":{\"@type\":\"PropertyValueSpecification\",\"valueRequired\":true,\"valueName\":\"search_term_string\"}}],\"inLanguage\":\"fi\"},{\"@type\":\"Organization\",\"@id\":\"https:\/\/bellfire.ee\/fi\/#organization\",\"name\":\"Bellfire\",\"url\":\"https:\/\/bellfire.ee\/fi\/\",\"logo\":{\"@type\":\"ImageObject\",\"inLanguage\":\"fi\",\"@id\":\"https:\/\/bellfire.ee\/fi\/#\/schema\/logo\/image\/\",\"url\":\"https:\/\/bellfire.ee\/wp-content\/uploads\/2024\/10\/Site-logo.svg\",\"contentUrl\":\"https:\/\/bellfire.ee\/wp-content\/uploads\/2024\/10\/Site-logo.svg\",\"width\":55,\"height\":64,\"caption\":\"Bellfire\"},\"image\":{\"@id\":\"https:\/\/bellfire.ee\/fi\/#\/schema\/logo\/image\/\"}}]}<\/script>\n<!-- \/ Yoast SEO plugin. -->","yoast_head_json":{"title":"Hybrid Plus - Bellfire","robots":{"index":"index","follow":"follow","max-snippet":"max-snippet:-1","max-image-preview":"max-image-preview:large","max-video-preview":"max-video-preview:-1"},"canonical":"https:\/\/bellfire.ee\/fi\/makuuhuone\/sangyt\/hybrid-plus\/","og_locale":"fi_FI","og_type":"article","og_title":"Hybrid Plus - Bellfire","og_description":"Hybrid Plus -s\u00e4nky tarjoaa erinomaisen nukkumatilan kaikille, jotka rakastavat valinnanvapautta ja haluavat sovittaa s\u00e4nkyns\u00e4 joka yksityiskohdan makuuhuoneeseensa. T\u00e4m\u00e4 s\u00e4nky on kuin Lego-setti \u2013 niin monia vaihtoehtoja, ett\u00e4 on mahdotonta olla l\u00f6yt\u00e4m\u00e4tt\u00e4 jotain, mik\u00e4 sopii omaan makuun. Puinen s\u00e4ngynrunko voi olla joko jousitettu ja paksumpi tai jousiton ja ohuempi. Runko peitet\u00e4\u00e4n patjalla, joka on k\u00e4\u00e4nnett\u00e4viss\u00e4 s\u00e4ngyn kovuuden s\u00e4\u00e4t\u00e4miseksi, tehden siit\u00e4 pehme\u00e4mm\u00e4n tai tukevamman.  T\u00e4rkein valinta on tietenkin s\u00e4ngyn leveys, joka vaihtelee 80 cm:st\u00e4 aina kuninkaalliseen 180 cm:iin saakka.  Hinta sis\u00e4lt\u00e4\u00e4 rungon ja patjan (p\u00e4\u00e4llismatras ja s\u00e4ngynp\u00e4\u00e4ty saatavilla erikseen lis\u00e4valintoina).  Voit tutustua koko kangasvalikoimaan n\u00e4yttelytilassamme osoitteessa Riia 142, Tartto.  Huomioithan, ett\u00e4 v\u00e4rit voivat poiketa n\u00e4yt\u00f6ll\u00e4 n\u00e4kyv\u00e4st\u00e4. Suosittelemme tarkistamaan v\u00e4rit n\u00e4yttelytilassamme.","og_url":"https:\/\/bellfire.ee\/fi\/makuuhuone\/sangyt\/hybrid-plus\/","og_site_name":"Bellfire","og_image":[{"width":2560,"height":1696,"url":"https:\/\/bellfire.ee\/wp-content\/uploads\/2019\/05\/Hybrid-plus-ikoon-1-scaled.jpg","type":"image\/jpeg"}],"twitter_card":"summary_large_image","twitter_misc":{"Arvioitu lukuaika":"1 minuutti"},"schema":{"@context":"https:\/\/schema.org","@graph":[{"@type":"WebPage","@id":"https:\/\/bellfire.ee\/fi\/makuuhuone\/sangyt\/hybrid-plus\/","url":"https:\/\/bellfire.ee\/fi\/makuuhuone\/sangyt\/hybrid-plus\/","name":"Hybrid Plus - Bellfire","isPartOf":{"@id":"https:\/\/bellfire.ee\/fi\/#website"},"primaryImageOfPage":{"@id":"https:\/\/bellfire.ee\/fi\/makuuhuone\/sangyt\/hybrid-plus\/#primaryimage"},"image":{"@id":"https:\/\/bellfire.ee\/fi\/makuuhuone\/sangyt\/hybrid-plus\/#primaryimage"},"thumbnailUrl":"https:\/\/bellfire.ee\/wp-content\/uploads\/2025\/05\/Hybdrid-Plus-soro-40.webp","datePublished":"2019-05-02T13:18:03+00:00","breadcrumb":{"@id":"https:\/\/bellfire.ee\/fi\/makuuhuone\/sangyt\/hybrid-plus\/#breadcrumb"},"inLanguage":"fi","potentialAction":[{"@type":"ReadAction","target":["https:\/\/bellfire.ee\/fi\/makuuhuone\/sangyt\/hybrid-plus\/"]}]},{"@type":"ImageObject","inLanguage":"fi","@id":"https:\/\/bellfire.ee\/fi\/makuuhuone\/sangyt\/hybrid-plus\/#primaryimage","url":"https:\/\/bellfire.ee\/wp-content\/uploads\/2025\/05\/Hybdrid-Plus-soro-40.webp","contentUrl":"https:\/\/bellfire.ee\/wp-content\/uploads\/2025\/05\/Hybdrid-Plus-soro-40.webp","width":1000,"height":663},{"@type":"BreadcrumbList","@id":"https:\/\/bellfire.ee\/fi\/makuuhuone\/sangyt\/hybrid-plus\/#breadcrumb","itemListElement":[{"@type":"ListItem","position":1,"name":"Avaleht","item":"https:\/\/bellfire.ee\/fi\/"},{"@type":"ListItem","position":2,"name":"Huonekalut","item":"https:\/\/bellfire.ee\/fi\/huonekalut\/"},{"@type":"ListItem","position":3,"name":"Hybrid Plus"}]},{"@type":"WebSite","@id":"https:\/\/bellfire.ee\/fi\/#website","url":"https:\/\/bellfire.ee\/fi\/","name":"Bellfire","description":"Disainm\u00f6\u00f6bel Sinu koju Eesti pehme m\u00f6\u00f6bli tootjal","publisher":{"@id":"https:\/\/bellfire.ee\/fi\/#organization"},"potentialAction":[{"@type":"SearchAction","target":{"@type":"EntryPoint","urlTemplate":"https:\/\/bellfire.ee\/fi\/?s={search_term_string}"},"query-input":{"@type":"PropertyValueSpecification","valueRequired":true,"valueName":"search_term_string"}}],"inLanguage":"fi"},{"@type":"Organization","@id":"https:\/\/bellfire.ee\/fi\/#organization","name":"Bellfire","url":"https:\/\/bellfire.ee\/fi\/","logo":{"@type":"ImageObject","inLanguage":"fi","@id":"https:\/\/bellfire.ee\/fi\/#\/schema\/logo\/image\/","url":"https:\/\/bellfire.ee\/wp-content\/uploads\/2024\/10\/Site-logo.svg","contentUrl":"https:\/\/bellfire.ee\/wp-content\/uploads\/2024\/10\/Site-logo.svg","width":55,"height":64,"caption":"Bellfire"},"image":{"@id":"https:\/\/bellfire.ee\/fi\/#\/schema\/logo\/image\/"}}]}},"_links":{"self":[{"href":"https:\/\/bellfire.ee\/fi\/wp-json\/wp\/v2\/product\/54013","targetHints":{"allow":["GET"]}}],"collection":[{"href":"https:\/\/bellfire.ee\/fi\/wp-json\/wp\/v2\/product"}],"about":[{"href":"https:\/\/bellfire.ee\/fi\/wp-json\/wp\/v2\/types\/product"}],"wp:featuredmedia":[{"embeddable":true,"href":"https:\/\/bellfire.ee\/fi\/wp-json\/wp\/v2\/media\/62511"}],"wp:attachment":[{"href":"https:\/\/bellfire.ee\/fi\/wp-json\/wp\/v2\/media?parent=54013"}],"wp:term":[{"taxonomy":"wpc-attribute-group","embeddable":true,"href":"https:\/\/bellfire.ee\/fi\/wp-json\/wp\/v2\/wpc-attribute-group?post=54013"},{"taxonomy":"product_brand","embeddable":true,"href":"https:\/\/bellfire.ee\/fi\/wp-json\/wp\/v2\/product_brand?post=54013"},{"taxonomy":"product_cat","embeddable":true,"href":"https:\/\/bellfire.ee\/fi\/wp-json\/wp\/v2\/product_cat?post=54013"},{"taxonomy":"product_tag","embeddable":true,"href":"https:\/\/bellfire.ee\/fi\/wp-json\/wp\/v2\/product_tag?post=54013"}],"curies":[{"name":"wp","href":"https:\/\/api.w.org\/{rel}","templated":true}]}}