{"id":54006,"date":"2019-05-02T13:46:47","date_gmt":"2019-05-02T13:46:47","guid":{"rendered":"https:\/\/bellfire.ee\/Ei-luokiteltu\/amelie\/"},"modified":"2019-05-02T13:46:47","modified_gmt":"2019-05-02T13:46:47","slug":"amelie","status":"publish","type":"product","link":"https:\/\/bellfire.ee\/fi\/olohuone\/sohvat\/amelie\/","title":{"rendered":"Amelie"},"content":{"rendered":"\t\t<div data-elementor-type=\"wp-post\" data-elementor-id=\"54006\" class=\"elementor elementor-54006 elementor-19977\" data-elementor-post-type=\"product\">\n\t\t\t\t<div class=\"elementor-element elementor-element-8ab37fe e-flex e-con-boxed e-con e-parent\" data-id=\"8ab37fe\" data-element_type=\"container\">\n\t\t\t\t\t<div class=\"e-con-inner\">\n\t\t<div class=\"elementor-element elementor-element-ebae57c e-con-full e-flex e-con e-child\" data-id=\"ebae57c\" data-element_type=\"container\">\n\t\t\t\t<div class=\"elementor-element elementor-element-12be9c3 elementor-widget elementor-widget-text-editor\" data-id=\"12be9c3\" data-element_type=\"widget\" data-widget_type=\"text-editor.default\">\n\t\t\t\t<div class=\"elementor-widget-container\">\n\t\t\t\t\t\t\t\t\t<strong>Amelie kulmasohva<\/strong> Skandinaavisen laadun ja funktionaalisen muotoilun yhdistelm\u00e4 \u2013 Amelie on t\u00e4ydellinen valinta aktiiviselle el\u00e4m\u00e4ntavalle. T\u00e4m\u00e4 sohva on k\u00e4yt\u00e4nn\u00f6llinen, yksinkertainen ja mukava. Suunniteltu Bellfirelle suomalaisen suunnittelijan Marjut Nousiaisen toimesta. Amelie sopii yht\u00e4 hyvin perinteiseen pohjoismaiseen sisustukseen kuin modernin teollistyylisen loftin keskipisteeksi.\t\t\t\t\t\t\t\t<\/div>\n\t\t\t\t<\/div>\n\t\t\t\t<div class=\"elementor-element elementor-element-b163d99 elementor-widget elementor-widget-shortcode\" data-id=\"b163d99\" data-element_type=\"widget\" data-widget_type=\"shortcode.default\">\n\t\t\t\t<div class=\"elementor-widget-container\">\n\t\t\t\t\t\t\t<div class=\"elementor-shortcode\"><div class=\"acf-pdf-repeater\"><div class=\"pdf-item\"><a href=\"https:\/\/bellfire.ee\/wp-content\/uploads\/2024\/10\/AMELIE_POS.pdf\" class=\"bf-pdf-link\" target=\"_blank\" rel=\"noopener noreferrer\"><i class=\"fas fa-file-pdf\"><\/i> Amelie product sheet<\/a><\/div><\/div><\/div>\n\t\t\t\t\t\t<\/div>\n\t\t\t\t<\/div>\n\t\t\t\t<\/div>\n\t\t<div class=\"elementor-element elementor-element-6d85459 e-con-full elementor-hidden-desktop elementor-hidden-laptop elementor-hidden-tablet_extra elementor-hidden-tablet elementor-hidden-mobile e-flex e-con e-child\" data-id=\"6d85459\" data-element_type=\"container\">\n\t\t\t\t<div class=\"elementor-element elementor-element-53b15aa elementor-widget elementor-widget-heading\" data-id=\"53b15aa\" data-element_type=\"widget\" data-widget_type=\"heading.default\">\n\t\t\t\t<div class=\"elementor-widget-container\">\n\t\t\t\t\t<h5 class=\"elementor-heading-title elementor-size-default\">Materjalid<\/h5>\t\t\t\t<\/div>\n\t\t\t\t<\/div>\n\t\t\t\t<div class=\"elementor-element elementor-element-26ba963 elementor-widget elementor-widget-text-editor\" data-id=\"26ba963\" data-element_type=\"widget\" data-widget_type=\"text-editor.default\">\n\t\t\t\t<div class=\"elementor-widget-container\">\n\t\t\t\t\t\t\t\t\t<table>\n<tbody>\n<tr>\n<th>Kangas<\/th>\n<td>20% Lina, 80% Puuvill<\/td>\n<\/tr>\n<tr>\n<th>Pehmendus<\/th>\n<td>Spiraalvedru, Pol\u00fcuretaanvaht<\/td>\n<\/tr>\n<tr>\n<th>Raam<\/th>\n<td>Teras, Tamm<\/td>\n<\/tr>\n<\/tbody>\n<\/table>\n\t\t\t\t\t\t\t\t<\/div>\n\t\t\t\t<\/div>\n\t\t\t\t<\/div>\n\t\t<div class=\"elementor-element elementor-element-83af4be e-con-full elementor-hidden-desktop elementor-hidden-laptop elementor-hidden-tablet_extra elementor-hidden-tablet elementor-hidden-mobile e-flex e-con e-child\" data-id=\"83af4be\" data-element_type=\"container\">\n\t\t\t\t<div class=\"elementor-element elementor-element-959a506 elementor-widget elementor-widget-heading\" data-id=\"959a506\" data-element_type=\"widget\" data-widget_type=\"heading.default\">\n\t\t\t\t<div class=\"elementor-widget-container\">\n\t\t\t\t\t<h5 class=\"elementor-heading-title elementor-size-default\">Dimensioonid<\/h5>\t\t\t\t<\/div>\n\t\t\t\t<\/div>\n\t\t\t\t<div class=\"elementor-element elementor-element-4ae6d4b elementor-widget elementor-widget-text-editor\" data-id=\"4ae6d4b\" data-element_type=\"widget\" data-widget_type=\"text-editor.default\">\n\t\t\t\t<div class=\"elementor-widget-container\">\n\t\t\t\t\t\t\t\t\t<table>\n<tbody>\n<tr>\n<th>K\u00f5rgus<\/th>\n<td>85cm<\/td>\n<\/tr>\n<tr>\n<th>Istumisk\u00f5rgus<\/th>\n<td>45cm<\/td>\n<\/tr>\n<tr>\n<th>Istumiss\u00fcgavus<\/th>\n<td>50cm<\/td>\n<\/tr>\n<\/tbody>\n<\/table>\n\t\t\t\t\t\t\t\t<\/div>\n\t\t\t\t<\/div>\n\t\t\t\t<\/div>\n\t\t<div class=\"elementor-element elementor-element-d1fcca1 e-con-full e-flex e-con e-child\" data-id=\"d1fcca1\" data-element_type=\"container\">\n\t\t\t\t<div class=\"elementor-element elementor-element-30921ad elementor-widget elementor-widget-woocommerce-product-additional-information\" data-id=\"30921ad\" data-element_type=\"widget\" data-widget_type=\"woocommerce-product-additional-information.default\">\n\t\t\t\t<div class=\"elementor-widget-container\">\n\t\t\t\t\t\n\t<h2>Lis\u00e4tiedot<\/h2>\n\n<div><div class=\"wpcag_groups wpcag_groups_layout_01\"><div class=\"wpcag_group wpcag_group_1097 wpcag_group_mitat\"><div class=\"wpcag_group_info\"><div class=\"wpcag_group_heading\">Mitat<\/div><div class=\"wpcag_group_description\"><\/div><\/div><!-- \/wpcag_group_info --><div class=\"wpcag_group_attributes\">            <table class=\"woocommerce-product-attributes shop_attributes\">\n\t\t\t\t                    <tr class=\"woocommerce-product-attributes-item woocommerce-product-attributes-item--attribute_wpcag_1097_pa_height\">\n                        <th class=\"woocommerce-product-attributes-item__label\">Korkeus<\/th>\n                        <td class=\"woocommerce-product-attributes-item__value\"><p>85cm<\/p>\n<\/td>\n                    <\/tr>\n\t\t\t\t                    <tr class=\"woocommerce-product-attributes-item woocommerce-product-attributes-item--attribute_wpcag_1097_pa_sitting-depth\">\n                        <th class=\"woocommerce-product-attributes-item__label\">Istuinkorkeus<\/th>\n                        <td class=\"woocommerce-product-attributes-item__value\"><p>55 cm<\/p>\n<\/td>\n                    <\/tr>\n\t\t\t\t                    <tr class=\"woocommerce-product-attributes-item woocommerce-product-attributes-item--attribute_wpcag_1097_pa_sitting-height\">\n                        <th class=\"woocommerce-product-attributes-item__label\">Istuinkorkeus<\/th>\n                        <td class=\"woocommerce-product-attributes-item__value\"><p>45cm<\/p>\n<\/td>\n                    <\/tr>\n\t\t\t\t                    <tr class=\"woocommerce-product-attributes-item woocommerce-product-attributes-item--attribute_wpcag_1097_pa_width-of-armrest\">\n                        <th class=\"woocommerce-product-attributes-item__label\">K\u00e4sinojan leveys<\/th>\n                        <td class=\"woocommerce-product-attributes-item__value\"><p>10cm<\/p>\n<\/td>\n                    <\/tr>\n\t\t\t\t            <\/table>\n\t\t\t<\/div><!-- \/wpcag_group_attributes --><\/div><!-- \/wpcag_group --><div class=\"wpcag_group wpcag_group_1100 wpcag_group_materiaalit\"><div class=\"wpcag_group_info\"><div class=\"wpcag_group_heading\">Materiaalit<\/div><div class=\"wpcag_group_description\"><\/div><\/div><!-- \/wpcag_group_info --><div class=\"wpcag_group_attributes\">            <table class=\"woocommerce-product-attributes shop_attributes\">\n\t\t\t\t                    <tr class=\"woocommerce-product-attributes-item woocommerce-product-attributes-item--attribute_wpcag_1100_pa_versioonid\">\n                        <th class=\"woocommerce-product-attributes-item__label\">Versiot<\/th>\n                        <td class=\"woocommerce-product-attributes-item__value\"><p>Amelie 2+D<\/p>\n<\/td>\n                    <\/tr>\n\t\t\t\t                    <tr class=\"woocommerce-product-attributes-item woocommerce-product-attributes-item--attribute_wpcag_1100_pa_jalad\">\n                        <th class=\"woocommerce-product-attributes-item__label\">Jalat<\/th>\n                        <td class=\"woocommerce-product-attributes-item__value\"><p>L82 must<\/p>\n<\/td>\n                    <\/tr>\n\t\t\t\t            <\/table>\n\t\t\t<\/div><!-- \/wpcag_group_attributes --><\/div><!-- \/wpcag_group --><div class=\"wpcag_group wpcag_other\"><div class=\"wpcag_group_info\"><div class=\"wpcag_group_heading\">Other<\/div><\/div><!-- \/wpcag_group_info --><div class=\"wpcag_group_attributes\">            <table class=\"woocommerce-product-attributes shop_attributes\">\n\t\t\t\t                    <tr class=\"woocommerce-product-attributes-item woocommerce-product-attributes-item--attribute_pa_e-poe-kangavalik\">\n                        <th class=\"woocommerce-product-attributes-item__label\">Verkkokaupan kangasvalinta<\/th>\n                        <td class=\"woocommerce-product-attributes-item__value\"><p><a href=\"https:\/\/bellfire.ee\/fi\/e-poe-kangavalik\/brunei-18-fi\/\" rel=\"tag\">BRUNEI 18<\/a>, <a href=\"https:\/\/bellfire.ee\/fi\/e-poe-kangavalik\/brunei-39-fi\/\" rel=\"tag\">BRUNEI 39<\/a>, <a href=\"https:\/\/bellfire.ee\/fi\/e-poe-kangavalik\/brunei-6-fi\/\" rel=\"tag\">BRUNEI 6<\/a>, <a href=\"https:\/\/bellfire.ee\/fi\/e-poe-kangavalik\/brunei-29-fi\/\" rel=\"tag\">BRUNEI 29<\/a>, <a href=\"https:\/\/bellfire.ee\/fi\/e-poe-kangavalik\/brunei-31-fi\/\" rel=\"tag\">BRUNEI 31<\/a>, <a href=\"https:\/\/bellfire.ee\/fi\/e-poe-kangavalik\/brunei-45-fi\/\" rel=\"tag\">BRUNEI 45<\/a><\/p>\n<\/td>\n                    <\/tr>\n\t\t\t\t                    <tr class=\"woocommerce-product-attributes-item woocommerce-product-attributes-item--attribute_pa_jalgade-korgus\">\n                        <th class=\"woocommerce-product-attributes-item__label\">Jalgade k\u00f5rgus<\/th>\n                        <td class=\"woocommerce-product-attributes-item__value\"><\/td>\n                    <\/tr>\n\t\t\t\t                    <tr class=\"woocommerce-product-attributes-item woocommerce-product-attributes-item--attribute_pa_pikkus\">\n                        <th class=\"woocommerce-product-attributes-item__label\">Laius<\/th>\n                        <td class=\"woocommerce-product-attributes-item__value\"><\/td>\n                    <\/tr>\n\t\t\t\t                    <tr class=\"woocommerce-product-attributes-item woocommerce-product-attributes-item--attribute_pa_laius\">\n                        <th class=\"woocommerce-product-attributes-item__label\">S\u00fcgavus<\/th>\n                        <td class=\"woocommerce-product-attributes-item__value\"><\/td>\n                    <\/tr>\n\t\t\t\t            <\/table>\n\t\t\t<\/div><!-- \/wpcag_group_attributes --><\/div><!-- \/wpcag_group --><\/div><\/div>\t\t\t\t<\/div>\n\t\t\t\t<\/div>\n\t\t\t\t<\/div>\n\t\t\t\t\t<\/div>\n\t\t\t\t<\/div>\n\t\t\t\t<\/div>\n\t\t","protected":false},"excerpt":{"rendered":"<p><strong>Amelie kulmasohva<\/strong> Skandinaavisen laadun ja funktionaalisen muotoilun yhdistelm\u00e4 \u2013 Amelie on t\u00e4ydellinen valinta aktiiviselle el\u00e4m\u00e4ntavalle. T\u00e4m\u00e4 sohva on k\u00e4yt\u00e4nn\u00f6llinen, yksinkertainen ja mukava. Suunniteltu Bellfirelle suomalaisen suunnittelijan Marjut Nousiaisen toimesta. Amelie sopii yht\u00e4 hyvin perinteiseen pohjoismaiseen sisustukseen kuin modernin teollistyylisen loftin keskipisteeksi.<\/p>\n","protected":false},"featured_media":50553,"template":"","meta":{"_acf_changed":false},"wpc-attribute-group":[],"product_brand":[],"product_cat":[2235],"product_tag":[],"class_list":{"0":"post-54006","1":"product","2":"type-product","3":"status-publish","4":"has-post-thumbnail","6":"product_cat-sohvat","7":"pa_e-poe-kangavalik-brunei-18-fi","8":"pa_e-poe-kangavalik-brunei-39-fi","9":"pa_e-poe-kangavalik-brunei-6-fi","10":"pa_e-poe-kangavalik-brunei-29-fi","11":"pa_e-poe-kangavalik-brunei-31-fi","12":"pa_e-poe-kangavalik-brunei-45-fi","14":"first","15":"instock","16":"taxable","17":"shipping-taxable","18":"purchasable","19":"product-type-variable","20":"add-to-wishlist-after_add_to_cart"},"acf":[],"yoast_head":"<!-- This site is optimized with the Yoast SEO plugin v26.1 - https:\/\/yoast.com\/wordpress\/plugins\/seo\/ -->\n<title>Amelie - Bellfire<\/title>\n<meta name=\"robots\" content=\"index, follow, max-snippet:-1, max-image-preview:large, max-video-preview:-1\" \/>\n<link rel=\"canonical\" href=\"https:\/\/bellfire.ee\/fi\/olohuone\/sohvat\/amelie\/\" \/>\n<meta property=\"og:locale\" content=\"fi_FI\" \/>\n<meta property=\"og:type\" content=\"article\" \/>\n<meta property=\"og:title\" content=\"Amelie - Bellfire\" \/>\n<meta property=\"og:description\" content=\"Amelie kulmasohva Skandinaavisen laadun ja funktionaalisen muotoilun yhdistelm\u00e4 \u2013 Amelie on t\u00e4ydellinen valinta aktiiviselle el\u00e4m\u00e4ntavalle. T\u00e4m\u00e4 sohva on k\u00e4yt\u00e4nn\u00f6llinen, yksinkertainen ja mukava. Suunniteltu Bellfirelle suomalaisen suunnittelijan Marjut Nousiaisen toimesta. Amelie sopii yht\u00e4 hyvin perinteiseen pohjoismaiseen sisustukseen kuin modernin teollistyylisen loftin keskipisteeksi.\" \/>\n<meta property=\"og:url\" content=\"https:\/\/bellfire.ee\/fi\/olohuone\/sohvat\/amelie\/\" \/>\n<meta property=\"og:site_name\" content=\"Bellfire\" \/>\n<meta property=\"og:image\" content=\"https:\/\/bellfire.ee\/wp-content\/uploads\/2019\/05\/amelie-ikoon-1.jpg\" \/>\n\t<meta property=\"og:image:width\" content=\"1280\" \/>\n\t<meta property=\"og:image:height\" content=\"800\" \/>\n\t<meta property=\"og:image:type\" content=\"image\/jpeg\" \/>\n<meta name=\"twitter:card\" content=\"summary_large_image\" \/>\n<script type=\"application\/ld+json\" class=\"yoast-schema-graph\">{\"@context\":\"https:\/\/schema.org\",\"@graph\":[{\"@type\":\"WebPage\",\"@id\":\"https:\/\/bellfire.ee\/fi\/olohuone\/sohvat\/amelie\/\",\"url\":\"https:\/\/bellfire.ee\/fi\/olohuone\/sohvat\/amelie\/\",\"name\":\"Amelie - Bellfire\",\"isPartOf\":{\"@id\":\"https:\/\/bellfire.ee\/fi\/#website\"},\"primaryImageOfPage\":{\"@id\":\"https:\/\/bellfire.ee\/fi\/olohuone\/sohvat\/amelie\/#primaryimage\"},\"image\":{\"@id\":\"https:\/\/bellfire.ee\/fi\/olohuone\/sohvat\/amelie\/#primaryimage\"},\"thumbnailUrl\":\"https:\/\/bellfire.ee\/wp-content\/uploads\/2019\/05\/amelie-ikoon-1.jpg\",\"datePublished\":\"2019-05-02T13:46:47+00:00\",\"breadcrumb\":{\"@id\":\"https:\/\/bellfire.ee\/fi\/olohuone\/sohvat\/amelie\/#breadcrumb\"},\"inLanguage\":\"fi\",\"potentialAction\":[{\"@type\":\"ReadAction\",\"target\":[\"https:\/\/bellfire.ee\/fi\/olohuone\/sohvat\/amelie\/\"]}]},{\"@type\":\"ImageObject\",\"inLanguage\":\"fi\",\"@id\":\"https:\/\/bellfire.ee\/fi\/olohuone\/sohvat\/amelie\/#primaryimage\",\"url\":\"https:\/\/bellfire.ee\/wp-content\/uploads\/2019\/05\/amelie-ikoon-1.jpg\",\"contentUrl\":\"https:\/\/bellfire.ee\/wp-content\/uploads\/2019\/05\/amelie-ikoon-1.jpg\",\"width\":1280,\"height\":800},{\"@type\":\"BreadcrumbList\",\"@id\":\"https:\/\/bellfire.ee\/fi\/olohuone\/sohvat\/amelie\/#breadcrumb\",\"itemListElement\":[{\"@type\":\"ListItem\",\"position\":1,\"name\":\"Avaleht\",\"item\":\"https:\/\/bellfire.ee\/fi\/\"},{\"@type\":\"ListItem\",\"position\":2,\"name\":\"Huonekalut\",\"item\":\"https:\/\/bellfire.ee\/fi\/huonekalut\/\"},{\"@type\":\"ListItem\",\"position\":3,\"name\":\"Amelie\"}]},{\"@type\":\"WebSite\",\"@id\":\"https:\/\/bellfire.ee\/fi\/#website\",\"url\":\"https:\/\/bellfire.ee\/fi\/\",\"name\":\"Bellfire\",\"description\":\"Disainm\u00f6\u00f6bel Sinu koju Eesti pehme m\u00f6\u00f6bli tootjal\",\"publisher\":{\"@id\":\"https:\/\/bellfire.ee\/fi\/#organization\"},\"potentialAction\":[{\"@type\":\"SearchAction\",\"target\":{\"@type\":\"EntryPoint\",\"urlTemplate\":\"https:\/\/bellfire.ee\/fi\/?s={search_term_string}\"},\"query-input\":{\"@type\":\"PropertyValueSpecification\",\"valueRequired\":true,\"valueName\":\"search_term_string\"}}],\"inLanguage\":\"fi\"},{\"@type\":\"Organization\",\"@id\":\"https:\/\/bellfire.ee\/fi\/#organization\",\"name\":\"Bellfire\",\"url\":\"https:\/\/bellfire.ee\/fi\/\",\"logo\":{\"@type\":\"ImageObject\",\"inLanguage\":\"fi\",\"@id\":\"https:\/\/bellfire.ee\/fi\/#\/schema\/logo\/image\/\",\"url\":\"https:\/\/bellfire.ee\/wp-content\/uploads\/2024\/10\/Site-logo.svg\",\"contentUrl\":\"https:\/\/bellfire.ee\/wp-content\/uploads\/2024\/10\/Site-logo.svg\",\"width\":55,\"height\":64,\"caption\":\"Bellfire\"},\"image\":{\"@id\":\"https:\/\/bellfire.ee\/fi\/#\/schema\/logo\/image\/\"}}]}<\/script>\n<!-- \/ Yoast SEO plugin. -->","yoast_head_json":{"title":"Amelie - Bellfire","robots":{"index":"index","follow":"follow","max-snippet":"max-snippet:-1","max-image-preview":"max-image-preview:large","max-video-preview":"max-video-preview:-1"},"canonical":"https:\/\/bellfire.ee\/fi\/olohuone\/sohvat\/amelie\/","og_locale":"fi_FI","og_type":"article","og_title":"Amelie - Bellfire","og_description":"Amelie kulmasohva Skandinaavisen laadun ja funktionaalisen muotoilun yhdistelm\u00e4 \u2013 Amelie on t\u00e4ydellinen valinta aktiiviselle el\u00e4m\u00e4ntavalle. T\u00e4m\u00e4 sohva on k\u00e4yt\u00e4nn\u00f6llinen, yksinkertainen ja mukava. Suunniteltu Bellfirelle suomalaisen suunnittelijan Marjut Nousiaisen toimesta. Amelie sopii yht\u00e4 hyvin perinteiseen pohjoismaiseen sisustukseen kuin modernin teollistyylisen loftin keskipisteeksi.","og_url":"https:\/\/bellfire.ee\/fi\/olohuone\/sohvat\/amelie\/","og_site_name":"Bellfire","og_image":[{"width":1280,"height":800,"url":"https:\/\/bellfire.ee\/wp-content\/uploads\/2019\/05\/amelie-ikoon-1.jpg","type":"image\/jpeg"}],"twitter_card":"summary_large_image","schema":{"@context":"https:\/\/schema.org","@graph":[{"@type":"WebPage","@id":"https:\/\/bellfire.ee\/fi\/olohuone\/sohvat\/amelie\/","url":"https:\/\/bellfire.ee\/fi\/olohuone\/sohvat\/amelie\/","name":"Amelie - Bellfire","isPartOf":{"@id":"https:\/\/bellfire.ee\/fi\/#website"},"primaryImageOfPage":{"@id":"https:\/\/bellfire.ee\/fi\/olohuone\/sohvat\/amelie\/#primaryimage"},"image":{"@id":"https:\/\/bellfire.ee\/fi\/olohuone\/sohvat\/amelie\/#primaryimage"},"thumbnailUrl":"https:\/\/bellfire.ee\/wp-content\/uploads\/2019\/05\/amelie-ikoon-1.jpg","datePublished":"2019-05-02T13:46:47+00:00","breadcrumb":{"@id":"https:\/\/bellfire.ee\/fi\/olohuone\/sohvat\/amelie\/#breadcrumb"},"inLanguage":"fi","potentialAction":[{"@type":"ReadAction","target":["https:\/\/bellfire.ee\/fi\/olohuone\/sohvat\/amelie\/"]}]},{"@type":"ImageObject","inLanguage":"fi","@id":"https:\/\/bellfire.ee\/fi\/olohuone\/sohvat\/amelie\/#primaryimage","url":"https:\/\/bellfire.ee\/wp-content\/uploads\/2019\/05\/amelie-ikoon-1.jpg","contentUrl":"https:\/\/bellfire.ee\/wp-content\/uploads\/2019\/05\/amelie-ikoon-1.jpg","width":1280,"height":800},{"@type":"BreadcrumbList","@id":"https:\/\/bellfire.ee\/fi\/olohuone\/sohvat\/amelie\/#breadcrumb","itemListElement":[{"@type":"ListItem","position":1,"name":"Avaleht","item":"https:\/\/bellfire.ee\/fi\/"},{"@type":"ListItem","position":2,"name":"Huonekalut","item":"https:\/\/bellfire.ee\/fi\/huonekalut\/"},{"@type":"ListItem","position":3,"name":"Amelie"}]},{"@type":"WebSite","@id":"https:\/\/bellfire.ee\/fi\/#website","url":"https:\/\/bellfire.ee\/fi\/","name":"Bellfire","description":"Disainm\u00f6\u00f6bel Sinu koju Eesti pehme m\u00f6\u00f6bli tootjal","publisher":{"@id":"https:\/\/bellfire.ee\/fi\/#organization"},"potentialAction":[{"@type":"SearchAction","target":{"@type":"EntryPoint","urlTemplate":"https:\/\/bellfire.ee\/fi\/?s={search_term_string}"},"query-input":{"@type":"PropertyValueSpecification","valueRequired":true,"valueName":"search_term_string"}}],"inLanguage":"fi"},{"@type":"Organization","@id":"https:\/\/bellfire.ee\/fi\/#organization","name":"Bellfire","url":"https:\/\/bellfire.ee\/fi\/","logo":{"@type":"ImageObject","inLanguage":"fi","@id":"https:\/\/bellfire.ee\/fi\/#\/schema\/logo\/image\/","url":"https:\/\/bellfire.ee\/wp-content\/uploads\/2024\/10\/Site-logo.svg","contentUrl":"https:\/\/bellfire.ee\/wp-content\/uploads\/2024\/10\/Site-logo.svg","width":55,"height":64,"caption":"Bellfire"},"image":{"@id":"https:\/\/bellfire.ee\/fi\/#\/schema\/logo\/image\/"}}]}},"_links":{"self":[{"href":"https:\/\/bellfire.ee\/fi\/wp-json\/wp\/v2\/product\/54006","targetHints":{"allow":["GET"]}}],"collection":[{"href":"https:\/\/bellfire.ee\/fi\/wp-json\/wp\/v2\/product"}],"about":[{"href":"https:\/\/bellfire.ee\/fi\/wp-json\/wp\/v2\/types\/product"}],"wp:featuredmedia":[{"embeddable":true,"href":"https:\/\/bellfire.ee\/fi\/wp-json\/wp\/v2\/media\/50553"}],"wp:attachment":[{"href":"https:\/\/bellfire.ee\/fi\/wp-json\/wp\/v2\/media?parent=54006"}],"wp:term":[{"taxonomy":"wpc-attribute-group","embeddable":true,"href":"https:\/\/bellfire.ee\/fi\/wp-json\/wp\/v2\/wpc-attribute-group?post=54006"},{"taxonomy":"product_brand","embeddable":true,"href":"https:\/\/bellfire.ee\/fi\/wp-json\/wp\/v2\/product_brand?post=54006"},{"taxonomy":"product_cat","embeddable":true,"href":"https:\/\/bellfire.ee\/fi\/wp-json\/wp\/v2\/product_cat?post=54006"},{"taxonomy":"product_tag","embeddable":true,"href":"https:\/\/bellfire.ee\/fi\/wp-json\/wp\/v2\/product_tag?post=54006"}],"curies":[{"name":"wp","href":"https:\/\/api.w.org\/{rel}","templated":true}]}}