{"id":53914,"date":"2019-05-02T14:28:55","date_gmt":"2019-05-02T14:28:55","guid":{"rendered":"https:\/\/bellfire.ee\/Ei-luokiteltu\/royal-opera\/"},"modified":"2019-05-02T14:28:55","modified_gmt":"2019-05-02T14:28:55","slug":"royal-opera","status":"publish","type":"product","link":"https:\/\/bellfire.ee\/fi\/makuuhuone\/sangyt\/royal-opera\/","title":{"rendered":"Royal opera"},"content":{"rendered":"<p><strong>Royal Opera &#8211; s\u00e4nky<\/strong> on selke\u00e4n muotonsa ja harkitun suunnittelunsa ansiosta todella kuninkaallinen, muuttaen tavallisen makuuhuoneen lev\u00e4hdyspaikaksi, joka sopii kruunup\u00e4ille. Erinomainen jousitusj\u00e4rjestelm\u00e4 ja patja takaavat makean unen, joka varmistaa raikkaan alun jokaiseen p\u00e4iv\u00e4\u00e4n. Korkeat jalat luovat kevyen tunnelman, ja robotti-imuri p\u00e4\u00e4see helposti kulkemaan s\u00e4ngyn alta. Ei tarvitse huolehtia s\u00e4ngyn koosta \u2013 voit valita kuusi eri leveytt\u00e4, alkaen 80 cm ja aina tilavaan 180 cm saakka. Ei ole ep\u00e4ilyst\u00e4k\u00e4\u00e4n, ett\u00e4 jokainen l\u00f6yt\u00e4\u00e4 t\u00e4ydellisen koon.<\/p>\n<p>Hinta sis\u00e4lt\u00e4\u00e4 s\u00e4ngyn rungon ja patjan (lis\u00e4patja ja p\u00e4\u00e4ty saatavilla erikseen vaihtoehdoissa).<\/p>\n<p>Koko kangasvalikoima on n\u00e4ht\u00e4vill\u00e4 n\u00e4yttelytilassamme osoitteessa Riia 142, Tartu.<\/p>\n<p>Huomioithan, ett\u00e4 todellinen v\u00e4ri voi poiketa n\u00e4yt\u00f6ll\u00e4 n\u00e4kyv\u00e4st\u00e4. Suosittelemme v\u00e4rien tarkistamista n\u00e4yttelytilassamme.<\/p>\n","protected":false},"excerpt":{"rendered":"<p><strong>Royal Opera &#8211; s\u00e4nky<\/strong> on selke\u00e4n muotonsa ja harkitun suunnittelunsa ansiosta todella kuninkaallinen, muuttaen tavallisen makuuhuoneen lev\u00e4hdyspaikaksi, joka sopii kruunup\u00e4ille. Erinomainen jousitusj\u00e4rjestelm\u00e4 ja patja takaavat makean unen, joka varmistaa raikkaan alun jokaiseen p\u00e4iv\u00e4\u00e4n. Korkeat jalat luovat kevyen tunnelman, ja robotti-imuri p\u00e4\u00e4see helposti kulkemaan s\u00e4ngyn alta. Ei tarvitse huolehtia s\u00e4ngyn koosta \u2013 voit valita kuusi eri leveytt\u00e4, alkaen 80 cm ja aina tilavaan 180 cm saakka. Ei ole ep\u00e4ilyst\u00e4k\u00e4\u00e4n, ett\u00e4 jokainen l\u00f6yt\u00e4\u00e4 t\u00e4ydellisen koon.<\/p>\n<p>Hinta sis\u00e4lt\u00e4\u00e4 s\u00e4ngyn rungon ja patjan (lis\u00e4patja ja p\u00e4\u00e4ty saatavilla erikseen vaihtoehdoissa).<\/p>\n<p>Koko kangasvalikoima on n\u00e4ht\u00e4vill\u00e4 n\u00e4yttelytilassamme osoitteessa Riia 142, Tartu.<\/p>\n<p>Huomioithan, ett\u00e4 todellinen v\u00e4ri voi poiketa n\u00e4yt\u00f6ll\u00e4 n\u00e4kyv\u00e4st\u00e4. Suosittelemme v\u00e4rien tarkistamista n\u00e4yttelytilassamme.<\/p>\n","protected":false},"featured_media":65843,"template":"","meta":{"_acf_changed":false},"wpc-attribute-group":[],"product_brand":[],"product_cat":[2238],"product_tag":[],"class_list":{"0":"post-53914","1":"product","2":"type-product","3":"status-publish","4":"has-post-thumbnail","6":"product_cat-sangyt","8":"first","9":"instock","10":"taxable","11":"shipping-taxable","12":"purchasable","13":"product-type-variable","14":"add-to-wishlist-after_add_to_cart"},"acf":[],"yoast_head":"<!-- This site is optimized with the Yoast SEO plugin v26.1 - https:\/\/yoast.com\/wordpress\/plugins\/seo\/ -->\n<title>Royal opera - Bellfire<\/title>\n<meta name=\"robots\" content=\"index, follow, max-snippet:-1, max-image-preview:large, max-video-preview:-1\" \/>\n<link rel=\"canonical\" href=\"https:\/\/bellfire.ee\/fi\/makuuhuone\/sangyt\/royal-opera\/\" \/>\n<meta property=\"og:locale\" content=\"fi_FI\" \/>\n<meta property=\"og:type\" content=\"article\" \/>\n<meta property=\"og:title\" content=\"Royal opera - Bellfire\" \/>\n<meta property=\"og:description\" content=\"Royal Opera - s\u00e4nky on selke\u00e4n muotonsa ja harkitun suunnittelunsa ansiosta todella kuninkaallinen, muuttaen tavallisen makuuhuoneen lev\u00e4hdyspaikaksi, joka sopii kruunup\u00e4ille. Erinomainen jousitusj\u00e4rjestelm\u00e4 ja patja takaavat makean unen, joka varmistaa raikkaan alun jokaiseen p\u00e4iv\u00e4\u00e4n. Korkeat jalat luovat kevyen tunnelman, ja robotti-imuri p\u00e4\u00e4see helposti kulkemaan s\u00e4ngyn alta. Ei tarvitse huolehtia s\u00e4ngyn koosta \u2013 voit valita kuusi eri leveytt\u00e4, alkaen 80 cm ja aina tilavaan 180 cm saakka. Ei ole ep\u00e4ilyst\u00e4k\u00e4\u00e4n, ett\u00e4 jokainen l\u00f6yt\u00e4\u00e4 t\u00e4ydellisen koon.  Hinta sis\u00e4lt\u00e4\u00e4 s\u00e4ngyn rungon ja patjan (lis\u00e4patja ja p\u00e4\u00e4ty saatavilla erikseen vaihtoehdoissa).  Koko kangasvalikoima on n\u00e4ht\u00e4vill\u00e4 n\u00e4yttelytilassamme osoitteessa Riia 142, Tartu.  Huomioithan, ett\u00e4 todellinen v\u00e4ri voi poiketa n\u00e4yt\u00f6ll\u00e4 n\u00e4kyv\u00e4st\u00e4. Suosittelemme v\u00e4rien tarkistamista n\u00e4yttelytilassamme.\" \/>\n<meta property=\"og:url\" content=\"https:\/\/bellfire.ee\/fi\/makuuhuone\/sangyt\/royal-opera\/\" \/>\n<meta property=\"og:site_name\" content=\"Bellfire\" \/>\n<meta property=\"og:image\" content=\"https:\/\/bellfire.ee\/wp-content\/uploads\/2024\/10\/Hotellivood-Royal-Opera-Poolprofiil-scaled.jpg\" \/>\n\t<meta property=\"og:image:width\" content=\"2560\" \/>\n\t<meta property=\"og:image:height\" content=\"1696\" \/>\n\t<meta property=\"og:image:type\" content=\"image\/jpeg\" \/>\n<meta name=\"twitter:card\" content=\"summary_large_image\" \/>\n<meta name=\"twitter:label1\" content=\"Arvioitu lukuaika\" \/>\n\t<meta name=\"twitter:data1\" content=\"1 minuutti\" \/>\n<script type=\"application\/ld+json\" class=\"yoast-schema-graph\">{\"@context\":\"https:\/\/schema.org\",\"@graph\":[{\"@type\":\"WebPage\",\"@id\":\"https:\/\/bellfire.ee\/fi\/makuuhuone\/sangyt\/royal-opera\/\",\"url\":\"https:\/\/bellfire.ee\/fi\/makuuhuone\/sangyt\/royal-opera\/\",\"name\":\"Royal opera - Bellfire\",\"isPartOf\":{\"@id\":\"https:\/\/bellfire.ee\/fi\/#website\"},\"primaryImageOfPage\":{\"@id\":\"https:\/\/bellfire.ee\/fi\/makuuhuone\/sangyt\/royal-opera\/#primaryimage\"},\"image\":{\"@id\":\"https:\/\/bellfire.ee\/fi\/makuuhuone\/sangyt\/royal-opera\/#primaryimage\"},\"thumbnailUrl\":\"https:\/\/bellfire.ee\/wp-content\/uploads\/2025\/07\/Royal-opera-Soro-77-scaled.jpg\",\"datePublished\":\"2019-05-02T14:28:55+00:00\",\"breadcrumb\":{\"@id\":\"https:\/\/bellfire.ee\/fi\/makuuhuone\/sangyt\/royal-opera\/#breadcrumb\"},\"inLanguage\":\"fi\",\"potentialAction\":[{\"@type\":\"ReadAction\",\"target\":[\"https:\/\/bellfire.ee\/fi\/makuuhuone\/sangyt\/royal-opera\/\"]}]},{\"@type\":\"ImageObject\",\"inLanguage\":\"fi\",\"@id\":\"https:\/\/bellfire.ee\/fi\/makuuhuone\/sangyt\/royal-opera\/#primaryimage\",\"url\":\"https:\/\/bellfire.ee\/wp-content\/uploads\/2025\/07\/Royal-opera-Soro-77-scaled.jpg\",\"contentUrl\":\"https:\/\/bellfire.ee\/wp-content\/uploads\/2025\/07\/Royal-opera-Soro-77-scaled.jpg\",\"width\":2560,\"height\":1696},{\"@type\":\"BreadcrumbList\",\"@id\":\"https:\/\/bellfire.ee\/fi\/makuuhuone\/sangyt\/royal-opera\/#breadcrumb\",\"itemListElement\":[{\"@type\":\"ListItem\",\"position\":1,\"name\":\"Avaleht\",\"item\":\"https:\/\/bellfire.ee\/fi\/\"},{\"@type\":\"ListItem\",\"position\":2,\"name\":\"Huonekalut\",\"item\":\"https:\/\/bellfire.ee\/fi\/huonekalut\/\"},{\"@type\":\"ListItem\",\"position\":3,\"name\":\"Royal opera\"}]},{\"@type\":\"WebSite\",\"@id\":\"https:\/\/bellfire.ee\/fi\/#website\",\"url\":\"https:\/\/bellfire.ee\/fi\/\",\"name\":\"Bellfire\",\"description\":\"Disainm\u00f6\u00f6bel Sinu koju Eesti pehme m\u00f6\u00f6bli tootjal\",\"publisher\":{\"@id\":\"https:\/\/bellfire.ee\/fi\/#organization\"},\"potentialAction\":[{\"@type\":\"SearchAction\",\"target\":{\"@type\":\"EntryPoint\",\"urlTemplate\":\"https:\/\/bellfire.ee\/fi\/?s={search_term_string}\"},\"query-input\":{\"@type\":\"PropertyValueSpecification\",\"valueRequired\":true,\"valueName\":\"search_term_string\"}}],\"inLanguage\":\"fi\"},{\"@type\":\"Organization\",\"@id\":\"https:\/\/bellfire.ee\/fi\/#organization\",\"name\":\"Bellfire\",\"url\":\"https:\/\/bellfire.ee\/fi\/\",\"logo\":{\"@type\":\"ImageObject\",\"inLanguage\":\"fi\",\"@id\":\"https:\/\/bellfire.ee\/fi\/#\/schema\/logo\/image\/\",\"url\":\"https:\/\/bellfire.ee\/wp-content\/uploads\/2024\/10\/Site-logo.svg\",\"contentUrl\":\"https:\/\/bellfire.ee\/wp-content\/uploads\/2024\/10\/Site-logo.svg\",\"width\":55,\"height\":64,\"caption\":\"Bellfire\"},\"image\":{\"@id\":\"https:\/\/bellfire.ee\/fi\/#\/schema\/logo\/image\/\"}}]}<\/script>\n<!-- \/ Yoast SEO plugin. -->","yoast_head_json":{"title":"Royal opera - Bellfire","robots":{"index":"index","follow":"follow","max-snippet":"max-snippet:-1","max-image-preview":"max-image-preview:large","max-video-preview":"max-video-preview:-1"},"canonical":"https:\/\/bellfire.ee\/fi\/makuuhuone\/sangyt\/royal-opera\/","og_locale":"fi_FI","og_type":"article","og_title":"Royal opera - Bellfire","og_description":"Royal Opera - s\u00e4nky on selke\u00e4n muotonsa ja harkitun suunnittelunsa ansiosta todella kuninkaallinen, muuttaen tavallisen makuuhuoneen lev\u00e4hdyspaikaksi, joka sopii kruunup\u00e4ille. Erinomainen jousitusj\u00e4rjestelm\u00e4 ja patja takaavat makean unen, joka varmistaa raikkaan alun jokaiseen p\u00e4iv\u00e4\u00e4n. Korkeat jalat luovat kevyen tunnelman, ja robotti-imuri p\u00e4\u00e4see helposti kulkemaan s\u00e4ngyn alta. Ei tarvitse huolehtia s\u00e4ngyn koosta \u2013 voit valita kuusi eri leveytt\u00e4, alkaen 80 cm ja aina tilavaan 180 cm saakka. Ei ole ep\u00e4ilyst\u00e4k\u00e4\u00e4n, ett\u00e4 jokainen l\u00f6yt\u00e4\u00e4 t\u00e4ydellisen koon.  Hinta sis\u00e4lt\u00e4\u00e4 s\u00e4ngyn rungon ja patjan (lis\u00e4patja ja p\u00e4\u00e4ty saatavilla erikseen vaihtoehdoissa).  Koko kangasvalikoima on n\u00e4ht\u00e4vill\u00e4 n\u00e4yttelytilassamme osoitteessa Riia 142, Tartu.  Huomioithan, ett\u00e4 todellinen v\u00e4ri voi poiketa n\u00e4yt\u00f6ll\u00e4 n\u00e4kyv\u00e4st\u00e4. Suosittelemme v\u00e4rien tarkistamista n\u00e4yttelytilassamme.","og_url":"https:\/\/bellfire.ee\/fi\/makuuhuone\/sangyt\/royal-opera\/","og_site_name":"Bellfire","og_image":[{"width":2560,"height":1696,"url":"https:\/\/bellfire.ee\/wp-content\/uploads\/2024\/10\/Hotellivood-Royal-Opera-Poolprofiil-scaled.jpg","type":"image\/jpeg"}],"twitter_card":"summary_large_image","twitter_misc":{"Arvioitu lukuaika":"1 minuutti"},"schema":{"@context":"https:\/\/schema.org","@graph":[{"@type":"WebPage","@id":"https:\/\/bellfire.ee\/fi\/makuuhuone\/sangyt\/royal-opera\/","url":"https:\/\/bellfire.ee\/fi\/makuuhuone\/sangyt\/royal-opera\/","name":"Royal opera - Bellfire","isPartOf":{"@id":"https:\/\/bellfire.ee\/fi\/#website"},"primaryImageOfPage":{"@id":"https:\/\/bellfire.ee\/fi\/makuuhuone\/sangyt\/royal-opera\/#primaryimage"},"image":{"@id":"https:\/\/bellfire.ee\/fi\/makuuhuone\/sangyt\/royal-opera\/#primaryimage"},"thumbnailUrl":"https:\/\/bellfire.ee\/wp-content\/uploads\/2025\/07\/Royal-opera-Soro-77-scaled.jpg","datePublished":"2019-05-02T14:28:55+00:00","breadcrumb":{"@id":"https:\/\/bellfire.ee\/fi\/makuuhuone\/sangyt\/royal-opera\/#breadcrumb"},"inLanguage":"fi","potentialAction":[{"@type":"ReadAction","target":["https:\/\/bellfire.ee\/fi\/makuuhuone\/sangyt\/royal-opera\/"]}]},{"@type":"ImageObject","inLanguage":"fi","@id":"https:\/\/bellfire.ee\/fi\/makuuhuone\/sangyt\/royal-opera\/#primaryimage","url":"https:\/\/bellfire.ee\/wp-content\/uploads\/2025\/07\/Royal-opera-Soro-77-scaled.jpg","contentUrl":"https:\/\/bellfire.ee\/wp-content\/uploads\/2025\/07\/Royal-opera-Soro-77-scaled.jpg","width":2560,"height":1696},{"@type":"BreadcrumbList","@id":"https:\/\/bellfire.ee\/fi\/makuuhuone\/sangyt\/royal-opera\/#breadcrumb","itemListElement":[{"@type":"ListItem","position":1,"name":"Avaleht","item":"https:\/\/bellfire.ee\/fi\/"},{"@type":"ListItem","position":2,"name":"Huonekalut","item":"https:\/\/bellfire.ee\/fi\/huonekalut\/"},{"@type":"ListItem","position":3,"name":"Royal opera"}]},{"@type":"WebSite","@id":"https:\/\/bellfire.ee\/fi\/#website","url":"https:\/\/bellfire.ee\/fi\/","name":"Bellfire","description":"Disainm\u00f6\u00f6bel Sinu koju Eesti pehme m\u00f6\u00f6bli tootjal","publisher":{"@id":"https:\/\/bellfire.ee\/fi\/#organization"},"potentialAction":[{"@type":"SearchAction","target":{"@type":"EntryPoint","urlTemplate":"https:\/\/bellfire.ee\/fi\/?s={search_term_string}"},"query-input":{"@type":"PropertyValueSpecification","valueRequired":true,"valueName":"search_term_string"}}],"inLanguage":"fi"},{"@type":"Organization","@id":"https:\/\/bellfire.ee\/fi\/#organization","name":"Bellfire","url":"https:\/\/bellfire.ee\/fi\/","logo":{"@type":"ImageObject","inLanguage":"fi","@id":"https:\/\/bellfire.ee\/fi\/#\/schema\/logo\/image\/","url":"https:\/\/bellfire.ee\/wp-content\/uploads\/2024\/10\/Site-logo.svg","contentUrl":"https:\/\/bellfire.ee\/wp-content\/uploads\/2024\/10\/Site-logo.svg","width":55,"height":64,"caption":"Bellfire"},"image":{"@id":"https:\/\/bellfire.ee\/fi\/#\/schema\/logo\/image\/"}}]}},"_links":{"self":[{"href":"https:\/\/bellfire.ee\/fi\/wp-json\/wp\/v2\/product\/53914","targetHints":{"allow":["GET"]}}],"collection":[{"href":"https:\/\/bellfire.ee\/fi\/wp-json\/wp\/v2\/product"}],"about":[{"href":"https:\/\/bellfire.ee\/fi\/wp-json\/wp\/v2\/types\/product"}],"wp:featuredmedia":[{"embeddable":true,"href":"https:\/\/bellfire.ee\/fi\/wp-json\/wp\/v2\/media\/65843"}],"wp:attachment":[{"href":"https:\/\/bellfire.ee\/fi\/wp-json\/wp\/v2\/media?parent=53914"}],"wp:term":[{"taxonomy":"wpc-attribute-group","embeddable":true,"href":"https:\/\/bellfire.ee\/fi\/wp-json\/wp\/v2\/wpc-attribute-group?post=53914"},{"taxonomy":"product_brand","embeddable":true,"href":"https:\/\/bellfire.ee\/fi\/wp-json\/wp\/v2\/product_brand?post=53914"},{"taxonomy":"product_cat","embeddable":true,"href":"https:\/\/bellfire.ee\/fi\/wp-json\/wp\/v2\/product_cat?post=53914"},{"taxonomy":"product_tag","embeddable":true,"href":"https:\/\/bellfire.ee\/fi\/wp-json\/wp\/v2\/product_tag?post=53914"}],"curies":[{"name":"wp","href":"https:\/\/api.w.org\/{rel}","templated":true}]}}