{"id":53907,"date":"2019-05-02T14:35:06","date_gmt":"2019-05-02T14:35:06","guid":{"rendered":"https:\/\/bellfire.ee\/Ei-luokiteltu\/royal-plus\/"},"modified":"2019-05-02T14:35:06","modified_gmt":"2019-05-02T14:35:06","slug":"royal-plus","status":"publish","type":"product","link":"https:\/\/bellfire.ee\/fi\/makuuhuone\/sangyt\/royal-plus\/","title":{"rendered":"Royal plus"},"content":{"rendered":"<p>T\u00e4m\u00e4n s\u00e4ngyn klassiset linjat huokuvat upeaa majesteettisuutta, tuoden kuninkaallista ylellisyytt\u00e4 jokaiseen makuuhuoneeseen. Mutta kyse ei ole vain ulkoisesta loistosta \u2013 vahva puurunko, kuninkaalliset jouset ja paras mahdollinen patja tekev\u00e4t t\u00e4st\u00e4 s\u00e4ngyst\u00e4 vastustamattoman valinnan kaikille, jotka arvostavat hyv\u00e4\u00e4 ja palauttavaa y\u00f6unta \u2013 juuri kuten kuninkaalliset ansaitsevat.<\/p>\n<p>Saatavilla on useita kokoja:<\/p>\n<ul>\n<li>Kapeampi <strong>80 cm x 200 cm<\/strong> s\u00e4nky prinssien ja prinsessojen tarpeisiin<\/li>\n<li>Suuri <strong>180 cm x 200 cm<\/strong> s\u00e4nky, jossa jopa kuningas tuntee olonsa kotoisaksi<\/li>\n<\/ul>\n<p><strong>Hinta sis\u00e4lt\u00e4\u00e4 s\u00e4ngyn rungon ja patjan<\/strong> (p\u00e4\u00e4llismatras ja s\u00e4ngynp\u00e4\u00e4ty saatavilla erikseen lis\u00e4valintoina).<\/p>\n<p>Voit tutustua koko kangasvalikoimaan n\u00e4yttelytilassamme osoitteessa Riia 142, Tartto.<\/p>\n<p>Huomioithan, ett\u00e4 v\u00e4rit voivat poiketa n\u00e4yt\u00f6ll\u00e4 n\u00e4kyv\u00e4st\u00e4. Suosittelemme tarkistamaan v\u00e4rit n\u00e4yttelytilassamme.<\/p>\n","protected":false},"excerpt":{"rendered":"<p>T\u00e4m\u00e4n s\u00e4ngyn klassiset linjat huokuvat upeaa majesteettisuutta, tuoden kuninkaallista ylellisyytt\u00e4 jokaiseen makuuhuoneeseen. Mutta kyse ei ole vain ulkoisesta loistosta \u2013 vahva puurunko, kuninkaalliset jouset ja paras mahdollinen patja tekev\u00e4t t\u00e4st\u00e4 s\u00e4ngyst\u00e4 vastustamattoman valinnan kaikille, jotka arvostavat hyv\u00e4\u00e4 ja palauttavaa y\u00f6unta \u2013 juuri kuten kuninkaalliset ansaitsevat.<\/p>\n<p>Saatavilla on useita kokoja:<\/p>\n<ul>\n<li>Kapeampi <strong>80 cm x 200 cm<\/strong> s\u00e4nky prinssien ja prinsessojen tarpeisiin<\/li>\n<li>Suuri <strong>180 cm x 200 cm<\/strong> s\u00e4nky, jossa jopa kuningas tuntee olonsa kotoisaksi<\/li>\n<\/ul>\n<p><strong>Hinta sis\u00e4lt\u00e4\u00e4 s\u00e4ngyn rungon ja patjan<\/strong> (p\u00e4\u00e4llismatras ja s\u00e4ngynp\u00e4\u00e4ty saatavilla erikseen lis\u00e4valintoina).<\/p>\n<p>Voit tutustua koko kangasvalikoimaan n\u00e4yttelytilassamme osoitteessa Riia 142, Tartto.<\/p>\n<p>Huomioithan, ett\u00e4 v\u00e4rit voivat poiketa n\u00e4yt\u00f6ll\u00e4 n\u00e4kyv\u00e4st\u00e4. Suosittelemme tarkistamaan v\u00e4rit n\u00e4yttelytilassamme.<\/p>\n","protected":false},"featured_media":65963,"template":"","meta":{"_acf_changed":false},"wpc-attribute-group":[],"product_brand":[],"product_cat":[2238],"product_tag":[],"class_list":{"0":"post-53907","1":"product","2":"type-product","3":"status-publish","4":"has-post-thumbnail","6":"product_cat-sangyt","8":"first","9":"instock","10":"taxable","11":"shipping-taxable","12":"purchasable","13":"product-type-variable","14":"add-to-wishlist-after_add_to_cart"},"acf":[],"yoast_head":"<!-- This site is optimized with the Yoast SEO plugin v26.1 - https:\/\/yoast.com\/wordpress\/plugins\/seo\/ -->\n<title>Royal plus - Bellfire<\/title>\n<meta name=\"robots\" content=\"index, follow, max-snippet:-1, max-image-preview:large, max-video-preview:-1\" \/>\n<link rel=\"canonical\" href=\"https:\/\/bellfire.ee\/fi\/makuuhuone\/sangyt\/royal-plus\/\" \/>\n<meta property=\"og:locale\" content=\"fi_FI\" \/>\n<meta property=\"og:type\" content=\"article\" \/>\n<meta property=\"og:title\" content=\"Royal plus - Bellfire\" \/>\n<meta property=\"og:description\" content=\"T\u00e4m\u00e4n s\u00e4ngyn klassiset linjat huokuvat upeaa majesteettisuutta, tuoden kuninkaallista ylellisyytt\u00e4 jokaiseen makuuhuoneeseen. Mutta kyse ei ole vain ulkoisesta loistosta \u2013 vahva puurunko, kuninkaalliset jouset ja paras mahdollinen patja tekev\u00e4t t\u00e4st\u00e4 s\u00e4ngyst\u00e4 vastustamattoman valinnan kaikille, jotka arvostavat hyv\u00e4\u00e4 ja palauttavaa y\u00f6unta \u2013 juuri kuten kuninkaalliset ansaitsevat.  Saatavilla on useita kokoja:   Kapeampi 80 cm x 200 cm s\u00e4nky prinssien ja prinsessojen tarpeisiin  Suuri 180 cm x 200 cm s\u00e4nky, jossa jopa kuningas tuntee olonsa kotoisaksi  Hinta sis\u00e4lt\u00e4\u00e4 s\u00e4ngyn rungon ja patjan (p\u00e4\u00e4llismatras ja s\u00e4ngynp\u00e4\u00e4ty saatavilla erikseen lis\u00e4valintoina).  Voit tutustua koko kangasvalikoimaan n\u00e4yttelytilassamme osoitteessa Riia 142, Tartto.  Huomioithan, ett\u00e4 v\u00e4rit voivat poiketa n\u00e4yt\u00f6ll\u00e4 n\u00e4kyv\u00e4st\u00e4. Suosittelemme tarkistamaan v\u00e4rit n\u00e4yttelytilassamme.\" \/>\n<meta property=\"og:url\" content=\"https:\/\/bellfire.ee\/fi\/makuuhuone\/sangyt\/royal-plus\/\" \/>\n<meta property=\"og:site_name\" content=\"Bellfire\" \/>\n<meta property=\"og:image\" content=\"https:\/\/bellfire.ee\/wp-content\/uploads\/2024\/10\/Royal-Plus-Poolprofiil-scaled.jpg\" \/>\n\t<meta property=\"og:image:width\" content=\"2560\" \/>\n\t<meta property=\"og:image:height\" content=\"1696\" \/>\n\t<meta property=\"og:image:type\" content=\"image\/jpeg\" \/>\n<meta name=\"twitter:card\" content=\"summary_large_image\" \/>\n<meta name=\"twitter:label1\" content=\"Arvioitu lukuaika\" \/>\n\t<meta name=\"twitter:data1\" content=\"1 minuutti\" \/>\n<script type=\"application\/ld+json\" class=\"yoast-schema-graph\">{\"@context\":\"https:\/\/schema.org\",\"@graph\":[{\"@type\":\"WebPage\",\"@id\":\"https:\/\/bellfire.ee\/fi\/makuuhuone\/sangyt\/royal-plus\/\",\"url\":\"https:\/\/bellfire.ee\/fi\/makuuhuone\/sangyt\/royal-plus\/\",\"name\":\"Royal plus - Bellfire\",\"isPartOf\":{\"@id\":\"https:\/\/bellfire.ee\/fi\/#website\"},\"primaryImageOfPage\":{\"@id\":\"https:\/\/bellfire.ee\/fi\/makuuhuone\/sangyt\/royal-plus\/#primaryimage\"},\"image\":{\"@id\":\"https:\/\/bellfire.ee\/fi\/makuuhuone\/sangyt\/royal-plus\/#primaryimage\"},\"thumbnailUrl\":\"https:\/\/bellfire.ee\/wp-content\/uploads\/2025\/07\/Royal-plus-soro-97-scaled.jpg\",\"datePublished\":\"2019-05-02T14:35:06+00:00\",\"breadcrumb\":{\"@id\":\"https:\/\/bellfire.ee\/fi\/makuuhuone\/sangyt\/royal-plus\/#breadcrumb\"},\"inLanguage\":\"fi\",\"potentialAction\":[{\"@type\":\"ReadAction\",\"target\":[\"https:\/\/bellfire.ee\/fi\/makuuhuone\/sangyt\/royal-plus\/\"]}]},{\"@type\":\"ImageObject\",\"inLanguage\":\"fi\",\"@id\":\"https:\/\/bellfire.ee\/fi\/makuuhuone\/sangyt\/royal-plus\/#primaryimage\",\"url\":\"https:\/\/bellfire.ee\/wp-content\/uploads\/2025\/07\/Royal-plus-soro-97-scaled.jpg\",\"contentUrl\":\"https:\/\/bellfire.ee\/wp-content\/uploads\/2025\/07\/Royal-plus-soro-97-scaled.jpg\",\"width\":2560,\"height\":1696},{\"@type\":\"BreadcrumbList\",\"@id\":\"https:\/\/bellfire.ee\/fi\/makuuhuone\/sangyt\/royal-plus\/#breadcrumb\",\"itemListElement\":[{\"@type\":\"ListItem\",\"position\":1,\"name\":\"Avaleht\",\"item\":\"https:\/\/bellfire.ee\/fi\/\"},{\"@type\":\"ListItem\",\"position\":2,\"name\":\"Huonekalut\",\"item\":\"https:\/\/bellfire.ee\/fi\/huonekalut\/\"},{\"@type\":\"ListItem\",\"position\":3,\"name\":\"Royal plus\"}]},{\"@type\":\"WebSite\",\"@id\":\"https:\/\/bellfire.ee\/fi\/#website\",\"url\":\"https:\/\/bellfire.ee\/fi\/\",\"name\":\"Bellfire\",\"description\":\"Disainm\u00f6\u00f6bel Sinu koju Eesti pehme m\u00f6\u00f6bli tootjal\",\"publisher\":{\"@id\":\"https:\/\/bellfire.ee\/fi\/#organization\"},\"potentialAction\":[{\"@type\":\"SearchAction\",\"target\":{\"@type\":\"EntryPoint\",\"urlTemplate\":\"https:\/\/bellfire.ee\/fi\/?s={search_term_string}\"},\"query-input\":{\"@type\":\"PropertyValueSpecification\",\"valueRequired\":true,\"valueName\":\"search_term_string\"}}],\"inLanguage\":\"fi\"},{\"@type\":\"Organization\",\"@id\":\"https:\/\/bellfire.ee\/fi\/#organization\",\"name\":\"Bellfire\",\"url\":\"https:\/\/bellfire.ee\/fi\/\",\"logo\":{\"@type\":\"ImageObject\",\"inLanguage\":\"fi\",\"@id\":\"https:\/\/bellfire.ee\/fi\/#\/schema\/logo\/image\/\",\"url\":\"https:\/\/bellfire.ee\/wp-content\/uploads\/2024\/10\/Site-logo.svg\",\"contentUrl\":\"https:\/\/bellfire.ee\/wp-content\/uploads\/2024\/10\/Site-logo.svg\",\"width\":55,\"height\":64,\"caption\":\"Bellfire\"},\"image\":{\"@id\":\"https:\/\/bellfire.ee\/fi\/#\/schema\/logo\/image\/\"}}]}<\/script>\n<!-- \/ Yoast SEO plugin. -->","yoast_head_json":{"title":"Royal plus - Bellfire","robots":{"index":"index","follow":"follow","max-snippet":"max-snippet:-1","max-image-preview":"max-image-preview:large","max-video-preview":"max-video-preview:-1"},"canonical":"https:\/\/bellfire.ee\/fi\/makuuhuone\/sangyt\/royal-plus\/","og_locale":"fi_FI","og_type":"article","og_title":"Royal plus - Bellfire","og_description":"T\u00e4m\u00e4n s\u00e4ngyn klassiset linjat huokuvat upeaa majesteettisuutta, tuoden kuninkaallista ylellisyytt\u00e4 jokaiseen makuuhuoneeseen. Mutta kyse ei ole vain ulkoisesta loistosta \u2013 vahva puurunko, kuninkaalliset jouset ja paras mahdollinen patja tekev\u00e4t t\u00e4st\u00e4 s\u00e4ngyst\u00e4 vastustamattoman valinnan kaikille, jotka arvostavat hyv\u00e4\u00e4 ja palauttavaa y\u00f6unta \u2013 juuri kuten kuninkaalliset ansaitsevat.  Saatavilla on useita kokoja:   Kapeampi 80 cm x 200 cm s\u00e4nky prinssien ja prinsessojen tarpeisiin  Suuri 180 cm x 200 cm s\u00e4nky, jossa jopa kuningas tuntee olonsa kotoisaksi  Hinta sis\u00e4lt\u00e4\u00e4 s\u00e4ngyn rungon ja patjan (p\u00e4\u00e4llismatras ja s\u00e4ngynp\u00e4\u00e4ty saatavilla erikseen lis\u00e4valintoina).  Voit tutustua koko kangasvalikoimaan n\u00e4yttelytilassamme osoitteessa Riia 142, Tartto.  Huomioithan, ett\u00e4 v\u00e4rit voivat poiketa n\u00e4yt\u00f6ll\u00e4 n\u00e4kyv\u00e4st\u00e4. Suosittelemme tarkistamaan v\u00e4rit n\u00e4yttelytilassamme.","og_url":"https:\/\/bellfire.ee\/fi\/makuuhuone\/sangyt\/royal-plus\/","og_site_name":"Bellfire","og_image":[{"width":2560,"height":1696,"url":"https:\/\/bellfire.ee\/wp-content\/uploads\/2024\/10\/Royal-Plus-Poolprofiil-scaled.jpg","type":"image\/jpeg"}],"twitter_card":"summary_large_image","twitter_misc":{"Arvioitu lukuaika":"1 minuutti"},"schema":{"@context":"https:\/\/schema.org","@graph":[{"@type":"WebPage","@id":"https:\/\/bellfire.ee\/fi\/makuuhuone\/sangyt\/royal-plus\/","url":"https:\/\/bellfire.ee\/fi\/makuuhuone\/sangyt\/royal-plus\/","name":"Royal plus - Bellfire","isPartOf":{"@id":"https:\/\/bellfire.ee\/fi\/#website"},"primaryImageOfPage":{"@id":"https:\/\/bellfire.ee\/fi\/makuuhuone\/sangyt\/royal-plus\/#primaryimage"},"image":{"@id":"https:\/\/bellfire.ee\/fi\/makuuhuone\/sangyt\/royal-plus\/#primaryimage"},"thumbnailUrl":"https:\/\/bellfire.ee\/wp-content\/uploads\/2025\/07\/Royal-plus-soro-97-scaled.jpg","datePublished":"2019-05-02T14:35:06+00:00","breadcrumb":{"@id":"https:\/\/bellfire.ee\/fi\/makuuhuone\/sangyt\/royal-plus\/#breadcrumb"},"inLanguage":"fi","potentialAction":[{"@type":"ReadAction","target":["https:\/\/bellfire.ee\/fi\/makuuhuone\/sangyt\/royal-plus\/"]}]},{"@type":"ImageObject","inLanguage":"fi","@id":"https:\/\/bellfire.ee\/fi\/makuuhuone\/sangyt\/royal-plus\/#primaryimage","url":"https:\/\/bellfire.ee\/wp-content\/uploads\/2025\/07\/Royal-plus-soro-97-scaled.jpg","contentUrl":"https:\/\/bellfire.ee\/wp-content\/uploads\/2025\/07\/Royal-plus-soro-97-scaled.jpg","width":2560,"height":1696},{"@type":"BreadcrumbList","@id":"https:\/\/bellfire.ee\/fi\/makuuhuone\/sangyt\/royal-plus\/#breadcrumb","itemListElement":[{"@type":"ListItem","position":1,"name":"Avaleht","item":"https:\/\/bellfire.ee\/fi\/"},{"@type":"ListItem","position":2,"name":"Huonekalut","item":"https:\/\/bellfire.ee\/fi\/huonekalut\/"},{"@type":"ListItem","position":3,"name":"Royal plus"}]},{"@type":"WebSite","@id":"https:\/\/bellfire.ee\/fi\/#website","url":"https:\/\/bellfire.ee\/fi\/","name":"Bellfire","description":"Disainm\u00f6\u00f6bel Sinu koju Eesti pehme m\u00f6\u00f6bli tootjal","publisher":{"@id":"https:\/\/bellfire.ee\/fi\/#organization"},"potentialAction":[{"@type":"SearchAction","target":{"@type":"EntryPoint","urlTemplate":"https:\/\/bellfire.ee\/fi\/?s={search_term_string}"},"query-input":{"@type":"PropertyValueSpecification","valueRequired":true,"valueName":"search_term_string"}}],"inLanguage":"fi"},{"@type":"Organization","@id":"https:\/\/bellfire.ee\/fi\/#organization","name":"Bellfire","url":"https:\/\/bellfire.ee\/fi\/","logo":{"@type":"ImageObject","inLanguage":"fi","@id":"https:\/\/bellfire.ee\/fi\/#\/schema\/logo\/image\/","url":"https:\/\/bellfire.ee\/wp-content\/uploads\/2024\/10\/Site-logo.svg","contentUrl":"https:\/\/bellfire.ee\/wp-content\/uploads\/2024\/10\/Site-logo.svg","width":55,"height":64,"caption":"Bellfire"},"image":{"@id":"https:\/\/bellfire.ee\/fi\/#\/schema\/logo\/image\/"}}]}},"_links":{"self":[{"href":"https:\/\/bellfire.ee\/fi\/wp-json\/wp\/v2\/product\/53907","targetHints":{"allow":["GET"]}}],"collection":[{"href":"https:\/\/bellfire.ee\/fi\/wp-json\/wp\/v2\/product"}],"about":[{"href":"https:\/\/bellfire.ee\/fi\/wp-json\/wp\/v2\/types\/product"}],"wp:featuredmedia":[{"embeddable":true,"href":"https:\/\/bellfire.ee\/fi\/wp-json\/wp\/v2\/media\/65963"}],"wp:attachment":[{"href":"https:\/\/bellfire.ee\/fi\/wp-json\/wp\/v2\/media?parent=53907"}],"wp:term":[{"taxonomy":"wpc-attribute-group","embeddable":true,"href":"https:\/\/bellfire.ee\/fi\/wp-json\/wp\/v2\/wpc-attribute-group?post=53907"},{"taxonomy":"product_brand","embeddable":true,"href":"https:\/\/bellfire.ee\/fi\/wp-json\/wp\/v2\/product_brand?post=53907"},{"taxonomy":"product_cat","embeddable":true,"href":"https:\/\/bellfire.ee\/fi\/wp-json\/wp\/v2\/product_cat?post=53907"},{"taxonomy":"product_tag","embeddable":true,"href":"https:\/\/bellfire.ee\/fi\/wp-json\/wp\/v2\/product_tag?post=53907"}],"curies":[{"name":"wp","href":"https:\/\/api.w.org\/{rel}","templated":true}]}}