{"id":53843,"date":"2019-05-02T15:16:45","date_gmt":"2019-05-02T15:16:45","guid":{"rendered":"https:\/\/bellfire.ee\/Ei-luokiteltu\/emma\/"},"modified":"2019-05-02T15:16:45","modified_gmt":"2019-05-02T15:16:45","slug":"emma","status":"publish","type":"product","link":"https:\/\/bellfire.ee\/fi\/olohuone\/vuodesohvat\/emma\/","title":{"rendered":"Emma"},"content":{"rendered":"<p><strong>Emma-vuodesohva<\/strong> on korkealaatuinen, Virossa valmistettu minimalistinen tuote, jonka ilmava ja pehme\u00e4 ulkon\u00e4k\u00f6 tuo kodikkuutta ja mukavuutta mihin tahansa kotiin. Sohva on miellytt\u00e4v\u00e4 sek\u00e4 istumiseen ett\u00e4 lepohetkiin, ja se tarjoaa lis\u00e4ksi tilavan s\u00e4ilytyslokeron, johon voit k\u00e4tev\u00e4sti piilottaa tavaroita mutta pit\u00e4\u00e4 ne silti helposti saatavilla.<\/p>\n<p><strong>Emma<\/strong>-mallistosta on saatavilla seuraavat vaihtoehdot:<\/p>\n<ul>\n<li><strong>2BS+Dbox<\/strong> ja <strong>Dbox+2BS<\/strong>, joissa molemmissa on s\u00e4ilytyslaatikko ja vuodealue.<\/li>\n<li><strong>Emma 3BS<\/strong> -malli, joka sis\u00e4lt\u00e4\u00e4 vain vuodealueen ilman s\u00e4ilytyslaatikkoa.<\/li>\n<\/ul>\n<p>Sohva on verhoiltu pastellis\u00e4vyisell\u00e4 kankaalla, joka tuo l\u00e4mp\u00f6\u00e4 kotiin ja t\u00e4ydent\u00e4\u00e4 erilaisia sisustustyylej\u00e4. <strong>Vuodealueen koko on 140 x 200 cm<\/strong>, tarjoten runsaasti tilaa mukavaan y\u00f6pymiseen. Emma-sohva on kest\u00e4v\u00e4 ja laadukas, sill\u00e4 sen runko on valmistettu koivuvanerista ja m\u00e4nnyst\u00e4, ja pehmusteena k\u00e4ytet\u00e4\u00e4n polyuretaanivaahtoa.<\/p>\n<p>Voit tutustua koko kangasvalikoimaan n\u00e4yttelytilassamme osoitteessa Riia 142, Tartto.<\/p>\n<p>Huomioithan, ett\u00e4 v\u00e4rit voivat poiketa n\u00e4yt\u00f6ll\u00e4 n\u00e4kyv\u00e4st\u00e4. Suosittelemme tarkistamaan v\u00e4rit n\u00e4yttelytilassamme.<\/p>\n","protected":false},"excerpt":{"rendered":"<p><strong>Emma-vuodesohva<\/strong> on korkealaatuinen, Virossa valmistettu minimalistinen tuote, jonka ilmava ja pehme\u00e4 ulkon\u00e4k\u00f6 tuo kodikkuutta ja mukavuutta mihin tahansa kotiin. Sohva on miellytt\u00e4v\u00e4 sek\u00e4 istumiseen ett\u00e4 lepohetkiin, ja se tarjoaa lis\u00e4ksi tilavan s\u00e4ilytyslokeron, johon voit k\u00e4tev\u00e4sti piilottaa tavaroita mutta pit\u00e4\u00e4 ne silti helposti saatavilla.<\/p>\n<p><strong>Emma<\/strong>-mallistosta on saatavilla seuraavat vaihtoehdot:<\/p>\n<ul>\n<li><strong>2BS+Dbox<\/strong> ja <strong>Dbox+2BS<\/strong>, joissa molemmissa on s\u00e4ilytyslaatikko ja vuodealue.<\/li>\n<li><strong>Emma 3BS<\/strong> -malli, joka sis\u00e4lt\u00e4\u00e4 vain vuodealueen ilman s\u00e4ilytyslaatikkoa.<\/li>\n<\/ul>\n<p>Sohva on verhoiltu pastellis\u00e4vyisell\u00e4 kankaalla, joka tuo l\u00e4mp\u00f6\u00e4 kotiin ja t\u00e4ydent\u00e4\u00e4 erilaisia sisustustyylej\u00e4. <strong>Vuodealueen koko on 140 x 200 cm<\/strong>, tarjoten runsaasti tilaa mukavaan y\u00f6pymiseen. Emma-sohva on kest\u00e4v\u00e4 ja laadukas, sill\u00e4 sen runko on valmistettu koivuvanerista ja m\u00e4nnyst\u00e4, ja pehmusteena k\u00e4ytet\u00e4\u00e4n polyuretaanivaahtoa.<\/p>\n<p>Voit tutustua koko kangasvalikoimaan n\u00e4yttelytilassamme osoitteessa Riia 142, Tartto.<\/p>\n<p>Huomioithan, ett\u00e4 v\u00e4rit voivat poiketa n\u00e4yt\u00f6ll\u00e4 n\u00e4kyv\u00e4st\u00e4. Suosittelemme tarkistamaan v\u00e4rit n\u00e4yttelytilassamme.<\/p>\n","protected":false},"featured_media":65259,"template":"","meta":{"_acf_changed":false},"wpc-attribute-group":[],"product_brand":[],"product_cat":[2234],"product_tag":[],"class_list":{"0":"post-53843","1":"product","2":"type-product","3":"status-publish","4":"has-post-thumbnail","6":"product_cat-vuodesohvat","8":"first","9":"instock","10":"taxable","11":"shipping-taxable","12":"purchasable","13":"product-type-variable","14":"add-to-wishlist-after_add_to_cart"},"acf":[],"yoast_head":"<!-- This site is optimized with the Yoast SEO plugin v26.1 - https:\/\/yoast.com\/wordpress\/plugins\/seo\/ -->\n<title>Emma - Bellfire<\/title>\n<meta name=\"robots\" content=\"index, follow, max-snippet:-1, max-image-preview:large, max-video-preview:-1\" \/>\n<link rel=\"canonical\" href=\"https:\/\/bellfire.ee\/fi\/olohuone\/vuodesohvat\/emma\/\" \/>\n<meta property=\"og:locale\" content=\"fi_FI\" \/>\n<meta property=\"og:type\" content=\"article\" \/>\n<meta property=\"og:title\" content=\"Emma - Bellfire\" \/>\n<meta property=\"og:description\" content=\"Emma-vuodesohva on korkealaatuinen, Virossa valmistettu minimalistinen tuote, jonka ilmava ja pehme\u00e4 ulkon\u00e4k\u00f6 tuo kodikkuutta ja mukavuutta mihin tahansa kotiin. Sohva on miellytt\u00e4v\u00e4 sek\u00e4 istumiseen ett\u00e4 lepohetkiin, ja se tarjoaa lis\u00e4ksi tilavan s\u00e4ilytyslokeron, johon voit k\u00e4tev\u00e4sti piilottaa tavaroita mutta pit\u00e4\u00e4 ne silti helposti saatavilla.  Emma-mallistosta on saatavilla seuraavat vaihtoehdot:   2BS+Dbox ja Dbox+2BS, joissa molemmissa on s\u00e4ilytyslaatikko ja vuodealue.  Emma 3BS -malli, joka sis\u00e4lt\u00e4\u00e4 vain vuodealueen ilman s\u00e4ilytyslaatikkoa.  Sohva on verhoiltu pastellis\u00e4vyisell\u00e4 kankaalla, joka tuo l\u00e4mp\u00f6\u00e4 kotiin ja t\u00e4ydent\u00e4\u00e4 erilaisia sisustustyylej\u00e4. Vuodealueen koko on 140 x 200 cm, tarjoten runsaasti tilaa mukavaan y\u00f6pymiseen. Emma-sohva on kest\u00e4v\u00e4 ja laadukas, sill\u00e4 sen runko on valmistettu koivuvanerista ja m\u00e4nnyst\u00e4, ja pehmusteena k\u00e4ytet\u00e4\u00e4n polyuretaanivaahtoa.  Voit tutustua koko kangasvalikoimaan n\u00e4yttelytilassamme osoitteessa Riia 142, Tartto.  Huomioithan, ett\u00e4 v\u00e4rit voivat poiketa n\u00e4yt\u00f6ll\u00e4 n\u00e4kyv\u00e4st\u00e4. Suosittelemme tarkistamaan v\u00e4rit n\u00e4yttelytilassamme.\" \/>\n<meta property=\"og:url\" content=\"https:\/\/bellfire.ee\/fi\/olohuone\/vuodesohvat\/emma\/\" \/>\n<meta property=\"og:site_name\" content=\"Bellfire\" \/>\n<meta property=\"og:image\" content=\"https:\/\/bellfire.ee\/wp-content\/uploads\/2019\/05\/Emma-ikoon.jpg\" \/>\n\t<meta property=\"og:image:width\" content=\"1920\" \/>\n\t<meta property=\"og:image:height\" content=\"1080\" \/>\n\t<meta property=\"og:image:type\" content=\"image\/jpeg\" \/>\n<meta name=\"twitter:card\" content=\"summary_large_image\" \/>\n<meta name=\"twitter:label1\" content=\"Arvioitu lukuaika\" \/>\n\t<meta name=\"twitter:data1\" content=\"1 minuutti\" \/>\n<script type=\"application\/ld+json\" class=\"yoast-schema-graph\">{\"@context\":\"https:\/\/schema.org\",\"@graph\":[{\"@type\":\"WebPage\",\"@id\":\"https:\/\/bellfire.ee\/fi\/olohuone\/vuodesohvat\/emma\/\",\"url\":\"https:\/\/bellfire.ee\/fi\/olohuone\/vuodesohvat\/emma\/\",\"name\":\"Emma - Bellfire\",\"isPartOf\":{\"@id\":\"https:\/\/bellfire.ee\/fi\/#website\"},\"primaryImageOfPage\":{\"@id\":\"https:\/\/bellfire.ee\/fi\/olohuone\/vuodesohvat\/emma\/#primaryimage\"},\"image\":{\"@id\":\"https:\/\/bellfire.ee\/fi\/olohuone\/vuodesohvat\/emma\/#primaryimage\"},\"thumbnailUrl\":\"https:\/\/bellfire.ee\/wp-content\/uploads\/2025\/06\/Emma-3BS-cablo-10-closed.jpg\",\"datePublished\":\"2019-05-02T15:16:45+00:00\",\"breadcrumb\":{\"@id\":\"https:\/\/bellfire.ee\/fi\/olohuone\/vuodesohvat\/emma\/#breadcrumb\"},\"inLanguage\":\"fi\",\"potentialAction\":[{\"@type\":\"ReadAction\",\"target\":[\"https:\/\/bellfire.ee\/fi\/olohuone\/vuodesohvat\/emma\/\"]}]},{\"@type\":\"ImageObject\",\"inLanguage\":\"fi\",\"@id\":\"https:\/\/bellfire.ee\/fi\/olohuone\/vuodesohvat\/emma\/#primaryimage\",\"url\":\"https:\/\/bellfire.ee\/wp-content\/uploads\/2025\/06\/Emma-3BS-cablo-10-closed.jpg\",\"contentUrl\":\"https:\/\/bellfire.ee\/wp-content\/uploads\/2025\/06\/Emma-3BS-cablo-10-closed.jpg\",\"width\":2000,\"height\":1126},{\"@type\":\"BreadcrumbList\",\"@id\":\"https:\/\/bellfire.ee\/fi\/olohuone\/vuodesohvat\/emma\/#breadcrumb\",\"itemListElement\":[{\"@type\":\"ListItem\",\"position\":1,\"name\":\"Avaleht\",\"item\":\"https:\/\/bellfire.ee\/fi\/\"},{\"@type\":\"ListItem\",\"position\":2,\"name\":\"Huonekalut\",\"item\":\"https:\/\/bellfire.ee\/fi\/huonekalut\/\"},{\"@type\":\"ListItem\",\"position\":3,\"name\":\"Emma\"}]},{\"@type\":\"WebSite\",\"@id\":\"https:\/\/bellfire.ee\/fi\/#website\",\"url\":\"https:\/\/bellfire.ee\/fi\/\",\"name\":\"Bellfire\",\"description\":\"Disainm\u00f6\u00f6bel Sinu koju Eesti pehme m\u00f6\u00f6bli tootjal\",\"publisher\":{\"@id\":\"https:\/\/bellfire.ee\/fi\/#organization\"},\"potentialAction\":[{\"@type\":\"SearchAction\",\"target\":{\"@type\":\"EntryPoint\",\"urlTemplate\":\"https:\/\/bellfire.ee\/fi\/?s={search_term_string}\"},\"query-input\":{\"@type\":\"PropertyValueSpecification\",\"valueRequired\":true,\"valueName\":\"search_term_string\"}}],\"inLanguage\":\"fi\"},{\"@type\":\"Organization\",\"@id\":\"https:\/\/bellfire.ee\/fi\/#organization\",\"name\":\"Bellfire\",\"url\":\"https:\/\/bellfire.ee\/fi\/\",\"logo\":{\"@type\":\"ImageObject\",\"inLanguage\":\"fi\",\"@id\":\"https:\/\/bellfire.ee\/fi\/#\/schema\/logo\/image\/\",\"url\":\"https:\/\/bellfire.ee\/wp-content\/uploads\/2024\/10\/Site-logo.svg\",\"contentUrl\":\"https:\/\/bellfire.ee\/wp-content\/uploads\/2024\/10\/Site-logo.svg\",\"width\":55,\"height\":64,\"caption\":\"Bellfire\"},\"image\":{\"@id\":\"https:\/\/bellfire.ee\/fi\/#\/schema\/logo\/image\/\"}}]}<\/script>\n<!-- \/ Yoast SEO plugin. -->","yoast_head_json":{"title":"Emma - Bellfire","robots":{"index":"index","follow":"follow","max-snippet":"max-snippet:-1","max-image-preview":"max-image-preview:large","max-video-preview":"max-video-preview:-1"},"canonical":"https:\/\/bellfire.ee\/fi\/olohuone\/vuodesohvat\/emma\/","og_locale":"fi_FI","og_type":"article","og_title":"Emma - Bellfire","og_description":"Emma-vuodesohva on korkealaatuinen, Virossa valmistettu minimalistinen tuote, jonka ilmava ja pehme\u00e4 ulkon\u00e4k\u00f6 tuo kodikkuutta ja mukavuutta mihin tahansa kotiin. Sohva on miellytt\u00e4v\u00e4 sek\u00e4 istumiseen ett\u00e4 lepohetkiin, ja se tarjoaa lis\u00e4ksi tilavan s\u00e4ilytyslokeron, johon voit k\u00e4tev\u00e4sti piilottaa tavaroita mutta pit\u00e4\u00e4 ne silti helposti saatavilla.  Emma-mallistosta on saatavilla seuraavat vaihtoehdot:   2BS+Dbox ja Dbox+2BS, joissa molemmissa on s\u00e4ilytyslaatikko ja vuodealue.  Emma 3BS -malli, joka sis\u00e4lt\u00e4\u00e4 vain vuodealueen ilman s\u00e4ilytyslaatikkoa.  Sohva on verhoiltu pastellis\u00e4vyisell\u00e4 kankaalla, joka tuo l\u00e4mp\u00f6\u00e4 kotiin ja t\u00e4ydent\u00e4\u00e4 erilaisia sisustustyylej\u00e4. Vuodealueen koko on 140 x 200 cm, tarjoten runsaasti tilaa mukavaan y\u00f6pymiseen. Emma-sohva on kest\u00e4v\u00e4 ja laadukas, sill\u00e4 sen runko on valmistettu koivuvanerista ja m\u00e4nnyst\u00e4, ja pehmusteena k\u00e4ytet\u00e4\u00e4n polyuretaanivaahtoa.  Voit tutustua koko kangasvalikoimaan n\u00e4yttelytilassamme osoitteessa Riia 142, Tartto.  Huomioithan, ett\u00e4 v\u00e4rit voivat poiketa n\u00e4yt\u00f6ll\u00e4 n\u00e4kyv\u00e4st\u00e4. Suosittelemme tarkistamaan v\u00e4rit n\u00e4yttelytilassamme.","og_url":"https:\/\/bellfire.ee\/fi\/olohuone\/vuodesohvat\/emma\/","og_site_name":"Bellfire","og_image":[{"width":1920,"height":1080,"url":"https:\/\/bellfire.ee\/wp-content\/uploads\/2019\/05\/Emma-ikoon.jpg","type":"image\/jpeg"}],"twitter_card":"summary_large_image","twitter_misc":{"Arvioitu lukuaika":"1 minuutti"},"schema":{"@context":"https:\/\/schema.org","@graph":[{"@type":"WebPage","@id":"https:\/\/bellfire.ee\/fi\/olohuone\/vuodesohvat\/emma\/","url":"https:\/\/bellfire.ee\/fi\/olohuone\/vuodesohvat\/emma\/","name":"Emma - Bellfire","isPartOf":{"@id":"https:\/\/bellfire.ee\/fi\/#website"},"primaryImageOfPage":{"@id":"https:\/\/bellfire.ee\/fi\/olohuone\/vuodesohvat\/emma\/#primaryimage"},"image":{"@id":"https:\/\/bellfire.ee\/fi\/olohuone\/vuodesohvat\/emma\/#primaryimage"},"thumbnailUrl":"https:\/\/bellfire.ee\/wp-content\/uploads\/2025\/06\/Emma-3BS-cablo-10-closed.jpg","datePublished":"2019-05-02T15:16:45+00:00","breadcrumb":{"@id":"https:\/\/bellfire.ee\/fi\/olohuone\/vuodesohvat\/emma\/#breadcrumb"},"inLanguage":"fi","potentialAction":[{"@type":"ReadAction","target":["https:\/\/bellfire.ee\/fi\/olohuone\/vuodesohvat\/emma\/"]}]},{"@type":"ImageObject","inLanguage":"fi","@id":"https:\/\/bellfire.ee\/fi\/olohuone\/vuodesohvat\/emma\/#primaryimage","url":"https:\/\/bellfire.ee\/wp-content\/uploads\/2025\/06\/Emma-3BS-cablo-10-closed.jpg","contentUrl":"https:\/\/bellfire.ee\/wp-content\/uploads\/2025\/06\/Emma-3BS-cablo-10-closed.jpg","width":2000,"height":1126},{"@type":"BreadcrumbList","@id":"https:\/\/bellfire.ee\/fi\/olohuone\/vuodesohvat\/emma\/#breadcrumb","itemListElement":[{"@type":"ListItem","position":1,"name":"Avaleht","item":"https:\/\/bellfire.ee\/fi\/"},{"@type":"ListItem","position":2,"name":"Huonekalut","item":"https:\/\/bellfire.ee\/fi\/huonekalut\/"},{"@type":"ListItem","position":3,"name":"Emma"}]},{"@type":"WebSite","@id":"https:\/\/bellfire.ee\/fi\/#website","url":"https:\/\/bellfire.ee\/fi\/","name":"Bellfire","description":"Disainm\u00f6\u00f6bel Sinu koju Eesti pehme m\u00f6\u00f6bli tootjal","publisher":{"@id":"https:\/\/bellfire.ee\/fi\/#organization"},"potentialAction":[{"@type":"SearchAction","target":{"@type":"EntryPoint","urlTemplate":"https:\/\/bellfire.ee\/fi\/?s={search_term_string}"},"query-input":{"@type":"PropertyValueSpecification","valueRequired":true,"valueName":"search_term_string"}}],"inLanguage":"fi"},{"@type":"Organization","@id":"https:\/\/bellfire.ee\/fi\/#organization","name":"Bellfire","url":"https:\/\/bellfire.ee\/fi\/","logo":{"@type":"ImageObject","inLanguage":"fi","@id":"https:\/\/bellfire.ee\/fi\/#\/schema\/logo\/image\/","url":"https:\/\/bellfire.ee\/wp-content\/uploads\/2024\/10\/Site-logo.svg","contentUrl":"https:\/\/bellfire.ee\/wp-content\/uploads\/2024\/10\/Site-logo.svg","width":55,"height":64,"caption":"Bellfire"},"image":{"@id":"https:\/\/bellfire.ee\/fi\/#\/schema\/logo\/image\/"}}]}},"_links":{"self":[{"href":"https:\/\/bellfire.ee\/fi\/wp-json\/wp\/v2\/product\/53843","targetHints":{"allow":["GET"]}}],"collection":[{"href":"https:\/\/bellfire.ee\/fi\/wp-json\/wp\/v2\/product"}],"about":[{"href":"https:\/\/bellfire.ee\/fi\/wp-json\/wp\/v2\/types\/product"}],"wp:featuredmedia":[{"embeddable":true,"href":"https:\/\/bellfire.ee\/fi\/wp-json\/wp\/v2\/media\/65259"}],"wp:attachment":[{"href":"https:\/\/bellfire.ee\/fi\/wp-json\/wp\/v2\/media?parent=53843"}],"wp:term":[{"taxonomy":"wpc-attribute-group","embeddable":true,"href":"https:\/\/bellfire.ee\/fi\/wp-json\/wp\/v2\/wpc-attribute-group?post=53843"},{"taxonomy":"product_brand","embeddable":true,"href":"https:\/\/bellfire.ee\/fi\/wp-json\/wp\/v2\/product_brand?post=53843"},{"taxonomy":"product_cat","embeddable":true,"href":"https:\/\/bellfire.ee\/fi\/wp-json\/wp\/v2\/product_cat?post=53843"},{"taxonomy":"product_tag","embeddable":true,"href":"https:\/\/bellfire.ee\/fi\/wp-json\/wp\/v2\/product_tag?post=53843"}],"curies":[{"name":"wp","href":"https:\/\/api.w.org\/{rel}","templated":true}]}}