{"id":53835,"date":"2019-05-17T06:59:14","date_gmt":"2019-05-17T06:59:14","guid":{"rendered":"https:\/\/bellfire.ee\/Ei-luokiteltu\/kartiomainen-rahin\/"},"modified":"2019-05-17T06:59:14","modified_gmt":"2019-05-17T06:59:14","slug":"kartiomainen-rahin","status":"publish","type":"product","link":"https:\/\/bellfire.ee\/fi\/olohuone\/rahit\/kartiomainen-rahin\/","title":{"rendered":"Kartiomainen rahin"},"content":{"rendered":"<p><strong>Kartiomainen rahin<\/strong> on erinomainen valinta niille, jotka haluavat yhdist\u00e4\u00e4 mielenkiintoisen geometrisen muodon toiminnallisuuteen j\u00e4nnitt\u00e4v\u00e4ll\u00e4 tavalla. Se on erityisen sopiva, kun tila on rajallinen. 46 cm halkaisijaltaan oleva rahin mahtuu helposti sek\u00e4 k\u00e4yt\u00e4v\u00e4\u00e4n ett\u00e4 makuuhuoneeseen est\u00e4m\u00e4tt\u00e4 kulkua. Kartiomainen muoto ja pehme\u00e4t sivut tekev\u00e4t siit\u00e4 eritt\u00e4in turvallisen, eik\u00e4 varpaita ole helppo kolhia. Sen korkeus, 44 cm, on t\u00e4ydellinen istumiskorkeus, ja polyuretaanivaahtot\u00e4yte takaa mukavuuden. Kartiomainen rahin on my\u00f6s erinomainen paikka asetella lehti tai tabletti odottamaan k\u00e4ytt\u00f6\u00e4. Vahva koivuvaneri- ja puurakenne tekee rahista kest\u00e4v\u00e4n, ja useista mielenkiintoisista kangasv\u00e4reist\u00e4 valitseminen tekee siit\u00e4 helposti yhteensopivan sisustuksesi kanssa.<\/p>\n<p>Koko kangasvalikoima on n\u00e4ht\u00e4vill\u00e4 n\u00e4yttelytilassamme osoitteessa Riia 142, Tartu.<\/p>\n<p>Huomioithan, ett\u00e4 todellinen v\u00e4ri voi poiketa n\u00e4yt\u00f6ll\u00e4 n\u00e4kyv\u00e4st\u00e4. Suosittelemme v\u00e4rien tarkistamista n\u00e4yttelytilassamme.<\/p>\n","protected":false},"excerpt":{"rendered":"<p><strong>Kartiomainen rahin<\/strong> on erinomainen valinta niille, jotka haluavat yhdist\u00e4\u00e4 mielenkiintoisen geometrisen muodon toiminnallisuuteen j\u00e4nnitt\u00e4v\u00e4ll\u00e4 tavalla. Se on erityisen sopiva, kun tila on rajallinen. 46 cm halkaisijaltaan oleva rahin mahtuu helposti sek\u00e4 k\u00e4yt\u00e4v\u00e4\u00e4n ett\u00e4 makuuhuoneeseen est\u00e4m\u00e4tt\u00e4 kulkua. Kartiomainen muoto ja pehme\u00e4t sivut tekev\u00e4t siit\u00e4 eritt\u00e4in turvallisen, eik\u00e4 varpaita ole helppo kolhia. Sen korkeus, 44 cm, on t\u00e4ydellinen istumiskorkeus, ja polyuretaanivaahtot\u00e4yte takaa mukavuuden. Kartiomainen rahin on my\u00f6s erinomainen paikka asetella lehti tai tabletti odottamaan k\u00e4ytt\u00f6\u00e4. Vahva koivuvaneri- ja puurakenne tekee rahista kest\u00e4v\u00e4n, ja useista mielenkiintoisista kangasv\u00e4reist\u00e4 valitseminen tekee siit\u00e4 helposti yhteensopivan sisustuksesi kanssa.<\/p>\n<p>Koko kangasvalikoima on n\u00e4ht\u00e4vill\u00e4 n\u00e4yttelytilassamme osoitteessa Riia 142, Tartu.<\/p>\n<p>Huomioithan, ett\u00e4 todellinen v\u00e4ri voi poiketa n\u00e4yt\u00f6ll\u00e4 n\u00e4kyv\u00e4st\u00e4. Suosittelemme v\u00e4rien tarkistamista n\u00e4yttelytilassamme.<\/p>\n","protected":false},"featured_media":41579,"template":"","meta":{"_acf_changed":false},"wpc-attribute-group":[],"product_brand":[],"product_cat":[2242],"product_tag":[],"class_list":{"0":"post-53835","1":"product","2":"type-product","3":"status-publish","4":"has-post-thumbnail","6":"product_cat-rahit","7":"pa_e-poe-kangavalik-brunei-18-fi","8":"pa_e-poe-kangavalik-brunei-39-fi","9":"pa_e-poe-kangavalik-brunei-6-fi","10":"pa_e-poe-kangavalik-brunei-19-fi","11":"pa_e-poe-kangavalik-brunei-29-fi","12":"pa_e-poe-kangavalik-brunei-31-fi","13":"pa_e-poe-kangavalik-brunei-45-fi","15":"first","16":"instock","17":"taxable","18":"shipping-taxable","19":"purchasable","20":"product-type-variable","21":"add-to-wishlist-after_add_to_cart"},"acf":[],"yoast_head":"<!-- This site is optimized with the Yoast SEO plugin v26.1 - https:\/\/yoast.com\/wordpress\/plugins\/seo\/ -->\n<title>Kartiomainen rahin - Bellfire<\/title>\n<meta name=\"robots\" content=\"index, follow, max-snippet:-1, max-image-preview:large, max-video-preview:-1\" \/>\n<link rel=\"canonical\" href=\"https:\/\/bellfire.ee\/fi\/olohuone\/rahit\/kartiomainen-rahin\/\" \/>\n<meta property=\"og:locale\" content=\"fi_FI\" \/>\n<meta property=\"og:type\" content=\"article\" \/>\n<meta property=\"og:title\" content=\"Kartiomainen rahin - Bellfire\" \/>\n<meta property=\"og:description\" content=\"Kartiomainen rahin on erinomainen valinta niille, jotka haluavat yhdist\u00e4\u00e4 mielenkiintoisen geometrisen muodon toiminnallisuuteen j\u00e4nnitt\u00e4v\u00e4ll\u00e4 tavalla. Se on erityisen sopiva, kun tila on rajallinen. 46 cm halkaisijaltaan oleva rahin mahtuu helposti sek\u00e4 k\u00e4yt\u00e4v\u00e4\u00e4n ett\u00e4 makuuhuoneeseen est\u00e4m\u00e4tt\u00e4 kulkua. Kartiomainen muoto ja pehme\u00e4t sivut tekev\u00e4t siit\u00e4 eritt\u00e4in turvallisen, eik\u00e4 varpaita ole helppo kolhia. Sen korkeus, 44 cm, on t\u00e4ydellinen istumiskorkeus, ja polyuretaanivaahtot\u00e4yte takaa mukavuuden. Kartiomainen rahin on my\u00f6s erinomainen paikka asetella lehti tai tabletti odottamaan k\u00e4ytt\u00f6\u00e4. Vahva koivuvaneri- ja puurakenne tekee rahista kest\u00e4v\u00e4n, ja useista mielenkiintoisista kangasv\u00e4reist\u00e4 valitseminen tekee siit\u00e4 helposti yhteensopivan sisustuksesi kanssa.  Koko kangasvalikoima on n\u00e4ht\u00e4vill\u00e4 n\u00e4yttelytilassamme osoitteessa Riia 142, Tartu.  Huomioithan, ett\u00e4 todellinen v\u00e4ri voi poiketa n\u00e4yt\u00f6ll\u00e4 n\u00e4kyv\u00e4st\u00e4. Suosittelemme v\u00e4rien tarkistamista n\u00e4yttelytilassamme.\" \/>\n<meta property=\"og:url\" content=\"https:\/\/bellfire.ee\/fi\/olohuone\/rahit\/kartiomainen-rahin\/\" \/>\n<meta property=\"og:site_name\" content=\"Bellfire\" \/>\n<meta property=\"og:image\" content=\"https:\/\/bellfire.ee\/wp-content\/uploads\/2024\/10\/cone_tumba_brunei_45_green_web_9_16.jpg\" \/>\n\t<meta property=\"og:image:width\" content=\"2000\" \/>\n\t<meta property=\"og:image:height\" content=\"1125\" \/>\n\t<meta property=\"og:image:type\" content=\"image\/jpeg\" \/>\n<meta name=\"twitter:card\" content=\"summary_large_image\" \/>\n<meta name=\"twitter:label1\" content=\"Arvioitu lukuaika\" \/>\n\t<meta name=\"twitter:data1\" content=\"1 minuutti\" \/>\n<script type=\"application\/ld+json\" class=\"yoast-schema-graph\">{\"@context\":\"https:\/\/schema.org\",\"@graph\":[{\"@type\":\"WebPage\",\"@id\":\"https:\/\/bellfire.ee\/fi\/olohuone\/rahit\/kartiomainen-rahin\/\",\"url\":\"https:\/\/bellfire.ee\/fi\/olohuone\/rahit\/kartiomainen-rahin\/\",\"name\":\"Kartiomainen rahin - Bellfire\",\"isPartOf\":{\"@id\":\"https:\/\/bellfire.ee\/fi\/#website\"},\"primaryImageOfPage\":{\"@id\":\"https:\/\/bellfire.ee\/fi\/olohuone\/rahit\/kartiomainen-rahin\/#primaryimage\"},\"image\":{\"@id\":\"https:\/\/bellfire.ee\/fi\/olohuone\/rahit\/kartiomainen-rahin\/#primaryimage\"},\"thumbnailUrl\":\"https:\/\/bellfire.ee\/wp-content\/uploads\/2024\/10\/cone_tumba_brunei_45_green_web_9_16.jpg\",\"datePublished\":\"2019-05-17T06:59:14+00:00\",\"breadcrumb\":{\"@id\":\"https:\/\/bellfire.ee\/fi\/olohuone\/rahit\/kartiomainen-rahin\/#breadcrumb\"},\"inLanguage\":\"fi\",\"potentialAction\":[{\"@type\":\"ReadAction\",\"target\":[\"https:\/\/bellfire.ee\/fi\/olohuone\/rahit\/kartiomainen-rahin\/\"]}]},{\"@type\":\"ImageObject\",\"inLanguage\":\"fi\",\"@id\":\"https:\/\/bellfire.ee\/fi\/olohuone\/rahit\/kartiomainen-rahin\/#primaryimage\",\"url\":\"https:\/\/bellfire.ee\/wp-content\/uploads\/2024\/10\/cone_tumba_brunei_45_green_web_9_16.jpg\",\"contentUrl\":\"https:\/\/bellfire.ee\/wp-content\/uploads\/2024\/10\/cone_tumba_brunei_45_green_web_9_16.jpg\",\"width\":2000,\"height\":1125},{\"@type\":\"BreadcrumbList\",\"@id\":\"https:\/\/bellfire.ee\/fi\/olohuone\/rahit\/kartiomainen-rahin\/#breadcrumb\",\"itemListElement\":[{\"@type\":\"ListItem\",\"position\":1,\"name\":\"Avaleht\",\"item\":\"https:\/\/bellfire.ee\/fi\/\"},{\"@type\":\"ListItem\",\"position\":2,\"name\":\"Huonekalut\",\"item\":\"https:\/\/bellfire.ee\/fi\/huonekalut\/\"},{\"@type\":\"ListItem\",\"position\":3,\"name\":\"Kartiomainen rahin\"}]},{\"@type\":\"WebSite\",\"@id\":\"https:\/\/bellfire.ee\/fi\/#website\",\"url\":\"https:\/\/bellfire.ee\/fi\/\",\"name\":\"Bellfire\",\"description\":\"Disainm\u00f6\u00f6bel Sinu koju Eesti pehme m\u00f6\u00f6bli tootjal\",\"publisher\":{\"@id\":\"https:\/\/bellfire.ee\/fi\/#organization\"},\"potentialAction\":[{\"@type\":\"SearchAction\",\"target\":{\"@type\":\"EntryPoint\",\"urlTemplate\":\"https:\/\/bellfire.ee\/fi\/?s={search_term_string}\"},\"query-input\":{\"@type\":\"PropertyValueSpecification\",\"valueRequired\":true,\"valueName\":\"search_term_string\"}}],\"inLanguage\":\"fi\"},{\"@type\":\"Organization\",\"@id\":\"https:\/\/bellfire.ee\/fi\/#organization\",\"name\":\"Bellfire\",\"url\":\"https:\/\/bellfire.ee\/fi\/\",\"logo\":{\"@type\":\"ImageObject\",\"inLanguage\":\"fi\",\"@id\":\"https:\/\/bellfire.ee\/fi\/#\/schema\/logo\/image\/\",\"url\":\"https:\/\/bellfire.ee\/wp-content\/uploads\/2024\/10\/Site-logo.svg\",\"contentUrl\":\"https:\/\/bellfire.ee\/wp-content\/uploads\/2024\/10\/Site-logo.svg\",\"width\":55,\"height\":64,\"caption\":\"Bellfire\"},\"image\":{\"@id\":\"https:\/\/bellfire.ee\/fi\/#\/schema\/logo\/image\/\"}}]}<\/script>\n<!-- \/ Yoast SEO plugin. -->","yoast_head_json":{"title":"Kartiomainen rahin - Bellfire","robots":{"index":"index","follow":"follow","max-snippet":"max-snippet:-1","max-image-preview":"max-image-preview:large","max-video-preview":"max-video-preview:-1"},"canonical":"https:\/\/bellfire.ee\/fi\/olohuone\/rahit\/kartiomainen-rahin\/","og_locale":"fi_FI","og_type":"article","og_title":"Kartiomainen rahin - Bellfire","og_description":"Kartiomainen rahin on erinomainen valinta niille, jotka haluavat yhdist\u00e4\u00e4 mielenkiintoisen geometrisen muodon toiminnallisuuteen j\u00e4nnitt\u00e4v\u00e4ll\u00e4 tavalla. Se on erityisen sopiva, kun tila on rajallinen. 46 cm halkaisijaltaan oleva rahin mahtuu helposti sek\u00e4 k\u00e4yt\u00e4v\u00e4\u00e4n ett\u00e4 makuuhuoneeseen est\u00e4m\u00e4tt\u00e4 kulkua. Kartiomainen muoto ja pehme\u00e4t sivut tekev\u00e4t siit\u00e4 eritt\u00e4in turvallisen, eik\u00e4 varpaita ole helppo kolhia. Sen korkeus, 44 cm, on t\u00e4ydellinen istumiskorkeus, ja polyuretaanivaahtot\u00e4yte takaa mukavuuden. Kartiomainen rahin on my\u00f6s erinomainen paikka asetella lehti tai tabletti odottamaan k\u00e4ytt\u00f6\u00e4. Vahva koivuvaneri- ja puurakenne tekee rahista kest\u00e4v\u00e4n, ja useista mielenkiintoisista kangasv\u00e4reist\u00e4 valitseminen tekee siit\u00e4 helposti yhteensopivan sisustuksesi kanssa.  Koko kangasvalikoima on n\u00e4ht\u00e4vill\u00e4 n\u00e4yttelytilassamme osoitteessa Riia 142, Tartu.  Huomioithan, ett\u00e4 todellinen v\u00e4ri voi poiketa n\u00e4yt\u00f6ll\u00e4 n\u00e4kyv\u00e4st\u00e4. Suosittelemme v\u00e4rien tarkistamista n\u00e4yttelytilassamme.","og_url":"https:\/\/bellfire.ee\/fi\/olohuone\/rahit\/kartiomainen-rahin\/","og_site_name":"Bellfire","og_image":[{"width":2000,"height":1125,"url":"https:\/\/bellfire.ee\/wp-content\/uploads\/2024\/10\/cone_tumba_brunei_45_green_web_9_16.jpg","type":"image\/jpeg"}],"twitter_card":"summary_large_image","twitter_misc":{"Arvioitu lukuaika":"1 minuutti"},"schema":{"@context":"https:\/\/schema.org","@graph":[{"@type":"WebPage","@id":"https:\/\/bellfire.ee\/fi\/olohuone\/rahit\/kartiomainen-rahin\/","url":"https:\/\/bellfire.ee\/fi\/olohuone\/rahit\/kartiomainen-rahin\/","name":"Kartiomainen rahin - Bellfire","isPartOf":{"@id":"https:\/\/bellfire.ee\/fi\/#website"},"primaryImageOfPage":{"@id":"https:\/\/bellfire.ee\/fi\/olohuone\/rahit\/kartiomainen-rahin\/#primaryimage"},"image":{"@id":"https:\/\/bellfire.ee\/fi\/olohuone\/rahit\/kartiomainen-rahin\/#primaryimage"},"thumbnailUrl":"https:\/\/bellfire.ee\/wp-content\/uploads\/2024\/10\/cone_tumba_brunei_45_green_web_9_16.jpg","datePublished":"2019-05-17T06:59:14+00:00","breadcrumb":{"@id":"https:\/\/bellfire.ee\/fi\/olohuone\/rahit\/kartiomainen-rahin\/#breadcrumb"},"inLanguage":"fi","potentialAction":[{"@type":"ReadAction","target":["https:\/\/bellfire.ee\/fi\/olohuone\/rahit\/kartiomainen-rahin\/"]}]},{"@type":"ImageObject","inLanguage":"fi","@id":"https:\/\/bellfire.ee\/fi\/olohuone\/rahit\/kartiomainen-rahin\/#primaryimage","url":"https:\/\/bellfire.ee\/wp-content\/uploads\/2024\/10\/cone_tumba_brunei_45_green_web_9_16.jpg","contentUrl":"https:\/\/bellfire.ee\/wp-content\/uploads\/2024\/10\/cone_tumba_brunei_45_green_web_9_16.jpg","width":2000,"height":1125},{"@type":"BreadcrumbList","@id":"https:\/\/bellfire.ee\/fi\/olohuone\/rahit\/kartiomainen-rahin\/#breadcrumb","itemListElement":[{"@type":"ListItem","position":1,"name":"Avaleht","item":"https:\/\/bellfire.ee\/fi\/"},{"@type":"ListItem","position":2,"name":"Huonekalut","item":"https:\/\/bellfire.ee\/fi\/huonekalut\/"},{"@type":"ListItem","position":3,"name":"Kartiomainen rahin"}]},{"@type":"WebSite","@id":"https:\/\/bellfire.ee\/fi\/#website","url":"https:\/\/bellfire.ee\/fi\/","name":"Bellfire","description":"Disainm\u00f6\u00f6bel Sinu koju Eesti pehme m\u00f6\u00f6bli tootjal","publisher":{"@id":"https:\/\/bellfire.ee\/fi\/#organization"},"potentialAction":[{"@type":"SearchAction","target":{"@type":"EntryPoint","urlTemplate":"https:\/\/bellfire.ee\/fi\/?s={search_term_string}"},"query-input":{"@type":"PropertyValueSpecification","valueRequired":true,"valueName":"search_term_string"}}],"inLanguage":"fi"},{"@type":"Organization","@id":"https:\/\/bellfire.ee\/fi\/#organization","name":"Bellfire","url":"https:\/\/bellfire.ee\/fi\/","logo":{"@type":"ImageObject","inLanguage":"fi","@id":"https:\/\/bellfire.ee\/fi\/#\/schema\/logo\/image\/","url":"https:\/\/bellfire.ee\/wp-content\/uploads\/2024\/10\/Site-logo.svg","contentUrl":"https:\/\/bellfire.ee\/wp-content\/uploads\/2024\/10\/Site-logo.svg","width":55,"height":64,"caption":"Bellfire"},"image":{"@id":"https:\/\/bellfire.ee\/fi\/#\/schema\/logo\/image\/"}}]}},"_links":{"self":[{"href":"https:\/\/bellfire.ee\/fi\/wp-json\/wp\/v2\/product\/53835","targetHints":{"allow":["GET"]}}],"collection":[{"href":"https:\/\/bellfire.ee\/fi\/wp-json\/wp\/v2\/product"}],"about":[{"href":"https:\/\/bellfire.ee\/fi\/wp-json\/wp\/v2\/types\/product"}],"wp:featuredmedia":[{"embeddable":true,"href":"https:\/\/bellfire.ee\/fi\/wp-json\/wp\/v2\/media\/41579"}],"wp:attachment":[{"href":"https:\/\/bellfire.ee\/fi\/wp-json\/wp\/v2\/media?parent=53835"}],"wp:term":[{"taxonomy":"wpc-attribute-group","embeddable":true,"href":"https:\/\/bellfire.ee\/fi\/wp-json\/wp\/v2\/wpc-attribute-group?post=53835"},{"taxonomy":"product_brand","embeddable":true,"href":"https:\/\/bellfire.ee\/fi\/wp-json\/wp\/v2\/product_brand?post=53835"},{"taxonomy":"product_cat","embeddable":true,"href":"https:\/\/bellfire.ee\/fi\/wp-json\/wp\/v2\/product_cat?post=53835"},{"taxonomy":"product_tag","embeddable":true,"href":"https:\/\/bellfire.ee\/fi\/wp-json\/wp\/v2\/product_tag?post=53835"}],"curies":[{"name":"wp","href":"https:\/\/api.w.org\/{rel}","templated":true}]}}