{"id":53815,"date":"2019-05-24T10:26:42","date_gmt":"2019-05-24T10:26:42","guid":{"rendered":"https:\/\/bellfire.ee\/Ei-luokiteltu\/arena\/"},"modified":"2019-05-24T10:26:42","modified_gmt":"2019-05-24T10:26:42","slug":"arena","status":"publish","type":"product","link":"https:\/\/bellfire.ee\/fi\/olohuone\/sohvat\/arena\/","title":{"rendered":"Arena"},"content":{"rendered":"<p><strong>Arena-sohva<\/strong> on pohjoismaisen pehme\u00e4n huonekalusuunnittelun mestariteos, joka on ylpe\u00e4sti valmistettu Virossa. Sen vastustamattoman ilmava muotoilu ja elegantit harmaan s\u00e4vyt kutsuvat l\u00e4hemm\u00e4ksi tarkastelemaan. Toiminnallinen, kest\u00e4v\u00e4 ja kaunis <strong>Arena-moduulisohva<\/strong> tarjoaa loputtomia mahdollisuuksia kodin sisustukseen. Sen verhoilun hienostuneet s\u00e4vyt tuovat hillitty\u00e4 eleganssia ilman, ett\u00e4 ne hallitsevat sisustusta.<\/p>\n<p><strong>Arena-sohvassa<\/strong> on pehme\u00e4t tyynyt, useita k\u00e4sinojavaihtoehtoja ja tyylik\u00e4s moduulirakenne, jonka avulla voit mukauttaa sen omien mieltymystesi mukaan. T\u00e4ydellinen sek\u00e4 koteihin ett\u00e4 ammattitiloihin, kuten hotelleihin tai toimistoihin. Arena on saatavilla seuraavina vaihtoehtoina:<\/p>\n<ul>\n<li>Kolmen istuttava sohva<\/li>\n<li>Kahden istuttava sohva<\/li>\n<li>Yhden istuttava tuoli<\/li>\n<li>Kulmasohva<\/li>\n<li>Kaksi eri kokoista rahia<\/li>\n<\/ul>\n<p>T\u00e4m\u00e4 monipuolisuus mahdollistaa t\u00e4ydellisen kokoonpanon luomisen olohuoneeseesi tai ty\u00f6tilaasi.<\/p>\n<p>Voit tutustua koko kangasvalikoimaan n\u00e4yttelytilassamme osoitteessa Riia 142, Tartto.<\/p>\n<p>Huomioithan, ett\u00e4 v\u00e4rit voivat poiketa n\u00e4yt\u00f6ll\u00e4 n\u00e4kyv\u00e4st\u00e4. Suosittelemme tarkistamaan v\u00e4rit n\u00e4yttelytilassamme.<\/p>\n","protected":false},"excerpt":{"rendered":"<p><strong>Arena-sohva<\/strong> on pohjoismaisen pehme\u00e4n huonekalusuunnittelun mestariteos, joka on ylpe\u00e4sti valmistettu Virossa. Sen vastustamattoman ilmava muotoilu ja elegantit harmaan s\u00e4vyt kutsuvat l\u00e4hemm\u00e4ksi tarkastelemaan. Toiminnallinen, kest\u00e4v\u00e4 ja kaunis <strong>Arena-moduulisohva<\/strong> tarjoaa loputtomia mahdollisuuksia kodin sisustukseen. Sen verhoilun hienostuneet s\u00e4vyt tuovat hillitty\u00e4 eleganssia ilman, ett\u00e4 ne hallitsevat sisustusta.<\/p>\n<p><strong>Arena-sohvassa<\/strong> on pehme\u00e4t tyynyt, useita k\u00e4sinojavaihtoehtoja ja tyylik\u00e4s moduulirakenne, jonka avulla voit mukauttaa sen omien mieltymystesi mukaan. T\u00e4ydellinen sek\u00e4 koteihin ett\u00e4 ammattitiloihin, kuten hotelleihin tai toimistoihin. Arena on saatavilla seuraavina vaihtoehtoina:<\/p>\n<ul>\n<li>Kolmen istuttava sohva<\/li>\n<li>Kahden istuttava sohva<\/li>\n<li>Yhden istuttava tuoli<\/li>\n<li>Kulmasohva<\/li>\n<li>Kaksi eri kokoista rahia<\/li>\n<\/ul>\n<p>T\u00e4m\u00e4 monipuolisuus mahdollistaa t\u00e4ydellisen kokoonpanon luomisen olohuoneeseesi tai ty\u00f6tilaasi.<\/p>\n<p>Voit tutustua koko kangasvalikoimaan n\u00e4yttelytilassamme osoitteessa Riia 142, Tartto.<\/p>\n<p>Huomioithan, ett\u00e4 v\u00e4rit voivat poiketa n\u00e4yt\u00f6ll\u00e4 n\u00e4kyv\u00e4st\u00e4. Suosittelemme tarkistamaan v\u00e4rit n\u00e4yttelytilassamme.<\/p>\n","protected":false},"featured_media":55842,"template":"","meta":{"_acf_changed":false},"wpc-attribute-group":[],"product_brand":[],"product_cat":[2235],"product_tag":[],"class_list":{"0":"post-53815","1":"product","2":"type-product","3":"status-publish","4":"has-post-thumbnail","6":"product_cat-sohvat","7":"pa_e-poe-kangavalik-primo-16-fi","8":"pa_e-poe-kangavalik-primo-52-fi","9":"pa_e-poe-kangavalik-primo-84-fi","10":"pa_e-poe-kangavalik-primo-89-fi","11":"pa_e-poe-kangavalik-primo-96-fi","13":"first","14":"instock","15":"taxable","16":"shipping-taxable","17":"purchasable","18":"product-type-variable","19":"add-to-wishlist-after_add_to_cart"},"acf":[],"yoast_head":"<!-- This site is optimized with the Yoast SEO plugin v26.1 - https:\/\/yoast.com\/wordpress\/plugins\/seo\/ -->\n<title>Arena - Bellfire<\/title>\n<meta name=\"robots\" content=\"index, follow, max-snippet:-1, max-image-preview:large, max-video-preview:-1\" \/>\n<link rel=\"canonical\" href=\"https:\/\/bellfire.ee\/fi\/olohuone\/sohvat\/arena\/\" \/>\n<meta property=\"og:locale\" content=\"fi_FI\" \/>\n<meta property=\"og:type\" content=\"article\" \/>\n<meta property=\"og:title\" content=\"Arena - Bellfire\" \/>\n<meta property=\"og:description\" content=\"Arena-sohva on pohjoismaisen pehme\u00e4n huonekalusuunnittelun mestariteos, joka on ylpe\u00e4sti valmistettu Virossa. Sen vastustamattoman ilmava muotoilu ja elegantit harmaan s\u00e4vyt kutsuvat l\u00e4hemm\u00e4ksi tarkastelemaan. Toiminnallinen, kest\u00e4v\u00e4 ja kaunis Arena-moduulisohva tarjoaa loputtomia mahdollisuuksia kodin sisustukseen. Sen verhoilun hienostuneet s\u00e4vyt tuovat hillitty\u00e4 eleganssia ilman, ett\u00e4 ne hallitsevat sisustusta.  Arena-sohvassa on pehme\u00e4t tyynyt, useita k\u00e4sinojavaihtoehtoja ja tyylik\u00e4s moduulirakenne, jonka avulla voit mukauttaa sen omien mieltymystesi mukaan. T\u00e4ydellinen sek\u00e4 koteihin ett\u00e4 ammattitiloihin, kuten hotelleihin tai toimistoihin. Arena on saatavilla seuraavina vaihtoehtoina:   Kolmen istuttava sohva  Kahden istuttava sohva  Yhden istuttava tuoli  Kulmasohva  Kaksi eri kokoista rahia  T\u00e4m\u00e4 monipuolisuus mahdollistaa t\u00e4ydellisen kokoonpanon luomisen olohuoneeseesi tai ty\u00f6tilaasi.  Voit tutustua koko kangasvalikoimaan n\u00e4yttelytilassamme osoitteessa Riia 142, Tartto.  Huomioithan, ett\u00e4 v\u00e4rit voivat poiketa n\u00e4yt\u00f6ll\u00e4 n\u00e4kyv\u00e4st\u00e4. Suosittelemme tarkistamaan v\u00e4rit n\u00e4yttelytilassamme.\" \/>\n<meta property=\"og:url\" content=\"https:\/\/bellfire.ee\/fi\/olohuone\/sohvat\/arena\/\" \/>\n<meta property=\"og:site_name\" content=\"Bellfire\" \/>\n<meta property=\"og:image\" content=\"https:\/\/bellfire.ee\/wp-content\/uploads\/2019\/05\/Arena-01.jpg\" \/>\n\t<meta property=\"og:image:width\" content=\"952\" \/>\n\t<meta property=\"og:image:height\" content=\"952\" \/>\n\t<meta property=\"og:image:type\" content=\"image\/jpeg\" \/>\n<meta name=\"twitter:card\" content=\"summary_large_image\" \/>\n<meta name=\"twitter:label1\" content=\"Arvioitu lukuaika\" \/>\n\t<meta name=\"twitter:data1\" content=\"1 minuutti\" \/>\n<script type=\"application\/ld+json\" class=\"yoast-schema-graph\">{\"@context\":\"https:\/\/schema.org\",\"@graph\":[{\"@type\":\"WebPage\",\"@id\":\"https:\/\/bellfire.ee\/fi\/olohuone\/sohvat\/arena\/\",\"url\":\"https:\/\/bellfire.ee\/fi\/olohuone\/sohvat\/arena\/\",\"name\":\"Arena - Bellfire\",\"isPartOf\":{\"@id\":\"https:\/\/bellfire.ee\/fi\/#website\"},\"primaryImageOfPage\":{\"@id\":\"https:\/\/bellfire.ee\/fi\/olohuone\/sohvat\/arena\/#primaryimage\"},\"image\":{\"@id\":\"https:\/\/bellfire.ee\/fi\/olohuone\/sohvat\/arena\/#primaryimage\"},\"thumbnailUrl\":\"https:\/\/bellfire.ee\/wp-content\/uploads\/2019\/05\/Arena-01.jpg\",\"datePublished\":\"2019-05-24T10:26:42+00:00\",\"breadcrumb\":{\"@id\":\"https:\/\/bellfire.ee\/fi\/olohuone\/sohvat\/arena\/#breadcrumb\"},\"inLanguage\":\"fi\",\"potentialAction\":[{\"@type\":\"ReadAction\",\"target\":[\"https:\/\/bellfire.ee\/fi\/olohuone\/sohvat\/arena\/\"]}]},{\"@type\":\"ImageObject\",\"inLanguage\":\"fi\",\"@id\":\"https:\/\/bellfire.ee\/fi\/olohuone\/sohvat\/arena\/#primaryimage\",\"url\":\"https:\/\/bellfire.ee\/wp-content\/uploads\/2019\/05\/Arena-01.jpg\",\"contentUrl\":\"https:\/\/bellfire.ee\/wp-content\/uploads\/2019\/05\/Arena-01.jpg\",\"width\":952,\"height\":952},{\"@type\":\"BreadcrumbList\",\"@id\":\"https:\/\/bellfire.ee\/fi\/olohuone\/sohvat\/arena\/#breadcrumb\",\"itemListElement\":[{\"@type\":\"ListItem\",\"position\":1,\"name\":\"Avaleht\",\"item\":\"https:\/\/bellfire.ee\/fi\/\"},{\"@type\":\"ListItem\",\"position\":2,\"name\":\"Huonekalut\",\"item\":\"https:\/\/bellfire.ee\/fi\/huonekalut\/\"},{\"@type\":\"ListItem\",\"position\":3,\"name\":\"Arena\"}]},{\"@type\":\"WebSite\",\"@id\":\"https:\/\/bellfire.ee\/fi\/#website\",\"url\":\"https:\/\/bellfire.ee\/fi\/\",\"name\":\"Bellfire\",\"description\":\"Disainm\u00f6\u00f6bel Sinu koju Eesti pehme m\u00f6\u00f6bli tootjal\",\"publisher\":{\"@id\":\"https:\/\/bellfire.ee\/fi\/#organization\"},\"potentialAction\":[{\"@type\":\"SearchAction\",\"target\":{\"@type\":\"EntryPoint\",\"urlTemplate\":\"https:\/\/bellfire.ee\/fi\/?s={search_term_string}\"},\"query-input\":{\"@type\":\"PropertyValueSpecification\",\"valueRequired\":true,\"valueName\":\"search_term_string\"}}],\"inLanguage\":\"fi\"},{\"@type\":\"Organization\",\"@id\":\"https:\/\/bellfire.ee\/fi\/#organization\",\"name\":\"Bellfire\",\"url\":\"https:\/\/bellfire.ee\/fi\/\",\"logo\":{\"@type\":\"ImageObject\",\"inLanguage\":\"fi\",\"@id\":\"https:\/\/bellfire.ee\/fi\/#\/schema\/logo\/image\/\",\"url\":\"https:\/\/bellfire.ee\/wp-content\/uploads\/2024\/10\/Site-logo.svg\",\"contentUrl\":\"https:\/\/bellfire.ee\/wp-content\/uploads\/2024\/10\/Site-logo.svg\",\"width\":55,\"height\":64,\"caption\":\"Bellfire\"},\"image\":{\"@id\":\"https:\/\/bellfire.ee\/fi\/#\/schema\/logo\/image\/\"}}]}<\/script>\n<!-- \/ Yoast SEO plugin. -->","yoast_head_json":{"title":"Arena - Bellfire","robots":{"index":"index","follow":"follow","max-snippet":"max-snippet:-1","max-image-preview":"max-image-preview:large","max-video-preview":"max-video-preview:-1"},"canonical":"https:\/\/bellfire.ee\/fi\/olohuone\/sohvat\/arena\/","og_locale":"fi_FI","og_type":"article","og_title":"Arena - Bellfire","og_description":"Arena-sohva on pohjoismaisen pehme\u00e4n huonekalusuunnittelun mestariteos, joka on ylpe\u00e4sti valmistettu Virossa. Sen vastustamattoman ilmava muotoilu ja elegantit harmaan s\u00e4vyt kutsuvat l\u00e4hemm\u00e4ksi tarkastelemaan. Toiminnallinen, kest\u00e4v\u00e4 ja kaunis Arena-moduulisohva tarjoaa loputtomia mahdollisuuksia kodin sisustukseen. Sen verhoilun hienostuneet s\u00e4vyt tuovat hillitty\u00e4 eleganssia ilman, ett\u00e4 ne hallitsevat sisustusta.  Arena-sohvassa on pehme\u00e4t tyynyt, useita k\u00e4sinojavaihtoehtoja ja tyylik\u00e4s moduulirakenne, jonka avulla voit mukauttaa sen omien mieltymystesi mukaan. T\u00e4ydellinen sek\u00e4 koteihin ett\u00e4 ammattitiloihin, kuten hotelleihin tai toimistoihin. Arena on saatavilla seuraavina vaihtoehtoina:   Kolmen istuttava sohva  Kahden istuttava sohva  Yhden istuttava tuoli  Kulmasohva  Kaksi eri kokoista rahia  T\u00e4m\u00e4 monipuolisuus mahdollistaa t\u00e4ydellisen kokoonpanon luomisen olohuoneeseesi tai ty\u00f6tilaasi.  Voit tutustua koko kangasvalikoimaan n\u00e4yttelytilassamme osoitteessa Riia 142, Tartto.  Huomioithan, ett\u00e4 v\u00e4rit voivat poiketa n\u00e4yt\u00f6ll\u00e4 n\u00e4kyv\u00e4st\u00e4. Suosittelemme tarkistamaan v\u00e4rit n\u00e4yttelytilassamme.","og_url":"https:\/\/bellfire.ee\/fi\/olohuone\/sohvat\/arena\/","og_site_name":"Bellfire","og_image":[{"width":952,"height":952,"url":"https:\/\/bellfire.ee\/wp-content\/uploads\/2019\/05\/Arena-01.jpg","type":"image\/jpeg"}],"twitter_card":"summary_large_image","twitter_misc":{"Arvioitu lukuaika":"1 minuutti"},"schema":{"@context":"https:\/\/schema.org","@graph":[{"@type":"WebPage","@id":"https:\/\/bellfire.ee\/fi\/olohuone\/sohvat\/arena\/","url":"https:\/\/bellfire.ee\/fi\/olohuone\/sohvat\/arena\/","name":"Arena - Bellfire","isPartOf":{"@id":"https:\/\/bellfire.ee\/fi\/#website"},"primaryImageOfPage":{"@id":"https:\/\/bellfire.ee\/fi\/olohuone\/sohvat\/arena\/#primaryimage"},"image":{"@id":"https:\/\/bellfire.ee\/fi\/olohuone\/sohvat\/arena\/#primaryimage"},"thumbnailUrl":"https:\/\/bellfire.ee\/wp-content\/uploads\/2019\/05\/Arena-01.jpg","datePublished":"2019-05-24T10:26:42+00:00","breadcrumb":{"@id":"https:\/\/bellfire.ee\/fi\/olohuone\/sohvat\/arena\/#breadcrumb"},"inLanguage":"fi","potentialAction":[{"@type":"ReadAction","target":["https:\/\/bellfire.ee\/fi\/olohuone\/sohvat\/arena\/"]}]},{"@type":"ImageObject","inLanguage":"fi","@id":"https:\/\/bellfire.ee\/fi\/olohuone\/sohvat\/arena\/#primaryimage","url":"https:\/\/bellfire.ee\/wp-content\/uploads\/2019\/05\/Arena-01.jpg","contentUrl":"https:\/\/bellfire.ee\/wp-content\/uploads\/2019\/05\/Arena-01.jpg","width":952,"height":952},{"@type":"BreadcrumbList","@id":"https:\/\/bellfire.ee\/fi\/olohuone\/sohvat\/arena\/#breadcrumb","itemListElement":[{"@type":"ListItem","position":1,"name":"Avaleht","item":"https:\/\/bellfire.ee\/fi\/"},{"@type":"ListItem","position":2,"name":"Huonekalut","item":"https:\/\/bellfire.ee\/fi\/huonekalut\/"},{"@type":"ListItem","position":3,"name":"Arena"}]},{"@type":"WebSite","@id":"https:\/\/bellfire.ee\/fi\/#website","url":"https:\/\/bellfire.ee\/fi\/","name":"Bellfire","description":"Disainm\u00f6\u00f6bel Sinu koju Eesti pehme m\u00f6\u00f6bli tootjal","publisher":{"@id":"https:\/\/bellfire.ee\/fi\/#organization"},"potentialAction":[{"@type":"SearchAction","target":{"@type":"EntryPoint","urlTemplate":"https:\/\/bellfire.ee\/fi\/?s={search_term_string}"},"query-input":{"@type":"PropertyValueSpecification","valueRequired":true,"valueName":"search_term_string"}}],"inLanguage":"fi"},{"@type":"Organization","@id":"https:\/\/bellfire.ee\/fi\/#organization","name":"Bellfire","url":"https:\/\/bellfire.ee\/fi\/","logo":{"@type":"ImageObject","inLanguage":"fi","@id":"https:\/\/bellfire.ee\/fi\/#\/schema\/logo\/image\/","url":"https:\/\/bellfire.ee\/wp-content\/uploads\/2024\/10\/Site-logo.svg","contentUrl":"https:\/\/bellfire.ee\/wp-content\/uploads\/2024\/10\/Site-logo.svg","width":55,"height":64,"caption":"Bellfire"},"image":{"@id":"https:\/\/bellfire.ee\/fi\/#\/schema\/logo\/image\/"}}]}},"_links":{"self":[{"href":"https:\/\/bellfire.ee\/fi\/wp-json\/wp\/v2\/product\/53815","targetHints":{"allow":["GET"]}}],"collection":[{"href":"https:\/\/bellfire.ee\/fi\/wp-json\/wp\/v2\/product"}],"about":[{"href":"https:\/\/bellfire.ee\/fi\/wp-json\/wp\/v2\/types\/product"}],"wp:featuredmedia":[{"embeddable":true,"href":"https:\/\/bellfire.ee\/fi\/wp-json\/wp\/v2\/media\/55842"}],"wp:attachment":[{"href":"https:\/\/bellfire.ee\/fi\/wp-json\/wp\/v2\/media?parent=53815"}],"wp:term":[{"taxonomy":"wpc-attribute-group","embeddable":true,"href":"https:\/\/bellfire.ee\/fi\/wp-json\/wp\/v2\/wpc-attribute-group?post=53815"},{"taxonomy":"product_brand","embeddable":true,"href":"https:\/\/bellfire.ee\/fi\/wp-json\/wp\/v2\/product_brand?post=53815"},{"taxonomy":"product_cat","embeddable":true,"href":"https:\/\/bellfire.ee\/fi\/wp-json\/wp\/v2\/product_cat?post=53815"},{"taxonomy":"product_tag","embeddable":true,"href":"https:\/\/bellfire.ee\/fi\/wp-json\/wp\/v2\/product_tag?post=53815"}],"curies":[{"name":"wp","href":"https:\/\/api.w.org\/{rel}","templated":true}]}}