{"id":53772,"date":"2019-08-30T09:36:16","date_gmt":"2019-08-30T09:36:16","guid":{"rendered":"https:\/\/bellfire.ee\/Ei-luokiteltu\/ateena\/"},"modified":"2025-01-02T13:40:00","modified_gmt":"2025-01-02T13:40:00","slug":"ateena","status":"publish","type":"product","link":"https:\/\/bellfire.ee\/fi\/olohuone\/sohvat\/ateena\/","title":{"rendered":"Ateena"},"content":{"rendered":"<p><strong>Ateena-sohva<\/strong>, suunniteltu ja valmistettu Virossa, vaikuttaa kulmikkaalla, rakenteellisella muotoilullaan, joka huokuu puhdasta ja j\u00e4rjestelm\u00e4llist\u00e4 estetiikkaa. Se on ihanteellinen valinta toimistoihin, ostoskeskuksiin tai hotellien auloihin, luoden harmonisen tunnelman mihin tahansa tilaan. Kiireisen p\u00e4iv\u00e4n j\u00e4lkeen se tarjoaa mukavan paikan venytell\u00e4 ja rentoutua.<\/p>\n<p>Vaikka tyynyt saattavat aluksi n\u00e4ytt\u00e4\u00e4 j\u00e4m\u00e4kilt\u00e4, <strong>Ateena-sohva<\/strong> on yll\u00e4tt\u00e4v\u00e4n mukava. Sen verhoilussa on k\u00e4ytetty polyuretaani-vaahtoa, joka s\u00e4ilytt\u00e4\u00e4 tyynyjen muodon ja takaa pitk\u00e4kestoisen kest\u00e4vyyden. Runko on valmistettu koivuvanerista ja m\u00e4nnyst\u00e4, tarjoten tukevan tuen.<\/p>\n<p>Valitse laajasta koristetakkien valikoimasta personoidaksesi sohva juuri sinun tyyliisi. <strong>Ateena<\/strong> seisoo vahvoilla mustilla metallijaloilla, joiden korkeus on 19 cm, lis\u00e4ten muotoiluun modernin ja tyylikk\u00e4\u00e4n kosketuksen.<\/p>\n<p>Koko kangasvalikoima on n\u00e4ht\u00e4vill\u00e4 n\u00e4yttelytilassamme osoitteessa Riia 142, Tartu.<\/p>\n<p>Huomioithan, ett\u00e4 todellinen v\u00e4ri voi poiketa n\u00e4yt\u00f6ll\u00e4 n\u00e4kyv\u00e4st\u00e4. Suosittelemme v\u00e4rien tarkistamista n\u00e4yttelytilassamme.<\/p>\n","protected":false},"excerpt":{"rendered":"<p><strong>Ateena-sohva<\/strong>, suunniteltu ja valmistettu Virossa, vaikuttaa kulmikkaalla, rakenteellisella muotoilullaan, joka huokuu puhdasta ja j\u00e4rjestelm\u00e4llist\u00e4 estetiikkaa. Se on ihanteellinen valinta toimistoihin, ostoskeskuksiin tai hotellien auloihin, luoden harmonisen tunnelman mihin tahansa tilaan. Kiireisen p\u00e4iv\u00e4n j\u00e4lkeen se tarjoaa mukavan paikan venytell\u00e4 ja rentoutua.<\/p>\n<p>Vaikka tyynyt saattavat aluksi n\u00e4ytt\u00e4\u00e4 j\u00e4m\u00e4kilt\u00e4, <strong>Ateena-sohva<\/strong> on yll\u00e4tt\u00e4v\u00e4n mukava. Sen verhoilussa on k\u00e4ytetty polyuretaani-vaahtoa, joka s\u00e4ilytt\u00e4\u00e4 tyynyjen muodon ja takaa pitk\u00e4kestoisen kest\u00e4vyyden. Runko on valmistettu koivuvanerista ja m\u00e4nnyst\u00e4, tarjoten tukevan tuen.<\/p>\n<p>Valitse laajasta koristetakkien valikoimasta personoidaksesi sohva juuri sinun tyyliisi. <strong>Ateena<\/strong> seisoo vahvoilla mustilla metallijaloilla, joiden korkeus on 19 cm, lis\u00e4ten muotoiluun modernin ja tyylikk\u00e4\u00e4n kosketuksen.<\/p>\n<p>Koko kangasvalikoima on n\u00e4ht\u00e4vill\u00e4 n\u00e4yttelytilassamme osoitteessa Riia 142, Tartu.<\/p>\n<p>Huomioithan, ett\u00e4 todellinen v\u00e4ri voi poiketa n\u00e4yt\u00f6ll\u00e4 n\u00e4kyv\u00e4st\u00e4. Suosittelemme v\u00e4rien tarkistamista n\u00e4yttelytilassamme.<\/p>\n","protected":false},"featured_media":50537,"template":"","meta":{"_acf_changed":false},"wpc-attribute-group":[],"product_brand":[],"product_cat":[2233,2235],"product_tag":[],"class_list":{"0":"post-53772","1":"product","2":"type-product","3":"status-publish","4":"has-post-thumbnail","6":"product_cat-olohuone","7":"product_cat-sohvat","8":"pa_e-poe-kangavalik-kentucky-1-fi","9":"pa_e-poe-kangavalik-kentucky-9-fi","11":"first","12":"instock","13":"taxable","14":"shipping-taxable","15":"purchasable","16":"product-type-variable","17":"add-to-wishlist-after_add_to_cart"},"acf":[],"yoast_head":"<!-- This site is optimized with the Yoast SEO plugin v26.1 - https:\/\/yoast.com\/wordpress\/plugins\/seo\/ -->\n<title>Ateena - Bellfire<\/title>\n<meta name=\"robots\" content=\"index, follow, max-snippet:-1, max-image-preview:large, max-video-preview:-1\" \/>\n<link rel=\"canonical\" href=\"https:\/\/bellfire.ee\/fi\/olohuone\/sohvat\/ateena\/\" \/>\n<meta property=\"og:locale\" content=\"fi_FI\" \/>\n<meta property=\"og:type\" content=\"article\" \/>\n<meta property=\"og:title\" content=\"Ateena - Bellfire\" \/>\n<meta property=\"og:description\" content=\"Ateena-sohva, suunniteltu ja valmistettu Virossa, vaikuttaa kulmikkaalla, rakenteellisella muotoilullaan, joka huokuu puhdasta ja j\u00e4rjestelm\u00e4llist\u00e4 estetiikkaa. Se on ihanteellinen valinta toimistoihin, ostoskeskuksiin tai hotellien auloihin, luoden harmonisen tunnelman mihin tahansa tilaan. Kiireisen p\u00e4iv\u00e4n j\u00e4lkeen se tarjoaa mukavan paikan venytell\u00e4 ja rentoutua.  Vaikka tyynyt saattavat aluksi n\u00e4ytt\u00e4\u00e4 j\u00e4m\u00e4kilt\u00e4, Ateena-sohva on yll\u00e4tt\u00e4v\u00e4n mukava. Sen verhoilussa on k\u00e4ytetty polyuretaani-vaahtoa, joka s\u00e4ilytt\u00e4\u00e4 tyynyjen muodon ja takaa pitk\u00e4kestoisen kest\u00e4vyyden. Runko on valmistettu koivuvanerista ja m\u00e4nnyst\u00e4, tarjoten tukevan tuen.  Valitse laajasta koristetakkien valikoimasta personoidaksesi sohva juuri sinun tyyliisi. Ateena seisoo vahvoilla mustilla metallijaloilla, joiden korkeus on 19 cm, lis\u00e4ten muotoiluun modernin ja tyylikk\u00e4\u00e4n kosketuksen.  Koko kangasvalikoima on n\u00e4ht\u00e4vill\u00e4 n\u00e4yttelytilassamme osoitteessa Riia 142, Tartu.  Huomioithan, ett\u00e4 todellinen v\u00e4ri voi poiketa n\u00e4yt\u00f6ll\u00e4 n\u00e4kyv\u00e4st\u00e4. Suosittelemme v\u00e4rien tarkistamista n\u00e4yttelytilassamme.\" \/>\n<meta property=\"og:url\" content=\"https:\/\/bellfire.ee\/fi\/olohuone\/sohvat\/ateena\/\" \/>\n<meta property=\"og:site_name\" content=\"Bellfire\" \/>\n<meta property=\"article:modified_time\" content=\"2025-01-02T13:40:00+00:00\" \/>\n<meta property=\"og:image\" content=\"https:\/\/bellfire.ee\/wp-content\/uploads\/2019\/08\/ateena-ikoon.jpg\" \/>\n\t<meta property=\"og:image:width\" content=\"1280\" \/>\n\t<meta property=\"og:image:height\" content=\"800\" \/>\n\t<meta property=\"og:image:type\" content=\"image\/jpeg\" \/>\n<meta name=\"twitter:card\" content=\"summary_large_image\" \/>\n<meta name=\"twitter:label1\" content=\"Arvioitu lukuaika\" \/>\n\t<meta name=\"twitter:data1\" content=\"1 minuutti\" \/>\n<script type=\"application\/ld+json\" class=\"yoast-schema-graph\">{\"@context\":\"https:\/\/schema.org\",\"@graph\":[{\"@type\":\"WebPage\",\"@id\":\"https:\/\/bellfire.ee\/fi\/olohuone\/sohvat\/ateena\/\",\"url\":\"https:\/\/bellfire.ee\/fi\/olohuone\/sohvat\/ateena\/\",\"name\":\"Ateena - Bellfire\",\"isPartOf\":{\"@id\":\"https:\/\/bellfire.ee\/fi\/#website\"},\"primaryImageOfPage\":{\"@id\":\"https:\/\/bellfire.ee\/fi\/olohuone\/sohvat\/ateena\/#primaryimage\"},\"image\":{\"@id\":\"https:\/\/bellfire.ee\/fi\/olohuone\/sohvat\/ateena\/#primaryimage\"},\"thumbnailUrl\":\"https:\/\/bellfire.ee\/wp-content\/uploads\/2019\/08\/ateena-ikoon.jpg\",\"datePublished\":\"2019-08-30T09:36:16+00:00\",\"dateModified\":\"2025-01-02T13:40:00+00:00\",\"breadcrumb\":{\"@id\":\"https:\/\/bellfire.ee\/fi\/olohuone\/sohvat\/ateena\/#breadcrumb\"},\"inLanguage\":\"fi\",\"potentialAction\":[{\"@type\":\"ReadAction\",\"target\":[\"https:\/\/bellfire.ee\/fi\/olohuone\/sohvat\/ateena\/\"]}]},{\"@type\":\"ImageObject\",\"inLanguage\":\"fi\",\"@id\":\"https:\/\/bellfire.ee\/fi\/olohuone\/sohvat\/ateena\/#primaryimage\",\"url\":\"https:\/\/bellfire.ee\/wp-content\/uploads\/2019\/08\/ateena-ikoon.jpg\",\"contentUrl\":\"https:\/\/bellfire.ee\/wp-content\/uploads\/2019\/08\/ateena-ikoon.jpg\",\"width\":1280,\"height\":800},{\"@type\":\"BreadcrumbList\",\"@id\":\"https:\/\/bellfire.ee\/fi\/olohuone\/sohvat\/ateena\/#breadcrumb\",\"itemListElement\":[{\"@type\":\"ListItem\",\"position\":1,\"name\":\"Avaleht\",\"item\":\"https:\/\/bellfire.ee\/fi\/\"},{\"@type\":\"ListItem\",\"position\":2,\"name\":\"Huonekalut\",\"item\":\"https:\/\/bellfire.ee\/fi\/huonekalut\/\"},{\"@type\":\"ListItem\",\"position\":3,\"name\":\"Ateena\"}]},{\"@type\":\"WebSite\",\"@id\":\"https:\/\/bellfire.ee\/fi\/#website\",\"url\":\"https:\/\/bellfire.ee\/fi\/\",\"name\":\"Bellfire\",\"description\":\"Disainm\u00f6\u00f6bel Sinu koju Eesti pehme m\u00f6\u00f6bli tootjal\",\"publisher\":{\"@id\":\"https:\/\/bellfire.ee\/fi\/#organization\"},\"potentialAction\":[{\"@type\":\"SearchAction\",\"target\":{\"@type\":\"EntryPoint\",\"urlTemplate\":\"https:\/\/bellfire.ee\/fi\/?s={search_term_string}\"},\"query-input\":{\"@type\":\"PropertyValueSpecification\",\"valueRequired\":true,\"valueName\":\"search_term_string\"}}],\"inLanguage\":\"fi\"},{\"@type\":\"Organization\",\"@id\":\"https:\/\/bellfire.ee\/fi\/#organization\",\"name\":\"Bellfire\",\"url\":\"https:\/\/bellfire.ee\/fi\/\",\"logo\":{\"@type\":\"ImageObject\",\"inLanguage\":\"fi\",\"@id\":\"https:\/\/bellfire.ee\/fi\/#\/schema\/logo\/image\/\",\"url\":\"https:\/\/bellfire.ee\/wp-content\/uploads\/2024\/10\/Site-logo.svg\",\"contentUrl\":\"https:\/\/bellfire.ee\/wp-content\/uploads\/2024\/10\/Site-logo.svg\",\"width\":55,\"height\":64,\"caption\":\"Bellfire\"},\"image\":{\"@id\":\"https:\/\/bellfire.ee\/fi\/#\/schema\/logo\/image\/\"}}]}<\/script>\n<!-- \/ Yoast SEO plugin. -->","yoast_head_json":{"title":"Ateena - Bellfire","robots":{"index":"index","follow":"follow","max-snippet":"max-snippet:-1","max-image-preview":"max-image-preview:large","max-video-preview":"max-video-preview:-1"},"canonical":"https:\/\/bellfire.ee\/fi\/olohuone\/sohvat\/ateena\/","og_locale":"fi_FI","og_type":"article","og_title":"Ateena - Bellfire","og_description":"Ateena-sohva, suunniteltu ja valmistettu Virossa, vaikuttaa kulmikkaalla, rakenteellisella muotoilullaan, joka huokuu puhdasta ja j\u00e4rjestelm\u00e4llist\u00e4 estetiikkaa. Se on ihanteellinen valinta toimistoihin, ostoskeskuksiin tai hotellien auloihin, luoden harmonisen tunnelman mihin tahansa tilaan. Kiireisen p\u00e4iv\u00e4n j\u00e4lkeen se tarjoaa mukavan paikan venytell\u00e4 ja rentoutua.  Vaikka tyynyt saattavat aluksi n\u00e4ytt\u00e4\u00e4 j\u00e4m\u00e4kilt\u00e4, Ateena-sohva on yll\u00e4tt\u00e4v\u00e4n mukava. Sen verhoilussa on k\u00e4ytetty polyuretaani-vaahtoa, joka s\u00e4ilytt\u00e4\u00e4 tyynyjen muodon ja takaa pitk\u00e4kestoisen kest\u00e4vyyden. Runko on valmistettu koivuvanerista ja m\u00e4nnyst\u00e4, tarjoten tukevan tuen.  Valitse laajasta koristetakkien valikoimasta personoidaksesi sohva juuri sinun tyyliisi. Ateena seisoo vahvoilla mustilla metallijaloilla, joiden korkeus on 19 cm, lis\u00e4ten muotoiluun modernin ja tyylikk\u00e4\u00e4n kosketuksen.  Koko kangasvalikoima on n\u00e4ht\u00e4vill\u00e4 n\u00e4yttelytilassamme osoitteessa Riia 142, Tartu.  Huomioithan, ett\u00e4 todellinen v\u00e4ri voi poiketa n\u00e4yt\u00f6ll\u00e4 n\u00e4kyv\u00e4st\u00e4. Suosittelemme v\u00e4rien tarkistamista n\u00e4yttelytilassamme.","og_url":"https:\/\/bellfire.ee\/fi\/olohuone\/sohvat\/ateena\/","og_site_name":"Bellfire","article_modified_time":"2025-01-02T13:40:00+00:00","og_image":[{"width":1280,"height":800,"url":"https:\/\/bellfire.ee\/wp-content\/uploads\/2019\/08\/ateena-ikoon.jpg","type":"image\/jpeg"}],"twitter_card":"summary_large_image","twitter_misc":{"Arvioitu lukuaika":"1 minuutti"},"schema":{"@context":"https:\/\/schema.org","@graph":[{"@type":"WebPage","@id":"https:\/\/bellfire.ee\/fi\/olohuone\/sohvat\/ateena\/","url":"https:\/\/bellfire.ee\/fi\/olohuone\/sohvat\/ateena\/","name":"Ateena - Bellfire","isPartOf":{"@id":"https:\/\/bellfire.ee\/fi\/#website"},"primaryImageOfPage":{"@id":"https:\/\/bellfire.ee\/fi\/olohuone\/sohvat\/ateena\/#primaryimage"},"image":{"@id":"https:\/\/bellfire.ee\/fi\/olohuone\/sohvat\/ateena\/#primaryimage"},"thumbnailUrl":"https:\/\/bellfire.ee\/wp-content\/uploads\/2019\/08\/ateena-ikoon.jpg","datePublished":"2019-08-30T09:36:16+00:00","dateModified":"2025-01-02T13:40:00+00:00","breadcrumb":{"@id":"https:\/\/bellfire.ee\/fi\/olohuone\/sohvat\/ateena\/#breadcrumb"},"inLanguage":"fi","potentialAction":[{"@type":"ReadAction","target":["https:\/\/bellfire.ee\/fi\/olohuone\/sohvat\/ateena\/"]}]},{"@type":"ImageObject","inLanguage":"fi","@id":"https:\/\/bellfire.ee\/fi\/olohuone\/sohvat\/ateena\/#primaryimage","url":"https:\/\/bellfire.ee\/wp-content\/uploads\/2019\/08\/ateena-ikoon.jpg","contentUrl":"https:\/\/bellfire.ee\/wp-content\/uploads\/2019\/08\/ateena-ikoon.jpg","width":1280,"height":800},{"@type":"BreadcrumbList","@id":"https:\/\/bellfire.ee\/fi\/olohuone\/sohvat\/ateena\/#breadcrumb","itemListElement":[{"@type":"ListItem","position":1,"name":"Avaleht","item":"https:\/\/bellfire.ee\/fi\/"},{"@type":"ListItem","position":2,"name":"Huonekalut","item":"https:\/\/bellfire.ee\/fi\/huonekalut\/"},{"@type":"ListItem","position":3,"name":"Ateena"}]},{"@type":"WebSite","@id":"https:\/\/bellfire.ee\/fi\/#website","url":"https:\/\/bellfire.ee\/fi\/","name":"Bellfire","description":"Disainm\u00f6\u00f6bel Sinu koju Eesti pehme m\u00f6\u00f6bli tootjal","publisher":{"@id":"https:\/\/bellfire.ee\/fi\/#organization"},"potentialAction":[{"@type":"SearchAction","target":{"@type":"EntryPoint","urlTemplate":"https:\/\/bellfire.ee\/fi\/?s={search_term_string}"},"query-input":{"@type":"PropertyValueSpecification","valueRequired":true,"valueName":"search_term_string"}}],"inLanguage":"fi"},{"@type":"Organization","@id":"https:\/\/bellfire.ee\/fi\/#organization","name":"Bellfire","url":"https:\/\/bellfire.ee\/fi\/","logo":{"@type":"ImageObject","inLanguage":"fi","@id":"https:\/\/bellfire.ee\/fi\/#\/schema\/logo\/image\/","url":"https:\/\/bellfire.ee\/wp-content\/uploads\/2024\/10\/Site-logo.svg","contentUrl":"https:\/\/bellfire.ee\/wp-content\/uploads\/2024\/10\/Site-logo.svg","width":55,"height":64,"caption":"Bellfire"},"image":{"@id":"https:\/\/bellfire.ee\/fi\/#\/schema\/logo\/image\/"}}]}},"_links":{"self":[{"href":"https:\/\/bellfire.ee\/fi\/wp-json\/wp\/v2\/product\/53772","targetHints":{"allow":["GET"]}}],"collection":[{"href":"https:\/\/bellfire.ee\/fi\/wp-json\/wp\/v2\/product"}],"about":[{"href":"https:\/\/bellfire.ee\/fi\/wp-json\/wp\/v2\/types\/product"}],"wp:featuredmedia":[{"embeddable":true,"href":"https:\/\/bellfire.ee\/fi\/wp-json\/wp\/v2\/media\/50537"}],"wp:attachment":[{"href":"https:\/\/bellfire.ee\/fi\/wp-json\/wp\/v2\/media?parent=53772"}],"wp:term":[{"taxonomy":"wpc-attribute-group","embeddable":true,"href":"https:\/\/bellfire.ee\/fi\/wp-json\/wp\/v2\/wpc-attribute-group?post=53772"},{"taxonomy":"product_brand","embeddable":true,"href":"https:\/\/bellfire.ee\/fi\/wp-json\/wp\/v2\/product_brand?post=53772"},{"taxonomy":"product_cat","embeddable":true,"href":"https:\/\/bellfire.ee\/fi\/wp-json\/wp\/v2\/product_cat?post=53772"},{"taxonomy":"product_tag","embeddable":true,"href":"https:\/\/bellfire.ee\/fi\/wp-json\/wp\/v2\/product_tag?post=53772"}],"curies":[{"name":"wp","href":"https:\/\/api.w.org\/{rel}","templated":true}]}}