{"id":53764,"date":"2019-10-21T10:14:13","date_gmt":"2019-10-21T10:14:13","guid":{"rendered":"https:\/\/bellfire.ee\/Ei-luokiteltu\/pyorea-rahi\/"},"modified":"2019-10-21T10:14:13","modified_gmt":"2019-10-21T10:14:13","slug":"pyorea-rahi","status":"publish","type":"product","link":"https:\/\/bellfire.ee\/fi\/olohuone\/rahit\/pyorea-rahi\/","title":{"rendered":"Py\u00f6re\u00e4 rahi"},"content":{"rendered":"<p>T\u00e4m\u00e4 n\u00e4ytt\u00e4v\u00e4 py\u00f6re\u00e4 <strong>rahi<\/strong> on erinomainen valinta vaatehuoneeseen, makuuhuoneeseen tai eteiseen. T\u00e4ydellinen lis\u00e4 sohvan tai divaanin rinnalle, se toimii jalkatukena, lis\u00e4istuimena tai paikkana, johon voit laskea \u00e4lypuhelimen tai tabletin. <strong>Korkeus 44 cm<\/strong> tekee siit\u00e4 ihanteellisen, ja pehme\u00e4 polyuretaanivaahtopehmuste tekee rahista taatusti suosikin kaikille, jotka istahtavat siihen. Vaikka kaksi henkil\u00f6\u00e4 istuisi yht\u00e4 aikaa, rahi ei tunnu liian kapealta \u2013 kiitos sen <strong>80 cm halkaisijan<\/strong>.<\/p>\n<p>Korkealaatuinen verhoilu on helppo puhdistaa, ja useat v\u00e4rivaihtoehdot mahdollistavat rahin sovittamisen sisustukseen. Koivuvanerista ja m\u00e4nnyst\u00e4 valmistettu rakenne on poikkeuksellisen vahva ja kest\u00e4v\u00e4, tarjoten tinkim\u00e4t\u00f6nt\u00e4 mukavuutta ja nautintoa moniksi vuosiksi eteenp\u00e4in.<\/p>\n<p>Voit tutustua koko kangasvalikoimaan n\u00e4yttelytilassamme osoitteessa Riia 142, Tartto.<\/p>\n<p>Huomioithan, ett\u00e4 v\u00e4rit voivat poiketa n\u00e4yt\u00f6ll\u00e4 n\u00e4kyv\u00e4st\u00e4. Suosittelemme tarkistamaan v\u00e4rit n\u00e4yttelytilassamme.<\/p>\n","protected":false},"excerpt":{"rendered":"<p>T\u00e4m\u00e4 n\u00e4ytt\u00e4v\u00e4 py\u00f6re\u00e4 <strong>rahi<\/strong> on erinomainen valinta vaatehuoneeseen, makuuhuoneeseen tai eteiseen. T\u00e4ydellinen lis\u00e4 sohvan tai divaanin rinnalle, se toimii jalkatukena, lis\u00e4istuimena tai paikkana, johon voit laskea \u00e4lypuhelimen tai tabletin. <strong>Korkeus 44 cm<\/strong> tekee siit\u00e4 ihanteellisen, ja pehme\u00e4 polyuretaanivaahtopehmuste tekee rahista taatusti suosikin kaikille, jotka istahtavat siihen. Vaikka kaksi henkil\u00f6\u00e4 istuisi yht\u00e4 aikaa, rahi ei tunnu liian kapealta \u2013 kiitos sen <strong>80 cm halkaisijan<\/strong>.<\/p>\n<p>Korkealaatuinen verhoilu on helppo puhdistaa, ja useat v\u00e4rivaihtoehdot mahdollistavat rahin sovittamisen sisustukseen. Koivuvanerista ja m\u00e4nnyst\u00e4 valmistettu rakenne on poikkeuksellisen vahva ja kest\u00e4v\u00e4, tarjoten tinkim\u00e4t\u00f6nt\u00e4 mukavuutta ja nautintoa moniksi vuosiksi eteenp\u00e4in.<\/p>\n<p>Voit tutustua koko kangasvalikoimaan n\u00e4yttelytilassamme osoitteessa Riia 142, Tartto.<\/p>\n<p>Huomioithan, ett\u00e4 v\u00e4rit voivat poiketa n\u00e4yt\u00f6ll\u00e4 n\u00e4kyv\u00e4st\u00e4. Suosittelemme tarkistamaan v\u00e4rit n\u00e4yttelytilassamme.<\/p>\n","protected":false},"featured_media":50599,"template":"","meta":{"_acf_changed":false},"wpc-attribute-group":[],"product_brand":[],"product_cat":[2242],"product_tag":[],"class_list":{"0":"post-53764","1":"product","2":"type-product","3":"status-publish","4":"has-post-thumbnail","6":"product_cat-rahit","7":"pa_e-poe-kangavalik-brunei-18-fi","8":"pa_e-poe-kangavalik-brunei-39-fi","9":"pa_e-poe-kangavalik-brunei-6-fi","10":"pa_e-poe-kangavalik-brunei-19-fi","11":"pa_e-poe-kangavalik-brunei-29-fi","12":"pa_e-poe-kangavalik-brunei-31-fi","13":"pa_e-poe-kangavalik-brunei-45-fi","15":"first","16":"instock","17":"taxable","18":"shipping-taxable","19":"purchasable","20":"product-type-variable","21":"add-to-wishlist-after_add_to_cart"},"acf":[],"yoast_head":"<!-- This site is optimized with the Yoast SEO plugin v26.1 - https:\/\/yoast.com\/wordpress\/plugins\/seo\/ -->\n<title>Py\u00f6re\u00e4 rahi - Bellfire<\/title>\n<meta name=\"robots\" content=\"index, follow, max-snippet:-1, max-image-preview:large, max-video-preview:-1\" \/>\n<link rel=\"canonical\" href=\"https:\/\/bellfire.ee\/fi\/olohuone\/rahit\/pyorea-rahi\/\" \/>\n<meta property=\"og:locale\" content=\"fi_FI\" \/>\n<meta property=\"og:type\" content=\"article\" \/>\n<meta property=\"og:title\" content=\"Py\u00f6re\u00e4 rahi - Bellfire\" \/>\n<meta property=\"og:description\" content=\"T\u00e4m\u00e4 n\u00e4ytt\u00e4v\u00e4 py\u00f6re\u00e4 rahi on erinomainen valinta vaatehuoneeseen, makuuhuoneeseen tai eteiseen. T\u00e4ydellinen lis\u00e4 sohvan tai divaanin rinnalle, se toimii jalkatukena, lis\u00e4istuimena tai paikkana, johon voit laskea \u00e4lypuhelimen tai tabletin. Korkeus 44 cm tekee siit\u00e4 ihanteellisen, ja pehme\u00e4 polyuretaanivaahtopehmuste tekee rahista taatusti suosikin kaikille, jotka istahtavat siihen. Vaikka kaksi henkil\u00f6\u00e4 istuisi yht\u00e4 aikaa, rahi ei tunnu liian kapealta \u2013 kiitos sen 80 cm halkaisijan.  Korkealaatuinen verhoilu on helppo puhdistaa, ja useat v\u00e4rivaihtoehdot mahdollistavat rahin sovittamisen sisustukseen. Koivuvanerista ja m\u00e4nnyst\u00e4 valmistettu rakenne on poikkeuksellisen vahva ja kest\u00e4v\u00e4, tarjoten tinkim\u00e4t\u00f6nt\u00e4 mukavuutta ja nautintoa moniksi vuosiksi eteenp\u00e4in.  Voit tutustua koko kangasvalikoimaan n\u00e4yttelytilassamme osoitteessa Riia 142, Tartto.  Huomioithan, ett\u00e4 v\u00e4rit voivat poiketa n\u00e4yt\u00f6ll\u00e4 n\u00e4kyv\u00e4st\u00e4. Suosittelemme tarkistamaan v\u00e4rit n\u00e4yttelytilassamme.\" \/>\n<meta property=\"og:url\" content=\"https:\/\/bellfire.ee\/fi\/olohuone\/rahit\/pyorea-rahi\/\" \/>\n<meta property=\"og:site_name\" content=\"Bellfire\" \/>\n<meta property=\"og:image\" content=\"https:\/\/bellfire.ee\/wp-content\/uploads\/2019\/10\/roundtumba-ikoon.jpg\" \/>\n\t<meta property=\"og:image:width\" content=\"1920\" \/>\n\t<meta property=\"og:image:height\" content=\"1080\" \/>\n\t<meta property=\"og:image:type\" content=\"image\/jpeg\" \/>\n<meta name=\"twitter:card\" content=\"summary_large_image\" \/>\n<meta name=\"twitter:label1\" content=\"Arvioitu lukuaika\" \/>\n\t<meta name=\"twitter:data1\" content=\"1 minuutti\" \/>\n<script type=\"application\/ld+json\" class=\"yoast-schema-graph\">{\"@context\":\"https:\/\/schema.org\",\"@graph\":[{\"@type\":\"WebPage\",\"@id\":\"https:\/\/bellfire.ee\/fi\/olohuone\/rahit\/pyorea-rahi\/\",\"url\":\"https:\/\/bellfire.ee\/fi\/olohuone\/rahit\/pyorea-rahi\/\",\"name\":\"Py\u00f6re\u00e4 rahi - Bellfire\",\"isPartOf\":{\"@id\":\"https:\/\/bellfire.ee\/fi\/#website\"},\"primaryImageOfPage\":{\"@id\":\"https:\/\/bellfire.ee\/fi\/olohuone\/rahit\/pyorea-rahi\/#primaryimage\"},\"image\":{\"@id\":\"https:\/\/bellfire.ee\/fi\/olohuone\/rahit\/pyorea-rahi\/#primaryimage\"},\"thumbnailUrl\":\"https:\/\/bellfire.ee\/wp-content\/uploads\/2019\/10\/roundtumba-ikoon.jpg\",\"datePublished\":\"2019-10-21T10:14:13+00:00\",\"breadcrumb\":{\"@id\":\"https:\/\/bellfire.ee\/fi\/olohuone\/rahit\/pyorea-rahi\/#breadcrumb\"},\"inLanguage\":\"fi\",\"potentialAction\":[{\"@type\":\"ReadAction\",\"target\":[\"https:\/\/bellfire.ee\/fi\/olohuone\/rahit\/pyorea-rahi\/\"]}]},{\"@type\":\"ImageObject\",\"inLanguage\":\"fi\",\"@id\":\"https:\/\/bellfire.ee\/fi\/olohuone\/rahit\/pyorea-rahi\/#primaryimage\",\"url\":\"https:\/\/bellfire.ee\/wp-content\/uploads\/2019\/10\/roundtumba-ikoon.jpg\",\"contentUrl\":\"https:\/\/bellfire.ee\/wp-content\/uploads\/2019\/10\/roundtumba-ikoon.jpg\",\"width\":1920,\"height\":1080},{\"@type\":\"BreadcrumbList\",\"@id\":\"https:\/\/bellfire.ee\/fi\/olohuone\/rahit\/pyorea-rahi\/#breadcrumb\",\"itemListElement\":[{\"@type\":\"ListItem\",\"position\":1,\"name\":\"Avaleht\",\"item\":\"https:\/\/bellfire.ee\/fi\/\"},{\"@type\":\"ListItem\",\"position\":2,\"name\":\"Huonekalut\",\"item\":\"https:\/\/bellfire.ee\/fi\/huonekalut\/\"},{\"@type\":\"ListItem\",\"position\":3,\"name\":\"Py\u00f6re\u00e4 rahi\"}]},{\"@type\":\"WebSite\",\"@id\":\"https:\/\/bellfire.ee\/fi\/#website\",\"url\":\"https:\/\/bellfire.ee\/fi\/\",\"name\":\"Bellfire\",\"description\":\"Disainm\u00f6\u00f6bel Sinu koju Eesti pehme m\u00f6\u00f6bli tootjal\",\"publisher\":{\"@id\":\"https:\/\/bellfire.ee\/fi\/#organization\"},\"potentialAction\":[{\"@type\":\"SearchAction\",\"target\":{\"@type\":\"EntryPoint\",\"urlTemplate\":\"https:\/\/bellfire.ee\/fi\/?s={search_term_string}\"},\"query-input\":{\"@type\":\"PropertyValueSpecification\",\"valueRequired\":true,\"valueName\":\"search_term_string\"}}],\"inLanguage\":\"fi\"},{\"@type\":\"Organization\",\"@id\":\"https:\/\/bellfire.ee\/fi\/#organization\",\"name\":\"Bellfire\",\"url\":\"https:\/\/bellfire.ee\/fi\/\",\"logo\":{\"@type\":\"ImageObject\",\"inLanguage\":\"fi\",\"@id\":\"https:\/\/bellfire.ee\/fi\/#\/schema\/logo\/image\/\",\"url\":\"https:\/\/bellfire.ee\/wp-content\/uploads\/2024\/10\/Site-logo.svg\",\"contentUrl\":\"https:\/\/bellfire.ee\/wp-content\/uploads\/2024\/10\/Site-logo.svg\",\"width\":55,\"height\":64,\"caption\":\"Bellfire\"},\"image\":{\"@id\":\"https:\/\/bellfire.ee\/fi\/#\/schema\/logo\/image\/\"}}]}<\/script>\n<!-- \/ Yoast SEO plugin. -->","yoast_head_json":{"title":"Py\u00f6re\u00e4 rahi - Bellfire","robots":{"index":"index","follow":"follow","max-snippet":"max-snippet:-1","max-image-preview":"max-image-preview:large","max-video-preview":"max-video-preview:-1"},"canonical":"https:\/\/bellfire.ee\/fi\/olohuone\/rahit\/pyorea-rahi\/","og_locale":"fi_FI","og_type":"article","og_title":"Py\u00f6re\u00e4 rahi - Bellfire","og_description":"T\u00e4m\u00e4 n\u00e4ytt\u00e4v\u00e4 py\u00f6re\u00e4 rahi on erinomainen valinta vaatehuoneeseen, makuuhuoneeseen tai eteiseen. T\u00e4ydellinen lis\u00e4 sohvan tai divaanin rinnalle, se toimii jalkatukena, lis\u00e4istuimena tai paikkana, johon voit laskea \u00e4lypuhelimen tai tabletin. Korkeus 44 cm tekee siit\u00e4 ihanteellisen, ja pehme\u00e4 polyuretaanivaahtopehmuste tekee rahista taatusti suosikin kaikille, jotka istahtavat siihen. Vaikka kaksi henkil\u00f6\u00e4 istuisi yht\u00e4 aikaa, rahi ei tunnu liian kapealta \u2013 kiitos sen 80 cm halkaisijan.  Korkealaatuinen verhoilu on helppo puhdistaa, ja useat v\u00e4rivaihtoehdot mahdollistavat rahin sovittamisen sisustukseen. Koivuvanerista ja m\u00e4nnyst\u00e4 valmistettu rakenne on poikkeuksellisen vahva ja kest\u00e4v\u00e4, tarjoten tinkim\u00e4t\u00f6nt\u00e4 mukavuutta ja nautintoa moniksi vuosiksi eteenp\u00e4in.  Voit tutustua koko kangasvalikoimaan n\u00e4yttelytilassamme osoitteessa Riia 142, Tartto.  Huomioithan, ett\u00e4 v\u00e4rit voivat poiketa n\u00e4yt\u00f6ll\u00e4 n\u00e4kyv\u00e4st\u00e4. Suosittelemme tarkistamaan v\u00e4rit n\u00e4yttelytilassamme.","og_url":"https:\/\/bellfire.ee\/fi\/olohuone\/rahit\/pyorea-rahi\/","og_site_name":"Bellfire","og_image":[{"width":1920,"height":1080,"url":"https:\/\/bellfire.ee\/wp-content\/uploads\/2019\/10\/roundtumba-ikoon.jpg","type":"image\/jpeg"}],"twitter_card":"summary_large_image","twitter_misc":{"Arvioitu lukuaika":"1 minuutti"},"schema":{"@context":"https:\/\/schema.org","@graph":[{"@type":"WebPage","@id":"https:\/\/bellfire.ee\/fi\/olohuone\/rahit\/pyorea-rahi\/","url":"https:\/\/bellfire.ee\/fi\/olohuone\/rahit\/pyorea-rahi\/","name":"Py\u00f6re\u00e4 rahi - Bellfire","isPartOf":{"@id":"https:\/\/bellfire.ee\/fi\/#website"},"primaryImageOfPage":{"@id":"https:\/\/bellfire.ee\/fi\/olohuone\/rahit\/pyorea-rahi\/#primaryimage"},"image":{"@id":"https:\/\/bellfire.ee\/fi\/olohuone\/rahit\/pyorea-rahi\/#primaryimage"},"thumbnailUrl":"https:\/\/bellfire.ee\/wp-content\/uploads\/2019\/10\/roundtumba-ikoon.jpg","datePublished":"2019-10-21T10:14:13+00:00","breadcrumb":{"@id":"https:\/\/bellfire.ee\/fi\/olohuone\/rahit\/pyorea-rahi\/#breadcrumb"},"inLanguage":"fi","potentialAction":[{"@type":"ReadAction","target":["https:\/\/bellfire.ee\/fi\/olohuone\/rahit\/pyorea-rahi\/"]}]},{"@type":"ImageObject","inLanguage":"fi","@id":"https:\/\/bellfire.ee\/fi\/olohuone\/rahit\/pyorea-rahi\/#primaryimage","url":"https:\/\/bellfire.ee\/wp-content\/uploads\/2019\/10\/roundtumba-ikoon.jpg","contentUrl":"https:\/\/bellfire.ee\/wp-content\/uploads\/2019\/10\/roundtumba-ikoon.jpg","width":1920,"height":1080},{"@type":"BreadcrumbList","@id":"https:\/\/bellfire.ee\/fi\/olohuone\/rahit\/pyorea-rahi\/#breadcrumb","itemListElement":[{"@type":"ListItem","position":1,"name":"Avaleht","item":"https:\/\/bellfire.ee\/fi\/"},{"@type":"ListItem","position":2,"name":"Huonekalut","item":"https:\/\/bellfire.ee\/fi\/huonekalut\/"},{"@type":"ListItem","position":3,"name":"Py\u00f6re\u00e4 rahi"}]},{"@type":"WebSite","@id":"https:\/\/bellfire.ee\/fi\/#website","url":"https:\/\/bellfire.ee\/fi\/","name":"Bellfire","description":"Disainm\u00f6\u00f6bel Sinu koju Eesti pehme m\u00f6\u00f6bli tootjal","publisher":{"@id":"https:\/\/bellfire.ee\/fi\/#organization"},"potentialAction":[{"@type":"SearchAction","target":{"@type":"EntryPoint","urlTemplate":"https:\/\/bellfire.ee\/fi\/?s={search_term_string}"},"query-input":{"@type":"PropertyValueSpecification","valueRequired":true,"valueName":"search_term_string"}}],"inLanguage":"fi"},{"@type":"Organization","@id":"https:\/\/bellfire.ee\/fi\/#organization","name":"Bellfire","url":"https:\/\/bellfire.ee\/fi\/","logo":{"@type":"ImageObject","inLanguage":"fi","@id":"https:\/\/bellfire.ee\/fi\/#\/schema\/logo\/image\/","url":"https:\/\/bellfire.ee\/wp-content\/uploads\/2024\/10\/Site-logo.svg","contentUrl":"https:\/\/bellfire.ee\/wp-content\/uploads\/2024\/10\/Site-logo.svg","width":55,"height":64,"caption":"Bellfire"},"image":{"@id":"https:\/\/bellfire.ee\/fi\/#\/schema\/logo\/image\/"}}]}},"_links":{"self":[{"href":"https:\/\/bellfire.ee\/fi\/wp-json\/wp\/v2\/product\/53764","targetHints":{"allow":["GET"]}}],"collection":[{"href":"https:\/\/bellfire.ee\/fi\/wp-json\/wp\/v2\/product"}],"about":[{"href":"https:\/\/bellfire.ee\/fi\/wp-json\/wp\/v2\/types\/product"}],"wp:featuredmedia":[{"embeddable":true,"href":"https:\/\/bellfire.ee\/fi\/wp-json\/wp\/v2\/media\/50599"}],"wp:attachment":[{"href":"https:\/\/bellfire.ee\/fi\/wp-json\/wp\/v2\/media?parent=53764"}],"wp:term":[{"taxonomy":"wpc-attribute-group","embeddable":true,"href":"https:\/\/bellfire.ee\/fi\/wp-json\/wp\/v2\/wpc-attribute-group?post=53764"},{"taxonomy":"product_brand","embeddable":true,"href":"https:\/\/bellfire.ee\/fi\/wp-json\/wp\/v2\/product_brand?post=53764"},{"taxonomy":"product_cat","embeddable":true,"href":"https:\/\/bellfire.ee\/fi\/wp-json\/wp\/v2\/product_cat?post=53764"},{"taxonomy":"product_tag","embeddable":true,"href":"https:\/\/bellfire.ee\/fi\/wp-json\/wp\/v2\/product_tag?post=53764"}],"curies":[{"name":"wp","href":"https:\/\/api.w.org\/{rel}","templated":true}]}}