{"id":53739,"date":"2019-11-05T13:23:31","date_gmt":"2019-11-05T13:23:31","guid":{"rendered":"https:\/\/bellfire.ee\/Ei-luokiteltu\/slim-line\/"},"modified":"2019-11-05T13:23:31","modified_gmt":"2019-11-05T13:23:31","slug":"slim-line","status":"publish","type":"product","link":"https:\/\/bellfire.ee\/fi\/olohuone\/sohvat\/slim-line\/","title":{"rendered":"Slim Line"},"content":{"rendered":"<p><strong>Slim Line<\/strong>-sohva hurmaa klassisella designillaan ja kapeilla k\u00e4sinojillaan, mutta sen suurin ominaisuus on ep\u00e4ilem\u00e4tt\u00e4 h\u00f6yhenill\u00e4 vuoratut polyuretaanivaahtotyynyt \u2013 pehme\u00e4t kuin kes\u00e4unelma ja vastustamattoman kutsuvat. Korkealaatuinen vaahto s\u00e4ilytt\u00e4\u00e4 muotonsa vuosien ajan. Kuitenkin varoituksen sana: aika saattaa menett\u00e4\u00e4 merkityksens\u00e4, kun istut <strong>Slim Line<\/strong>-sohvalla.<\/p>\n<p>Sohvassa on tukeva rakenne massiivipuusta ja koivuvanerista, ensiluokkainen verhoilu ja tyylikk\u00e4\u00e4t jalat. <strong>Slim Line<\/strong> on t\u00e4ydellinen valinta kaikille, jotka arvostavat ajattoman eleganttia tyyli\u00e4 olohuoneessaan.<\/p>\n<p>Koko kangasvalikoima on n\u00e4ht\u00e4vill\u00e4 n\u00e4yttelytilassamme osoitteessa Riia 142, Tartto.<\/p>\n<p>Huomioithan, ett\u00e4 todellinen v\u00e4ri voi poiketa n\u00e4yt\u00f6ll\u00e4 n\u00e4kyv\u00e4st\u00e4. Suosittelemme v\u00e4rien tarkistamista n\u00e4yttelytilassamme.<\/p>\n","protected":false},"excerpt":{"rendered":"<p><strong>Slim Line<\/strong>-sohva hurmaa klassisella designillaan ja kapeilla k\u00e4sinojillaan, mutta sen suurin ominaisuus on ep\u00e4ilem\u00e4tt\u00e4 h\u00f6yhenill\u00e4 vuoratut polyuretaanivaahtotyynyt \u2013 pehme\u00e4t kuin kes\u00e4unelma ja vastustamattoman kutsuvat. Korkealaatuinen vaahto s\u00e4ilytt\u00e4\u00e4 muotonsa vuosien ajan. Kuitenkin varoituksen sana: aika saattaa menett\u00e4\u00e4 merkityksens\u00e4, kun istut <strong>Slim Line<\/strong>-sohvalla.<\/p>\n<p>Sohvassa on tukeva rakenne massiivipuusta ja koivuvanerista, ensiluokkainen verhoilu ja tyylikk\u00e4\u00e4t jalat. <strong>Slim Line<\/strong> on t\u00e4ydellinen valinta kaikille, jotka arvostavat ajattoman eleganttia tyyli\u00e4 olohuoneessaan.<\/p>\n<p>Koko kangasvalikoima on n\u00e4ht\u00e4vill\u00e4 n\u00e4yttelytilassamme osoitteessa Riia 142, Tartto.<\/p>\n<p>Huomioithan, ett\u00e4 todellinen v\u00e4ri voi poiketa n\u00e4yt\u00f6ll\u00e4 n\u00e4kyv\u00e4st\u00e4. Suosittelemme v\u00e4rien tarkistamista n\u00e4yttelytilassamme.<\/p>\n","protected":false},"featured_media":55854,"template":"","meta":{"_acf_changed":false},"wpc-attribute-group":[],"product_brand":[],"product_cat":[2233,2235],"product_tag":[],"class_list":{"0":"post-53739","1":"product","2":"type-product","3":"status-publish","4":"has-post-thumbnail","6":"product_cat-olohuone","7":"product_cat-sohvat","8":"pa_e-poe-kangavalik-hometown-16-petal-fi","9":"pa_e-poe-kangavalik-hometown-21-gargoyle-fi","10":"pa_e-poe-kangavalik-hometown-26-hemp-fi","11":"pa_e-poe-kangavalik-hometown-02-sky-fi","13":"first","14":"instock","15":"taxable","16":"shipping-taxable","17":"purchasable","18":"product-type-variable","19":"add-to-wishlist-after_add_to_cart"},"acf":[],"yoast_head":"<!-- This site is optimized with the Yoast SEO plugin v26.1 - https:\/\/yoast.com\/wordpress\/plugins\/seo\/ -->\n<title>Slim Line - Bellfire<\/title>\n<meta name=\"robots\" content=\"index, follow, max-snippet:-1, max-image-preview:large, max-video-preview:-1\" \/>\n<link rel=\"canonical\" href=\"https:\/\/bellfire.ee\/fi\/olohuone\/sohvat\/slim-line\/\" \/>\n<meta property=\"og:locale\" content=\"fi_FI\" \/>\n<meta property=\"og:type\" content=\"article\" \/>\n<meta property=\"og:title\" content=\"Slim Line - Bellfire\" \/>\n<meta property=\"og:description\" content=\"Slim Line-sohva hurmaa klassisella designillaan ja kapeilla k\u00e4sinojillaan, mutta sen suurin ominaisuus on ep\u00e4ilem\u00e4tt\u00e4 h\u00f6yhenill\u00e4 vuoratut polyuretaanivaahtotyynyt \u2013 pehme\u00e4t kuin kes\u00e4unelma ja vastustamattoman kutsuvat. Korkealaatuinen vaahto s\u00e4ilytt\u00e4\u00e4 muotonsa vuosien ajan. Kuitenkin varoituksen sana: aika saattaa menett\u00e4\u00e4 merkityksens\u00e4, kun istut Slim Line-sohvalla.  Sohvassa on tukeva rakenne massiivipuusta ja koivuvanerista, ensiluokkainen verhoilu ja tyylikk\u00e4\u00e4t jalat. Slim Line on t\u00e4ydellinen valinta kaikille, jotka arvostavat ajattoman eleganttia tyyli\u00e4 olohuoneessaan.  Koko kangasvalikoima on n\u00e4ht\u00e4vill\u00e4 n\u00e4yttelytilassamme osoitteessa Riia 142, Tartto.  Huomioithan, ett\u00e4 todellinen v\u00e4ri voi poiketa n\u00e4yt\u00f6ll\u00e4 n\u00e4kyv\u00e4st\u00e4. Suosittelemme v\u00e4rien tarkistamista n\u00e4yttelytilassamme.\" \/>\n<meta property=\"og:url\" content=\"https:\/\/bellfire.ee\/fi\/olohuone\/sohvat\/slim-line\/\" \/>\n<meta property=\"og:site_name\" content=\"Bellfire\" \/>\n<meta property=\"og:image\" content=\"https:\/\/bellfire.ee\/wp-content\/uploads\/2019\/11\/slim-line-1.jpg\" \/>\n\t<meta property=\"og:image:width\" content=\"952\" \/>\n\t<meta property=\"og:image:height\" content=\"952\" \/>\n\t<meta property=\"og:image:type\" content=\"image\/jpeg\" \/>\n<meta name=\"twitter:card\" content=\"summary_large_image\" \/>\n<meta name=\"twitter:label1\" content=\"Arvioitu lukuaika\" \/>\n\t<meta name=\"twitter:data1\" content=\"1 minuutti\" \/>\n<script type=\"application\/ld+json\" class=\"yoast-schema-graph\">{\"@context\":\"https:\/\/schema.org\",\"@graph\":[{\"@type\":\"WebPage\",\"@id\":\"https:\/\/bellfire.ee\/fi\/olohuone\/sohvat\/slim-line\/\",\"url\":\"https:\/\/bellfire.ee\/fi\/olohuone\/sohvat\/slim-line\/\",\"name\":\"Slim Line - Bellfire\",\"isPartOf\":{\"@id\":\"https:\/\/bellfire.ee\/fi\/#website\"},\"primaryImageOfPage\":{\"@id\":\"https:\/\/bellfire.ee\/fi\/olohuone\/sohvat\/slim-line\/#primaryimage\"},\"image\":{\"@id\":\"https:\/\/bellfire.ee\/fi\/olohuone\/sohvat\/slim-line\/#primaryimage\"},\"thumbnailUrl\":\"https:\/\/bellfire.ee\/wp-content\/uploads\/2019\/11\/slim-line-1.jpg\",\"datePublished\":\"2019-11-05T13:23:31+00:00\",\"breadcrumb\":{\"@id\":\"https:\/\/bellfire.ee\/fi\/olohuone\/sohvat\/slim-line\/#breadcrumb\"},\"inLanguage\":\"fi\",\"potentialAction\":[{\"@type\":\"ReadAction\",\"target\":[\"https:\/\/bellfire.ee\/fi\/olohuone\/sohvat\/slim-line\/\"]}]},{\"@type\":\"ImageObject\",\"inLanguage\":\"fi\",\"@id\":\"https:\/\/bellfire.ee\/fi\/olohuone\/sohvat\/slim-line\/#primaryimage\",\"url\":\"https:\/\/bellfire.ee\/wp-content\/uploads\/2019\/11\/slim-line-1.jpg\",\"contentUrl\":\"https:\/\/bellfire.ee\/wp-content\/uploads\/2019\/11\/slim-line-1.jpg\",\"width\":952,\"height\":952},{\"@type\":\"BreadcrumbList\",\"@id\":\"https:\/\/bellfire.ee\/fi\/olohuone\/sohvat\/slim-line\/#breadcrumb\",\"itemListElement\":[{\"@type\":\"ListItem\",\"position\":1,\"name\":\"Avaleht\",\"item\":\"https:\/\/bellfire.ee\/fi\/\"},{\"@type\":\"ListItem\",\"position\":2,\"name\":\"Huonekalut\",\"item\":\"https:\/\/bellfire.ee\/fi\/huonekalut\/\"},{\"@type\":\"ListItem\",\"position\":3,\"name\":\"Slim Line\"}]},{\"@type\":\"WebSite\",\"@id\":\"https:\/\/bellfire.ee\/fi\/#website\",\"url\":\"https:\/\/bellfire.ee\/fi\/\",\"name\":\"Bellfire\",\"description\":\"Disainm\u00f6\u00f6bel Sinu koju Eesti pehme m\u00f6\u00f6bli tootjal\",\"publisher\":{\"@id\":\"https:\/\/bellfire.ee\/fi\/#organization\"},\"potentialAction\":[{\"@type\":\"SearchAction\",\"target\":{\"@type\":\"EntryPoint\",\"urlTemplate\":\"https:\/\/bellfire.ee\/fi\/?s={search_term_string}\"},\"query-input\":{\"@type\":\"PropertyValueSpecification\",\"valueRequired\":true,\"valueName\":\"search_term_string\"}}],\"inLanguage\":\"fi\"},{\"@type\":\"Organization\",\"@id\":\"https:\/\/bellfire.ee\/fi\/#organization\",\"name\":\"Bellfire\",\"url\":\"https:\/\/bellfire.ee\/fi\/\",\"logo\":{\"@type\":\"ImageObject\",\"inLanguage\":\"fi\",\"@id\":\"https:\/\/bellfire.ee\/fi\/#\/schema\/logo\/image\/\",\"url\":\"https:\/\/bellfire.ee\/wp-content\/uploads\/2024\/10\/Site-logo.svg\",\"contentUrl\":\"https:\/\/bellfire.ee\/wp-content\/uploads\/2024\/10\/Site-logo.svg\",\"width\":55,\"height\":64,\"caption\":\"Bellfire\"},\"image\":{\"@id\":\"https:\/\/bellfire.ee\/fi\/#\/schema\/logo\/image\/\"}}]}<\/script>\n<!-- \/ Yoast SEO plugin. -->","yoast_head_json":{"title":"Slim Line - Bellfire","robots":{"index":"index","follow":"follow","max-snippet":"max-snippet:-1","max-image-preview":"max-image-preview:large","max-video-preview":"max-video-preview:-1"},"canonical":"https:\/\/bellfire.ee\/fi\/olohuone\/sohvat\/slim-line\/","og_locale":"fi_FI","og_type":"article","og_title":"Slim Line - Bellfire","og_description":"Slim Line-sohva hurmaa klassisella designillaan ja kapeilla k\u00e4sinojillaan, mutta sen suurin ominaisuus on ep\u00e4ilem\u00e4tt\u00e4 h\u00f6yhenill\u00e4 vuoratut polyuretaanivaahtotyynyt \u2013 pehme\u00e4t kuin kes\u00e4unelma ja vastustamattoman kutsuvat. Korkealaatuinen vaahto s\u00e4ilytt\u00e4\u00e4 muotonsa vuosien ajan. Kuitenkin varoituksen sana: aika saattaa menett\u00e4\u00e4 merkityksens\u00e4, kun istut Slim Line-sohvalla.  Sohvassa on tukeva rakenne massiivipuusta ja koivuvanerista, ensiluokkainen verhoilu ja tyylikk\u00e4\u00e4t jalat. Slim Line on t\u00e4ydellinen valinta kaikille, jotka arvostavat ajattoman eleganttia tyyli\u00e4 olohuoneessaan.  Koko kangasvalikoima on n\u00e4ht\u00e4vill\u00e4 n\u00e4yttelytilassamme osoitteessa Riia 142, Tartto.  Huomioithan, ett\u00e4 todellinen v\u00e4ri voi poiketa n\u00e4yt\u00f6ll\u00e4 n\u00e4kyv\u00e4st\u00e4. Suosittelemme v\u00e4rien tarkistamista n\u00e4yttelytilassamme.","og_url":"https:\/\/bellfire.ee\/fi\/olohuone\/sohvat\/slim-line\/","og_site_name":"Bellfire","og_image":[{"width":952,"height":952,"url":"https:\/\/bellfire.ee\/wp-content\/uploads\/2019\/11\/slim-line-1.jpg","type":"image\/jpeg"}],"twitter_card":"summary_large_image","twitter_misc":{"Arvioitu lukuaika":"1 minuutti"},"schema":{"@context":"https:\/\/schema.org","@graph":[{"@type":"WebPage","@id":"https:\/\/bellfire.ee\/fi\/olohuone\/sohvat\/slim-line\/","url":"https:\/\/bellfire.ee\/fi\/olohuone\/sohvat\/slim-line\/","name":"Slim Line - Bellfire","isPartOf":{"@id":"https:\/\/bellfire.ee\/fi\/#website"},"primaryImageOfPage":{"@id":"https:\/\/bellfire.ee\/fi\/olohuone\/sohvat\/slim-line\/#primaryimage"},"image":{"@id":"https:\/\/bellfire.ee\/fi\/olohuone\/sohvat\/slim-line\/#primaryimage"},"thumbnailUrl":"https:\/\/bellfire.ee\/wp-content\/uploads\/2019\/11\/slim-line-1.jpg","datePublished":"2019-11-05T13:23:31+00:00","breadcrumb":{"@id":"https:\/\/bellfire.ee\/fi\/olohuone\/sohvat\/slim-line\/#breadcrumb"},"inLanguage":"fi","potentialAction":[{"@type":"ReadAction","target":["https:\/\/bellfire.ee\/fi\/olohuone\/sohvat\/slim-line\/"]}]},{"@type":"ImageObject","inLanguage":"fi","@id":"https:\/\/bellfire.ee\/fi\/olohuone\/sohvat\/slim-line\/#primaryimage","url":"https:\/\/bellfire.ee\/wp-content\/uploads\/2019\/11\/slim-line-1.jpg","contentUrl":"https:\/\/bellfire.ee\/wp-content\/uploads\/2019\/11\/slim-line-1.jpg","width":952,"height":952},{"@type":"BreadcrumbList","@id":"https:\/\/bellfire.ee\/fi\/olohuone\/sohvat\/slim-line\/#breadcrumb","itemListElement":[{"@type":"ListItem","position":1,"name":"Avaleht","item":"https:\/\/bellfire.ee\/fi\/"},{"@type":"ListItem","position":2,"name":"Huonekalut","item":"https:\/\/bellfire.ee\/fi\/huonekalut\/"},{"@type":"ListItem","position":3,"name":"Slim Line"}]},{"@type":"WebSite","@id":"https:\/\/bellfire.ee\/fi\/#website","url":"https:\/\/bellfire.ee\/fi\/","name":"Bellfire","description":"Disainm\u00f6\u00f6bel Sinu koju Eesti pehme m\u00f6\u00f6bli tootjal","publisher":{"@id":"https:\/\/bellfire.ee\/fi\/#organization"},"potentialAction":[{"@type":"SearchAction","target":{"@type":"EntryPoint","urlTemplate":"https:\/\/bellfire.ee\/fi\/?s={search_term_string}"},"query-input":{"@type":"PropertyValueSpecification","valueRequired":true,"valueName":"search_term_string"}}],"inLanguage":"fi"},{"@type":"Organization","@id":"https:\/\/bellfire.ee\/fi\/#organization","name":"Bellfire","url":"https:\/\/bellfire.ee\/fi\/","logo":{"@type":"ImageObject","inLanguage":"fi","@id":"https:\/\/bellfire.ee\/fi\/#\/schema\/logo\/image\/","url":"https:\/\/bellfire.ee\/wp-content\/uploads\/2024\/10\/Site-logo.svg","contentUrl":"https:\/\/bellfire.ee\/wp-content\/uploads\/2024\/10\/Site-logo.svg","width":55,"height":64,"caption":"Bellfire"},"image":{"@id":"https:\/\/bellfire.ee\/fi\/#\/schema\/logo\/image\/"}}]}},"_links":{"self":[{"href":"https:\/\/bellfire.ee\/fi\/wp-json\/wp\/v2\/product\/53739","targetHints":{"allow":["GET"]}}],"collection":[{"href":"https:\/\/bellfire.ee\/fi\/wp-json\/wp\/v2\/product"}],"about":[{"href":"https:\/\/bellfire.ee\/fi\/wp-json\/wp\/v2\/types\/product"}],"wp:featuredmedia":[{"embeddable":true,"href":"https:\/\/bellfire.ee\/fi\/wp-json\/wp\/v2\/media\/55854"}],"wp:attachment":[{"href":"https:\/\/bellfire.ee\/fi\/wp-json\/wp\/v2\/media?parent=53739"}],"wp:term":[{"taxonomy":"wpc-attribute-group","embeddable":true,"href":"https:\/\/bellfire.ee\/fi\/wp-json\/wp\/v2\/wpc-attribute-group?post=53739"},{"taxonomy":"product_brand","embeddable":true,"href":"https:\/\/bellfire.ee\/fi\/wp-json\/wp\/v2\/product_brand?post=53739"},{"taxonomy":"product_cat","embeddable":true,"href":"https:\/\/bellfire.ee\/fi\/wp-json\/wp\/v2\/product_cat?post=53739"},{"taxonomy":"product_tag","embeddable":true,"href":"https:\/\/bellfire.ee\/fi\/wp-json\/wp\/v2\/product_tag?post=53739"}],"curies":[{"name":"wp","href":"https:\/\/api.w.org\/{rel}","templated":true}]}}