{"id":53695,"date":"2019-11-11T18:34:02","date_gmt":"2019-11-11T18:34:02","guid":{"rendered":"https:\/\/bellfire.ee\/Ei-luokiteltu\/easy\/"},"modified":"2019-11-11T18:34:02","modified_gmt":"2019-11-11T18:34:02","slug":"easy","status":"publish","type":"product","link":"https:\/\/bellfire.ee\/fi\/olohuone\/vuodesohvat\/easy\/","title":{"rendered":"Easy"},"content":{"rendered":"<p><strong>Easy-vuodesohva<\/strong> hurmaa yksinkertaisuudellaan ja k\u00e4yt\u00e4nn\u00f6llisyydell\u00e4\u00e4n. Sen kauniit mittasuhteet tekev\u00e4t siit\u00e4 houkuttelevan valinnan kaikille, jotka etsiv\u00e4t sohvaa, jossa on integroitu vuode. Kaksi eri kokoista rahia lis\u00e4\u00e4v\u00e4t toiminnallisuutta, sill\u00e4 niit\u00e4 voi k\u00e4ytt\u00e4\u00e4 istuimina, jalkatukina ja s\u00e4ilytystiloina. Leve\u00e4t k\u00e4sinojat ja pehme\u00e4t polyuretaanivaahtotyynyt tekev\u00e4t t\u00e4st\u00e4 sohvasta t\u00e4ydellisen unelman kaikille \u2013 kutsuva ja t\u00e4ydellinen rentoutumiseen.<\/p>\n<p>Voit valita joko <strong>kolmen istuttavan sohvan<\/strong> tai <strong>kulmasohvan<\/strong>, jotka molemmat muuntuvat hetkess\u00e4 mukavaksi vuoteeksi.<\/p>\n<ul>\n<li><strong>Vuodekoko:<\/strong> 140 \u00d7 190 cm<\/li>\n<li><strong>Runko:<\/strong> valmistettu vanerista ja puusta<\/li>\n<\/ul>\n<p>Voit tutustua koko kangasvalikoimaan n\u00e4yttelytilassamme osoitteessa Riia 142, Tartto.<\/p>\n<p>Huomioithan, ett\u00e4 v\u00e4rit voivat poiketa n\u00e4yt\u00f6ll\u00e4 n\u00e4kyv\u00e4st\u00e4. Suosittelemme tarkistamaan v\u00e4rit n\u00e4yttelytilassamme.<\/p>\n","protected":false},"excerpt":{"rendered":"<p><strong>Easy-vuodesohva<\/strong> hurmaa yksinkertaisuudellaan ja k\u00e4yt\u00e4nn\u00f6llisyydell\u00e4\u00e4n. Sen kauniit mittasuhteet tekev\u00e4t siit\u00e4 houkuttelevan valinnan kaikille, jotka etsiv\u00e4t sohvaa, jossa on integroitu vuode. Kaksi eri kokoista rahia lis\u00e4\u00e4v\u00e4t toiminnallisuutta, sill\u00e4 niit\u00e4 voi k\u00e4ytt\u00e4\u00e4 istuimina, jalkatukina ja s\u00e4ilytystiloina. Leve\u00e4t k\u00e4sinojat ja pehme\u00e4t polyuretaanivaahtotyynyt tekev\u00e4t t\u00e4st\u00e4 sohvasta t\u00e4ydellisen unelman kaikille \u2013 kutsuva ja t\u00e4ydellinen rentoutumiseen.<\/p>\n<p>Voit valita joko <strong>kolmen istuttavan sohvan<\/strong> tai <strong>kulmasohvan<\/strong>, jotka molemmat muuntuvat hetkess\u00e4 mukavaksi vuoteeksi.<\/p>\n<ul>\n<li><strong>Vuodekoko:<\/strong> 140 \u00d7 190 cm<\/li>\n<li><strong>Runko:<\/strong> valmistettu vanerista ja puusta<\/li>\n<\/ul>\n<p>Voit tutustua koko kangasvalikoimaan n\u00e4yttelytilassamme osoitteessa Riia 142, Tartto.<\/p>\n<p>Huomioithan, ett\u00e4 v\u00e4rit voivat poiketa n\u00e4yt\u00f6ll\u00e4 n\u00e4kyv\u00e4st\u00e4. Suosittelemme tarkistamaan v\u00e4rit n\u00e4yttelytilassamme.<\/p>\n","protected":false},"featured_media":65754,"template":"","meta":{"_acf_changed":false},"wpc-attribute-group":[],"product_brand":[],"product_cat":[2234],"product_tag":[],"class_list":{"0":"post-53695","1":"product","2":"type-product","3":"status-publish","4":"has-post-thumbnail","6":"product_cat-vuodesohvat","7":"pa_e-poe-kangavalik-rocco-light-grey-i-cat-fi","8":"pa_e-poe-kangavalik-rocco-pink-i-cat-fi","10":"first","11":"instock","12":"taxable","13":"shipping-taxable","14":"purchasable","15":"product-type-variable","16":"add-to-wishlist-after_add_to_cart"},"acf":[],"yoast_head":"<!-- This site is optimized with the Yoast SEO plugin v26.1 - https:\/\/yoast.com\/wordpress\/plugins\/seo\/ -->\n<title>Easy - Bellfire<\/title>\n<meta name=\"robots\" content=\"index, follow, max-snippet:-1, max-image-preview:large, max-video-preview:-1\" \/>\n<link rel=\"canonical\" href=\"https:\/\/bellfire.ee\/fi\/olohuone\/vuodesohvat\/easy\/\" \/>\n<meta property=\"og:locale\" content=\"fi_FI\" \/>\n<meta property=\"og:type\" content=\"article\" \/>\n<meta property=\"og:title\" content=\"Easy - Bellfire\" \/>\n<meta property=\"og:description\" content=\"Easy-vuodesohva hurmaa yksinkertaisuudellaan ja k\u00e4yt\u00e4nn\u00f6llisyydell\u00e4\u00e4n. Sen kauniit mittasuhteet tekev\u00e4t siit\u00e4 houkuttelevan valinnan kaikille, jotka etsiv\u00e4t sohvaa, jossa on integroitu vuode. Kaksi eri kokoista rahia lis\u00e4\u00e4v\u00e4t toiminnallisuutta, sill\u00e4 niit\u00e4 voi k\u00e4ytt\u00e4\u00e4 istuimina, jalkatukina ja s\u00e4ilytystiloina. Leve\u00e4t k\u00e4sinojat ja pehme\u00e4t polyuretaanivaahtotyynyt tekev\u00e4t t\u00e4st\u00e4 sohvasta t\u00e4ydellisen unelman kaikille \u2013 kutsuva ja t\u00e4ydellinen rentoutumiseen.  Voit valita joko kolmen istuttavan sohvan tai kulmasohvan, jotka molemmat muuntuvat hetkess\u00e4 mukavaksi vuoteeksi.   Vuodekoko: 140 \u00d7 190 cm  Runko: valmistettu vanerista ja puusta  Voit tutustua koko kangasvalikoimaan n\u00e4yttelytilassamme osoitteessa Riia 142, Tartto.  Huomioithan, ett\u00e4 v\u00e4rit voivat poiketa n\u00e4yt\u00f6ll\u00e4 n\u00e4kyv\u00e4st\u00e4. Suosittelemme tarkistamaan v\u00e4rit n\u00e4yttelytilassamme.\" \/>\n<meta property=\"og:url\" content=\"https:\/\/bellfire.ee\/fi\/olohuone\/vuodesohvat\/easy\/\" \/>\n<meta property=\"og:site_name\" content=\"Bellfire\" \/>\n<meta property=\"og:image\" content=\"https:\/\/bellfire.ee\/wp-content\/uploads\/2019\/11\/Easy-ikoon-1.jpg\" \/>\n\t<meta property=\"og:image:width\" content=\"1920\" \/>\n\t<meta property=\"og:image:height\" content=\"1080\" \/>\n\t<meta property=\"og:image:type\" content=\"image\/jpeg\" \/>\n<meta name=\"twitter:card\" content=\"summary_large_image\" \/>\n<meta name=\"twitter:label1\" content=\"Arvioitu lukuaika\" \/>\n\t<meta name=\"twitter:data1\" content=\"1 minuutti\" \/>\n<script type=\"application\/ld+json\" class=\"yoast-schema-graph\">{\"@context\":\"https:\/\/schema.org\",\"@graph\":[{\"@type\":\"WebPage\",\"@id\":\"https:\/\/bellfire.ee\/fi\/olohuone\/vuodesohvat\/easy\/\",\"url\":\"https:\/\/bellfire.ee\/fi\/olohuone\/vuodesohvat\/easy\/\",\"name\":\"Easy - Bellfire\",\"isPartOf\":{\"@id\":\"https:\/\/bellfire.ee\/fi\/#website\"},\"primaryImageOfPage\":{\"@id\":\"https:\/\/bellfire.ee\/fi\/olohuone\/vuodesohvat\/easy\/#primaryimage\"},\"image\":{\"@id\":\"https:\/\/bellfire.ee\/fi\/olohuone\/vuodesohvat\/easy\/#primaryimage\"},\"thumbnailUrl\":\"https:\/\/bellfire.ee\/wp-content\/uploads\/2019\/11\/Easy-3BS-tootefoto.jpg\",\"datePublished\":\"2019-11-11T18:34:02+00:00\",\"breadcrumb\":{\"@id\":\"https:\/\/bellfire.ee\/fi\/olohuone\/vuodesohvat\/easy\/#breadcrumb\"},\"inLanguage\":\"fi\",\"potentialAction\":[{\"@type\":\"ReadAction\",\"target\":[\"https:\/\/bellfire.ee\/fi\/olohuone\/vuodesohvat\/easy\/\"]}]},{\"@type\":\"ImageObject\",\"inLanguage\":\"fi\",\"@id\":\"https:\/\/bellfire.ee\/fi\/olohuone\/vuodesohvat\/easy\/#primaryimage\",\"url\":\"https:\/\/bellfire.ee\/wp-content\/uploads\/2019\/11\/Easy-3BS-tootefoto.jpg\",\"contentUrl\":\"https:\/\/bellfire.ee\/wp-content\/uploads\/2019\/11\/Easy-3BS-tootefoto.jpg\",\"width\":1000,\"height\":577},{\"@type\":\"BreadcrumbList\",\"@id\":\"https:\/\/bellfire.ee\/fi\/olohuone\/vuodesohvat\/easy\/#breadcrumb\",\"itemListElement\":[{\"@type\":\"ListItem\",\"position\":1,\"name\":\"Avaleht\",\"item\":\"https:\/\/bellfire.ee\/fi\/\"},{\"@type\":\"ListItem\",\"position\":2,\"name\":\"Huonekalut\",\"item\":\"https:\/\/bellfire.ee\/fi\/huonekalut\/\"},{\"@type\":\"ListItem\",\"position\":3,\"name\":\"Easy\"}]},{\"@type\":\"WebSite\",\"@id\":\"https:\/\/bellfire.ee\/fi\/#website\",\"url\":\"https:\/\/bellfire.ee\/fi\/\",\"name\":\"Bellfire\",\"description\":\"Disainm\u00f6\u00f6bel Sinu koju Eesti pehme m\u00f6\u00f6bli tootjal\",\"publisher\":{\"@id\":\"https:\/\/bellfire.ee\/fi\/#organization\"},\"potentialAction\":[{\"@type\":\"SearchAction\",\"target\":{\"@type\":\"EntryPoint\",\"urlTemplate\":\"https:\/\/bellfire.ee\/fi\/?s={search_term_string}\"},\"query-input\":{\"@type\":\"PropertyValueSpecification\",\"valueRequired\":true,\"valueName\":\"search_term_string\"}}],\"inLanguage\":\"fi\"},{\"@type\":\"Organization\",\"@id\":\"https:\/\/bellfire.ee\/fi\/#organization\",\"name\":\"Bellfire\",\"url\":\"https:\/\/bellfire.ee\/fi\/\",\"logo\":{\"@type\":\"ImageObject\",\"inLanguage\":\"fi\",\"@id\":\"https:\/\/bellfire.ee\/fi\/#\/schema\/logo\/image\/\",\"url\":\"https:\/\/bellfire.ee\/wp-content\/uploads\/2024\/10\/Site-logo.svg\",\"contentUrl\":\"https:\/\/bellfire.ee\/wp-content\/uploads\/2024\/10\/Site-logo.svg\",\"width\":55,\"height\":64,\"caption\":\"Bellfire\"},\"image\":{\"@id\":\"https:\/\/bellfire.ee\/fi\/#\/schema\/logo\/image\/\"}}]}<\/script>\n<!-- \/ Yoast SEO plugin. -->","yoast_head_json":{"title":"Easy - Bellfire","robots":{"index":"index","follow":"follow","max-snippet":"max-snippet:-1","max-image-preview":"max-image-preview:large","max-video-preview":"max-video-preview:-1"},"canonical":"https:\/\/bellfire.ee\/fi\/olohuone\/vuodesohvat\/easy\/","og_locale":"fi_FI","og_type":"article","og_title":"Easy - Bellfire","og_description":"Easy-vuodesohva hurmaa yksinkertaisuudellaan ja k\u00e4yt\u00e4nn\u00f6llisyydell\u00e4\u00e4n. Sen kauniit mittasuhteet tekev\u00e4t siit\u00e4 houkuttelevan valinnan kaikille, jotka etsiv\u00e4t sohvaa, jossa on integroitu vuode. Kaksi eri kokoista rahia lis\u00e4\u00e4v\u00e4t toiminnallisuutta, sill\u00e4 niit\u00e4 voi k\u00e4ytt\u00e4\u00e4 istuimina, jalkatukina ja s\u00e4ilytystiloina. Leve\u00e4t k\u00e4sinojat ja pehme\u00e4t polyuretaanivaahtotyynyt tekev\u00e4t t\u00e4st\u00e4 sohvasta t\u00e4ydellisen unelman kaikille \u2013 kutsuva ja t\u00e4ydellinen rentoutumiseen.  Voit valita joko kolmen istuttavan sohvan tai kulmasohvan, jotka molemmat muuntuvat hetkess\u00e4 mukavaksi vuoteeksi.   Vuodekoko: 140 \u00d7 190 cm  Runko: valmistettu vanerista ja puusta  Voit tutustua koko kangasvalikoimaan n\u00e4yttelytilassamme osoitteessa Riia 142, Tartto.  Huomioithan, ett\u00e4 v\u00e4rit voivat poiketa n\u00e4yt\u00f6ll\u00e4 n\u00e4kyv\u00e4st\u00e4. Suosittelemme tarkistamaan v\u00e4rit n\u00e4yttelytilassamme.","og_url":"https:\/\/bellfire.ee\/fi\/olohuone\/vuodesohvat\/easy\/","og_site_name":"Bellfire","og_image":[{"width":1920,"height":1080,"url":"https:\/\/bellfire.ee\/wp-content\/uploads\/2019\/11\/Easy-ikoon-1.jpg","type":"image\/jpeg"}],"twitter_card":"summary_large_image","twitter_misc":{"Arvioitu lukuaika":"1 minuutti"},"schema":{"@context":"https:\/\/schema.org","@graph":[{"@type":"WebPage","@id":"https:\/\/bellfire.ee\/fi\/olohuone\/vuodesohvat\/easy\/","url":"https:\/\/bellfire.ee\/fi\/olohuone\/vuodesohvat\/easy\/","name":"Easy - Bellfire","isPartOf":{"@id":"https:\/\/bellfire.ee\/fi\/#website"},"primaryImageOfPage":{"@id":"https:\/\/bellfire.ee\/fi\/olohuone\/vuodesohvat\/easy\/#primaryimage"},"image":{"@id":"https:\/\/bellfire.ee\/fi\/olohuone\/vuodesohvat\/easy\/#primaryimage"},"thumbnailUrl":"https:\/\/bellfire.ee\/wp-content\/uploads\/2019\/11\/Easy-3BS-tootefoto.jpg","datePublished":"2019-11-11T18:34:02+00:00","breadcrumb":{"@id":"https:\/\/bellfire.ee\/fi\/olohuone\/vuodesohvat\/easy\/#breadcrumb"},"inLanguage":"fi","potentialAction":[{"@type":"ReadAction","target":["https:\/\/bellfire.ee\/fi\/olohuone\/vuodesohvat\/easy\/"]}]},{"@type":"ImageObject","inLanguage":"fi","@id":"https:\/\/bellfire.ee\/fi\/olohuone\/vuodesohvat\/easy\/#primaryimage","url":"https:\/\/bellfire.ee\/wp-content\/uploads\/2019\/11\/Easy-3BS-tootefoto.jpg","contentUrl":"https:\/\/bellfire.ee\/wp-content\/uploads\/2019\/11\/Easy-3BS-tootefoto.jpg","width":1000,"height":577},{"@type":"BreadcrumbList","@id":"https:\/\/bellfire.ee\/fi\/olohuone\/vuodesohvat\/easy\/#breadcrumb","itemListElement":[{"@type":"ListItem","position":1,"name":"Avaleht","item":"https:\/\/bellfire.ee\/fi\/"},{"@type":"ListItem","position":2,"name":"Huonekalut","item":"https:\/\/bellfire.ee\/fi\/huonekalut\/"},{"@type":"ListItem","position":3,"name":"Easy"}]},{"@type":"WebSite","@id":"https:\/\/bellfire.ee\/fi\/#website","url":"https:\/\/bellfire.ee\/fi\/","name":"Bellfire","description":"Disainm\u00f6\u00f6bel Sinu koju Eesti pehme m\u00f6\u00f6bli tootjal","publisher":{"@id":"https:\/\/bellfire.ee\/fi\/#organization"},"potentialAction":[{"@type":"SearchAction","target":{"@type":"EntryPoint","urlTemplate":"https:\/\/bellfire.ee\/fi\/?s={search_term_string}"},"query-input":{"@type":"PropertyValueSpecification","valueRequired":true,"valueName":"search_term_string"}}],"inLanguage":"fi"},{"@type":"Organization","@id":"https:\/\/bellfire.ee\/fi\/#organization","name":"Bellfire","url":"https:\/\/bellfire.ee\/fi\/","logo":{"@type":"ImageObject","inLanguage":"fi","@id":"https:\/\/bellfire.ee\/fi\/#\/schema\/logo\/image\/","url":"https:\/\/bellfire.ee\/wp-content\/uploads\/2024\/10\/Site-logo.svg","contentUrl":"https:\/\/bellfire.ee\/wp-content\/uploads\/2024\/10\/Site-logo.svg","width":55,"height":64,"caption":"Bellfire"},"image":{"@id":"https:\/\/bellfire.ee\/fi\/#\/schema\/logo\/image\/"}}]}},"_links":{"self":[{"href":"https:\/\/bellfire.ee\/fi\/wp-json\/wp\/v2\/product\/53695","targetHints":{"allow":["GET"]}}],"collection":[{"href":"https:\/\/bellfire.ee\/fi\/wp-json\/wp\/v2\/product"}],"about":[{"href":"https:\/\/bellfire.ee\/fi\/wp-json\/wp\/v2\/types\/product"}],"wp:featuredmedia":[{"embeddable":true,"href":"https:\/\/bellfire.ee\/fi\/wp-json\/wp\/v2\/media\/65754"}],"wp:attachment":[{"href":"https:\/\/bellfire.ee\/fi\/wp-json\/wp\/v2\/media?parent=53695"}],"wp:term":[{"taxonomy":"wpc-attribute-group","embeddable":true,"href":"https:\/\/bellfire.ee\/fi\/wp-json\/wp\/v2\/wpc-attribute-group?post=53695"},{"taxonomy":"product_brand","embeddable":true,"href":"https:\/\/bellfire.ee\/fi\/wp-json\/wp\/v2\/product_brand?post=53695"},{"taxonomy":"product_cat","embeddable":true,"href":"https:\/\/bellfire.ee\/fi\/wp-json\/wp\/v2\/product_cat?post=53695"},{"taxonomy":"product_tag","embeddable":true,"href":"https:\/\/bellfire.ee\/fi\/wp-json\/wp\/v2\/product_tag?post=53695"}],"curies":[{"name":"wp","href":"https:\/\/api.w.org\/{rel}","templated":true}]}}