{"id":53639,"date":"2019-11-12T11:32:19","date_gmt":"2019-11-12T11:32:19","guid":{"rendered":"https:\/\/bellfire.ee\/Ei-luokiteltu\/padova\/"},"modified":"2019-11-12T11:32:19","modified_gmt":"2019-11-12T11:32:19","slug":"padova","status":"publish","type":"product","link":"https:\/\/bellfire.ee\/fi\/olohuone\/vuodesohvat\/padova\/","title":{"rendered":"Padova"},"content":{"rendered":"<p>Jos etsit jotain kaunista mutta k\u00e4yt\u00e4nn\u00f6llist\u00e4, <strong>Padova-vuodesohva<\/strong> on juuri oikea valinta. T\u00e4ss\u00e4 sohvassa kaikki on kohdallaan \u2013 tyyli, laatu, mukavuus ja toiminnallisuus. Pehme\u00e4t ja mukavat polyuretaanivaahtotyynyt, tukeva runko ja korkealaatuinen verhoilu tekev\u00e4t <strong>Padovasta<\/strong> t\u00e4ydellisen valinnan jokaiselle, joka arvostaa sek\u00e4 kauneutta ett\u00e4 k\u00e4yt\u00e4nn\u00f6llisyytt\u00e4. Ja mik\u00e4 t\u00e4rkeint\u00e4, sohva muuttuu hetkess\u00e4 vuoteeksi, jossa on todella leve\u00e4 ja mukava patja.<\/p>\n<p>Kest\u00e4vyydest\u00e4 vastaavat vanerista ja puusta valmistettu runko sek\u00e4 laadukas verhoilu. K\u00e4sinojien leveys on valittavissa oman mieltymyksesi mukaan:<\/p>\n<ul>\n<li>Etuosasta taaksep\u00e4in kapenevat k\u00e4sinojat: <strong>22 cm edess\u00e4 ja 17 cm takana<\/strong> tai <strong>17 cm edess\u00e4 ja 13 cm takana<\/strong>,<\/li>\n<li>Suorat k\u00e4sinojat: leveydet <strong>13 cm<\/strong> ja <strong>8 cm<\/strong>.<\/li>\n<\/ul>\n<p>Voit tutustua koko kangasvalikoimaan n\u00e4yttelytilassamme osoitteessa Riia 142, Tartto.<\/p>\n<p>Huomioithan, ett\u00e4 v\u00e4rit voivat poiketa n\u00e4yt\u00f6ll\u00e4 n\u00e4kyv\u00e4st\u00e4. Suosittelemme tarkistamaan v\u00e4rit n\u00e4yttelytilassamme.<\/p>\n","protected":false},"excerpt":{"rendered":"<p>Jos etsit jotain kaunista mutta k\u00e4yt\u00e4nn\u00f6llist\u00e4, <strong>Padova-vuodesohva<\/strong> on juuri oikea valinta. T\u00e4ss\u00e4 sohvassa kaikki on kohdallaan \u2013 tyyli, laatu, mukavuus ja toiminnallisuus. Pehme\u00e4t ja mukavat polyuretaanivaahtotyynyt, tukeva runko ja korkealaatuinen verhoilu tekev\u00e4t <strong>Padovasta<\/strong> t\u00e4ydellisen valinnan jokaiselle, joka arvostaa sek\u00e4 kauneutta ett\u00e4 k\u00e4yt\u00e4nn\u00f6llisyytt\u00e4. Ja mik\u00e4 t\u00e4rkeint\u00e4, sohva muuttuu hetkess\u00e4 vuoteeksi, jossa on todella leve\u00e4 ja mukava patja.<\/p>\n<p>Kest\u00e4vyydest\u00e4 vastaavat vanerista ja puusta valmistettu runko sek\u00e4 laadukas verhoilu. K\u00e4sinojien leveys on valittavissa oman mieltymyksesi mukaan:<\/p>\n<ul>\n<li>Etuosasta taaksep\u00e4in kapenevat k\u00e4sinojat: <strong>22 cm edess\u00e4 ja 17 cm takana<\/strong> tai <strong>17 cm edess\u00e4 ja 13 cm takana<\/strong>,<\/li>\n<li>Suorat k\u00e4sinojat: leveydet <strong>13 cm<\/strong> ja <strong>8 cm<\/strong>.<\/li>\n<\/ul>\n<p>Voit tutustua koko kangasvalikoimaan n\u00e4yttelytilassamme osoitteessa Riia 142, Tartto.<\/p>\n<p>Huomioithan, ett\u00e4 v\u00e4rit voivat poiketa n\u00e4yt\u00f6ll\u00e4 n\u00e4kyv\u00e4st\u00e4. Suosittelemme tarkistamaan v\u00e4rit n\u00e4yttelytilassamme.<\/p>\n","protected":false},"featured_media":65073,"template":"","meta":{"_acf_changed":false},"wpc-attribute-group":[],"product_brand":[],"product_cat":[2233,2234],"product_tag":[],"class_list":{"0":"post-53639","1":"product","2":"type-product","3":"status-publish","4":"has-post-thumbnail","6":"product_cat-olohuone","7":"product_cat-vuodesohvat","9":"first","10":"instock","11":"taxable","12":"shipping-taxable","13":"purchasable","14":"product-type-variable","15":"add-to-wishlist-after_add_to_cart"},"acf":[],"yoast_head":"<!-- This site is optimized with the Yoast SEO plugin v26.1 - https:\/\/yoast.com\/wordpress\/plugins\/seo\/ -->\n<title>Padova - Bellfire<\/title>\n<meta name=\"robots\" content=\"index, follow, max-snippet:-1, max-image-preview:large, max-video-preview:-1\" \/>\n<link rel=\"canonical\" href=\"https:\/\/bellfire.ee\/fi\/olohuone\/vuodesohvat\/padova\/\" \/>\n<meta property=\"og:locale\" content=\"fi_FI\" \/>\n<meta property=\"og:type\" content=\"article\" \/>\n<meta property=\"og:title\" content=\"Padova - Bellfire\" \/>\n<meta property=\"og:description\" content=\"Jos etsit jotain kaunista mutta k\u00e4yt\u00e4nn\u00f6llist\u00e4, Padova-vuodesohva on juuri oikea valinta. T\u00e4ss\u00e4 sohvassa kaikki on kohdallaan \u2013 tyyli, laatu, mukavuus ja toiminnallisuus. Pehme\u00e4t ja mukavat polyuretaanivaahtotyynyt, tukeva runko ja korkealaatuinen verhoilu tekev\u00e4t Padovasta t\u00e4ydellisen valinnan jokaiselle, joka arvostaa sek\u00e4 kauneutta ett\u00e4 k\u00e4yt\u00e4nn\u00f6llisyytt\u00e4. Ja mik\u00e4 t\u00e4rkeint\u00e4, sohva muuttuu hetkess\u00e4 vuoteeksi, jossa on todella leve\u00e4 ja mukava patja.  Kest\u00e4vyydest\u00e4 vastaavat vanerista ja puusta valmistettu runko sek\u00e4 laadukas verhoilu. K\u00e4sinojien leveys on valittavissa oman mieltymyksesi mukaan:   Etuosasta taaksep\u00e4in kapenevat k\u00e4sinojat: 22 cm edess\u00e4 ja 17 cm takana tai 17 cm edess\u00e4 ja 13 cm takana,  Suorat k\u00e4sinojat: leveydet 13 cm ja 8 cm.  Voit tutustua koko kangasvalikoimaan n\u00e4yttelytilassamme osoitteessa Riia 142, Tartto.  Huomioithan, ett\u00e4 v\u00e4rit voivat poiketa n\u00e4yt\u00f6ll\u00e4 n\u00e4kyv\u00e4st\u00e4. Suosittelemme tarkistamaan v\u00e4rit n\u00e4yttelytilassamme.\" \/>\n<meta property=\"og:url\" content=\"https:\/\/bellfire.ee\/fi\/olohuone\/vuodesohvat\/padova\/\" \/>\n<meta property=\"og:site_name\" content=\"Bellfire\" \/>\n<meta property=\"og:image\" content=\"https:\/\/bellfire.ee\/wp-content\/uploads\/2019\/11\/Padova-ikoon-2.jpg\" \/>\n\t<meta property=\"og:image:width\" content=\"1920\" \/>\n\t<meta property=\"og:image:height\" content=\"1080\" \/>\n\t<meta property=\"og:image:type\" content=\"image\/jpeg\" \/>\n<meta name=\"twitter:card\" content=\"summary_large_image\" \/>\n<meta name=\"twitter:label1\" content=\"Arvioitu lukuaika\" \/>\n\t<meta name=\"twitter:data1\" content=\"1 minuutti\" \/>\n<script type=\"application\/ld+json\" class=\"yoast-schema-graph\">{\"@context\":\"https:\/\/schema.org\",\"@graph\":[{\"@type\":\"WebPage\",\"@id\":\"https:\/\/bellfire.ee\/fi\/olohuone\/vuodesohvat\/padova\/\",\"url\":\"https:\/\/bellfire.ee\/fi\/olohuone\/vuodesohvat\/padova\/\",\"name\":\"Padova - Bellfire\",\"isPartOf\":{\"@id\":\"https:\/\/bellfire.ee\/fi\/#website\"},\"primaryImageOfPage\":{\"@id\":\"https:\/\/bellfire.ee\/fi\/olohuone\/vuodesohvat\/padova\/#primaryimage\"},\"image\":{\"@id\":\"https:\/\/bellfire.ee\/fi\/olohuone\/vuodesohvat\/padova\/#primaryimage\"},\"thumbnailUrl\":\"https:\/\/bellfire.ee\/wp-content\/uploads\/2019\/11\/Padova-Castel-39-closed-scaled.jpg\",\"datePublished\":\"2019-11-12T11:32:19+00:00\",\"breadcrumb\":{\"@id\":\"https:\/\/bellfire.ee\/fi\/olohuone\/vuodesohvat\/padova\/#breadcrumb\"},\"inLanguage\":\"fi\",\"potentialAction\":[{\"@type\":\"ReadAction\",\"target\":[\"https:\/\/bellfire.ee\/fi\/olohuone\/vuodesohvat\/padova\/\"]}]},{\"@type\":\"ImageObject\",\"inLanguage\":\"fi\",\"@id\":\"https:\/\/bellfire.ee\/fi\/olohuone\/vuodesohvat\/padova\/#primaryimage\",\"url\":\"https:\/\/bellfire.ee\/wp-content\/uploads\/2019\/11\/Padova-Castel-39-closed-scaled.jpg\",\"contentUrl\":\"https:\/\/bellfire.ee\/wp-content\/uploads\/2019\/11\/Padova-Castel-39-closed-scaled.jpg\",\"width\":2560,\"height\":1707},{\"@type\":\"BreadcrumbList\",\"@id\":\"https:\/\/bellfire.ee\/fi\/olohuone\/vuodesohvat\/padova\/#breadcrumb\",\"itemListElement\":[{\"@type\":\"ListItem\",\"position\":1,\"name\":\"Avaleht\",\"item\":\"https:\/\/bellfire.ee\/fi\/\"},{\"@type\":\"ListItem\",\"position\":2,\"name\":\"Huonekalut\",\"item\":\"https:\/\/bellfire.ee\/fi\/huonekalut\/\"},{\"@type\":\"ListItem\",\"position\":3,\"name\":\"Padova\"}]},{\"@type\":\"WebSite\",\"@id\":\"https:\/\/bellfire.ee\/fi\/#website\",\"url\":\"https:\/\/bellfire.ee\/fi\/\",\"name\":\"Bellfire\",\"description\":\"Disainm\u00f6\u00f6bel Sinu koju Eesti pehme m\u00f6\u00f6bli tootjal\",\"publisher\":{\"@id\":\"https:\/\/bellfire.ee\/fi\/#organization\"},\"potentialAction\":[{\"@type\":\"SearchAction\",\"target\":{\"@type\":\"EntryPoint\",\"urlTemplate\":\"https:\/\/bellfire.ee\/fi\/?s={search_term_string}\"},\"query-input\":{\"@type\":\"PropertyValueSpecification\",\"valueRequired\":true,\"valueName\":\"search_term_string\"}}],\"inLanguage\":\"fi\"},{\"@type\":\"Organization\",\"@id\":\"https:\/\/bellfire.ee\/fi\/#organization\",\"name\":\"Bellfire\",\"url\":\"https:\/\/bellfire.ee\/fi\/\",\"logo\":{\"@type\":\"ImageObject\",\"inLanguage\":\"fi\",\"@id\":\"https:\/\/bellfire.ee\/fi\/#\/schema\/logo\/image\/\",\"url\":\"https:\/\/bellfire.ee\/wp-content\/uploads\/2024\/10\/Site-logo.svg\",\"contentUrl\":\"https:\/\/bellfire.ee\/wp-content\/uploads\/2024\/10\/Site-logo.svg\",\"width\":55,\"height\":64,\"caption\":\"Bellfire\"},\"image\":{\"@id\":\"https:\/\/bellfire.ee\/fi\/#\/schema\/logo\/image\/\"}}]}<\/script>\n<!-- \/ Yoast SEO plugin. -->","yoast_head_json":{"title":"Padova - Bellfire","robots":{"index":"index","follow":"follow","max-snippet":"max-snippet:-1","max-image-preview":"max-image-preview:large","max-video-preview":"max-video-preview:-1"},"canonical":"https:\/\/bellfire.ee\/fi\/olohuone\/vuodesohvat\/padova\/","og_locale":"fi_FI","og_type":"article","og_title":"Padova - Bellfire","og_description":"Jos etsit jotain kaunista mutta k\u00e4yt\u00e4nn\u00f6llist\u00e4, Padova-vuodesohva on juuri oikea valinta. T\u00e4ss\u00e4 sohvassa kaikki on kohdallaan \u2013 tyyli, laatu, mukavuus ja toiminnallisuus. Pehme\u00e4t ja mukavat polyuretaanivaahtotyynyt, tukeva runko ja korkealaatuinen verhoilu tekev\u00e4t Padovasta t\u00e4ydellisen valinnan jokaiselle, joka arvostaa sek\u00e4 kauneutta ett\u00e4 k\u00e4yt\u00e4nn\u00f6llisyytt\u00e4. Ja mik\u00e4 t\u00e4rkeint\u00e4, sohva muuttuu hetkess\u00e4 vuoteeksi, jossa on todella leve\u00e4 ja mukava patja.  Kest\u00e4vyydest\u00e4 vastaavat vanerista ja puusta valmistettu runko sek\u00e4 laadukas verhoilu. K\u00e4sinojien leveys on valittavissa oman mieltymyksesi mukaan:   Etuosasta taaksep\u00e4in kapenevat k\u00e4sinojat: 22 cm edess\u00e4 ja 17 cm takana tai 17 cm edess\u00e4 ja 13 cm takana,  Suorat k\u00e4sinojat: leveydet 13 cm ja 8 cm.  Voit tutustua koko kangasvalikoimaan n\u00e4yttelytilassamme osoitteessa Riia 142, Tartto.  Huomioithan, ett\u00e4 v\u00e4rit voivat poiketa n\u00e4yt\u00f6ll\u00e4 n\u00e4kyv\u00e4st\u00e4. Suosittelemme tarkistamaan v\u00e4rit n\u00e4yttelytilassamme.","og_url":"https:\/\/bellfire.ee\/fi\/olohuone\/vuodesohvat\/padova\/","og_site_name":"Bellfire","og_image":[{"width":1920,"height":1080,"url":"https:\/\/bellfire.ee\/wp-content\/uploads\/2019\/11\/Padova-ikoon-2.jpg","type":"image\/jpeg"}],"twitter_card":"summary_large_image","twitter_misc":{"Arvioitu lukuaika":"1 minuutti"},"schema":{"@context":"https:\/\/schema.org","@graph":[{"@type":"WebPage","@id":"https:\/\/bellfire.ee\/fi\/olohuone\/vuodesohvat\/padova\/","url":"https:\/\/bellfire.ee\/fi\/olohuone\/vuodesohvat\/padova\/","name":"Padova - Bellfire","isPartOf":{"@id":"https:\/\/bellfire.ee\/fi\/#website"},"primaryImageOfPage":{"@id":"https:\/\/bellfire.ee\/fi\/olohuone\/vuodesohvat\/padova\/#primaryimage"},"image":{"@id":"https:\/\/bellfire.ee\/fi\/olohuone\/vuodesohvat\/padova\/#primaryimage"},"thumbnailUrl":"https:\/\/bellfire.ee\/wp-content\/uploads\/2019\/11\/Padova-Castel-39-closed-scaled.jpg","datePublished":"2019-11-12T11:32:19+00:00","breadcrumb":{"@id":"https:\/\/bellfire.ee\/fi\/olohuone\/vuodesohvat\/padova\/#breadcrumb"},"inLanguage":"fi","potentialAction":[{"@type":"ReadAction","target":["https:\/\/bellfire.ee\/fi\/olohuone\/vuodesohvat\/padova\/"]}]},{"@type":"ImageObject","inLanguage":"fi","@id":"https:\/\/bellfire.ee\/fi\/olohuone\/vuodesohvat\/padova\/#primaryimage","url":"https:\/\/bellfire.ee\/wp-content\/uploads\/2019\/11\/Padova-Castel-39-closed-scaled.jpg","contentUrl":"https:\/\/bellfire.ee\/wp-content\/uploads\/2019\/11\/Padova-Castel-39-closed-scaled.jpg","width":2560,"height":1707},{"@type":"BreadcrumbList","@id":"https:\/\/bellfire.ee\/fi\/olohuone\/vuodesohvat\/padova\/#breadcrumb","itemListElement":[{"@type":"ListItem","position":1,"name":"Avaleht","item":"https:\/\/bellfire.ee\/fi\/"},{"@type":"ListItem","position":2,"name":"Huonekalut","item":"https:\/\/bellfire.ee\/fi\/huonekalut\/"},{"@type":"ListItem","position":3,"name":"Padova"}]},{"@type":"WebSite","@id":"https:\/\/bellfire.ee\/fi\/#website","url":"https:\/\/bellfire.ee\/fi\/","name":"Bellfire","description":"Disainm\u00f6\u00f6bel Sinu koju Eesti pehme m\u00f6\u00f6bli tootjal","publisher":{"@id":"https:\/\/bellfire.ee\/fi\/#organization"},"potentialAction":[{"@type":"SearchAction","target":{"@type":"EntryPoint","urlTemplate":"https:\/\/bellfire.ee\/fi\/?s={search_term_string}"},"query-input":{"@type":"PropertyValueSpecification","valueRequired":true,"valueName":"search_term_string"}}],"inLanguage":"fi"},{"@type":"Organization","@id":"https:\/\/bellfire.ee\/fi\/#organization","name":"Bellfire","url":"https:\/\/bellfire.ee\/fi\/","logo":{"@type":"ImageObject","inLanguage":"fi","@id":"https:\/\/bellfire.ee\/fi\/#\/schema\/logo\/image\/","url":"https:\/\/bellfire.ee\/wp-content\/uploads\/2024\/10\/Site-logo.svg","contentUrl":"https:\/\/bellfire.ee\/wp-content\/uploads\/2024\/10\/Site-logo.svg","width":55,"height":64,"caption":"Bellfire"},"image":{"@id":"https:\/\/bellfire.ee\/fi\/#\/schema\/logo\/image\/"}}]}},"_links":{"self":[{"href":"https:\/\/bellfire.ee\/fi\/wp-json\/wp\/v2\/product\/53639","targetHints":{"allow":["GET"]}}],"collection":[{"href":"https:\/\/bellfire.ee\/fi\/wp-json\/wp\/v2\/product"}],"about":[{"href":"https:\/\/bellfire.ee\/fi\/wp-json\/wp\/v2\/types\/product"}],"wp:featuredmedia":[{"embeddable":true,"href":"https:\/\/bellfire.ee\/fi\/wp-json\/wp\/v2\/media\/65073"}],"wp:attachment":[{"href":"https:\/\/bellfire.ee\/fi\/wp-json\/wp\/v2\/media?parent=53639"}],"wp:term":[{"taxonomy":"wpc-attribute-group","embeddable":true,"href":"https:\/\/bellfire.ee\/fi\/wp-json\/wp\/v2\/wpc-attribute-group?post=53639"},{"taxonomy":"product_brand","embeddable":true,"href":"https:\/\/bellfire.ee\/fi\/wp-json\/wp\/v2\/product_brand?post=53639"},{"taxonomy":"product_cat","embeddable":true,"href":"https:\/\/bellfire.ee\/fi\/wp-json\/wp\/v2\/product_cat?post=53639"},{"taxonomy":"product_tag","embeddable":true,"href":"https:\/\/bellfire.ee\/fi\/wp-json\/wp\/v2\/product_tag?post=53639"}],"curies":[{"name":"wp","href":"https:\/\/api.w.org\/{rel}","templated":true}]}}