{"id":53623,"date":"2019-11-12T13:03:26","date_gmt":"2019-11-12T13:03:26","guid":{"rendered":"https:\/\/bellfire.ee\/Ei-luokiteltu\/torres\/"},"modified":"2019-11-12T13:03:26","modified_gmt":"2019-11-12T13:03:26","slug":"torres","status":"publish","type":"product","link":"https:\/\/bellfire.ee\/fi\/olohuone\/vuodesohvat\/torres\/","title":{"rendered":"Torres"},"content":{"rendered":"<p><strong>Torres-vuodesohva<\/strong> yhdist\u00e4\u00e4 klassisen yksinkertaisuuden ja k\u00e4yt\u00e4nn\u00f6llisen toiminnallisuuden. Lopputuloksena on jotain todella kiehtovaa, mik\u00e4 tekee siit\u00e4 t\u00e4ydellisen valinnan pienempiin olohuoneisiin \u2013 sohvan leveys on vain 156 cm. Vain muutamassa sekunnissa t\u00e4m\u00e4 perinteinen sohva muuttuu erinomaiseksi vuoteeksi. Koskaan ei voi tiet\u00e4\u00e4, milloin ylim\u00e4\u00e4r\u00e4ist\u00e4 vuodepaikkaa tarvitaan, ja tilaa on riitt\u00e4v\u00e4sti jopa kahdelle \u2013 vuodealueen leveys on 138 cm. Pehme\u00e4t polyuretaanivaahtotyynyt takaavat mukavuuden molemmissa k\u00e4ytt\u00f6tarkoituksissa.<\/p>\n<p>Runko on valmistettu vanerista ja m\u00e4nnyst\u00e4, mik\u00e4 tekee siit\u00e4 vahvan ja kest\u00e4v\u00e4n. Verhoilu on kest\u00e4v\u00e4, ja sen pastellis\u00e4vyt sulautuvat saumattomasti mihin tahansa sisustukseen. Ehdottomasti paras valinta k\u00e4yt\u00e4nn\u00f6lliselle sisustajalle.<\/p>\n<p>Voit tutustua koko kangasvalikoimaan n\u00e4yttelytilassamme osoitteessa Riia 142, Tartto.<\/p>\n<p>Huomioithan, ett\u00e4 v\u00e4rit voivat poiketa n\u00e4yt\u00f6ll\u00e4 n\u00e4kyv\u00e4st\u00e4. Suosittelemme tarkistamaan v\u00e4rit n\u00e4yttelytilassamme.<\/p>\n","protected":false},"excerpt":{"rendered":"<p><strong>Torres-vuodesohva<\/strong> yhdist\u00e4\u00e4 klassisen yksinkertaisuuden ja k\u00e4yt\u00e4nn\u00f6llisen toiminnallisuuden. Lopputuloksena on jotain todella kiehtovaa, mik\u00e4 tekee siit\u00e4 t\u00e4ydellisen valinnan pienempiin olohuoneisiin \u2013 sohvan leveys on vain 156 cm. Vain muutamassa sekunnissa t\u00e4m\u00e4 perinteinen sohva muuttuu erinomaiseksi vuoteeksi. Koskaan ei voi tiet\u00e4\u00e4, milloin ylim\u00e4\u00e4r\u00e4ist\u00e4 vuodepaikkaa tarvitaan, ja tilaa on riitt\u00e4v\u00e4sti jopa kahdelle \u2013 vuodealueen leveys on 138 cm. Pehme\u00e4t polyuretaanivaahtotyynyt takaavat mukavuuden molemmissa k\u00e4ytt\u00f6tarkoituksissa.<\/p>\n<p>Runko on valmistettu vanerista ja m\u00e4nnyst\u00e4, mik\u00e4 tekee siit\u00e4 vahvan ja kest\u00e4v\u00e4n. Verhoilu on kest\u00e4v\u00e4, ja sen pastellis\u00e4vyt sulautuvat saumattomasti mihin tahansa sisustukseen. Ehdottomasti paras valinta k\u00e4yt\u00e4nn\u00f6lliselle sisustajalle.<\/p>\n<p>Voit tutustua koko kangasvalikoimaan n\u00e4yttelytilassamme osoitteessa Riia 142, Tartto.<\/p>\n<p>Huomioithan, ett\u00e4 v\u00e4rit voivat poiketa n\u00e4yt\u00f6ll\u00e4 n\u00e4kyv\u00e4st\u00e4. Suosittelemme tarkistamaan v\u00e4rit n\u00e4yttelytilassamme.<\/p>\n","protected":false},"featured_media":61163,"template":"","meta":{"_acf_changed":false},"wpc-attribute-group":[],"product_brand":[],"product_cat":[2234],"product_tag":[],"class_list":{"0":"post-53623","1":"product","2":"type-product","3":"status-publish","4":"has-post-thumbnail","6":"product_cat-vuodesohvat","8":"first","9":"instock","10":"taxable","11":"shipping-taxable","12":"purchasable","13":"product-type-variable","14":"add-to-wishlist-after_add_to_cart"},"acf":[],"yoast_head":"<!-- This site is optimized with the Yoast SEO plugin v26.1 - https:\/\/yoast.com\/wordpress\/plugins\/seo\/ -->\n<title>Torres - Bellfire<\/title>\n<meta name=\"robots\" content=\"index, follow, max-snippet:-1, max-image-preview:large, max-video-preview:-1\" \/>\n<link rel=\"canonical\" href=\"https:\/\/bellfire.ee\/fi\/olohuone\/vuodesohvat\/torres\/\" \/>\n<meta property=\"og:locale\" content=\"fi_FI\" \/>\n<meta property=\"og:type\" content=\"article\" \/>\n<meta property=\"og:title\" content=\"Torres - Bellfire\" \/>\n<meta property=\"og:description\" content=\"Torres-vuodesohva yhdist\u00e4\u00e4 klassisen yksinkertaisuuden ja k\u00e4yt\u00e4nn\u00f6llisen toiminnallisuuden. Lopputuloksena on jotain todella kiehtovaa, mik\u00e4 tekee siit\u00e4 t\u00e4ydellisen valinnan pienempiin olohuoneisiin \u2013 sohvan leveys on vain 156 cm. Vain muutamassa sekunnissa t\u00e4m\u00e4 perinteinen sohva muuttuu erinomaiseksi vuoteeksi. Koskaan ei voi tiet\u00e4\u00e4, milloin ylim\u00e4\u00e4r\u00e4ist\u00e4 vuodepaikkaa tarvitaan, ja tilaa on riitt\u00e4v\u00e4sti jopa kahdelle \u2013 vuodealueen leveys on 138 cm. Pehme\u00e4t polyuretaanivaahtotyynyt takaavat mukavuuden molemmissa k\u00e4ytt\u00f6tarkoituksissa.  Runko on valmistettu vanerista ja m\u00e4nnyst\u00e4, mik\u00e4 tekee siit\u00e4 vahvan ja kest\u00e4v\u00e4n. Verhoilu on kest\u00e4v\u00e4, ja sen pastellis\u00e4vyt sulautuvat saumattomasti mihin tahansa sisustukseen. Ehdottomasti paras valinta k\u00e4yt\u00e4nn\u00f6lliselle sisustajalle.  Voit tutustua koko kangasvalikoimaan n\u00e4yttelytilassamme osoitteessa Riia 142, Tartto.  Huomioithan, ett\u00e4 v\u00e4rit voivat poiketa n\u00e4yt\u00f6ll\u00e4 n\u00e4kyv\u00e4st\u00e4. Suosittelemme tarkistamaan v\u00e4rit n\u00e4yttelytilassamme.\" \/>\n<meta property=\"og:url\" content=\"https:\/\/bellfire.ee\/fi\/olohuone\/vuodesohvat\/torres\/\" \/>\n<meta property=\"og:site_name\" content=\"Bellfire\" \/>\n<meta property=\"og:image\" content=\"https:\/\/bellfire.ee\/wp-content\/uploads\/2019\/11\/Torres-1.jpg\" \/>\n\t<meta property=\"og:image:width\" content=\"1920\" \/>\n\t<meta property=\"og:image:height\" content=\"1080\" \/>\n\t<meta property=\"og:image:type\" content=\"image\/jpeg\" \/>\n<meta name=\"twitter:card\" content=\"summary_large_image\" \/>\n<meta name=\"twitter:label1\" content=\"Arvioitu lukuaika\" \/>\n\t<meta name=\"twitter:data1\" content=\"1 minuutti\" \/>\n<script type=\"application\/ld+json\" class=\"yoast-schema-graph\">{\"@context\":\"https:\/\/schema.org\",\"@graph\":[{\"@type\":\"WebPage\",\"@id\":\"https:\/\/bellfire.ee\/fi\/olohuone\/vuodesohvat\/torres\/\",\"url\":\"https:\/\/bellfire.ee\/fi\/olohuone\/vuodesohvat\/torres\/\",\"name\":\"Torres - Bellfire\",\"isPartOf\":{\"@id\":\"https:\/\/bellfire.ee\/fi\/#website\"},\"primaryImageOfPage\":{\"@id\":\"https:\/\/bellfire.ee\/fi\/olohuone\/vuodesohvat\/torres\/#primaryimage\"},\"image\":{\"@id\":\"https:\/\/bellfire.ee\/fi\/olohuone\/vuodesohvat\/torres\/#primaryimage\"},\"thumbnailUrl\":\"https:\/\/bellfire.ee\/wp-content\/uploads\/2019\/11\/Torres-tootepilt.webp\",\"datePublished\":\"2019-11-12T13:03:26+00:00\",\"breadcrumb\":{\"@id\":\"https:\/\/bellfire.ee\/fi\/olohuone\/vuodesohvat\/torres\/#breadcrumb\"},\"inLanguage\":\"fi\",\"potentialAction\":[{\"@type\":\"ReadAction\",\"target\":[\"https:\/\/bellfire.ee\/fi\/olohuone\/vuodesohvat\/torres\/\"]}]},{\"@type\":\"ImageObject\",\"inLanguage\":\"fi\",\"@id\":\"https:\/\/bellfire.ee\/fi\/olohuone\/vuodesohvat\/torres\/#primaryimage\",\"url\":\"https:\/\/bellfire.ee\/wp-content\/uploads\/2019\/11\/Torres-tootepilt.webp\",\"contentUrl\":\"https:\/\/bellfire.ee\/wp-content\/uploads\/2019\/11\/Torres-tootepilt.webp\",\"width\":1200,\"height\":800},{\"@type\":\"BreadcrumbList\",\"@id\":\"https:\/\/bellfire.ee\/fi\/olohuone\/vuodesohvat\/torres\/#breadcrumb\",\"itemListElement\":[{\"@type\":\"ListItem\",\"position\":1,\"name\":\"Avaleht\",\"item\":\"https:\/\/bellfire.ee\/fi\/\"},{\"@type\":\"ListItem\",\"position\":2,\"name\":\"Huonekalut\",\"item\":\"https:\/\/bellfire.ee\/fi\/huonekalut\/\"},{\"@type\":\"ListItem\",\"position\":3,\"name\":\"Torres\"}]},{\"@type\":\"WebSite\",\"@id\":\"https:\/\/bellfire.ee\/fi\/#website\",\"url\":\"https:\/\/bellfire.ee\/fi\/\",\"name\":\"Bellfire\",\"description\":\"Disainm\u00f6\u00f6bel Sinu koju Eesti pehme m\u00f6\u00f6bli tootjal\",\"publisher\":{\"@id\":\"https:\/\/bellfire.ee\/fi\/#organization\"},\"potentialAction\":[{\"@type\":\"SearchAction\",\"target\":{\"@type\":\"EntryPoint\",\"urlTemplate\":\"https:\/\/bellfire.ee\/fi\/?s={search_term_string}\"},\"query-input\":{\"@type\":\"PropertyValueSpecification\",\"valueRequired\":true,\"valueName\":\"search_term_string\"}}],\"inLanguage\":\"fi\"},{\"@type\":\"Organization\",\"@id\":\"https:\/\/bellfire.ee\/fi\/#organization\",\"name\":\"Bellfire\",\"url\":\"https:\/\/bellfire.ee\/fi\/\",\"logo\":{\"@type\":\"ImageObject\",\"inLanguage\":\"fi\",\"@id\":\"https:\/\/bellfire.ee\/fi\/#\/schema\/logo\/image\/\",\"url\":\"https:\/\/bellfire.ee\/wp-content\/uploads\/2024\/10\/Site-logo.svg\",\"contentUrl\":\"https:\/\/bellfire.ee\/wp-content\/uploads\/2024\/10\/Site-logo.svg\",\"width\":55,\"height\":64,\"caption\":\"Bellfire\"},\"image\":{\"@id\":\"https:\/\/bellfire.ee\/fi\/#\/schema\/logo\/image\/\"}}]}<\/script>\n<!-- \/ Yoast SEO plugin. -->","yoast_head_json":{"title":"Torres - Bellfire","robots":{"index":"index","follow":"follow","max-snippet":"max-snippet:-1","max-image-preview":"max-image-preview:large","max-video-preview":"max-video-preview:-1"},"canonical":"https:\/\/bellfire.ee\/fi\/olohuone\/vuodesohvat\/torres\/","og_locale":"fi_FI","og_type":"article","og_title":"Torres - Bellfire","og_description":"Torres-vuodesohva yhdist\u00e4\u00e4 klassisen yksinkertaisuuden ja k\u00e4yt\u00e4nn\u00f6llisen toiminnallisuuden. Lopputuloksena on jotain todella kiehtovaa, mik\u00e4 tekee siit\u00e4 t\u00e4ydellisen valinnan pienempiin olohuoneisiin \u2013 sohvan leveys on vain 156 cm. Vain muutamassa sekunnissa t\u00e4m\u00e4 perinteinen sohva muuttuu erinomaiseksi vuoteeksi. Koskaan ei voi tiet\u00e4\u00e4, milloin ylim\u00e4\u00e4r\u00e4ist\u00e4 vuodepaikkaa tarvitaan, ja tilaa on riitt\u00e4v\u00e4sti jopa kahdelle \u2013 vuodealueen leveys on 138 cm. Pehme\u00e4t polyuretaanivaahtotyynyt takaavat mukavuuden molemmissa k\u00e4ytt\u00f6tarkoituksissa.  Runko on valmistettu vanerista ja m\u00e4nnyst\u00e4, mik\u00e4 tekee siit\u00e4 vahvan ja kest\u00e4v\u00e4n. Verhoilu on kest\u00e4v\u00e4, ja sen pastellis\u00e4vyt sulautuvat saumattomasti mihin tahansa sisustukseen. Ehdottomasti paras valinta k\u00e4yt\u00e4nn\u00f6lliselle sisustajalle.  Voit tutustua koko kangasvalikoimaan n\u00e4yttelytilassamme osoitteessa Riia 142, Tartto.  Huomioithan, ett\u00e4 v\u00e4rit voivat poiketa n\u00e4yt\u00f6ll\u00e4 n\u00e4kyv\u00e4st\u00e4. Suosittelemme tarkistamaan v\u00e4rit n\u00e4yttelytilassamme.","og_url":"https:\/\/bellfire.ee\/fi\/olohuone\/vuodesohvat\/torres\/","og_site_name":"Bellfire","og_image":[{"width":1920,"height":1080,"url":"https:\/\/bellfire.ee\/wp-content\/uploads\/2019\/11\/Torres-1.jpg","type":"image\/jpeg"}],"twitter_card":"summary_large_image","twitter_misc":{"Arvioitu lukuaika":"1 minuutti"},"schema":{"@context":"https:\/\/schema.org","@graph":[{"@type":"WebPage","@id":"https:\/\/bellfire.ee\/fi\/olohuone\/vuodesohvat\/torres\/","url":"https:\/\/bellfire.ee\/fi\/olohuone\/vuodesohvat\/torres\/","name":"Torres - Bellfire","isPartOf":{"@id":"https:\/\/bellfire.ee\/fi\/#website"},"primaryImageOfPage":{"@id":"https:\/\/bellfire.ee\/fi\/olohuone\/vuodesohvat\/torres\/#primaryimage"},"image":{"@id":"https:\/\/bellfire.ee\/fi\/olohuone\/vuodesohvat\/torres\/#primaryimage"},"thumbnailUrl":"https:\/\/bellfire.ee\/wp-content\/uploads\/2019\/11\/Torres-tootepilt.webp","datePublished":"2019-11-12T13:03:26+00:00","breadcrumb":{"@id":"https:\/\/bellfire.ee\/fi\/olohuone\/vuodesohvat\/torres\/#breadcrumb"},"inLanguage":"fi","potentialAction":[{"@type":"ReadAction","target":["https:\/\/bellfire.ee\/fi\/olohuone\/vuodesohvat\/torres\/"]}]},{"@type":"ImageObject","inLanguage":"fi","@id":"https:\/\/bellfire.ee\/fi\/olohuone\/vuodesohvat\/torres\/#primaryimage","url":"https:\/\/bellfire.ee\/wp-content\/uploads\/2019\/11\/Torres-tootepilt.webp","contentUrl":"https:\/\/bellfire.ee\/wp-content\/uploads\/2019\/11\/Torres-tootepilt.webp","width":1200,"height":800},{"@type":"BreadcrumbList","@id":"https:\/\/bellfire.ee\/fi\/olohuone\/vuodesohvat\/torres\/#breadcrumb","itemListElement":[{"@type":"ListItem","position":1,"name":"Avaleht","item":"https:\/\/bellfire.ee\/fi\/"},{"@type":"ListItem","position":2,"name":"Huonekalut","item":"https:\/\/bellfire.ee\/fi\/huonekalut\/"},{"@type":"ListItem","position":3,"name":"Torres"}]},{"@type":"WebSite","@id":"https:\/\/bellfire.ee\/fi\/#website","url":"https:\/\/bellfire.ee\/fi\/","name":"Bellfire","description":"Disainm\u00f6\u00f6bel Sinu koju Eesti pehme m\u00f6\u00f6bli tootjal","publisher":{"@id":"https:\/\/bellfire.ee\/fi\/#organization"},"potentialAction":[{"@type":"SearchAction","target":{"@type":"EntryPoint","urlTemplate":"https:\/\/bellfire.ee\/fi\/?s={search_term_string}"},"query-input":{"@type":"PropertyValueSpecification","valueRequired":true,"valueName":"search_term_string"}}],"inLanguage":"fi"},{"@type":"Organization","@id":"https:\/\/bellfire.ee\/fi\/#organization","name":"Bellfire","url":"https:\/\/bellfire.ee\/fi\/","logo":{"@type":"ImageObject","inLanguage":"fi","@id":"https:\/\/bellfire.ee\/fi\/#\/schema\/logo\/image\/","url":"https:\/\/bellfire.ee\/wp-content\/uploads\/2024\/10\/Site-logo.svg","contentUrl":"https:\/\/bellfire.ee\/wp-content\/uploads\/2024\/10\/Site-logo.svg","width":55,"height":64,"caption":"Bellfire"},"image":{"@id":"https:\/\/bellfire.ee\/fi\/#\/schema\/logo\/image\/"}}]}},"_links":{"self":[{"href":"https:\/\/bellfire.ee\/fi\/wp-json\/wp\/v2\/product\/53623","targetHints":{"allow":["GET"]}}],"collection":[{"href":"https:\/\/bellfire.ee\/fi\/wp-json\/wp\/v2\/product"}],"about":[{"href":"https:\/\/bellfire.ee\/fi\/wp-json\/wp\/v2\/types\/product"}],"wp:featuredmedia":[{"embeddable":true,"href":"https:\/\/bellfire.ee\/fi\/wp-json\/wp\/v2\/media\/61163"}],"wp:attachment":[{"href":"https:\/\/bellfire.ee\/fi\/wp-json\/wp\/v2\/media?parent=53623"}],"wp:term":[{"taxonomy":"wpc-attribute-group","embeddable":true,"href":"https:\/\/bellfire.ee\/fi\/wp-json\/wp\/v2\/wpc-attribute-group?post=53623"},{"taxonomy":"product_brand","embeddable":true,"href":"https:\/\/bellfire.ee\/fi\/wp-json\/wp\/v2\/product_brand?post=53623"},{"taxonomy":"product_cat","embeddable":true,"href":"https:\/\/bellfire.ee\/fi\/wp-json\/wp\/v2\/product_cat?post=53623"},{"taxonomy":"product_tag","embeddable":true,"href":"https:\/\/bellfire.ee\/fi\/wp-json\/wp\/v2\/product_tag?post=53623"}],"curies":[{"name":"wp","href":"https:\/\/api.w.org\/{rel}","templated":true}]}}