{"id":53600,"date":"2019-12-02T11:19:39","date_gmt":"2019-12-02T11:19:39","guid":{"rendered":"https:\/\/bellfire.ee\/Ei-luokiteltu\/smart-folding-bed\/"},"modified":"2019-12-02T11:19:39","modified_gmt":"2019-12-02T11:19:39","slug":"smart-folding-bed","status":"publish","type":"product","link":"https:\/\/bellfire.ee\/fi\/makuuhuone\/sangyt\/smart-folding-bed\/","title":{"rendered":"Smart (folding) bed"},"content":{"rendered":"<p>Nimens\u00e4 mukaisesti t\u00e4m\u00e4 s\u00e4nky on t\u00e4ydellinen valinta \u00e4lykk\u00e4\u00e4lle henkil\u00f6lle, jossa kauneus, mukavuus ja k\u00e4yt\u00e4nn\u00f6llisyys yhdistyv\u00e4t t\u00e4ydellisesti. Sen yksinkertaiset ja selke\u00e4t linjat tekev\u00e4t siit\u00e4 erinomaisen valinnan mihin tahansa makuuhuoneeseen. Huolellisesti suunniteltu jousipatja tekee siit\u00e4 t\u00e4ydellisen paikan hyv\u00e4lle y\u00f6unelle. Parasta kaikessa on, ett\u00e4 s\u00e4nky avautuu helposti yhdell\u00e4 liikkeell\u00e4, paljastaen tilavan s\u00e4ilytystilan peitteille, lakanoille ja kaikelle muulle tarpeelliselle.<\/p>\n<p>Valittavana on viisi eri kokoa, kompaktilta yhden hengen s\u00e4ngylt\u00e4 (80 cm) tilavaan paris\u00e4nkyyn (180 cm).<\/p>\n<p>Hinta sis\u00e4lt\u00e4\u00e4 sohvan ja patjan (lis\u00e4varusteet, kuten topperi ja p\u00e4\u00e4ty, ovat saatavilla erikseen).<\/p>\n<p>Koko kangasvalikoima on n\u00e4ht\u00e4vill\u00e4 n\u00e4yttelytilassamme osoitteessa Riia 142, Tartto.<\/p>\n<p>Huomioithan, ett\u00e4 todellinen v\u00e4ri voi poiketa n\u00e4yt\u00f6ll\u00e4 n\u00e4kyv\u00e4st\u00e4. Suosittelemme v\u00e4rien tarkistamista n\u00e4yttelytilassamme.<\/p>\n<p>&nbsp;<\/p>\n","protected":false},"excerpt":{"rendered":"<p>Nimens\u00e4 mukaisesti t\u00e4m\u00e4 s\u00e4nky on t\u00e4ydellinen valinta \u00e4lykk\u00e4\u00e4lle henkil\u00f6lle, jossa kauneus, mukavuus ja k\u00e4yt\u00e4nn\u00f6llisyys yhdistyv\u00e4t t\u00e4ydellisesti. Sen yksinkertaiset ja selke\u00e4t linjat tekev\u00e4t siit\u00e4 erinomaisen valinnan mihin tahansa makuuhuoneeseen. Huolellisesti suunniteltu jousipatja tekee siit\u00e4 t\u00e4ydellisen paikan hyv\u00e4lle y\u00f6unelle. Parasta kaikessa on, ett\u00e4 s\u00e4nky avautuu helposti yhdell\u00e4 liikkeell\u00e4, paljastaen tilavan s\u00e4ilytystilan peitteille, lakanoille ja kaikelle muulle tarpeelliselle.<\/p>\n<p>Valittavana on viisi eri kokoa, kompaktilta yhden hengen s\u00e4ngylt\u00e4 (80 cm) tilavaan paris\u00e4nkyyn (180 cm).<\/p>\n<p>Hinta sis\u00e4lt\u00e4\u00e4 sohvan ja patjan (lis\u00e4varusteet, kuten topperi ja p\u00e4\u00e4ty, ovat saatavilla erikseen).<\/p>\n<p>Koko kangasvalikoima on n\u00e4ht\u00e4vill\u00e4 n\u00e4yttelytilassamme osoitteessa Riia 142, Tartto.<\/p>\n<p>Huomioithan, ett\u00e4 todellinen v\u00e4ri voi poiketa n\u00e4yt\u00f6ll\u00e4 n\u00e4kyv\u00e4st\u00e4. Suosittelemme v\u00e4rien tarkistamista n\u00e4yttelytilassamme.<\/p>\n<p>&nbsp;<\/p>\n","protected":false},"featured_media":54980,"template":"","meta":{"_acf_changed":false},"wpc-attribute-group":[],"product_brand":[],"product_cat":[2238],"product_tag":[],"class_list":{"0":"post-53600","1":"product","2":"type-product","3":"status-publish","4":"has-post-thumbnail","6":"product_cat-sangyt","7":"pa_e-poe-kangavalik-soro-40-fi","8":"pa_e-poe-kangavalik-soro-13-fi","9":"pa_e-poe-kangavalik-soro-34-fi","10":"pa_e-poe-kangavalik-soro-93-fi","12":"first","13":"instock","14":"taxable","15":"shipping-taxable","16":"purchasable","17":"product-type-variable","18":"add-to-wishlist-after_add_to_cart"},"acf":[],"yoast_head":"<!-- This site is optimized with the Yoast SEO plugin v26.1 - https:\/\/yoast.com\/wordpress\/plugins\/seo\/ -->\n<title>Smart (folding) bed - Bellfire<\/title>\n<meta name=\"robots\" content=\"index, follow, max-snippet:-1, max-image-preview:large, max-video-preview:-1\" \/>\n<link rel=\"canonical\" href=\"https:\/\/bellfire.ee\/fi\/makuuhuone\/sangyt\/smart-folding-bed\/\" \/>\n<meta property=\"og:locale\" content=\"fi_FI\" \/>\n<meta property=\"og:type\" content=\"article\" \/>\n<meta property=\"og:title\" content=\"Smart (folding) bed - Bellfire\" \/>\n<meta property=\"og:description\" content=\"Nimens\u00e4 mukaisesti t\u00e4m\u00e4 s\u00e4nky on t\u00e4ydellinen valinta \u00e4lykk\u00e4\u00e4lle henkil\u00f6lle, jossa kauneus, mukavuus ja k\u00e4yt\u00e4nn\u00f6llisyys yhdistyv\u00e4t t\u00e4ydellisesti. Sen yksinkertaiset ja selke\u00e4t linjat tekev\u00e4t siit\u00e4 erinomaisen valinnan mihin tahansa makuuhuoneeseen. Huolellisesti suunniteltu jousipatja tekee siit\u00e4 t\u00e4ydellisen paikan hyv\u00e4lle y\u00f6unelle. Parasta kaikessa on, ett\u00e4 s\u00e4nky avautuu helposti yhdell\u00e4 liikkeell\u00e4, paljastaen tilavan s\u00e4ilytystilan peitteille, lakanoille ja kaikelle muulle tarpeelliselle.  Valittavana on viisi eri kokoa, kompaktilta yhden hengen s\u00e4ngylt\u00e4 (80 cm) tilavaan paris\u00e4nkyyn (180 cm).  Hinta sis\u00e4lt\u00e4\u00e4 sohvan ja patjan (lis\u00e4varusteet, kuten topperi ja p\u00e4\u00e4ty, ovat saatavilla erikseen).  Koko kangasvalikoima on n\u00e4ht\u00e4vill\u00e4 n\u00e4yttelytilassamme osoitteessa Riia 142, Tartto.  Huomioithan, ett\u00e4 todellinen v\u00e4ri voi poiketa n\u00e4yt\u00f6ll\u00e4 n\u00e4kyv\u00e4st\u00e4. Suosittelemme v\u00e4rien tarkistamista n\u00e4yttelytilassamme.  &nbsp;\" \/>\n<meta property=\"og:url\" content=\"https:\/\/bellfire.ee\/fi\/makuuhuone\/sangyt\/smart-folding-bed\/\" \/>\n<meta property=\"og:site_name\" content=\"Bellfire\" \/>\n<meta property=\"og:image\" content=\"https:\/\/bellfire.ee\/wp-content\/uploads\/2019\/12\/smart-ikoon-1-scaled.jpg\" \/>\n\t<meta property=\"og:image:width\" content=\"2560\" \/>\n\t<meta property=\"og:image:height\" content=\"1696\" \/>\n\t<meta property=\"og:image:type\" content=\"image\/jpeg\" \/>\n<meta name=\"twitter:card\" content=\"summary_large_image\" \/>\n<meta name=\"twitter:label1\" content=\"Arvioitu lukuaika\" \/>\n\t<meta name=\"twitter:data1\" content=\"1 minuutti\" \/>\n<script type=\"application\/ld+json\" class=\"yoast-schema-graph\">{\"@context\":\"https:\/\/schema.org\",\"@graph\":[{\"@type\":\"WebPage\",\"@id\":\"https:\/\/bellfire.ee\/fi\/makuuhuone\/sangyt\/smart-folding-bed\/\",\"url\":\"https:\/\/bellfire.ee\/fi\/makuuhuone\/sangyt\/smart-folding-bed\/\",\"name\":\"Smart (folding) bed - Bellfire\",\"isPartOf\":{\"@id\":\"https:\/\/bellfire.ee\/fi\/#website\"},\"primaryImageOfPage\":{\"@id\":\"https:\/\/bellfire.ee\/fi\/makuuhuone\/sangyt\/smart-folding-bed\/#primaryimage\"},\"image\":{\"@id\":\"https:\/\/bellfire.ee\/fi\/makuuhuone\/sangyt\/smart-folding-bed\/#primaryimage\"},\"thumbnailUrl\":\"https:\/\/bellfire.ee\/wp-content\/uploads\/2019\/12\/smart-ikoon-1-scaled.jpg\",\"datePublished\":\"2019-12-02T11:19:39+00:00\",\"breadcrumb\":{\"@id\":\"https:\/\/bellfire.ee\/fi\/makuuhuone\/sangyt\/smart-folding-bed\/#breadcrumb\"},\"inLanguage\":\"fi\",\"potentialAction\":[{\"@type\":\"ReadAction\",\"target\":[\"https:\/\/bellfire.ee\/fi\/makuuhuone\/sangyt\/smart-folding-bed\/\"]}]},{\"@type\":\"ImageObject\",\"inLanguage\":\"fi\",\"@id\":\"https:\/\/bellfire.ee\/fi\/makuuhuone\/sangyt\/smart-folding-bed\/#primaryimage\",\"url\":\"https:\/\/bellfire.ee\/wp-content\/uploads\/2019\/12\/smart-ikoon-1-scaled.jpg\",\"contentUrl\":\"https:\/\/bellfire.ee\/wp-content\/uploads\/2019\/12\/smart-ikoon-1-scaled.jpg\",\"width\":2560,\"height\":1696},{\"@type\":\"BreadcrumbList\",\"@id\":\"https:\/\/bellfire.ee\/fi\/makuuhuone\/sangyt\/smart-folding-bed\/#breadcrumb\",\"itemListElement\":[{\"@type\":\"ListItem\",\"position\":1,\"name\":\"Avaleht\",\"item\":\"https:\/\/bellfire.ee\/fi\/\"},{\"@type\":\"ListItem\",\"position\":2,\"name\":\"Huonekalut\",\"item\":\"https:\/\/bellfire.ee\/fi\/huonekalut\/\"},{\"@type\":\"ListItem\",\"position\":3,\"name\":\"Smart (folding) bed\"}]},{\"@type\":\"WebSite\",\"@id\":\"https:\/\/bellfire.ee\/fi\/#website\",\"url\":\"https:\/\/bellfire.ee\/fi\/\",\"name\":\"Bellfire\",\"description\":\"Disainm\u00f6\u00f6bel Sinu koju Eesti pehme m\u00f6\u00f6bli tootjal\",\"publisher\":{\"@id\":\"https:\/\/bellfire.ee\/fi\/#organization\"},\"potentialAction\":[{\"@type\":\"SearchAction\",\"target\":{\"@type\":\"EntryPoint\",\"urlTemplate\":\"https:\/\/bellfire.ee\/fi\/?s={search_term_string}\"},\"query-input\":{\"@type\":\"PropertyValueSpecification\",\"valueRequired\":true,\"valueName\":\"search_term_string\"}}],\"inLanguage\":\"fi\"},{\"@type\":\"Organization\",\"@id\":\"https:\/\/bellfire.ee\/fi\/#organization\",\"name\":\"Bellfire\",\"url\":\"https:\/\/bellfire.ee\/fi\/\",\"logo\":{\"@type\":\"ImageObject\",\"inLanguage\":\"fi\",\"@id\":\"https:\/\/bellfire.ee\/fi\/#\/schema\/logo\/image\/\",\"url\":\"https:\/\/bellfire.ee\/wp-content\/uploads\/2024\/10\/Site-logo.svg\",\"contentUrl\":\"https:\/\/bellfire.ee\/wp-content\/uploads\/2024\/10\/Site-logo.svg\",\"width\":55,\"height\":64,\"caption\":\"Bellfire\"},\"image\":{\"@id\":\"https:\/\/bellfire.ee\/fi\/#\/schema\/logo\/image\/\"}}]}<\/script>\n<!-- \/ Yoast SEO plugin. -->","yoast_head_json":{"title":"Smart (folding) bed - Bellfire","robots":{"index":"index","follow":"follow","max-snippet":"max-snippet:-1","max-image-preview":"max-image-preview:large","max-video-preview":"max-video-preview:-1"},"canonical":"https:\/\/bellfire.ee\/fi\/makuuhuone\/sangyt\/smart-folding-bed\/","og_locale":"fi_FI","og_type":"article","og_title":"Smart (folding) bed - Bellfire","og_description":"Nimens\u00e4 mukaisesti t\u00e4m\u00e4 s\u00e4nky on t\u00e4ydellinen valinta \u00e4lykk\u00e4\u00e4lle henkil\u00f6lle, jossa kauneus, mukavuus ja k\u00e4yt\u00e4nn\u00f6llisyys yhdistyv\u00e4t t\u00e4ydellisesti. Sen yksinkertaiset ja selke\u00e4t linjat tekev\u00e4t siit\u00e4 erinomaisen valinnan mihin tahansa makuuhuoneeseen. Huolellisesti suunniteltu jousipatja tekee siit\u00e4 t\u00e4ydellisen paikan hyv\u00e4lle y\u00f6unelle. Parasta kaikessa on, ett\u00e4 s\u00e4nky avautuu helposti yhdell\u00e4 liikkeell\u00e4, paljastaen tilavan s\u00e4ilytystilan peitteille, lakanoille ja kaikelle muulle tarpeelliselle.  Valittavana on viisi eri kokoa, kompaktilta yhden hengen s\u00e4ngylt\u00e4 (80 cm) tilavaan paris\u00e4nkyyn (180 cm).  Hinta sis\u00e4lt\u00e4\u00e4 sohvan ja patjan (lis\u00e4varusteet, kuten topperi ja p\u00e4\u00e4ty, ovat saatavilla erikseen).  Koko kangasvalikoima on n\u00e4ht\u00e4vill\u00e4 n\u00e4yttelytilassamme osoitteessa Riia 142, Tartto.  Huomioithan, ett\u00e4 todellinen v\u00e4ri voi poiketa n\u00e4yt\u00f6ll\u00e4 n\u00e4kyv\u00e4st\u00e4. Suosittelemme v\u00e4rien tarkistamista n\u00e4yttelytilassamme.  &nbsp;","og_url":"https:\/\/bellfire.ee\/fi\/makuuhuone\/sangyt\/smart-folding-bed\/","og_site_name":"Bellfire","og_image":[{"width":2560,"height":1696,"url":"https:\/\/bellfire.ee\/wp-content\/uploads\/2019\/12\/smart-ikoon-1-scaled.jpg","type":"image\/jpeg"}],"twitter_card":"summary_large_image","twitter_misc":{"Arvioitu lukuaika":"1 minuutti"},"schema":{"@context":"https:\/\/schema.org","@graph":[{"@type":"WebPage","@id":"https:\/\/bellfire.ee\/fi\/makuuhuone\/sangyt\/smart-folding-bed\/","url":"https:\/\/bellfire.ee\/fi\/makuuhuone\/sangyt\/smart-folding-bed\/","name":"Smart (folding) bed - Bellfire","isPartOf":{"@id":"https:\/\/bellfire.ee\/fi\/#website"},"primaryImageOfPage":{"@id":"https:\/\/bellfire.ee\/fi\/makuuhuone\/sangyt\/smart-folding-bed\/#primaryimage"},"image":{"@id":"https:\/\/bellfire.ee\/fi\/makuuhuone\/sangyt\/smart-folding-bed\/#primaryimage"},"thumbnailUrl":"https:\/\/bellfire.ee\/wp-content\/uploads\/2019\/12\/smart-ikoon-1-scaled.jpg","datePublished":"2019-12-02T11:19:39+00:00","breadcrumb":{"@id":"https:\/\/bellfire.ee\/fi\/makuuhuone\/sangyt\/smart-folding-bed\/#breadcrumb"},"inLanguage":"fi","potentialAction":[{"@type":"ReadAction","target":["https:\/\/bellfire.ee\/fi\/makuuhuone\/sangyt\/smart-folding-bed\/"]}]},{"@type":"ImageObject","inLanguage":"fi","@id":"https:\/\/bellfire.ee\/fi\/makuuhuone\/sangyt\/smart-folding-bed\/#primaryimage","url":"https:\/\/bellfire.ee\/wp-content\/uploads\/2019\/12\/smart-ikoon-1-scaled.jpg","contentUrl":"https:\/\/bellfire.ee\/wp-content\/uploads\/2019\/12\/smart-ikoon-1-scaled.jpg","width":2560,"height":1696},{"@type":"BreadcrumbList","@id":"https:\/\/bellfire.ee\/fi\/makuuhuone\/sangyt\/smart-folding-bed\/#breadcrumb","itemListElement":[{"@type":"ListItem","position":1,"name":"Avaleht","item":"https:\/\/bellfire.ee\/fi\/"},{"@type":"ListItem","position":2,"name":"Huonekalut","item":"https:\/\/bellfire.ee\/fi\/huonekalut\/"},{"@type":"ListItem","position":3,"name":"Smart (folding) bed"}]},{"@type":"WebSite","@id":"https:\/\/bellfire.ee\/fi\/#website","url":"https:\/\/bellfire.ee\/fi\/","name":"Bellfire","description":"Disainm\u00f6\u00f6bel Sinu koju Eesti pehme m\u00f6\u00f6bli tootjal","publisher":{"@id":"https:\/\/bellfire.ee\/fi\/#organization"},"potentialAction":[{"@type":"SearchAction","target":{"@type":"EntryPoint","urlTemplate":"https:\/\/bellfire.ee\/fi\/?s={search_term_string}"},"query-input":{"@type":"PropertyValueSpecification","valueRequired":true,"valueName":"search_term_string"}}],"inLanguage":"fi"},{"@type":"Organization","@id":"https:\/\/bellfire.ee\/fi\/#organization","name":"Bellfire","url":"https:\/\/bellfire.ee\/fi\/","logo":{"@type":"ImageObject","inLanguage":"fi","@id":"https:\/\/bellfire.ee\/fi\/#\/schema\/logo\/image\/","url":"https:\/\/bellfire.ee\/wp-content\/uploads\/2024\/10\/Site-logo.svg","contentUrl":"https:\/\/bellfire.ee\/wp-content\/uploads\/2024\/10\/Site-logo.svg","width":55,"height":64,"caption":"Bellfire"},"image":{"@id":"https:\/\/bellfire.ee\/fi\/#\/schema\/logo\/image\/"}}]}},"_links":{"self":[{"href":"https:\/\/bellfire.ee\/fi\/wp-json\/wp\/v2\/product\/53600","targetHints":{"allow":["GET"]}}],"collection":[{"href":"https:\/\/bellfire.ee\/fi\/wp-json\/wp\/v2\/product"}],"about":[{"href":"https:\/\/bellfire.ee\/fi\/wp-json\/wp\/v2\/types\/product"}],"wp:featuredmedia":[{"embeddable":true,"href":"https:\/\/bellfire.ee\/fi\/wp-json\/wp\/v2\/media\/54980"}],"wp:attachment":[{"href":"https:\/\/bellfire.ee\/fi\/wp-json\/wp\/v2\/media?parent=53600"}],"wp:term":[{"taxonomy":"wpc-attribute-group","embeddable":true,"href":"https:\/\/bellfire.ee\/fi\/wp-json\/wp\/v2\/wpc-attribute-group?post=53600"},{"taxonomy":"product_brand","embeddable":true,"href":"https:\/\/bellfire.ee\/fi\/wp-json\/wp\/v2\/product_brand?post=53600"},{"taxonomy":"product_cat","embeddable":true,"href":"https:\/\/bellfire.ee\/fi\/wp-json\/wp\/v2\/product_cat?post=53600"},{"taxonomy":"product_tag","embeddable":true,"href":"https:\/\/bellfire.ee\/fi\/wp-json\/wp\/v2\/product_tag?post=53600"}],"curies":[{"name":"wp","href":"https:\/\/api.w.org\/{rel}","templated":true}]}}