{"id":53572,"date":"2020-06-05T09:03:30","date_gmt":"2020-06-05T09:03:30","guid":{"rendered":"https:\/\/bellfire.ee\/Ei-luokiteltu\/koriste-tyynyt-45x45\/"},"modified":"2020-06-05T09:03:30","modified_gmt":"2020-06-05T09:03:30","slug":"koriste-tyynyt-45x45","status":"publish","type":"product","link":"https:\/\/bellfire.ee\/fi\/Ei-luokiteltu\/koriste-tyynyt-45x45\/","title":{"rendered":"Koriste tyynyt 45&#215;45"},"content":{"rendered":"<p>Koriste tyynyt Brunei-veluuri kankaasta tuovat eleganttia pehmeytt\u00e4 mihin tahansa sisustukseen, tehden sohvalla vietetyst\u00e4 ajasta viel\u00e4kin mukavampaa.<\/p>\n<p>Tyynyn t\u00e4yte on valmistettu 100 % kuidusta.<\/p>\n<p>Koko kangasvalikoima on n\u00e4ht\u00e4vill\u00e4 n\u00e4yttelytilassamme osoitteessa Riia 142, Tartto.<\/p>\n<p>Huomioithan, ett\u00e4 todellinen v\u00e4ri voi poiketa n\u00e4yt\u00f6ll\u00e4 n\u00e4kyv\u00e4st\u00e4. Suosittelemme v\u00e4rien tarkistamista n\u00e4yttelytilassamme.<\/p>\n","protected":false},"excerpt":{"rendered":"<p>Koriste tyynyt Brunei-veluuri kankaasta tuovat eleganttia pehmeytt\u00e4 mihin tahansa sisustukseen, tehden sohvalla vietetyst\u00e4 ajasta viel\u00e4kin mukavampaa.<\/p>\n<p>Tyynyn t\u00e4yte on valmistettu 100 % kuidusta.<\/p>\n<p>Koko kangasvalikoima on n\u00e4ht\u00e4vill\u00e4 n\u00e4yttelytilassamme osoitteessa Riia 142, Tartto.<\/p>\n<p>Huomioithan, ett\u00e4 todellinen v\u00e4ri voi poiketa n\u00e4yt\u00f6ll\u00e4 n\u00e4kyv\u00e4st\u00e4. Suosittelemme v\u00e4rien tarkistamista n\u00e4yttelytilassamme.<\/p>\n","protected":false},"featured_media":50624,"template":"","meta":{"_acf_changed":false},"wpc-attribute-group":[],"product_brand":[],"product_cat":[],"product_tag":[],"class_list":{"0":"post-53572","1":"product","2":"type-product","3":"status-publish","4":"has-post-thumbnail","6":"pa_e-poe-kangavalik-brunei-18-fi","7":"pa_e-poe-kangavalik-brunei-39-fi","8":"pa_e-poe-kangavalik-brunei-6-fi","9":"pa_e-poe-kangavalik-brunei-19-fi","10":"pa_e-poe-kangavalik-brunei-29-fi","11":"pa_e-poe-kangavalik-brunei-31-fi","12":"pa_e-poe-kangavalik-brunei-45-fi","14":"first","15":"instock","16":"taxable","17":"shipping-taxable","18":"purchasable","19":"product-type-variable","20":"add-to-wishlist-after_add_to_cart"},"acf":[],"yoast_head":"<!-- This site is optimized with the Yoast SEO plugin v26.1 - https:\/\/yoast.com\/wordpress\/plugins\/seo\/ -->\n<title>Koriste tyynyt 45x45 - Bellfire<\/title>\n<meta name=\"robots\" content=\"index, follow, max-snippet:-1, max-image-preview:large, max-video-preview:-1\" \/>\n<link rel=\"canonical\" href=\"https:\/\/bellfire.ee\/fi\/Ei-luokiteltu\/koriste-tyynyt-45x45\/\" \/>\n<meta property=\"og:locale\" content=\"fi_FI\" \/>\n<meta property=\"og:type\" content=\"article\" \/>\n<meta property=\"og:title\" content=\"Koriste tyynyt 45x45 - Bellfire\" \/>\n<meta property=\"og:description\" content=\"Koriste tyynyt Brunei-veluuri kankaasta tuovat eleganttia pehmeytt\u00e4 mihin tahansa sisustukseen, tehden sohvalla vietetyst\u00e4 ajasta viel\u00e4kin mukavampaa.  Tyynyn t\u00e4yte on valmistettu 100 % kuidusta.  Koko kangasvalikoima on n\u00e4ht\u00e4vill\u00e4 n\u00e4yttelytilassamme osoitteessa Riia 142, Tartto.  Huomioithan, ett\u00e4 todellinen v\u00e4ri voi poiketa n\u00e4yt\u00f6ll\u00e4 n\u00e4kyv\u00e4st\u00e4. Suosittelemme v\u00e4rien tarkistamista n\u00e4yttelytilassamme.\" \/>\n<meta property=\"og:url\" content=\"https:\/\/bellfire.ee\/fi\/Ei-luokiteltu\/koriste-tyynyt-45x45\/\" \/>\n<meta property=\"og:site_name\" content=\"Bellfire\" \/>\n<meta property=\"og:image\" content=\"https:\/\/bellfire.ee\/wp-content\/uploads\/2020\/06\/dekoratiivpadi-ikoon.jpg\" \/>\n\t<meta property=\"og:image:width\" content=\"1920\" \/>\n\t<meta property=\"og:image:height\" content=\"1080\" \/>\n\t<meta property=\"og:image:type\" content=\"image\/jpeg\" \/>\n<meta name=\"twitter:card\" content=\"summary_large_image\" \/>\n<script type=\"application\/ld+json\" class=\"yoast-schema-graph\">{\"@context\":\"https:\/\/schema.org\",\"@graph\":[{\"@type\":\"WebPage\",\"@id\":\"https:\/\/bellfire.ee\/fi\/Ei-luokiteltu\/koriste-tyynyt-45x45\/\",\"url\":\"https:\/\/bellfire.ee\/fi\/Ei-luokiteltu\/koriste-tyynyt-45x45\/\",\"name\":\"Koriste tyynyt 45x45 - Bellfire\",\"isPartOf\":{\"@id\":\"https:\/\/bellfire.ee\/fi\/#website\"},\"primaryImageOfPage\":{\"@id\":\"https:\/\/bellfire.ee\/fi\/Ei-luokiteltu\/koriste-tyynyt-45x45\/#primaryimage\"},\"image\":{\"@id\":\"https:\/\/bellfire.ee\/fi\/Ei-luokiteltu\/koriste-tyynyt-45x45\/#primaryimage\"},\"thumbnailUrl\":\"https:\/\/bellfire.ee\/wp-content\/uploads\/2020\/06\/dekoratiivpadi-ikoon.jpg\",\"datePublished\":\"2020-06-05T09:03:30+00:00\",\"breadcrumb\":{\"@id\":\"https:\/\/bellfire.ee\/fi\/Ei-luokiteltu\/koriste-tyynyt-45x45\/#breadcrumb\"},\"inLanguage\":\"fi\",\"potentialAction\":[{\"@type\":\"ReadAction\",\"target\":[\"https:\/\/bellfire.ee\/fi\/Ei-luokiteltu\/koriste-tyynyt-45x45\/\"]}]},{\"@type\":\"ImageObject\",\"inLanguage\":\"fi\",\"@id\":\"https:\/\/bellfire.ee\/fi\/Ei-luokiteltu\/koriste-tyynyt-45x45\/#primaryimage\",\"url\":\"https:\/\/bellfire.ee\/wp-content\/uploads\/2020\/06\/dekoratiivpadi-ikoon.jpg\",\"contentUrl\":\"https:\/\/bellfire.ee\/wp-content\/uploads\/2020\/06\/dekoratiivpadi-ikoon.jpg\",\"width\":1920,\"height\":1080},{\"@type\":\"BreadcrumbList\",\"@id\":\"https:\/\/bellfire.ee\/fi\/Ei-luokiteltu\/koriste-tyynyt-45x45\/#breadcrumb\",\"itemListElement\":[{\"@type\":\"ListItem\",\"position\":1,\"name\":\"Avaleht\",\"item\":\"https:\/\/bellfire.ee\/fi\/\"},{\"@type\":\"ListItem\",\"position\":2,\"name\":\"Huonekalut\",\"item\":\"https:\/\/bellfire.ee\/fi\/huonekalut\/\"},{\"@type\":\"ListItem\",\"position\":3,\"name\":\"Koriste tyynyt 45&#215;45\"}]},{\"@type\":\"WebSite\",\"@id\":\"https:\/\/bellfire.ee\/fi\/#website\",\"url\":\"https:\/\/bellfire.ee\/fi\/\",\"name\":\"Bellfire\",\"description\":\"Disainm\u00f6\u00f6bel Sinu koju Eesti pehme m\u00f6\u00f6bli tootjal\",\"publisher\":{\"@id\":\"https:\/\/bellfire.ee\/fi\/#organization\"},\"potentialAction\":[{\"@type\":\"SearchAction\",\"target\":{\"@type\":\"EntryPoint\",\"urlTemplate\":\"https:\/\/bellfire.ee\/fi\/?s={search_term_string}\"},\"query-input\":{\"@type\":\"PropertyValueSpecification\",\"valueRequired\":true,\"valueName\":\"search_term_string\"}}],\"inLanguage\":\"fi\"},{\"@type\":\"Organization\",\"@id\":\"https:\/\/bellfire.ee\/fi\/#organization\",\"name\":\"Bellfire\",\"url\":\"https:\/\/bellfire.ee\/fi\/\",\"logo\":{\"@type\":\"ImageObject\",\"inLanguage\":\"fi\",\"@id\":\"https:\/\/bellfire.ee\/fi\/#\/schema\/logo\/image\/\",\"url\":\"https:\/\/bellfire.ee\/wp-content\/uploads\/2024\/10\/Site-logo.svg\",\"contentUrl\":\"https:\/\/bellfire.ee\/wp-content\/uploads\/2024\/10\/Site-logo.svg\",\"width\":55,\"height\":64,\"caption\":\"Bellfire\"},\"image\":{\"@id\":\"https:\/\/bellfire.ee\/fi\/#\/schema\/logo\/image\/\"}}]}<\/script>\n<!-- \/ Yoast SEO plugin. -->","yoast_head_json":{"title":"Koriste tyynyt 45x45 - Bellfire","robots":{"index":"index","follow":"follow","max-snippet":"max-snippet:-1","max-image-preview":"max-image-preview:large","max-video-preview":"max-video-preview:-1"},"canonical":"https:\/\/bellfire.ee\/fi\/Ei-luokiteltu\/koriste-tyynyt-45x45\/","og_locale":"fi_FI","og_type":"article","og_title":"Koriste tyynyt 45x45 - Bellfire","og_description":"Koriste tyynyt Brunei-veluuri kankaasta tuovat eleganttia pehmeytt\u00e4 mihin tahansa sisustukseen, tehden sohvalla vietetyst\u00e4 ajasta viel\u00e4kin mukavampaa.  Tyynyn t\u00e4yte on valmistettu 100 % kuidusta.  Koko kangasvalikoima on n\u00e4ht\u00e4vill\u00e4 n\u00e4yttelytilassamme osoitteessa Riia 142, Tartto.  Huomioithan, ett\u00e4 todellinen v\u00e4ri voi poiketa n\u00e4yt\u00f6ll\u00e4 n\u00e4kyv\u00e4st\u00e4. Suosittelemme v\u00e4rien tarkistamista n\u00e4yttelytilassamme.","og_url":"https:\/\/bellfire.ee\/fi\/Ei-luokiteltu\/koriste-tyynyt-45x45\/","og_site_name":"Bellfire","og_image":[{"width":1920,"height":1080,"url":"https:\/\/bellfire.ee\/wp-content\/uploads\/2020\/06\/dekoratiivpadi-ikoon.jpg","type":"image\/jpeg"}],"twitter_card":"summary_large_image","schema":{"@context":"https:\/\/schema.org","@graph":[{"@type":"WebPage","@id":"https:\/\/bellfire.ee\/fi\/Ei-luokiteltu\/koriste-tyynyt-45x45\/","url":"https:\/\/bellfire.ee\/fi\/Ei-luokiteltu\/koriste-tyynyt-45x45\/","name":"Koriste tyynyt 45x45 - Bellfire","isPartOf":{"@id":"https:\/\/bellfire.ee\/fi\/#website"},"primaryImageOfPage":{"@id":"https:\/\/bellfire.ee\/fi\/Ei-luokiteltu\/koriste-tyynyt-45x45\/#primaryimage"},"image":{"@id":"https:\/\/bellfire.ee\/fi\/Ei-luokiteltu\/koriste-tyynyt-45x45\/#primaryimage"},"thumbnailUrl":"https:\/\/bellfire.ee\/wp-content\/uploads\/2020\/06\/dekoratiivpadi-ikoon.jpg","datePublished":"2020-06-05T09:03:30+00:00","breadcrumb":{"@id":"https:\/\/bellfire.ee\/fi\/Ei-luokiteltu\/koriste-tyynyt-45x45\/#breadcrumb"},"inLanguage":"fi","potentialAction":[{"@type":"ReadAction","target":["https:\/\/bellfire.ee\/fi\/Ei-luokiteltu\/koriste-tyynyt-45x45\/"]}]},{"@type":"ImageObject","inLanguage":"fi","@id":"https:\/\/bellfire.ee\/fi\/Ei-luokiteltu\/koriste-tyynyt-45x45\/#primaryimage","url":"https:\/\/bellfire.ee\/wp-content\/uploads\/2020\/06\/dekoratiivpadi-ikoon.jpg","contentUrl":"https:\/\/bellfire.ee\/wp-content\/uploads\/2020\/06\/dekoratiivpadi-ikoon.jpg","width":1920,"height":1080},{"@type":"BreadcrumbList","@id":"https:\/\/bellfire.ee\/fi\/Ei-luokiteltu\/koriste-tyynyt-45x45\/#breadcrumb","itemListElement":[{"@type":"ListItem","position":1,"name":"Avaleht","item":"https:\/\/bellfire.ee\/fi\/"},{"@type":"ListItem","position":2,"name":"Huonekalut","item":"https:\/\/bellfire.ee\/fi\/huonekalut\/"},{"@type":"ListItem","position":3,"name":"Koriste tyynyt 45&#215;45"}]},{"@type":"WebSite","@id":"https:\/\/bellfire.ee\/fi\/#website","url":"https:\/\/bellfire.ee\/fi\/","name":"Bellfire","description":"Disainm\u00f6\u00f6bel Sinu koju Eesti pehme m\u00f6\u00f6bli tootjal","publisher":{"@id":"https:\/\/bellfire.ee\/fi\/#organization"},"potentialAction":[{"@type":"SearchAction","target":{"@type":"EntryPoint","urlTemplate":"https:\/\/bellfire.ee\/fi\/?s={search_term_string}"},"query-input":{"@type":"PropertyValueSpecification","valueRequired":true,"valueName":"search_term_string"}}],"inLanguage":"fi"},{"@type":"Organization","@id":"https:\/\/bellfire.ee\/fi\/#organization","name":"Bellfire","url":"https:\/\/bellfire.ee\/fi\/","logo":{"@type":"ImageObject","inLanguage":"fi","@id":"https:\/\/bellfire.ee\/fi\/#\/schema\/logo\/image\/","url":"https:\/\/bellfire.ee\/wp-content\/uploads\/2024\/10\/Site-logo.svg","contentUrl":"https:\/\/bellfire.ee\/wp-content\/uploads\/2024\/10\/Site-logo.svg","width":55,"height":64,"caption":"Bellfire"},"image":{"@id":"https:\/\/bellfire.ee\/fi\/#\/schema\/logo\/image\/"}}]}},"_links":{"self":[{"href":"https:\/\/bellfire.ee\/fi\/wp-json\/wp\/v2\/product\/53572","targetHints":{"allow":["GET"]}}],"collection":[{"href":"https:\/\/bellfire.ee\/fi\/wp-json\/wp\/v2\/product"}],"about":[{"href":"https:\/\/bellfire.ee\/fi\/wp-json\/wp\/v2\/types\/product"}],"wp:featuredmedia":[{"embeddable":true,"href":"https:\/\/bellfire.ee\/fi\/wp-json\/wp\/v2\/media\/50624"}],"wp:attachment":[{"href":"https:\/\/bellfire.ee\/fi\/wp-json\/wp\/v2\/media?parent=53572"}],"wp:term":[{"taxonomy":"wpc-attribute-group","embeddable":true,"href":"https:\/\/bellfire.ee\/fi\/wp-json\/wp\/v2\/wpc-attribute-group?post=53572"},{"taxonomy":"product_brand","embeddable":true,"href":"https:\/\/bellfire.ee\/fi\/wp-json\/wp\/v2\/product_brand?post=53572"},{"taxonomy":"product_cat","embeddable":true,"href":"https:\/\/bellfire.ee\/fi\/wp-json\/wp\/v2\/product_cat?post=53572"},{"taxonomy":"product_tag","embeddable":true,"href":"https:\/\/bellfire.ee\/fi\/wp-json\/wp\/v2\/product_tag?post=53572"}],"curies":[{"name":"wp","href":"https:\/\/api.w.org\/{rel}","templated":true}]}}