{"id":53568,"date":"2020-07-01T06:48:37","date_gmt":"2020-07-01T06:48:37","guid":{"rendered":"https:\/\/bellfire.ee\/Ei-luokiteltu\/aurinkotuoli\/"},"modified":"2020-07-01T06:48:37","modified_gmt":"2020-07-01T06:48:37","slug":"aurinkotuoli","status":"publish","type":"product","link":"https:\/\/bellfire.ee\/fi\/Ei-luokiteltu\/aurinkotuoli\/","title":{"rendered":"Aurinkotuoli"},"content":{"rendered":"<p>Tyylik\u00e4s <strong>Atlantico-aurinkotuoli<\/strong> s\u00e4\u00e4dett\u00e4v\u00e4ll\u00e4 selk\u00e4nojalla tekee jokaisesta ulkona vietetyst\u00e4 rentoutumishetkest\u00e4 todellisen nautinnon.<\/p>\n<p>T\u00e4m\u00e4 italialaisvalmisteinen aurinkotuoli on verhoiltu korkealaatuisella, hengitt\u00e4v\u00e4ll\u00e4 kankaalla. Tuolin jaloissa on liukastumista est\u00e4v\u00e4 pinnoite, joka minimoi liikkeen jopa liukkailla pinnoilla. Kevyen painonsa (16 kg) ja takaosassa olevien kahden py\u00f6r\u00e4n ansiosta tuolia on helppo siirt\u00e4\u00e4. Runko on valmistettu korkealaatuisesta lasikuituvahvisteisesta polypropeenista, mik\u00e4 tekee tuolista kest\u00e4v\u00e4n UV-s\u00e4teit\u00e4 ja muita s\u00e4\u00e4olosuhteita vastaan.<\/p>\n<p><strong>Nauti kes\u00e4st\u00e4 italialaisen designin ja laadun parissa.<\/strong><\/p>\n<ul>\n<li><strong>Aurinkotuolin mitat:<\/strong>\n<ul>\n<li>Pituus: 171 cm selk\u00e4noja kohotettuna, 204 cm t\u00e4ysin suorana<\/li>\n<li>Leveys: 70 cm<\/li>\n<\/ul>\n<\/li>\n<li><strong>Istuinkorkeus:<\/strong> 35 cm<\/li>\n<li><strong>Korkeus selk\u00e4nojan ollessa kohotettuna:<\/strong> 99 cm<\/li>\n<\/ul>\n<p><strong>Tuotteet saatavilla heti varastosta.<\/strong><\/p>\n<ul>\n<li><strong>Varastosaldot:<\/strong>\n<ul>\n<li><strong>Antrasiitti:<\/strong> 2 kpl<\/li>\n<li><strong>Kahvi:<\/strong> 3 kpl<\/li>\n<li><strong>Valkoinen:<\/strong> 7 kpl<\/li>\n<\/ul>\n<\/li>\n<\/ul>\n<p>Suurempia m\u00e4\u00e4ri\u00e4 saatavilla tilauksesta.<\/p>\n","protected":false},"excerpt":{"rendered":"<p>Tyylik\u00e4s <strong>Atlantico-aurinkotuoli<\/strong> s\u00e4\u00e4dett\u00e4v\u00e4ll\u00e4 selk\u00e4nojalla tekee jokaisesta ulkona vietetyst\u00e4 rentoutumishetkest\u00e4 todellisen nautinnon.<\/p>\n<p>T\u00e4m\u00e4 italialaisvalmisteinen aurinkotuoli on verhoiltu korkealaatuisella, hengitt\u00e4v\u00e4ll\u00e4 kankaalla. Tuolin jaloissa on liukastumista est\u00e4v\u00e4 pinnoite, joka minimoi liikkeen jopa liukkailla pinnoilla. Kevyen painonsa (16 kg) ja takaosassa olevien kahden py\u00f6r\u00e4n ansiosta tuolia on helppo siirt\u00e4\u00e4. Runko on valmistettu korkealaatuisesta lasikuituvahvisteisesta polypropeenista, mik\u00e4 tekee tuolista kest\u00e4v\u00e4n UV-s\u00e4teit\u00e4 ja muita s\u00e4\u00e4olosuhteita vastaan.<\/p>\n<p><strong>Nauti kes\u00e4st\u00e4 italialaisen designin ja laadun parissa.<\/strong><\/p>\n<ul>\n<li><strong>Aurinkotuolin mitat:<\/strong>\n<ul>\n<li>Pituus: 171 cm selk\u00e4noja kohotettuna, 204 cm t\u00e4ysin suorana<\/li>\n<li>Leveys: 70 cm<\/li>\n<\/ul>\n<\/li>\n<li><strong>Istuinkorkeus:<\/strong> 35 cm<\/li>\n<li><strong>Korkeus selk\u00e4nojan ollessa kohotettuna:<\/strong> 99 cm<\/li>\n<\/ul>\n<p><strong>Tuotteet saatavilla heti varastosta.<\/strong><\/p>\n<ul>\n<li><strong>Varastosaldot:<\/strong>\n<ul>\n<li><strong>Antrasiitti:<\/strong> 2 kpl<\/li>\n<li><strong>Kahvi:<\/strong> 3 kpl<\/li>\n<li><strong>Valkoinen:<\/strong> 7 kpl<\/li>\n<\/ul>\n<\/li>\n<\/ul>\n<p>Suurempia m\u00e4\u00e4ri\u00e4 saatavilla tilauksesta.<\/p>\n","protected":false},"featured_media":50644,"template":"","meta":{"_acf_changed":false},"wpc-attribute-group":[],"product_brand":[],"product_cat":[],"product_tag":[],"class_list":{"0":"post-53568","1":"product","2":"type-product","3":"status-publish","4":"has-post-thumbnail","6":"pa_e-poe-kangavalik-paevitustooli-kangas-fi","8":"first","9":"instock","10":"taxable","11":"shipping-taxable","12":"purchasable","13":"product-type-variable","14":"add-to-wishlist-after_add_to_cart"},"acf":[],"yoast_head":"<!-- This site is optimized with the Yoast SEO plugin v26.1 - https:\/\/yoast.com\/wordpress\/plugins\/seo\/ -->\n<title>Aurinkotuoli - Bellfire<\/title>\n<meta name=\"robots\" content=\"index, follow, max-snippet:-1, max-image-preview:large, max-video-preview:-1\" \/>\n<link rel=\"canonical\" href=\"https:\/\/bellfire.ee\/fi\/Ei-luokiteltu\/aurinkotuoli\/\" \/>\n<meta property=\"og:locale\" content=\"fi_FI\" \/>\n<meta property=\"og:type\" content=\"article\" \/>\n<meta property=\"og:title\" content=\"Aurinkotuoli - Bellfire\" \/>\n<meta property=\"og:description\" content=\"Tyylik\u00e4s Atlantico-aurinkotuoli s\u00e4\u00e4dett\u00e4v\u00e4ll\u00e4 selk\u00e4nojalla tekee jokaisesta ulkona vietetyst\u00e4 rentoutumishetkest\u00e4 todellisen nautinnon.  T\u00e4m\u00e4 italialaisvalmisteinen aurinkotuoli on verhoiltu korkealaatuisella, hengitt\u00e4v\u00e4ll\u00e4 kankaalla. Tuolin jaloissa on liukastumista est\u00e4v\u00e4 pinnoite, joka minimoi liikkeen jopa liukkailla pinnoilla. Kevyen painonsa (16 kg) ja takaosassa olevien kahden py\u00f6r\u00e4n ansiosta tuolia on helppo siirt\u00e4\u00e4. Runko on valmistettu korkealaatuisesta lasikuituvahvisteisesta polypropeenista, mik\u00e4 tekee tuolista kest\u00e4v\u00e4n UV-s\u00e4teit\u00e4 ja muita s\u00e4\u00e4olosuhteita vastaan.  Nauti kes\u00e4st\u00e4 italialaisen designin ja laadun parissa.   Aurinkotuolin mitat:   Pituus: 171 cm selk\u00e4noja kohotettuna, 204 cm t\u00e4ysin suorana  Leveys: 70 cm    Istuinkorkeus: 35 cm  Korkeus selk\u00e4nojan ollessa kohotettuna: 99 cm  Tuotteet saatavilla heti varastosta.   Varastosaldot:   Antrasiitti: 2 kpl  Kahvi: 3 kpl  Valkoinen: 7 kpl    Suurempia m\u00e4\u00e4ri\u00e4 saatavilla tilauksesta.\" \/>\n<meta property=\"og:url\" content=\"https:\/\/bellfire.ee\/fi\/Ei-luokiteltu\/aurinkotuoli\/\" \/>\n<meta property=\"og:site_name\" content=\"Bellfire\" \/>\n<meta property=\"og:image\" content=\"https:\/\/bellfire.ee\/wp-content\/uploads\/2020\/07\/lamamistool-ikoon.jpg\" \/>\n\t<meta property=\"og:image:width\" content=\"1031\" \/>\n\t<meta property=\"og:image:height\" content=\"581\" \/>\n\t<meta property=\"og:image:type\" content=\"image\/jpeg\" \/>\n<meta name=\"twitter:card\" content=\"summary_large_image\" \/>\n<meta name=\"twitter:label1\" content=\"Arvioitu lukuaika\" \/>\n\t<meta name=\"twitter:data1\" content=\"1 minuutti\" \/>\n<script type=\"application\/ld+json\" class=\"yoast-schema-graph\">{\"@context\":\"https:\/\/schema.org\",\"@graph\":[{\"@type\":\"WebPage\",\"@id\":\"https:\/\/bellfire.ee\/fi\/Ei-luokiteltu\/aurinkotuoli\/\",\"url\":\"https:\/\/bellfire.ee\/fi\/Ei-luokiteltu\/aurinkotuoli\/\",\"name\":\"Aurinkotuoli - Bellfire\",\"isPartOf\":{\"@id\":\"https:\/\/bellfire.ee\/fi\/#website\"},\"primaryImageOfPage\":{\"@id\":\"https:\/\/bellfire.ee\/fi\/Ei-luokiteltu\/aurinkotuoli\/#primaryimage\"},\"image\":{\"@id\":\"https:\/\/bellfire.ee\/fi\/Ei-luokiteltu\/aurinkotuoli\/#primaryimage\"},\"thumbnailUrl\":\"https:\/\/bellfire.ee\/wp-content\/uploads\/2020\/07\/lamamistool-ikoon.jpg\",\"datePublished\":\"2020-07-01T06:48:37+00:00\",\"breadcrumb\":{\"@id\":\"https:\/\/bellfire.ee\/fi\/Ei-luokiteltu\/aurinkotuoli\/#breadcrumb\"},\"inLanguage\":\"fi\",\"potentialAction\":[{\"@type\":\"ReadAction\",\"target\":[\"https:\/\/bellfire.ee\/fi\/Ei-luokiteltu\/aurinkotuoli\/\"]}]},{\"@type\":\"ImageObject\",\"inLanguage\":\"fi\",\"@id\":\"https:\/\/bellfire.ee\/fi\/Ei-luokiteltu\/aurinkotuoli\/#primaryimage\",\"url\":\"https:\/\/bellfire.ee\/wp-content\/uploads\/2020\/07\/lamamistool-ikoon.jpg\",\"contentUrl\":\"https:\/\/bellfire.ee\/wp-content\/uploads\/2020\/07\/lamamistool-ikoon.jpg\",\"width\":1031,\"height\":581},{\"@type\":\"BreadcrumbList\",\"@id\":\"https:\/\/bellfire.ee\/fi\/Ei-luokiteltu\/aurinkotuoli\/#breadcrumb\",\"itemListElement\":[{\"@type\":\"ListItem\",\"position\":1,\"name\":\"Avaleht\",\"item\":\"https:\/\/bellfire.ee\/fi\/\"},{\"@type\":\"ListItem\",\"position\":2,\"name\":\"Huonekalut\",\"item\":\"https:\/\/bellfire.ee\/fi\/huonekalut\/\"},{\"@type\":\"ListItem\",\"position\":3,\"name\":\"Aurinkotuoli\"}]},{\"@type\":\"WebSite\",\"@id\":\"https:\/\/bellfire.ee\/fi\/#website\",\"url\":\"https:\/\/bellfire.ee\/fi\/\",\"name\":\"Bellfire\",\"description\":\"Disainm\u00f6\u00f6bel Sinu koju Eesti pehme m\u00f6\u00f6bli tootjal\",\"publisher\":{\"@id\":\"https:\/\/bellfire.ee\/fi\/#organization\"},\"potentialAction\":[{\"@type\":\"SearchAction\",\"target\":{\"@type\":\"EntryPoint\",\"urlTemplate\":\"https:\/\/bellfire.ee\/fi\/?s={search_term_string}\"},\"query-input\":{\"@type\":\"PropertyValueSpecification\",\"valueRequired\":true,\"valueName\":\"search_term_string\"}}],\"inLanguage\":\"fi\"},{\"@type\":\"Organization\",\"@id\":\"https:\/\/bellfire.ee\/fi\/#organization\",\"name\":\"Bellfire\",\"url\":\"https:\/\/bellfire.ee\/fi\/\",\"logo\":{\"@type\":\"ImageObject\",\"inLanguage\":\"fi\",\"@id\":\"https:\/\/bellfire.ee\/fi\/#\/schema\/logo\/image\/\",\"url\":\"https:\/\/bellfire.ee\/wp-content\/uploads\/2024\/10\/Site-logo.svg\",\"contentUrl\":\"https:\/\/bellfire.ee\/wp-content\/uploads\/2024\/10\/Site-logo.svg\",\"width\":55,\"height\":64,\"caption\":\"Bellfire\"},\"image\":{\"@id\":\"https:\/\/bellfire.ee\/fi\/#\/schema\/logo\/image\/\"}}]}<\/script>\n<!-- \/ Yoast SEO plugin. -->","yoast_head_json":{"title":"Aurinkotuoli - Bellfire","robots":{"index":"index","follow":"follow","max-snippet":"max-snippet:-1","max-image-preview":"max-image-preview:large","max-video-preview":"max-video-preview:-1"},"canonical":"https:\/\/bellfire.ee\/fi\/Ei-luokiteltu\/aurinkotuoli\/","og_locale":"fi_FI","og_type":"article","og_title":"Aurinkotuoli - Bellfire","og_description":"Tyylik\u00e4s Atlantico-aurinkotuoli s\u00e4\u00e4dett\u00e4v\u00e4ll\u00e4 selk\u00e4nojalla tekee jokaisesta ulkona vietetyst\u00e4 rentoutumishetkest\u00e4 todellisen nautinnon.  T\u00e4m\u00e4 italialaisvalmisteinen aurinkotuoli on verhoiltu korkealaatuisella, hengitt\u00e4v\u00e4ll\u00e4 kankaalla. Tuolin jaloissa on liukastumista est\u00e4v\u00e4 pinnoite, joka minimoi liikkeen jopa liukkailla pinnoilla. Kevyen painonsa (16 kg) ja takaosassa olevien kahden py\u00f6r\u00e4n ansiosta tuolia on helppo siirt\u00e4\u00e4. Runko on valmistettu korkealaatuisesta lasikuituvahvisteisesta polypropeenista, mik\u00e4 tekee tuolista kest\u00e4v\u00e4n UV-s\u00e4teit\u00e4 ja muita s\u00e4\u00e4olosuhteita vastaan.  Nauti kes\u00e4st\u00e4 italialaisen designin ja laadun parissa.   Aurinkotuolin mitat:   Pituus: 171 cm selk\u00e4noja kohotettuna, 204 cm t\u00e4ysin suorana  Leveys: 70 cm    Istuinkorkeus: 35 cm  Korkeus selk\u00e4nojan ollessa kohotettuna: 99 cm  Tuotteet saatavilla heti varastosta.   Varastosaldot:   Antrasiitti: 2 kpl  Kahvi: 3 kpl  Valkoinen: 7 kpl    Suurempia m\u00e4\u00e4ri\u00e4 saatavilla tilauksesta.","og_url":"https:\/\/bellfire.ee\/fi\/Ei-luokiteltu\/aurinkotuoli\/","og_site_name":"Bellfire","og_image":[{"width":1031,"height":581,"url":"https:\/\/bellfire.ee\/wp-content\/uploads\/2020\/07\/lamamistool-ikoon.jpg","type":"image\/jpeg"}],"twitter_card":"summary_large_image","twitter_misc":{"Arvioitu lukuaika":"1 minuutti"},"schema":{"@context":"https:\/\/schema.org","@graph":[{"@type":"WebPage","@id":"https:\/\/bellfire.ee\/fi\/Ei-luokiteltu\/aurinkotuoli\/","url":"https:\/\/bellfire.ee\/fi\/Ei-luokiteltu\/aurinkotuoli\/","name":"Aurinkotuoli - Bellfire","isPartOf":{"@id":"https:\/\/bellfire.ee\/fi\/#website"},"primaryImageOfPage":{"@id":"https:\/\/bellfire.ee\/fi\/Ei-luokiteltu\/aurinkotuoli\/#primaryimage"},"image":{"@id":"https:\/\/bellfire.ee\/fi\/Ei-luokiteltu\/aurinkotuoli\/#primaryimage"},"thumbnailUrl":"https:\/\/bellfire.ee\/wp-content\/uploads\/2020\/07\/lamamistool-ikoon.jpg","datePublished":"2020-07-01T06:48:37+00:00","breadcrumb":{"@id":"https:\/\/bellfire.ee\/fi\/Ei-luokiteltu\/aurinkotuoli\/#breadcrumb"},"inLanguage":"fi","potentialAction":[{"@type":"ReadAction","target":["https:\/\/bellfire.ee\/fi\/Ei-luokiteltu\/aurinkotuoli\/"]}]},{"@type":"ImageObject","inLanguage":"fi","@id":"https:\/\/bellfire.ee\/fi\/Ei-luokiteltu\/aurinkotuoli\/#primaryimage","url":"https:\/\/bellfire.ee\/wp-content\/uploads\/2020\/07\/lamamistool-ikoon.jpg","contentUrl":"https:\/\/bellfire.ee\/wp-content\/uploads\/2020\/07\/lamamistool-ikoon.jpg","width":1031,"height":581},{"@type":"BreadcrumbList","@id":"https:\/\/bellfire.ee\/fi\/Ei-luokiteltu\/aurinkotuoli\/#breadcrumb","itemListElement":[{"@type":"ListItem","position":1,"name":"Avaleht","item":"https:\/\/bellfire.ee\/fi\/"},{"@type":"ListItem","position":2,"name":"Huonekalut","item":"https:\/\/bellfire.ee\/fi\/huonekalut\/"},{"@type":"ListItem","position":3,"name":"Aurinkotuoli"}]},{"@type":"WebSite","@id":"https:\/\/bellfire.ee\/fi\/#website","url":"https:\/\/bellfire.ee\/fi\/","name":"Bellfire","description":"Disainm\u00f6\u00f6bel Sinu koju Eesti pehme m\u00f6\u00f6bli tootjal","publisher":{"@id":"https:\/\/bellfire.ee\/fi\/#organization"},"potentialAction":[{"@type":"SearchAction","target":{"@type":"EntryPoint","urlTemplate":"https:\/\/bellfire.ee\/fi\/?s={search_term_string}"},"query-input":{"@type":"PropertyValueSpecification","valueRequired":true,"valueName":"search_term_string"}}],"inLanguage":"fi"},{"@type":"Organization","@id":"https:\/\/bellfire.ee\/fi\/#organization","name":"Bellfire","url":"https:\/\/bellfire.ee\/fi\/","logo":{"@type":"ImageObject","inLanguage":"fi","@id":"https:\/\/bellfire.ee\/fi\/#\/schema\/logo\/image\/","url":"https:\/\/bellfire.ee\/wp-content\/uploads\/2024\/10\/Site-logo.svg","contentUrl":"https:\/\/bellfire.ee\/wp-content\/uploads\/2024\/10\/Site-logo.svg","width":55,"height":64,"caption":"Bellfire"},"image":{"@id":"https:\/\/bellfire.ee\/fi\/#\/schema\/logo\/image\/"}}]}},"_links":{"self":[{"href":"https:\/\/bellfire.ee\/fi\/wp-json\/wp\/v2\/product\/53568","targetHints":{"allow":["GET"]}}],"collection":[{"href":"https:\/\/bellfire.ee\/fi\/wp-json\/wp\/v2\/product"}],"about":[{"href":"https:\/\/bellfire.ee\/fi\/wp-json\/wp\/v2\/types\/product"}],"wp:featuredmedia":[{"embeddable":true,"href":"https:\/\/bellfire.ee\/fi\/wp-json\/wp\/v2\/media\/50644"}],"wp:attachment":[{"href":"https:\/\/bellfire.ee\/fi\/wp-json\/wp\/v2\/media?parent=53568"}],"wp:term":[{"taxonomy":"wpc-attribute-group","embeddable":true,"href":"https:\/\/bellfire.ee\/fi\/wp-json\/wp\/v2\/wpc-attribute-group?post=53568"},{"taxonomy":"product_brand","embeddable":true,"href":"https:\/\/bellfire.ee\/fi\/wp-json\/wp\/v2\/product_brand?post=53568"},{"taxonomy":"product_cat","embeddable":true,"href":"https:\/\/bellfire.ee\/fi\/wp-json\/wp\/v2\/product_cat?post=53568"},{"taxonomy":"product_tag","embeddable":true,"href":"https:\/\/bellfire.ee\/fi\/wp-json\/wp\/v2\/product_tag?post=53568"}],"curies":[{"name":"wp","href":"https:\/\/api.w.org\/{rel}","templated":true}]}}