{"id":53519,"date":"2020-10-27T16:57:58","date_gmt":"2020-10-27T16:57:58","guid":{"rendered":"https:\/\/bellfire.ee\/Ei-luokiteltu\/pyorea-rahin\/"},"modified":"2020-10-27T16:57:58","modified_gmt":"2020-10-27T16:57:58","slug":"pyorea-rahin","status":"publish","type":"product","link":"https:\/\/bellfire.ee\/fi\/olohuone\/rahit\/pyorea-rahin\/","title":{"rendered":"Py\u00f6re\u00e4 rahin"},"content":{"rendered":"<p>T\u00e4m\u00e4 silmiinpist\u00e4v\u00e4 py\u00f6re\u00e4 rahin on erinomainen valinta vaatekaappiin, makuuhuoneeseen tai k\u00e4yt\u00e4v\u00e4lle, lis\u00e4ten n\u00e4ihin tiloihin mielenkiintoa ja persoonallisuutta ainutlaatuisella muotoilullaan. T\u00e4ydellinen lis\u00e4sohvalle tai divaanille, se voi toimia jalkatukena, ylim\u00e4\u00e4r\u00e4isen\u00e4 istuimena tai paikkana \u00e4lypuhelimelle tai tabletille. Korkealaatuinen verhoilu on helppo puhdistaa, ja useita v\u00e4rivaihtoehtoja on saatavilla, joten rahin yhteensovittaminen sisustuksen kanssa on vaivatonta. Koivuvaneri- ja m\u00e4ntypuukonstruktion erityisen vahva ja kest\u00e4v\u00e4 rakenne takaa tinkim\u00e4tt\u00f6m\u00e4n mukavuuden ja nautinnon moniksi vuosiksi eteenp\u00e4in.<\/p>\n<p>Koko kangasvalikoima on n\u00e4ht\u00e4vill\u00e4 n\u00e4yttelytilassamme osoitteessa Riia 142, Tartto.<\/p>\n<p>Huomioithan, ett\u00e4 todellinen v\u00e4ri voi poiketa n\u00e4yt\u00f6ll\u00e4 n\u00e4kyv\u00e4st\u00e4. Suosittelemme v\u00e4rien tarkistamista n\u00e4yttelytilassamme.<\/p>\n","protected":false},"excerpt":{"rendered":"<p>T\u00e4m\u00e4 silmiinpist\u00e4v\u00e4 py\u00f6re\u00e4 rahin on erinomainen valinta vaatekaappiin, makuuhuoneeseen tai k\u00e4yt\u00e4v\u00e4lle, lis\u00e4ten n\u00e4ihin tiloihin mielenkiintoa ja persoonallisuutta ainutlaatuisella muotoilullaan. T\u00e4ydellinen lis\u00e4sohvalle tai divaanille, se voi toimia jalkatukena, ylim\u00e4\u00e4r\u00e4isen\u00e4 istuimena tai paikkana \u00e4lypuhelimelle tai tabletille. Korkealaatuinen verhoilu on helppo puhdistaa, ja useita v\u00e4rivaihtoehtoja on saatavilla, joten rahin yhteensovittaminen sisustuksen kanssa on vaivatonta. Koivuvaneri- ja m\u00e4ntypuukonstruktion erityisen vahva ja kest\u00e4v\u00e4 rakenne takaa tinkim\u00e4tt\u00f6m\u00e4n mukavuuden ja nautinnon moniksi vuosiksi eteenp\u00e4in.<\/p>\n<p>Koko kangasvalikoima on n\u00e4ht\u00e4vill\u00e4 n\u00e4yttelytilassamme osoitteessa Riia 142, Tartto.<\/p>\n<p>Huomioithan, ett\u00e4 todellinen v\u00e4ri voi poiketa n\u00e4yt\u00f6ll\u00e4 n\u00e4kyv\u00e4st\u00e4. Suosittelemme v\u00e4rien tarkistamista n\u00e4yttelytilassamme.<\/p>\n","protected":false},"featured_media":50607,"template":"","meta":{"_acf_changed":false},"wpc-attribute-group":[],"product_brand":[],"product_cat":[2242],"product_tag":[],"class_list":{"0":"post-53519","1":"product","2":"type-product","3":"status-publish","4":"has-post-thumbnail","6":"product_cat-rahit","7":"pa_e-poe-kangavalik-brunei-18-fi","8":"pa_e-poe-kangavalik-brunei-39-fi","9":"pa_e-poe-kangavalik-brunei-6-fi","10":"pa_e-poe-kangavalik-brunei-19-fi","11":"pa_e-poe-kangavalik-brunei-29-fi","12":"pa_e-poe-kangavalik-brunei-31-fi","13":"pa_e-poe-kangavalik-brunei-45-fi","15":"first","16":"instock","17":"taxable","18":"shipping-taxable","19":"purchasable","20":"product-type-variable","21":"add-to-wishlist-after_add_to_cart"},"acf":[],"yoast_head":"<!-- This site is optimized with the Yoast SEO plugin v26.1 - https:\/\/yoast.com\/wordpress\/plugins\/seo\/ -->\n<title>Py\u00f6re\u00e4 rahin - Bellfire<\/title>\n<meta name=\"robots\" content=\"index, follow, max-snippet:-1, max-image-preview:large, max-video-preview:-1\" \/>\n<link rel=\"canonical\" href=\"https:\/\/bellfire.ee\/fi\/olohuone\/rahit\/pyorea-rahin\/\" \/>\n<meta property=\"og:locale\" content=\"fi_FI\" \/>\n<meta property=\"og:type\" content=\"article\" \/>\n<meta property=\"og:title\" content=\"Py\u00f6re\u00e4 rahin - Bellfire\" \/>\n<meta property=\"og:description\" content=\"T\u00e4m\u00e4 silmiinpist\u00e4v\u00e4 py\u00f6re\u00e4 rahin on erinomainen valinta vaatekaappiin, makuuhuoneeseen tai k\u00e4yt\u00e4v\u00e4lle, lis\u00e4ten n\u00e4ihin tiloihin mielenkiintoa ja persoonallisuutta ainutlaatuisella muotoilullaan. T\u00e4ydellinen lis\u00e4sohvalle tai divaanille, se voi toimia jalkatukena, ylim\u00e4\u00e4r\u00e4isen\u00e4 istuimena tai paikkana \u00e4lypuhelimelle tai tabletille. Korkealaatuinen verhoilu on helppo puhdistaa, ja useita v\u00e4rivaihtoehtoja on saatavilla, joten rahin yhteensovittaminen sisustuksen kanssa on vaivatonta. Koivuvaneri- ja m\u00e4ntypuukonstruktion erityisen vahva ja kest\u00e4v\u00e4 rakenne takaa tinkim\u00e4tt\u00f6m\u00e4n mukavuuden ja nautinnon moniksi vuosiksi eteenp\u00e4in.  Koko kangasvalikoima on n\u00e4ht\u00e4vill\u00e4 n\u00e4yttelytilassamme osoitteessa Riia 142, Tartto.  Huomioithan, ett\u00e4 todellinen v\u00e4ri voi poiketa n\u00e4yt\u00f6ll\u00e4 n\u00e4kyv\u00e4st\u00e4. Suosittelemme v\u00e4rien tarkistamista n\u00e4yttelytilassamme.\" \/>\n<meta property=\"og:url\" content=\"https:\/\/bellfire.ee\/fi\/olohuone\/rahit\/pyorea-rahin\/\" \/>\n<meta property=\"og:site_name\" content=\"Bellfire\" \/>\n<meta property=\"og:image\" content=\"https:\/\/bellfire.ee\/wp-content\/uploads\/2020\/10\/round60-ikoon.jpg\" \/>\n\t<meta property=\"og:image:width\" content=\"1920\" \/>\n\t<meta property=\"og:image:height\" content=\"1080\" \/>\n\t<meta property=\"og:image:type\" content=\"image\/jpeg\" \/>\n<meta name=\"twitter:card\" content=\"summary_large_image\" \/>\n<meta name=\"twitter:label1\" content=\"Arvioitu lukuaika\" \/>\n\t<meta name=\"twitter:data1\" content=\"1 minuutti\" \/>\n<script type=\"application\/ld+json\" class=\"yoast-schema-graph\">{\"@context\":\"https:\/\/schema.org\",\"@graph\":[{\"@type\":\"WebPage\",\"@id\":\"https:\/\/bellfire.ee\/fi\/olohuone\/rahit\/pyorea-rahin\/\",\"url\":\"https:\/\/bellfire.ee\/fi\/olohuone\/rahit\/pyorea-rahin\/\",\"name\":\"Py\u00f6re\u00e4 rahin - Bellfire\",\"isPartOf\":{\"@id\":\"https:\/\/bellfire.ee\/fi\/#website\"},\"primaryImageOfPage\":{\"@id\":\"https:\/\/bellfire.ee\/fi\/olohuone\/rahit\/pyorea-rahin\/#primaryimage\"},\"image\":{\"@id\":\"https:\/\/bellfire.ee\/fi\/olohuone\/rahit\/pyorea-rahin\/#primaryimage\"},\"thumbnailUrl\":\"https:\/\/bellfire.ee\/wp-content\/uploads\/2020\/10\/round60-ikoon.jpg\",\"datePublished\":\"2020-10-27T16:57:58+00:00\",\"breadcrumb\":{\"@id\":\"https:\/\/bellfire.ee\/fi\/olohuone\/rahit\/pyorea-rahin\/#breadcrumb\"},\"inLanguage\":\"fi\",\"potentialAction\":[{\"@type\":\"ReadAction\",\"target\":[\"https:\/\/bellfire.ee\/fi\/olohuone\/rahit\/pyorea-rahin\/\"]}]},{\"@type\":\"ImageObject\",\"inLanguage\":\"fi\",\"@id\":\"https:\/\/bellfire.ee\/fi\/olohuone\/rahit\/pyorea-rahin\/#primaryimage\",\"url\":\"https:\/\/bellfire.ee\/wp-content\/uploads\/2020\/10\/round60-ikoon.jpg\",\"contentUrl\":\"https:\/\/bellfire.ee\/wp-content\/uploads\/2020\/10\/round60-ikoon.jpg\",\"width\":1920,\"height\":1080},{\"@type\":\"BreadcrumbList\",\"@id\":\"https:\/\/bellfire.ee\/fi\/olohuone\/rahit\/pyorea-rahin\/#breadcrumb\",\"itemListElement\":[{\"@type\":\"ListItem\",\"position\":1,\"name\":\"Avaleht\",\"item\":\"https:\/\/bellfire.ee\/fi\/\"},{\"@type\":\"ListItem\",\"position\":2,\"name\":\"Huonekalut\",\"item\":\"https:\/\/bellfire.ee\/fi\/huonekalut\/\"},{\"@type\":\"ListItem\",\"position\":3,\"name\":\"Py\u00f6re\u00e4 rahin\"}]},{\"@type\":\"WebSite\",\"@id\":\"https:\/\/bellfire.ee\/fi\/#website\",\"url\":\"https:\/\/bellfire.ee\/fi\/\",\"name\":\"Bellfire\",\"description\":\"Disainm\u00f6\u00f6bel Sinu koju Eesti pehme m\u00f6\u00f6bli tootjal\",\"publisher\":{\"@id\":\"https:\/\/bellfire.ee\/fi\/#organization\"},\"potentialAction\":[{\"@type\":\"SearchAction\",\"target\":{\"@type\":\"EntryPoint\",\"urlTemplate\":\"https:\/\/bellfire.ee\/fi\/?s={search_term_string}\"},\"query-input\":{\"@type\":\"PropertyValueSpecification\",\"valueRequired\":true,\"valueName\":\"search_term_string\"}}],\"inLanguage\":\"fi\"},{\"@type\":\"Organization\",\"@id\":\"https:\/\/bellfire.ee\/fi\/#organization\",\"name\":\"Bellfire\",\"url\":\"https:\/\/bellfire.ee\/fi\/\",\"logo\":{\"@type\":\"ImageObject\",\"inLanguage\":\"fi\",\"@id\":\"https:\/\/bellfire.ee\/fi\/#\/schema\/logo\/image\/\",\"url\":\"https:\/\/bellfire.ee\/wp-content\/uploads\/2024\/10\/Site-logo.svg\",\"contentUrl\":\"https:\/\/bellfire.ee\/wp-content\/uploads\/2024\/10\/Site-logo.svg\",\"width\":55,\"height\":64,\"caption\":\"Bellfire\"},\"image\":{\"@id\":\"https:\/\/bellfire.ee\/fi\/#\/schema\/logo\/image\/\"}}]}<\/script>\n<!-- \/ Yoast SEO plugin. -->","yoast_head_json":{"title":"Py\u00f6re\u00e4 rahin - Bellfire","robots":{"index":"index","follow":"follow","max-snippet":"max-snippet:-1","max-image-preview":"max-image-preview:large","max-video-preview":"max-video-preview:-1"},"canonical":"https:\/\/bellfire.ee\/fi\/olohuone\/rahit\/pyorea-rahin\/","og_locale":"fi_FI","og_type":"article","og_title":"Py\u00f6re\u00e4 rahin - Bellfire","og_description":"T\u00e4m\u00e4 silmiinpist\u00e4v\u00e4 py\u00f6re\u00e4 rahin on erinomainen valinta vaatekaappiin, makuuhuoneeseen tai k\u00e4yt\u00e4v\u00e4lle, lis\u00e4ten n\u00e4ihin tiloihin mielenkiintoa ja persoonallisuutta ainutlaatuisella muotoilullaan. T\u00e4ydellinen lis\u00e4sohvalle tai divaanille, se voi toimia jalkatukena, ylim\u00e4\u00e4r\u00e4isen\u00e4 istuimena tai paikkana \u00e4lypuhelimelle tai tabletille. Korkealaatuinen verhoilu on helppo puhdistaa, ja useita v\u00e4rivaihtoehtoja on saatavilla, joten rahin yhteensovittaminen sisustuksen kanssa on vaivatonta. Koivuvaneri- ja m\u00e4ntypuukonstruktion erityisen vahva ja kest\u00e4v\u00e4 rakenne takaa tinkim\u00e4tt\u00f6m\u00e4n mukavuuden ja nautinnon moniksi vuosiksi eteenp\u00e4in.  Koko kangasvalikoima on n\u00e4ht\u00e4vill\u00e4 n\u00e4yttelytilassamme osoitteessa Riia 142, Tartto.  Huomioithan, ett\u00e4 todellinen v\u00e4ri voi poiketa n\u00e4yt\u00f6ll\u00e4 n\u00e4kyv\u00e4st\u00e4. Suosittelemme v\u00e4rien tarkistamista n\u00e4yttelytilassamme.","og_url":"https:\/\/bellfire.ee\/fi\/olohuone\/rahit\/pyorea-rahin\/","og_site_name":"Bellfire","og_image":[{"width":1920,"height":1080,"url":"https:\/\/bellfire.ee\/wp-content\/uploads\/2020\/10\/round60-ikoon.jpg","type":"image\/jpeg"}],"twitter_card":"summary_large_image","twitter_misc":{"Arvioitu lukuaika":"1 minuutti"},"schema":{"@context":"https:\/\/schema.org","@graph":[{"@type":"WebPage","@id":"https:\/\/bellfire.ee\/fi\/olohuone\/rahit\/pyorea-rahin\/","url":"https:\/\/bellfire.ee\/fi\/olohuone\/rahit\/pyorea-rahin\/","name":"Py\u00f6re\u00e4 rahin - Bellfire","isPartOf":{"@id":"https:\/\/bellfire.ee\/fi\/#website"},"primaryImageOfPage":{"@id":"https:\/\/bellfire.ee\/fi\/olohuone\/rahit\/pyorea-rahin\/#primaryimage"},"image":{"@id":"https:\/\/bellfire.ee\/fi\/olohuone\/rahit\/pyorea-rahin\/#primaryimage"},"thumbnailUrl":"https:\/\/bellfire.ee\/wp-content\/uploads\/2020\/10\/round60-ikoon.jpg","datePublished":"2020-10-27T16:57:58+00:00","breadcrumb":{"@id":"https:\/\/bellfire.ee\/fi\/olohuone\/rahit\/pyorea-rahin\/#breadcrumb"},"inLanguage":"fi","potentialAction":[{"@type":"ReadAction","target":["https:\/\/bellfire.ee\/fi\/olohuone\/rahit\/pyorea-rahin\/"]}]},{"@type":"ImageObject","inLanguage":"fi","@id":"https:\/\/bellfire.ee\/fi\/olohuone\/rahit\/pyorea-rahin\/#primaryimage","url":"https:\/\/bellfire.ee\/wp-content\/uploads\/2020\/10\/round60-ikoon.jpg","contentUrl":"https:\/\/bellfire.ee\/wp-content\/uploads\/2020\/10\/round60-ikoon.jpg","width":1920,"height":1080},{"@type":"BreadcrumbList","@id":"https:\/\/bellfire.ee\/fi\/olohuone\/rahit\/pyorea-rahin\/#breadcrumb","itemListElement":[{"@type":"ListItem","position":1,"name":"Avaleht","item":"https:\/\/bellfire.ee\/fi\/"},{"@type":"ListItem","position":2,"name":"Huonekalut","item":"https:\/\/bellfire.ee\/fi\/huonekalut\/"},{"@type":"ListItem","position":3,"name":"Py\u00f6re\u00e4 rahin"}]},{"@type":"WebSite","@id":"https:\/\/bellfire.ee\/fi\/#website","url":"https:\/\/bellfire.ee\/fi\/","name":"Bellfire","description":"Disainm\u00f6\u00f6bel Sinu koju Eesti pehme m\u00f6\u00f6bli tootjal","publisher":{"@id":"https:\/\/bellfire.ee\/fi\/#organization"},"potentialAction":[{"@type":"SearchAction","target":{"@type":"EntryPoint","urlTemplate":"https:\/\/bellfire.ee\/fi\/?s={search_term_string}"},"query-input":{"@type":"PropertyValueSpecification","valueRequired":true,"valueName":"search_term_string"}}],"inLanguage":"fi"},{"@type":"Organization","@id":"https:\/\/bellfire.ee\/fi\/#organization","name":"Bellfire","url":"https:\/\/bellfire.ee\/fi\/","logo":{"@type":"ImageObject","inLanguage":"fi","@id":"https:\/\/bellfire.ee\/fi\/#\/schema\/logo\/image\/","url":"https:\/\/bellfire.ee\/wp-content\/uploads\/2024\/10\/Site-logo.svg","contentUrl":"https:\/\/bellfire.ee\/wp-content\/uploads\/2024\/10\/Site-logo.svg","width":55,"height":64,"caption":"Bellfire"},"image":{"@id":"https:\/\/bellfire.ee\/fi\/#\/schema\/logo\/image\/"}}]}},"_links":{"self":[{"href":"https:\/\/bellfire.ee\/fi\/wp-json\/wp\/v2\/product\/53519","targetHints":{"allow":["GET"]}}],"collection":[{"href":"https:\/\/bellfire.ee\/fi\/wp-json\/wp\/v2\/product"}],"about":[{"href":"https:\/\/bellfire.ee\/fi\/wp-json\/wp\/v2\/types\/product"}],"wp:featuredmedia":[{"embeddable":true,"href":"https:\/\/bellfire.ee\/fi\/wp-json\/wp\/v2\/media\/50607"}],"wp:attachment":[{"href":"https:\/\/bellfire.ee\/fi\/wp-json\/wp\/v2\/media?parent=53519"}],"wp:term":[{"taxonomy":"wpc-attribute-group","embeddable":true,"href":"https:\/\/bellfire.ee\/fi\/wp-json\/wp\/v2\/wpc-attribute-group?post=53519"},{"taxonomy":"product_brand","embeddable":true,"href":"https:\/\/bellfire.ee\/fi\/wp-json\/wp\/v2\/product_brand?post=53519"},{"taxonomy":"product_cat","embeddable":true,"href":"https:\/\/bellfire.ee\/fi\/wp-json\/wp\/v2\/product_cat?post=53519"},{"taxonomy":"product_tag","embeddable":true,"href":"https:\/\/bellfire.ee\/fi\/wp-json\/wp\/v2\/product_tag?post=53519"}],"curies":[{"name":"wp","href":"https:\/\/api.w.org\/{rel}","templated":true}]}}