{"id":53480,"date":"2020-11-02T12:06:57","date_gmt":"2020-11-02T12:06:57","guid":{"rendered":"https:\/\/bellfire.ee\/Ei-luokiteltu\/plaza-ottoman\/"},"modified":"2020-11-02T12:06:57","modified_gmt":"2020-11-02T12:06:57","slug":"plaza-ottoman","status":"publish","type":"product","link":"https:\/\/bellfire.ee\/fi\/olohuone\/rahit\/plaza-ottoman\/","title":{"rendered":"Plaza ottoman"},"content":{"rendered":"<div class=\"flex max-w-full flex-col flex-grow\">\n<div class=\"min-h-8 text-message flex w-full flex-col items-end gap-2 whitespace-normal break-words [.text-message+&amp;]:mt-5\" dir=\"auto\" data-message-author-role=\"assistant\" data-message-id=\"53a8d86f-2014-495c-98e7-903bd0db4091\" data-message-model-slug=\"gpt-4o\">\n<div class=\"flex w-full flex-col gap-1 empty:hidden first:pt-[3px]\">\n<div class=\"markdown prose w-full break-words dark:prose-invert light\">\n<p><strong>Plaza-rahi<\/strong> on t\u00e4ydellinen valinta sille, joka haluaa pitk\u00e4n ty\u00f6p\u00e4iv\u00e4n j\u00e4lkeen k\u00e4yd\u00e4 levolle sohvalle ja rentouttaa jalkansa rahin p\u00e4\u00e4lle. Pehmustettu polyuretaanivaahtotyyny h\u00f6yhenill\u00e4 t\u00e4ytettyn\u00e4 tarjoaa poikkeuksellista pehmeytt\u00e4 ja mukavuutta. Rahi on juuri sopivan kokoinen my\u00f6s toiselle tai kolmannelle parille jalkoja.<\/p>\n<p>Koivuvanerista ja m\u00e4nnyst\u00e4 valmistettu runko tekee tuotteesta vahvan ja kest\u00e4v\u00e4n. Verhoilu on korkealaatuista ja helppo pit\u00e4\u00e4 puhtaana. <strong>Plaza-rahi<\/strong> sopii t\u00e4ydellisesti yhteen <strong>Mocca<\/strong>, <strong>Slim Line<\/strong> ja <strong>Plaza<\/strong> -sohvien kanssa, luoden tyylikk\u00e4\u00e4n ja yhten\u00e4isen ilmeen.<\/p>\n<p>Voit tutustua koko kangasvalikoimaan n\u00e4yttelytilassamme osoitteessa Riia 142, Tartto.<\/p>\n<p>Huomioithan, ett\u00e4 v\u00e4rit voivat poiketa n\u00e4yt\u00f6ll\u00e4 n\u00e4kyv\u00e4st\u00e4. Suosittelemme tarkistamaan v\u00e4rit n\u00e4yttelytilassamme.<\/p>\n<\/div>\n<\/div>\n<\/div>\n<\/div>\n","protected":false},"excerpt":{"rendered":"<p><strong>Plaza-rahi<\/strong> on t\u00e4ydellinen valinta sille, joka haluaa pitk\u00e4n ty\u00f6p\u00e4iv\u00e4n j\u00e4lkeen k\u00e4yd\u00e4 levolle sohvalle ja rentouttaa jalkansa rahin p\u00e4\u00e4lle. Pehmustettu polyuretaanivaahtotyyny h\u00f6yhenill\u00e4 t\u00e4ytettyn\u00e4 tarjoaa poikkeuksellista pehmeytt\u00e4 ja mukavuutta. Rahi on juuri sopivan kokoinen my\u00f6s toiselle tai kolmannelle parille jalkoja.<\/p>\n<p>Koivuvanerista ja m\u00e4nnyst\u00e4 valmistettu runko tekee tuotteesta vahvan ja kest\u00e4v\u00e4n. Verhoilu on korkealaatuista ja helppo pit\u00e4\u00e4 puhtaana. <strong>Plaza-rahi<\/strong> sopii t\u00e4ydellisesti yhteen <strong>Mocca<\/strong>, <strong>Slim Line<\/strong> ja <strong>Plaza<\/strong> -sohvien kanssa, luoden tyylikk\u00e4\u00e4n ja yhten\u00e4isen ilmeen.<\/p>\n<p>Voit tutustua koko kangasvalikoimaan n\u00e4yttelytilassamme osoitteessa Riia 142, Tartto.<\/p>\n<p>Huomioithan, ett\u00e4 v\u00e4rit voivat poiketa n\u00e4yt\u00f6ll\u00e4 n\u00e4kyv\u00e4st\u00e4. Suosittelemme tarkistamaan v\u00e4rit n\u00e4yttelytilassamme.<\/p>\n","protected":false},"featured_media":38080,"template":"","meta":{"_acf_changed":false},"wpc-attribute-group":[],"product_brand":[],"product_cat":[2242],"product_tag":[],"class_list":{"0":"post-53480","1":"product","2":"type-product","3":"status-publish","4":"has-post-thumbnail","6":"product_cat-rahit","7":"pa_e-poe-kangavalik-casual-river-fi","8":"pa_e-poe-kangavalik-casual-spring-fi","9":"pa_e-poe-kangavalik-casual-desert-fi","10":"pa_e-poe-kangavalik-casual-gold-fi","11":"pa_e-poe-kangavalik-casual-griffin-fi","12":"pa_e-poe-kangavalik-casual-ivory-fi","13":"pa_e-poe-kangavalik-casual-misty-fi","14":"pa_e-poe-kangavalik-casual-poppy-fi","15":"pa_e-poe-kangavalik-casual-truffle-fi","17":"first","18":"instock","19":"taxable","20":"shipping-taxable","21":"purchasable","22":"product-type-variable","23":"add-to-wishlist-after_add_to_cart"},"acf":[],"yoast_head":"<!-- This site is optimized with the Yoast SEO plugin v26.1 - https:\/\/yoast.com\/wordpress\/plugins\/seo\/ -->\n<title>Plaza ottoman - Bellfire<\/title>\n<meta name=\"robots\" content=\"index, follow, max-snippet:-1, max-image-preview:large, max-video-preview:-1\" \/>\n<link rel=\"canonical\" href=\"https:\/\/bellfire.ee\/fi\/olohuone\/rahit\/plaza-ottoman\/\" \/>\n<meta property=\"og:locale\" content=\"fi_FI\" \/>\n<meta property=\"og:type\" content=\"article\" \/>\n<meta property=\"og:title\" content=\"Plaza ottoman - Bellfire\" \/>\n<meta property=\"og:description\" content=\"Plaza-rahi on t\u00e4ydellinen valinta sille, joka haluaa pitk\u00e4n ty\u00f6p\u00e4iv\u00e4n j\u00e4lkeen k\u00e4yd\u00e4 levolle sohvalle ja rentouttaa jalkansa rahin p\u00e4\u00e4lle. Pehmustettu polyuretaanivaahtotyyny h\u00f6yhenill\u00e4 t\u00e4ytettyn\u00e4 tarjoaa poikkeuksellista pehmeytt\u00e4 ja mukavuutta. Rahi on juuri sopivan kokoinen my\u00f6s toiselle tai kolmannelle parille jalkoja.  Koivuvanerista ja m\u00e4nnyst\u00e4 valmistettu runko tekee tuotteesta vahvan ja kest\u00e4v\u00e4n. Verhoilu on korkealaatuista ja helppo pit\u00e4\u00e4 puhtaana. Plaza-rahi sopii t\u00e4ydellisesti yhteen Mocca, Slim Line ja Plaza -sohvien kanssa, luoden tyylikk\u00e4\u00e4n ja yhten\u00e4isen ilmeen.  Voit tutustua koko kangasvalikoimaan n\u00e4yttelytilassamme osoitteessa Riia 142, Tartto.  Huomioithan, ett\u00e4 v\u00e4rit voivat poiketa n\u00e4yt\u00f6ll\u00e4 n\u00e4kyv\u00e4st\u00e4. Suosittelemme tarkistamaan v\u00e4rit n\u00e4yttelytilassamme.\" \/>\n<meta property=\"og:url\" content=\"https:\/\/bellfire.ee\/fi\/olohuone\/rahit\/plaza-ottoman\/\" \/>\n<meta property=\"og:site_name\" content=\"Bellfire\" \/>\n<meta property=\"og:image\" content=\"https:\/\/bellfire.ee\/wp-content\/uploads\/2024\/10\/Plaza_ottoman_L_black.jpg\" \/>\n\t<meta property=\"og:image:width\" content=\"690\" \/>\n\t<meta property=\"og:image:height\" content=\"389\" \/>\n\t<meta property=\"og:image:type\" content=\"image\/jpeg\" \/>\n<meta name=\"twitter:card\" content=\"summary_large_image\" \/>\n<meta name=\"twitter:label1\" content=\"Arvioitu lukuaika\" \/>\n\t<meta name=\"twitter:data1\" content=\"1 minuutti\" \/>\n<script type=\"application\/ld+json\" class=\"yoast-schema-graph\">{\"@context\":\"https:\/\/schema.org\",\"@graph\":[{\"@type\":\"WebPage\",\"@id\":\"https:\/\/bellfire.ee\/fi\/olohuone\/rahit\/plaza-ottoman\/\",\"url\":\"https:\/\/bellfire.ee\/fi\/olohuone\/rahit\/plaza-ottoman\/\",\"name\":\"Plaza ottoman - Bellfire\",\"isPartOf\":{\"@id\":\"https:\/\/bellfire.ee\/fi\/#website\"},\"primaryImageOfPage\":{\"@id\":\"https:\/\/bellfire.ee\/fi\/olohuone\/rahit\/plaza-ottoman\/#primaryimage\"},\"image\":{\"@id\":\"https:\/\/bellfire.ee\/fi\/olohuone\/rahit\/plaza-ottoman\/#primaryimage\"},\"thumbnailUrl\":\"https:\/\/bellfire.ee\/wp-content\/uploads\/2024\/10\/Plaza_ottoman_L_black.jpg\",\"datePublished\":\"2020-11-02T12:06:57+00:00\",\"breadcrumb\":{\"@id\":\"https:\/\/bellfire.ee\/fi\/olohuone\/rahit\/plaza-ottoman\/#breadcrumb\"},\"inLanguage\":\"fi\",\"potentialAction\":[{\"@type\":\"ReadAction\",\"target\":[\"https:\/\/bellfire.ee\/fi\/olohuone\/rahit\/plaza-ottoman\/\"]}]},{\"@type\":\"ImageObject\",\"inLanguage\":\"fi\",\"@id\":\"https:\/\/bellfire.ee\/fi\/olohuone\/rahit\/plaza-ottoman\/#primaryimage\",\"url\":\"https:\/\/bellfire.ee\/wp-content\/uploads\/2024\/10\/Plaza_ottoman_L_black.jpg\",\"contentUrl\":\"https:\/\/bellfire.ee\/wp-content\/uploads\/2024\/10\/Plaza_ottoman_L_black.jpg\",\"width\":690,\"height\":389},{\"@type\":\"BreadcrumbList\",\"@id\":\"https:\/\/bellfire.ee\/fi\/olohuone\/rahit\/plaza-ottoman\/#breadcrumb\",\"itemListElement\":[{\"@type\":\"ListItem\",\"position\":1,\"name\":\"Avaleht\",\"item\":\"https:\/\/bellfire.ee\/fi\/\"},{\"@type\":\"ListItem\",\"position\":2,\"name\":\"Huonekalut\",\"item\":\"https:\/\/bellfire.ee\/fi\/huonekalut\/\"},{\"@type\":\"ListItem\",\"position\":3,\"name\":\"Plaza ottoman\"}]},{\"@type\":\"WebSite\",\"@id\":\"https:\/\/bellfire.ee\/fi\/#website\",\"url\":\"https:\/\/bellfire.ee\/fi\/\",\"name\":\"Bellfire\",\"description\":\"Disainm\u00f6\u00f6bel Sinu koju Eesti pehme m\u00f6\u00f6bli tootjal\",\"publisher\":{\"@id\":\"https:\/\/bellfire.ee\/fi\/#organization\"},\"potentialAction\":[{\"@type\":\"SearchAction\",\"target\":{\"@type\":\"EntryPoint\",\"urlTemplate\":\"https:\/\/bellfire.ee\/fi\/?s={search_term_string}\"},\"query-input\":{\"@type\":\"PropertyValueSpecification\",\"valueRequired\":true,\"valueName\":\"search_term_string\"}}],\"inLanguage\":\"fi\"},{\"@type\":\"Organization\",\"@id\":\"https:\/\/bellfire.ee\/fi\/#organization\",\"name\":\"Bellfire\",\"url\":\"https:\/\/bellfire.ee\/fi\/\",\"logo\":{\"@type\":\"ImageObject\",\"inLanguage\":\"fi\",\"@id\":\"https:\/\/bellfire.ee\/fi\/#\/schema\/logo\/image\/\",\"url\":\"https:\/\/bellfire.ee\/wp-content\/uploads\/2024\/10\/Site-logo.svg\",\"contentUrl\":\"https:\/\/bellfire.ee\/wp-content\/uploads\/2024\/10\/Site-logo.svg\",\"width\":55,\"height\":64,\"caption\":\"Bellfire\"},\"image\":{\"@id\":\"https:\/\/bellfire.ee\/fi\/#\/schema\/logo\/image\/\"}}]}<\/script>\n<!-- \/ Yoast SEO plugin. -->","yoast_head_json":{"title":"Plaza ottoman - Bellfire","robots":{"index":"index","follow":"follow","max-snippet":"max-snippet:-1","max-image-preview":"max-image-preview:large","max-video-preview":"max-video-preview:-1"},"canonical":"https:\/\/bellfire.ee\/fi\/olohuone\/rahit\/plaza-ottoman\/","og_locale":"fi_FI","og_type":"article","og_title":"Plaza ottoman - Bellfire","og_description":"Plaza-rahi on t\u00e4ydellinen valinta sille, joka haluaa pitk\u00e4n ty\u00f6p\u00e4iv\u00e4n j\u00e4lkeen k\u00e4yd\u00e4 levolle sohvalle ja rentouttaa jalkansa rahin p\u00e4\u00e4lle. Pehmustettu polyuretaanivaahtotyyny h\u00f6yhenill\u00e4 t\u00e4ytettyn\u00e4 tarjoaa poikkeuksellista pehmeytt\u00e4 ja mukavuutta. Rahi on juuri sopivan kokoinen my\u00f6s toiselle tai kolmannelle parille jalkoja.  Koivuvanerista ja m\u00e4nnyst\u00e4 valmistettu runko tekee tuotteesta vahvan ja kest\u00e4v\u00e4n. Verhoilu on korkealaatuista ja helppo pit\u00e4\u00e4 puhtaana. Plaza-rahi sopii t\u00e4ydellisesti yhteen Mocca, Slim Line ja Plaza -sohvien kanssa, luoden tyylikk\u00e4\u00e4n ja yhten\u00e4isen ilmeen.  Voit tutustua koko kangasvalikoimaan n\u00e4yttelytilassamme osoitteessa Riia 142, Tartto.  Huomioithan, ett\u00e4 v\u00e4rit voivat poiketa n\u00e4yt\u00f6ll\u00e4 n\u00e4kyv\u00e4st\u00e4. Suosittelemme tarkistamaan v\u00e4rit n\u00e4yttelytilassamme.","og_url":"https:\/\/bellfire.ee\/fi\/olohuone\/rahit\/plaza-ottoman\/","og_site_name":"Bellfire","og_image":[{"width":690,"height":389,"url":"https:\/\/bellfire.ee\/wp-content\/uploads\/2024\/10\/Plaza_ottoman_L_black.jpg","type":"image\/jpeg"}],"twitter_card":"summary_large_image","twitter_misc":{"Arvioitu lukuaika":"1 minuutti"},"schema":{"@context":"https:\/\/schema.org","@graph":[{"@type":"WebPage","@id":"https:\/\/bellfire.ee\/fi\/olohuone\/rahit\/plaza-ottoman\/","url":"https:\/\/bellfire.ee\/fi\/olohuone\/rahit\/plaza-ottoman\/","name":"Plaza ottoman - Bellfire","isPartOf":{"@id":"https:\/\/bellfire.ee\/fi\/#website"},"primaryImageOfPage":{"@id":"https:\/\/bellfire.ee\/fi\/olohuone\/rahit\/plaza-ottoman\/#primaryimage"},"image":{"@id":"https:\/\/bellfire.ee\/fi\/olohuone\/rahit\/plaza-ottoman\/#primaryimage"},"thumbnailUrl":"https:\/\/bellfire.ee\/wp-content\/uploads\/2024\/10\/Plaza_ottoman_L_black.jpg","datePublished":"2020-11-02T12:06:57+00:00","breadcrumb":{"@id":"https:\/\/bellfire.ee\/fi\/olohuone\/rahit\/plaza-ottoman\/#breadcrumb"},"inLanguage":"fi","potentialAction":[{"@type":"ReadAction","target":["https:\/\/bellfire.ee\/fi\/olohuone\/rahit\/plaza-ottoman\/"]}]},{"@type":"ImageObject","inLanguage":"fi","@id":"https:\/\/bellfire.ee\/fi\/olohuone\/rahit\/plaza-ottoman\/#primaryimage","url":"https:\/\/bellfire.ee\/wp-content\/uploads\/2024\/10\/Plaza_ottoman_L_black.jpg","contentUrl":"https:\/\/bellfire.ee\/wp-content\/uploads\/2024\/10\/Plaza_ottoman_L_black.jpg","width":690,"height":389},{"@type":"BreadcrumbList","@id":"https:\/\/bellfire.ee\/fi\/olohuone\/rahit\/plaza-ottoman\/#breadcrumb","itemListElement":[{"@type":"ListItem","position":1,"name":"Avaleht","item":"https:\/\/bellfire.ee\/fi\/"},{"@type":"ListItem","position":2,"name":"Huonekalut","item":"https:\/\/bellfire.ee\/fi\/huonekalut\/"},{"@type":"ListItem","position":3,"name":"Plaza ottoman"}]},{"@type":"WebSite","@id":"https:\/\/bellfire.ee\/fi\/#website","url":"https:\/\/bellfire.ee\/fi\/","name":"Bellfire","description":"Disainm\u00f6\u00f6bel Sinu koju Eesti pehme m\u00f6\u00f6bli tootjal","publisher":{"@id":"https:\/\/bellfire.ee\/fi\/#organization"},"potentialAction":[{"@type":"SearchAction","target":{"@type":"EntryPoint","urlTemplate":"https:\/\/bellfire.ee\/fi\/?s={search_term_string}"},"query-input":{"@type":"PropertyValueSpecification","valueRequired":true,"valueName":"search_term_string"}}],"inLanguage":"fi"},{"@type":"Organization","@id":"https:\/\/bellfire.ee\/fi\/#organization","name":"Bellfire","url":"https:\/\/bellfire.ee\/fi\/","logo":{"@type":"ImageObject","inLanguage":"fi","@id":"https:\/\/bellfire.ee\/fi\/#\/schema\/logo\/image\/","url":"https:\/\/bellfire.ee\/wp-content\/uploads\/2024\/10\/Site-logo.svg","contentUrl":"https:\/\/bellfire.ee\/wp-content\/uploads\/2024\/10\/Site-logo.svg","width":55,"height":64,"caption":"Bellfire"},"image":{"@id":"https:\/\/bellfire.ee\/fi\/#\/schema\/logo\/image\/"}}]}},"_links":{"self":[{"href":"https:\/\/bellfire.ee\/fi\/wp-json\/wp\/v2\/product\/53480","targetHints":{"allow":["GET"]}}],"collection":[{"href":"https:\/\/bellfire.ee\/fi\/wp-json\/wp\/v2\/product"}],"about":[{"href":"https:\/\/bellfire.ee\/fi\/wp-json\/wp\/v2\/types\/product"}],"wp:featuredmedia":[{"embeddable":true,"href":"https:\/\/bellfire.ee\/fi\/wp-json\/wp\/v2\/media\/38080"}],"wp:attachment":[{"href":"https:\/\/bellfire.ee\/fi\/wp-json\/wp\/v2\/media?parent=53480"}],"wp:term":[{"taxonomy":"wpc-attribute-group","embeddable":true,"href":"https:\/\/bellfire.ee\/fi\/wp-json\/wp\/v2\/wpc-attribute-group?post=53480"},{"taxonomy":"product_brand","embeddable":true,"href":"https:\/\/bellfire.ee\/fi\/wp-json\/wp\/v2\/product_brand?post=53480"},{"taxonomy":"product_cat","embeddable":true,"href":"https:\/\/bellfire.ee\/fi\/wp-json\/wp\/v2\/product_cat?post=53480"},{"taxonomy":"product_tag","embeddable":true,"href":"https:\/\/bellfire.ee\/fi\/wp-json\/wp\/v2\/product_tag?post=53480"}],"curies":[{"name":"wp","href":"https:\/\/api.w.org\/{rel}","templated":true}]}}