{"id":53436,"date":"2020-11-30T13:54:53","date_gmt":"2020-11-30T11:54:53","guid":{"rendered":"https:\/\/bellfire.ee\/Ei-luokiteltu\/momo\/"},"modified":"2026-04-14T14:55:33","modified_gmt":"2026-04-14T12:55:33","slug":"momo","status":"publish","type":"product","link":"https:\/\/bellfire.ee\/fi\/olohuone\/sohvat\/momo\/","title":{"rendered":"Momo"},"content":{"rendered":"<p><strong>Momo-sohva<\/strong> yhdist\u00e4\u00e4 poikkeuksellisen mukavuuden ja korkealaatuisen taskujousitettujen istuinten tuoman tuen. Taskujouset tarjoavat erityisen pehme\u00e4n ja joustavan istumiskokemuksen s\u00e4ilytt\u00e4en istuintyynyjen muodon pitk\u00e4\u00e4n. Sek\u00e4 istuin- ett\u00e4 selk\u00e4tyynyt ovat kiinte\u00e4sti kiinnitettyj\u00e4, mik\u00e4 varmistaa, ett\u00e4 ne pysyv\u00e4t t\u00e4ydellisesti paikoillaan.<\/p>\n<p>Mitoiltaan 243&#215;98 cm kokoinen <strong>Momo-sohva<\/strong> p\u00e4\u00e4see parhaiten oikeuksiinsa ylellisess\u00e4 <strong>Brunei-samettikankaassa<\/strong>, mutta Bellfire-n\u00e4yttelytilassamme voit valita useista eri kankaista, jotka sopivat tyyliisi.<\/p>\n<p>Voit tutustua koko kangasvalikoimaan n\u00e4yttelytilassamme osoitteessa Riia 142, Tartto.<\/p>\n<p>Huomioithan, ett\u00e4 v\u00e4rit voivat poiketa n\u00e4yt\u00f6ll\u00e4 n\u00e4kyv\u00e4st\u00e4. Suosittelemme tarkistamaan v\u00e4rit n\u00e4yttelytilassamme.<\/p>\n","protected":false},"excerpt":{"rendered":"<p><strong>Momo-sohva<\/strong> yhdist\u00e4\u00e4 poikkeuksellisen mukavuuden ja korkealaatuisen taskujousitettujen istuinten tuoman tuen. Taskujouset tarjoavat erityisen pehme\u00e4n ja joustavan istumiskokemuksen s\u00e4ilytt\u00e4en istuintyynyjen muodon pitk\u00e4\u00e4n. Sek\u00e4 istuin- ett\u00e4 selk\u00e4tyynyt ovat kiinte\u00e4sti kiinnitettyj\u00e4, mik\u00e4 varmistaa, ett\u00e4 ne pysyv\u00e4t t\u00e4ydellisesti paikoillaan.<\/p>\n<p>Mitoiltaan 243&#215;98 cm kokoinen <strong>Momo-sohva<\/strong> p\u00e4\u00e4see parhaiten oikeuksiinsa ylellisess\u00e4 <strong>Brunei-samettikankaassa<\/strong>, mutta Bellfire-n\u00e4yttelytilassamme voit valita useista eri kankaista, jotka sopivat tyyliisi.<\/p>\n<p><strong>Dekoratiivityynyt kuuluvat sarjaan.<\/strong><\/p>\n<p>Voit tutustua koko kangasvalikoimaan n\u00e4yttelytilassamme osoitteessa Riia 142, Tartto.<\/p>\n<p>Huomioithan, ett\u00e4 v\u00e4rit voivat poiketa n\u00e4yt\u00f6ll\u00e4 n\u00e4kyv\u00e4st\u00e4. Suosittelemme tarkistamaan v\u00e4rit n\u00e4yttelytilassamme.<\/p>\n","protected":false},"featured_media":69575,"template":"","meta":{"_acf_changed":false},"wpc-attribute-group":[],"product_brand":[],"product_cat":[2233,2235],"product_tag":[],"class_list":{"0":"post-53436","1":"product","2":"type-product","3":"status-publish","4":"has-post-thumbnail","6":"product_cat-olohuone","7":"product_cat-sohvat","8":"pa_e-poe-kangavalik-fibre-guard-01","9":"pa_e-poe-kangavalik-fibre-guard-05","10":"pa_e-poe-kangavalik-fibre-guard-06","11":"pa_e-poe-kangavalik-fibre-guard-09","12":"pa_e-poe-kangavalik-fibre-guard-11","13":"pa_e-poe-kangavalik-fibre-guard-19","15":"first","16":"instock","17":"featured","18":"taxable","19":"shipping-taxable","20":"purchasable","21":"product-type-variable","22":"add-to-wishlist-after_add_to_cart"},"acf":[],"yoast_head":"<!-- This site is optimized with the Yoast SEO plugin v26.1 - https:\/\/yoast.com\/wordpress\/plugins\/seo\/ -->\n<title>Momo - Bellfire<\/title>\n<meta name=\"robots\" content=\"index, follow, max-snippet:-1, max-image-preview:large, max-video-preview:-1\" \/>\n<link rel=\"canonical\" href=\"https:\/\/bellfire.ee\/fi\/olohuone\/sohvat\/momo\/\" \/>\n<meta property=\"og:locale\" content=\"fi_FI\" \/>\n<meta property=\"og:type\" content=\"article\" \/>\n<meta property=\"og:title\" content=\"Momo - Bellfire\" \/>\n<meta property=\"og:description\" content=\"Momo-sohva yhdist\u00e4\u00e4 poikkeuksellisen mukavuuden ja korkealaatuisen taskujousitettujen istuinten tuoman tuen. Taskujouset tarjoavat erityisen pehme\u00e4n ja joustavan istumiskokemuksen s\u00e4ilytt\u00e4en istuintyynyjen muodon pitk\u00e4\u00e4n. Sek\u00e4 istuin- ett\u00e4 selk\u00e4tyynyt ovat kiinte\u00e4sti kiinnitettyj\u00e4, mik\u00e4 varmistaa, ett\u00e4 ne pysyv\u00e4t t\u00e4ydellisesti paikoillaan.  Mitoiltaan 243x98 cm kokoinen Momo-sohva p\u00e4\u00e4see parhaiten oikeuksiinsa ylellisess\u00e4 Brunei-samettikankaassa, mutta Bellfire-n\u00e4yttelytilassamme voit valita useista eri kankaista, jotka sopivat tyyliisi.  Dekoratiivityynyt kuuluvat sarjaan.  Voit tutustua koko kangasvalikoimaan n\u00e4yttelytilassamme osoitteessa Riia 142, Tartto.  Huomioithan, ett\u00e4 v\u00e4rit voivat poiketa n\u00e4yt\u00f6ll\u00e4 n\u00e4kyv\u00e4st\u00e4. Suosittelemme tarkistamaan v\u00e4rit n\u00e4yttelytilassamme.\" \/>\n<meta property=\"og:url\" content=\"https:\/\/bellfire.ee\/fi\/olohuone\/sohvat\/momo\/\" \/>\n<meta property=\"og:site_name\" content=\"Bellfire\" \/>\n<meta property=\"article:modified_time\" content=\"2026-04-14T12:55:33+00:00\" \/>\n<meta property=\"og:image\" content=\"https:\/\/bellfire.ee\/wp-content\/uploads\/2020\/11\/momo-diivan-eelvaade-1.jpg\" \/>\n\t<meta property=\"og:image:width\" content=\"1080\" \/>\n\t<meta property=\"og:image:height\" content=\"1080\" \/>\n\t<meta property=\"og:image:type\" content=\"image\/jpeg\" \/>\n<meta name=\"twitter:card\" content=\"summary_large_image\" \/>\n<script type=\"application\/ld+json\" class=\"yoast-schema-graph\">{\"@context\":\"https:\/\/schema.org\",\"@graph\":[{\"@type\":\"WebPage\",\"@id\":\"https:\/\/bellfire.ee\/fi\/olohuone\/sohvat\/momo\/\",\"url\":\"https:\/\/bellfire.ee\/fi\/olohuone\/sohvat\/momo\/\",\"name\":\"Momo - Bellfire\",\"isPartOf\":{\"@id\":\"https:\/\/bellfire.ee\/fi\/#website\"},\"primaryImageOfPage\":{\"@id\":\"https:\/\/bellfire.ee\/fi\/olohuone\/sohvat\/momo\/#primaryimage\"},\"image\":{\"@id\":\"https:\/\/bellfire.ee\/fi\/olohuone\/sohvat\/momo\/#primaryimage\"},\"thumbnailUrl\":\"https:\/\/bellfire.ee\/wp-content\/uploads\/2020\/11\/momo-diivan-eelvaade-1.jpg\",\"datePublished\":\"2020-11-30T11:54:53+00:00\",\"dateModified\":\"2026-04-14T12:55:33+00:00\",\"breadcrumb\":{\"@id\":\"https:\/\/bellfire.ee\/fi\/olohuone\/sohvat\/momo\/#breadcrumb\"},\"inLanguage\":\"fi\",\"potentialAction\":[{\"@type\":\"ReadAction\",\"target\":[\"https:\/\/bellfire.ee\/fi\/olohuone\/sohvat\/momo\/\"]}]},{\"@type\":\"ImageObject\",\"inLanguage\":\"fi\",\"@id\":\"https:\/\/bellfire.ee\/fi\/olohuone\/sohvat\/momo\/#primaryimage\",\"url\":\"https:\/\/bellfire.ee\/wp-content\/uploads\/2020\/11\/momo-diivan-eelvaade-1.jpg\",\"contentUrl\":\"https:\/\/bellfire.ee\/wp-content\/uploads\/2020\/11\/momo-diivan-eelvaade-1.jpg\",\"width\":1080,\"height\":1080},{\"@type\":\"BreadcrumbList\",\"@id\":\"https:\/\/bellfire.ee\/fi\/olohuone\/sohvat\/momo\/#breadcrumb\",\"itemListElement\":[{\"@type\":\"ListItem\",\"position\":1,\"name\":\"Avaleht\",\"item\":\"https:\/\/bellfire.ee\/fi\/\"},{\"@type\":\"ListItem\",\"position\":2,\"name\":\"Huonekalut\",\"item\":\"https:\/\/bellfire.ee\/fi\/huonekalut\/\"},{\"@type\":\"ListItem\",\"position\":3,\"name\":\"Momo\"}]},{\"@type\":\"WebSite\",\"@id\":\"https:\/\/bellfire.ee\/fi\/#website\",\"url\":\"https:\/\/bellfire.ee\/fi\/\",\"name\":\"Bellfire\",\"description\":\"Disainm\u00f6\u00f6bel Sinu koju Eesti pehme m\u00f6\u00f6bli tootjal\",\"publisher\":{\"@id\":\"https:\/\/bellfire.ee\/fi\/#organization\"},\"potentialAction\":[{\"@type\":\"SearchAction\",\"target\":{\"@type\":\"EntryPoint\",\"urlTemplate\":\"https:\/\/bellfire.ee\/fi\/?s={search_term_string}\"},\"query-input\":{\"@type\":\"PropertyValueSpecification\",\"valueRequired\":true,\"valueName\":\"search_term_string\"}}],\"inLanguage\":\"fi\"},{\"@type\":\"Organization\",\"@id\":\"https:\/\/bellfire.ee\/fi\/#organization\",\"name\":\"Bellfire\",\"url\":\"https:\/\/bellfire.ee\/fi\/\",\"logo\":{\"@type\":\"ImageObject\",\"inLanguage\":\"fi\",\"@id\":\"https:\/\/bellfire.ee\/fi\/#\/schema\/logo\/image\/\",\"url\":\"https:\/\/bellfire.ee\/wp-content\/uploads\/2024\/10\/Site-logo.svg\",\"contentUrl\":\"https:\/\/bellfire.ee\/wp-content\/uploads\/2024\/10\/Site-logo.svg\",\"width\":55,\"height\":64,\"caption\":\"Bellfire\"},\"image\":{\"@id\":\"https:\/\/bellfire.ee\/fi\/#\/schema\/logo\/image\/\"}}]}<\/script>\n<!-- \/ Yoast SEO plugin. -->","yoast_head_json":{"title":"Momo - Bellfire","robots":{"index":"index","follow":"follow","max-snippet":"max-snippet:-1","max-image-preview":"max-image-preview:large","max-video-preview":"max-video-preview:-1"},"canonical":"https:\/\/bellfire.ee\/fi\/olohuone\/sohvat\/momo\/","og_locale":"fi_FI","og_type":"article","og_title":"Momo - Bellfire","og_description":"Momo-sohva yhdist\u00e4\u00e4 poikkeuksellisen mukavuuden ja korkealaatuisen taskujousitettujen istuinten tuoman tuen. Taskujouset tarjoavat erityisen pehme\u00e4n ja joustavan istumiskokemuksen s\u00e4ilytt\u00e4en istuintyynyjen muodon pitk\u00e4\u00e4n. Sek\u00e4 istuin- ett\u00e4 selk\u00e4tyynyt ovat kiinte\u00e4sti kiinnitettyj\u00e4, mik\u00e4 varmistaa, ett\u00e4 ne pysyv\u00e4t t\u00e4ydellisesti paikoillaan.  Mitoiltaan 243x98 cm kokoinen Momo-sohva p\u00e4\u00e4see parhaiten oikeuksiinsa ylellisess\u00e4 Brunei-samettikankaassa, mutta Bellfire-n\u00e4yttelytilassamme voit valita useista eri kankaista, jotka sopivat tyyliisi.  Dekoratiivityynyt kuuluvat sarjaan.  Voit tutustua koko kangasvalikoimaan n\u00e4yttelytilassamme osoitteessa Riia 142, Tartto.  Huomioithan, ett\u00e4 v\u00e4rit voivat poiketa n\u00e4yt\u00f6ll\u00e4 n\u00e4kyv\u00e4st\u00e4. Suosittelemme tarkistamaan v\u00e4rit n\u00e4yttelytilassamme.","og_url":"https:\/\/bellfire.ee\/fi\/olohuone\/sohvat\/momo\/","og_site_name":"Bellfire","article_modified_time":"2026-04-14T12:55:33+00:00","og_image":[{"width":1080,"height":1080,"url":"https:\/\/bellfire.ee\/wp-content\/uploads\/2020\/11\/momo-diivan-eelvaade-1.jpg","type":"image\/jpeg"}],"twitter_card":"summary_large_image","schema":{"@context":"https:\/\/schema.org","@graph":[{"@type":"WebPage","@id":"https:\/\/bellfire.ee\/fi\/olohuone\/sohvat\/momo\/","url":"https:\/\/bellfire.ee\/fi\/olohuone\/sohvat\/momo\/","name":"Momo - Bellfire","isPartOf":{"@id":"https:\/\/bellfire.ee\/fi\/#website"},"primaryImageOfPage":{"@id":"https:\/\/bellfire.ee\/fi\/olohuone\/sohvat\/momo\/#primaryimage"},"image":{"@id":"https:\/\/bellfire.ee\/fi\/olohuone\/sohvat\/momo\/#primaryimage"},"thumbnailUrl":"https:\/\/bellfire.ee\/wp-content\/uploads\/2020\/11\/momo-diivan-eelvaade-1.jpg","datePublished":"2020-11-30T11:54:53+00:00","dateModified":"2026-04-14T12:55:33+00:00","breadcrumb":{"@id":"https:\/\/bellfire.ee\/fi\/olohuone\/sohvat\/momo\/#breadcrumb"},"inLanguage":"fi","potentialAction":[{"@type":"ReadAction","target":["https:\/\/bellfire.ee\/fi\/olohuone\/sohvat\/momo\/"]}]},{"@type":"ImageObject","inLanguage":"fi","@id":"https:\/\/bellfire.ee\/fi\/olohuone\/sohvat\/momo\/#primaryimage","url":"https:\/\/bellfire.ee\/wp-content\/uploads\/2020\/11\/momo-diivan-eelvaade-1.jpg","contentUrl":"https:\/\/bellfire.ee\/wp-content\/uploads\/2020\/11\/momo-diivan-eelvaade-1.jpg","width":1080,"height":1080},{"@type":"BreadcrumbList","@id":"https:\/\/bellfire.ee\/fi\/olohuone\/sohvat\/momo\/#breadcrumb","itemListElement":[{"@type":"ListItem","position":1,"name":"Avaleht","item":"https:\/\/bellfire.ee\/fi\/"},{"@type":"ListItem","position":2,"name":"Huonekalut","item":"https:\/\/bellfire.ee\/fi\/huonekalut\/"},{"@type":"ListItem","position":3,"name":"Momo"}]},{"@type":"WebSite","@id":"https:\/\/bellfire.ee\/fi\/#website","url":"https:\/\/bellfire.ee\/fi\/","name":"Bellfire","description":"Disainm\u00f6\u00f6bel Sinu koju Eesti pehme m\u00f6\u00f6bli tootjal","publisher":{"@id":"https:\/\/bellfire.ee\/fi\/#organization"},"potentialAction":[{"@type":"SearchAction","target":{"@type":"EntryPoint","urlTemplate":"https:\/\/bellfire.ee\/fi\/?s={search_term_string}"},"query-input":{"@type":"PropertyValueSpecification","valueRequired":true,"valueName":"search_term_string"}}],"inLanguage":"fi"},{"@type":"Organization","@id":"https:\/\/bellfire.ee\/fi\/#organization","name":"Bellfire","url":"https:\/\/bellfire.ee\/fi\/","logo":{"@type":"ImageObject","inLanguage":"fi","@id":"https:\/\/bellfire.ee\/fi\/#\/schema\/logo\/image\/","url":"https:\/\/bellfire.ee\/wp-content\/uploads\/2024\/10\/Site-logo.svg","contentUrl":"https:\/\/bellfire.ee\/wp-content\/uploads\/2024\/10\/Site-logo.svg","width":55,"height":64,"caption":"Bellfire"},"image":{"@id":"https:\/\/bellfire.ee\/fi\/#\/schema\/logo\/image\/"}}]}},"_links":{"self":[{"href":"https:\/\/bellfire.ee\/fi\/wp-json\/wp\/v2\/product\/53436","targetHints":{"allow":["GET"]}}],"collection":[{"href":"https:\/\/bellfire.ee\/fi\/wp-json\/wp\/v2\/product"}],"about":[{"href":"https:\/\/bellfire.ee\/fi\/wp-json\/wp\/v2\/types\/product"}],"wp:featuredmedia":[{"embeddable":true,"href":"https:\/\/bellfire.ee\/fi\/wp-json\/wp\/v2\/media\/69575"}],"wp:attachment":[{"href":"https:\/\/bellfire.ee\/fi\/wp-json\/wp\/v2\/media?parent=53436"}],"wp:term":[{"taxonomy":"wpc-attribute-group","embeddable":true,"href":"https:\/\/bellfire.ee\/fi\/wp-json\/wp\/v2\/wpc-attribute-group?post=53436"},{"taxonomy":"product_brand","embeddable":true,"href":"https:\/\/bellfire.ee\/fi\/wp-json\/wp\/v2\/product_brand?post=53436"},{"taxonomy":"product_cat","embeddable":true,"href":"https:\/\/bellfire.ee\/fi\/wp-json\/wp\/v2\/product_cat?post=53436"},{"taxonomy":"product_tag","embeddable":true,"href":"https:\/\/bellfire.ee\/fi\/wp-json\/wp\/v2\/product_tag?post=53436"}],"curies":[{"name":"wp","href":"https:\/\/api.w.org\/{rel}","templated":true}]}}