{"id":53423,"date":"2020-12-01T21:20:23","date_gmt":"2020-12-01T21:20:23","guid":{"rendered":"https:\/\/bellfire.ee\/Ei-luokiteltu\/momo-ottoman\/"},"modified":"2025-03-17T08:34:53","modified_gmt":"2025-03-17T08:34:53","slug":"momo-ottoman","status":"publish","type":"product","link":"https:\/\/bellfire.ee\/fi\/olohuone\/rahit\/momo-ottoman\/","title":{"rendered":"Momo ottoman"},"content":{"rendered":"<p>Py\u00f6re\u00e4 <strong>Momo-rahi<\/strong>, halkaisijaltaan 60 cm, on k\u00e4yt\u00e4nn\u00f6llinen ja toimii erinomaisesti sek\u00e4 pehme\u00e4n\u00e4 istuimena ett\u00e4 modernina p\u00f6yt\u00e4n\u00e4. Rahin tukeva runko on valmistettu koivuvanerista ja m\u00e4nnyst\u00e4. Voit valita kolmesta erilaisesta metallijalkavaihtoehdosta. <strong>Momo-rahi<\/strong> n\u00e4ytt\u00e4\u00e4 erityisen hyv\u00e4lt\u00e4 ylellisess\u00e4 <strong>Brunei-samettikankaassa<\/strong>, mutta Bellfire-n\u00e4yttelytilassamme voit valita useista eri kankaista.<\/p>\n<p>Voit tutustua koko kangasvalikoimaan n\u00e4yttelytilassamme osoitteessa Riia 142, Tartto.<\/p>\n<p>Huomioithan, ett\u00e4 v\u00e4rit voivat poiketa n\u00e4yt\u00f6ll\u00e4 n\u00e4kyv\u00e4st\u00e4. Suosittelemme tarkistamaan v\u00e4rit n\u00e4yttelytilassamme.<\/p>\n","protected":false},"excerpt":{"rendered":"<p>Py\u00f6re\u00e4 <strong>Momo-rahi<\/strong>, halkaisijaltaan 60 cm, on k\u00e4yt\u00e4nn\u00f6llinen ja toimii erinomaisesti sek\u00e4 pehme\u00e4n\u00e4 istuimena ett\u00e4 modernina p\u00f6yt\u00e4n\u00e4. Rahin tukeva runko on valmistettu koivuvanerista ja m\u00e4nnyst\u00e4. Voit valita kolmesta erilaisesta metallijalkavaihtoehdosta. <strong>Momo-rahi<\/strong> n\u00e4ytt\u00e4\u00e4 erityisen hyv\u00e4lt\u00e4 ylellisess\u00e4 <strong>Brunei-samettikankaassa<\/strong>, mutta Bellfire-n\u00e4yttelytilassamme voit valita useista eri kankaista.<\/p>\n<p>Voit tutustua koko kangasvalikoimaan n\u00e4yttelytilassamme osoitteessa Riia 142, Tartto.<\/p>\n<p>Huomioithan, ett\u00e4 v\u00e4rit voivat poiketa n\u00e4yt\u00f6ll\u00e4 n\u00e4kyv\u00e4st\u00e4. Suosittelemme tarkistamaan v\u00e4rit n\u00e4yttelytilassamme.<\/p>\n","protected":false},"featured_media":60473,"template":"","meta":{"_acf_changed":false},"wpc-attribute-group":[],"product_brand":[],"product_cat":[2242],"product_tag":[],"class_list":{"0":"post-53423","1":"product","2":"type-product","3":"status-publish","4":"has-post-thumbnail","6":"product_cat-rahit","7":"pa_e-poe-kangavalik-fibre-guard-01","8":"pa_e-poe-kangavalik-fibre-guard-05","9":"pa_e-poe-kangavalik-fibre-guard-06","10":"pa_e-poe-kangavalik-fibre-guard-09","11":"pa_e-poe-kangavalik-fibre-guard-11","12":"pa_e-poe-kangavalik-fibre-guard-19","14":"first","15":"instock","16":"taxable","17":"shipping-taxable","18":"purchasable","19":"product-type-variable","20":"add-to-wishlist-after_add_to_cart"},"acf":[],"yoast_head":"<!-- This site is optimized with the Yoast SEO plugin v26.1 - https:\/\/yoast.com\/wordpress\/plugins\/seo\/ -->\n<title>Momo ottoman - Bellfire<\/title>\n<meta name=\"robots\" content=\"index, follow, max-snippet:-1, max-image-preview:large, max-video-preview:-1\" \/>\n<link rel=\"canonical\" href=\"https:\/\/bellfire.ee\/fi\/olohuone\/rahit\/momo-ottoman\/\" \/>\n<meta property=\"og:locale\" content=\"fi_FI\" \/>\n<meta property=\"og:type\" content=\"article\" \/>\n<meta property=\"og:title\" content=\"Momo ottoman - Bellfire\" \/>\n<meta property=\"og:description\" content=\"Py\u00f6re\u00e4 Momo-rahi, halkaisijaltaan 60 cm, on k\u00e4yt\u00e4nn\u00f6llinen ja toimii erinomaisesti sek\u00e4 pehme\u00e4n\u00e4 istuimena ett\u00e4 modernina p\u00f6yt\u00e4n\u00e4. Rahin tukeva runko on valmistettu koivuvanerista ja m\u00e4nnyst\u00e4. Voit valita kolmesta erilaisesta metallijalkavaihtoehdosta. Momo-rahi n\u00e4ytt\u00e4\u00e4 erityisen hyv\u00e4lt\u00e4 ylellisess\u00e4 Brunei-samettikankaassa, mutta Bellfire-n\u00e4yttelytilassamme voit valita useista eri kankaista.  Voit tutustua koko kangasvalikoimaan n\u00e4yttelytilassamme osoitteessa Riia 142, Tartto.  Huomioithan, ett\u00e4 v\u00e4rit voivat poiketa n\u00e4yt\u00f6ll\u00e4 n\u00e4kyv\u00e4st\u00e4. Suosittelemme tarkistamaan v\u00e4rit n\u00e4yttelytilassamme.\" \/>\n<meta property=\"og:url\" content=\"https:\/\/bellfire.ee\/fi\/olohuone\/rahit\/momo-ottoman\/\" \/>\n<meta property=\"og:site_name\" content=\"Bellfire\" \/>\n<meta property=\"article:modified_time\" content=\"2025-03-17T08:34:53+00:00\" \/>\n<meta property=\"og:image\" content=\"https:\/\/bellfire.ee\/wp-content\/uploads\/2020\/12\/momo-ymmargune-eelvaade.jpg\" \/>\n\t<meta property=\"og:image:width\" content=\"1080\" \/>\n\t<meta property=\"og:image:height\" content=\"1080\" \/>\n\t<meta property=\"og:image:type\" content=\"image\/jpeg\" \/>\n<meta name=\"twitter:card\" content=\"summary_large_image\" \/>\n<script type=\"application\/ld+json\" class=\"yoast-schema-graph\">{\"@context\":\"https:\/\/schema.org\",\"@graph\":[{\"@type\":\"WebPage\",\"@id\":\"https:\/\/bellfire.ee\/fi\/olohuone\/rahit\/momo-ottoman\/\",\"url\":\"https:\/\/bellfire.ee\/fi\/olohuone\/rahit\/momo-ottoman\/\",\"name\":\"Momo ottoman - Bellfire\",\"isPartOf\":{\"@id\":\"https:\/\/bellfire.ee\/fi\/#website\"},\"primaryImageOfPage\":{\"@id\":\"https:\/\/bellfire.ee\/fi\/olohuone\/rahit\/momo-ottoman\/#primaryimage\"},\"image\":{\"@id\":\"https:\/\/bellfire.ee\/fi\/olohuone\/rahit\/momo-ottoman\/#primaryimage\"},\"thumbnailUrl\":\"https:\/\/bellfire.ee\/wp-content\/uploads\/2020\/12\/momo-ymmargune-eelvaade.jpg\",\"datePublished\":\"2020-12-01T21:20:23+00:00\",\"dateModified\":\"2025-03-17T08:34:53+00:00\",\"breadcrumb\":{\"@id\":\"https:\/\/bellfire.ee\/fi\/olohuone\/rahit\/momo-ottoman\/#breadcrumb\"},\"inLanguage\":\"fi\",\"potentialAction\":[{\"@type\":\"ReadAction\",\"target\":[\"https:\/\/bellfire.ee\/fi\/olohuone\/rahit\/momo-ottoman\/\"]}]},{\"@type\":\"ImageObject\",\"inLanguage\":\"fi\",\"@id\":\"https:\/\/bellfire.ee\/fi\/olohuone\/rahit\/momo-ottoman\/#primaryimage\",\"url\":\"https:\/\/bellfire.ee\/wp-content\/uploads\/2020\/12\/momo-ymmargune-eelvaade.jpg\",\"contentUrl\":\"https:\/\/bellfire.ee\/wp-content\/uploads\/2020\/12\/momo-ymmargune-eelvaade.jpg\",\"width\":1080,\"height\":1080},{\"@type\":\"BreadcrumbList\",\"@id\":\"https:\/\/bellfire.ee\/fi\/olohuone\/rahit\/momo-ottoman\/#breadcrumb\",\"itemListElement\":[{\"@type\":\"ListItem\",\"position\":1,\"name\":\"Avaleht\",\"item\":\"https:\/\/bellfire.ee\/fi\/\"},{\"@type\":\"ListItem\",\"position\":2,\"name\":\"Huonekalut\",\"item\":\"https:\/\/bellfire.ee\/fi\/huonekalut\/\"},{\"@type\":\"ListItem\",\"position\":3,\"name\":\"Momo ottoman\"}]},{\"@type\":\"WebSite\",\"@id\":\"https:\/\/bellfire.ee\/fi\/#website\",\"url\":\"https:\/\/bellfire.ee\/fi\/\",\"name\":\"Bellfire\",\"description\":\"Disainm\u00f6\u00f6bel Sinu koju Eesti pehme m\u00f6\u00f6bli tootjal\",\"publisher\":{\"@id\":\"https:\/\/bellfire.ee\/fi\/#organization\"},\"potentialAction\":[{\"@type\":\"SearchAction\",\"target\":{\"@type\":\"EntryPoint\",\"urlTemplate\":\"https:\/\/bellfire.ee\/fi\/?s={search_term_string}\"},\"query-input\":{\"@type\":\"PropertyValueSpecification\",\"valueRequired\":true,\"valueName\":\"search_term_string\"}}],\"inLanguage\":\"fi\"},{\"@type\":\"Organization\",\"@id\":\"https:\/\/bellfire.ee\/fi\/#organization\",\"name\":\"Bellfire\",\"url\":\"https:\/\/bellfire.ee\/fi\/\",\"logo\":{\"@type\":\"ImageObject\",\"inLanguage\":\"fi\",\"@id\":\"https:\/\/bellfire.ee\/fi\/#\/schema\/logo\/image\/\",\"url\":\"https:\/\/bellfire.ee\/wp-content\/uploads\/2024\/10\/Site-logo.svg\",\"contentUrl\":\"https:\/\/bellfire.ee\/wp-content\/uploads\/2024\/10\/Site-logo.svg\",\"width\":55,\"height\":64,\"caption\":\"Bellfire\"},\"image\":{\"@id\":\"https:\/\/bellfire.ee\/fi\/#\/schema\/logo\/image\/\"}}]}<\/script>\n<!-- \/ Yoast SEO plugin. -->","yoast_head_json":{"title":"Momo ottoman - Bellfire","robots":{"index":"index","follow":"follow","max-snippet":"max-snippet:-1","max-image-preview":"max-image-preview:large","max-video-preview":"max-video-preview:-1"},"canonical":"https:\/\/bellfire.ee\/fi\/olohuone\/rahit\/momo-ottoman\/","og_locale":"fi_FI","og_type":"article","og_title":"Momo ottoman - Bellfire","og_description":"Py\u00f6re\u00e4 Momo-rahi, halkaisijaltaan 60 cm, on k\u00e4yt\u00e4nn\u00f6llinen ja toimii erinomaisesti sek\u00e4 pehme\u00e4n\u00e4 istuimena ett\u00e4 modernina p\u00f6yt\u00e4n\u00e4. Rahin tukeva runko on valmistettu koivuvanerista ja m\u00e4nnyst\u00e4. Voit valita kolmesta erilaisesta metallijalkavaihtoehdosta. Momo-rahi n\u00e4ytt\u00e4\u00e4 erityisen hyv\u00e4lt\u00e4 ylellisess\u00e4 Brunei-samettikankaassa, mutta Bellfire-n\u00e4yttelytilassamme voit valita useista eri kankaista.  Voit tutustua koko kangasvalikoimaan n\u00e4yttelytilassamme osoitteessa Riia 142, Tartto.  Huomioithan, ett\u00e4 v\u00e4rit voivat poiketa n\u00e4yt\u00f6ll\u00e4 n\u00e4kyv\u00e4st\u00e4. Suosittelemme tarkistamaan v\u00e4rit n\u00e4yttelytilassamme.","og_url":"https:\/\/bellfire.ee\/fi\/olohuone\/rahit\/momo-ottoman\/","og_site_name":"Bellfire","article_modified_time":"2025-03-17T08:34:53+00:00","og_image":[{"width":1080,"height":1080,"url":"https:\/\/bellfire.ee\/wp-content\/uploads\/2020\/12\/momo-ymmargune-eelvaade.jpg","type":"image\/jpeg"}],"twitter_card":"summary_large_image","schema":{"@context":"https:\/\/schema.org","@graph":[{"@type":"WebPage","@id":"https:\/\/bellfire.ee\/fi\/olohuone\/rahit\/momo-ottoman\/","url":"https:\/\/bellfire.ee\/fi\/olohuone\/rahit\/momo-ottoman\/","name":"Momo ottoman - Bellfire","isPartOf":{"@id":"https:\/\/bellfire.ee\/fi\/#website"},"primaryImageOfPage":{"@id":"https:\/\/bellfire.ee\/fi\/olohuone\/rahit\/momo-ottoman\/#primaryimage"},"image":{"@id":"https:\/\/bellfire.ee\/fi\/olohuone\/rahit\/momo-ottoman\/#primaryimage"},"thumbnailUrl":"https:\/\/bellfire.ee\/wp-content\/uploads\/2020\/12\/momo-ymmargune-eelvaade.jpg","datePublished":"2020-12-01T21:20:23+00:00","dateModified":"2025-03-17T08:34:53+00:00","breadcrumb":{"@id":"https:\/\/bellfire.ee\/fi\/olohuone\/rahit\/momo-ottoman\/#breadcrumb"},"inLanguage":"fi","potentialAction":[{"@type":"ReadAction","target":["https:\/\/bellfire.ee\/fi\/olohuone\/rahit\/momo-ottoman\/"]}]},{"@type":"ImageObject","inLanguage":"fi","@id":"https:\/\/bellfire.ee\/fi\/olohuone\/rahit\/momo-ottoman\/#primaryimage","url":"https:\/\/bellfire.ee\/wp-content\/uploads\/2020\/12\/momo-ymmargune-eelvaade.jpg","contentUrl":"https:\/\/bellfire.ee\/wp-content\/uploads\/2020\/12\/momo-ymmargune-eelvaade.jpg","width":1080,"height":1080},{"@type":"BreadcrumbList","@id":"https:\/\/bellfire.ee\/fi\/olohuone\/rahit\/momo-ottoman\/#breadcrumb","itemListElement":[{"@type":"ListItem","position":1,"name":"Avaleht","item":"https:\/\/bellfire.ee\/fi\/"},{"@type":"ListItem","position":2,"name":"Huonekalut","item":"https:\/\/bellfire.ee\/fi\/huonekalut\/"},{"@type":"ListItem","position":3,"name":"Momo ottoman"}]},{"@type":"WebSite","@id":"https:\/\/bellfire.ee\/fi\/#website","url":"https:\/\/bellfire.ee\/fi\/","name":"Bellfire","description":"Disainm\u00f6\u00f6bel Sinu koju Eesti pehme m\u00f6\u00f6bli tootjal","publisher":{"@id":"https:\/\/bellfire.ee\/fi\/#organization"},"potentialAction":[{"@type":"SearchAction","target":{"@type":"EntryPoint","urlTemplate":"https:\/\/bellfire.ee\/fi\/?s={search_term_string}"},"query-input":{"@type":"PropertyValueSpecification","valueRequired":true,"valueName":"search_term_string"}}],"inLanguage":"fi"},{"@type":"Organization","@id":"https:\/\/bellfire.ee\/fi\/#organization","name":"Bellfire","url":"https:\/\/bellfire.ee\/fi\/","logo":{"@type":"ImageObject","inLanguage":"fi","@id":"https:\/\/bellfire.ee\/fi\/#\/schema\/logo\/image\/","url":"https:\/\/bellfire.ee\/wp-content\/uploads\/2024\/10\/Site-logo.svg","contentUrl":"https:\/\/bellfire.ee\/wp-content\/uploads\/2024\/10\/Site-logo.svg","width":55,"height":64,"caption":"Bellfire"},"image":{"@id":"https:\/\/bellfire.ee\/fi\/#\/schema\/logo\/image\/"}}]}},"_links":{"self":[{"href":"https:\/\/bellfire.ee\/fi\/wp-json\/wp\/v2\/product\/53423","targetHints":{"allow":["GET"]}}],"collection":[{"href":"https:\/\/bellfire.ee\/fi\/wp-json\/wp\/v2\/product"}],"about":[{"href":"https:\/\/bellfire.ee\/fi\/wp-json\/wp\/v2\/types\/product"}],"wp:featuredmedia":[{"embeddable":true,"href":"https:\/\/bellfire.ee\/fi\/wp-json\/wp\/v2\/media\/60473"}],"wp:attachment":[{"href":"https:\/\/bellfire.ee\/fi\/wp-json\/wp\/v2\/media?parent=53423"}],"wp:term":[{"taxonomy":"wpc-attribute-group","embeddable":true,"href":"https:\/\/bellfire.ee\/fi\/wp-json\/wp\/v2\/wpc-attribute-group?post=53423"},{"taxonomy":"product_brand","embeddable":true,"href":"https:\/\/bellfire.ee\/fi\/wp-json\/wp\/v2\/product_brand?post=53423"},{"taxonomy":"product_cat","embeddable":true,"href":"https:\/\/bellfire.ee\/fi\/wp-json\/wp\/v2\/product_cat?post=53423"},{"taxonomy":"product_tag","embeddable":true,"href":"https:\/\/bellfire.ee\/fi\/wp-json\/wp\/v2\/product_tag?post=53423"}],"curies":[{"name":"wp","href":"https:\/\/api.w.org\/{rel}","templated":true}]}}