{"id":53400,"date":"2021-03-31T09:03:48","date_gmt":"2021-03-31T09:03:48","guid":{"rendered":"https:\/\/bellfire.ee\/Ei-luokiteltu\/ateena-rahin\/"},"modified":"2021-03-31T09:03:48","modified_gmt":"2021-03-31T09:03:48","slug":"ateena-rahin","status":"publish","type":"product","link":"https:\/\/bellfire.ee\/fi\/olohuone\/rahit\/ateena-rahin\/","title":{"rendered":"Ateena rahin"},"content":{"rendered":"<p><strong>Ateena rahin<\/strong> kulmikas muoto antaa sille hieman j\u00e4m\u00e4k\u00e4n ulkon\u00e4\u00f6n, mutta se yll\u00e4tt\u00e4\u00e4 pehmeydell\u00e4\u00e4n ja mukavuudellaan. Tyylik\u00e4s valinta mihin tahansa moderniin kotiin tai toimistoon. Ateena rahia tukevat korkeat (19 cm) ja kest\u00e4v\u00e4t mustat metallijalat.<\/p>\n<p>Koko kangasvalikoima on n\u00e4ht\u00e4vill\u00e4 n\u00e4yttelytilassamme osoitteessa Riia 142, Tartto.<\/p>\n<p>Huomioithan, ett\u00e4 todellinen v\u00e4ri voi poiketa n\u00e4yt\u00f6ll\u00e4 n\u00e4kyv\u00e4st\u00e4. Suosittelemme v\u00e4rien tarkistamista n\u00e4yttelytilassamme.<\/p>\n","protected":false},"excerpt":{"rendered":"<p><strong>Ateena rahin<\/strong> kulmikas muoto antaa sille hieman j\u00e4m\u00e4k\u00e4n ulkon\u00e4\u00f6n, mutta se yll\u00e4tt\u00e4\u00e4 pehmeydell\u00e4\u00e4n ja mukavuudellaan. Tyylik\u00e4s valinta mihin tahansa moderniin kotiin tai toimistoon. Ateena rahia tukevat korkeat (19 cm) ja kest\u00e4v\u00e4t mustat metallijalat.<\/p>\n<p>Koko kangasvalikoima on n\u00e4ht\u00e4vill\u00e4 n\u00e4yttelytilassamme osoitteessa Riia 142, Tartto.<\/p>\n<p>Huomioithan, ett\u00e4 todellinen v\u00e4ri voi poiketa n\u00e4yt\u00f6ll\u00e4 n\u00e4kyv\u00e4st\u00e4. Suosittelemme v\u00e4rien tarkistamista n\u00e4yttelytilassamme.<\/p>\n","protected":false},"featured_media":33407,"template":"","meta":{"_acf_changed":false},"wpc-attribute-group":[],"product_brand":[],"product_cat":[2242],"product_tag":[],"class_list":{"0":"post-53400","1":"product","2":"type-product","3":"status-publish","4":"has-post-thumbnail","6":"product_cat-rahit","7":"pa_e-poe-kangavalik-kentucky-1-fi","8":"pa_e-poe-kangavalik-kentucky-15-fi","9":"pa_e-poe-kangavalik-kentucky-9-fi","10":"pa_e-poe-kangavalik-monolith-37-fi","11":"pa_e-poe-kangavalik-monolith-61-fi","12":"pa_e-poe-kangavalik-monolith-97-fi","14":"first","15":"instock","16":"taxable","17":"shipping-taxable","18":"purchasable","19":"product-type-variable","20":"add-to-wishlist-after_add_to_cart"},"acf":[],"yoast_head":"<!-- This site is optimized with the Yoast SEO plugin v26.1 - https:\/\/yoast.com\/wordpress\/plugins\/seo\/ -->\n<title>Ateena rahin - Bellfire<\/title>\n<meta name=\"robots\" content=\"index, follow, max-snippet:-1, max-image-preview:large, max-video-preview:-1\" \/>\n<link rel=\"canonical\" href=\"https:\/\/bellfire.ee\/fi\/olohuone\/rahit\/ateena-rahin\/\" \/>\n<meta property=\"og:locale\" content=\"fi_FI\" \/>\n<meta property=\"og:type\" content=\"article\" \/>\n<meta property=\"og:title\" content=\"Ateena rahin - Bellfire\" \/>\n<meta property=\"og:description\" content=\"Ateena rahin kulmikas muoto antaa sille hieman j\u00e4m\u00e4k\u00e4n ulkon\u00e4\u00f6n, mutta se yll\u00e4tt\u00e4\u00e4 pehmeydell\u00e4\u00e4n ja mukavuudellaan. Tyylik\u00e4s valinta mihin tahansa moderniin kotiin tai toimistoon. Ateena rahia tukevat korkeat (19 cm) ja kest\u00e4v\u00e4t mustat metallijalat.  Koko kangasvalikoima on n\u00e4ht\u00e4vill\u00e4 n\u00e4yttelytilassamme osoitteessa Riia 142, Tartto.  Huomioithan, ett\u00e4 todellinen v\u00e4ri voi poiketa n\u00e4yt\u00f6ll\u00e4 n\u00e4kyv\u00e4st\u00e4. Suosittelemme v\u00e4rien tarkistamista n\u00e4yttelytilassamme.\" \/>\n<meta property=\"og:url\" content=\"https:\/\/bellfire.ee\/fi\/olohuone\/rahit\/ateena-rahin\/\" \/>\n<meta property=\"og:site_name\" content=\"Bellfire\" \/>\n<meta property=\"og:image\" content=\"https:\/\/bellfire.ee\/wp-content\/uploads\/2024\/10\/Ateena_ottoman-kentucky-9.jpg\" \/>\n\t<meta property=\"og:image:width\" content=\"1920\" \/>\n\t<meta property=\"og:image:height\" content=\"1080\" \/>\n\t<meta property=\"og:image:type\" content=\"image\/jpeg\" \/>\n<meta name=\"twitter:card\" content=\"summary_large_image\" \/>\n<script type=\"application\/ld+json\" class=\"yoast-schema-graph\">{\"@context\":\"https:\/\/schema.org\",\"@graph\":[{\"@type\":\"WebPage\",\"@id\":\"https:\/\/bellfire.ee\/fi\/olohuone\/rahit\/ateena-rahin\/\",\"url\":\"https:\/\/bellfire.ee\/fi\/olohuone\/rahit\/ateena-rahin\/\",\"name\":\"Ateena rahin - Bellfire\",\"isPartOf\":{\"@id\":\"https:\/\/bellfire.ee\/fi\/#website\"},\"primaryImageOfPage\":{\"@id\":\"https:\/\/bellfire.ee\/fi\/olohuone\/rahit\/ateena-rahin\/#primaryimage\"},\"image\":{\"@id\":\"https:\/\/bellfire.ee\/fi\/olohuone\/rahit\/ateena-rahin\/#primaryimage\"},\"thumbnailUrl\":\"https:\/\/bellfire.ee\/wp-content\/uploads\/2024\/10\/Ateena_ottoman-kentucky-9.jpg\",\"datePublished\":\"2021-03-31T09:03:48+00:00\",\"breadcrumb\":{\"@id\":\"https:\/\/bellfire.ee\/fi\/olohuone\/rahit\/ateena-rahin\/#breadcrumb\"},\"inLanguage\":\"fi\",\"potentialAction\":[{\"@type\":\"ReadAction\",\"target\":[\"https:\/\/bellfire.ee\/fi\/olohuone\/rahit\/ateena-rahin\/\"]}]},{\"@type\":\"ImageObject\",\"inLanguage\":\"fi\",\"@id\":\"https:\/\/bellfire.ee\/fi\/olohuone\/rahit\/ateena-rahin\/#primaryimage\",\"url\":\"https:\/\/bellfire.ee\/wp-content\/uploads\/2024\/10\/Ateena_ottoman-kentucky-9.jpg\",\"contentUrl\":\"https:\/\/bellfire.ee\/wp-content\/uploads\/2024\/10\/Ateena_ottoman-kentucky-9.jpg\",\"width\":1920,\"height\":1080},{\"@type\":\"BreadcrumbList\",\"@id\":\"https:\/\/bellfire.ee\/fi\/olohuone\/rahit\/ateena-rahin\/#breadcrumb\",\"itemListElement\":[{\"@type\":\"ListItem\",\"position\":1,\"name\":\"Avaleht\",\"item\":\"https:\/\/bellfire.ee\/fi\/\"},{\"@type\":\"ListItem\",\"position\":2,\"name\":\"Huonekalut\",\"item\":\"https:\/\/bellfire.ee\/fi\/huonekalut\/\"},{\"@type\":\"ListItem\",\"position\":3,\"name\":\"Ateena rahin\"}]},{\"@type\":\"WebSite\",\"@id\":\"https:\/\/bellfire.ee\/fi\/#website\",\"url\":\"https:\/\/bellfire.ee\/fi\/\",\"name\":\"Bellfire\",\"description\":\"Disainm\u00f6\u00f6bel Sinu koju Eesti pehme m\u00f6\u00f6bli tootjal\",\"publisher\":{\"@id\":\"https:\/\/bellfire.ee\/fi\/#organization\"},\"potentialAction\":[{\"@type\":\"SearchAction\",\"target\":{\"@type\":\"EntryPoint\",\"urlTemplate\":\"https:\/\/bellfire.ee\/fi\/?s={search_term_string}\"},\"query-input\":{\"@type\":\"PropertyValueSpecification\",\"valueRequired\":true,\"valueName\":\"search_term_string\"}}],\"inLanguage\":\"fi\"},{\"@type\":\"Organization\",\"@id\":\"https:\/\/bellfire.ee\/fi\/#organization\",\"name\":\"Bellfire\",\"url\":\"https:\/\/bellfire.ee\/fi\/\",\"logo\":{\"@type\":\"ImageObject\",\"inLanguage\":\"fi\",\"@id\":\"https:\/\/bellfire.ee\/fi\/#\/schema\/logo\/image\/\",\"url\":\"https:\/\/bellfire.ee\/wp-content\/uploads\/2024\/10\/Site-logo.svg\",\"contentUrl\":\"https:\/\/bellfire.ee\/wp-content\/uploads\/2024\/10\/Site-logo.svg\",\"width\":55,\"height\":64,\"caption\":\"Bellfire\"},\"image\":{\"@id\":\"https:\/\/bellfire.ee\/fi\/#\/schema\/logo\/image\/\"}}]}<\/script>\n<!-- \/ Yoast SEO plugin. -->","yoast_head_json":{"title":"Ateena rahin - Bellfire","robots":{"index":"index","follow":"follow","max-snippet":"max-snippet:-1","max-image-preview":"max-image-preview:large","max-video-preview":"max-video-preview:-1"},"canonical":"https:\/\/bellfire.ee\/fi\/olohuone\/rahit\/ateena-rahin\/","og_locale":"fi_FI","og_type":"article","og_title":"Ateena rahin - Bellfire","og_description":"Ateena rahin kulmikas muoto antaa sille hieman j\u00e4m\u00e4k\u00e4n ulkon\u00e4\u00f6n, mutta se yll\u00e4tt\u00e4\u00e4 pehmeydell\u00e4\u00e4n ja mukavuudellaan. Tyylik\u00e4s valinta mihin tahansa moderniin kotiin tai toimistoon. Ateena rahia tukevat korkeat (19 cm) ja kest\u00e4v\u00e4t mustat metallijalat.  Koko kangasvalikoima on n\u00e4ht\u00e4vill\u00e4 n\u00e4yttelytilassamme osoitteessa Riia 142, Tartto.  Huomioithan, ett\u00e4 todellinen v\u00e4ri voi poiketa n\u00e4yt\u00f6ll\u00e4 n\u00e4kyv\u00e4st\u00e4. Suosittelemme v\u00e4rien tarkistamista n\u00e4yttelytilassamme.","og_url":"https:\/\/bellfire.ee\/fi\/olohuone\/rahit\/ateena-rahin\/","og_site_name":"Bellfire","og_image":[{"width":1920,"height":1080,"url":"https:\/\/bellfire.ee\/wp-content\/uploads\/2024\/10\/Ateena_ottoman-kentucky-9.jpg","type":"image\/jpeg"}],"twitter_card":"summary_large_image","schema":{"@context":"https:\/\/schema.org","@graph":[{"@type":"WebPage","@id":"https:\/\/bellfire.ee\/fi\/olohuone\/rahit\/ateena-rahin\/","url":"https:\/\/bellfire.ee\/fi\/olohuone\/rahit\/ateena-rahin\/","name":"Ateena rahin - Bellfire","isPartOf":{"@id":"https:\/\/bellfire.ee\/fi\/#website"},"primaryImageOfPage":{"@id":"https:\/\/bellfire.ee\/fi\/olohuone\/rahit\/ateena-rahin\/#primaryimage"},"image":{"@id":"https:\/\/bellfire.ee\/fi\/olohuone\/rahit\/ateena-rahin\/#primaryimage"},"thumbnailUrl":"https:\/\/bellfire.ee\/wp-content\/uploads\/2024\/10\/Ateena_ottoman-kentucky-9.jpg","datePublished":"2021-03-31T09:03:48+00:00","breadcrumb":{"@id":"https:\/\/bellfire.ee\/fi\/olohuone\/rahit\/ateena-rahin\/#breadcrumb"},"inLanguage":"fi","potentialAction":[{"@type":"ReadAction","target":["https:\/\/bellfire.ee\/fi\/olohuone\/rahit\/ateena-rahin\/"]}]},{"@type":"ImageObject","inLanguage":"fi","@id":"https:\/\/bellfire.ee\/fi\/olohuone\/rahit\/ateena-rahin\/#primaryimage","url":"https:\/\/bellfire.ee\/wp-content\/uploads\/2024\/10\/Ateena_ottoman-kentucky-9.jpg","contentUrl":"https:\/\/bellfire.ee\/wp-content\/uploads\/2024\/10\/Ateena_ottoman-kentucky-9.jpg","width":1920,"height":1080},{"@type":"BreadcrumbList","@id":"https:\/\/bellfire.ee\/fi\/olohuone\/rahit\/ateena-rahin\/#breadcrumb","itemListElement":[{"@type":"ListItem","position":1,"name":"Avaleht","item":"https:\/\/bellfire.ee\/fi\/"},{"@type":"ListItem","position":2,"name":"Huonekalut","item":"https:\/\/bellfire.ee\/fi\/huonekalut\/"},{"@type":"ListItem","position":3,"name":"Ateena rahin"}]},{"@type":"WebSite","@id":"https:\/\/bellfire.ee\/fi\/#website","url":"https:\/\/bellfire.ee\/fi\/","name":"Bellfire","description":"Disainm\u00f6\u00f6bel Sinu koju Eesti pehme m\u00f6\u00f6bli tootjal","publisher":{"@id":"https:\/\/bellfire.ee\/fi\/#organization"},"potentialAction":[{"@type":"SearchAction","target":{"@type":"EntryPoint","urlTemplate":"https:\/\/bellfire.ee\/fi\/?s={search_term_string}"},"query-input":{"@type":"PropertyValueSpecification","valueRequired":true,"valueName":"search_term_string"}}],"inLanguage":"fi"},{"@type":"Organization","@id":"https:\/\/bellfire.ee\/fi\/#organization","name":"Bellfire","url":"https:\/\/bellfire.ee\/fi\/","logo":{"@type":"ImageObject","inLanguage":"fi","@id":"https:\/\/bellfire.ee\/fi\/#\/schema\/logo\/image\/","url":"https:\/\/bellfire.ee\/wp-content\/uploads\/2024\/10\/Site-logo.svg","contentUrl":"https:\/\/bellfire.ee\/wp-content\/uploads\/2024\/10\/Site-logo.svg","width":55,"height":64,"caption":"Bellfire"},"image":{"@id":"https:\/\/bellfire.ee\/fi\/#\/schema\/logo\/image\/"}}]}},"_links":{"self":[{"href":"https:\/\/bellfire.ee\/fi\/wp-json\/wp\/v2\/product\/53400","targetHints":{"allow":["GET"]}}],"collection":[{"href":"https:\/\/bellfire.ee\/fi\/wp-json\/wp\/v2\/product"}],"about":[{"href":"https:\/\/bellfire.ee\/fi\/wp-json\/wp\/v2\/types\/product"}],"wp:featuredmedia":[{"embeddable":true,"href":"https:\/\/bellfire.ee\/fi\/wp-json\/wp\/v2\/media\/33407"}],"wp:attachment":[{"href":"https:\/\/bellfire.ee\/fi\/wp-json\/wp\/v2\/media?parent=53400"}],"wp:term":[{"taxonomy":"wpc-attribute-group","embeddable":true,"href":"https:\/\/bellfire.ee\/fi\/wp-json\/wp\/v2\/wpc-attribute-group?post=53400"},{"taxonomy":"product_brand","embeddable":true,"href":"https:\/\/bellfire.ee\/fi\/wp-json\/wp\/v2\/product_brand?post=53400"},{"taxonomy":"product_cat","embeddable":true,"href":"https:\/\/bellfire.ee\/fi\/wp-json\/wp\/v2\/product_cat?post=53400"},{"taxonomy":"product_tag","embeddable":true,"href":"https:\/\/bellfire.ee\/fi\/wp-json\/wp\/v2\/product_tag?post=53400"}],"curies":[{"name":"wp","href":"https:\/\/api.w.org\/{rel}","templated":true}]}}