{"id":53342,"date":"2021-05-14T12:29:49","date_gmt":"2021-05-14T12:29:49","guid":{"rendered":"https:\/\/bellfire.ee\/Ei-luokiteltu\/saana\/"},"modified":"2021-05-14T12:29:49","modified_gmt":"2021-05-14T12:29:49","slug":"saana","status":"publish","type":"product","link":"https:\/\/bellfire.ee\/fi\/olohuone\/sohvat\/saana\/","title":{"rendered":"Saana"},"content":{"rendered":"<p>Kuin auringons\u00e4de kastepisaralla, <strong>Saana-sohva<\/strong> h\u00e4mm\u00e4stytt\u00e4\u00e4 klassisen selkeill\u00e4 linjoillaan, jotka tekev\u00e4t siit\u00e4 yht\u00e4 aikaa kauniin ja kiehtovan. Sen j\u00e4m\u00e4k\u00e4t ja kulmikkaat muodot sulautuvat t\u00e4ydellisesti h\u00f6yhenenpehmeisiin polyuretaanivaahtotyynyihin, jotka odottavat syleilyyns\u00e4 v\u00e4synytt\u00e4 kehoa. Koristetyynyt tasapainottavat sohvan selkeit\u00e4 linjoja ja lis\u00e4\u00e4v\u00e4t rentoutumishetkiin viel\u00e4 enemm\u00e4n mukavuutta.<\/p>\n<p>Voit valita kahdesta eri koosta:<\/p>\n<ul>\n<li><strong>Kahden istuttava<\/strong> (165 cm)<\/li>\n<li><strong>Kolmen istuttava<\/strong> (198 cm)<\/li>\n<\/ul>\n<p><strong>Saana-sohvan runko<\/strong> on valmistettu korkealaatuisesta koivuvanerista ja massiivipuusta. Kapeat k\u00e4sinojat ja korkeat jalat tuovat sohvalle eleganttia keveytt\u00e4.<\/p>\n<p>Voit tutustua koko kangasvalikoimaan n\u00e4yttelytilassamme osoitteessa Riia 142, Tartto.<\/p>\n<p>Huomioithan, ett\u00e4 v\u00e4rit voivat poiketa n\u00e4yt\u00f6ll\u00e4 n\u00e4kyv\u00e4st\u00e4. Suosittelemme tarkistamaan v\u00e4rit n\u00e4yttelytilassamme.<\/p>\n","protected":false},"excerpt":{"rendered":"<p>Kuin auringons\u00e4de kastepisaralla, <strong>Saana-sohva<\/strong> h\u00e4mm\u00e4stytt\u00e4\u00e4 klassisen selkeill\u00e4 linjoillaan, jotka tekev\u00e4t siit\u00e4 yht\u00e4 aikaa kauniin ja kiehtovan. Sen j\u00e4m\u00e4k\u00e4t ja kulmikkaat muodot sulautuvat t\u00e4ydellisesti h\u00f6yhenenpehmeisiin polyuretaanivaahtotyynyihin, jotka odottavat syleilyyns\u00e4 v\u00e4synytt\u00e4 kehoa. Koristetyynyt tasapainottavat sohvan selkeit\u00e4 linjoja ja lis\u00e4\u00e4v\u00e4t rentoutumishetkiin viel\u00e4 enemm\u00e4n mukavuutta.<\/p>\n<p>Voit valita kahdesta eri koosta:<\/p>\n<ul>\n<li><strong>Kahden istuttava<\/strong> (165 cm)<\/li>\n<li><strong>Kolmen istuttava<\/strong> (198 cm)<\/li>\n<\/ul>\n<p><strong>Saana-sohvan runko<\/strong> on valmistettu korkealaatuisesta koivuvanerista ja massiivipuusta. Kapeat k\u00e4sinojat ja korkeat jalat tuovat sohvalle eleganttia keveytt\u00e4.<\/p>\n<p>Voit tutustua koko kangasvalikoimaan n\u00e4yttelytilassamme osoitteessa Riia 142, Tartto.<\/p>\n<p>Huomioithan, ett\u00e4 v\u00e4rit voivat poiketa n\u00e4yt\u00f6ll\u00e4 n\u00e4kyv\u00e4st\u00e4. Suosittelemme tarkistamaan v\u00e4rit n\u00e4yttelytilassamme.<\/p>\n","protected":false},"featured_media":43586,"template":"","meta":{"_acf_changed":false},"wpc-attribute-group":[],"product_brand":[],"product_cat":[2233,2235],"product_tag":[],"class_list":{"0":"post-53342","1":"product","2":"type-product","3":"status-publish","4":"has-post-thumbnail","6":"product_cat-olohuone","7":"product_cat-sohvat","8":"pa_e-poe-kangavalik-primo-16-fi","9":"pa_e-poe-kangavalik-primo-52-fi","10":"pa_e-poe-kangavalik-primo-84-fi","11":"pa_e-poe-kangavalik-primo-96-fi","12":"pa_e-poe-kangavalik-rocco-300-dark-grey-fi","14":"first","15":"instock","16":"taxable","17":"shipping-taxable","18":"purchasable","19":"product-type-variable","20":"add-to-wishlist-after_add_to_cart"},"acf":[],"yoast_head":"<!-- This site is optimized with the Yoast SEO plugin v26.1 - https:\/\/yoast.com\/wordpress\/plugins\/seo\/ -->\n<title>Saana - Bellfire<\/title>\n<meta name=\"robots\" content=\"index, follow, max-snippet:-1, max-image-preview:large, max-video-preview:-1\" \/>\n<link rel=\"canonical\" href=\"https:\/\/bellfire.ee\/fi\/olohuone\/sohvat\/saana\/\" \/>\n<meta property=\"og:locale\" content=\"fi_FI\" \/>\n<meta property=\"og:type\" content=\"article\" \/>\n<meta property=\"og:title\" content=\"Saana - Bellfire\" \/>\n<meta property=\"og:description\" content=\"Kuin auringons\u00e4de kastepisaralla, Saana-sohva h\u00e4mm\u00e4stytt\u00e4\u00e4 klassisen selkeill\u00e4 linjoillaan, jotka tekev\u00e4t siit\u00e4 yht\u00e4 aikaa kauniin ja kiehtovan. Sen j\u00e4m\u00e4k\u00e4t ja kulmikkaat muodot sulautuvat t\u00e4ydellisesti h\u00f6yhenenpehmeisiin polyuretaanivaahtotyynyihin, jotka odottavat syleilyyns\u00e4 v\u00e4synytt\u00e4 kehoa. Koristetyynyt tasapainottavat sohvan selkeit\u00e4 linjoja ja lis\u00e4\u00e4v\u00e4t rentoutumishetkiin viel\u00e4 enemm\u00e4n mukavuutta.  Voit valita kahdesta eri koosta:   Kahden istuttava (165 cm)  Kolmen istuttava (198 cm)  Saana-sohvan runko on valmistettu korkealaatuisesta koivuvanerista ja massiivipuusta. Kapeat k\u00e4sinojat ja korkeat jalat tuovat sohvalle eleganttia keveytt\u00e4.  Voit tutustua koko kangasvalikoimaan n\u00e4yttelytilassamme osoitteessa Riia 142, Tartto.  Huomioithan, ett\u00e4 v\u00e4rit voivat poiketa n\u00e4yt\u00f6ll\u00e4 n\u00e4kyv\u00e4st\u00e4. Suosittelemme tarkistamaan v\u00e4rit n\u00e4yttelytilassamme.\" \/>\n<meta property=\"og:url\" content=\"https:\/\/bellfire.ee\/fi\/olohuone\/sohvat\/saana\/\" \/>\n<meta property=\"og:site_name\" content=\"Bellfire\" \/>\n<meta property=\"og:image\" content=\"https:\/\/bellfire.ee\/wp-content\/uploads\/2024\/10\/Saana-3-product-image.jpg\" \/>\n\t<meta property=\"og:image:width\" content=\"1920\" \/>\n\t<meta property=\"og:image:height\" content=\"1080\" \/>\n\t<meta property=\"og:image:type\" content=\"image\/jpeg\" \/>\n<meta name=\"twitter:card\" content=\"summary_large_image\" \/>\n<meta name=\"twitter:label1\" content=\"Arvioitu lukuaika\" \/>\n\t<meta name=\"twitter:data1\" content=\"1 minuutti\" \/>\n<script type=\"application\/ld+json\" class=\"yoast-schema-graph\">{\"@context\":\"https:\/\/schema.org\",\"@graph\":[{\"@type\":\"WebPage\",\"@id\":\"https:\/\/bellfire.ee\/fi\/olohuone\/sohvat\/saana\/\",\"url\":\"https:\/\/bellfire.ee\/fi\/olohuone\/sohvat\/saana\/\",\"name\":\"Saana - Bellfire\",\"isPartOf\":{\"@id\":\"https:\/\/bellfire.ee\/fi\/#website\"},\"primaryImageOfPage\":{\"@id\":\"https:\/\/bellfire.ee\/fi\/olohuone\/sohvat\/saana\/#primaryimage\"},\"image\":{\"@id\":\"https:\/\/bellfire.ee\/fi\/olohuone\/sohvat\/saana\/#primaryimage\"},\"thumbnailUrl\":\"https:\/\/bellfire.ee\/wp-content\/uploads\/2024\/10\/Saana-3-product-image.jpg\",\"datePublished\":\"2021-05-14T12:29:49+00:00\",\"breadcrumb\":{\"@id\":\"https:\/\/bellfire.ee\/fi\/olohuone\/sohvat\/saana\/#breadcrumb\"},\"inLanguage\":\"fi\",\"potentialAction\":[{\"@type\":\"ReadAction\",\"target\":[\"https:\/\/bellfire.ee\/fi\/olohuone\/sohvat\/saana\/\"]}]},{\"@type\":\"ImageObject\",\"inLanguage\":\"fi\",\"@id\":\"https:\/\/bellfire.ee\/fi\/olohuone\/sohvat\/saana\/#primaryimage\",\"url\":\"https:\/\/bellfire.ee\/wp-content\/uploads\/2024\/10\/Saana-3-product-image.jpg\",\"contentUrl\":\"https:\/\/bellfire.ee\/wp-content\/uploads\/2024\/10\/Saana-3-product-image.jpg\",\"width\":1920,\"height\":1080},{\"@type\":\"BreadcrumbList\",\"@id\":\"https:\/\/bellfire.ee\/fi\/olohuone\/sohvat\/saana\/#breadcrumb\",\"itemListElement\":[{\"@type\":\"ListItem\",\"position\":1,\"name\":\"Avaleht\",\"item\":\"https:\/\/bellfire.ee\/fi\/\"},{\"@type\":\"ListItem\",\"position\":2,\"name\":\"Huonekalut\",\"item\":\"https:\/\/bellfire.ee\/fi\/huonekalut\/\"},{\"@type\":\"ListItem\",\"position\":3,\"name\":\"Saana\"}]},{\"@type\":\"WebSite\",\"@id\":\"https:\/\/bellfire.ee\/fi\/#website\",\"url\":\"https:\/\/bellfire.ee\/fi\/\",\"name\":\"Bellfire\",\"description\":\"Disainm\u00f6\u00f6bel Sinu koju Eesti pehme m\u00f6\u00f6bli tootjal\",\"publisher\":{\"@id\":\"https:\/\/bellfire.ee\/fi\/#organization\"},\"potentialAction\":[{\"@type\":\"SearchAction\",\"target\":{\"@type\":\"EntryPoint\",\"urlTemplate\":\"https:\/\/bellfire.ee\/fi\/?s={search_term_string}\"},\"query-input\":{\"@type\":\"PropertyValueSpecification\",\"valueRequired\":true,\"valueName\":\"search_term_string\"}}],\"inLanguage\":\"fi\"},{\"@type\":\"Organization\",\"@id\":\"https:\/\/bellfire.ee\/fi\/#organization\",\"name\":\"Bellfire\",\"url\":\"https:\/\/bellfire.ee\/fi\/\",\"logo\":{\"@type\":\"ImageObject\",\"inLanguage\":\"fi\",\"@id\":\"https:\/\/bellfire.ee\/fi\/#\/schema\/logo\/image\/\",\"url\":\"https:\/\/bellfire.ee\/wp-content\/uploads\/2024\/10\/Site-logo.svg\",\"contentUrl\":\"https:\/\/bellfire.ee\/wp-content\/uploads\/2024\/10\/Site-logo.svg\",\"width\":55,\"height\":64,\"caption\":\"Bellfire\"},\"image\":{\"@id\":\"https:\/\/bellfire.ee\/fi\/#\/schema\/logo\/image\/\"}}]}<\/script>\n<!-- \/ Yoast SEO plugin. -->","yoast_head_json":{"title":"Saana - Bellfire","robots":{"index":"index","follow":"follow","max-snippet":"max-snippet:-1","max-image-preview":"max-image-preview:large","max-video-preview":"max-video-preview:-1"},"canonical":"https:\/\/bellfire.ee\/fi\/olohuone\/sohvat\/saana\/","og_locale":"fi_FI","og_type":"article","og_title":"Saana - Bellfire","og_description":"Kuin auringons\u00e4de kastepisaralla, Saana-sohva h\u00e4mm\u00e4stytt\u00e4\u00e4 klassisen selkeill\u00e4 linjoillaan, jotka tekev\u00e4t siit\u00e4 yht\u00e4 aikaa kauniin ja kiehtovan. Sen j\u00e4m\u00e4k\u00e4t ja kulmikkaat muodot sulautuvat t\u00e4ydellisesti h\u00f6yhenenpehmeisiin polyuretaanivaahtotyynyihin, jotka odottavat syleilyyns\u00e4 v\u00e4synytt\u00e4 kehoa. Koristetyynyt tasapainottavat sohvan selkeit\u00e4 linjoja ja lis\u00e4\u00e4v\u00e4t rentoutumishetkiin viel\u00e4 enemm\u00e4n mukavuutta.  Voit valita kahdesta eri koosta:   Kahden istuttava (165 cm)  Kolmen istuttava (198 cm)  Saana-sohvan runko on valmistettu korkealaatuisesta koivuvanerista ja massiivipuusta. Kapeat k\u00e4sinojat ja korkeat jalat tuovat sohvalle eleganttia keveytt\u00e4.  Voit tutustua koko kangasvalikoimaan n\u00e4yttelytilassamme osoitteessa Riia 142, Tartto.  Huomioithan, ett\u00e4 v\u00e4rit voivat poiketa n\u00e4yt\u00f6ll\u00e4 n\u00e4kyv\u00e4st\u00e4. Suosittelemme tarkistamaan v\u00e4rit n\u00e4yttelytilassamme.","og_url":"https:\/\/bellfire.ee\/fi\/olohuone\/sohvat\/saana\/","og_site_name":"Bellfire","og_image":[{"width":1920,"height":1080,"url":"https:\/\/bellfire.ee\/wp-content\/uploads\/2024\/10\/Saana-3-product-image.jpg","type":"image\/jpeg"}],"twitter_card":"summary_large_image","twitter_misc":{"Arvioitu lukuaika":"1 minuutti"},"schema":{"@context":"https:\/\/schema.org","@graph":[{"@type":"WebPage","@id":"https:\/\/bellfire.ee\/fi\/olohuone\/sohvat\/saana\/","url":"https:\/\/bellfire.ee\/fi\/olohuone\/sohvat\/saana\/","name":"Saana - Bellfire","isPartOf":{"@id":"https:\/\/bellfire.ee\/fi\/#website"},"primaryImageOfPage":{"@id":"https:\/\/bellfire.ee\/fi\/olohuone\/sohvat\/saana\/#primaryimage"},"image":{"@id":"https:\/\/bellfire.ee\/fi\/olohuone\/sohvat\/saana\/#primaryimage"},"thumbnailUrl":"https:\/\/bellfire.ee\/wp-content\/uploads\/2024\/10\/Saana-3-product-image.jpg","datePublished":"2021-05-14T12:29:49+00:00","breadcrumb":{"@id":"https:\/\/bellfire.ee\/fi\/olohuone\/sohvat\/saana\/#breadcrumb"},"inLanguage":"fi","potentialAction":[{"@type":"ReadAction","target":["https:\/\/bellfire.ee\/fi\/olohuone\/sohvat\/saana\/"]}]},{"@type":"ImageObject","inLanguage":"fi","@id":"https:\/\/bellfire.ee\/fi\/olohuone\/sohvat\/saana\/#primaryimage","url":"https:\/\/bellfire.ee\/wp-content\/uploads\/2024\/10\/Saana-3-product-image.jpg","contentUrl":"https:\/\/bellfire.ee\/wp-content\/uploads\/2024\/10\/Saana-3-product-image.jpg","width":1920,"height":1080},{"@type":"BreadcrumbList","@id":"https:\/\/bellfire.ee\/fi\/olohuone\/sohvat\/saana\/#breadcrumb","itemListElement":[{"@type":"ListItem","position":1,"name":"Avaleht","item":"https:\/\/bellfire.ee\/fi\/"},{"@type":"ListItem","position":2,"name":"Huonekalut","item":"https:\/\/bellfire.ee\/fi\/huonekalut\/"},{"@type":"ListItem","position":3,"name":"Saana"}]},{"@type":"WebSite","@id":"https:\/\/bellfire.ee\/fi\/#website","url":"https:\/\/bellfire.ee\/fi\/","name":"Bellfire","description":"Disainm\u00f6\u00f6bel Sinu koju Eesti pehme m\u00f6\u00f6bli tootjal","publisher":{"@id":"https:\/\/bellfire.ee\/fi\/#organization"},"potentialAction":[{"@type":"SearchAction","target":{"@type":"EntryPoint","urlTemplate":"https:\/\/bellfire.ee\/fi\/?s={search_term_string}"},"query-input":{"@type":"PropertyValueSpecification","valueRequired":true,"valueName":"search_term_string"}}],"inLanguage":"fi"},{"@type":"Organization","@id":"https:\/\/bellfire.ee\/fi\/#organization","name":"Bellfire","url":"https:\/\/bellfire.ee\/fi\/","logo":{"@type":"ImageObject","inLanguage":"fi","@id":"https:\/\/bellfire.ee\/fi\/#\/schema\/logo\/image\/","url":"https:\/\/bellfire.ee\/wp-content\/uploads\/2024\/10\/Site-logo.svg","contentUrl":"https:\/\/bellfire.ee\/wp-content\/uploads\/2024\/10\/Site-logo.svg","width":55,"height":64,"caption":"Bellfire"},"image":{"@id":"https:\/\/bellfire.ee\/fi\/#\/schema\/logo\/image\/"}}]}},"_links":{"self":[{"href":"https:\/\/bellfire.ee\/fi\/wp-json\/wp\/v2\/product\/53342","targetHints":{"allow":["GET"]}}],"collection":[{"href":"https:\/\/bellfire.ee\/fi\/wp-json\/wp\/v2\/product"}],"about":[{"href":"https:\/\/bellfire.ee\/fi\/wp-json\/wp\/v2\/types\/product"}],"wp:featuredmedia":[{"embeddable":true,"href":"https:\/\/bellfire.ee\/fi\/wp-json\/wp\/v2\/media\/43586"}],"wp:attachment":[{"href":"https:\/\/bellfire.ee\/fi\/wp-json\/wp\/v2\/media?parent=53342"}],"wp:term":[{"taxonomy":"wpc-attribute-group","embeddable":true,"href":"https:\/\/bellfire.ee\/fi\/wp-json\/wp\/v2\/wpc-attribute-group?post=53342"},{"taxonomy":"product_brand","embeddable":true,"href":"https:\/\/bellfire.ee\/fi\/wp-json\/wp\/v2\/product_brand?post=53342"},{"taxonomy":"product_cat","embeddable":true,"href":"https:\/\/bellfire.ee\/fi\/wp-json\/wp\/v2\/product_cat?post=53342"},{"taxonomy":"product_tag","embeddable":true,"href":"https:\/\/bellfire.ee\/fi\/wp-json\/wp\/v2\/product_tag?post=53342"}],"curies":[{"name":"wp","href":"https:\/\/api.w.org\/{rel}","templated":true}]}}