{"id":53309,"date":"2021-06-10T11:36:22","date_gmt":"2021-06-10T11:36:22","guid":{"rendered":"https:\/\/bellfire.ee\/Ei-luokiteltu\/tofu\/"},"modified":"2021-06-10T11:36:22","modified_gmt":"2021-06-10T11:36:22","slug":"tofu","status":"publish","type":"product","link":"https:\/\/bellfire.ee\/fi\/olohuone\/nojatuolit\/tofu\/","title":{"rendered":"Tofu"},"content":{"rendered":"<p><strong>Tofu<\/strong> nojatuoli on tyylik\u00e4s ja elegantti, joka kutsuu sinut syleilyyns\u00e4! Sen py\u00f6re\u00e4t muodot, ainutlaatuiset jalat ja pehmeys tekev\u00e4t Tofusta todellisen helmen olohuoneeseesi. Nojatuoli on verhoiltu korkealaatuisella ja kest\u00e4v\u00e4ll\u00e4 kankaalla, ja voit valita sadoista kankaista sen, joka sopii parhaiten sinulle. Ota siis lempipeittosi, hyv\u00e4 kirja ja kuppi teet\u00e4, ja nauti Tofu-nojatuolin mukavuudesta tuntikausia.<\/p>\n<p>Koko kangasvalikoima on n\u00e4ht\u00e4vill\u00e4 n\u00e4yttelytilassamme osoitteessa Riia 142, Tartto.<\/p>\n<p>Huomioithan, ett\u00e4 todellinen v\u00e4ri voi poiketa n\u00e4yt\u00f6ll\u00e4 n\u00e4kyv\u00e4st\u00e4. Suosittelemme v\u00e4rien tarkistamista n\u00e4yttelytilassamme.<\/p>\n","protected":false},"excerpt":{"rendered":"<p><strong>Tofu<\/strong> nojatuoli on tyylik\u00e4s ja elegantti, joka kutsuu sinut syleilyyns\u00e4! Sen py\u00f6re\u00e4t muodot, ainutlaatuiset jalat ja pehmeys tekev\u00e4t Tofusta todellisen helmen olohuoneeseesi. Nojatuoli on verhoiltu korkealaatuisella ja kest\u00e4v\u00e4ll\u00e4 kankaalla, ja voit valita sadoista kankaista sen, joka sopii parhaiten sinulle. Ota siis lempipeittosi, hyv\u00e4 kirja ja kuppi teet\u00e4, ja nauti Tofu-nojatuolin mukavuudesta tuntikausia.<\/p>\n<p>Koko kangasvalikoima on n\u00e4ht\u00e4vill\u00e4 n\u00e4yttelytilassamme osoitteessa Riia 142, Tartto.<\/p>\n<p>Huomioithan, ett\u00e4 todellinen v\u00e4ri voi poiketa n\u00e4yt\u00f6ll\u00e4 n\u00e4kyv\u00e4st\u00e4. Suosittelemme v\u00e4rien tarkistamista n\u00e4yttelytilassamme.<\/p>\n","protected":false},"featured_media":50590,"template":"","meta":{"_acf_changed":false},"wpc-attribute-group":[],"product_brand":[],"product_cat":[2237],"product_tag":[],"class_list":{"0":"post-53309","1":"product","2":"type-product","3":"status-publish","4":"has-post-thumbnail","6":"product_cat-nojatuolit","7":"pa_e-poe-kangavalik-poodle-ash-fi","8":"pa_e-poe-kangavalik-poodle-camel-fi","9":"pa_e-poe-kangavalik-poodle-cream-fi","10":"pa_e-poe-kangavalik-poodle-linen-fi","11":"pa_e-poe-kangavalik-savann-fi","13":"first","14":"instock","15":"taxable","16":"shipping-taxable","17":"purchasable","18":"product-type-variable","19":"add-to-wishlist-after_add_to_cart"},"acf":[],"yoast_head":"<!-- This site is optimized with the Yoast SEO plugin v26.1 - https:\/\/yoast.com\/wordpress\/plugins\/seo\/ -->\n<title>Tofu - Bellfire<\/title>\n<meta name=\"robots\" content=\"index, follow, max-snippet:-1, max-image-preview:large, max-video-preview:-1\" \/>\n<link rel=\"canonical\" href=\"https:\/\/bellfire.ee\/fi\/olohuone\/nojatuolit\/tofu\/\" \/>\n<meta property=\"og:locale\" content=\"fi_FI\" \/>\n<meta property=\"og:type\" content=\"article\" \/>\n<meta property=\"og:title\" content=\"Tofu - Bellfire\" \/>\n<meta property=\"og:description\" content=\"Tofu nojatuoli on tyylik\u00e4s ja elegantti, joka kutsuu sinut syleilyyns\u00e4! Sen py\u00f6re\u00e4t muodot, ainutlaatuiset jalat ja pehmeys tekev\u00e4t Tofusta todellisen helmen olohuoneeseesi. Nojatuoli on verhoiltu korkealaatuisella ja kest\u00e4v\u00e4ll\u00e4 kankaalla, ja voit valita sadoista kankaista sen, joka sopii parhaiten sinulle. Ota siis lempipeittosi, hyv\u00e4 kirja ja kuppi teet\u00e4, ja nauti Tofu-nojatuolin mukavuudesta tuntikausia.  Koko kangasvalikoima on n\u00e4ht\u00e4vill\u00e4 n\u00e4yttelytilassamme osoitteessa Riia 142, Tartto.  Huomioithan, ett\u00e4 todellinen v\u00e4ri voi poiketa n\u00e4yt\u00f6ll\u00e4 n\u00e4kyv\u00e4st\u00e4. Suosittelemme v\u00e4rien tarkistamista n\u00e4yttelytilassamme.\" \/>\n<meta property=\"og:url\" content=\"https:\/\/bellfire.ee\/fi\/olohuone\/nojatuolit\/tofu\/\" \/>\n<meta property=\"og:site_name\" content=\"Bellfire\" \/>\n<meta property=\"og:image\" content=\"https:\/\/bellfire.ee\/wp-content\/uploads\/2021\/06\/tofu-ikoon-2.jpg\" \/>\n\t<meta property=\"og:image:width\" content=\"1920\" \/>\n\t<meta property=\"og:image:height\" content=\"1080\" \/>\n\t<meta property=\"og:image:type\" content=\"image\/jpeg\" \/>\n<meta name=\"twitter:card\" content=\"summary_large_image\" \/>\n<script type=\"application\/ld+json\" class=\"yoast-schema-graph\">{\"@context\":\"https:\/\/schema.org\",\"@graph\":[{\"@type\":\"WebPage\",\"@id\":\"https:\/\/bellfire.ee\/fi\/olohuone\/nojatuolit\/tofu\/\",\"url\":\"https:\/\/bellfire.ee\/fi\/olohuone\/nojatuolit\/tofu\/\",\"name\":\"Tofu - Bellfire\",\"isPartOf\":{\"@id\":\"https:\/\/bellfire.ee\/fi\/#website\"},\"primaryImageOfPage\":{\"@id\":\"https:\/\/bellfire.ee\/fi\/olohuone\/nojatuolit\/tofu\/#primaryimage\"},\"image\":{\"@id\":\"https:\/\/bellfire.ee\/fi\/olohuone\/nojatuolit\/tofu\/#primaryimage\"},\"thumbnailUrl\":\"https:\/\/bellfire.ee\/wp-content\/uploads\/2021\/06\/tofu-ikoon-2.jpg\",\"datePublished\":\"2021-06-10T11:36:22+00:00\",\"breadcrumb\":{\"@id\":\"https:\/\/bellfire.ee\/fi\/olohuone\/nojatuolit\/tofu\/#breadcrumb\"},\"inLanguage\":\"fi\",\"potentialAction\":[{\"@type\":\"ReadAction\",\"target\":[\"https:\/\/bellfire.ee\/fi\/olohuone\/nojatuolit\/tofu\/\"]}]},{\"@type\":\"ImageObject\",\"inLanguage\":\"fi\",\"@id\":\"https:\/\/bellfire.ee\/fi\/olohuone\/nojatuolit\/tofu\/#primaryimage\",\"url\":\"https:\/\/bellfire.ee\/wp-content\/uploads\/2021\/06\/tofu-ikoon-2.jpg\",\"contentUrl\":\"https:\/\/bellfire.ee\/wp-content\/uploads\/2021\/06\/tofu-ikoon-2.jpg\",\"width\":1920,\"height\":1080},{\"@type\":\"BreadcrumbList\",\"@id\":\"https:\/\/bellfire.ee\/fi\/olohuone\/nojatuolit\/tofu\/#breadcrumb\",\"itemListElement\":[{\"@type\":\"ListItem\",\"position\":1,\"name\":\"Avaleht\",\"item\":\"https:\/\/bellfire.ee\/fi\/\"},{\"@type\":\"ListItem\",\"position\":2,\"name\":\"Huonekalut\",\"item\":\"https:\/\/bellfire.ee\/fi\/huonekalut\/\"},{\"@type\":\"ListItem\",\"position\":3,\"name\":\"Tofu\"}]},{\"@type\":\"WebSite\",\"@id\":\"https:\/\/bellfire.ee\/fi\/#website\",\"url\":\"https:\/\/bellfire.ee\/fi\/\",\"name\":\"Bellfire\",\"description\":\"Disainm\u00f6\u00f6bel Sinu koju Eesti pehme m\u00f6\u00f6bli tootjal\",\"publisher\":{\"@id\":\"https:\/\/bellfire.ee\/fi\/#organization\"},\"potentialAction\":[{\"@type\":\"SearchAction\",\"target\":{\"@type\":\"EntryPoint\",\"urlTemplate\":\"https:\/\/bellfire.ee\/fi\/?s={search_term_string}\"},\"query-input\":{\"@type\":\"PropertyValueSpecification\",\"valueRequired\":true,\"valueName\":\"search_term_string\"}}],\"inLanguage\":\"fi\"},{\"@type\":\"Organization\",\"@id\":\"https:\/\/bellfire.ee\/fi\/#organization\",\"name\":\"Bellfire\",\"url\":\"https:\/\/bellfire.ee\/fi\/\",\"logo\":{\"@type\":\"ImageObject\",\"inLanguage\":\"fi\",\"@id\":\"https:\/\/bellfire.ee\/fi\/#\/schema\/logo\/image\/\",\"url\":\"https:\/\/bellfire.ee\/wp-content\/uploads\/2024\/10\/Site-logo.svg\",\"contentUrl\":\"https:\/\/bellfire.ee\/wp-content\/uploads\/2024\/10\/Site-logo.svg\",\"width\":55,\"height\":64,\"caption\":\"Bellfire\"},\"image\":{\"@id\":\"https:\/\/bellfire.ee\/fi\/#\/schema\/logo\/image\/\"}}]}<\/script>\n<!-- \/ Yoast SEO plugin. -->","yoast_head_json":{"title":"Tofu - Bellfire","robots":{"index":"index","follow":"follow","max-snippet":"max-snippet:-1","max-image-preview":"max-image-preview:large","max-video-preview":"max-video-preview:-1"},"canonical":"https:\/\/bellfire.ee\/fi\/olohuone\/nojatuolit\/tofu\/","og_locale":"fi_FI","og_type":"article","og_title":"Tofu - Bellfire","og_description":"Tofu nojatuoli on tyylik\u00e4s ja elegantti, joka kutsuu sinut syleilyyns\u00e4! Sen py\u00f6re\u00e4t muodot, ainutlaatuiset jalat ja pehmeys tekev\u00e4t Tofusta todellisen helmen olohuoneeseesi. Nojatuoli on verhoiltu korkealaatuisella ja kest\u00e4v\u00e4ll\u00e4 kankaalla, ja voit valita sadoista kankaista sen, joka sopii parhaiten sinulle. Ota siis lempipeittosi, hyv\u00e4 kirja ja kuppi teet\u00e4, ja nauti Tofu-nojatuolin mukavuudesta tuntikausia.  Koko kangasvalikoima on n\u00e4ht\u00e4vill\u00e4 n\u00e4yttelytilassamme osoitteessa Riia 142, Tartto.  Huomioithan, ett\u00e4 todellinen v\u00e4ri voi poiketa n\u00e4yt\u00f6ll\u00e4 n\u00e4kyv\u00e4st\u00e4. Suosittelemme v\u00e4rien tarkistamista n\u00e4yttelytilassamme.","og_url":"https:\/\/bellfire.ee\/fi\/olohuone\/nojatuolit\/tofu\/","og_site_name":"Bellfire","og_image":[{"width":1920,"height":1080,"url":"https:\/\/bellfire.ee\/wp-content\/uploads\/2021\/06\/tofu-ikoon-2.jpg","type":"image\/jpeg"}],"twitter_card":"summary_large_image","schema":{"@context":"https:\/\/schema.org","@graph":[{"@type":"WebPage","@id":"https:\/\/bellfire.ee\/fi\/olohuone\/nojatuolit\/tofu\/","url":"https:\/\/bellfire.ee\/fi\/olohuone\/nojatuolit\/tofu\/","name":"Tofu - Bellfire","isPartOf":{"@id":"https:\/\/bellfire.ee\/fi\/#website"},"primaryImageOfPage":{"@id":"https:\/\/bellfire.ee\/fi\/olohuone\/nojatuolit\/tofu\/#primaryimage"},"image":{"@id":"https:\/\/bellfire.ee\/fi\/olohuone\/nojatuolit\/tofu\/#primaryimage"},"thumbnailUrl":"https:\/\/bellfire.ee\/wp-content\/uploads\/2021\/06\/tofu-ikoon-2.jpg","datePublished":"2021-06-10T11:36:22+00:00","breadcrumb":{"@id":"https:\/\/bellfire.ee\/fi\/olohuone\/nojatuolit\/tofu\/#breadcrumb"},"inLanguage":"fi","potentialAction":[{"@type":"ReadAction","target":["https:\/\/bellfire.ee\/fi\/olohuone\/nojatuolit\/tofu\/"]}]},{"@type":"ImageObject","inLanguage":"fi","@id":"https:\/\/bellfire.ee\/fi\/olohuone\/nojatuolit\/tofu\/#primaryimage","url":"https:\/\/bellfire.ee\/wp-content\/uploads\/2021\/06\/tofu-ikoon-2.jpg","contentUrl":"https:\/\/bellfire.ee\/wp-content\/uploads\/2021\/06\/tofu-ikoon-2.jpg","width":1920,"height":1080},{"@type":"BreadcrumbList","@id":"https:\/\/bellfire.ee\/fi\/olohuone\/nojatuolit\/tofu\/#breadcrumb","itemListElement":[{"@type":"ListItem","position":1,"name":"Avaleht","item":"https:\/\/bellfire.ee\/fi\/"},{"@type":"ListItem","position":2,"name":"Huonekalut","item":"https:\/\/bellfire.ee\/fi\/huonekalut\/"},{"@type":"ListItem","position":3,"name":"Tofu"}]},{"@type":"WebSite","@id":"https:\/\/bellfire.ee\/fi\/#website","url":"https:\/\/bellfire.ee\/fi\/","name":"Bellfire","description":"Disainm\u00f6\u00f6bel Sinu koju Eesti pehme m\u00f6\u00f6bli tootjal","publisher":{"@id":"https:\/\/bellfire.ee\/fi\/#organization"},"potentialAction":[{"@type":"SearchAction","target":{"@type":"EntryPoint","urlTemplate":"https:\/\/bellfire.ee\/fi\/?s={search_term_string}"},"query-input":{"@type":"PropertyValueSpecification","valueRequired":true,"valueName":"search_term_string"}}],"inLanguage":"fi"},{"@type":"Organization","@id":"https:\/\/bellfire.ee\/fi\/#organization","name":"Bellfire","url":"https:\/\/bellfire.ee\/fi\/","logo":{"@type":"ImageObject","inLanguage":"fi","@id":"https:\/\/bellfire.ee\/fi\/#\/schema\/logo\/image\/","url":"https:\/\/bellfire.ee\/wp-content\/uploads\/2024\/10\/Site-logo.svg","contentUrl":"https:\/\/bellfire.ee\/wp-content\/uploads\/2024\/10\/Site-logo.svg","width":55,"height":64,"caption":"Bellfire"},"image":{"@id":"https:\/\/bellfire.ee\/fi\/#\/schema\/logo\/image\/"}}]}},"_links":{"self":[{"href":"https:\/\/bellfire.ee\/fi\/wp-json\/wp\/v2\/product\/53309","targetHints":{"allow":["GET"]}}],"collection":[{"href":"https:\/\/bellfire.ee\/fi\/wp-json\/wp\/v2\/product"}],"about":[{"href":"https:\/\/bellfire.ee\/fi\/wp-json\/wp\/v2\/types\/product"}],"wp:featuredmedia":[{"embeddable":true,"href":"https:\/\/bellfire.ee\/fi\/wp-json\/wp\/v2\/media\/50590"}],"wp:attachment":[{"href":"https:\/\/bellfire.ee\/fi\/wp-json\/wp\/v2\/media?parent=53309"}],"wp:term":[{"taxonomy":"wpc-attribute-group","embeddable":true,"href":"https:\/\/bellfire.ee\/fi\/wp-json\/wp\/v2\/wpc-attribute-group?post=53309"},{"taxonomy":"product_brand","embeddable":true,"href":"https:\/\/bellfire.ee\/fi\/wp-json\/wp\/v2\/product_brand?post=53309"},{"taxonomy":"product_cat","embeddable":true,"href":"https:\/\/bellfire.ee\/fi\/wp-json\/wp\/v2\/product_cat?post=53309"},{"taxonomy":"product_tag","embeddable":true,"href":"https:\/\/bellfire.ee\/fi\/wp-json\/wp\/v2\/product_tag?post=53309"}],"curies":[{"name":"wp","href":"https:\/\/api.w.org\/{rel}","templated":true}]}}