{"id":52995,"date":"2021-08-04T08:48:27","date_gmt":"2021-08-04T08:48:27","guid":{"rendered":"https:\/\/bellfire.ee\/Ei-luokiteltu\/niskatuki\/"},"modified":"2021-08-04T08:48:27","modified_gmt":"2021-08-04T08:48:27","slug":"niskatuki","status":"publish","type":"product","link":"https:\/\/bellfire.ee\/fi\/Ei-luokiteltu\/niskatuki\/","title":{"rendered":"Niskatuki"},"content":{"rendered":"<p>Mukava sohvan <strong>niskatuki<\/strong>, joka asetetaan sohvan selk\u00e4nojan ja tyynyjen v\u00e4liin. Se tarjoaa erinomaista tukea p\u00e4\u00e4lle ja niskalle, ja sen asentoa voi helposti s\u00e4\u00e4t\u00e4\u00e4 tarpeen mukaan.<\/p>\n<p>Sopii Plaza-, Mocca-, Ateena-, Isola-, Rizzi- ja Latte-sohviin.<\/p>\n<p>Laaja valikoima kankaita ja nopea toimitus!<\/p>\n","protected":false},"excerpt":{"rendered":"<p>Mukava sohvan <strong>niskatuki<\/strong>, joka asetetaan sohvan selk\u00e4nojan ja tyynyjen v\u00e4liin. Se tarjoaa erinomaista tukea p\u00e4\u00e4lle ja niskalle, ja sen asentoa voi helposti s\u00e4\u00e4t\u00e4\u00e4 tarpeen mukaan.<\/p>\n<p>Sopii Plaza-, Mocca-, Ateena-, Isola-, Rizzi- ja Latte-sohviin.<\/p>\n<p>Laaja valikoima kankaita ja nopea toimitus!<\/p>\n","protected":false},"featured_media":50620,"template":"","meta":{"_acf_changed":false},"wpc-attribute-group":[],"product_brand":[],"product_cat":[],"product_tag":[],"class_list":{"0":"post-52995","1":"product","2":"type-product","3":"status-publish","4":"has-post-thumbnail","6":"pa_e-poe-kangavalik-casual-river-fi","7":"pa_e-poe-kangavalik-casual-spring-fi","8":"pa_e-poe-kangavalik-casual-desert-fi","9":"pa_e-poe-kangavalik-casual-gold-fi","10":"pa_e-poe-kangavalik-casual-griffin-fi","11":"pa_e-poe-kangavalik-casual-ivory-fi","12":"pa_e-poe-kangavalik-casual-misty-fi","13":"pa_e-poe-kangavalik-casual-truffle-fi","15":"first","16":"instock","17":"taxable","18":"shipping-taxable","19":"purchasable","20":"product-type-variable","21":"add-to-wishlist-after_add_to_cart"},"acf":[],"yoast_head":"<!-- This site is optimized with the Yoast SEO plugin v26.1 - https:\/\/yoast.com\/wordpress\/plugins\/seo\/ -->\n<title>Niskatuki - Bellfire<\/title>\n<meta name=\"robots\" content=\"index, follow, max-snippet:-1, max-image-preview:large, max-video-preview:-1\" \/>\n<link rel=\"canonical\" href=\"https:\/\/bellfire.ee\/fi\/Ei-luokiteltu\/niskatuki\/\" \/>\n<meta property=\"og:locale\" content=\"fi_FI\" \/>\n<meta property=\"og:type\" content=\"article\" \/>\n<meta property=\"og:title\" content=\"Niskatuki - Bellfire\" \/>\n<meta property=\"og:description\" content=\"Mukava sohvan niskatuki, joka asetetaan sohvan selk\u00e4nojan ja tyynyjen v\u00e4liin. Se tarjoaa erinomaista tukea p\u00e4\u00e4lle ja niskalle, ja sen asentoa voi helposti s\u00e4\u00e4t\u00e4\u00e4 tarpeen mukaan.  Sopii Plaza-, Mocca-, Ateena-, Isola-, Rizzi- ja Latte-sohviin.  Laaja valikoima kankaita ja nopea toimitus!\" \/>\n<meta property=\"og:url\" content=\"https:\/\/bellfire.ee\/fi\/Ei-luokiteltu\/niskatuki\/\" \/>\n<meta property=\"og:site_name\" content=\"Bellfire\" \/>\n<meta property=\"og:image\" content=\"https:\/\/bellfire.ee\/wp-content\/uploads\/2021\/08\/plaza-peatugi-ikoon.jpg\" \/>\n\t<meta property=\"og:image:width\" content=\"1920\" \/>\n\t<meta property=\"og:image:height\" content=\"1080\" \/>\n\t<meta property=\"og:image:type\" content=\"image\/jpeg\" \/>\n<meta name=\"twitter:card\" content=\"summary_large_image\" \/>\n<script type=\"application\/ld+json\" class=\"yoast-schema-graph\">{\"@context\":\"https:\/\/schema.org\",\"@graph\":[{\"@type\":\"WebPage\",\"@id\":\"https:\/\/bellfire.ee\/fi\/Ei-luokiteltu\/niskatuki\/\",\"url\":\"https:\/\/bellfire.ee\/fi\/Ei-luokiteltu\/niskatuki\/\",\"name\":\"Niskatuki - Bellfire\",\"isPartOf\":{\"@id\":\"https:\/\/bellfire.ee\/fi\/#website\"},\"primaryImageOfPage\":{\"@id\":\"https:\/\/bellfire.ee\/fi\/Ei-luokiteltu\/niskatuki\/#primaryimage\"},\"image\":{\"@id\":\"https:\/\/bellfire.ee\/fi\/Ei-luokiteltu\/niskatuki\/#primaryimage\"},\"thumbnailUrl\":\"https:\/\/bellfire.ee\/wp-content\/uploads\/2021\/08\/plaza-peatugi-ikoon.jpg\",\"datePublished\":\"2021-08-04T08:48:27+00:00\",\"breadcrumb\":{\"@id\":\"https:\/\/bellfire.ee\/fi\/Ei-luokiteltu\/niskatuki\/#breadcrumb\"},\"inLanguage\":\"fi\",\"potentialAction\":[{\"@type\":\"ReadAction\",\"target\":[\"https:\/\/bellfire.ee\/fi\/Ei-luokiteltu\/niskatuki\/\"]}]},{\"@type\":\"ImageObject\",\"inLanguage\":\"fi\",\"@id\":\"https:\/\/bellfire.ee\/fi\/Ei-luokiteltu\/niskatuki\/#primaryimage\",\"url\":\"https:\/\/bellfire.ee\/wp-content\/uploads\/2021\/08\/plaza-peatugi-ikoon.jpg\",\"contentUrl\":\"https:\/\/bellfire.ee\/wp-content\/uploads\/2021\/08\/plaza-peatugi-ikoon.jpg\",\"width\":1920,\"height\":1080},{\"@type\":\"BreadcrumbList\",\"@id\":\"https:\/\/bellfire.ee\/fi\/Ei-luokiteltu\/niskatuki\/#breadcrumb\",\"itemListElement\":[{\"@type\":\"ListItem\",\"position\":1,\"name\":\"Avaleht\",\"item\":\"https:\/\/bellfire.ee\/fi\/\"},{\"@type\":\"ListItem\",\"position\":2,\"name\":\"Huonekalut\",\"item\":\"https:\/\/bellfire.ee\/fi\/huonekalut\/\"},{\"@type\":\"ListItem\",\"position\":3,\"name\":\"Niskatuki\"}]},{\"@type\":\"WebSite\",\"@id\":\"https:\/\/bellfire.ee\/fi\/#website\",\"url\":\"https:\/\/bellfire.ee\/fi\/\",\"name\":\"Bellfire\",\"description\":\"Disainm\u00f6\u00f6bel Sinu koju Eesti pehme m\u00f6\u00f6bli tootjal\",\"publisher\":{\"@id\":\"https:\/\/bellfire.ee\/fi\/#organization\"},\"potentialAction\":[{\"@type\":\"SearchAction\",\"target\":{\"@type\":\"EntryPoint\",\"urlTemplate\":\"https:\/\/bellfire.ee\/fi\/?s={search_term_string}\"},\"query-input\":{\"@type\":\"PropertyValueSpecification\",\"valueRequired\":true,\"valueName\":\"search_term_string\"}}],\"inLanguage\":\"fi\"},{\"@type\":\"Organization\",\"@id\":\"https:\/\/bellfire.ee\/fi\/#organization\",\"name\":\"Bellfire\",\"url\":\"https:\/\/bellfire.ee\/fi\/\",\"logo\":{\"@type\":\"ImageObject\",\"inLanguage\":\"fi\",\"@id\":\"https:\/\/bellfire.ee\/fi\/#\/schema\/logo\/image\/\",\"url\":\"https:\/\/bellfire.ee\/wp-content\/uploads\/2024\/10\/Site-logo.svg\",\"contentUrl\":\"https:\/\/bellfire.ee\/wp-content\/uploads\/2024\/10\/Site-logo.svg\",\"width\":55,\"height\":64,\"caption\":\"Bellfire\"},\"image\":{\"@id\":\"https:\/\/bellfire.ee\/fi\/#\/schema\/logo\/image\/\"}}]}<\/script>\n<!-- \/ Yoast SEO plugin. -->","yoast_head_json":{"title":"Niskatuki - Bellfire","robots":{"index":"index","follow":"follow","max-snippet":"max-snippet:-1","max-image-preview":"max-image-preview:large","max-video-preview":"max-video-preview:-1"},"canonical":"https:\/\/bellfire.ee\/fi\/Ei-luokiteltu\/niskatuki\/","og_locale":"fi_FI","og_type":"article","og_title":"Niskatuki - Bellfire","og_description":"Mukava sohvan niskatuki, joka asetetaan sohvan selk\u00e4nojan ja tyynyjen v\u00e4liin. Se tarjoaa erinomaista tukea p\u00e4\u00e4lle ja niskalle, ja sen asentoa voi helposti s\u00e4\u00e4t\u00e4\u00e4 tarpeen mukaan.  Sopii Plaza-, Mocca-, Ateena-, Isola-, Rizzi- ja Latte-sohviin.  Laaja valikoima kankaita ja nopea toimitus!","og_url":"https:\/\/bellfire.ee\/fi\/Ei-luokiteltu\/niskatuki\/","og_site_name":"Bellfire","og_image":[{"width":1920,"height":1080,"url":"https:\/\/bellfire.ee\/wp-content\/uploads\/2021\/08\/plaza-peatugi-ikoon.jpg","type":"image\/jpeg"}],"twitter_card":"summary_large_image","schema":{"@context":"https:\/\/schema.org","@graph":[{"@type":"WebPage","@id":"https:\/\/bellfire.ee\/fi\/Ei-luokiteltu\/niskatuki\/","url":"https:\/\/bellfire.ee\/fi\/Ei-luokiteltu\/niskatuki\/","name":"Niskatuki - Bellfire","isPartOf":{"@id":"https:\/\/bellfire.ee\/fi\/#website"},"primaryImageOfPage":{"@id":"https:\/\/bellfire.ee\/fi\/Ei-luokiteltu\/niskatuki\/#primaryimage"},"image":{"@id":"https:\/\/bellfire.ee\/fi\/Ei-luokiteltu\/niskatuki\/#primaryimage"},"thumbnailUrl":"https:\/\/bellfire.ee\/wp-content\/uploads\/2021\/08\/plaza-peatugi-ikoon.jpg","datePublished":"2021-08-04T08:48:27+00:00","breadcrumb":{"@id":"https:\/\/bellfire.ee\/fi\/Ei-luokiteltu\/niskatuki\/#breadcrumb"},"inLanguage":"fi","potentialAction":[{"@type":"ReadAction","target":["https:\/\/bellfire.ee\/fi\/Ei-luokiteltu\/niskatuki\/"]}]},{"@type":"ImageObject","inLanguage":"fi","@id":"https:\/\/bellfire.ee\/fi\/Ei-luokiteltu\/niskatuki\/#primaryimage","url":"https:\/\/bellfire.ee\/wp-content\/uploads\/2021\/08\/plaza-peatugi-ikoon.jpg","contentUrl":"https:\/\/bellfire.ee\/wp-content\/uploads\/2021\/08\/plaza-peatugi-ikoon.jpg","width":1920,"height":1080},{"@type":"BreadcrumbList","@id":"https:\/\/bellfire.ee\/fi\/Ei-luokiteltu\/niskatuki\/#breadcrumb","itemListElement":[{"@type":"ListItem","position":1,"name":"Avaleht","item":"https:\/\/bellfire.ee\/fi\/"},{"@type":"ListItem","position":2,"name":"Huonekalut","item":"https:\/\/bellfire.ee\/fi\/huonekalut\/"},{"@type":"ListItem","position":3,"name":"Niskatuki"}]},{"@type":"WebSite","@id":"https:\/\/bellfire.ee\/fi\/#website","url":"https:\/\/bellfire.ee\/fi\/","name":"Bellfire","description":"Disainm\u00f6\u00f6bel Sinu koju Eesti pehme m\u00f6\u00f6bli tootjal","publisher":{"@id":"https:\/\/bellfire.ee\/fi\/#organization"},"potentialAction":[{"@type":"SearchAction","target":{"@type":"EntryPoint","urlTemplate":"https:\/\/bellfire.ee\/fi\/?s={search_term_string}"},"query-input":{"@type":"PropertyValueSpecification","valueRequired":true,"valueName":"search_term_string"}}],"inLanguage":"fi"},{"@type":"Organization","@id":"https:\/\/bellfire.ee\/fi\/#organization","name":"Bellfire","url":"https:\/\/bellfire.ee\/fi\/","logo":{"@type":"ImageObject","inLanguage":"fi","@id":"https:\/\/bellfire.ee\/fi\/#\/schema\/logo\/image\/","url":"https:\/\/bellfire.ee\/wp-content\/uploads\/2024\/10\/Site-logo.svg","contentUrl":"https:\/\/bellfire.ee\/wp-content\/uploads\/2024\/10\/Site-logo.svg","width":55,"height":64,"caption":"Bellfire"},"image":{"@id":"https:\/\/bellfire.ee\/fi\/#\/schema\/logo\/image\/"}}]}},"_links":{"self":[{"href":"https:\/\/bellfire.ee\/fi\/wp-json\/wp\/v2\/product\/52995","targetHints":{"allow":["GET"]}}],"collection":[{"href":"https:\/\/bellfire.ee\/fi\/wp-json\/wp\/v2\/product"}],"about":[{"href":"https:\/\/bellfire.ee\/fi\/wp-json\/wp\/v2\/types\/product"}],"wp:featuredmedia":[{"embeddable":true,"href":"https:\/\/bellfire.ee\/fi\/wp-json\/wp\/v2\/media\/50620"}],"wp:attachment":[{"href":"https:\/\/bellfire.ee\/fi\/wp-json\/wp\/v2\/media?parent=52995"}],"wp:term":[{"taxonomy":"wpc-attribute-group","embeddable":true,"href":"https:\/\/bellfire.ee\/fi\/wp-json\/wp\/v2\/wpc-attribute-group?post=52995"},{"taxonomy":"product_brand","embeddable":true,"href":"https:\/\/bellfire.ee\/fi\/wp-json\/wp\/v2\/product_brand?post=52995"},{"taxonomy":"product_cat","embeddable":true,"href":"https:\/\/bellfire.ee\/fi\/wp-json\/wp\/v2\/product_cat?post=52995"},{"taxonomy":"product_tag","embeddable":true,"href":"https:\/\/bellfire.ee\/fi\/wp-json\/wp\/v2\/product_tag?post=52995"}],"curies":[{"name":"wp","href":"https:\/\/api.w.org\/{rel}","templated":true}]}}