{"id":52972,"date":"2021-08-16T08:25:09","date_gmt":"2021-08-16T08:25:09","guid":{"rendered":"https:\/\/bellfire.ee\/Ei-luokiteltu\/topperi\/"},"modified":"2021-08-16T08:25:09","modified_gmt":"2021-08-16T08:25:09","slug":"topperi","status":"publish","type":"product","link":"https:\/\/bellfire.ee\/fi\/makuuhuone\/petauspatjat\/topperi\/","title":{"rendered":"Topperi"},"content":{"rendered":"<p>Hyv\u00e4 topperi tarjoaa lis\u00e4tukea ja mukavuutta samalla, kun se auttaa pident\u00e4m\u00e4\u00e4n s\u00e4nkysi k\u00e4ytt\u00f6ik\u00e4\u00e4. HR-vaahtotopperi on pehme\u00e4 ja sill\u00e4 on antibakteeriset ominaisuudet.<\/p>\n<p>Vaahto, eli polyuretaanivaahto, on pehme\u00e4 ja elastinen materiaali. Se on hajuton, hengitt\u00e4v\u00e4 ja kest\u00e4v\u00e4. Lis\u00e4ksi se est\u00e4\u00e4 s\u00e4ngyss\u00e4 olevien punkkien kasvun, mik\u00e4 tekee siit\u00e4 ihanteellisen allergikoille.<\/p>\n<p>HR-vaahto \u2013 High Resiliency Foam \u2013 Korkean kest\u00e4vyyskyvyn elastinen vaahto.<\/p>\n<p>Vaahtotopperi on saatavilla 5 cm ja 7 cm korkeuksina.<\/p>\n<p>Valmistettu Virossa \u2013 Kaikki toppereidemme valmistus on k\u00e4sity\u00f6t\u00e4 paikallisilta k\u00e4sity\u00f6l\u00e4isilt\u00e4.<\/p>\n","protected":false},"excerpt":{"rendered":"<p>Hyv\u00e4 topperi tarjoaa lis\u00e4tukea ja mukavuutta samalla, kun se auttaa pident\u00e4m\u00e4\u00e4n s\u00e4nkysi k\u00e4ytt\u00f6ik\u00e4\u00e4. HR-vaahtotopperi on pehme\u00e4 ja sill\u00e4 on antibakteeriset ominaisuudet.<\/p>\n<p>Vaahto, eli polyuretaanivaahto, on pehme\u00e4 ja elastinen materiaali. Se on hajuton, hengitt\u00e4v\u00e4 ja kest\u00e4v\u00e4. Lis\u00e4ksi se est\u00e4\u00e4 s\u00e4ngyss\u00e4 olevien punkkien kasvun, mik\u00e4 tekee siit\u00e4 ihanteellisen allergikoille.<\/p>\n<p>HR-vaahto \u2013 High Resiliency Foam \u2013 Korkean kest\u00e4vyyskyvyn elastinen vaahto.<\/p>\n<p>Vaahtotopperi on saatavilla 5 cm ja 7 cm korkeuksina.<\/p>\n<p>Valmistettu Virossa \u2013 Kaikki toppereidemme valmistus on k\u00e4sity\u00f6t\u00e4 paikallisilta k\u00e4sity\u00f6l\u00e4isilt\u00e4.<\/p>\n","protected":false},"featured_media":55010,"template":"","meta":{"_acf_changed":false},"wpc-attribute-group":[],"product_brand":[],"product_cat":[2239],"product_tag":[],"class_list":{"0":"post-52972","1":"product","2":"type-product","3":"status-publish","4":"has-post-thumbnail","6":"product_cat-petauspatjat","8":"first","9":"instock","10":"taxable","11":"shipping-taxable","12":"purchasable","13":"product-type-variable","14":"add-to-wishlist-after_add_to_cart"},"acf":[],"yoast_head":"<!-- This site is optimized with the Yoast SEO plugin v26.1 - https:\/\/yoast.com\/wordpress\/plugins\/seo\/ -->\n<title>Topperi - Bellfire<\/title>\n<meta name=\"robots\" content=\"index, follow, max-snippet:-1, max-image-preview:large, max-video-preview:-1\" \/>\n<link rel=\"canonical\" href=\"https:\/\/bellfire.ee\/fi\/makuuhuone\/petauspatjat\/topperi\/\" \/>\n<meta property=\"og:locale\" content=\"fi_FI\" \/>\n<meta property=\"og:type\" content=\"article\" \/>\n<meta property=\"og:title\" content=\"Topperi - Bellfire\" \/>\n<meta property=\"og:description\" content=\"Hyv\u00e4 topperi tarjoaa lis\u00e4tukea ja mukavuutta samalla, kun se auttaa pident\u00e4m\u00e4\u00e4n s\u00e4nkysi k\u00e4ytt\u00f6ik\u00e4\u00e4. HR-vaahtotopperi on pehme\u00e4 ja sill\u00e4 on antibakteeriset ominaisuudet.  Vaahto, eli polyuretaanivaahto, on pehme\u00e4 ja elastinen materiaali. Se on hajuton, hengitt\u00e4v\u00e4 ja kest\u00e4v\u00e4. Lis\u00e4ksi se est\u00e4\u00e4 s\u00e4ngyss\u00e4 olevien punkkien kasvun, mik\u00e4 tekee siit\u00e4 ihanteellisen allergikoille.  HR-vaahto \u2013 High Resiliency Foam \u2013 Korkean kest\u00e4vyyskyvyn elastinen vaahto.  Vaahtotopperi on saatavilla 5 cm ja 7 cm korkeuksina.  Valmistettu Virossa \u2013 Kaikki toppereidemme valmistus on k\u00e4sity\u00f6t\u00e4 paikallisilta k\u00e4sity\u00f6l\u00e4isilt\u00e4.\" \/>\n<meta property=\"og:url\" content=\"https:\/\/bellfire.ee\/fi\/makuuhuone\/petauspatjat\/topperi\/\" \/>\n<meta property=\"og:site_name\" content=\"Bellfire\" \/>\n<meta property=\"og:image\" content=\"https:\/\/bellfire.ee\/wp-content\/uploads\/2021\/08\/kattemadrats-ikoon-3-scaled.jpg\" \/>\n\t<meta property=\"og:image:width\" content=\"2560\" \/>\n\t<meta property=\"og:image:height\" content=\"1716\" \/>\n\t<meta property=\"og:image:type\" content=\"image\/jpeg\" \/>\n<meta name=\"twitter:card\" content=\"summary_large_image\" \/>\n<script type=\"application\/ld+json\" class=\"yoast-schema-graph\">{\"@context\":\"https:\/\/schema.org\",\"@graph\":[{\"@type\":\"WebPage\",\"@id\":\"https:\/\/bellfire.ee\/fi\/makuuhuone\/petauspatjat\/topperi\/\",\"url\":\"https:\/\/bellfire.ee\/fi\/makuuhuone\/petauspatjat\/topperi\/\",\"name\":\"Topperi - Bellfire\",\"isPartOf\":{\"@id\":\"https:\/\/bellfire.ee\/fi\/#website\"},\"primaryImageOfPage\":{\"@id\":\"https:\/\/bellfire.ee\/fi\/makuuhuone\/petauspatjat\/topperi\/#primaryimage\"},\"image\":{\"@id\":\"https:\/\/bellfire.ee\/fi\/makuuhuone\/petauspatjat\/topperi\/#primaryimage\"},\"thumbnailUrl\":\"https:\/\/bellfire.ee\/wp-content\/uploads\/2021\/08\/kattemadrats-ikoon-3-scaled.jpg\",\"datePublished\":\"2021-08-16T08:25:09+00:00\",\"breadcrumb\":{\"@id\":\"https:\/\/bellfire.ee\/fi\/makuuhuone\/petauspatjat\/topperi\/#breadcrumb\"},\"inLanguage\":\"fi\",\"potentialAction\":[{\"@type\":\"ReadAction\",\"target\":[\"https:\/\/bellfire.ee\/fi\/makuuhuone\/petauspatjat\/topperi\/\"]}]},{\"@type\":\"ImageObject\",\"inLanguage\":\"fi\",\"@id\":\"https:\/\/bellfire.ee\/fi\/makuuhuone\/petauspatjat\/topperi\/#primaryimage\",\"url\":\"https:\/\/bellfire.ee\/wp-content\/uploads\/2021\/08\/kattemadrats-ikoon-3-scaled.jpg\",\"contentUrl\":\"https:\/\/bellfire.ee\/wp-content\/uploads\/2021\/08\/kattemadrats-ikoon-3-scaled.jpg\",\"width\":2560,\"height\":1716},{\"@type\":\"BreadcrumbList\",\"@id\":\"https:\/\/bellfire.ee\/fi\/makuuhuone\/petauspatjat\/topperi\/#breadcrumb\",\"itemListElement\":[{\"@type\":\"ListItem\",\"position\":1,\"name\":\"Avaleht\",\"item\":\"https:\/\/bellfire.ee\/fi\/\"},{\"@type\":\"ListItem\",\"position\":2,\"name\":\"Huonekalut\",\"item\":\"https:\/\/bellfire.ee\/fi\/huonekalut\/\"},{\"@type\":\"ListItem\",\"position\":3,\"name\":\"Topperi\"}]},{\"@type\":\"WebSite\",\"@id\":\"https:\/\/bellfire.ee\/fi\/#website\",\"url\":\"https:\/\/bellfire.ee\/fi\/\",\"name\":\"Bellfire\",\"description\":\"Disainm\u00f6\u00f6bel Sinu koju Eesti pehme m\u00f6\u00f6bli tootjal\",\"publisher\":{\"@id\":\"https:\/\/bellfire.ee\/fi\/#organization\"},\"potentialAction\":[{\"@type\":\"SearchAction\",\"target\":{\"@type\":\"EntryPoint\",\"urlTemplate\":\"https:\/\/bellfire.ee\/fi\/?s={search_term_string}\"},\"query-input\":{\"@type\":\"PropertyValueSpecification\",\"valueRequired\":true,\"valueName\":\"search_term_string\"}}],\"inLanguage\":\"fi\"},{\"@type\":\"Organization\",\"@id\":\"https:\/\/bellfire.ee\/fi\/#organization\",\"name\":\"Bellfire\",\"url\":\"https:\/\/bellfire.ee\/fi\/\",\"logo\":{\"@type\":\"ImageObject\",\"inLanguage\":\"fi\",\"@id\":\"https:\/\/bellfire.ee\/fi\/#\/schema\/logo\/image\/\",\"url\":\"https:\/\/bellfire.ee\/wp-content\/uploads\/2024\/10\/Site-logo.svg\",\"contentUrl\":\"https:\/\/bellfire.ee\/wp-content\/uploads\/2024\/10\/Site-logo.svg\",\"width\":55,\"height\":64,\"caption\":\"Bellfire\"},\"image\":{\"@id\":\"https:\/\/bellfire.ee\/fi\/#\/schema\/logo\/image\/\"}}]}<\/script>\n<!-- \/ Yoast SEO plugin. -->","yoast_head_json":{"title":"Topperi - Bellfire","robots":{"index":"index","follow":"follow","max-snippet":"max-snippet:-1","max-image-preview":"max-image-preview:large","max-video-preview":"max-video-preview:-1"},"canonical":"https:\/\/bellfire.ee\/fi\/makuuhuone\/petauspatjat\/topperi\/","og_locale":"fi_FI","og_type":"article","og_title":"Topperi - Bellfire","og_description":"Hyv\u00e4 topperi tarjoaa lis\u00e4tukea ja mukavuutta samalla, kun se auttaa pident\u00e4m\u00e4\u00e4n s\u00e4nkysi k\u00e4ytt\u00f6ik\u00e4\u00e4. HR-vaahtotopperi on pehme\u00e4 ja sill\u00e4 on antibakteeriset ominaisuudet.  Vaahto, eli polyuretaanivaahto, on pehme\u00e4 ja elastinen materiaali. Se on hajuton, hengitt\u00e4v\u00e4 ja kest\u00e4v\u00e4. Lis\u00e4ksi se est\u00e4\u00e4 s\u00e4ngyss\u00e4 olevien punkkien kasvun, mik\u00e4 tekee siit\u00e4 ihanteellisen allergikoille.  HR-vaahto \u2013 High Resiliency Foam \u2013 Korkean kest\u00e4vyyskyvyn elastinen vaahto.  Vaahtotopperi on saatavilla 5 cm ja 7 cm korkeuksina.  Valmistettu Virossa \u2013 Kaikki toppereidemme valmistus on k\u00e4sity\u00f6t\u00e4 paikallisilta k\u00e4sity\u00f6l\u00e4isilt\u00e4.","og_url":"https:\/\/bellfire.ee\/fi\/makuuhuone\/petauspatjat\/topperi\/","og_site_name":"Bellfire","og_image":[{"width":2560,"height":1716,"url":"https:\/\/bellfire.ee\/wp-content\/uploads\/2021\/08\/kattemadrats-ikoon-3-scaled.jpg","type":"image\/jpeg"}],"twitter_card":"summary_large_image","schema":{"@context":"https:\/\/schema.org","@graph":[{"@type":"WebPage","@id":"https:\/\/bellfire.ee\/fi\/makuuhuone\/petauspatjat\/topperi\/","url":"https:\/\/bellfire.ee\/fi\/makuuhuone\/petauspatjat\/topperi\/","name":"Topperi - Bellfire","isPartOf":{"@id":"https:\/\/bellfire.ee\/fi\/#website"},"primaryImageOfPage":{"@id":"https:\/\/bellfire.ee\/fi\/makuuhuone\/petauspatjat\/topperi\/#primaryimage"},"image":{"@id":"https:\/\/bellfire.ee\/fi\/makuuhuone\/petauspatjat\/topperi\/#primaryimage"},"thumbnailUrl":"https:\/\/bellfire.ee\/wp-content\/uploads\/2021\/08\/kattemadrats-ikoon-3-scaled.jpg","datePublished":"2021-08-16T08:25:09+00:00","breadcrumb":{"@id":"https:\/\/bellfire.ee\/fi\/makuuhuone\/petauspatjat\/topperi\/#breadcrumb"},"inLanguage":"fi","potentialAction":[{"@type":"ReadAction","target":["https:\/\/bellfire.ee\/fi\/makuuhuone\/petauspatjat\/topperi\/"]}]},{"@type":"ImageObject","inLanguage":"fi","@id":"https:\/\/bellfire.ee\/fi\/makuuhuone\/petauspatjat\/topperi\/#primaryimage","url":"https:\/\/bellfire.ee\/wp-content\/uploads\/2021\/08\/kattemadrats-ikoon-3-scaled.jpg","contentUrl":"https:\/\/bellfire.ee\/wp-content\/uploads\/2021\/08\/kattemadrats-ikoon-3-scaled.jpg","width":2560,"height":1716},{"@type":"BreadcrumbList","@id":"https:\/\/bellfire.ee\/fi\/makuuhuone\/petauspatjat\/topperi\/#breadcrumb","itemListElement":[{"@type":"ListItem","position":1,"name":"Avaleht","item":"https:\/\/bellfire.ee\/fi\/"},{"@type":"ListItem","position":2,"name":"Huonekalut","item":"https:\/\/bellfire.ee\/fi\/huonekalut\/"},{"@type":"ListItem","position":3,"name":"Topperi"}]},{"@type":"WebSite","@id":"https:\/\/bellfire.ee\/fi\/#website","url":"https:\/\/bellfire.ee\/fi\/","name":"Bellfire","description":"Disainm\u00f6\u00f6bel Sinu koju Eesti pehme m\u00f6\u00f6bli tootjal","publisher":{"@id":"https:\/\/bellfire.ee\/fi\/#organization"},"potentialAction":[{"@type":"SearchAction","target":{"@type":"EntryPoint","urlTemplate":"https:\/\/bellfire.ee\/fi\/?s={search_term_string}"},"query-input":{"@type":"PropertyValueSpecification","valueRequired":true,"valueName":"search_term_string"}}],"inLanguage":"fi"},{"@type":"Organization","@id":"https:\/\/bellfire.ee\/fi\/#organization","name":"Bellfire","url":"https:\/\/bellfire.ee\/fi\/","logo":{"@type":"ImageObject","inLanguage":"fi","@id":"https:\/\/bellfire.ee\/fi\/#\/schema\/logo\/image\/","url":"https:\/\/bellfire.ee\/wp-content\/uploads\/2024\/10\/Site-logo.svg","contentUrl":"https:\/\/bellfire.ee\/wp-content\/uploads\/2024\/10\/Site-logo.svg","width":55,"height":64,"caption":"Bellfire"},"image":{"@id":"https:\/\/bellfire.ee\/fi\/#\/schema\/logo\/image\/"}}]}},"_links":{"self":[{"href":"https:\/\/bellfire.ee\/fi\/wp-json\/wp\/v2\/product\/52972","targetHints":{"allow":["GET"]}}],"collection":[{"href":"https:\/\/bellfire.ee\/fi\/wp-json\/wp\/v2\/product"}],"about":[{"href":"https:\/\/bellfire.ee\/fi\/wp-json\/wp\/v2\/types\/product"}],"wp:featuredmedia":[{"embeddable":true,"href":"https:\/\/bellfire.ee\/fi\/wp-json\/wp\/v2\/media\/55010"}],"wp:attachment":[{"href":"https:\/\/bellfire.ee\/fi\/wp-json\/wp\/v2\/media?parent=52972"}],"wp:term":[{"taxonomy":"wpc-attribute-group","embeddable":true,"href":"https:\/\/bellfire.ee\/fi\/wp-json\/wp\/v2\/wpc-attribute-group?post=52972"},{"taxonomy":"product_brand","embeddable":true,"href":"https:\/\/bellfire.ee\/fi\/wp-json\/wp\/v2\/product_brand?post=52972"},{"taxonomy":"product_cat","embeddable":true,"href":"https:\/\/bellfire.ee\/fi\/wp-json\/wp\/v2\/product_cat?post=52972"},{"taxonomy":"product_tag","embeddable":true,"href":"https:\/\/bellfire.ee\/fi\/wp-json\/wp\/v2\/product_tag?post=52972"}],"curies":[{"name":"wp","href":"https:\/\/api.w.org\/{rel}","templated":true}]}}