{"id":52934,"date":"2023-01-27T11:35:37","date_gmt":"2023-01-27T11:35:37","guid":{"rendered":"https:\/\/bellfire.ee\/Ei-luokiteltu\/plaza-sahkoinen-jalkatuki\/"},"modified":"2023-01-27T11:35:37","modified_gmt":"2023-01-27T11:35:37","slug":"plaza-sahkoinen-jalkatuki","status":"publish","type":"product","link":"https:\/\/bellfire.ee\/fi\/Ei-luokiteltu\/plaza-sahkoinen-jalkatuki\/","title":{"rendered":"Plaza-s\u00e4hk\u00f6inen jalkatuki"},"content":{"rendered":"<p>Plaza-s\u00e4hk\u00f6inen jalkatuki nostaa sohvan mukavuuden t\u00e4ysin uudelle tasolle.<\/p>\n<p>T\u00e4m\u00e4 kompakti s\u00e4hk\u00f6inen jalkatuki kiinnitet\u00e4\u00e4n sohvan alapuolelle, eik\u00e4 se vie paljon tilaa. Lis\u00e4etuna on USB-portti, jonka avulla voit ladata laitteesi poistumatta sohvalta. Plaza-jalkatuki on arvokas lis\u00e4 kaikille, jotka arvostavat toiminnallisuutta ja haluavat rentoutua aidossa mukavuudessa.<\/p>\n<p>S\u00e4hk\u00f6inen jalkatuki on saatavana lis\u00e4varusteena vain uusiin Plaza-sohviin.<\/p>\n<p>Tule tutustumaan Plaza-uutuuteen n\u00e4yttelytilassamme osoitteessa Riia 142, Tartto.<\/p>\n","protected":false},"excerpt":{"rendered":"<p>Plaza-s\u00e4hk\u00f6inen jalkatuki nostaa sohvan mukavuuden t\u00e4ysin uudelle tasolle.<\/p>\n<p>T\u00e4m\u00e4 kompakti s\u00e4hk\u00f6inen jalkatuki kiinnitet\u00e4\u00e4n sohvan alapuolelle, eik\u00e4 se vie paljon tilaa. Lis\u00e4etuna on USB-portti, jonka avulla voit ladata laitteesi poistumatta sohvalta. Plaza-jalkatuki on arvokas lis\u00e4 kaikille, jotka arvostavat toiminnallisuutta ja haluavat rentoutua aidossa mukavuudessa.<\/p>\n<p>S\u00e4hk\u00f6inen jalkatuki on saatavana lis\u00e4varusteena vain uusiin Plaza-sohviin.<\/p>\n<p>Tule tutustumaan Plaza-uutuuteen n\u00e4yttelytilassamme osoitteessa Riia 142, Tartto.<\/p>\n","protected":false},"featured_media":41911,"template":"","meta":{"_acf_changed":false},"wpc-attribute-group":[],"product_brand":[],"product_cat":[],"product_tag":[],"class_list":{"0":"post-52934","1":"product","2":"type-product","3":"status-publish","4":"has-post-thumbnail","6":"pa_e-poe-kangavalik-casual-river-fi","7":"pa_e-poe-kangavalik-casual-spring-fi","8":"pa_e-poe-kangavalik-casual-desert-fi","9":"pa_e-poe-kangavalik-casual-gold-fi","10":"pa_e-poe-kangavalik-casual-griffin-fi","11":"pa_e-poe-kangavalik-casual-ivory-fi","12":"pa_e-poe-kangavalik-casual-misty-fi","13":"pa_e-poe-kangavalik-casual-truffle-fi","15":"first","16":"instock","17":"taxable","18":"shipping-taxable","19":"purchasable","20":"product-type-variable","21":"add-to-wishlist-after_add_to_cart"},"acf":[],"yoast_head":"<!-- This site is optimized with the Yoast SEO plugin v26.1 - https:\/\/yoast.com\/wordpress\/plugins\/seo\/ -->\n<title>Plaza-s\u00e4hk\u00f6inen jalkatuki - Bellfire<\/title>\n<meta name=\"robots\" content=\"index, follow, max-snippet:-1, max-image-preview:large, max-video-preview:-1\" \/>\n<link rel=\"canonical\" href=\"https:\/\/bellfire.ee\/fi\/Ei-luokiteltu\/plaza-sahkoinen-jalkatuki\/\" \/>\n<meta property=\"og:locale\" content=\"fi_FI\" \/>\n<meta property=\"og:type\" content=\"article\" \/>\n<meta property=\"og:title\" content=\"Plaza-s\u00e4hk\u00f6inen jalkatuki - Bellfire\" \/>\n<meta property=\"og:description\" content=\"Plaza-s\u00e4hk\u00f6inen jalkatuki nostaa sohvan mukavuuden t\u00e4ysin uudelle tasolle.  T\u00e4m\u00e4 kompakti s\u00e4hk\u00f6inen jalkatuki kiinnitet\u00e4\u00e4n sohvan alapuolelle, eik\u00e4 se vie paljon tilaa. Lis\u00e4etuna on USB-portti, jonka avulla voit ladata laitteesi poistumatta sohvalta. Plaza-jalkatuki on arvokas lis\u00e4 kaikille, jotka arvostavat toiminnallisuutta ja haluavat rentoutua aidossa mukavuudessa.  S\u00e4hk\u00f6inen jalkatuki on saatavana lis\u00e4varusteena vain uusiin Plaza-sohviin.  Tule tutustumaan Plaza-uutuuteen n\u00e4yttelytilassamme osoitteessa Riia 142, Tartto.\" \/>\n<meta property=\"og:url\" content=\"https:\/\/bellfire.ee\/fi\/Ei-luokiteltu\/plaza-sahkoinen-jalkatuki\/\" \/>\n<meta property=\"og:site_name\" content=\"Bellfire\" \/>\n<meta property=\"og:image\" content=\"https:\/\/bellfire.ee\/wp-content\/uploads\/2024\/10\/Plaza-jalatugi-salongis-scaled-e1674812084468.jpg\" \/>\n\t<meta property=\"og:image:width\" content=\"2329\" \/>\n\t<meta property=\"og:image:height\" content=\"1440\" \/>\n\t<meta property=\"og:image:type\" content=\"image\/jpeg\" \/>\n<meta name=\"twitter:card\" content=\"summary_large_image\" \/>\n<script type=\"application\/ld+json\" class=\"yoast-schema-graph\">{\"@context\":\"https:\/\/schema.org\",\"@graph\":[{\"@type\":\"WebPage\",\"@id\":\"https:\/\/bellfire.ee\/fi\/Ei-luokiteltu\/plaza-sahkoinen-jalkatuki\/\",\"url\":\"https:\/\/bellfire.ee\/fi\/Ei-luokiteltu\/plaza-sahkoinen-jalkatuki\/\",\"name\":\"Plaza-s\u00e4hk\u00f6inen jalkatuki - Bellfire\",\"isPartOf\":{\"@id\":\"https:\/\/bellfire.ee\/fi\/#website\"},\"primaryImageOfPage\":{\"@id\":\"https:\/\/bellfire.ee\/fi\/Ei-luokiteltu\/plaza-sahkoinen-jalkatuki\/#primaryimage\"},\"image\":{\"@id\":\"https:\/\/bellfire.ee\/fi\/Ei-luokiteltu\/plaza-sahkoinen-jalkatuki\/#primaryimage\"},\"thumbnailUrl\":\"https:\/\/bellfire.ee\/wp-content\/uploads\/2024\/10\/Plaza-jalatugi-salongis-scaled-e1674812084468.jpg\",\"datePublished\":\"2023-01-27T11:35:37+00:00\",\"breadcrumb\":{\"@id\":\"https:\/\/bellfire.ee\/fi\/Ei-luokiteltu\/plaza-sahkoinen-jalkatuki\/#breadcrumb\"},\"inLanguage\":\"fi\",\"potentialAction\":[{\"@type\":\"ReadAction\",\"target\":[\"https:\/\/bellfire.ee\/fi\/Ei-luokiteltu\/plaza-sahkoinen-jalkatuki\/\"]}]},{\"@type\":\"ImageObject\",\"inLanguage\":\"fi\",\"@id\":\"https:\/\/bellfire.ee\/fi\/Ei-luokiteltu\/plaza-sahkoinen-jalkatuki\/#primaryimage\",\"url\":\"https:\/\/bellfire.ee\/wp-content\/uploads\/2024\/10\/Plaza-jalatugi-salongis-scaled-e1674812084468.jpg\",\"contentUrl\":\"https:\/\/bellfire.ee\/wp-content\/uploads\/2024\/10\/Plaza-jalatugi-salongis-scaled-e1674812084468.jpg\",\"width\":2329,\"height\":1440},{\"@type\":\"BreadcrumbList\",\"@id\":\"https:\/\/bellfire.ee\/fi\/Ei-luokiteltu\/plaza-sahkoinen-jalkatuki\/#breadcrumb\",\"itemListElement\":[{\"@type\":\"ListItem\",\"position\":1,\"name\":\"Avaleht\",\"item\":\"https:\/\/bellfire.ee\/fi\/\"},{\"@type\":\"ListItem\",\"position\":2,\"name\":\"Huonekalut\",\"item\":\"https:\/\/bellfire.ee\/fi\/huonekalut\/\"},{\"@type\":\"ListItem\",\"position\":3,\"name\":\"Plaza-s\u00e4hk\u00f6inen jalkatuki\"}]},{\"@type\":\"WebSite\",\"@id\":\"https:\/\/bellfire.ee\/fi\/#website\",\"url\":\"https:\/\/bellfire.ee\/fi\/\",\"name\":\"Bellfire\",\"description\":\"Disainm\u00f6\u00f6bel Sinu koju Eesti pehme m\u00f6\u00f6bli tootjal\",\"publisher\":{\"@id\":\"https:\/\/bellfire.ee\/fi\/#organization\"},\"potentialAction\":[{\"@type\":\"SearchAction\",\"target\":{\"@type\":\"EntryPoint\",\"urlTemplate\":\"https:\/\/bellfire.ee\/fi\/?s={search_term_string}\"},\"query-input\":{\"@type\":\"PropertyValueSpecification\",\"valueRequired\":true,\"valueName\":\"search_term_string\"}}],\"inLanguage\":\"fi\"},{\"@type\":\"Organization\",\"@id\":\"https:\/\/bellfire.ee\/fi\/#organization\",\"name\":\"Bellfire\",\"url\":\"https:\/\/bellfire.ee\/fi\/\",\"logo\":{\"@type\":\"ImageObject\",\"inLanguage\":\"fi\",\"@id\":\"https:\/\/bellfire.ee\/fi\/#\/schema\/logo\/image\/\",\"url\":\"https:\/\/bellfire.ee\/wp-content\/uploads\/2024\/10\/Site-logo.svg\",\"contentUrl\":\"https:\/\/bellfire.ee\/wp-content\/uploads\/2024\/10\/Site-logo.svg\",\"width\":55,\"height\":64,\"caption\":\"Bellfire\"},\"image\":{\"@id\":\"https:\/\/bellfire.ee\/fi\/#\/schema\/logo\/image\/\"}}]}<\/script>\n<!-- \/ Yoast SEO plugin. -->","yoast_head_json":{"title":"Plaza-s\u00e4hk\u00f6inen jalkatuki - Bellfire","robots":{"index":"index","follow":"follow","max-snippet":"max-snippet:-1","max-image-preview":"max-image-preview:large","max-video-preview":"max-video-preview:-1"},"canonical":"https:\/\/bellfire.ee\/fi\/Ei-luokiteltu\/plaza-sahkoinen-jalkatuki\/","og_locale":"fi_FI","og_type":"article","og_title":"Plaza-s\u00e4hk\u00f6inen jalkatuki - Bellfire","og_description":"Plaza-s\u00e4hk\u00f6inen jalkatuki nostaa sohvan mukavuuden t\u00e4ysin uudelle tasolle.  T\u00e4m\u00e4 kompakti s\u00e4hk\u00f6inen jalkatuki kiinnitet\u00e4\u00e4n sohvan alapuolelle, eik\u00e4 se vie paljon tilaa. Lis\u00e4etuna on USB-portti, jonka avulla voit ladata laitteesi poistumatta sohvalta. Plaza-jalkatuki on arvokas lis\u00e4 kaikille, jotka arvostavat toiminnallisuutta ja haluavat rentoutua aidossa mukavuudessa.  S\u00e4hk\u00f6inen jalkatuki on saatavana lis\u00e4varusteena vain uusiin Plaza-sohviin.  Tule tutustumaan Plaza-uutuuteen n\u00e4yttelytilassamme osoitteessa Riia 142, Tartto.","og_url":"https:\/\/bellfire.ee\/fi\/Ei-luokiteltu\/plaza-sahkoinen-jalkatuki\/","og_site_name":"Bellfire","og_image":[{"width":2329,"height":1440,"url":"https:\/\/bellfire.ee\/wp-content\/uploads\/2024\/10\/Plaza-jalatugi-salongis-scaled-e1674812084468.jpg","type":"image\/jpeg"}],"twitter_card":"summary_large_image","schema":{"@context":"https:\/\/schema.org","@graph":[{"@type":"WebPage","@id":"https:\/\/bellfire.ee\/fi\/Ei-luokiteltu\/plaza-sahkoinen-jalkatuki\/","url":"https:\/\/bellfire.ee\/fi\/Ei-luokiteltu\/plaza-sahkoinen-jalkatuki\/","name":"Plaza-s\u00e4hk\u00f6inen jalkatuki - Bellfire","isPartOf":{"@id":"https:\/\/bellfire.ee\/fi\/#website"},"primaryImageOfPage":{"@id":"https:\/\/bellfire.ee\/fi\/Ei-luokiteltu\/plaza-sahkoinen-jalkatuki\/#primaryimage"},"image":{"@id":"https:\/\/bellfire.ee\/fi\/Ei-luokiteltu\/plaza-sahkoinen-jalkatuki\/#primaryimage"},"thumbnailUrl":"https:\/\/bellfire.ee\/wp-content\/uploads\/2024\/10\/Plaza-jalatugi-salongis-scaled-e1674812084468.jpg","datePublished":"2023-01-27T11:35:37+00:00","breadcrumb":{"@id":"https:\/\/bellfire.ee\/fi\/Ei-luokiteltu\/plaza-sahkoinen-jalkatuki\/#breadcrumb"},"inLanguage":"fi","potentialAction":[{"@type":"ReadAction","target":["https:\/\/bellfire.ee\/fi\/Ei-luokiteltu\/plaza-sahkoinen-jalkatuki\/"]}]},{"@type":"ImageObject","inLanguage":"fi","@id":"https:\/\/bellfire.ee\/fi\/Ei-luokiteltu\/plaza-sahkoinen-jalkatuki\/#primaryimage","url":"https:\/\/bellfire.ee\/wp-content\/uploads\/2024\/10\/Plaza-jalatugi-salongis-scaled-e1674812084468.jpg","contentUrl":"https:\/\/bellfire.ee\/wp-content\/uploads\/2024\/10\/Plaza-jalatugi-salongis-scaled-e1674812084468.jpg","width":2329,"height":1440},{"@type":"BreadcrumbList","@id":"https:\/\/bellfire.ee\/fi\/Ei-luokiteltu\/plaza-sahkoinen-jalkatuki\/#breadcrumb","itemListElement":[{"@type":"ListItem","position":1,"name":"Avaleht","item":"https:\/\/bellfire.ee\/fi\/"},{"@type":"ListItem","position":2,"name":"Huonekalut","item":"https:\/\/bellfire.ee\/fi\/huonekalut\/"},{"@type":"ListItem","position":3,"name":"Plaza-s\u00e4hk\u00f6inen jalkatuki"}]},{"@type":"WebSite","@id":"https:\/\/bellfire.ee\/fi\/#website","url":"https:\/\/bellfire.ee\/fi\/","name":"Bellfire","description":"Disainm\u00f6\u00f6bel Sinu koju Eesti pehme m\u00f6\u00f6bli tootjal","publisher":{"@id":"https:\/\/bellfire.ee\/fi\/#organization"},"potentialAction":[{"@type":"SearchAction","target":{"@type":"EntryPoint","urlTemplate":"https:\/\/bellfire.ee\/fi\/?s={search_term_string}"},"query-input":{"@type":"PropertyValueSpecification","valueRequired":true,"valueName":"search_term_string"}}],"inLanguage":"fi"},{"@type":"Organization","@id":"https:\/\/bellfire.ee\/fi\/#organization","name":"Bellfire","url":"https:\/\/bellfire.ee\/fi\/","logo":{"@type":"ImageObject","inLanguage":"fi","@id":"https:\/\/bellfire.ee\/fi\/#\/schema\/logo\/image\/","url":"https:\/\/bellfire.ee\/wp-content\/uploads\/2024\/10\/Site-logo.svg","contentUrl":"https:\/\/bellfire.ee\/wp-content\/uploads\/2024\/10\/Site-logo.svg","width":55,"height":64,"caption":"Bellfire"},"image":{"@id":"https:\/\/bellfire.ee\/fi\/#\/schema\/logo\/image\/"}}]}},"_links":{"self":[{"href":"https:\/\/bellfire.ee\/fi\/wp-json\/wp\/v2\/product\/52934","targetHints":{"allow":["GET"]}}],"collection":[{"href":"https:\/\/bellfire.ee\/fi\/wp-json\/wp\/v2\/product"}],"about":[{"href":"https:\/\/bellfire.ee\/fi\/wp-json\/wp\/v2\/types\/product"}],"wp:featuredmedia":[{"embeddable":true,"href":"https:\/\/bellfire.ee\/fi\/wp-json\/wp\/v2\/media\/41911"}],"wp:attachment":[{"href":"https:\/\/bellfire.ee\/fi\/wp-json\/wp\/v2\/media?parent=52934"}],"wp:term":[{"taxonomy":"wpc-attribute-group","embeddable":true,"href":"https:\/\/bellfire.ee\/fi\/wp-json\/wp\/v2\/wpc-attribute-group?post=52934"},{"taxonomy":"product_brand","embeddable":true,"href":"https:\/\/bellfire.ee\/fi\/wp-json\/wp\/v2\/product_brand?post=52934"},{"taxonomy":"product_cat","embeddable":true,"href":"https:\/\/bellfire.ee\/fi\/wp-json\/wp\/v2\/product_cat?post=52934"},{"taxonomy":"product_tag","embeddable":true,"href":"https:\/\/bellfire.ee\/fi\/wp-json\/wp\/v2\/product_tag?post=52934"}],"curies":[{"name":"wp","href":"https:\/\/api.w.org\/{rel}","templated":true}]}}