{"id":52870,"date":"2021-10-05T08:36:13","date_gmt":"2021-10-05T08:36:13","guid":{"rendered":"https:\/\/bellfire.ee\/Ei-luokiteltu\/megan\/"},"modified":"2021-10-05T08:36:13","modified_gmt":"2021-10-05T08:36:13","slug":"megan","status":"publish","type":"product","link":"https:\/\/bellfire.ee\/fi\/makuuhuone\/sangyt\/megan\/","title":{"rendered":"Megan"},"content":{"rendered":"<p>Hinta sis\u00e4lt\u00e4\u00e4 s\u00e4ngyn rungon ja p\u00e4\u00e4dyn (patja ja\/tai topperi saatavilla erikseen alla olevista vaihtoehdoista).<br \/>\nMegan-s\u00e4nky on suunniteltu niille, jotka haluavat erottuvan s\u00e4ngyn vaikuttavalla muotoilulla makuuhuoneeseensa. Sek\u00e4 p\u00e4\u00e4ty ett\u00e4 s\u00e4ngyn runko ovat pehmeit\u00e4 ja pehmustettuja, joten se on kaunis katsottava joka kulmasta. Voit sijoittaa s\u00e4ngyn jopa huoneen keskelle!<\/p>\n<p>Megan-s\u00e4ngyn kevyt ja ilmava muoto korostuu sen korkeilla 15 cm jaloilla, jotka mahdollistavat robottip\u00f6lynimurin helpon p\u00e4\u00e4syn s\u00e4ngyn alle. Voit valita kuudesta eri leveydest\u00e4, alkaen 80 cm ja aina superleve\u00e4\u00e4n 180 cm asti. Ei ole ep\u00e4ilyst\u00e4k\u00e4\u00e4n, ett\u00e4 jokainen l\u00f6yt\u00e4\u00e4 t\u00e4ydellisen koon. S\u00e4nkyyn kuuluu Royal Hard -patja.<\/p>\n<p>Koko kangasvalikoima on n\u00e4ht\u00e4vill\u00e4 n\u00e4yttelytilassamme osoitteessa Riia 142, Tartto.<\/p>\n<p>Huomioithan, ett\u00e4 todellinen v\u00e4ri voi poiketa n\u00e4yt\u00f6ll\u00e4 n\u00e4kyv\u00e4st\u00e4. Suosittelemme v\u00e4rien tarkistamista n\u00e4yttelytilassamme.<\/p>\n","protected":false},"excerpt":{"rendered":"<p>Hinta sis\u00e4lt\u00e4\u00e4 s\u00e4ngyn rungon ja p\u00e4\u00e4dyn (patja ja\/tai topperi saatavilla erikseen alla olevista vaihtoehdoista).<br \/>\nMegan-s\u00e4nky on suunniteltu niille, jotka haluavat erottuvan s\u00e4ngyn vaikuttavalla muotoilulla makuuhuoneeseensa. Sek\u00e4 p\u00e4\u00e4ty ett\u00e4 s\u00e4ngyn runko ovat pehmeit\u00e4 ja pehmustettuja, joten se on kaunis katsottava joka kulmasta. Voit sijoittaa s\u00e4ngyn jopa huoneen keskelle!<\/p>\n<p>Megan-s\u00e4ngyn kevyt ja ilmava muoto korostuu sen korkeilla 15 cm jaloilla, jotka mahdollistavat robottip\u00f6lynimurin helpon p\u00e4\u00e4syn s\u00e4ngyn alle. Voit valita kuudesta eri leveydest\u00e4, alkaen 80 cm ja aina superleve\u00e4\u00e4n 180 cm asti. Ei ole ep\u00e4ilyst\u00e4k\u00e4\u00e4n, ett\u00e4 jokainen l\u00f6yt\u00e4\u00e4 t\u00e4ydellisen koon. S\u00e4nkyyn kuuluu Royal Hard -patja.<\/p>\n<p>Koko kangasvalikoima on n\u00e4ht\u00e4vill\u00e4 n\u00e4yttelytilassamme osoitteessa Riia 142, Tartto.<\/p>\n<p>Huomioithan, ett\u00e4 todellinen v\u00e4ri voi poiketa n\u00e4yt\u00f6ll\u00e4 n\u00e4kyv\u00e4st\u00e4. Suosittelemme v\u00e4rien tarkistamista n\u00e4yttelytilassamme.<\/p>\n","protected":false},"featured_media":69646,"template":"","meta":{"_acf_changed":false},"wpc-attribute-group":[],"product_brand":[],"product_cat":[2238,2240],"product_tag":[],"class_list":{"0":"post-52870","1":"product","2":"type-product","3":"status-publish","4":"has-post-thumbnail","6":"product_cat-sangyt","7":"product_cat-makuuhuone","8":"pa_e-poe-kangavalik-soro-40-fi","9":"pa_e-poe-kangavalik-stella-35-fi","10":"pa_e-poe-kangavalik-stella-39-fi","11":"pa_e-poe-kangavalik-stella-46-fi","12":"pa_e-poe-kangavalik-stella-51-fi","13":"pa_e-poe-kangavalik-stella-53-fi","15":"first","16":"instock","17":"taxable","18":"shipping-taxable","19":"purchasable","20":"product-type-variable","21":"add-to-wishlist-after_add_to_cart"},"acf":[],"yoast_head":"<!-- This site is optimized with the Yoast SEO plugin v26.1 - https:\/\/yoast.com\/wordpress\/plugins\/seo\/ -->\n<title>Megan - Bellfire<\/title>\n<meta name=\"robots\" content=\"index, follow, max-snippet:-1, max-image-preview:large, max-video-preview:-1\" \/>\n<link rel=\"canonical\" href=\"https:\/\/bellfire.ee\/fi\/makuuhuone\/sangyt\/megan\/\" \/>\n<meta property=\"og:locale\" content=\"fi_FI\" \/>\n<meta property=\"og:type\" content=\"article\" \/>\n<meta property=\"og:title\" content=\"Megan - Bellfire\" \/>\n<meta property=\"og:description\" content=\"Hinta sis\u00e4lt\u00e4\u00e4 s\u00e4ngyn rungon ja p\u00e4\u00e4dyn (patja ja\/tai topperi saatavilla erikseen alla olevista vaihtoehdoista). Megan-s\u00e4nky on suunniteltu niille, jotka haluavat erottuvan s\u00e4ngyn vaikuttavalla muotoilulla makuuhuoneeseensa. Sek\u00e4 p\u00e4\u00e4ty ett\u00e4 s\u00e4ngyn runko ovat pehmeit\u00e4 ja pehmustettuja, joten se on kaunis katsottava joka kulmasta. Voit sijoittaa s\u00e4ngyn jopa huoneen keskelle!  Megan-s\u00e4ngyn kevyt ja ilmava muoto korostuu sen korkeilla 15 cm jaloilla, jotka mahdollistavat robottip\u00f6lynimurin helpon p\u00e4\u00e4syn s\u00e4ngyn alle. Voit valita kuudesta eri leveydest\u00e4, alkaen 80 cm ja aina superleve\u00e4\u00e4n 180 cm asti. Ei ole ep\u00e4ilyst\u00e4k\u00e4\u00e4n, ett\u00e4 jokainen l\u00f6yt\u00e4\u00e4 t\u00e4ydellisen koon. S\u00e4nkyyn kuuluu Royal Hard -patja.  Koko kangasvalikoima on n\u00e4ht\u00e4vill\u00e4 n\u00e4yttelytilassamme osoitteessa Riia 142, Tartto.  Huomioithan, ett\u00e4 todellinen v\u00e4ri voi poiketa n\u00e4yt\u00f6ll\u00e4 n\u00e4kyv\u00e4st\u00e4. Suosittelemme v\u00e4rien tarkistamista n\u00e4yttelytilassamme.\" \/>\n<meta property=\"og:url\" content=\"https:\/\/bellfire.ee\/fi\/makuuhuone\/sangyt\/megan\/\" \/>\n<meta property=\"og:site_name\" content=\"Bellfire\" \/>\n<meta property=\"og:image\" content=\"https:\/\/bellfire.ee\/wp-content\/uploads\/2021\/10\/megan-ikoon-3-scaled.jpg\" \/>\n\t<meta property=\"og:image:width\" content=\"2560\" \/>\n\t<meta property=\"og:image:height\" content=\"1696\" \/>\n\t<meta property=\"og:image:type\" content=\"image\/jpeg\" \/>\n<meta name=\"twitter:card\" content=\"summary_large_image\" \/>\n<meta name=\"twitter:label1\" content=\"Arvioitu lukuaika\" \/>\n\t<meta name=\"twitter:data1\" content=\"1 minuutti\" \/>\n<script type=\"application\/ld+json\" class=\"yoast-schema-graph\">{\"@context\":\"https:\/\/schema.org\",\"@graph\":[{\"@type\":\"WebPage\",\"@id\":\"https:\/\/bellfire.ee\/fi\/makuuhuone\/sangyt\/megan\/\",\"url\":\"https:\/\/bellfire.ee\/fi\/makuuhuone\/sangyt\/megan\/\",\"name\":\"Megan - Bellfire\",\"isPartOf\":{\"@id\":\"https:\/\/bellfire.ee\/fi\/#website\"},\"primaryImageOfPage\":{\"@id\":\"https:\/\/bellfire.ee\/fi\/makuuhuone\/sangyt\/megan\/#primaryimage\"},\"image\":{\"@id\":\"https:\/\/bellfire.ee\/fi\/makuuhuone\/sangyt\/megan\/#primaryimage\"},\"thumbnailUrl\":\"https:\/\/bellfire.ee\/wp-content\/uploads\/2021\/10\/Megan_Stella_35_Graphite_L_84_oak.jpg\",\"datePublished\":\"2021-10-05T08:36:13+00:00\",\"breadcrumb\":{\"@id\":\"https:\/\/bellfire.ee\/fi\/makuuhuone\/sangyt\/megan\/#breadcrumb\"},\"inLanguage\":\"fi\",\"potentialAction\":[{\"@type\":\"ReadAction\",\"target\":[\"https:\/\/bellfire.ee\/fi\/makuuhuone\/sangyt\/megan\/\"]}]},{\"@type\":\"ImageObject\",\"inLanguage\":\"fi\",\"@id\":\"https:\/\/bellfire.ee\/fi\/makuuhuone\/sangyt\/megan\/#primaryimage\",\"url\":\"https:\/\/bellfire.ee\/wp-content\/uploads\/2021\/10\/Megan_Stella_35_Graphite_L_84_oak.jpg\",\"contentUrl\":\"https:\/\/bellfire.ee\/wp-content\/uploads\/2021\/10\/Megan_Stella_35_Graphite_L_84_oak.jpg\",\"width\":1080,\"height\":1080},{\"@type\":\"BreadcrumbList\",\"@id\":\"https:\/\/bellfire.ee\/fi\/makuuhuone\/sangyt\/megan\/#breadcrumb\",\"itemListElement\":[{\"@type\":\"ListItem\",\"position\":1,\"name\":\"Avaleht\",\"item\":\"https:\/\/bellfire.ee\/fi\/\"},{\"@type\":\"ListItem\",\"position\":2,\"name\":\"Huonekalut\",\"item\":\"https:\/\/bellfire.ee\/fi\/huonekalut\/\"},{\"@type\":\"ListItem\",\"position\":3,\"name\":\"Megan\"}]},{\"@type\":\"WebSite\",\"@id\":\"https:\/\/bellfire.ee\/fi\/#website\",\"url\":\"https:\/\/bellfire.ee\/fi\/\",\"name\":\"Bellfire\",\"description\":\"Disainm\u00f6\u00f6bel Sinu koju Eesti pehme m\u00f6\u00f6bli tootjal\",\"publisher\":{\"@id\":\"https:\/\/bellfire.ee\/fi\/#organization\"},\"potentialAction\":[{\"@type\":\"SearchAction\",\"target\":{\"@type\":\"EntryPoint\",\"urlTemplate\":\"https:\/\/bellfire.ee\/fi\/?s={search_term_string}\"},\"query-input\":{\"@type\":\"PropertyValueSpecification\",\"valueRequired\":true,\"valueName\":\"search_term_string\"}}],\"inLanguage\":\"fi\"},{\"@type\":\"Organization\",\"@id\":\"https:\/\/bellfire.ee\/fi\/#organization\",\"name\":\"Bellfire\",\"url\":\"https:\/\/bellfire.ee\/fi\/\",\"logo\":{\"@type\":\"ImageObject\",\"inLanguage\":\"fi\",\"@id\":\"https:\/\/bellfire.ee\/fi\/#\/schema\/logo\/image\/\",\"url\":\"https:\/\/bellfire.ee\/wp-content\/uploads\/2024\/10\/Site-logo.svg\",\"contentUrl\":\"https:\/\/bellfire.ee\/wp-content\/uploads\/2024\/10\/Site-logo.svg\",\"width\":55,\"height\":64,\"caption\":\"Bellfire\"},\"image\":{\"@id\":\"https:\/\/bellfire.ee\/fi\/#\/schema\/logo\/image\/\"}}]}<\/script>\n<!-- \/ Yoast SEO plugin. -->","yoast_head_json":{"title":"Megan - Bellfire","robots":{"index":"index","follow":"follow","max-snippet":"max-snippet:-1","max-image-preview":"max-image-preview:large","max-video-preview":"max-video-preview:-1"},"canonical":"https:\/\/bellfire.ee\/fi\/makuuhuone\/sangyt\/megan\/","og_locale":"fi_FI","og_type":"article","og_title":"Megan - Bellfire","og_description":"Hinta sis\u00e4lt\u00e4\u00e4 s\u00e4ngyn rungon ja p\u00e4\u00e4dyn (patja ja\/tai topperi saatavilla erikseen alla olevista vaihtoehdoista). Megan-s\u00e4nky on suunniteltu niille, jotka haluavat erottuvan s\u00e4ngyn vaikuttavalla muotoilulla makuuhuoneeseensa. Sek\u00e4 p\u00e4\u00e4ty ett\u00e4 s\u00e4ngyn runko ovat pehmeit\u00e4 ja pehmustettuja, joten se on kaunis katsottava joka kulmasta. Voit sijoittaa s\u00e4ngyn jopa huoneen keskelle!  Megan-s\u00e4ngyn kevyt ja ilmava muoto korostuu sen korkeilla 15 cm jaloilla, jotka mahdollistavat robottip\u00f6lynimurin helpon p\u00e4\u00e4syn s\u00e4ngyn alle. Voit valita kuudesta eri leveydest\u00e4, alkaen 80 cm ja aina superleve\u00e4\u00e4n 180 cm asti. Ei ole ep\u00e4ilyst\u00e4k\u00e4\u00e4n, ett\u00e4 jokainen l\u00f6yt\u00e4\u00e4 t\u00e4ydellisen koon. S\u00e4nkyyn kuuluu Royal Hard -patja.  Koko kangasvalikoima on n\u00e4ht\u00e4vill\u00e4 n\u00e4yttelytilassamme osoitteessa Riia 142, Tartto.  Huomioithan, ett\u00e4 todellinen v\u00e4ri voi poiketa n\u00e4yt\u00f6ll\u00e4 n\u00e4kyv\u00e4st\u00e4. Suosittelemme v\u00e4rien tarkistamista n\u00e4yttelytilassamme.","og_url":"https:\/\/bellfire.ee\/fi\/makuuhuone\/sangyt\/megan\/","og_site_name":"Bellfire","og_image":[{"width":2560,"height":1696,"url":"https:\/\/bellfire.ee\/wp-content\/uploads\/2021\/10\/megan-ikoon-3-scaled.jpg","type":"image\/jpeg"}],"twitter_card":"summary_large_image","twitter_misc":{"Arvioitu lukuaika":"1 minuutti"},"schema":{"@context":"https:\/\/schema.org","@graph":[{"@type":"WebPage","@id":"https:\/\/bellfire.ee\/fi\/makuuhuone\/sangyt\/megan\/","url":"https:\/\/bellfire.ee\/fi\/makuuhuone\/sangyt\/megan\/","name":"Megan - Bellfire","isPartOf":{"@id":"https:\/\/bellfire.ee\/fi\/#website"},"primaryImageOfPage":{"@id":"https:\/\/bellfire.ee\/fi\/makuuhuone\/sangyt\/megan\/#primaryimage"},"image":{"@id":"https:\/\/bellfire.ee\/fi\/makuuhuone\/sangyt\/megan\/#primaryimage"},"thumbnailUrl":"https:\/\/bellfire.ee\/wp-content\/uploads\/2021\/10\/Megan_Stella_35_Graphite_L_84_oak.jpg","datePublished":"2021-10-05T08:36:13+00:00","breadcrumb":{"@id":"https:\/\/bellfire.ee\/fi\/makuuhuone\/sangyt\/megan\/#breadcrumb"},"inLanguage":"fi","potentialAction":[{"@type":"ReadAction","target":["https:\/\/bellfire.ee\/fi\/makuuhuone\/sangyt\/megan\/"]}]},{"@type":"ImageObject","inLanguage":"fi","@id":"https:\/\/bellfire.ee\/fi\/makuuhuone\/sangyt\/megan\/#primaryimage","url":"https:\/\/bellfire.ee\/wp-content\/uploads\/2021\/10\/Megan_Stella_35_Graphite_L_84_oak.jpg","contentUrl":"https:\/\/bellfire.ee\/wp-content\/uploads\/2021\/10\/Megan_Stella_35_Graphite_L_84_oak.jpg","width":1080,"height":1080},{"@type":"BreadcrumbList","@id":"https:\/\/bellfire.ee\/fi\/makuuhuone\/sangyt\/megan\/#breadcrumb","itemListElement":[{"@type":"ListItem","position":1,"name":"Avaleht","item":"https:\/\/bellfire.ee\/fi\/"},{"@type":"ListItem","position":2,"name":"Huonekalut","item":"https:\/\/bellfire.ee\/fi\/huonekalut\/"},{"@type":"ListItem","position":3,"name":"Megan"}]},{"@type":"WebSite","@id":"https:\/\/bellfire.ee\/fi\/#website","url":"https:\/\/bellfire.ee\/fi\/","name":"Bellfire","description":"Disainm\u00f6\u00f6bel Sinu koju Eesti pehme m\u00f6\u00f6bli tootjal","publisher":{"@id":"https:\/\/bellfire.ee\/fi\/#organization"},"potentialAction":[{"@type":"SearchAction","target":{"@type":"EntryPoint","urlTemplate":"https:\/\/bellfire.ee\/fi\/?s={search_term_string}"},"query-input":{"@type":"PropertyValueSpecification","valueRequired":true,"valueName":"search_term_string"}}],"inLanguage":"fi"},{"@type":"Organization","@id":"https:\/\/bellfire.ee\/fi\/#organization","name":"Bellfire","url":"https:\/\/bellfire.ee\/fi\/","logo":{"@type":"ImageObject","inLanguage":"fi","@id":"https:\/\/bellfire.ee\/fi\/#\/schema\/logo\/image\/","url":"https:\/\/bellfire.ee\/wp-content\/uploads\/2024\/10\/Site-logo.svg","contentUrl":"https:\/\/bellfire.ee\/wp-content\/uploads\/2024\/10\/Site-logo.svg","width":55,"height":64,"caption":"Bellfire"},"image":{"@id":"https:\/\/bellfire.ee\/fi\/#\/schema\/logo\/image\/"}}]}},"_links":{"self":[{"href":"https:\/\/bellfire.ee\/fi\/wp-json\/wp\/v2\/product\/52870","targetHints":{"allow":["GET"]}}],"collection":[{"href":"https:\/\/bellfire.ee\/fi\/wp-json\/wp\/v2\/product"}],"about":[{"href":"https:\/\/bellfire.ee\/fi\/wp-json\/wp\/v2\/types\/product"}],"wp:featuredmedia":[{"embeddable":true,"href":"https:\/\/bellfire.ee\/fi\/wp-json\/wp\/v2\/media\/69646"}],"wp:attachment":[{"href":"https:\/\/bellfire.ee\/fi\/wp-json\/wp\/v2\/media?parent=52870"}],"wp:term":[{"taxonomy":"wpc-attribute-group","embeddable":true,"href":"https:\/\/bellfire.ee\/fi\/wp-json\/wp\/v2\/wpc-attribute-group?post=52870"},{"taxonomy":"product_brand","embeddable":true,"href":"https:\/\/bellfire.ee\/fi\/wp-json\/wp\/v2\/product_brand?post=52870"},{"taxonomy":"product_cat","embeddable":true,"href":"https:\/\/bellfire.ee\/fi\/wp-json\/wp\/v2\/product_cat?post=52870"},{"taxonomy":"product_tag","embeddable":true,"href":"https:\/\/bellfire.ee\/fi\/wp-json\/wp\/v2\/product_tag?post=52870"}],"curies":[{"name":"wp","href":"https:\/\/api.w.org\/{rel}","templated":true}]}}