{"id":52698,"date":"2023-09-26T11:19:49","date_gmt":"2023-09-26T11:19:49","guid":{"rendered":"https:\/\/bellfire.ee\/Ei-luokiteltu\/tropez\/"},"modified":"2023-09-26T11:19:49","modified_gmt":"2023-09-26T11:19:49","slug":"tropez","status":"publish","type":"product","link":"https:\/\/bellfire.ee\/fi\/olohuone\/sohvat\/tropez\/","title":{"rendered":"Tropez"},"content":{"rendered":"<p>Moduulisohva Tropezissa yhdistyv\u00e4t retrohenkiset, virtaviivaiset muodot, jotka kutsuvat nauttimaan mukavuudesta ja rentoutumisesta. Taskujousitetut istuimet tarjoavat erinomaisen tuen keholle ja varmistavat sohvan muodon pitk\u00e4ik\u00e4isyyden. Moduulisohva sopii t\u00e4ydellisesti mihin tahansa tilaan, sill\u00e4 sen osat voidaan j\u00e4rjest\u00e4\u00e4 sisustukseesi sopivalla tavalla. Tropez voi olla tavallinen sohva, n\u00e4ytt\u00e4v\u00e4 ja k\u00e4yt\u00e4nn\u00f6llinen kulmasohva tai yhdistelm\u00e4 sohvaa, nojatuolia ja rahia. Modulien rungot ovat kest\u00e4vi\u00e4 ja valmistettu luonnonmateriaaleista: koivuvanerista ja kuusesta. Sohva lep\u00e4\u00e4 piilotettujen jalkojen varassa.<\/p>\n<p>Suositeltu verhoilukangas, Over the Horizon, on miellytt\u00e4v\u00e4n pehme\u00e4 ja siin\u00e4 on hienovarainen raidallinen tekstuuri.<\/p>\n<p>Voit tutustua koko kangasvalikoimaan n\u00e4yttelytilassamme osoitteessa Riia 142, Tartto.<\/p>\n<p><strong>Huomioithan, ett\u00e4 v\u00e4rit voivat poiketa n\u00e4yt\u00f6ll\u00e4 n\u00e4kyv\u00e4st\u00e4. Suosittelemme tarkistamaan v\u00e4rit n\u00e4yttelytilassamme.<\/strong><\/p>\n","protected":false},"excerpt":{"rendered":"<p>Moduulisohva Tropezissa yhdistyv\u00e4t retrohenkiset, virtaviivaiset muodot, jotka kutsuvat nauttimaan mukavuudesta ja rentoutumisesta. Taskujousitetut istuimet tarjoavat erinomaisen tuen keholle ja varmistavat sohvan muodon pitk\u00e4ik\u00e4isyyden. Moduulisohva sopii t\u00e4ydellisesti mihin tahansa tilaan, sill\u00e4 sen osat voidaan j\u00e4rjest\u00e4\u00e4 sisustukseesi sopivalla tavalla. Tropez voi olla tavallinen sohva, n\u00e4ytt\u00e4v\u00e4 ja k\u00e4yt\u00e4nn\u00f6llinen kulmasohva tai yhdistelm\u00e4 sohvaa, nojatuolia ja rahia. Modulien rungot ovat kest\u00e4vi\u00e4 ja valmistettu luonnonmateriaaleista: koivuvanerista ja kuusesta. Sohva lep\u00e4\u00e4 piilotettujen jalkojen varassa.<\/p>\n<p>Suositeltu verhoilukangas, Over the Horizon, on miellytt\u00e4v\u00e4n pehme\u00e4 ja siin\u00e4 on hienovarainen raidallinen tekstuuri.<\/p>\n<p>Voit tutustua koko kangasvalikoimaan n\u00e4yttelytilassamme osoitteessa Riia 142, Tartto.<\/p>\n<p><strong>Huomioithan, ett\u00e4 v\u00e4rit voivat poiketa n\u00e4yt\u00f6ll\u00e4 n\u00e4kyv\u00e4st\u00e4. Suosittelemme tarkistamaan v\u00e4rit n\u00e4yttelytilassamme.<\/strong><\/p>\n","protected":false},"featured_media":62315,"template":"","meta":{"_acf_changed":false},"wpc-attribute-group":[],"product_brand":[],"product_cat":[2233,2235],"product_tag":[],"class_list":{"0":"post-52698","1":"product","2":"type-product","3":"status-publish","4":"has-post-thumbnail","6":"product_cat-olohuone","7":"product_cat-sohvat","8":"pa_e-poe-kangavalik-over-the-horizon-11-fi","9":"pa_e-poe-kangavalik-over-the-horizon-54-fi","10":"pa_e-poe-kangavalik-over-the-horizon-38-fi","11":"pa_e-poe-kangavalik-over-the-horizon-78-fi","12":"pa_e-poe-kangavalik-over-the-horizon-97-fi","14":"first","15":"instock","16":"taxable","17":"shipping-taxable","18":"purchasable","19":"product-type-variable","20":"add-to-wishlist-after_add_to_cart"},"acf":[],"yoast_head":"<!-- This site is optimized with the Yoast SEO plugin v26.1 - https:\/\/yoast.com\/wordpress\/plugins\/seo\/ -->\n<title>Tropez - Bellfire<\/title>\n<meta name=\"robots\" content=\"index, follow, max-snippet:-1, max-image-preview:large, max-video-preview:-1\" \/>\n<link rel=\"canonical\" href=\"https:\/\/bellfire.ee\/fi\/olohuone\/sohvat\/tropez\/\" \/>\n<meta property=\"og:locale\" content=\"fi_FI\" \/>\n<meta property=\"og:type\" content=\"article\" \/>\n<meta property=\"og:title\" content=\"Tropez - Bellfire\" \/>\n<meta property=\"og:description\" content=\"Moduulisohva Tropezissa yhdistyv\u00e4t retrohenkiset, virtaviivaiset muodot, jotka kutsuvat nauttimaan mukavuudesta ja rentoutumisesta. Taskujousitetut istuimet tarjoavat erinomaisen tuen keholle ja varmistavat sohvan muodon pitk\u00e4ik\u00e4isyyden. Moduulisohva sopii t\u00e4ydellisesti mihin tahansa tilaan, sill\u00e4 sen osat voidaan j\u00e4rjest\u00e4\u00e4 sisustukseesi sopivalla tavalla. Tropez voi olla tavallinen sohva, n\u00e4ytt\u00e4v\u00e4 ja k\u00e4yt\u00e4nn\u00f6llinen kulmasohva tai yhdistelm\u00e4 sohvaa, nojatuolia ja rahia. Modulien rungot ovat kest\u00e4vi\u00e4 ja valmistettu luonnonmateriaaleista: koivuvanerista ja kuusesta. Sohva lep\u00e4\u00e4 piilotettujen jalkojen varassa.  Suositeltu verhoilukangas, Over the Horizon, on miellytt\u00e4v\u00e4n pehme\u00e4 ja siin\u00e4 on hienovarainen raidallinen tekstuuri.  Voit tutustua koko kangasvalikoimaan n\u00e4yttelytilassamme osoitteessa Riia 142, Tartto.  Huomioithan, ett\u00e4 v\u00e4rit voivat poiketa n\u00e4yt\u00f6ll\u00e4 n\u00e4kyv\u00e4st\u00e4. Suosittelemme tarkistamaan v\u00e4rit n\u00e4yttelytilassamme.\" \/>\n<meta property=\"og:url\" content=\"https:\/\/bellfire.ee\/fi\/olohuone\/sohvat\/tropez\/\" \/>\n<meta property=\"og:site_name\" content=\"Bellfire\" \/>\n<meta property=\"og:image\" content=\"https:\/\/bellfire.ee\/wp-content\/uploads\/2024\/10\/Tropez-over-the-horizon-78.jpg\" \/>\n\t<meta property=\"og:image:width\" content=\"1920\" \/>\n\t<meta property=\"og:image:height\" content=\"1080\" \/>\n\t<meta property=\"og:image:type\" content=\"image\/jpeg\" \/>\n<meta name=\"twitter:card\" content=\"summary_large_image\" \/>\n<meta name=\"twitter:label1\" content=\"Arvioitu lukuaika\" \/>\n\t<meta name=\"twitter:data1\" content=\"1 minuutti\" \/>\n<script type=\"application\/ld+json\" class=\"yoast-schema-graph\">{\"@context\":\"https:\/\/schema.org\",\"@graph\":[{\"@type\":\"WebPage\",\"@id\":\"https:\/\/bellfire.ee\/fi\/olohuone\/sohvat\/tropez\/\",\"url\":\"https:\/\/bellfire.ee\/fi\/olohuone\/sohvat\/tropez\/\",\"name\":\"Tropez - Bellfire\",\"isPartOf\":{\"@id\":\"https:\/\/bellfire.ee\/fi\/#website\"},\"primaryImageOfPage\":{\"@id\":\"https:\/\/bellfire.ee\/fi\/olohuone\/sohvat\/tropez\/#primaryimage\"},\"image\":{\"@id\":\"https:\/\/bellfire.ee\/fi\/olohuone\/sohvat\/tropez\/#primaryimage\"},\"thumbnailUrl\":\"https:\/\/bellfire.ee\/wp-content\/uploads\/2023\/09\/Tropez-S.jpg\",\"datePublished\":\"2023-09-26T11:19:49+00:00\",\"breadcrumb\":{\"@id\":\"https:\/\/bellfire.ee\/fi\/olohuone\/sohvat\/tropez\/#breadcrumb\"},\"inLanguage\":\"fi\",\"potentialAction\":[{\"@type\":\"ReadAction\",\"target\":[\"https:\/\/bellfire.ee\/fi\/olohuone\/sohvat\/tropez\/\"]}]},{\"@type\":\"ImageObject\",\"inLanguage\":\"fi\",\"@id\":\"https:\/\/bellfire.ee\/fi\/olohuone\/sohvat\/tropez\/#primaryimage\",\"url\":\"https:\/\/bellfire.ee\/wp-content\/uploads\/2023\/09\/Tropez-S.jpg\",\"contentUrl\":\"https:\/\/bellfire.ee\/wp-content\/uploads\/2023\/09\/Tropez-S.jpg\",\"width\":1200,\"height\":800},{\"@type\":\"BreadcrumbList\",\"@id\":\"https:\/\/bellfire.ee\/fi\/olohuone\/sohvat\/tropez\/#breadcrumb\",\"itemListElement\":[{\"@type\":\"ListItem\",\"position\":1,\"name\":\"Avaleht\",\"item\":\"https:\/\/bellfire.ee\/fi\/\"},{\"@type\":\"ListItem\",\"position\":2,\"name\":\"Huonekalut\",\"item\":\"https:\/\/bellfire.ee\/fi\/huonekalut\/\"},{\"@type\":\"ListItem\",\"position\":3,\"name\":\"Tropez\"}]},{\"@type\":\"WebSite\",\"@id\":\"https:\/\/bellfire.ee\/fi\/#website\",\"url\":\"https:\/\/bellfire.ee\/fi\/\",\"name\":\"Bellfire\",\"description\":\"Disainm\u00f6\u00f6bel Sinu koju Eesti pehme m\u00f6\u00f6bli tootjal\",\"publisher\":{\"@id\":\"https:\/\/bellfire.ee\/fi\/#organization\"},\"potentialAction\":[{\"@type\":\"SearchAction\",\"target\":{\"@type\":\"EntryPoint\",\"urlTemplate\":\"https:\/\/bellfire.ee\/fi\/?s={search_term_string}\"},\"query-input\":{\"@type\":\"PropertyValueSpecification\",\"valueRequired\":true,\"valueName\":\"search_term_string\"}}],\"inLanguage\":\"fi\"},{\"@type\":\"Organization\",\"@id\":\"https:\/\/bellfire.ee\/fi\/#organization\",\"name\":\"Bellfire\",\"url\":\"https:\/\/bellfire.ee\/fi\/\",\"logo\":{\"@type\":\"ImageObject\",\"inLanguage\":\"fi\",\"@id\":\"https:\/\/bellfire.ee\/fi\/#\/schema\/logo\/image\/\",\"url\":\"https:\/\/bellfire.ee\/wp-content\/uploads\/2024\/10\/Site-logo.svg\",\"contentUrl\":\"https:\/\/bellfire.ee\/wp-content\/uploads\/2024\/10\/Site-logo.svg\",\"width\":55,\"height\":64,\"caption\":\"Bellfire\"},\"image\":{\"@id\":\"https:\/\/bellfire.ee\/fi\/#\/schema\/logo\/image\/\"}}]}<\/script>\n<!-- \/ Yoast SEO plugin. -->","yoast_head_json":{"title":"Tropez - Bellfire","robots":{"index":"index","follow":"follow","max-snippet":"max-snippet:-1","max-image-preview":"max-image-preview:large","max-video-preview":"max-video-preview:-1"},"canonical":"https:\/\/bellfire.ee\/fi\/olohuone\/sohvat\/tropez\/","og_locale":"fi_FI","og_type":"article","og_title":"Tropez - Bellfire","og_description":"Moduulisohva Tropezissa yhdistyv\u00e4t retrohenkiset, virtaviivaiset muodot, jotka kutsuvat nauttimaan mukavuudesta ja rentoutumisesta. Taskujousitetut istuimet tarjoavat erinomaisen tuen keholle ja varmistavat sohvan muodon pitk\u00e4ik\u00e4isyyden. Moduulisohva sopii t\u00e4ydellisesti mihin tahansa tilaan, sill\u00e4 sen osat voidaan j\u00e4rjest\u00e4\u00e4 sisustukseesi sopivalla tavalla. Tropez voi olla tavallinen sohva, n\u00e4ytt\u00e4v\u00e4 ja k\u00e4yt\u00e4nn\u00f6llinen kulmasohva tai yhdistelm\u00e4 sohvaa, nojatuolia ja rahia. Modulien rungot ovat kest\u00e4vi\u00e4 ja valmistettu luonnonmateriaaleista: koivuvanerista ja kuusesta. Sohva lep\u00e4\u00e4 piilotettujen jalkojen varassa.  Suositeltu verhoilukangas, Over the Horizon, on miellytt\u00e4v\u00e4n pehme\u00e4 ja siin\u00e4 on hienovarainen raidallinen tekstuuri.  Voit tutustua koko kangasvalikoimaan n\u00e4yttelytilassamme osoitteessa Riia 142, Tartto.  Huomioithan, ett\u00e4 v\u00e4rit voivat poiketa n\u00e4yt\u00f6ll\u00e4 n\u00e4kyv\u00e4st\u00e4. Suosittelemme tarkistamaan v\u00e4rit n\u00e4yttelytilassamme.","og_url":"https:\/\/bellfire.ee\/fi\/olohuone\/sohvat\/tropez\/","og_site_name":"Bellfire","og_image":[{"width":1920,"height":1080,"url":"https:\/\/bellfire.ee\/wp-content\/uploads\/2024\/10\/Tropez-over-the-horizon-78.jpg","type":"image\/jpeg"}],"twitter_card":"summary_large_image","twitter_misc":{"Arvioitu lukuaika":"1 minuutti"},"schema":{"@context":"https:\/\/schema.org","@graph":[{"@type":"WebPage","@id":"https:\/\/bellfire.ee\/fi\/olohuone\/sohvat\/tropez\/","url":"https:\/\/bellfire.ee\/fi\/olohuone\/sohvat\/tropez\/","name":"Tropez - Bellfire","isPartOf":{"@id":"https:\/\/bellfire.ee\/fi\/#website"},"primaryImageOfPage":{"@id":"https:\/\/bellfire.ee\/fi\/olohuone\/sohvat\/tropez\/#primaryimage"},"image":{"@id":"https:\/\/bellfire.ee\/fi\/olohuone\/sohvat\/tropez\/#primaryimage"},"thumbnailUrl":"https:\/\/bellfire.ee\/wp-content\/uploads\/2023\/09\/Tropez-S.jpg","datePublished":"2023-09-26T11:19:49+00:00","breadcrumb":{"@id":"https:\/\/bellfire.ee\/fi\/olohuone\/sohvat\/tropez\/#breadcrumb"},"inLanguage":"fi","potentialAction":[{"@type":"ReadAction","target":["https:\/\/bellfire.ee\/fi\/olohuone\/sohvat\/tropez\/"]}]},{"@type":"ImageObject","inLanguage":"fi","@id":"https:\/\/bellfire.ee\/fi\/olohuone\/sohvat\/tropez\/#primaryimage","url":"https:\/\/bellfire.ee\/wp-content\/uploads\/2023\/09\/Tropez-S.jpg","contentUrl":"https:\/\/bellfire.ee\/wp-content\/uploads\/2023\/09\/Tropez-S.jpg","width":1200,"height":800},{"@type":"BreadcrumbList","@id":"https:\/\/bellfire.ee\/fi\/olohuone\/sohvat\/tropez\/#breadcrumb","itemListElement":[{"@type":"ListItem","position":1,"name":"Avaleht","item":"https:\/\/bellfire.ee\/fi\/"},{"@type":"ListItem","position":2,"name":"Huonekalut","item":"https:\/\/bellfire.ee\/fi\/huonekalut\/"},{"@type":"ListItem","position":3,"name":"Tropez"}]},{"@type":"WebSite","@id":"https:\/\/bellfire.ee\/fi\/#website","url":"https:\/\/bellfire.ee\/fi\/","name":"Bellfire","description":"Disainm\u00f6\u00f6bel Sinu koju Eesti pehme m\u00f6\u00f6bli tootjal","publisher":{"@id":"https:\/\/bellfire.ee\/fi\/#organization"},"potentialAction":[{"@type":"SearchAction","target":{"@type":"EntryPoint","urlTemplate":"https:\/\/bellfire.ee\/fi\/?s={search_term_string}"},"query-input":{"@type":"PropertyValueSpecification","valueRequired":true,"valueName":"search_term_string"}}],"inLanguage":"fi"},{"@type":"Organization","@id":"https:\/\/bellfire.ee\/fi\/#organization","name":"Bellfire","url":"https:\/\/bellfire.ee\/fi\/","logo":{"@type":"ImageObject","inLanguage":"fi","@id":"https:\/\/bellfire.ee\/fi\/#\/schema\/logo\/image\/","url":"https:\/\/bellfire.ee\/wp-content\/uploads\/2024\/10\/Site-logo.svg","contentUrl":"https:\/\/bellfire.ee\/wp-content\/uploads\/2024\/10\/Site-logo.svg","width":55,"height":64,"caption":"Bellfire"},"image":{"@id":"https:\/\/bellfire.ee\/fi\/#\/schema\/logo\/image\/"}}]}},"_links":{"self":[{"href":"https:\/\/bellfire.ee\/fi\/wp-json\/wp\/v2\/product\/52698","targetHints":{"allow":["GET"]}}],"collection":[{"href":"https:\/\/bellfire.ee\/fi\/wp-json\/wp\/v2\/product"}],"about":[{"href":"https:\/\/bellfire.ee\/fi\/wp-json\/wp\/v2\/types\/product"}],"wp:featuredmedia":[{"embeddable":true,"href":"https:\/\/bellfire.ee\/fi\/wp-json\/wp\/v2\/media\/62315"}],"wp:attachment":[{"href":"https:\/\/bellfire.ee\/fi\/wp-json\/wp\/v2\/media?parent=52698"}],"wp:term":[{"taxonomy":"wpc-attribute-group","embeddable":true,"href":"https:\/\/bellfire.ee\/fi\/wp-json\/wp\/v2\/wpc-attribute-group?post=52698"},{"taxonomy":"product_brand","embeddable":true,"href":"https:\/\/bellfire.ee\/fi\/wp-json\/wp\/v2\/product_brand?post=52698"},{"taxonomy":"product_cat","embeddable":true,"href":"https:\/\/bellfire.ee\/fi\/wp-json\/wp\/v2\/product_cat?post=52698"},{"taxonomy":"product_tag","embeddable":true,"href":"https:\/\/bellfire.ee\/fi\/wp-json\/wp\/v2\/product_tag?post=52698"}],"curies":[{"name":"wp","href":"https:\/\/api.w.org\/{rel}","templated":true}]}}