{"id":52689,"date":"2023-10-06T11:38:37","date_gmt":"2023-10-06T11:38:37","guid":{"rendered":"https:\/\/bellfire.ee\/Ei-luokiteltu\/anni\/"},"modified":"2023-10-06T11:38:37","modified_gmt":"2023-10-06T11:38:37","slug":"anni","status":"publish","type":"product","link":"https:\/\/bellfire.ee\/fi\/olohuone\/vuodesohvat\/anni\/","title":{"rendered":"Anni"},"content":{"rendered":"<div class=\"flex-1 overflow-hidden\">\n<div class=\"h-full\">\n<div class=\"react-scroll-to-bottom--css-twnkw-79elbk h-full\">\n<div class=\"react-scroll-to-bottom--css-twnkw-1n7m0yu\">\n<div class=\"flex flex-col text-sm md:pb-9\">\n<article class=\"w-full scroll-mb-[var(--thread-trailing-height,150px)] text-token-text-primary focus-visible:outline-2 focus-visible:outline-offset-[-4px]\" dir=\"auto\" data-testid=\"conversation-turn-3\" data-scroll-anchor=\"true\">\n<div class=\"m-auto text-base py-[18px] px-3 md:px-4 w-full md:px-5 lg:px-4 xl:px-5\">\n<div class=\"mx-auto flex flex-1 gap-4 text-base md:gap-5 lg:gap-6 md:max-w-3xl lg:max-w-[40rem] xl:max-w-[48rem]\">\n<div class=\"group\/conversation-turn relative flex w-full min-w-0 flex-col agent-turn\">\n<div class=\"flex-col gap-1 md:gap-3\">\n<div class=\"flex max-w-full flex-col flex-grow\">\n<div class=\"min-h-8 text-message flex w-full flex-col items-end gap-2 whitespace-normal break-words [.text-message+&amp;]:mt-5\" dir=\"auto\" data-message-author-role=\"assistant\" data-message-id=\"e9f28cb2-1441-4606-8708-743d7d3a0d5c\" data-message-model-slug=\"gpt-4o\">\n<div class=\"flex w-full flex-col gap-1 empty:hidden first:pt-[3px]\">\n<div class=\"markdown prose w-full break-words dark:prose-invert light\">\n<p>Anni-vuodesohva on houkutteleva yhdistelm\u00e4 mukavuutta ja toiminnallisuutta. Se yhdist\u00e4\u00e4 harkitun suunnittelun ja korkealaatuiset materiaalit tarjotakseen parhaan mahdollisen rentoutumiskokemuksen, olipa kyseess\u00e4 sohva tai vuode. Leve\u00e4t k\u00e4sinojat antavat sohvalle modernin, veistoksellisen muodon, tehden siit\u00e4 sek\u00e4 k\u00e4yt\u00e4nn\u00f6llisen ett\u00e4 tyylikk\u00e4\u00e4n. Ne tarjoavat mukavan paikan lepuuttaa k\u00e4sivarsia ja tarjoavat runsaasti tilaa kirjalle, teekupille tai elektronisille laitteille.<\/p>\n<p>Ajaton Anni-vuodesohvan muotoilu sulautuu saumattomasti erilaisiin tyyleihin ja sisustuksiin. Sen nykyaikainen muoto ja kest\u00e4v\u00e4 rakenne luovat kauniin ja pitk\u00e4ik\u00e4isen kalusteen, joka sopii sek\u00e4 olohuoneisiin ett\u00e4 makuuhuoneisiin.<\/p>\n<p>Kun ilta koittaa, Anni-sohva voidaan nopeasti muuttaa mukavaksi vuoteeksi, jonka makuutilan koko on 220&#215;140 cm. Patjanp\u00e4\u00e4llisen lis\u00e4\u00e4minen voi nostaa makuutilan k\u00e4sinojien tasolle, mik\u00e4 laajentaa nukkumispintaa entisest\u00e4\u00e4n. Vuodesohvassa on my\u00f6s tilava s\u00e4ilytyslokero, joka sopii t\u00e4ydellisesti patjanp\u00e4\u00e4llisen, vuodevaatteiden tai muiden tavaroiden s\u00e4ilytt\u00e4miseen. Anni-vuodesohva on t\u00e4ydellinen vierasmajoitukseen tai viihtyis\u00e4n lepopaikan luomiseen pienempiin tiloihin.<\/p>\n<p>Verhoiluun suositeltu Cloud-kangas on samettisen pehme\u00e4 ja eritt\u00e4in kest\u00e4v\u00e4, mik\u00e4 tekee siit\u00e4 erinomaisen valinnan vuodesohvan p\u00e4\u00e4llyst\u00e4miseen. Cloud-kangas on eritt\u00e4in kulutuksenkest\u00e4v\u00e4 (Martindale-hankauskest\u00e4vyys 90 000\u2013100 000). Siin\u00e4 on nanopartikkelipinnoite, joka est\u00e4\u00e4 tehokkaasti lian imeytymisen. T\u00e4m\u00e4n pinnoitteen ansiosta jopa hankalimmat tahrat voidaan poistaa helposti ilman erityisi\u00e4 puhdistusaineita.<\/p>\n<p>Voit tutustua koko kangasvalikoimaan n\u00e4yttelytilassamme osoitteessa Riia 142, Tartto.<\/p>\n<p><strong>Huomioithan, ett\u00e4 v\u00e4rit voivat poiketa n\u00e4yt\u00f6ll\u00e4 n\u00e4kyv\u00e4st\u00e4. Suosittelemme tarkistamaan v\u00e4rit n\u00e4yttelytilassamme.<\/strong><\/p>\n<\/div>\n<\/div>\n<\/div>\n<\/div>\n<div class=\"pr-2 lg:pr-0\"><\/div>\n<div class=\"mt-3 w-full empty:hidden\">\n<div class=\"text-center\"><\/div>\n<\/div>\n<\/div>\n<div class=\"absolute\">\n<div class=\"flex items-center justify-center\"><\/div>\n<\/div>\n<\/div>\n<\/div>\n<\/div>\n<\/article>\n<\/div>\n<\/div>\n<\/div>\n<\/div>\n<\/div>\n<div class=\"md:pt-0 dark:border-white\/20 md:border-transparent md:dark:border-transparent w-full\">\n<div>\n<div class=\"m-auto text-base px-3 md:px-4 w-full md:px-5 lg:px-4 xl:px-5\">\n<div class=\"mx-auto flex flex-1 gap-4 text-base md:gap-5 lg:gap-6 md:max-w-3xl lg:max-w-[40rem] xl:max-w-[48rem]\">\n<div class=\"flex justify-center\"><\/div>\n<\/div>\n<\/div>\n<\/div>\n<\/div>\n","protected":false},"excerpt":{"rendered":"<p>Anni-vuodesohva on houkutteleva yhdistelm\u00e4 mukavuutta ja toiminnallisuutta. Se yhdist\u00e4\u00e4 harkitun suunnittelun ja korkealaatuiset materiaalit tarjotakseen parhaan mahdollisen rentoutumiskokemuksen, olipa kyseess\u00e4 sohva tai vuode. Leve\u00e4t k\u00e4sinojat antavat sohvalle modernin, veistoksellisen muodon, tehden siit\u00e4 sek\u00e4 k\u00e4yt\u00e4nn\u00f6llisen ett\u00e4 tyylikk\u00e4\u00e4n. Ne tarjoavat mukavan paikan lepuuttaa k\u00e4sivarsia ja tarjoavat runsaasti tilaa kirjalle, teekupille tai elektronisille laitteille.<\/p>\n<p>Ajaton Anni-vuodesohvan muotoilu sulautuu saumattomasti erilaisiin tyyleihin ja sisustuksiin. Sen nykyaikainen muoto ja kest\u00e4v\u00e4 rakenne luovat kauniin ja pitk\u00e4ik\u00e4isen kalusteen, joka sopii sek\u00e4 olohuoneisiin ett\u00e4 makuuhuoneisiin.<\/p>\n<p>Kun ilta koittaa, Anni-sohva voidaan nopeasti muuttaa mukavaksi vuoteeksi, jonka makuutilan koko on 220&#215;140 cm. Patjanp\u00e4\u00e4llisen lis\u00e4\u00e4minen voi nostaa makuutilan k\u00e4sinojien tasolle, mik\u00e4 laajentaa nukkumispintaa entisest\u00e4\u00e4n. Vuodesohvassa on my\u00f6s tilava s\u00e4ilytyslokero, joka sopii t\u00e4ydellisesti patjanp\u00e4\u00e4llisen, vuodevaatteiden tai muiden tavaroiden s\u00e4ilytt\u00e4miseen. Anni-vuodesohva on t\u00e4ydellinen vierasmajoitukseen tai viihtyis\u00e4n lepopaikan luomiseen pienempiin tiloihin.<\/p>\n<p>Verhoiluun suositeltu Cloud-kangas on samettisen pehme\u00e4 ja eritt\u00e4in kest\u00e4v\u00e4, mik\u00e4 tekee siit\u00e4 erinomaisen valinnan vuodesohvan p\u00e4\u00e4llyst\u00e4miseen. Cloud-kangas on eritt\u00e4in kulutuksenkest\u00e4v\u00e4 (Martindale-hankauskest\u00e4vyys 90 000\u2013100 000). Siin\u00e4 on nanopartikkelipinnoite, joka est\u00e4\u00e4 tehokkaasti lian imeytymisen. T\u00e4m\u00e4n pinnoitteen ansiosta jopa hankalimmat tahrat voidaan poistaa helposti ilman erityisi\u00e4 puhdistusaineita.<\/p>\n<p>Voit tutustua koko kangasvalikoimaan n\u00e4yttelytilassamme osoitteessa Riia 142, Tartto.<\/p>\n<p><strong>Huomioithan, ett\u00e4 v\u00e4rit voivat poiketa n\u00e4yt\u00f6ll\u00e4 n\u00e4kyv\u00e4st\u00e4. Suosittelemme tarkistamaan v\u00e4rit n\u00e4yttelytilassamme.<\/strong><\/p>\n","protected":false},"featured_media":42528,"template":"","meta":{"_acf_changed":false},"wpc-attribute-group":[],"product_brand":[],"product_cat":[2234],"product_tag":[],"class_list":{"0":"post-52689","1":"product","2":"type-product","3":"status-publish","4":"has-post-thumbnail","6":"product_cat-vuodesohvat","8":"first","9":"instock","10":"taxable","11":"shipping-taxable","12":"purchasable","13":"product-type-variable","14":"add-to-wishlist-after_add_to_cart"},"acf":[],"yoast_head":"<!-- This site is optimized with the Yoast SEO plugin v26.1 - https:\/\/yoast.com\/wordpress\/plugins\/seo\/ -->\n<title>Anni - Bellfire<\/title>\n<meta name=\"robots\" content=\"index, follow, max-snippet:-1, max-image-preview:large, max-video-preview:-1\" \/>\n<link rel=\"canonical\" href=\"https:\/\/bellfire.ee\/fi\/olohuone\/vuodesohvat\/anni\/\" \/>\n<meta property=\"og:locale\" content=\"fi_FI\" \/>\n<meta property=\"og:type\" content=\"article\" \/>\n<meta property=\"og:title\" content=\"Anni - Bellfire\" \/>\n<meta property=\"og:description\" content=\"Anni-vuodesohva on houkutteleva yhdistelm\u00e4 mukavuutta ja toiminnallisuutta. Se yhdist\u00e4\u00e4 harkitun suunnittelun ja korkealaatuiset materiaalit tarjotakseen parhaan mahdollisen rentoutumiskokemuksen, olipa kyseess\u00e4 sohva tai vuode. Leve\u00e4t k\u00e4sinojat antavat sohvalle modernin, veistoksellisen muodon, tehden siit\u00e4 sek\u00e4 k\u00e4yt\u00e4nn\u00f6llisen ett\u00e4 tyylikk\u00e4\u00e4n. Ne tarjoavat mukavan paikan lepuuttaa k\u00e4sivarsia ja tarjoavat runsaasti tilaa kirjalle, teekupille tai elektronisille laitteille.  Ajaton Anni-vuodesohvan muotoilu sulautuu saumattomasti erilaisiin tyyleihin ja sisustuksiin. Sen nykyaikainen muoto ja kest\u00e4v\u00e4 rakenne luovat kauniin ja pitk\u00e4ik\u00e4isen kalusteen, joka sopii sek\u00e4 olohuoneisiin ett\u00e4 makuuhuoneisiin.  Kun ilta koittaa, Anni-sohva voidaan nopeasti muuttaa mukavaksi vuoteeksi, jonka makuutilan koko on 220x140 cm. Patjanp\u00e4\u00e4llisen lis\u00e4\u00e4minen voi nostaa makuutilan k\u00e4sinojien tasolle, mik\u00e4 laajentaa nukkumispintaa entisest\u00e4\u00e4n. Vuodesohvassa on my\u00f6s tilava s\u00e4ilytyslokero, joka sopii t\u00e4ydellisesti patjanp\u00e4\u00e4llisen, vuodevaatteiden tai muiden tavaroiden s\u00e4ilytt\u00e4miseen. Anni-vuodesohva on t\u00e4ydellinen vierasmajoitukseen tai viihtyis\u00e4n lepopaikan luomiseen pienempiin tiloihin.  Verhoiluun suositeltu Cloud-kangas on samettisen pehme\u00e4 ja eritt\u00e4in kest\u00e4v\u00e4, mik\u00e4 tekee siit\u00e4 erinomaisen valinnan vuodesohvan p\u00e4\u00e4llyst\u00e4miseen. Cloud-kangas on eritt\u00e4in kulutuksenkest\u00e4v\u00e4 (Martindale-hankauskest\u00e4vyys 90 000\u2013100 000). Siin\u00e4 on nanopartikkelipinnoite, joka est\u00e4\u00e4 tehokkaasti lian imeytymisen. T\u00e4m\u00e4n pinnoitteen ansiosta jopa hankalimmat tahrat voidaan poistaa helposti ilman erityisi\u00e4 puhdistusaineita.  Voit tutustua koko kangasvalikoimaan n\u00e4yttelytilassamme osoitteessa Riia 142, Tartto.  Huomioithan, ett\u00e4 v\u00e4rit voivat poiketa n\u00e4yt\u00f6ll\u00e4 n\u00e4kyv\u00e4st\u00e4. Suosittelemme tarkistamaan v\u00e4rit n\u00e4yttelytilassamme.\" \/>\n<meta property=\"og:url\" content=\"https:\/\/bellfire.ee\/fi\/olohuone\/vuodesohvat\/anni\/\" \/>\n<meta property=\"og:site_name\" content=\"Bellfire\" \/>\n<meta property=\"og:image\" content=\"https:\/\/bellfire.ee\/wp-content\/uploads\/2024\/10\/Anni_2BSDBOX_Cloud_79-2.jpg\" \/>\n\t<meta property=\"og:image:width\" content=\"1920\" \/>\n\t<meta property=\"og:image:height\" content=\"1080\" \/>\n\t<meta property=\"og:image:type\" content=\"image\/jpeg\" \/>\n<meta name=\"twitter:card\" content=\"summary_large_image\" \/>\n<meta name=\"twitter:label1\" content=\"Arvioitu lukuaika\" \/>\n\t<meta name=\"twitter:data1\" content=\"1 minuutti\" \/>\n<script type=\"application\/ld+json\" class=\"yoast-schema-graph\">{\"@context\":\"https:\/\/schema.org\",\"@graph\":[{\"@type\":\"WebPage\",\"@id\":\"https:\/\/bellfire.ee\/fi\/olohuone\/vuodesohvat\/anni\/\",\"url\":\"https:\/\/bellfire.ee\/fi\/olohuone\/vuodesohvat\/anni\/\",\"name\":\"Anni - Bellfire\",\"isPartOf\":{\"@id\":\"https:\/\/bellfire.ee\/fi\/#website\"},\"primaryImageOfPage\":{\"@id\":\"https:\/\/bellfire.ee\/fi\/olohuone\/vuodesohvat\/anni\/#primaryimage\"},\"image\":{\"@id\":\"https:\/\/bellfire.ee\/fi\/olohuone\/vuodesohvat\/anni\/#primaryimage\"},\"thumbnailUrl\":\"https:\/\/bellfire.ee\/wp-content\/uploads\/2024\/10\/Anni_2BSDBOX_Cloud_79-2.jpg\",\"datePublished\":\"2023-10-06T11:38:37+00:00\",\"breadcrumb\":{\"@id\":\"https:\/\/bellfire.ee\/fi\/olohuone\/vuodesohvat\/anni\/#breadcrumb\"},\"inLanguage\":\"fi\",\"potentialAction\":[{\"@type\":\"ReadAction\",\"target\":[\"https:\/\/bellfire.ee\/fi\/olohuone\/vuodesohvat\/anni\/\"]}]},{\"@type\":\"ImageObject\",\"inLanguage\":\"fi\",\"@id\":\"https:\/\/bellfire.ee\/fi\/olohuone\/vuodesohvat\/anni\/#primaryimage\",\"url\":\"https:\/\/bellfire.ee\/wp-content\/uploads\/2024\/10\/Anni_2BSDBOX_Cloud_79-2.jpg\",\"contentUrl\":\"https:\/\/bellfire.ee\/wp-content\/uploads\/2024\/10\/Anni_2BSDBOX_Cloud_79-2.jpg\",\"width\":1920,\"height\":1080},{\"@type\":\"BreadcrumbList\",\"@id\":\"https:\/\/bellfire.ee\/fi\/olohuone\/vuodesohvat\/anni\/#breadcrumb\",\"itemListElement\":[{\"@type\":\"ListItem\",\"position\":1,\"name\":\"Avaleht\",\"item\":\"https:\/\/bellfire.ee\/fi\/\"},{\"@type\":\"ListItem\",\"position\":2,\"name\":\"Huonekalut\",\"item\":\"https:\/\/bellfire.ee\/fi\/huonekalut\/\"},{\"@type\":\"ListItem\",\"position\":3,\"name\":\"Anni\"}]},{\"@type\":\"WebSite\",\"@id\":\"https:\/\/bellfire.ee\/fi\/#website\",\"url\":\"https:\/\/bellfire.ee\/fi\/\",\"name\":\"Bellfire\",\"description\":\"Disainm\u00f6\u00f6bel Sinu koju Eesti pehme m\u00f6\u00f6bli tootjal\",\"publisher\":{\"@id\":\"https:\/\/bellfire.ee\/fi\/#organization\"},\"potentialAction\":[{\"@type\":\"SearchAction\",\"target\":{\"@type\":\"EntryPoint\",\"urlTemplate\":\"https:\/\/bellfire.ee\/fi\/?s={search_term_string}\"},\"query-input\":{\"@type\":\"PropertyValueSpecification\",\"valueRequired\":true,\"valueName\":\"search_term_string\"}}],\"inLanguage\":\"fi\"},{\"@type\":\"Organization\",\"@id\":\"https:\/\/bellfire.ee\/fi\/#organization\",\"name\":\"Bellfire\",\"url\":\"https:\/\/bellfire.ee\/fi\/\",\"logo\":{\"@type\":\"ImageObject\",\"inLanguage\":\"fi\",\"@id\":\"https:\/\/bellfire.ee\/fi\/#\/schema\/logo\/image\/\",\"url\":\"https:\/\/bellfire.ee\/wp-content\/uploads\/2024\/10\/Site-logo.svg\",\"contentUrl\":\"https:\/\/bellfire.ee\/wp-content\/uploads\/2024\/10\/Site-logo.svg\",\"width\":55,\"height\":64,\"caption\":\"Bellfire\"},\"image\":{\"@id\":\"https:\/\/bellfire.ee\/fi\/#\/schema\/logo\/image\/\"}}]}<\/script>\n<!-- \/ Yoast SEO plugin. -->","yoast_head_json":{"title":"Anni - Bellfire","robots":{"index":"index","follow":"follow","max-snippet":"max-snippet:-1","max-image-preview":"max-image-preview:large","max-video-preview":"max-video-preview:-1"},"canonical":"https:\/\/bellfire.ee\/fi\/olohuone\/vuodesohvat\/anni\/","og_locale":"fi_FI","og_type":"article","og_title":"Anni - Bellfire","og_description":"Anni-vuodesohva on houkutteleva yhdistelm\u00e4 mukavuutta ja toiminnallisuutta. Se yhdist\u00e4\u00e4 harkitun suunnittelun ja korkealaatuiset materiaalit tarjotakseen parhaan mahdollisen rentoutumiskokemuksen, olipa kyseess\u00e4 sohva tai vuode. Leve\u00e4t k\u00e4sinojat antavat sohvalle modernin, veistoksellisen muodon, tehden siit\u00e4 sek\u00e4 k\u00e4yt\u00e4nn\u00f6llisen ett\u00e4 tyylikk\u00e4\u00e4n. Ne tarjoavat mukavan paikan lepuuttaa k\u00e4sivarsia ja tarjoavat runsaasti tilaa kirjalle, teekupille tai elektronisille laitteille.  Ajaton Anni-vuodesohvan muotoilu sulautuu saumattomasti erilaisiin tyyleihin ja sisustuksiin. Sen nykyaikainen muoto ja kest\u00e4v\u00e4 rakenne luovat kauniin ja pitk\u00e4ik\u00e4isen kalusteen, joka sopii sek\u00e4 olohuoneisiin ett\u00e4 makuuhuoneisiin.  Kun ilta koittaa, Anni-sohva voidaan nopeasti muuttaa mukavaksi vuoteeksi, jonka makuutilan koko on 220x140 cm. Patjanp\u00e4\u00e4llisen lis\u00e4\u00e4minen voi nostaa makuutilan k\u00e4sinojien tasolle, mik\u00e4 laajentaa nukkumispintaa entisest\u00e4\u00e4n. Vuodesohvassa on my\u00f6s tilava s\u00e4ilytyslokero, joka sopii t\u00e4ydellisesti patjanp\u00e4\u00e4llisen, vuodevaatteiden tai muiden tavaroiden s\u00e4ilytt\u00e4miseen. Anni-vuodesohva on t\u00e4ydellinen vierasmajoitukseen tai viihtyis\u00e4n lepopaikan luomiseen pienempiin tiloihin.  Verhoiluun suositeltu Cloud-kangas on samettisen pehme\u00e4 ja eritt\u00e4in kest\u00e4v\u00e4, mik\u00e4 tekee siit\u00e4 erinomaisen valinnan vuodesohvan p\u00e4\u00e4llyst\u00e4miseen. Cloud-kangas on eritt\u00e4in kulutuksenkest\u00e4v\u00e4 (Martindale-hankauskest\u00e4vyys 90 000\u2013100 000). Siin\u00e4 on nanopartikkelipinnoite, joka est\u00e4\u00e4 tehokkaasti lian imeytymisen. T\u00e4m\u00e4n pinnoitteen ansiosta jopa hankalimmat tahrat voidaan poistaa helposti ilman erityisi\u00e4 puhdistusaineita.  Voit tutustua koko kangasvalikoimaan n\u00e4yttelytilassamme osoitteessa Riia 142, Tartto.  Huomioithan, ett\u00e4 v\u00e4rit voivat poiketa n\u00e4yt\u00f6ll\u00e4 n\u00e4kyv\u00e4st\u00e4. Suosittelemme tarkistamaan v\u00e4rit n\u00e4yttelytilassamme.","og_url":"https:\/\/bellfire.ee\/fi\/olohuone\/vuodesohvat\/anni\/","og_site_name":"Bellfire","og_image":[{"width":1920,"height":1080,"url":"https:\/\/bellfire.ee\/wp-content\/uploads\/2024\/10\/Anni_2BSDBOX_Cloud_79-2.jpg","type":"image\/jpeg"}],"twitter_card":"summary_large_image","twitter_misc":{"Arvioitu lukuaika":"1 minuutti"},"schema":{"@context":"https:\/\/schema.org","@graph":[{"@type":"WebPage","@id":"https:\/\/bellfire.ee\/fi\/olohuone\/vuodesohvat\/anni\/","url":"https:\/\/bellfire.ee\/fi\/olohuone\/vuodesohvat\/anni\/","name":"Anni - Bellfire","isPartOf":{"@id":"https:\/\/bellfire.ee\/fi\/#website"},"primaryImageOfPage":{"@id":"https:\/\/bellfire.ee\/fi\/olohuone\/vuodesohvat\/anni\/#primaryimage"},"image":{"@id":"https:\/\/bellfire.ee\/fi\/olohuone\/vuodesohvat\/anni\/#primaryimage"},"thumbnailUrl":"https:\/\/bellfire.ee\/wp-content\/uploads\/2024\/10\/Anni_2BSDBOX_Cloud_79-2.jpg","datePublished":"2023-10-06T11:38:37+00:00","breadcrumb":{"@id":"https:\/\/bellfire.ee\/fi\/olohuone\/vuodesohvat\/anni\/#breadcrumb"},"inLanguage":"fi","potentialAction":[{"@type":"ReadAction","target":["https:\/\/bellfire.ee\/fi\/olohuone\/vuodesohvat\/anni\/"]}]},{"@type":"ImageObject","inLanguage":"fi","@id":"https:\/\/bellfire.ee\/fi\/olohuone\/vuodesohvat\/anni\/#primaryimage","url":"https:\/\/bellfire.ee\/wp-content\/uploads\/2024\/10\/Anni_2BSDBOX_Cloud_79-2.jpg","contentUrl":"https:\/\/bellfire.ee\/wp-content\/uploads\/2024\/10\/Anni_2BSDBOX_Cloud_79-2.jpg","width":1920,"height":1080},{"@type":"BreadcrumbList","@id":"https:\/\/bellfire.ee\/fi\/olohuone\/vuodesohvat\/anni\/#breadcrumb","itemListElement":[{"@type":"ListItem","position":1,"name":"Avaleht","item":"https:\/\/bellfire.ee\/fi\/"},{"@type":"ListItem","position":2,"name":"Huonekalut","item":"https:\/\/bellfire.ee\/fi\/huonekalut\/"},{"@type":"ListItem","position":3,"name":"Anni"}]},{"@type":"WebSite","@id":"https:\/\/bellfire.ee\/fi\/#website","url":"https:\/\/bellfire.ee\/fi\/","name":"Bellfire","description":"Disainm\u00f6\u00f6bel Sinu koju Eesti pehme m\u00f6\u00f6bli tootjal","publisher":{"@id":"https:\/\/bellfire.ee\/fi\/#organization"},"potentialAction":[{"@type":"SearchAction","target":{"@type":"EntryPoint","urlTemplate":"https:\/\/bellfire.ee\/fi\/?s={search_term_string}"},"query-input":{"@type":"PropertyValueSpecification","valueRequired":true,"valueName":"search_term_string"}}],"inLanguage":"fi"},{"@type":"Organization","@id":"https:\/\/bellfire.ee\/fi\/#organization","name":"Bellfire","url":"https:\/\/bellfire.ee\/fi\/","logo":{"@type":"ImageObject","inLanguage":"fi","@id":"https:\/\/bellfire.ee\/fi\/#\/schema\/logo\/image\/","url":"https:\/\/bellfire.ee\/wp-content\/uploads\/2024\/10\/Site-logo.svg","contentUrl":"https:\/\/bellfire.ee\/wp-content\/uploads\/2024\/10\/Site-logo.svg","width":55,"height":64,"caption":"Bellfire"},"image":{"@id":"https:\/\/bellfire.ee\/fi\/#\/schema\/logo\/image\/"}}]}},"_links":{"self":[{"href":"https:\/\/bellfire.ee\/fi\/wp-json\/wp\/v2\/product\/52689","targetHints":{"allow":["GET"]}}],"collection":[{"href":"https:\/\/bellfire.ee\/fi\/wp-json\/wp\/v2\/product"}],"about":[{"href":"https:\/\/bellfire.ee\/fi\/wp-json\/wp\/v2\/types\/product"}],"wp:featuredmedia":[{"embeddable":true,"href":"https:\/\/bellfire.ee\/fi\/wp-json\/wp\/v2\/media\/42528"}],"wp:attachment":[{"href":"https:\/\/bellfire.ee\/fi\/wp-json\/wp\/v2\/media?parent=52689"}],"wp:term":[{"taxonomy":"wpc-attribute-group","embeddable":true,"href":"https:\/\/bellfire.ee\/fi\/wp-json\/wp\/v2\/wpc-attribute-group?post=52689"},{"taxonomy":"product_brand","embeddable":true,"href":"https:\/\/bellfire.ee\/fi\/wp-json\/wp\/v2\/product_brand?post=52689"},{"taxonomy":"product_cat","embeddable":true,"href":"https:\/\/bellfire.ee\/fi\/wp-json\/wp\/v2\/product_cat?post=52689"},{"taxonomy":"product_tag","embeddable":true,"href":"https:\/\/bellfire.ee\/fi\/wp-json\/wp\/v2\/product_tag?post=52689"}],"curies":[{"name":"wp","href":"https:\/\/api.w.org\/{rel}","templated":true}]}}