{"id":52687,"date":"2023-12-12T07:42:52","date_gmt":"2023-12-12T07:42:52","guid":{"rendered":"https:\/\/bellfire.ee\/Ei-luokiteltu\/softcare-kangassuojain\/"},"modified":"2023-12-12T07:42:52","modified_gmt":"2023-12-12T07:42:52","slug":"softcare-kangassuojain","status":"publish","type":"product","link":"https:\/\/bellfire.ee\/fi\/olohuone\/hoitotuotteet\/softcare-kangassuojain\/","title":{"rendered":"Softcare-kangassuojain"},"content":{"rendered":"<p><strong>Softcare-kangassuojain<\/strong> luo eritt\u00e4in tehokkaan molekulaarisen suojakerroksen kankaan kuitujen ymp\u00e4rille, suojaten nestett\u00e4, tahroja ja likaa vastaan. Se on vapaa PFOS- ja PFOA-yhdisteist\u00e4 ja turvallinen k\u00e4ytt\u00e4\u00e4. Tuote on pakattu 500 ml kierr\u00e4tett\u00e4v\u00e4\u00e4n pulloon, ja se on helppo levitt\u00e4\u00e4 sek\u00e4 turvallinen h\u00e4vitt\u00e4\u00e4.<\/p>\n<p>Ihanteellinen pehmeille huonekaluille, verhoille ja matoille, se ei muuta kankaan ulkon\u00e4k\u00f6\u00e4, hengitt\u00e4vyytt\u00e4 tai paloturvallisuutta. Sopii kaikille kangastyypeille, paksuista verhoiluista ohueseen silkkikankaaseen. Suoja kest\u00e4\u00e4 normaalissa k\u00e4yt\u00f6ss\u00e4 2-3 vuotta, ja tahrat on helppo puhdistaa.<\/p>\n<p>Yksi pullo kattaa 5-7 m\u00b2 (riitt\u00e4\u00e4 viiden hengen sohvalle). Ravista ennen k\u00e4ytt\u00f6\u00e4, suihkuta noin 15 cm et\u00e4isyydelt\u00e4 ja anna kuivua v\u00e4hint\u00e4\u00e4n 2 tuntia. Ei sovellu synteettiselle nahalle tai muoville.<\/p>\n<p><strong>Eritt\u00e4in helposti syttyv\u00e4!<\/strong> S\u00e4ilyt\u00e4 kaukana avotulesta, \u00e4l\u00e4k\u00e4 tupakoi suihkuttaessa.<\/p>\n<p>T\u00e4\u00e4lt\u00e4 l\u00f6yd\u00e4t lyhyen videon Softcare-kangassuojain k\u00e4yt\u00f6st\u00e4.<\/p>\n<p><strong>Softcare-kangassuojain<\/strong> on saatavilla n\u00e4yttelytilassamme osoitteessa Riia 142, Tartto.<\/p>\n","protected":false},"excerpt":{"rendered":"<p><strong>Softcare-kangassuojain<\/strong> luo eritt\u00e4in tehokkaan molekulaarisen suojakerroksen kankaan kuitujen ymp\u00e4rille, suojaten nestett\u00e4, tahroja ja likaa vastaan. Se on vapaa PFOS- ja PFOA-yhdisteist\u00e4 ja turvallinen k\u00e4ytt\u00e4\u00e4. Tuote on pakattu 500 ml kierr\u00e4tett\u00e4v\u00e4\u00e4n pulloon, ja se on helppo levitt\u00e4\u00e4 sek\u00e4 turvallinen h\u00e4vitt\u00e4\u00e4.<\/p>\n<p>Ihanteellinen pehmeille huonekaluille, verhoille ja matoille, se ei muuta kankaan ulkon\u00e4k\u00f6\u00e4, hengitt\u00e4vyytt\u00e4 tai paloturvallisuutta. Sopii kaikille kangastyypeille, paksuista verhoiluista ohueseen silkkikankaaseen. Suoja kest\u00e4\u00e4 normaalissa k\u00e4yt\u00f6ss\u00e4 2-3 vuotta, ja tahrat on helppo puhdistaa.<\/p>\n<p>Yksi pullo kattaa 5-7 m\u00b2 (riitt\u00e4\u00e4 viiden hengen sohvalle). Ravista ennen k\u00e4ytt\u00f6\u00e4, suihkuta noin 15 cm et\u00e4isyydelt\u00e4 ja anna kuivua v\u00e4hint\u00e4\u00e4n 2 tuntia. Ei sovellu synteettiselle nahalle tai muoville.<\/p>\n<p><strong>Eritt\u00e4in helposti syttyv\u00e4!<\/strong> S\u00e4ilyt\u00e4 kaukana avotulesta, \u00e4l\u00e4k\u00e4 tupakoi suihkuttaessa.<\/p>\n<p>T\u00e4\u00e4lt\u00e4 l\u00f6yd\u00e4t lyhyen videon Softcare-kangassuojain k\u00e4yt\u00f6st\u00e4.<\/p>\n<p><strong>Softcare-kangassuojain<\/strong> on saatavilla n\u00e4yttelytilassamme osoitteessa Riia 142, Tartto.<\/p>\n","protected":false},"featured_media":69305,"template":"","meta":{"_acf_changed":false},"wpc-attribute-group":[],"product_brand":[],"product_cat":[2236,2233],"product_tag":[],"class_list":{"0":"post-52687","1":"product","2":"type-product","3":"status-publish","4":"has-post-thumbnail","6":"product_cat-hoitotuotteet","7":"product_cat-olohuone","9":"first","10":"instock","11":"taxable","12":"shipping-taxable","13":"purchasable","14":"product-type-variable","15":"add-to-wishlist-after_add_to_cart"},"acf":[],"yoast_head":"<!-- This site is optimized with the Yoast SEO plugin v26.1 - https:\/\/yoast.com\/wordpress\/plugins\/seo\/ -->\n<title>Softcare-kangassuojain - Bellfire<\/title>\n<meta name=\"robots\" content=\"index, follow, max-snippet:-1, max-image-preview:large, max-video-preview:-1\" \/>\n<link rel=\"canonical\" href=\"https:\/\/bellfire.ee\/fi\/olohuone\/hoitotuotteet\/softcare-kangassuojain\/\" \/>\n<meta property=\"og:locale\" content=\"fi_FI\" \/>\n<meta property=\"og:type\" content=\"article\" \/>\n<meta property=\"og:title\" content=\"Softcare-kangassuojain - Bellfire\" \/>\n<meta property=\"og:description\" content=\"Softcare-kangassuojain luo eritt\u00e4in tehokkaan molekulaarisen suojakerroksen kankaan kuitujen ymp\u00e4rille, suojaten nestett\u00e4, tahroja ja likaa vastaan. Se on vapaa PFOS- ja PFOA-yhdisteist\u00e4 ja turvallinen k\u00e4ytt\u00e4\u00e4. Tuote on pakattu 500 ml kierr\u00e4tett\u00e4v\u00e4\u00e4n pulloon, ja se on helppo levitt\u00e4\u00e4 sek\u00e4 turvallinen h\u00e4vitt\u00e4\u00e4.  Ihanteellinen pehmeille huonekaluille, verhoille ja matoille, se ei muuta kankaan ulkon\u00e4k\u00f6\u00e4, hengitt\u00e4vyytt\u00e4 tai paloturvallisuutta. Sopii kaikille kangastyypeille, paksuista verhoiluista ohueseen silkkikankaaseen. Suoja kest\u00e4\u00e4 normaalissa k\u00e4yt\u00f6ss\u00e4 2-3 vuotta, ja tahrat on helppo puhdistaa.  Yksi pullo kattaa 5-7 m\u00b2 (riitt\u00e4\u00e4 viiden hengen sohvalle). Ravista ennen k\u00e4ytt\u00f6\u00e4, suihkuta noin 15 cm et\u00e4isyydelt\u00e4 ja anna kuivua v\u00e4hint\u00e4\u00e4n 2 tuntia. Ei sovellu synteettiselle nahalle tai muoville.  Eritt\u00e4in helposti syttyv\u00e4! S\u00e4ilyt\u00e4 kaukana avotulesta, \u00e4l\u00e4k\u00e4 tupakoi suihkuttaessa.  T\u00e4\u00e4lt\u00e4 l\u00f6yd\u00e4t lyhyen videon Softcare-kangassuojain k\u00e4yt\u00f6st\u00e4.  Softcare-kangassuojain on saatavilla n\u00e4yttelytilassamme osoitteessa Riia 142, Tartto.\" \/>\n<meta property=\"og:url\" content=\"https:\/\/bellfire.ee\/fi\/olohuone\/hoitotuotteet\/softcare-kangassuojain\/\" \/>\n<meta property=\"og:site_name\" content=\"Bellfire\" \/>\n<meta property=\"og:image\" content=\"https:\/\/bellfire.ee\/wp-content\/uploads\/2023\/12\/softcare-verhoilusoja-ikoon.jpg\" \/>\n\t<meta property=\"og:image:width\" content=\"1920\" \/>\n\t<meta property=\"og:image:height\" content=\"1080\" \/>\n\t<meta property=\"og:image:type\" content=\"image\/jpeg\" \/>\n<meta name=\"twitter:card\" content=\"summary_large_image\" \/>\n<meta name=\"twitter:label1\" content=\"Arvioitu lukuaika\" \/>\n\t<meta name=\"twitter:data1\" content=\"1 minuutti\" \/>\n<script type=\"application\/ld+json\" class=\"yoast-schema-graph\">{\"@context\":\"https:\/\/schema.org\",\"@graph\":[{\"@type\":\"WebPage\",\"@id\":\"https:\/\/bellfire.ee\/fi\/olohuone\/hoitotuotteet\/softcare-kangassuojain\/\",\"url\":\"https:\/\/bellfire.ee\/fi\/olohuone\/hoitotuotteet\/softcare-kangassuojain\/\",\"name\":\"Softcare-kangassuojain - Bellfire\",\"isPartOf\":{\"@id\":\"https:\/\/bellfire.ee\/fi\/#website\"},\"primaryImageOfPage\":{\"@id\":\"https:\/\/bellfire.ee\/fi\/olohuone\/hoitotuotteet\/softcare-kangassuojain\/#primaryimage\"},\"image\":{\"@id\":\"https:\/\/bellfire.ee\/fi\/olohuone\/hoitotuotteet\/softcare-kangassuojain\/#primaryimage\"},\"thumbnailUrl\":\"https:\/\/bellfire.ee\/wp-content\/uploads\/2023\/12\/712855-VERHOILUSUOJA-500-Web-1024px-65q.jpg\",\"datePublished\":\"2023-12-12T07:42:52+00:00\",\"breadcrumb\":{\"@id\":\"https:\/\/bellfire.ee\/fi\/olohuone\/hoitotuotteet\/softcare-kangassuojain\/#breadcrumb\"},\"inLanguage\":\"fi\",\"potentialAction\":[{\"@type\":\"ReadAction\",\"target\":[\"https:\/\/bellfire.ee\/fi\/olohuone\/hoitotuotteet\/softcare-kangassuojain\/\"]}]},{\"@type\":\"ImageObject\",\"inLanguage\":\"fi\",\"@id\":\"https:\/\/bellfire.ee\/fi\/olohuone\/hoitotuotteet\/softcare-kangassuojain\/#primaryimage\",\"url\":\"https:\/\/bellfire.ee\/wp-content\/uploads\/2023\/12\/712855-VERHOILUSUOJA-500-Web-1024px-65q.jpg\",\"contentUrl\":\"https:\/\/bellfire.ee\/wp-content\/uploads\/2023\/12\/712855-VERHOILUSUOJA-500-Web-1024px-65q.jpg\",\"width\":1600,\"height\":1200},{\"@type\":\"BreadcrumbList\",\"@id\":\"https:\/\/bellfire.ee\/fi\/olohuone\/hoitotuotteet\/softcare-kangassuojain\/#breadcrumb\",\"itemListElement\":[{\"@type\":\"ListItem\",\"position\":1,\"name\":\"Avaleht\",\"item\":\"https:\/\/bellfire.ee\/fi\/\"},{\"@type\":\"ListItem\",\"position\":2,\"name\":\"Huonekalut\",\"item\":\"https:\/\/bellfire.ee\/fi\/huonekalut\/\"},{\"@type\":\"ListItem\",\"position\":3,\"name\":\"Softcare-kangassuojain\"}]},{\"@type\":\"WebSite\",\"@id\":\"https:\/\/bellfire.ee\/fi\/#website\",\"url\":\"https:\/\/bellfire.ee\/fi\/\",\"name\":\"Bellfire\",\"description\":\"Disainm\u00f6\u00f6bel Sinu koju Eesti pehme m\u00f6\u00f6bli tootjal\",\"publisher\":{\"@id\":\"https:\/\/bellfire.ee\/fi\/#organization\"},\"potentialAction\":[{\"@type\":\"SearchAction\",\"target\":{\"@type\":\"EntryPoint\",\"urlTemplate\":\"https:\/\/bellfire.ee\/fi\/?s={search_term_string}\"},\"query-input\":{\"@type\":\"PropertyValueSpecification\",\"valueRequired\":true,\"valueName\":\"search_term_string\"}}],\"inLanguage\":\"fi\"},{\"@type\":\"Organization\",\"@id\":\"https:\/\/bellfire.ee\/fi\/#organization\",\"name\":\"Bellfire\",\"url\":\"https:\/\/bellfire.ee\/fi\/\",\"logo\":{\"@type\":\"ImageObject\",\"inLanguage\":\"fi\",\"@id\":\"https:\/\/bellfire.ee\/fi\/#\/schema\/logo\/image\/\",\"url\":\"https:\/\/bellfire.ee\/wp-content\/uploads\/2024\/10\/Site-logo.svg\",\"contentUrl\":\"https:\/\/bellfire.ee\/wp-content\/uploads\/2024\/10\/Site-logo.svg\",\"width\":55,\"height\":64,\"caption\":\"Bellfire\"},\"image\":{\"@id\":\"https:\/\/bellfire.ee\/fi\/#\/schema\/logo\/image\/\"}}]}<\/script>\n<!-- \/ Yoast SEO plugin. -->","yoast_head_json":{"title":"Softcare-kangassuojain - Bellfire","robots":{"index":"index","follow":"follow","max-snippet":"max-snippet:-1","max-image-preview":"max-image-preview:large","max-video-preview":"max-video-preview:-1"},"canonical":"https:\/\/bellfire.ee\/fi\/olohuone\/hoitotuotteet\/softcare-kangassuojain\/","og_locale":"fi_FI","og_type":"article","og_title":"Softcare-kangassuojain - Bellfire","og_description":"Softcare-kangassuojain luo eritt\u00e4in tehokkaan molekulaarisen suojakerroksen kankaan kuitujen ymp\u00e4rille, suojaten nestett\u00e4, tahroja ja likaa vastaan. Se on vapaa PFOS- ja PFOA-yhdisteist\u00e4 ja turvallinen k\u00e4ytt\u00e4\u00e4. Tuote on pakattu 500 ml kierr\u00e4tett\u00e4v\u00e4\u00e4n pulloon, ja se on helppo levitt\u00e4\u00e4 sek\u00e4 turvallinen h\u00e4vitt\u00e4\u00e4.  Ihanteellinen pehmeille huonekaluille, verhoille ja matoille, se ei muuta kankaan ulkon\u00e4k\u00f6\u00e4, hengitt\u00e4vyytt\u00e4 tai paloturvallisuutta. Sopii kaikille kangastyypeille, paksuista verhoiluista ohueseen silkkikankaaseen. Suoja kest\u00e4\u00e4 normaalissa k\u00e4yt\u00f6ss\u00e4 2-3 vuotta, ja tahrat on helppo puhdistaa.  Yksi pullo kattaa 5-7 m\u00b2 (riitt\u00e4\u00e4 viiden hengen sohvalle). Ravista ennen k\u00e4ytt\u00f6\u00e4, suihkuta noin 15 cm et\u00e4isyydelt\u00e4 ja anna kuivua v\u00e4hint\u00e4\u00e4n 2 tuntia. Ei sovellu synteettiselle nahalle tai muoville.  Eritt\u00e4in helposti syttyv\u00e4! S\u00e4ilyt\u00e4 kaukana avotulesta, \u00e4l\u00e4k\u00e4 tupakoi suihkuttaessa.  T\u00e4\u00e4lt\u00e4 l\u00f6yd\u00e4t lyhyen videon Softcare-kangassuojain k\u00e4yt\u00f6st\u00e4.  Softcare-kangassuojain on saatavilla n\u00e4yttelytilassamme osoitteessa Riia 142, Tartto.","og_url":"https:\/\/bellfire.ee\/fi\/olohuone\/hoitotuotteet\/softcare-kangassuojain\/","og_site_name":"Bellfire","og_image":[{"width":1920,"height":1080,"url":"https:\/\/bellfire.ee\/wp-content\/uploads\/2023\/12\/softcare-verhoilusoja-ikoon.jpg","type":"image\/jpeg"}],"twitter_card":"summary_large_image","twitter_misc":{"Arvioitu lukuaika":"1 minuutti"},"schema":{"@context":"https:\/\/schema.org","@graph":[{"@type":"WebPage","@id":"https:\/\/bellfire.ee\/fi\/olohuone\/hoitotuotteet\/softcare-kangassuojain\/","url":"https:\/\/bellfire.ee\/fi\/olohuone\/hoitotuotteet\/softcare-kangassuojain\/","name":"Softcare-kangassuojain - Bellfire","isPartOf":{"@id":"https:\/\/bellfire.ee\/fi\/#website"},"primaryImageOfPage":{"@id":"https:\/\/bellfire.ee\/fi\/olohuone\/hoitotuotteet\/softcare-kangassuojain\/#primaryimage"},"image":{"@id":"https:\/\/bellfire.ee\/fi\/olohuone\/hoitotuotteet\/softcare-kangassuojain\/#primaryimage"},"thumbnailUrl":"https:\/\/bellfire.ee\/wp-content\/uploads\/2023\/12\/712855-VERHOILUSUOJA-500-Web-1024px-65q.jpg","datePublished":"2023-12-12T07:42:52+00:00","breadcrumb":{"@id":"https:\/\/bellfire.ee\/fi\/olohuone\/hoitotuotteet\/softcare-kangassuojain\/#breadcrumb"},"inLanguage":"fi","potentialAction":[{"@type":"ReadAction","target":["https:\/\/bellfire.ee\/fi\/olohuone\/hoitotuotteet\/softcare-kangassuojain\/"]}]},{"@type":"ImageObject","inLanguage":"fi","@id":"https:\/\/bellfire.ee\/fi\/olohuone\/hoitotuotteet\/softcare-kangassuojain\/#primaryimage","url":"https:\/\/bellfire.ee\/wp-content\/uploads\/2023\/12\/712855-VERHOILUSUOJA-500-Web-1024px-65q.jpg","contentUrl":"https:\/\/bellfire.ee\/wp-content\/uploads\/2023\/12\/712855-VERHOILUSUOJA-500-Web-1024px-65q.jpg","width":1600,"height":1200},{"@type":"BreadcrumbList","@id":"https:\/\/bellfire.ee\/fi\/olohuone\/hoitotuotteet\/softcare-kangassuojain\/#breadcrumb","itemListElement":[{"@type":"ListItem","position":1,"name":"Avaleht","item":"https:\/\/bellfire.ee\/fi\/"},{"@type":"ListItem","position":2,"name":"Huonekalut","item":"https:\/\/bellfire.ee\/fi\/huonekalut\/"},{"@type":"ListItem","position":3,"name":"Softcare-kangassuojain"}]},{"@type":"WebSite","@id":"https:\/\/bellfire.ee\/fi\/#website","url":"https:\/\/bellfire.ee\/fi\/","name":"Bellfire","description":"Disainm\u00f6\u00f6bel Sinu koju Eesti pehme m\u00f6\u00f6bli tootjal","publisher":{"@id":"https:\/\/bellfire.ee\/fi\/#organization"},"potentialAction":[{"@type":"SearchAction","target":{"@type":"EntryPoint","urlTemplate":"https:\/\/bellfire.ee\/fi\/?s={search_term_string}"},"query-input":{"@type":"PropertyValueSpecification","valueRequired":true,"valueName":"search_term_string"}}],"inLanguage":"fi"},{"@type":"Organization","@id":"https:\/\/bellfire.ee\/fi\/#organization","name":"Bellfire","url":"https:\/\/bellfire.ee\/fi\/","logo":{"@type":"ImageObject","inLanguage":"fi","@id":"https:\/\/bellfire.ee\/fi\/#\/schema\/logo\/image\/","url":"https:\/\/bellfire.ee\/wp-content\/uploads\/2024\/10\/Site-logo.svg","contentUrl":"https:\/\/bellfire.ee\/wp-content\/uploads\/2024\/10\/Site-logo.svg","width":55,"height":64,"caption":"Bellfire"},"image":{"@id":"https:\/\/bellfire.ee\/fi\/#\/schema\/logo\/image\/"}}]}},"_links":{"self":[{"href":"https:\/\/bellfire.ee\/fi\/wp-json\/wp\/v2\/product\/52687","targetHints":{"allow":["GET"]}}],"collection":[{"href":"https:\/\/bellfire.ee\/fi\/wp-json\/wp\/v2\/product"}],"about":[{"href":"https:\/\/bellfire.ee\/fi\/wp-json\/wp\/v2\/types\/product"}],"wp:featuredmedia":[{"embeddable":true,"href":"https:\/\/bellfire.ee\/fi\/wp-json\/wp\/v2\/media\/69305"}],"wp:attachment":[{"href":"https:\/\/bellfire.ee\/fi\/wp-json\/wp\/v2\/media?parent=52687"}],"wp:term":[{"taxonomy":"wpc-attribute-group","embeddable":true,"href":"https:\/\/bellfire.ee\/fi\/wp-json\/wp\/v2\/wpc-attribute-group?post=52687"},{"taxonomy":"product_brand","embeddable":true,"href":"https:\/\/bellfire.ee\/fi\/wp-json\/wp\/v2\/product_brand?post=52687"},{"taxonomy":"product_cat","embeddable":true,"href":"https:\/\/bellfire.ee\/fi\/wp-json\/wp\/v2\/product_cat?post=52687"},{"taxonomy":"product_tag","embeddable":true,"href":"https:\/\/bellfire.ee\/fi\/wp-json\/wp\/v2\/product_tag?post=52687"}],"curies":[{"name":"wp","href":"https:\/\/api.w.org\/{rel}","templated":true}]}}