{"id":52685,"date":"2023-12-12T08:39:37","date_gmt":"2023-12-12T08:39:37","guid":{"rendered":"https:\/\/bellfire.ee\/Ei-luokiteltu\/softcare-kangaspuhdistaja\/"},"modified":"2023-12-12T08:39:37","modified_gmt":"2023-12-12T08:39:37","slug":"softcare-kangaspuhdistaja","status":"publish","type":"product","link":"https:\/\/bellfire.ee\/fi\/olohuone\/hoitotuotteet\/softcare-kangaspuhdistaja\/","title":{"rendered":"Softcare-kangaspuhdistaja"},"content":{"rendered":"<p><strong>Softcare-kangaspuhdistaja<\/strong> poistaa tehokkaasti likaa, rasvaa ja tahroja erilaisilta tekstiileilt\u00e4, kuten huonekalukankaista, matoista, verhoista ja vaatteista. Tuote on valmistettu ymp\u00e4rist\u00f6yst\u00e4v\u00e4llisist\u00e4 ainesosista ja se on pakattu 500 ml kierr\u00e4tett\u00e4v\u00e4\u00e4n pulloon.<br \/>\nEnnen k\u00e4ytt\u00f6\u00e4 testaa ensin pienell\u00e4 huomaamattomalla alueella. Suihkuta tahraan, anna vaikuttaa muutama minuutti ja puhdista kostealla liinalla. Vaikeampien tahrojen kohdalla pidenn\u00e4 vaikutusaikaa tai toista prosessi. V\u00e4lt\u00e4 liiallista kostuttamista ja anna kuivua hyvin ilmastoidussa tilassa.<\/p>\n<p>Vaatteille suihkuta tahroihin 10 minuuttia ennen konepesua.<\/p>\n<p>T\u00e4\u00e4lt\u00e4 l\u00f6yd\u00e4t lyhyen videon Softcare-kangaspuhdistajan k\u00e4yt\u00f6st\u00e4.<\/p>\n<p><strong>Softcare-kangassuojain<\/strong> on saatavilla n\u00e4yttelytilassamme osoitteessa Riia 142, Tartto.<\/p>\n","protected":false},"excerpt":{"rendered":"<p><strong>Softcare-kangaspuhdistaja<\/strong> poistaa tehokkaasti likaa, rasvaa ja tahroja erilaisilta tekstiileilt\u00e4, kuten huonekalukankaista, matoista, verhoista ja vaatteista. Tuote on valmistettu ymp\u00e4rist\u00f6yst\u00e4v\u00e4llisist\u00e4 ainesosista ja se on pakattu 500 ml kierr\u00e4tett\u00e4v\u00e4\u00e4n pulloon.<br \/>\nEnnen k\u00e4ytt\u00f6\u00e4 testaa ensin pienell\u00e4 huomaamattomalla alueella. Suihkuta tahraan, anna vaikuttaa muutama minuutti ja puhdista kostealla liinalla. Vaikeampien tahrojen kohdalla pidenn\u00e4 vaikutusaikaa tai toista prosessi. V\u00e4lt\u00e4 liiallista kostuttamista ja anna kuivua hyvin ilmastoidussa tilassa.<\/p>\n<p>Vaatteille suihkuta tahroihin 10 minuuttia ennen konepesua.<\/p>\n<p>T\u00e4\u00e4lt\u00e4 l\u00f6yd\u00e4t lyhyen videon Softcare-kangaspuhdistajan k\u00e4yt\u00f6st\u00e4.<\/p>\n<p><strong>Softcare-kangassuojain<\/strong> on saatavilla n\u00e4yttelytilassamme osoitteessa Riia 142, Tartto.<\/p>\n","protected":false},"featured_media":69299,"template":"","meta":{"_acf_changed":false},"wpc-attribute-group":[],"product_brand":[],"product_cat":[2233,2236],"product_tag":[],"class_list":{"0":"post-52685","1":"product","2":"type-product","3":"status-publish","4":"has-post-thumbnail","6":"product_cat-olohuone","7":"product_cat-hoitotuotteet","9":"first","10":"instock","11":"taxable","12":"shipping-taxable","13":"purchasable","14":"product-type-variable","15":"add-to-wishlist-after_add_to_cart"},"acf":[],"yoast_head":"<!-- This site is optimized with the Yoast SEO plugin v26.1 - https:\/\/yoast.com\/wordpress\/plugins\/seo\/ -->\n<title>Softcare-kangaspuhdistaja - Bellfire<\/title>\n<meta name=\"robots\" content=\"index, follow, max-snippet:-1, max-image-preview:large, max-video-preview:-1\" \/>\n<link rel=\"canonical\" href=\"https:\/\/bellfire.ee\/fi\/olohuone\/hoitotuotteet\/softcare-kangaspuhdistaja\/\" \/>\n<meta property=\"og:locale\" content=\"fi_FI\" \/>\n<meta property=\"og:type\" content=\"article\" \/>\n<meta property=\"og:title\" content=\"Softcare-kangaspuhdistaja - Bellfire\" \/>\n<meta property=\"og:description\" content=\"Softcare-kangaspuhdistaja poistaa tehokkaasti likaa, rasvaa ja tahroja erilaisilta tekstiileilt\u00e4, kuten huonekalukankaista, matoista, verhoista ja vaatteista. Tuote on valmistettu ymp\u00e4rist\u00f6yst\u00e4v\u00e4llisist\u00e4 ainesosista ja se on pakattu 500 ml kierr\u00e4tett\u00e4v\u00e4\u00e4n pulloon. Ennen k\u00e4ytt\u00f6\u00e4 testaa ensin pienell\u00e4 huomaamattomalla alueella. Suihkuta tahraan, anna vaikuttaa muutama minuutti ja puhdista kostealla liinalla. Vaikeampien tahrojen kohdalla pidenn\u00e4 vaikutusaikaa tai toista prosessi. V\u00e4lt\u00e4 liiallista kostuttamista ja anna kuivua hyvin ilmastoidussa tilassa.  Vaatteille suihkuta tahroihin 10 minuuttia ennen konepesua.  T\u00e4\u00e4lt\u00e4 l\u00f6yd\u00e4t lyhyen videon Softcare-kangaspuhdistajan k\u00e4yt\u00f6st\u00e4.  Softcare-kangassuojain on saatavilla n\u00e4yttelytilassamme osoitteessa Riia 142, Tartto.\" \/>\n<meta property=\"og:url\" content=\"https:\/\/bellfire.ee\/fi\/olohuone\/hoitotuotteet\/softcare-kangaspuhdistaja\/\" \/>\n<meta property=\"og:site_name\" content=\"Bellfire\" \/>\n<meta property=\"og:image\" content=\"https:\/\/bellfire.ee\/wp-content\/uploads\/2023\/12\/softcare-textile-cleaner-ikoon.jpg\" \/>\n\t<meta property=\"og:image:width\" content=\"1920\" \/>\n\t<meta property=\"og:image:height\" content=\"1080\" \/>\n\t<meta property=\"og:image:type\" content=\"image\/jpeg\" \/>\n<meta name=\"twitter:card\" content=\"summary_large_image\" \/>\n<script type=\"application\/ld+json\" class=\"yoast-schema-graph\">{\"@context\":\"https:\/\/schema.org\",\"@graph\":[{\"@type\":\"WebPage\",\"@id\":\"https:\/\/bellfire.ee\/fi\/olohuone\/hoitotuotteet\/softcare-kangaspuhdistaja\/\",\"url\":\"https:\/\/bellfire.ee\/fi\/olohuone\/hoitotuotteet\/softcare-kangaspuhdistaja\/\",\"name\":\"Softcare-kangaspuhdistaja - Bellfire\",\"isPartOf\":{\"@id\":\"https:\/\/bellfire.ee\/fi\/#website\"},\"primaryImageOfPage\":{\"@id\":\"https:\/\/bellfire.ee\/fi\/olohuone\/hoitotuotteet\/softcare-kangaspuhdistaja\/#primaryimage\"},\"image\":{\"@id\":\"https:\/\/bellfire.ee\/fi\/olohuone\/hoitotuotteet\/softcare-kangaspuhdistaja\/#primaryimage\"},\"thumbnailUrl\":\"https:\/\/bellfire.ee\/wp-content\/uploads\/2023\/12\/712718-TEKSTIILIPESU-500-Web-1024px-65q.jpg\",\"datePublished\":\"2023-12-12T08:39:37+00:00\",\"breadcrumb\":{\"@id\":\"https:\/\/bellfire.ee\/fi\/olohuone\/hoitotuotteet\/softcare-kangaspuhdistaja\/#breadcrumb\"},\"inLanguage\":\"fi\",\"potentialAction\":[{\"@type\":\"ReadAction\",\"target\":[\"https:\/\/bellfire.ee\/fi\/olohuone\/hoitotuotteet\/softcare-kangaspuhdistaja\/\"]}]},{\"@type\":\"ImageObject\",\"inLanguage\":\"fi\",\"@id\":\"https:\/\/bellfire.ee\/fi\/olohuone\/hoitotuotteet\/softcare-kangaspuhdistaja\/#primaryimage\",\"url\":\"https:\/\/bellfire.ee\/wp-content\/uploads\/2023\/12\/712718-TEKSTIILIPESU-500-Web-1024px-65q.jpg\",\"contentUrl\":\"https:\/\/bellfire.ee\/wp-content\/uploads\/2023\/12\/712718-TEKSTIILIPESU-500-Web-1024px-65q.jpg\",\"width\":1600,\"height\":1200},{\"@type\":\"BreadcrumbList\",\"@id\":\"https:\/\/bellfire.ee\/fi\/olohuone\/hoitotuotteet\/softcare-kangaspuhdistaja\/#breadcrumb\",\"itemListElement\":[{\"@type\":\"ListItem\",\"position\":1,\"name\":\"Avaleht\",\"item\":\"https:\/\/bellfire.ee\/fi\/\"},{\"@type\":\"ListItem\",\"position\":2,\"name\":\"Huonekalut\",\"item\":\"https:\/\/bellfire.ee\/fi\/huonekalut\/\"},{\"@type\":\"ListItem\",\"position\":3,\"name\":\"Softcare-kangaspuhdistaja\"}]},{\"@type\":\"WebSite\",\"@id\":\"https:\/\/bellfire.ee\/fi\/#website\",\"url\":\"https:\/\/bellfire.ee\/fi\/\",\"name\":\"Bellfire\",\"description\":\"Disainm\u00f6\u00f6bel Sinu koju Eesti pehme m\u00f6\u00f6bli tootjal\",\"publisher\":{\"@id\":\"https:\/\/bellfire.ee\/fi\/#organization\"},\"potentialAction\":[{\"@type\":\"SearchAction\",\"target\":{\"@type\":\"EntryPoint\",\"urlTemplate\":\"https:\/\/bellfire.ee\/fi\/?s={search_term_string}\"},\"query-input\":{\"@type\":\"PropertyValueSpecification\",\"valueRequired\":true,\"valueName\":\"search_term_string\"}}],\"inLanguage\":\"fi\"},{\"@type\":\"Organization\",\"@id\":\"https:\/\/bellfire.ee\/fi\/#organization\",\"name\":\"Bellfire\",\"url\":\"https:\/\/bellfire.ee\/fi\/\",\"logo\":{\"@type\":\"ImageObject\",\"inLanguage\":\"fi\",\"@id\":\"https:\/\/bellfire.ee\/fi\/#\/schema\/logo\/image\/\",\"url\":\"https:\/\/bellfire.ee\/wp-content\/uploads\/2024\/10\/Site-logo.svg\",\"contentUrl\":\"https:\/\/bellfire.ee\/wp-content\/uploads\/2024\/10\/Site-logo.svg\",\"width\":55,\"height\":64,\"caption\":\"Bellfire\"},\"image\":{\"@id\":\"https:\/\/bellfire.ee\/fi\/#\/schema\/logo\/image\/\"}}]}<\/script>\n<!-- \/ Yoast SEO plugin. -->","yoast_head_json":{"title":"Softcare-kangaspuhdistaja - Bellfire","robots":{"index":"index","follow":"follow","max-snippet":"max-snippet:-1","max-image-preview":"max-image-preview:large","max-video-preview":"max-video-preview:-1"},"canonical":"https:\/\/bellfire.ee\/fi\/olohuone\/hoitotuotteet\/softcare-kangaspuhdistaja\/","og_locale":"fi_FI","og_type":"article","og_title":"Softcare-kangaspuhdistaja - Bellfire","og_description":"Softcare-kangaspuhdistaja poistaa tehokkaasti likaa, rasvaa ja tahroja erilaisilta tekstiileilt\u00e4, kuten huonekalukankaista, matoista, verhoista ja vaatteista. Tuote on valmistettu ymp\u00e4rist\u00f6yst\u00e4v\u00e4llisist\u00e4 ainesosista ja se on pakattu 500 ml kierr\u00e4tett\u00e4v\u00e4\u00e4n pulloon. Ennen k\u00e4ytt\u00f6\u00e4 testaa ensin pienell\u00e4 huomaamattomalla alueella. Suihkuta tahraan, anna vaikuttaa muutama minuutti ja puhdista kostealla liinalla. Vaikeampien tahrojen kohdalla pidenn\u00e4 vaikutusaikaa tai toista prosessi. V\u00e4lt\u00e4 liiallista kostuttamista ja anna kuivua hyvin ilmastoidussa tilassa.  Vaatteille suihkuta tahroihin 10 minuuttia ennen konepesua.  T\u00e4\u00e4lt\u00e4 l\u00f6yd\u00e4t lyhyen videon Softcare-kangaspuhdistajan k\u00e4yt\u00f6st\u00e4.  Softcare-kangassuojain on saatavilla n\u00e4yttelytilassamme osoitteessa Riia 142, Tartto.","og_url":"https:\/\/bellfire.ee\/fi\/olohuone\/hoitotuotteet\/softcare-kangaspuhdistaja\/","og_site_name":"Bellfire","og_image":[{"width":1920,"height":1080,"url":"https:\/\/bellfire.ee\/wp-content\/uploads\/2023\/12\/softcare-textile-cleaner-ikoon.jpg","type":"image\/jpeg"}],"twitter_card":"summary_large_image","schema":{"@context":"https:\/\/schema.org","@graph":[{"@type":"WebPage","@id":"https:\/\/bellfire.ee\/fi\/olohuone\/hoitotuotteet\/softcare-kangaspuhdistaja\/","url":"https:\/\/bellfire.ee\/fi\/olohuone\/hoitotuotteet\/softcare-kangaspuhdistaja\/","name":"Softcare-kangaspuhdistaja - Bellfire","isPartOf":{"@id":"https:\/\/bellfire.ee\/fi\/#website"},"primaryImageOfPage":{"@id":"https:\/\/bellfire.ee\/fi\/olohuone\/hoitotuotteet\/softcare-kangaspuhdistaja\/#primaryimage"},"image":{"@id":"https:\/\/bellfire.ee\/fi\/olohuone\/hoitotuotteet\/softcare-kangaspuhdistaja\/#primaryimage"},"thumbnailUrl":"https:\/\/bellfire.ee\/wp-content\/uploads\/2023\/12\/712718-TEKSTIILIPESU-500-Web-1024px-65q.jpg","datePublished":"2023-12-12T08:39:37+00:00","breadcrumb":{"@id":"https:\/\/bellfire.ee\/fi\/olohuone\/hoitotuotteet\/softcare-kangaspuhdistaja\/#breadcrumb"},"inLanguage":"fi","potentialAction":[{"@type":"ReadAction","target":["https:\/\/bellfire.ee\/fi\/olohuone\/hoitotuotteet\/softcare-kangaspuhdistaja\/"]}]},{"@type":"ImageObject","inLanguage":"fi","@id":"https:\/\/bellfire.ee\/fi\/olohuone\/hoitotuotteet\/softcare-kangaspuhdistaja\/#primaryimage","url":"https:\/\/bellfire.ee\/wp-content\/uploads\/2023\/12\/712718-TEKSTIILIPESU-500-Web-1024px-65q.jpg","contentUrl":"https:\/\/bellfire.ee\/wp-content\/uploads\/2023\/12\/712718-TEKSTIILIPESU-500-Web-1024px-65q.jpg","width":1600,"height":1200},{"@type":"BreadcrumbList","@id":"https:\/\/bellfire.ee\/fi\/olohuone\/hoitotuotteet\/softcare-kangaspuhdistaja\/#breadcrumb","itemListElement":[{"@type":"ListItem","position":1,"name":"Avaleht","item":"https:\/\/bellfire.ee\/fi\/"},{"@type":"ListItem","position":2,"name":"Huonekalut","item":"https:\/\/bellfire.ee\/fi\/huonekalut\/"},{"@type":"ListItem","position":3,"name":"Softcare-kangaspuhdistaja"}]},{"@type":"WebSite","@id":"https:\/\/bellfire.ee\/fi\/#website","url":"https:\/\/bellfire.ee\/fi\/","name":"Bellfire","description":"Disainm\u00f6\u00f6bel Sinu koju Eesti pehme m\u00f6\u00f6bli tootjal","publisher":{"@id":"https:\/\/bellfire.ee\/fi\/#organization"},"potentialAction":[{"@type":"SearchAction","target":{"@type":"EntryPoint","urlTemplate":"https:\/\/bellfire.ee\/fi\/?s={search_term_string}"},"query-input":{"@type":"PropertyValueSpecification","valueRequired":true,"valueName":"search_term_string"}}],"inLanguage":"fi"},{"@type":"Organization","@id":"https:\/\/bellfire.ee\/fi\/#organization","name":"Bellfire","url":"https:\/\/bellfire.ee\/fi\/","logo":{"@type":"ImageObject","inLanguage":"fi","@id":"https:\/\/bellfire.ee\/fi\/#\/schema\/logo\/image\/","url":"https:\/\/bellfire.ee\/wp-content\/uploads\/2024\/10\/Site-logo.svg","contentUrl":"https:\/\/bellfire.ee\/wp-content\/uploads\/2024\/10\/Site-logo.svg","width":55,"height":64,"caption":"Bellfire"},"image":{"@id":"https:\/\/bellfire.ee\/fi\/#\/schema\/logo\/image\/"}}]}},"_links":{"self":[{"href":"https:\/\/bellfire.ee\/fi\/wp-json\/wp\/v2\/product\/52685","targetHints":{"allow":["GET"]}}],"collection":[{"href":"https:\/\/bellfire.ee\/fi\/wp-json\/wp\/v2\/product"}],"about":[{"href":"https:\/\/bellfire.ee\/fi\/wp-json\/wp\/v2\/types\/product"}],"wp:featuredmedia":[{"embeddable":true,"href":"https:\/\/bellfire.ee\/fi\/wp-json\/wp\/v2\/media\/69299"}],"wp:attachment":[{"href":"https:\/\/bellfire.ee\/fi\/wp-json\/wp\/v2\/media?parent=52685"}],"wp:term":[{"taxonomy":"wpc-attribute-group","embeddable":true,"href":"https:\/\/bellfire.ee\/fi\/wp-json\/wp\/v2\/wpc-attribute-group?post=52685"},{"taxonomy":"product_brand","embeddable":true,"href":"https:\/\/bellfire.ee\/fi\/wp-json\/wp\/v2\/product_brand?post=52685"},{"taxonomy":"product_cat","embeddable":true,"href":"https:\/\/bellfire.ee\/fi\/wp-json\/wp\/v2\/product_cat?post=52685"},{"taxonomy":"product_tag","embeddable":true,"href":"https:\/\/bellfire.ee\/fi\/wp-json\/wp\/v2\/product_tag?post=52685"}],"curies":[{"name":"wp","href":"https:\/\/api.w.org\/{rel}","templated":true}]}}