{"id":52679,"date":"2024-04-24T12:09:10","date_gmt":"2024-04-24T12:09:10","guid":{"rendered":"https:\/\/bellfire.ee\/Ei-luokiteltu\/bello\/"},"modified":"2024-04-24T12:09:10","modified_gmt":"2024-04-24T12:09:10","slug":"bello","status":"publish","type":"product","link":"https:\/\/bellfire.ee\/fi\/olohuone\/sohvat\/bello\/","title":{"rendered":"Bello"},"content":{"rendered":"<p>Bello-sohvan modernin minimalistinen muotoilu huokuu rohkeutta ja eleganssia. Pehme\u00e4t pocket-tyyppiset eli pussijousilla varustetut istuimet tarjoavat keholle mukavan tuen ja varmistavat sohvan elegantin muodon s\u00e4ilymisen. Bello on suunniteltu yhteisty\u00f6ss\u00e4 suomalaisen huonekalusuunnittelijan Marjut Nousiaisen kanssa, joka on yhdist\u00e4nyt sohvan muotokieless\u00e4 luontoaiheisen estetiikan ja k\u00e4yt\u00e4nn\u00f6llisen toiminnallisuuden.<\/p>\n<p>Kokonaisvaltainen joka puolelta katsottuna, Bello sopii t\u00e4ydellisesti huoneen keskipisteeksi tuoden sisustukseen moderniutta ja harmoniaa. Materiaalivalintojen ja vankan rakenteen ansiosta t\u00e4m\u00e4 sohva soveltuu erinomaisesti my\u00f6s julkisiin tiloihin, hotelleihin tai toimistoihin. Sohvan runko on valmistettu luonnonmateriaaleista: koivuvanerista ja kuusesta. Sohva lep\u00e4\u00e4 piilotettujen jalkojen varassa.<\/p>\n<p>Bellolle suositeltu kangas Alaska on kevyesti teksturoitu ja antibakteerinen, ja sen valmistuksessa on k\u00e4ytetty kierr\u00e4tettyj\u00e4 materiaaleja. Kangas on kest\u00e4v\u00e4 tahroja ja lemmikkiel\u00e4imi\u00e4 vastaan sek\u00e4 helposti puhdistettavissa. Koostumus: 51 % kierr\u00e4tetty\u00e4 polyesteri\u00e4, 49 % polyesteri\u00e4.<\/p>\n<p>Koko kangasvalikoiman voi n\u00e4hd\u00e4 tarkemmin n\u00e4yttelytilassamme osoitteessa Riia 142, Tartto.<\/p>\n<p>Huomioithan, ett\u00e4 todellinen v\u00e4ri voi poiketa n\u00e4yt\u00f6ll\u00e4 n\u00e4kyv\u00e4st\u00e4. Suosittelemme v\u00e4rien tarkistamista n\u00e4yttelytilassamme.<\/p>\n","protected":false},"excerpt":{"rendered":"<p>Bello-sohvan modernin minimalistinen muotoilu huokuu rohkeutta ja eleganssia. Pehme\u00e4t pocket-tyyppiset eli pussijousilla varustetut istuimet tarjoavat keholle mukavan tuen ja varmistavat sohvan elegantin muodon s\u00e4ilymisen. Bello on suunniteltu yhteisty\u00f6ss\u00e4 suomalaisen huonekalusuunnittelijan Marjut Nousiaisen kanssa, joka on yhdist\u00e4nyt sohvan muotokieless\u00e4 luontoaiheisen estetiikan ja k\u00e4yt\u00e4nn\u00f6llisen toiminnallisuuden.<\/p>\n<p>Kokonaisvaltainen joka puolelta katsottuna, Bello sopii t\u00e4ydellisesti huoneen keskipisteeksi tuoden sisustukseen moderniutta ja harmoniaa. Materiaalivalintojen ja vankan rakenteen ansiosta t\u00e4m\u00e4 sohva soveltuu erinomaisesti my\u00f6s julkisiin tiloihin, hotelleihin tai toimistoihin. Sohvan runko on valmistettu luonnonmateriaaleista: koivuvanerista ja kuusesta. Sohva lep\u00e4\u00e4 piilotettujen jalkojen varassa.<\/p>\n<p>Bellolle suositeltu kangas Alaska on kevyesti teksturoitu ja antibakteerinen, ja sen valmistuksessa on k\u00e4ytetty kierr\u00e4tettyj\u00e4 materiaaleja. Kangas on kest\u00e4v\u00e4 tahroja ja lemmikkiel\u00e4imi\u00e4 vastaan sek\u00e4 helposti puhdistettavissa. Koostumus: 51 % kierr\u00e4tetty\u00e4 polyesteri\u00e4, 49 % polyesteri\u00e4.<\/p>\n<p>Koko kangasvalikoiman voi n\u00e4hd\u00e4 tarkemmin n\u00e4yttelytilassamme osoitteessa Riia 142, Tartto.<\/p>\n<p>Huomioithan, ett\u00e4 todellinen v\u00e4ri voi poiketa n\u00e4yt\u00f6ll\u00e4 n\u00e4kyv\u00e4st\u00e4. Suosittelemme v\u00e4rien tarkistamista n\u00e4yttelytilassamme.<\/p>\n","protected":false},"featured_media":44690,"template":"","meta":{"_acf_changed":false},"wpc-attribute-group":[],"product_brand":[],"product_cat":[2235],"product_tag":[],"class_list":{"0":"post-52679","1":"product","2":"type-product","3":"status-publish","4":"has-post-thumbnail","6":"product_cat-sohvat","7":"pa_e-poe-kangavalik-alaska-03-tapestry-fi","8":"pa_e-poe-kangavalik-alaska-06-olive-fi","9":"pa_e-poe-kangavalik-alaska-09-brick-fi","10":"pa_e-poe-kangavalik-alaska-12-ochre-fi","11":"pa_e-poe-kangavalik-alaska-19-ivory-fi","13":"first","14":"instock","15":"taxable","16":"shipping-taxable","17":"purchasable","18":"product-type-variable","19":"add-to-wishlist-after_add_to_cart"},"acf":[],"yoast_head":"<!-- This site is optimized with the Yoast SEO plugin v26.1 - https:\/\/yoast.com\/wordpress\/plugins\/seo\/ -->\n<title>Bello - Bellfire<\/title>\n<meta name=\"robots\" content=\"index, follow, max-snippet:-1, max-image-preview:large, max-video-preview:-1\" \/>\n<link rel=\"canonical\" href=\"https:\/\/bellfire.ee\/fi\/olohuone\/sohvat\/bello\/\" \/>\n<meta property=\"og:locale\" content=\"fi_FI\" \/>\n<meta property=\"og:type\" content=\"article\" \/>\n<meta property=\"og:title\" content=\"Bello - Bellfire\" \/>\n<meta property=\"og:description\" content=\"Bello-sohvan modernin minimalistinen muotoilu huokuu rohkeutta ja eleganssia. Pehme\u00e4t pocket-tyyppiset eli pussijousilla varustetut istuimet tarjoavat keholle mukavan tuen ja varmistavat sohvan elegantin muodon s\u00e4ilymisen. Bello on suunniteltu yhteisty\u00f6ss\u00e4 suomalaisen huonekalusuunnittelijan Marjut Nousiaisen kanssa, joka on yhdist\u00e4nyt sohvan muotokieless\u00e4 luontoaiheisen estetiikan ja k\u00e4yt\u00e4nn\u00f6llisen toiminnallisuuden.  Kokonaisvaltainen joka puolelta katsottuna, Bello sopii t\u00e4ydellisesti huoneen keskipisteeksi tuoden sisustukseen moderniutta ja harmoniaa. Materiaalivalintojen ja vankan rakenteen ansiosta t\u00e4m\u00e4 sohva soveltuu erinomaisesti my\u00f6s julkisiin tiloihin, hotelleihin tai toimistoihin. Sohvan runko on valmistettu luonnonmateriaaleista: koivuvanerista ja kuusesta. Sohva lep\u00e4\u00e4 piilotettujen jalkojen varassa.  Bellolle suositeltu kangas Alaska on kevyesti teksturoitu ja antibakteerinen, ja sen valmistuksessa on k\u00e4ytetty kierr\u00e4tettyj\u00e4 materiaaleja. Kangas on kest\u00e4v\u00e4 tahroja ja lemmikkiel\u00e4imi\u00e4 vastaan sek\u00e4 helposti puhdistettavissa. Koostumus: 51 % kierr\u00e4tetty\u00e4 polyesteri\u00e4, 49 % polyesteri\u00e4.  Koko kangasvalikoiman voi n\u00e4hd\u00e4 tarkemmin n\u00e4yttelytilassamme osoitteessa Riia 142, Tartto.  Huomioithan, ett\u00e4 todellinen v\u00e4ri voi poiketa n\u00e4yt\u00f6ll\u00e4 n\u00e4kyv\u00e4st\u00e4. Suosittelemme v\u00e4rien tarkistamista n\u00e4yttelytilassamme.\" \/>\n<meta property=\"og:url\" content=\"https:\/\/bellfire.ee\/fi\/olohuone\/sohvat\/bello\/\" \/>\n<meta property=\"og:site_name\" content=\"Bellfire\" \/>\n<meta property=\"og:image\" content=\"https:\/\/bellfire.ee\/wp-content\/uploads\/2024\/10\/Bellfire_Bello_Sofa_Alaska_12-Ochre_FV.jpg\" \/>\n\t<meta property=\"og:image:width\" content=\"1920\" \/>\n\t<meta property=\"og:image:height\" content=\"1080\" \/>\n\t<meta property=\"og:image:type\" content=\"image\/jpeg\" \/>\n<meta name=\"twitter:card\" content=\"summary_large_image\" \/>\n<meta name=\"twitter:label1\" content=\"Arvioitu lukuaika\" \/>\n\t<meta name=\"twitter:data1\" content=\"1 minuutti\" \/>\n<script type=\"application\/ld+json\" class=\"yoast-schema-graph\">{\"@context\":\"https:\/\/schema.org\",\"@graph\":[{\"@type\":\"WebPage\",\"@id\":\"https:\/\/bellfire.ee\/fi\/olohuone\/sohvat\/bello\/\",\"url\":\"https:\/\/bellfire.ee\/fi\/olohuone\/sohvat\/bello\/\",\"name\":\"Bello - Bellfire\",\"isPartOf\":{\"@id\":\"https:\/\/bellfire.ee\/fi\/#website\"},\"primaryImageOfPage\":{\"@id\":\"https:\/\/bellfire.ee\/fi\/olohuone\/sohvat\/bello\/#primaryimage\"},\"image\":{\"@id\":\"https:\/\/bellfire.ee\/fi\/olohuone\/sohvat\/bello\/#primaryimage\"},\"thumbnailUrl\":\"https:\/\/bellfire.ee\/wp-content\/uploads\/2024\/10\/Bellfire_Bello_Sofa_Alaska_12-Ochre_FV.jpg\",\"datePublished\":\"2024-04-24T12:09:10+00:00\",\"breadcrumb\":{\"@id\":\"https:\/\/bellfire.ee\/fi\/olohuone\/sohvat\/bello\/#breadcrumb\"},\"inLanguage\":\"fi\",\"potentialAction\":[{\"@type\":\"ReadAction\",\"target\":[\"https:\/\/bellfire.ee\/fi\/olohuone\/sohvat\/bello\/\"]}]},{\"@type\":\"ImageObject\",\"inLanguage\":\"fi\",\"@id\":\"https:\/\/bellfire.ee\/fi\/olohuone\/sohvat\/bello\/#primaryimage\",\"url\":\"https:\/\/bellfire.ee\/wp-content\/uploads\/2024\/10\/Bellfire_Bello_Sofa_Alaska_12-Ochre_FV.jpg\",\"contentUrl\":\"https:\/\/bellfire.ee\/wp-content\/uploads\/2024\/10\/Bellfire_Bello_Sofa_Alaska_12-Ochre_FV.jpg\",\"width\":1920,\"height\":1080},{\"@type\":\"BreadcrumbList\",\"@id\":\"https:\/\/bellfire.ee\/fi\/olohuone\/sohvat\/bello\/#breadcrumb\",\"itemListElement\":[{\"@type\":\"ListItem\",\"position\":1,\"name\":\"Avaleht\",\"item\":\"https:\/\/bellfire.ee\/fi\/\"},{\"@type\":\"ListItem\",\"position\":2,\"name\":\"Huonekalut\",\"item\":\"https:\/\/bellfire.ee\/fi\/huonekalut\/\"},{\"@type\":\"ListItem\",\"position\":3,\"name\":\"Bello\"}]},{\"@type\":\"WebSite\",\"@id\":\"https:\/\/bellfire.ee\/fi\/#website\",\"url\":\"https:\/\/bellfire.ee\/fi\/\",\"name\":\"Bellfire\",\"description\":\"Disainm\u00f6\u00f6bel Sinu koju Eesti pehme m\u00f6\u00f6bli tootjal\",\"publisher\":{\"@id\":\"https:\/\/bellfire.ee\/fi\/#organization\"},\"potentialAction\":[{\"@type\":\"SearchAction\",\"target\":{\"@type\":\"EntryPoint\",\"urlTemplate\":\"https:\/\/bellfire.ee\/fi\/?s={search_term_string}\"},\"query-input\":{\"@type\":\"PropertyValueSpecification\",\"valueRequired\":true,\"valueName\":\"search_term_string\"}}],\"inLanguage\":\"fi\"},{\"@type\":\"Organization\",\"@id\":\"https:\/\/bellfire.ee\/fi\/#organization\",\"name\":\"Bellfire\",\"url\":\"https:\/\/bellfire.ee\/fi\/\",\"logo\":{\"@type\":\"ImageObject\",\"inLanguage\":\"fi\",\"@id\":\"https:\/\/bellfire.ee\/fi\/#\/schema\/logo\/image\/\",\"url\":\"https:\/\/bellfire.ee\/wp-content\/uploads\/2024\/10\/Site-logo.svg\",\"contentUrl\":\"https:\/\/bellfire.ee\/wp-content\/uploads\/2024\/10\/Site-logo.svg\",\"width\":55,\"height\":64,\"caption\":\"Bellfire\"},\"image\":{\"@id\":\"https:\/\/bellfire.ee\/fi\/#\/schema\/logo\/image\/\"}}]}<\/script>\n<!-- \/ Yoast SEO plugin. -->","yoast_head_json":{"title":"Bello - Bellfire","robots":{"index":"index","follow":"follow","max-snippet":"max-snippet:-1","max-image-preview":"max-image-preview:large","max-video-preview":"max-video-preview:-1"},"canonical":"https:\/\/bellfire.ee\/fi\/olohuone\/sohvat\/bello\/","og_locale":"fi_FI","og_type":"article","og_title":"Bello - Bellfire","og_description":"Bello-sohvan modernin minimalistinen muotoilu huokuu rohkeutta ja eleganssia. Pehme\u00e4t pocket-tyyppiset eli pussijousilla varustetut istuimet tarjoavat keholle mukavan tuen ja varmistavat sohvan elegantin muodon s\u00e4ilymisen. Bello on suunniteltu yhteisty\u00f6ss\u00e4 suomalaisen huonekalusuunnittelijan Marjut Nousiaisen kanssa, joka on yhdist\u00e4nyt sohvan muotokieless\u00e4 luontoaiheisen estetiikan ja k\u00e4yt\u00e4nn\u00f6llisen toiminnallisuuden.  Kokonaisvaltainen joka puolelta katsottuna, Bello sopii t\u00e4ydellisesti huoneen keskipisteeksi tuoden sisustukseen moderniutta ja harmoniaa. Materiaalivalintojen ja vankan rakenteen ansiosta t\u00e4m\u00e4 sohva soveltuu erinomaisesti my\u00f6s julkisiin tiloihin, hotelleihin tai toimistoihin. Sohvan runko on valmistettu luonnonmateriaaleista: koivuvanerista ja kuusesta. Sohva lep\u00e4\u00e4 piilotettujen jalkojen varassa.  Bellolle suositeltu kangas Alaska on kevyesti teksturoitu ja antibakteerinen, ja sen valmistuksessa on k\u00e4ytetty kierr\u00e4tettyj\u00e4 materiaaleja. Kangas on kest\u00e4v\u00e4 tahroja ja lemmikkiel\u00e4imi\u00e4 vastaan sek\u00e4 helposti puhdistettavissa. Koostumus: 51 % kierr\u00e4tetty\u00e4 polyesteri\u00e4, 49 % polyesteri\u00e4.  Koko kangasvalikoiman voi n\u00e4hd\u00e4 tarkemmin n\u00e4yttelytilassamme osoitteessa Riia 142, Tartto.  Huomioithan, ett\u00e4 todellinen v\u00e4ri voi poiketa n\u00e4yt\u00f6ll\u00e4 n\u00e4kyv\u00e4st\u00e4. Suosittelemme v\u00e4rien tarkistamista n\u00e4yttelytilassamme.","og_url":"https:\/\/bellfire.ee\/fi\/olohuone\/sohvat\/bello\/","og_site_name":"Bellfire","og_image":[{"width":1920,"height":1080,"url":"https:\/\/bellfire.ee\/wp-content\/uploads\/2024\/10\/Bellfire_Bello_Sofa_Alaska_12-Ochre_FV.jpg","type":"image\/jpeg"}],"twitter_card":"summary_large_image","twitter_misc":{"Arvioitu lukuaika":"1 minuutti"},"schema":{"@context":"https:\/\/schema.org","@graph":[{"@type":"WebPage","@id":"https:\/\/bellfire.ee\/fi\/olohuone\/sohvat\/bello\/","url":"https:\/\/bellfire.ee\/fi\/olohuone\/sohvat\/bello\/","name":"Bello - Bellfire","isPartOf":{"@id":"https:\/\/bellfire.ee\/fi\/#website"},"primaryImageOfPage":{"@id":"https:\/\/bellfire.ee\/fi\/olohuone\/sohvat\/bello\/#primaryimage"},"image":{"@id":"https:\/\/bellfire.ee\/fi\/olohuone\/sohvat\/bello\/#primaryimage"},"thumbnailUrl":"https:\/\/bellfire.ee\/wp-content\/uploads\/2024\/10\/Bellfire_Bello_Sofa_Alaska_12-Ochre_FV.jpg","datePublished":"2024-04-24T12:09:10+00:00","breadcrumb":{"@id":"https:\/\/bellfire.ee\/fi\/olohuone\/sohvat\/bello\/#breadcrumb"},"inLanguage":"fi","potentialAction":[{"@type":"ReadAction","target":["https:\/\/bellfire.ee\/fi\/olohuone\/sohvat\/bello\/"]}]},{"@type":"ImageObject","inLanguage":"fi","@id":"https:\/\/bellfire.ee\/fi\/olohuone\/sohvat\/bello\/#primaryimage","url":"https:\/\/bellfire.ee\/wp-content\/uploads\/2024\/10\/Bellfire_Bello_Sofa_Alaska_12-Ochre_FV.jpg","contentUrl":"https:\/\/bellfire.ee\/wp-content\/uploads\/2024\/10\/Bellfire_Bello_Sofa_Alaska_12-Ochre_FV.jpg","width":1920,"height":1080},{"@type":"BreadcrumbList","@id":"https:\/\/bellfire.ee\/fi\/olohuone\/sohvat\/bello\/#breadcrumb","itemListElement":[{"@type":"ListItem","position":1,"name":"Avaleht","item":"https:\/\/bellfire.ee\/fi\/"},{"@type":"ListItem","position":2,"name":"Huonekalut","item":"https:\/\/bellfire.ee\/fi\/huonekalut\/"},{"@type":"ListItem","position":3,"name":"Bello"}]},{"@type":"WebSite","@id":"https:\/\/bellfire.ee\/fi\/#website","url":"https:\/\/bellfire.ee\/fi\/","name":"Bellfire","description":"Disainm\u00f6\u00f6bel Sinu koju Eesti pehme m\u00f6\u00f6bli tootjal","publisher":{"@id":"https:\/\/bellfire.ee\/fi\/#organization"},"potentialAction":[{"@type":"SearchAction","target":{"@type":"EntryPoint","urlTemplate":"https:\/\/bellfire.ee\/fi\/?s={search_term_string}"},"query-input":{"@type":"PropertyValueSpecification","valueRequired":true,"valueName":"search_term_string"}}],"inLanguage":"fi"},{"@type":"Organization","@id":"https:\/\/bellfire.ee\/fi\/#organization","name":"Bellfire","url":"https:\/\/bellfire.ee\/fi\/","logo":{"@type":"ImageObject","inLanguage":"fi","@id":"https:\/\/bellfire.ee\/fi\/#\/schema\/logo\/image\/","url":"https:\/\/bellfire.ee\/wp-content\/uploads\/2024\/10\/Site-logo.svg","contentUrl":"https:\/\/bellfire.ee\/wp-content\/uploads\/2024\/10\/Site-logo.svg","width":55,"height":64,"caption":"Bellfire"},"image":{"@id":"https:\/\/bellfire.ee\/fi\/#\/schema\/logo\/image\/"}}]}},"_links":{"self":[{"href":"https:\/\/bellfire.ee\/fi\/wp-json\/wp\/v2\/product\/52679","targetHints":{"allow":["GET"]}}],"collection":[{"href":"https:\/\/bellfire.ee\/fi\/wp-json\/wp\/v2\/product"}],"about":[{"href":"https:\/\/bellfire.ee\/fi\/wp-json\/wp\/v2\/types\/product"}],"wp:featuredmedia":[{"embeddable":true,"href":"https:\/\/bellfire.ee\/fi\/wp-json\/wp\/v2\/media\/44690"}],"wp:attachment":[{"href":"https:\/\/bellfire.ee\/fi\/wp-json\/wp\/v2\/media?parent=52679"}],"wp:term":[{"taxonomy":"wpc-attribute-group","embeddable":true,"href":"https:\/\/bellfire.ee\/fi\/wp-json\/wp\/v2\/wpc-attribute-group?post=52679"},{"taxonomy":"product_brand","embeddable":true,"href":"https:\/\/bellfire.ee\/fi\/wp-json\/wp\/v2\/product_brand?post=52679"},{"taxonomy":"product_cat","embeddable":true,"href":"https:\/\/bellfire.ee\/fi\/wp-json\/wp\/v2\/product_cat?post=52679"},{"taxonomy":"product_tag","embeddable":true,"href":"https:\/\/bellfire.ee\/fi\/wp-json\/wp\/v2\/product_tag?post=52679"}],"curies":[{"name":"wp","href":"https:\/\/api.w.org\/{rel}","templated":true}]}}