{"id":52666,"date":"2024-06-19T14:11:00","date_gmt":"2024-06-19T14:11:00","guid":{"rendered":"https:\/\/bellfire.ee\/Ei-luokiteltu\/lyon\/"},"modified":"2024-06-19T14:11:00","modified_gmt":"2024-06-19T14:11:00","slug":"lyon","status":"publish","type":"product","link":"https:\/\/bellfire.ee\/fi\/olohuone\/sohvat\/lyon\/","title":{"rendered":"Lyon"},"content":{"rendered":"<p>Lyon-sohvan ajattoman elegantti muotoilu miellytt\u00e4\u00e4 silm\u00e4\u00e4 joka kulmasta. Vankka monikerroksinen istuintyyny takaa kest\u00e4vyyden, kun taas pehme\u00e4, joustava selk\u00e4tyyny ja virtaviivainen k\u00e4sinoja tuovat mukavuutta. Sohvan ilmett\u00e4 korostavat korkeat jalat, jotka ovat saatavilla metallisina tai puisina ja tuovat keveytt\u00e4 kokonaisuuteen.<\/p>\n<p><strong>Storm-kangas<\/strong> on kest\u00e4v\u00e4 ja pehme\u00e4. Easy Clean -teknologian ansiosta tahrat voi poistaa kankaasta pelk\u00e4ll\u00e4 vedell\u00e4 ilman kemiallisia puhdistusaineita.<\/p>\n<p>Koko kangasvalikoima on n\u00e4ht\u00e4viss\u00e4 n\u00e4yttelytilassamme osoitteessa Riia 142, Tartto.<\/p>\n<p>Huomioithan, ett\u00e4 todellinen v\u00e4ri voi poiketa n\u00e4yt\u00f6ll\u00e4 n\u00e4kyv\u00e4st\u00e4. Suosittelemme v\u00e4rien tarkistamista n\u00e4yttelytilassamme.<\/p>\n","protected":false},"excerpt":{"rendered":"<p>Lyon-sohvan ajattoman elegantti muotoilu miellytt\u00e4\u00e4 silm\u00e4\u00e4 joka kulmasta. Vankka monikerroksinen istuintyyny takaa kest\u00e4vyyden, kun taas pehme\u00e4, joustava selk\u00e4tyyny ja virtaviivainen k\u00e4sinoja tuovat mukavuutta. Sohvan ilmett\u00e4 korostavat korkeat jalat, jotka ovat saatavilla metallisina tai puisina ja tuovat keveytt\u00e4 kokonaisuuteen.<\/p>\n<p><strong>Storm-kangas<\/strong> on kest\u00e4v\u00e4 ja pehme\u00e4. Easy Clean -teknologian ansiosta tahrat voi poistaa kankaasta pelk\u00e4ll\u00e4 vedell\u00e4 ilman kemiallisia puhdistusaineita.<\/p>\n<p>Koko kangasvalikoima on n\u00e4ht\u00e4viss\u00e4 n\u00e4yttelytilassamme osoitteessa Riia 142, Tartto.<\/p>\n<p>Huomioithan, ett\u00e4 todellinen v\u00e4ri voi poiketa n\u00e4yt\u00f6ll\u00e4 n\u00e4kyv\u00e4st\u00e4. Suosittelemme v\u00e4rien tarkistamista n\u00e4yttelytilassamme.<\/p>\n","protected":false},"featured_media":44799,"template":"","meta":{"_acf_changed":false},"wpc-attribute-group":[],"product_brand":[],"product_cat":[2233,2235],"product_tag":[],"class_list":{"0":"post-52666","1":"product","2":"type-product","3":"status-publish","4":"has-post-thumbnail","6":"product_cat-olohuone","7":"product_cat-sohvat","8":"pa_e-poe-kangavalik-storm-09-fi","9":"pa_e-poe-kangavalik-storm-59-fi","10":"pa_e-poe-kangavalik-storm-70-fi","11":"pa_e-poe-kangavalik-storm-72-fi","12":"pa_e-poe-kangavalik-storm-97-fi","13":"pa_e-poe-kangavalik-storm-99-fi","15":"first","16":"instock","17":"taxable","18":"shipping-taxable","19":"purchasable","20":"product-type-variable","21":"add-to-wishlist-after_add_to_cart"},"acf":[],"yoast_head":"<!-- This site is optimized with the Yoast SEO plugin v26.1 - https:\/\/yoast.com\/wordpress\/plugins\/seo\/ -->\n<title>Lyon - Bellfire<\/title>\n<meta name=\"robots\" content=\"index, follow, max-snippet:-1, max-image-preview:large, max-video-preview:-1\" \/>\n<link rel=\"canonical\" href=\"https:\/\/bellfire.ee\/fi\/olohuone\/sohvat\/lyon\/\" \/>\n<meta property=\"og:locale\" content=\"fi_FI\" \/>\n<meta property=\"og:type\" content=\"article\" \/>\n<meta property=\"og:title\" content=\"Lyon - Bellfire\" \/>\n<meta property=\"og:description\" content=\"Lyon-sohvan ajattoman elegantti muotoilu miellytt\u00e4\u00e4 silm\u00e4\u00e4 joka kulmasta. Vankka monikerroksinen istuintyyny takaa kest\u00e4vyyden, kun taas pehme\u00e4, joustava selk\u00e4tyyny ja virtaviivainen k\u00e4sinoja tuovat mukavuutta. Sohvan ilmett\u00e4 korostavat korkeat jalat, jotka ovat saatavilla metallisina tai puisina ja tuovat keveytt\u00e4 kokonaisuuteen.  Storm-kangas on kest\u00e4v\u00e4 ja pehme\u00e4. Easy Clean -teknologian ansiosta tahrat voi poistaa kankaasta pelk\u00e4ll\u00e4 vedell\u00e4 ilman kemiallisia puhdistusaineita.  Koko kangasvalikoima on n\u00e4ht\u00e4viss\u00e4 n\u00e4yttelytilassamme osoitteessa Riia 142, Tartto.  Huomioithan, ett\u00e4 todellinen v\u00e4ri voi poiketa n\u00e4yt\u00f6ll\u00e4 n\u00e4kyv\u00e4st\u00e4. Suosittelemme v\u00e4rien tarkistamista n\u00e4yttelytilassamme.\" \/>\n<meta property=\"og:url\" content=\"https:\/\/bellfire.ee\/fi\/olohuone\/sohvat\/lyon\/\" \/>\n<meta property=\"og:site_name\" content=\"Bellfire\" \/>\n<meta property=\"og:image\" content=\"https:\/\/bellfire.ee\/wp-content\/uploads\/2024\/10\/Lyon-Storm-70-front.jpg\" \/>\n\t<meta property=\"og:image:width\" content=\"2100\" \/>\n\t<meta property=\"og:image:height\" content=\"1181\" \/>\n\t<meta property=\"og:image:type\" content=\"image\/jpeg\" \/>\n<meta name=\"twitter:card\" content=\"summary_large_image\" \/>\n<script type=\"application\/ld+json\" class=\"yoast-schema-graph\">{\"@context\":\"https:\/\/schema.org\",\"@graph\":[{\"@type\":\"WebPage\",\"@id\":\"https:\/\/bellfire.ee\/fi\/olohuone\/sohvat\/lyon\/\",\"url\":\"https:\/\/bellfire.ee\/fi\/olohuone\/sohvat\/lyon\/\",\"name\":\"Lyon - Bellfire\",\"isPartOf\":{\"@id\":\"https:\/\/bellfire.ee\/fi\/#website\"},\"primaryImageOfPage\":{\"@id\":\"https:\/\/bellfire.ee\/fi\/olohuone\/sohvat\/lyon\/#primaryimage\"},\"image\":{\"@id\":\"https:\/\/bellfire.ee\/fi\/olohuone\/sohvat\/lyon\/#primaryimage\"},\"thumbnailUrl\":\"https:\/\/bellfire.ee\/wp-content\/uploads\/2024\/10\/Lyon-Storm-70-front.jpg\",\"datePublished\":\"2024-06-19T14:11:00+00:00\",\"breadcrumb\":{\"@id\":\"https:\/\/bellfire.ee\/fi\/olohuone\/sohvat\/lyon\/#breadcrumb\"},\"inLanguage\":\"fi\",\"potentialAction\":[{\"@type\":\"ReadAction\",\"target\":[\"https:\/\/bellfire.ee\/fi\/olohuone\/sohvat\/lyon\/\"]}]},{\"@type\":\"ImageObject\",\"inLanguage\":\"fi\",\"@id\":\"https:\/\/bellfire.ee\/fi\/olohuone\/sohvat\/lyon\/#primaryimage\",\"url\":\"https:\/\/bellfire.ee\/wp-content\/uploads\/2024\/10\/Lyon-Storm-70-front.jpg\",\"contentUrl\":\"https:\/\/bellfire.ee\/wp-content\/uploads\/2024\/10\/Lyon-Storm-70-front.jpg\",\"width\":2100,\"height\":1181},{\"@type\":\"BreadcrumbList\",\"@id\":\"https:\/\/bellfire.ee\/fi\/olohuone\/sohvat\/lyon\/#breadcrumb\",\"itemListElement\":[{\"@type\":\"ListItem\",\"position\":1,\"name\":\"Avaleht\",\"item\":\"https:\/\/bellfire.ee\/fi\/\"},{\"@type\":\"ListItem\",\"position\":2,\"name\":\"Huonekalut\",\"item\":\"https:\/\/bellfire.ee\/fi\/huonekalut\/\"},{\"@type\":\"ListItem\",\"position\":3,\"name\":\"Lyon\"}]},{\"@type\":\"WebSite\",\"@id\":\"https:\/\/bellfire.ee\/fi\/#website\",\"url\":\"https:\/\/bellfire.ee\/fi\/\",\"name\":\"Bellfire\",\"description\":\"Disainm\u00f6\u00f6bel Sinu koju Eesti pehme m\u00f6\u00f6bli tootjal\",\"publisher\":{\"@id\":\"https:\/\/bellfire.ee\/fi\/#organization\"},\"potentialAction\":[{\"@type\":\"SearchAction\",\"target\":{\"@type\":\"EntryPoint\",\"urlTemplate\":\"https:\/\/bellfire.ee\/fi\/?s={search_term_string}\"},\"query-input\":{\"@type\":\"PropertyValueSpecification\",\"valueRequired\":true,\"valueName\":\"search_term_string\"}}],\"inLanguage\":\"fi\"},{\"@type\":\"Organization\",\"@id\":\"https:\/\/bellfire.ee\/fi\/#organization\",\"name\":\"Bellfire\",\"url\":\"https:\/\/bellfire.ee\/fi\/\",\"logo\":{\"@type\":\"ImageObject\",\"inLanguage\":\"fi\",\"@id\":\"https:\/\/bellfire.ee\/fi\/#\/schema\/logo\/image\/\",\"url\":\"https:\/\/bellfire.ee\/wp-content\/uploads\/2024\/10\/Site-logo.svg\",\"contentUrl\":\"https:\/\/bellfire.ee\/wp-content\/uploads\/2024\/10\/Site-logo.svg\",\"width\":55,\"height\":64,\"caption\":\"Bellfire\"},\"image\":{\"@id\":\"https:\/\/bellfire.ee\/fi\/#\/schema\/logo\/image\/\"}}]}<\/script>\n<!-- \/ Yoast SEO plugin. -->","yoast_head_json":{"title":"Lyon - Bellfire","robots":{"index":"index","follow":"follow","max-snippet":"max-snippet:-1","max-image-preview":"max-image-preview:large","max-video-preview":"max-video-preview:-1"},"canonical":"https:\/\/bellfire.ee\/fi\/olohuone\/sohvat\/lyon\/","og_locale":"fi_FI","og_type":"article","og_title":"Lyon - Bellfire","og_description":"Lyon-sohvan ajattoman elegantti muotoilu miellytt\u00e4\u00e4 silm\u00e4\u00e4 joka kulmasta. Vankka monikerroksinen istuintyyny takaa kest\u00e4vyyden, kun taas pehme\u00e4, joustava selk\u00e4tyyny ja virtaviivainen k\u00e4sinoja tuovat mukavuutta. Sohvan ilmett\u00e4 korostavat korkeat jalat, jotka ovat saatavilla metallisina tai puisina ja tuovat keveytt\u00e4 kokonaisuuteen.  Storm-kangas on kest\u00e4v\u00e4 ja pehme\u00e4. Easy Clean -teknologian ansiosta tahrat voi poistaa kankaasta pelk\u00e4ll\u00e4 vedell\u00e4 ilman kemiallisia puhdistusaineita.  Koko kangasvalikoima on n\u00e4ht\u00e4viss\u00e4 n\u00e4yttelytilassamme osoitteessa Riia 142, Tartto.  Huomioithan, ett\u00e4 todellinen v\u00e4ri voi poiketa n\u00e4yt\u00f6ll\u00e4 n\u00e4kyv\u00e4st\u00e4. Suosittelemme v\u00e4rien tarkistamista n\u00e4yttelytilassamme.","og_url":"https:\/\/bellfire.ee\/fi\/olohuone\/sohvat\/lyon\/","og_site_name":"Bellfire","og_image":[{"width":2100,"height":1181,"url":"https:\/\/bellfire.ee\/wp-content\/uploads\/2024\/10\/Lyon-Storm-70-front.jpg","type":"image\/jpeg"}],"twitter_card":"summary_large_image","schema":{"@context":"https:\/\/schema.org","@graph":[{"@type":"WebPage","@id":"https:\/\/bellfire.ee\/fi\/olohuone\/sohvat\/lyon\/","url":"https:\/\/bellfire.ee\/fi\/olohuone\/sohvat\/lyon\/","name":"Lyon - Bellfire","isPartOf":{"@id":"https:\/\/bellfire.ee\/fi\/#website"},"primaryImageOfPage":{"@id":"https:\/\/bellfire.ee\/fi\/olohuone\/sohvat\/lyon\/#primaryimage"},"image":{"@id":"https:\/\/bellfire.ee\/fi\/olohuone\/sohvat\/lyon\/#primaryimage"},"thumbnailUrl":"https:\/\/bellfire.ee\/wp-content\/uploads\/2024\/10\/Lyon-Storm-70-front.jpg","datePublished":"2024-06-19T14:11:00+00:00","breadcrumb":{"@id":"https:\/\/bellfire.ee\/fi\/olohuone\/sohvat\/lyon\/#breadcrumb"},"inLanguage":"fi","potentialAction":[{"@type":"ReadAction","target":["https:\/\/bellfire.ee\/fi\/olohuone\/sohvat\/lyon\/"]}]},{"@type":"ImageObject","inLanguage":"fi","@id":"https:\/\/bellfire.ee\/fi\/olohuone\/sohvat\/lyon\/#primaryimage","url":"https:\/\/bellfire.ee\/wp-content\/uploads\/2024\/10\/Lyon-Storm-70-front.jpg","contentUrl":"https:\/\/bellfire.ee\/wp-content\/uploads\/2024\/10\/Lyon-Storm-70-front.jpg","width":2100,"height":1181},{"@type":"BreadcrumbList","@id":"https:\/\/bellfire.ee\/fi\/olohuone\/sohvat\/lyon\/#breadcrumb","itemListElement":[{"@type":"ListItem","position":1,"name":"Avaleht","item":"https:\/\/bellfire.ee\/fi\/"},{"@type":"ListItem","position":2,"name":"Huonekalut","item":"https:\/\/bellfire.ee\/fi\/huonekalut\/"},{"@type":"ListItem","position":3,"name":"Lyon"}]},{"@type":"WebSite","@id":"https:\/\/bellfire.ee\/fi\/#website","url":"https:\/\/bellfire.ee\/fi\/","name":"Bellfire","description":"Disainm\u00f6\u00f6bel Sinu koju Eesti pehme m\u00f6\u00f6bli tootjal","publisher":{"@id":"https:\/\/bellfire.ee\/fi\/#organization"},"potentialAction":[{"@type":"SearchAction","target":{"@type":"EntryPoint","urlTemplate":"https:\/\/bellfire.ee\/fi\/?s={search_term_string}"},"query-input":{"@type":"PropertyValueSpecification","valueRequired":true,"valueName":"search_term_string"}}],"inLanguage":"fi"},{"@type":"Organization","@id":"https:\/\/bellfire.ee\/fi\/#organization","name":"Bellfire","url":"https:\/\/bellfire.ee\/fi\/","logo":{"@type":"ImageObject","inLanguage":"fi","@id":"https:\/\/bellfire.ee\/fi\/#\/schema\/logo\/image\/","url":"https:\/\/bellfire.ee\/wp-content\/uploads\/2024\/10\/Site-logo.svg","contentUrl":"https:\/\/bellfire.ee\/wp-content\/uploads\/2024\/10\/Site-logo.svg","width":55,"height":64,"caption":"Bellfire"},"image":{"@id":"https:\/\/bellfire.ee\/fi\/#\/schema\/logo\/image\/"}}]}},"_links":{"self":[{"href":"https:\/\/bellfire.ee\/fi\/wp-json\/wp\/v2\/product\/52666","targetHints":{"allow":["GET"]}}],"collection":[{"href":"https:\/\/bellfire.ee\/fi\/wp-json\/wp\/v2\/product"}],"about":[{"href":"https:\/\/bellfire.ee\/fi\/wp-json\/wp\/v2\/types\/product"}],"wp:featuredmedia":[{"embeddable":true,"href":"https:\/\/bellfire.ee\/fi\/wp-json\/wp\/v2\/media\/44799"}],"wp:attachment":[{"href":"https:\/\/bellfire.ee\/fi\/wp-json\/wp\/v2\/media?parent=52666"}],"wp:term":[{"taxonomy":"wpc-attribute-group","embeddable":true,"href":"https:\/\/bellfire.ee\/fi\/wp-json\/wp\/v2\/wpc-attribute-group?post=52666"},{"taxonomy":"product_brand","embeddable":true,"href":"https:\/\/bellfire.ee\/fi\/wp-json\/wp\/v2\/product_brand?post=52666"},{"taxonomy":"product_cat","embeddable":true,"href":"https:\/\/bellfire.ee\/fi\/wp-json\/wp\/v2\/product_cat?post=52666"},{"taxonomy":"product_tag","embeddable":true,"href":"https:\/\/bellfire.ee\/fi\/wp-json\/wp\/v2\/product_tag?post=52666"}],"curies":[{"name":"wp","href":"https:\/\/api.w.org\/{rel}","templated":true}]}}