{"id":52661,"date":"2024-07-01T10:07:58","date_gmt":"2024-07-01T10:07:58","guid":{"rendered":"https:\/\/bellfire.ee\/Ei-luokiteltu\/henne\/"},"modified":"2024-07-01T10:07:58","modified_gmt":"2024-07-01T10:07:58","slug":"henne","status":"publish","type":"product","link":"https:\/\/bellfire.ee\/fi\/Ei-luokiteltu\/henne\/","title":{"rendered":"Henne"},"content":{"rendered":"<ul>\n<li><strong>1 sohvan toimitus huoneeseen + asennus ja pakkausten poisto:<\/strong> 129 \u20ac. T\u00e4m\u00e4 palvelu on t\u00e4ll\u00e4 hetkell\u00e4 saatavilla vain Tarton ja Harjun maakunnissa. Muiden alueiden osalta sopimus erikseen.<\/li>\n<li><strong>Tilaa sohva kotiisi huonetoimituksella:<\/strong> 99 \u20ac. Toimitus enint\u00e4\u00e4n 5. kerrokseen. Ei sis\u00e4ll\u00e4 asennusta tai pakkausten poistoa. T\u00e4m\u00e4 palvelu on t\u00e4ll\u00e4 hetkell\u00e4 saatavilla vain Tarton ja Harjun maakunnissa. Muiden alueiden osalta sopimus erikseen.<\/li>\n<li><strong>Sohvan toimitus ovelle Tarton ja Harjun maakunnissa:<\/strong> 59 \u20ac. Sis\u00e4lt\u00e4\u00e4 toimituksen ovelle, mutta ei asennusta eik\u00e4 huonetoimitusta. Muiden alueiden osalta sopimus erikseen.<\/li>\n<li><strong>Nouto itse per\u00e4k\u00e4rryll\u00e4mme:<\/strong> 0 \u20ac. T\u00e4m\u00e4 vaihtoehto on saatavilla vain Tarton maakunnassa. N\u00e4yttelytilamme osoite: Riia 142.<\/li>\n<li><strong>Tuotteen nouto suoraan tehtaalta:<\/strong> 0 \u20ac. Ilmoitathan etuk\u00e4teen, milt\u00e4 tehtaalta haluat tuotteen noutaa.<\/li>\n<\/ul>\n<p>Tehtaiden osoitteet:<\/p>\n<p>J\u00f5gevan tehtaan osoite: Rassi tee 9, V\u00e4gari kyl\u00e4, P\u00f5ltsamaan kunta, 48222<br \/>\nPaliveren tehtaan osoite: Allikmaa, L\u00e4\u00e4nemaa, 90811<\/p>\n","protected":false},"excerpt":{"rendered":"<ul>\n<li><strong>1 sohvan toimitus huoneeseen + asennus ja pakkausten poisto:<\/strong> 129 \u20ac. T\u00e4m\u00e4 palvelu on t\u00e4ll\u00e4 hetkell\u00e4 saatavilla vain Tarton ja Harjun maakunnissa. Muiden alueiden osalta sopimus erikseen.<\/li>\n<li><strong>Tilaa sohva kotiisi huonetoimituksella:<\/strong> 99 \u20ac. Toimitus enint\u00e4\u00e4n 5. kerrokseen. Ei sis\u00e4ll\u00e4 asennusta tai pakkausten poistoa. T\u00e4m\u00e4 palvelu on t\u00e4ll\u00e4 hetkell\u00e4 saatavilla vain Tarton ja Harjun maakunnissa. Muiden alueiden osalta sopimus erikseen.<\/li>\n<li><strong>Sohvan toimitus ovelle Tarton ja Harjun maakunnissa:<\/strong> 59 \u20ac. Sis\u00e4lt\u00e4\u00e4 toimituksen ovelle, mutta ei asennusta eik\u00e4 huonetoimitusta. Muiden alueiden osalta sopimus erikseen.<\/li>\n<li><strong>Nouto itse per\u00e4k\u00e4rryll\u00e4mme:<\/strong> 0 \u20ac. T\u00e4m\u00e4 vaihtoehto on saatavilla vain Tarton maakunnassa. N\u00e4yttelytilamme osoite: Riia 142.<\/li>\n<li><strong>Tuotteen nouto suoraan tehtaalta:<\/strong> 0 \u20ac. Ilmoitathan etuk\u00e4teen, milt\u00e4 tehtaalta haluat tuotteen noutaa.<\/li>\n<\/ul>\n<p>Tehtaiden osoitteet:<\/p>\n<p>J\u00f5gevan tehtaan osoite: Rassi tee 9, V\u00e4gari kyl\u00e4, P\u00f5ltsamaan kunta, 48222<br \/>\nPaliveren tehtaan osoite: Allikmaa, L\u00e4\u00e4nemaa, 90811<\/p>\n","protected":false},"featured_media":44938,"template":"","meta":{"_acf_changed":false},"wpc-attribute-group":[],"product_brand":[],"product_cat":[],"product_tag":[],"class_list":{"0":"post-52661","1":"product","2":"type-product","3":"status-publish","4":"has-post-thumbnail","6":"pa_e-poe-kangavalik-rosolini-01-fi","7":"pa_e-poe-kangavalik-rosolini-09-fi","9":"first","10":"instock","11":"taxable","12":"shipping-taxable","13":"purchasable","14":"product-type-variable","15":"add-to-wishlist-after_add_to_cart"},"acf":[],"yoast_head":"<!-- This site is optimized with the Yoast SEO plugin v26.1 - https:\/\/yoast.com\/wordpress\/plugins\/seo\/ -->\n<title>Henne - Bellfire<\/title>\n<meta name=\"robots\" content=\"index, follow, max-snippet:-1, max-image-preview:large, max-video-preview:-1\" \/>\n<link rel=\"canonical\" href=\"https:\/\/bellfire.ee\/fi\/Ei-luokiteltu\/henne\/\" \/>\n<meta property=\"og:locale\" content=\"fi_FI\" \/>\n<meta property=\"og:type\" content=\"article\" \/>\n<meta property=\"og:title\" content=\"Henne - Bellfire\" \/>\n<meta property=\"og:description\" content=\"1 sohvan toimitus huoneeseen + asennus ja pakkausten poisto: 129 \u20ac. T\u00e4m\u00e4 palvelu on t\u00e4ll\u00e4 hetkell\u00e4 saatavilla vain Tarton ja Harjun maakunnissa. Muiden alueiden osalta sopimus erikseen.  Tilaa sohva kotiisi huonetoimituksella: 99 \u20ac. Toimitus enint\u00e4\u00e4n 5. kerrokseen. Ei sis\u00e4ll\u00e4 asennusta tai pakkausten poistoa. T\u00e4m\u00e4 palvelu on t\u00e4ll\u00e4 hetkell\u00e4 saatavilla vain Tarton ja Harjun maakunnissa. Muiden alueiden osalta sopimus erikseen.  Sohvan toimitus ovelle Tarton ja Harjun maakunnissa: 59 \u20ac. Sis\u00e4lt\u00e4\u00e4 toimituksen ovelle, mutta ei asennusta eik\u00e4 huonetoimitusta. Muiden alueiden osalta sopimus erikseen.  Nouto itse per\u00e4k\u00e4rryll\u00e4mme: 0 \u20ac. T\u00e4m\u00e4 vaihtoehto on saatavilla vain Tarton maakunnassa. N\u00e4yttelytilamme osoite: Riia 142.  Tuotteen nouto suoraan tehtaalta: 0 \u20ac. Ilmoitathan etuk\u00e4teen, milt\u00e4 tehtaalta haluat tuotteen noutaa.  Tehtaiden osoitteet:  J\u00f5gevan tehtaan osoite: Rassi tee 9, V\u00e4gari kyl\u00e4, P\u00f5ltsamaan kunta, 48222 Paliveren tehtaan osoite: Allikmaa, L\u00e4\u00e4nemaa, 90811\" \/>\n<meta property=\"og:url\" content=\"https:\/\/bellfire.ee\/fi\/Ei-luokiteltu\/henne\/\" \/>\n<meta property=\"og:site_name\" content=\"Bellfire\" \/>\n<meta property=\"og:image\" content=\"https:\/\/bellfire.ee\/wp-content\/uploads\/2024\/10\/Valimoobel_Henne_diivan_Rosolini_01.jpg\" \/>\n\t<meta property=\"og:image:width\" content=\"1920\" \/>\n\t<meta property=\"og:image:height\" content=\"1080\" \/>\n\t<meta property=\"og:image:type\" content=\"image\/jpeg\" \/>\n<meta name=\"twitter:card\" content=\"summary_large_image\" \/>\n<meta name=\"twitter:label1\" content=\"Arvioitu lukuaika\" \/>\n\t<meta name=\"twitter:data1\" content=\"1 minuutti\" \/>\n<script type=\"application\/ld+json\" class=\"yoast-schema-graph\">{\"@context\":\"https:\/\/schema.org\",\"@graph\":[{\"@type\":\"WebPage\",\"@id\":\"https:\/\/bellfire.ee\/fi\/Ei-luokiteltu\/henne\/\",\"url\":\"https:\/\/bellfire.ee\/fi\/Ei-luokiteltu\/henne\/\",\"name\":\"Henne - Bellfire\",\"isPartOf\":{\"@id\":\"https:\/\/bellfire.ee\/fi\/#website\"},\"primaryImageOfPage\":{\"@id\":\"https:\/\/bellfire.ee\/fi\/Ei-luokiteltu\/henne\/#primaryimage\"},\"image\":{\"@id\":\"https:\/\/bellfire.ee\/fi\/Ei-luokiteltu\/henne\/#primaryimage\"},\"thumbnailUrl\":\"https:\/\/bellfire.ee\/wp-content\/uploads\/2024\/10\/Valimoobel_Henne_diivan_Rosolini_01.jpg\",\"datePublished\":\"2024-07-01T10:07:58+00:00\",\"breadcrumb\":{\"@id\":\"https:\/\/bellfire.ee\/fi\/Ei-luokiteltu\/henne\/#breadcrumb\"},\"inLanguage\":\"fi\",\"potentialAction\":[{\"@type\":\"ReadAction\",\"target\":[\"https:\/\/bellfire.ee\/fi\/Ei-luokiteltu\/henne\/\"]}]},{\"@type\":\"ImageObject\",\"inLanguage\":\"fi\",\"@id\":\"https:\/\/bellfire.ee\/fi\/Ei-luokiteltu\/henne\/#primaryimage\",\"url\":\"https:\/\/bellfire.ee\/wp-content\/uploads\/2024\/10\/Valimoobel_Henne_diivan_Rosolini_01.jpg\",\"contentUrl\":\"https:\/\/bellfire.ee\/wp-content\/uploads\/2024\/10\/Valimoobel_Henne_diivan_Rosolini_01.jpg\",\"width\":1920,\"height\":1080},{\"@type\":\"BreadcrumbList\",\"@id\":\"https:\/\/bellfire.ee\/fi\/Ei-luokiteltu\/henne\/#breadcrumb\",\"itemListElement\":[{\"@type\":\"ListItem\",\"position\":1,\"name\":\"Avaleht\",\"item\":\"https:\/\/bellfire.ee\/fi\/\"},{\"@type\":\"ListItem\",\"position\":2,\"name\":\"Huonekalut\",\"item\":\"https:\/\/bellfire.ee\/fi\/huonekalut\/\"},{\"@type\":\"ListItem\",\"position\":3,\"name\":\"Henne\"}]},{\"@type\":\"WebSite\",\"@id\":\"https:\/\/bellfire.ee\/fi\/#website\",\"url\":\"https:\/\/bellfire.ee\/fi\/\",\"name\":\"Bellfire\",\"description\":\"Disainm\u00f6\u00f6bel Sinu koju Eesti pehme m\u00f6\u00f6bli tootjal\",\"publisher\":{\"@id\":\"https:\/\/bellfire.ee\/fi\/#organization\"},\"potentialAction\":[{\"@type\":\"SearchAction\",\"target\":{\"@type\":\"EntryPoint\",\"urlTemplate\":\"https:\/\/bellfire.ee\/fi\/?s={search_term_string}\"},\"query-input\":{\"@type\":\"PropertyValueSpecification\",\"valueRequired\":true,\"valueName\":\"search_term_string\"}}],\"inLanguage\":\"fi\"},{\"@type\":\"Organization\",\"@id\":\"https:\/\/bellfire.ee\/fi\/#organization\",\"name\":\"Bellfire\",\"url\":\"https:\/\/bellfire.ee\/fi\/\",\"logo\":{\"@type\":\"ImageObject\",\"inLanguage\":\"fi\",\"@id\":\"https:\/\/bellfire.ee\/fi\/#\/schema\/logo\/image\/\",\"url\":\"https:\/\/bellfire.ee\/wp-content\/uploads\/2024\/10\/Site-logo.svg\",\"contentUrl\":\"https:\/\/bellfire.ee\/wp-content\/uploads\/2024\/10\/Site-logo.svg\",\"width\":55,\"height\":64,\"caption\":\"Bellfire\"},\"image\":{\"@id\":\"https:\/\/bellfire.ee\/fi\/#\/schema\/logo\/image\/\"}}]}<\/script>\n<!-- \/ Yoast SEO plugin. -->","yoast_head_json":{"title":"Henne - Bellfire","robots":{"index":"index","follow":"follow","max-snippet":"max-snippet:-1","max-image-preview":"max-image-preview:large","max-video-preview":"max-video-preview:-1"},"canonical":"https:\/\/bellfire.ee\/fi\/Ei-luokiteltu\/henne\/","og_locale":"fi_FI","og_type":"article","og_title":"Henne - Bellfire","og_description":"1 sohvan toimitus huoneeseen + asennus ja pakkausten poisto: 129 \u20ac. T\u00e4m\u00e4 palvelu on t\u00e4ll\u00e4 hetkell\u00e4 saatavilla vain Tarton ja Harjun maakunnissa. Muiden alueiden osalta sopimus erikseen.  Tilaa sohva kotiisi huonetoimituksella: 99 \u20ac. Toimitus enint\u00e4\u00e4n 5. kerrokseen. Ei sis\u00e4ll\u00e4 asennusta tai pakkausten poistoa. T\u00e4m\u00e4 palvelu on t\u00e4ll\u00e4 hetkell\u00e4 saatavilla vain Tarton ja Harjun maakunnissa. Muiden alueiden osalta sopimus erikseen.  Sohvan toimitus ovelle Tarton ja Harjun maakunnissa: 59 \u20ac. Sis\u00e4lt\u00e4\u00e4 toimituksen ovelle, mutta ei asennusta eik\u00e4 huonetoimitusta. Muiden alueiden osalta sopimus erikseen.  Nouto itse per\u00e4k\u00e4rryll\u00e4mme: 0 \u20ac. T\u00e4m\u00e4 vaihtoehto on saatavilla vain Tarton maakunnassa. N\u00e4yttelytilamme osoite: Riia 142.  Tuotteen nouto suoraan tehtaalta: 0 \u20ac. Ilmoitathan etuk\u00e4teen, milt\u00e4 tehtaalta haluat tuotteen noutaa.  Tehtaiden osoitteet:  J\u00f5gevan tehtaan osoite: Rassi tee 9, V\u00e4gari kyl\u00e4, P\u00f5ltsamaan kunta, 48222 Paliveren tehtaan osoite: Allikmaa, L\u00e4\u00e4nemaa, 90811","og_url":"https:\/\/bellfire.ee\/fi\/Ei-luokiteltu\/henne\/","og_site_name":"Bellfire","og_image":[{"width":1920,"height":1080,"url":"https:\/\/bellfire.ee\/wp-content\/uploads\/2024\/10\/Valimoobel_Henne_diivan_Rosolini_01.jpg","type":"image\/jpeg"}],"twitter_card":"summary_large_image","twitter_misc":{"Arvioitu lukuaika":"1 minuutti"},"schema":{"@context":"https:\/\/schema.org","@graph":[{"@type":"WebPage","@id":"https:\/\/bellfire.ee\/fi\/Ei-luokiteltu\/henne\/","url":"https:\/\/bellfire.ee\/fi\/Ei-luokiteltu\/henne\/","name":"Henne - Bellfire","isPartOf":{"@id":"https:\/\/bellfire.ee\/fi\/#website"},"primaryImageOfPage":{"@id":"https:\/\/bellfire.ee\/fi\/Ei-luokiteltu\/henne\/#primaryimage"},"image":{"@id":"https:\/\/bellfire.ee\/fi\/Ei-luokiteltu\/henne\/#primaryimage"},"thumbnailUrl":"https:\/\/bellfire.ee\/wp-content\/uploads\/2024\/10\/Valimoobel_Henne_diivan_Rosolini_01.jpg","datePublished":"2024-07-01T10:07:58+00:00","breadcrumb":{"@id":"https:\/\/bellfire.ee\/fi\/Ei-luokiteltu\/henne\/#breadcrumb"},"inLanguage":"fi","potentialAction":[{"@type":"ReadAction","target":["https:\/\/bellfire.ee\/fi\/Ei-luokiteltu\/henne\/"]}]},{"@type":"ImageObject","inLanguage":"fi","@id":"https:\/\/bellfire.ee\/fi\/Ei-luokiteltu\/henne\/#primaryimage","url":"https:\/\/bellfire.ee\/wp-content\/uploads\/2024\/10\/Valimoobel_Henne_diivan_Rosolini_01.jpg","contentUrl":"https:\/\/bellfire.ee\/wp-content\/uploads\/2024\/10\/Valimoobel_Henne_diivan_Rosolini_01.jpg","width":1920,"height":1080},{"@type":"BreadcrumbList","@id":"https:\/\/bellfire.ee\/fi\/Ei-luokiteltu\/henne\/#breadcrumb","itemListElement":[{"@type":"ListItem","position":1,"name":"Avaleht","item":"https:\/\/bellfire.ee\/fi\/"},{"@type":"ListItem","position":2,"name":"Huonekalut","item":"https:\/\/bellfire.ee\/fi\/huonekalut\/"},{"@type":"ListItem","position":3,"name":"Henne"}]},{"@type":"WebSite","@id":"https:\/\/bellfire.ee\/fi\/#website","url":"https:\/\/bellfire.ee\/fi\/","name":"Bellfire","description":"Disainm\u00f6\u00f6bel Sinu koju Eesti pehme m\u00f6\u00f6bli tootjal","publisher":{"@id":"https:\/\/bellfire.ee\/fi\/#organization"},"potentialAction":[{"@type":"SearchAction","target":{"@type":"EntryPoint","urlTemplate":"https:\/\/bellfire.ee\/fi\/?s={search_term_string}"},"query-input":{"@type":"PropertyValueSpecification","valueRequired":true,"valueName":"search_term_string"}}],"inLanguage":"fi"},{"@type":"Organization","@id":"https:\/\/bellfire.ee\/fi\/#organization","name":"Bellfire","url":"https:\/\/bellfire.ee\/fi\/","logo":{"@type":"ImageObject","inLanguage":"fi","@id":"https:\/\/bellfire.ee\/fi\/#\/schema\/logo\/image\/","url":"https:\/\/bellfire.ee\/wp-content\/uploads\/2024\/10\/Site-logo.svg","contentUrl":"https:\/\/bellfire.ee\/wp-content\/uploads\/2024\/10\/Site-logo.svg","width":55,"height":64,"caption":"Bellfire"},"image":{"@id":"https:\/\/bellfire.ee\/fi\/#\/schema\/logo\/image\/"}}]}},"_links":{"self":[{"href":"https:\/\/bellfire.ee\/fi\/wp-json\/wp\/v2\/product\/52661","targetHints":{"allow":["GET"]}}],"collection":[{"href":"https:\/\/bellfire.ee\/fi\/wp-json\/wp\/v2\/product"}],"about":[{"href":"https:\/\/bellfire.ee\/fi\/wp-json\/wp\/v2\/types\/product"}],"wp:featuredmedia":[{"embeddable":true,"href":"https:\/\/bellfire.ee\/fi\/wp-json\/wp\/v2\/media\/44938"}],"wp:attachment":[{"href":"https:\/\/bellfire.ee\/fi\/wp-json\/wp\/v2\/media?parent=52661"}],"wp:term":[{"taxonomy":"wpc-attribute-group","embeddable":true,"href":"https:\/\/bellfire.ee\/fi\/wp-json\/wp\/v2\/wpc-attribute-group?post=52661"},{"taxonomy":"product_brand","embeddable":true,"href":"https:\/\/bellfire.ee\/fi\/wp-json\/wp\/v2\/product_brand?post=52661"},{"taxonomy":"product_cat","embeddable":true,"href":"https:\/\/bellfire.ee\/fi\/wp-json\/wp\/v2\/product_cat?post=52661"},{"taxonomy":"product_tag","embeddable":true,"href":"https:\/\/bellfire.ee\/fi\/wp-json\/wp\/v2\/product_tag?post=52661"}],"curies":[{"name":"wp","href":"https:\/\/api.w.org\/{rel}","templated":true}]}}