{"id":54382,"date":"2024-10-16T13:17:22","date_gmt":"2024-10-16T13:17:22","guid":{"rendered":"https:\/\/bellfire.ee\/huolto-ja-kayttoohje\/"},"modified":"2024-12-02T11:43:43","modified_gmt":"2024-12-02T11:43:43","slug":"huolto-ja-kayttoohje","status":"publish","type":"page","link":"https:\/\/bellfire.ee\/fi\/huolto-ja-kayttoohje\/","title":{"rendered":"Huolto- ja k\u00e4ytt\u00f6ohje"},"content":{"rendered":"\t\t<div data-elementor-type=\"wp-page\" data-elementor-id=\"54382\" class=\"elementor elementor-54382 elementor-24954\" data-elementor-post-type=\"page\">\n\t\t\t\t<div class=\"elementor-element elementor-element-ea9d4c7 e-flex e-con-boxed e-con e-parent\" data-id=\"ea9d4c7\" data-element_type=\"container\">\n\t\t\t\t\t<div class=\"e-con-inner\">\n\t\t<div class=\"elementor-element elementor-element-6891ddd e-con-full e-flex e-con e-child\" data-id=\"6891ddd\" data-element_type=\"container\">\n\t\t\t\t<div class=\"elementor-element elementor-element-5b5009b elementor-widget__width-initial elementor-widget elementor-widget-heading\" data-id=\"5b5009b\" data-element_type=\"widget\" data-widget_type=\"heading.default\">\n\t\t\t\t<div class=\"elementor-widget-container\">\n\t\t\t\t\t<h1 class=\"elementor-heading-title elementor-size-default\">K\u00e4ytt\u00f6ohje<\/h1>\t\t\t\t<\/div>\n\t\t\t\t<\/div>\n\t\t\t\t<div class=\"elementor-element elementor-element-82dde01 elementor-widget elementor-widget-heading\" data-id=\"82dde01\" data-element_type=\"widget\" data-widget_type=\"heading.default\">\n\t\t\t\t<div class=\"elementor-widget-container\">\n\t\t\t\t\t<h4 class=\"elementor-heading-title elementor-size-default\">Huolto- ja k\u00e4ytt\u00f6ohje<\/h4>\t\t\t\t<\/div>\n\t\t\t\t<\/div>\n\t\t\t\t<div class=\"elementor-element elementor-element-40a7522 elementor-widget elementor-widget-text-editor\" data-id=\"40a7522\" data-element_type=\"widget\" data-widget_type=\"text-editor.default\">\n\t\t\t\t<div class=\"elementor-widget-container\">\n\t\t\t\t\t\t\t\t\t<p>Hyv\u00e4 asiakas, tutustu huonekalujen k\u00e4ytt\u00f6ohjeeseen ja huolla sek\u00e4 k\u00e4yt\u00e4 sohvaasi suositustemme mukaisesti. N\u00e4in varmistat tuotteelle pysyv\u00e4sti kauniin ulkon\u00e4\u00f6n ja pitk\u00e4n k\u00e4ytt\u00f6i\u00e4n. Bellfire ei vastaa tuotteen virheist\u00e4, jotka johtuvat tuotteen virheellisest\u00e4 tai ep\u00e4asianmukaisesta asennuksesta, k\u00e4yt\u00f6st\u00e4 ja\/tai huollosta.<\/p>\n\t\t\t\t\t\t\t\t<\/div>\n\t\t\t\t<\/div>\n\t\t\t\t<div class=\"elementor-element elementor-element-99e588b elementor-widget elementor-widget-heading\" data-id=\"99e588b\" data-element_type=\"widget\" data-widget_type=\"heading.default\">\n\t\t\t\t<div class=\"elementor-widget-container\">\n\t\t\t\t\t<h4 class=\"elementor-heading-title elementor-size-default\">Verhoilukankaan huolto<\/h4>\t\t\t\t<\/div>\n\t\t\t\t<\/div>\n\t\t\t\t<div class=\"elementor-element elementor-element-4caf892 elementor-widget elementor-widget-text-editor\" data-id=\"4caf892\" data-element_type=\"widget\" data-widget_type=\"text-editor.default\">\n\t\t\t\t<div class=\"elementor-widget-container\">\n\t\t\t\t\t\t\t\t\t<p>K\u00e4yt\u00e4 vain t\u00e4h\u00e4n tarkoitukseen suunniteltuja puhdistusaineita ja huoltotapoja. V\u00e4lt\u00e4 valkaisuaineita v\u00e4rillisell\u00e4 kankaalla, hankausta ja runsasta vett\u00e4. Puhdista sohva s\u00e4\u00e4nn\u00f6llisesti p\u00f6lynimurin kevyell\u00e4 imuteholla k\u00e4ytt\u00e4en erityist\u00e4 huonekalusuutinta. Suosittelemme kokeilemaan puhdistusaineita ensin katseilta piilossa olevaan kohtaan, esimerkiksi tyynyn alareunaan tai sohvan pohjaan. Ota huomioon, ett\u00e4 verhoilukankaalle on luontaista my\u00f6s osittainen venyminen, jonka takia huonekaluihin voi muodostua ryppyj\u00e4 k\u00e4ytt\u00f6tiheydest\u00e4 ja kangastyypist\u00e4 riippuen.<\/p>\n\t\t\t\t\t\t\t\t<\/div>\n\t\t\t\t<\/div>\n\t\t\t\t<div class=\"elementor-element elementor-element-c7d1b42 elementor-widget elementor-widget-heading\" data-id=\"c7d1b42\" data-element_type=\"widget\" data-widget_type=\"heading.default\">\n\t\t\t\t<div class=\"elementor-widget-container\">\n\t\t\t\t\t<h4 class=\"elementor-heading-title elementor-size-default\">Verhoilukankaan peseminen<\/h4>\t\t\t\t<\/div>\n\t\t\t\t<\/div>\n\t\t\t\t<div class=\"elementor-element elementor-element-96a04e3 elementor-widget elementor-widget-text-editor\" data-id=\"96a04e3\" data-element_type=\"widget\" data-widget_type=\"text-editor.default\">\n\t\t\t\t<div class=\"elementor-widget-container\">\n\t\t\t\t\t\t\t\t\t<p>Noudata kankaan pesuohjeita kangasta pestess\u00e4si. Suosittelemme asettamaan peitteet sohvalle kosteana, jotta ne kuivuvat oikeaan muotoonsa.<\/p>\n\t\t\t\t\t\t\t\t<\/div>\n\t\t\t\t<\/div>\n\t\t\t\t<div class=\"elementor-element elementor-element-5055120 elementor-widget elementor-widget-heading\" data-id=\"5055120\" data-element_type=\"widget\" data-widget_type=\"heading.default\">\n\t\t\t\t<div class=\"elementor-widget-container\">\n\t\t\t\t\t<h4 class=\"elementor-heading-title elementor-size-default\">Sulkatyynyn hoito<\/h4>\t\t\t\t<\/div>\n\t\t\t\t<\/div>\n\t\t\t\t<div class=\"elementor-element elementor-element-dd432f4 elementor-widget elementor-widget-text-editor\" data-id=\"dd432f4\" data-element_type=\"widget\" data-widget_type=\"text-editor.default\">\n\t\t\t\t<div class=\"elementor-widget-container\">\n\t\t\t\t\t\t\t\t\t<div class=\"flex-shrink-0 flex flex-col relative items-end\">\n<div>\n<div class=\"pt-0\">\n<div class=\"gizmo-bot-avatar flex h-8 w-8 items-center justify-center overflow-hidden rounded-full\">\n<div class=\"relative p-1 rounded-sm flex items-center justify-center bg-token-main-surface-primary text-token-text-primary h-8 w-8\"><\/div>\n<\/div>\n<\/div>\n<\/div>\n<\/div>\n<div class=\"group\/conversation-turn relative flex w-full min-w-0 flex-col agent-turn\">\n<div class=\"flex-col gap-1 md:gap-3\">\n<div class=\"flex max-w-full flex-col flex-grow\">\n<div class=\"min-h-8 text-message flex w-full flex-col items-end gap-2 whitespace-normal break-words [.text-message+&amp;]:mt-5\" dir=\"auto\" data-message-author-role=\"assistant\" data-message-id=\"3a539f05-cfd5-40e7-89ce-743865683bec\" data-message-model-slug=\"gpt-4o\">\n<div class=\"flex w-full flex-col gap-1 empty:hidden first:pt-[3px]\">\n<div class=\"markdown prose w-full break-words dark:prose-invert dark\">\n<p>Sulkatyynyt tarvitsevat s\u00e4\u00e4nn\u00f6llist\u00e4 p\u00f6yhint\u00e4\u00e4 s\u00e4ilytt\u00e4\u00e4kseen ilmavuutensa ja muotonsa. Suosittelemme istuintyynyjen p\u00f6yhimist\u00e4 kerran viikossa ja selk\u00e4tyynyjen kerran kuukaudessa. Parhaan tuloksen saavuttamiseksi kannattaa irrottaa p\u00e4\u00e4llinen ja ottaa porolon (vaahtomuovisisus) ulos p\u00f6yhinn\u00e4n ajaksi. Lis\u00e4ksi suosittelemme ajoittain k\u00e4\u00e4nt\u00e4m\u00e4\u00e4n porolonin sulkatyynyn sis\u00e4ll\u00e4 \u2013 n\u00e4in tyyny s\u00e4ilytt\u00e4\u00e4 kauniin muotonsa.<\/p>\n<p>Tyynyn k\u00e4\u00e4nt\u00e4minen auttaa my\u00f6s ehk\u00e4isem\u00e4\u00e4n lempipaikoissa istumisesta johtuvaa t\u00e4ytemateriaalin painumista.<\/p>\n<p>Huomioithan, ett\u00e4 hieman rennompi muoto on sulkat\u00e4ytteisten tyynyjen luonnollinen ominaisuus, ei virhe.<\/p>\n<\/div>\n<\/div>\n<\/div>\n<\/div>\n<\/div>\n<\/div>\n\t\t\t\t\t\t\t\t<\/div>\n\t\t\t\t<\/div>\n\t\t\t\t<div class=\"elementor-element elementor-element-4ee1d79 elementor-widget elementor-widget-heading\" data-id=\"4ee1d79\" data-element_type=\"widget\" data-widget_type=\"heading.default\">\n\t\t\t\t<div class=\"elementor-widget-container\">\n\t\t\t\t\t<h4 class=\"elementor-heading-title elementor-size-default\">Ota huomioon, ett\u00e4<\/h4>\t\t\t\t<\/div>\n\t\t\t\t<\/div>\n\t\t\t\t<div class=\"elementor-element elementor-element-a131753 elementor-widget elementor-widget-text-editor\" data-id=\"a131753\" data-element_type=\"widget\" data-widget_type=\"text-editor.default\">\n\t\t\t\t<div class=\"elementor-widget-container\">\n\t\t\t\t\t\t\t\t\t<p>liiallinen peseminen ja p\u00f6lynimurin k\u00e4ytt\u00f6 sek\u00e4 synteettiset peitot ja istuinsuojat edist\u00e4v\u00e4t staattisen s\u00e4hk\u00f6n muodostumista, joka voi johtaa v\u00e4rimuunnoksiin.<\/p>\n<p><strong>Virttyminen ja l\u00e4mp\u00f6tila<\/strong><\/p>\n<p>Suora auringonvalo vaurioittaa kangasta, mink\u00e4 takia kankaan s\u00e4vy ja laatu voivat muuttua ajan my\u00f6t\u00e4. S\u00e4ilyt\u00e4 pehme\u00e4t huonekalut kuivassa ja l\u00e4mpim\u00e4ss\u00e4 tilassa, jossa ilman l\u00e4mp\u00f6tila ei laske alle 10 asteen ja suhteellinen ilmankosteus on 40\u201360 %. Liiallinen kosteus tai kylmyys voivat vahingoittaa tuotteita.<\/p>\n<p><strong>H\u00f6yhentyynyn hoito<\/strong><\/p>\n<p>H\u00f6yhentyynyt tarvitsevat kuohkeuden ja muodon palauttamiseksi s\u00e4\u00e4nn\u00f6llist\u00e4 p\u00f6yhint\u00e4\u00e4. Suosittelemme p\u00f6yhim\u00e4\u00e4n istuintyynyj\u00e4 kerran viikossa, selk\u00e4tyynyj\u00e4 kerran kuukaudessa. Parhaan tuloksen saavuttamiseksi poista tyynyn suojus p\u00f6yhinn\u00e4n ajaksi. Suojusten poistamisen yhteydess\u00e4 suosittelemme k\u00e4\u00e4nt\u00e4m\u00e4\u00e4n vaahtomuovin h\u00f6yhentyynyn sis\u00e4ll\u00e4 aika ajoin \u2013 n\u00e4in tyyny s\u00e4ilytt\u00e4\u00e4 kauniin muotonsa. Tyynyn k\u00e4\u00e4nt\u00e4minen auttaa my\u00f6s v\u00e4hent\u00e4m\u00e4\u00e4n lempipaikalla istumisesta aiheutuvaa t\u00e4ytemateriaalien painumista kasaan.<\/p>\n<p>On otettava huomioon, ett\u00e4 hieman ep\u00e4s\u00e4\u00e4nn\u00f6llinen muoto on h\u00f6yhent\u00e4ytteiselle tyynylle luonnollinen piirre, ei vika.<\/p>\n<p><strong>Ota huomioon, ett\u00e4<\/strong><\/p>\n<p>huonekalujen pehment\u00e4miseen k\u00e4ytet\u00e4\u00e4n erilaisia t\u00e4yteaineita, kuten vaahtomuovia, vatiinia ja h\u00f6yheni\u00e4. T\u00e4ytteet voivat ajan kuluessa ja suuren k\u00e4ytt\u00f6asteen takia liikkua, muuttaa muotoaan, muotoutua sohvan pintamateriaalin alla. T\u00e4llaista muutosta ei pidet\u00e4 virheellisen\u00e4 tuotteena, koska yksik\u00e4\u00e4n pehme\u00e4 huonekalu ei pysty s\u00e4ilytt\u00e4m\u00e4\u00e4n muotoaan sataprosenttisesti.<\/p>\n<p><strong>Metallimekanismien huolto<\/strong><\/p>\n<p>Suosittelemme \u00f6ljy\u00e4m\u00e4\u00e4n vuodesohvien ja vuoteiden metallimekanismit 1\u20132 kertaa vuodessa yleis\u00f6ljyll\u00e4.<\/p>\n<p><strong>Huonekalujen siirt\u00e4minen<\/strong><\/p>\n<p>Suosittelemme siirt\u00e4m\u00e4\u00e4n huonekaluja nostamalla, koska pintaa pitkin siirrett\u00e4ess\u00e4 huonekalun jalat voivat vaurioitua ja vahingoittaa lattiaa. Tue nostaessasi runkoa alhaalta. Lattian naarmuuntumisen v\u00e4ltt\u00e4miseksi on my\u00f6s suositeltavaa k\u00e4ytt\u00e4\u00e4 sohvan\/nojatuolin jalkojen alla suojahuopaa.<\/p>\n<p><strong>Sohvan selk\u00e4- ja k\u00e4sinojat<\/strong><\/p>\n<p>Sohvan selk\u00e4- ja k\u00e4sinojia ei ole tarkoitettu istumiseen. Joissain malleissa k\u00e4sinojissa k\u00e4ytett\u00e4v\u00e4 pehme\u00e4mpi vaahtomuovi voi ajan kuluessa vajota, jonka takia sohvan alkuper\u00e4inen kaunis muoto h\u00e4vi\u00e4\u00e4 ja kangas alkaa aaltoilla. Rungon rakenteen takia selk\u00e4- tai k\u00e4sinoja voi pahimmassa tapauksessa rikkoutua.<\/p>\n<p><strong>Vuodesohvan vuodemekanismit<\/strong><\/p>\n<p>Vuodesohvan vuodemekanismit on tarkoitettu k\u00e4ytett\u00e4v\u00e4ksi v\u00e4liaikaisena nukkumapaikkana, ei pysyv\u00e4n\u00e4 vuoteena. Koska avatun vuodesohvan reunalla istuminen aiheuttaa mekanismin taipumista, ei avattu vuodesohva ole tarkoitettu istumiseen eik\u00e4 my\u00f6sk\u00e4\u00e4n hyppimiseen. Hyppi\u00e4 ei saa my\u00f6sk\u00e4\u00e4n tavallisen sohvan\/nojatuolin p\u00e4\u00e4ll\u00e4.<\/p>\n<p><strong>Kotiel\u00e4imet<\/strong><\/p>\n<p>Kotiel\u00e4imet voivat tahtomattaan naarmuttaa tai tahrata huonekalun kangasta. El\u00e4imen syljell\u00e4 ja muilla eritteill\u00e4 voi my\u00f6s olla materiaalia sy\u00f6vytt\u00e4vi\u00e4 vaikutuksia.<\/p>\n<p><strong>Liiallinen paino<\/strong><\/p>\n<p>\u00c4l\u00e4 k\u00e4yt\u00e4 sohvaa painavien esineiden varastointiin \u2013 liiallinen pysyv\u00e4 kuorma voi vahingoittaa verhoilukangasta ja pehmusteita pysyv\u00e4sti. \u00c4l\u00e4 my\u00f6sk\u00e4\u00e4n ylikuormita huonekaluja, yksi henkil\u00f6 yhdell\u00e4 istumapaikalla.<\/p>\n<p><strong>Kuljetus<\/strong><\/p>\n<p>K\u00e4yt\u00e4 kuljetukseen ajoneuvoa, jossa tuote ei voi liikkua, pudota, naarmuuntua jne. Varmista tuotetta nostaessasi, ett\u00e4 apuvoimia on riitt\u00e4v\u00e4sti. Jos asiakas on kuljettanut tuotteet itse, kuljetuksen aikana aiheutuneet vahingot eiv\u00e4t kuulu takuuseen.<\/p>\n\t\t\t\t\t\t\t\t<\/div>\n\t\t\t\t<\/div>\n\t\t\t\t<div class=\"elementor-element elementor-element-2f46ef5 elementor-widget elementor-widget-heading\" data-id=\"2f46ef5\" data-element_type=\"widget\" data-widget_type=\"heading.default\">\n\t\t\t\t<div class=\"elementor-widget-container\">\n\t\t\t\t\t<h4 class=\"elementor-heading-title elementor-size-default\">Mit\u00e4 muuta on otettava huomioon\u2026<\/h4>\t\t\t\t<\/div>\n\t\t\t\t<\/div>\n\t\t\t\t<div class=\"elementor-element elementor-element-2bdd7b7 elementor-widget elementor-widget-text-editor\" data-id=\"2bdd7b7\" data-element_type=\"widget\" data-widget_type=\"text-editor.default\">\n\t\t\t\t<div class=\"elementor-widget-container\">\n\t\t\t\t\t\t\t\t\t<p>Tuotteen mitat voivat poiketa kuvatusta \u00b12 cm, koska kyseess\u00e4 on k\u00e4sintehty tuote.<\/p>\n<p>Jos sinusta tuntuu, ett\u00e4 huonekalusi verhoilu tarvitsee vaihtoa tai haluat tilata tyynyn t\u00e4ytett\u00e4 tai jalat, ota rohkeasti yhteytt\u00e4!<\/p>\n\t\t\t\t\t\t\t\t<\/div>\n\t\t\t\t<\/div>\n\t\t\t\t<\/div>\n\t\t\t\t\t<\/div>\n\t\t\t\t<\/div>\n\t\t\t\t<\/div>\n\t\t","protected":false},"excerpt":{"rendered":"<p>K\u00e4ytt\u00f6ohje Huolto- ja k\u00e4ytt\u00f6ohje Hyv\u00e4 asiakas, tutustu huonekalujen k\u00e4ytt\u00f6ohjeeseen ja huolla sek\u00e4 k\u00e4yt\u00e4 sohvaasi suositustemme mukaisesti. N\u00e4in varmistat tuotteelle pysyv\u00e4sti kauniin ulkon\u00e4\u00f6n ja pitk\u00e4n k\u00e4ytt\u00f6i\u00e4n. Bellfire ei vastaa tuotteen virheist\u00e4, jotka johtuvat tuotteen virheellisest\u00e4 tai ep\u00e4asianmukaisesta asennuksesta, k\u00e4yt\u00f6st\u00e4 ja\/tai huollosta. Verhoilukankaan huolto K\u00e4yt\u00e4 vain t\u00e4h\u00e4n tarkoitukseen suunniteltuja puhdistusaineita ja huoltotapoja. V\u00e4lt\u00e4 valkaisuaineita v\u00e4rillisell\u00e4 kankaalla, hankausta [&hellip;]<\/p>\n","protected":false},"author":1,"featured_media":0,"parent":0,"menu_order":0,"comment_status":"closed","ping_status":"closed","template":"","meta":{"_acf_changed":false,"footnotes":""},"class_list":["post-54382","page","type-page","status-publish","hentry"],"acf":[],"yoast_head":"<!-- This site is optimized with the Yoast SEO plugin v26.1 - https:\/\/yoast.com\/wordpress\/plugins\/seo\/ -->\n<title>Huolto- ja k\u00e4ytt\u00f6ohje - Bellfire<\/title>\n<meta name=\"robots\" content=\"index, follow, max-snippet:-1, max-image-preview:large, max-video-preview:-1\" \/>\n<link rel=\"canonical\" href=\"https:\/\/bellfire.ee\/fi\/huolto-ja-kayttoohje\/\" \/>\n<meta property=\"og:locale\" content=\"fi_FI\" \/>\n<meta property=\"og:type\" content=\"article\" \/>\n<meta property=\"og:title\" content=\"Huolto- ja k\u00e4ytt\u00f6ohje - Bellfire\" \/>\n<meta property=\"og:description\" content=\"K\u00e4ytt\u00f6ohje Huolto- ja k\u00e4ytt\u00f6ohje Hyv\u00e4 asiakas, tutustu huonekalujen k\u00e4ytt\u00f6ohjeeseen ja huolla sek\u00e4 k\u00e4yt\u00e4 sohvaasi suositustemme mukaisesti. N\u00e4in varmistat tuotteelle pysyv\u00e4sti kauniin ulkon\u00e4\u00f6n ja pitk\u00e4n k\u00e4ytt\u00f6i\u00e4n. Bellfire ei vastaa tuotteen virheist\u00e4, jotka johtuvat tuotteen virheellisest\u00e4 tai ep\u00e4asianmukaisesta asennuksesta, k\u00e4yt\u00f6st\u00e4 ja\/tai huollosta. Verhoilukankaan huolto K\u00e4yt\u00e4 vain t\u00e4h\u00e4n tarkoitukseen suunniteltuja puhdistusaineita ja huoltotapoja. V\u00e4lt\u00e4 valkaisuaineita v\u00e4rillisell\u00e4 kankaalla, hankausta [&hellip;]\" \/>\n<meta property=\"og:url\" content=\"https:\/\/bellfire.ee\/fi\/huolto-ja-kayttoohje\/\" \/>\n<meta property=\"og:site_name\" content=\"Bellfire\" \/>\n<meta property=\"article:modified_time\" content=\"2024-12-02T11:43:43+00:00\" \/>\n<meta name=\"twitter:card\" content=\"summary_large_image\" \/>\n<meta name=\"twitter:label1\" content=\"Arvioitu lukuaika\" \/>\n\t<meta name=\"twitter:data1\" content=\"4 minuuttia\" \/>\n<script type=\"application\/ld+json\" class=\"yoast-schema-graph\">{\"@context\":\"https:\/\/schema.org\",\"@graph\":[{\"@type\":\"WebPage\",\"@id\":\"https:\/\/bellfire.ee\/fi\/huolto-ja-kayttoohje\/\",\"url\":\"https:\/\/bellfire.ee\/fi\/huolto-ja-kayttoohje\/\",\"name\":\"Huolto- ja k\u00e4ytt\u00f6ohje - Bellfire\",\"isPartOf\":{\"@id\":\"https:\/\/bellfire.ee\/fi\/#website\"},\"datePublished\":\"2024-10-16T13:17:22+00:00\",\"dateModified\":\"2024-12-02T11:43:43+00:00\",\"breadcrumb\":{\"@id\":\"https:\/\/bellfire.ee\/fi\/huolto-ja-kayttoohje\/#breadcrumb\"},\"inLanguage\":\"fi\",\"potentialAction\":[{\"@type\":\"ReadAction\",\"target\":[\"https:\/\/bellfire.ee\/fi\/huolto-ja-kayttoohje\/\"]}]},{\"@type\":\"BreadcrumbList\",\"@id\":\"https:\/\/bellfire.ee\/fi\/huolto-ja-kayttoohje\/#breadcrumb\",\"itemListElement\":[{\"@type\":\"ListItem\",\"position\":1,\"name\":\"Avaleht\",\"item\":\"https:\/\/bellfire.ee\/fi\/\"},{\"@type\":\"ListItem\",\"position\":2,\"name\":\"Huolto- ja k\u00e4ytt\u00f6ohje\"}]},{\"@type\":\"WebSite\",\"@id\":\"https:\/\/bellfire.ee\/fi\/#website\",\"url\":\"https:\/\/bellfire.ee\/fi\/\",\"name\":\"Bellfire\",\"description\":\"Disainm\u00f6\u00f6bel Sinu koju Eesti pehme m\u00f6\u00f6bli tootjal\",\"publisher\":{\"@id\":\"https:\/\/bellfire.ee\/fi\/#organization\"},\"potentialAction\":[{\"@type\":\"SearchAction\",\"target\":{\"@type\":\"EntryPoint\",\"urlTemplate\":\"https:\/\/bellfire.ee\/fi\/?s={search_term_string}\"},\"query-input\":{\"@type\":\"PropertyValueSpecification\",\"valueRequired\":true,\"valueName\":\"search_term_string\"}}],\"inLanguage\":\"fi\"},{\"@type\":\"Organization\",\"@id\":\"https:\/\/bellfire.ee\/fi\/#organization\",\"name\":\"Bellfire\",\"url\":\"https:\/\/bellfire.ee\/fi\/\",\"logo\":{\"@type\":\"ImageObject\",\"inLanguage\":\"fi\",\"@id\":\"https:\/\/bellfire.ee\/fi\/#\/schema\/logo\/image\/\",\"url\":\"https:\/\/bellfire.ee\/wp-content\/uploads\/2024\/10\/Site-logo.svg\",\"contentUrl\":\"https:\/\/bellfire.ee\/wp-content\/uploads\/2024\/10\/Site-logo.svg\",\"width\":55,\"height\":64,\"caption\":\"Bellfire\"},\"image\":{\"@id\":\"https:\/\/bellfire.ee\/fi\/#\/schema\/logo\/image\/\"}}]}<\/script>\n<!-- \/ Yoast SEO plugin. -->","yoast_head_json":{"title":"Huolto- ja k\u00e4ytt\u00f6ohje - Bellfire","robots":{"index":"index","follow":"follow","max-snippet":"max-snippet:-1","max-image-preview":"max-image-preview:large","max-video-preview":"max-video-preview:-1"},"canonical":"https:\/\/bellfire.ee\/fi\/huolto-ja-kayttoohje\/","og_locale":"fi_FI","og_type":"article","og_title":"Huolto- ja k\u00e4ytt\u00f6ohje - Bellfire","og_description":"K\u00e4ytt\u00f6ohje Huolto- ja k\u00e4ytt\u00f6ohje Hyv\u00e4 asiakas, tutustu huonekalujen k\u00e4ytt\u00f6ohjeeseen ja huolla sek\u00e4 k\u00e4yt\u00e4 sohvaasi suositustemme mukaisesti. N\u00e4in varmistat tuotteelle pysyv\u00e4sti kauniin ulkon\u00e4\u00f6n ja pitk\u00e4n k\u00e4ytt\u00f6i\u00e4n. Bellfire ei vastaa tuotteen virheist\u00e4, jotka johtuvat tuotteen virheellisest\u00e4 tai ep\u00e4asianmukaisesta asennuksesta, k\u00e4yt\u00f6st\u00e4 ja\/tai huollosta. Verhoilukankaan huolto K\u00e4yt\u00e4 vain t\u00e4h\u00e4n tarkoitukseen suunniteltuja puhdistusaineita ja huoltotapoja. V\u00e4lt\u00e4 valkaisuaineita v\u00e4rillisell\u00e4 kankaalla, hankausta [&hellip;]","og_url":"https:\/\/bellfire.ee\/fi\/huolto-ja-kayttoohje\/","og_site_name":"Bellfire","article_modified_time":"2024-12-02T11:43:43+00:00","twitter_card":"summary_large_image","twitter_misc":{"Arvioitu lukuaika":"4 minuuttia"},"schema":{"@context":"https:\/\/schema.org","@graph":[{"@type":"WebPage","@id":"https:\/\/bellfire.ee\/fi\/huolto-ja-kayttoohje\/","url":"https:\/\/bellfire.ee\/fi\/huolto-ja-kayttoohje\/","name":"Huolto- ja k\u00e4ytt\u00f6ohje - Bellfire","isPartOf":{"@id":"https:\/\/bellfire.ee\/fi\/#website"},"datePublished":"2024-10-16T13:17:22+00:00","dateModified":"2024-12-02T11:43:43+00:00","breadcrumb":{"@id":"https:\/\/bellfire.ee\/fi\/huolto-ja-kayttoohje\/#breadcrumb"},"inLanguage":"fi","potentialAction":[{"@type":"ReadAction","target":["https:\/\/bellfire.ee\/fi\/huolto-ja-kayttoohje\/"]}]},{"@type":"BreadcrumbList","@id":"https:\/\/bellfire.ee\/fi\/huolto-ja-kayttoohje\/#breadcrumb","itemListElement":[{"@type":"ListItem","position":1,"name":"Avaleht","item":"https:\/\/bellfire.ee\/fi\/"},{"@type":"ListItem","position":2,"name":"Huolto- ja k\u00e4ytt\u00f6ohje"}]},{"@type":"WebSite","@id":"https:\/\/bellfire.ee\/fi\/#website","url":"https:\/\/bellfire.ee\/fi\/","name":"Bellfire","description":"Disainm\u00f6\u00f6bel Sinu koju Eesti pehme m\u00f6\u00f6bli tootjal","publisher":{"@id":"https:\/\/bellfire.ee\/fi\/#organization"},"potentialAction":[{"@type":"SearchAction","target":{"@type":"EntryPoint","urlTemplate":"https:\/\/bellfire.ee\/fi\/?s={search_term_string}"},"query-input":{"@type":"PropertyValueSpecification","valueRequired":true,"valueName":"search_term_string"}}],"inLanguage":"fi"},{"@type":"Organization","@id":"https:\/\/bellfire.ee\/fi\/#organization","name":"Bellfire","url":"https:\/\/bellfire.ee\/fi\/","logo":{"@type":"ImageObject","inLanguage":"fi","@id":"https:\/\/bellfire.ee\/fi\/#\/schema\/logo\/image\/","url":"https:\/\/bellfire.ee\/wp-content\/uploads\/2024\/10\/Site-logo.svg","contentUrl":"https:\/\/bellfire.ee\/wp-content\/uploads\/2024\/10\/Site-logo.svg","width":55,"height":64,"caption":"Bellfire"},"image":{"@id":"https:\/\/bellfire.ee\/fi\/#\/schema\/logo\/image\/"}}]}},"_links":{"self":[{"href":"https:\/\/bellfire.ee\/fi\/wp-json\/wp\/v2\/pages\/54382","targetHints":{"allow":["GET"]}}],"collection":[{"href":"https:\/\/bellfire.ee\/fi\/wp-json\/wp\/v2\/pages"}],"about":[{"href":"https:\/\/bellfire.ee\/fi\/wp-json\/wp\/v2\/types\/page"}],"author":[{"embeddable":true,"href":"https:\/\/bellfire.ee\/fi\/wp-json\/wp\/v2\/users\/1"}],"replies":[{"embeddable":true,"href":"https:\/\/bellfire.ee\/fi\/wp-json\/wp\/v2\/comments?post=54382"}],"version-history":[{"count":1,"href":"https:\/\/bellfire.ee\/fi\/wp-json\/wp\/v2\/pages\/54382\/revisions"}],"predecessor-version":[{"id":54383,"href":"https:\/\/bellfire.ee\/fi\/wp-json\/wp\/v2\/pages\/54382\/revisions\/54383"}],"wp:attachment":[{"href":"https:\/\/bellfire.ee\/fi\/wp-json\/wp\/v2\/media?parent=54382"}],"curies":[{"name":"wp","href":"https:\/\/api.w.org\/{rel}","templated":true}]}}