{"id":54367,"date":"2024-09-17T11:29:36","date_gmt":"2024-09-17T11:29:36","guid":{"rendered":"https:\/\/bellfire.ee\/tietosuojaseloste\/"},"modified":"2024-12-02T11:44:16","modified_gmt":"2024-12-02T11:44:16","slug":"tietosuojaseloste","status":"publish","type":"page","link":"https:\/\/bellfire.ee\/fi\/tietosuojaseloste\/","title":{"rendered":"Tietosuojak\u00e4yt\u00e4nt\u00f6"},"content":{"rendered":"\t\t<div data-elementor-type=\"wp-page\" data-elementor-id=\"54367\" class=\"elementor elementor-54367 elementor-3\" data-elementor-post-type=\"page\">\n\t\t\t\t<div class=\"elementor-element elementor-element-8f49dd6 e-flex e-con-boxed e-con e-parent\" data-id=\"8f49dd6\" data-element_type=\"container\">\n\t\t\t\t\t<div class=\"e-con-inner\">\n\t\t<div class=\"elementor-element elementor-element-d4bb40d e-con-full e-flex e-con e-child\" data-id=\"d4bb40d\" data-element_type=\"container\">\n\t\t\t\t<div class=\"elementor-element elementor-element-1aa1834 elementor-widget__width-initial elementor-widget elementor-widget-heading\" data-id=\"1aa1834\" data-element_type=\"widget\" data-widget_type=\"heading.default\">\n\t\t\t\t<div class=\"elementor-widget-container\">\n\t\t\t\t\t<h1 class=\"elementor-heading-title elementor-size-default\">Tietosuojak\u00e4yt\u00e4nt\u00f6<\/h1>\t\t\t\t<\/div>\n\t\t\t\t<\/div>\n\t\t\t\t<div class=\"elementor-element elementor-element-50a5a4f elementor-widget elementor-widget-text-editor\" data-id=\"50a5a4f\" data-element_type=\"widget\" data-widget_type=\"text-editor.default\">\n\t\t\t\t<div class=\"elementor-widget-container\">\n\t\t\t\t\t\t\t\t\t<p>Kirjoitimme t\u00e4m\u00e4n tietosuojaselosteen selitt\u00e4\u00e4ksemme, mit\u00e4 tietoja ker\u00e4\u00e4mme K\u00e4ytt\u00e4jist\u00e4 ja mihin tarkoitukseen niit\u00e4 k\u00e4yt\u00e4mme. Pyrimme parhaamme mukaan esitt\u00e4m\u00e4\u00e4n tietomme selke\u00e4sti ja helposti ymm\u00e4rrett\u00e4v\u00e4sti.<\/p>\n\t\t\t\t\t\t\t\t<\/div>\n\t\t\t\t<\/div>\n\t\t\t\t<div class=\"elementor-element elementor-element-4c83c45 elementor-widget elementor-widget-heading\" data-id=\"4c83c45\" data-element_type=\"widget\" data-widget_type=\"heading.default\">\n\t\t\t\t<div class=\"elementor-widget-container\">\n\t\t\t\t\t<h4 class=\"elementor-heading-title elementor-size-default\">Tietojen ker\u00e4\u00e4miseen k\u00e4yt\u00e4mme seuraavia menetelmi\u00e4:<\/h4>\t\t\t\t<\/div>\n\t\t\t\t<\/div>\n\t\t\t\t<div class=\"elementor-element elementor-element-a3b9393 elementor-widget elementor-widget-text-editor\" data-id=\"a3b9393\" data-element_type=\"widget\" data-widget_type=\"text-editor.default\">\n\t\t\t\t<div class=\"elementor-widget-container\">\n\t\t\t\t\t\t\t\t\tKun jaat tietoja kanssamme tai annat meille luvan ker\u00e4t\u00e4 niit\u00e4 k\u00e4ytt\u00e4ess\u00e4si <a href=\"https:\/\/bellfire.ee\/\">bellfire.ee<\/a>-sivustoa, sinulta pyydet\u00e4\u00e4n K\u00e4ytt\u00e4j\u00e4n\u00e4 lupa k\u00e4ytt\u00e4\u00e4 sinua koskevia tietoja. Ker\u00e4tt\u00e4v\u00e4t tiedot voivat sis\u00e4lt\u00e4\u00e4:\r\n<ul>\r\n \t<li>Etunimi<\/li>\r\n \t<li>Sukunimi<\/li>\r\n \t<li>Puhelinnumero<\/li>\r\n \t<li>S\u00e4hk\u00f6postiosoite<\/li>\r\n<\/ul>\r\nPalvelua k\u00e4ytett\u00e4ess\u00e4 verkkosivusto ker\u00e4\u00e4 my\u00f6s teknisi\u00e4 tietoja ev\u00e4steiden avulla.\t\t\t\t\t\t\t\t<\/div>\n\t\t\t\t<\/div>\n\t\t\t\t<div class=\"elementor-element elementor-element-d3dafd5 elementor-widget elementor-widget-heading\" data-id=\"d3dafd5\" data-element_type=\"widget\" data-widget_type=\"heading.default\">\n\t\t\t\t<div class=\"elementor-widget-container\">\n\t\t\t\t\t<h4 class=\"elementor-heading-title elementor-size-default\">Tietojen ker\u00e4\u00e4miseen k\u00e4yt\u00e4mme seuraavia tapoja:<\/h4>\t\t\t\t<\/div>\n\t\t\t\t<\/div>\n\t\t\t\t<div class=\"elementor-element elementor-element-50c4ff8 elementor-widget elementor-widget-text-editor\" data-id=\"50c4ff8\" data-element_type=\"widget\" data-widget_type=\"text-editor.default\">\n\t\t\t\t<div class=\"elementor-widget-container\">\n\t\t\t\t\t\t\t\t\t<p>K\u00e4ytt\u00e4j\u00e4n ev\u00e4steit\u00e4 luodaan ja tallennetaan verkkokaupan k\u00e4ytett\u00e4vyyden parantamiseksi. Ev\u00e4ste on pieni tekstitiedosto, joka l\u00e4hetet\u00e4\u00e4n ja tallennetaan K\u00e4ytt\u00e4j\u00e4n tietokoneelle niiden verkkosivustojen toimesta, joita K\u00e4ytt\u00e4j\u00e4 vierailee. Ev\u00e4ste tallennetaan K\u00e4ytt\u00e4j\u00e4n verkkoselaimen tiedostohakemistoon. Mik\u00e4li K\u00e4ytt\u00e4j\u00e4 on aiemmin vieraillut verkkosivustolla, verkkoselain lukee ev\u00e4steen ja v\u00e4litt\u00e4\u00e4 tiedon elementille, joka alun perin tallensi ev\u00e4steen. Ev\u00e4steiden poistaminen tapahtuu verkkoselaimen asetuksissa. Lis\u00e4tietoja ev\u00e4steiden k\u00e4yt\u00f6st\u00e4 l\u00f6yd\u00e4t osoitteesta <a href=\"http:\/\/www.aboutcookies.org\/\" target=\"_blank\" rel=\"noreferrer noopener\" aria-label=\" (avautuu uuteen v\u00e4lilehteen)\">www.aboutcookies.org<\/a>.<\/p>\n\t\t\t\t\t\t\t\t<\/div>\n\t\t\t\t<\/div>\n\t\t\t\t<div class=\"elementor-element elementor-element-90b2739 elementor-widget elementor-widget-heading\" data-id=\"90b2739\" data-element_type=\"widget\" data-widget_type=\"heading.default\">\n\t\t\t\t<div class=\"elementor-widget-container\">\n\t\t\t\t\t<h4 class=\"elementor-heading-title elementor-size-default\">Mihin tarkoituksiin k\u00e4yt\u00e4mme ev\u00e4steit\u00e4?<\/h4>\t\t\t\t<\/div>\n\t\t\t\t<\/div>\n\t\t\t\t<div class=\"elementor-element elementor-element-487a8d1 elementor-widget elementor-widget-text-editor\" data-id=\"487a8d1\" data-element_type=\"widget\" data-widget_type=\"text-editor.default\">\n\t\t\t\t<div class=\"elementor-widget-container\">\n\t\t\t\t\t\t\t\t\t<p>Google Analytics \u2013 K\u00e4ytt\u00e4j\u00e4n tiedot tallennetaan k\u00e4ytt\u00f6tietojen ker\u00e4\u00e4miseksi. Lis\u00e4ksi Google Analytics -datan yhteydess\u00e4 tallennetaan K\u00e4ytt\u00e4j\u00e4n IP-osoite. Tilastotiedot antavat meille n\u00e4kym\u00e4n K\u00e4ytt\u00e4jien k\u00e4ytt\u00e4ytymistapoihin, mik\u00e4 auttaa tunnistamaan verkkosivuston puutteita ja tekem\u00e4\u00e4n verkkosivustosta pitk\u00e4ll\u00e4 aikav\u00e4lill\u00e4 henkil\u00f6kohtaisemman ja k\u00e4ytt\u00e4j\u00e4yst\u00e4v\u00e4llisemm\u00e4n.<\/p>\n\t\t\t\t\t\t\t\t<\/div>\n\t\t\t\t<\/div>\n\t\t\t\t<div class=\"elementor-element elementor-element-8517e75 elementor-widget elementor-widget-heading\" data-id=\"8517e75\" data-element_type=\"widget\" data-widget_type=\"heading.default\">\n\t\t\t\t<div class=\"elementor-widget-container\">\n\t\t\t\t\t<h4 class=\"elementor-heading-title elementor-size-default\">Mit\u00e4 teemme ker\u00e4tyill\u00e4 tiedoilla?<\/h4>\t\t\t\t<\/div>\n\t\t\t\t<\/div>\n\t\t\t\t<div class=\"elementor-element elementor-element-464feff elementor-widget elementor-widget-text-editor\" data-id=\"464feff\" data-element_type=\"widget\" data-widget_type=\"text-editor.default\">\n\t\t\t\t<div class=\"elementor-widget-container\">\n\t\t\t\t\t\t\t\t\t<p>Ker\u00e4ttyj\u00e4 tietoja k\u00e4yt\u00e4mme palvelun tarjoamiseen. T\u00e4m\u00e4n vuoksi emme ker\u00e4\u00e4 K\u00e4ytt\u00e4jist\u00e4 tietoja, jotka eiv\u00e4t ole tarpeen palvelun tuottamiseen. K\u00e4ytt\u00e4j\u00e4\u00e4n liittyv\u00e4t tiedot ovat tarpeen mukaan saatavilla:<\/p>\n<p><strong>K\u00e4ytt\u00e4j\u00e4lle<\/strong><br \/>\n<strong>Verkkosivustoa hallinnoivalle taholle<\/strong><br \/>\n<strong>Sopimuksista vastaaville tahoille<\/strong><\/p>\n<p>Kaikki yhteisty\u00f6kumppanit noudattavat kanssamme samanlaisia periaatteita ja k\u00e4sittelev\u00e4t K\u00e4ytt\u00e4j\u00e4n henkil\u00f6tietoja samoilla perusperiaatteilla. K\u00e4ytt\u00e4j\u00e4n etujen suojelemiseksi henkil\u00f6tietojen k\u00e4sittely eri osapuolten v\u00e4lill\u00e4 tapahtuu ainoastaan sopimusten perusteella.<\/p>\n<p>Tilastotietojen ker\u00e4\u00e4misell\u00e4 varmistamme K\u00e4ytt\u00e4j\u00e4n edun saada k\u00e4ytt\u00e4j\u00e4yst\u00e4v\u00e4llisempi palvelu ja verkkosivuston h\u00e4iri\u00f6tt\u00f6m\u00e4n toiminnan. Tilastotiedot mahdollistavat K\u00e4ytt\u00e4jien k\u00e4ytt\u00e4ytymismallien analysoinnin verkkopalvelun k\u00e4yt\u00f6ss\u00e4, auttavat tunnistamaan eniten k\u00e4ytetyt sis\u00e4lt\u00f6sivut sek\u00e4 kohdat, joissa K\u00e4ytt\u00e4j\u00e4t kohtaavat puutteita.<\/p>\n\t\t\t\t\t\t\t\t<\/div>\n\t\t\t\t<\/div>\n\t\t\t\t<div class=\"elementor-element elementor-element-6c14bfc elementor-widget elementor-widget-heading\" data-id=\"6c14bfc\" data-element_type=\"widget\" data-widget_type=\"heading.default\">\n\t\t\t\t<div class=\"elementor-widget-container\">\n\t\t\t\t\t<h4 class=\"elementor-heading-title elementor-size-default\">Suoramarkkinointiviestit<\/h4>\t\t\t\t<\/div>\n\t\t\t\t<\/div>\n\t\t\t\t<div class=\"elementor-element elementor-element-f5442ae elementor-widget elementor-widget-text-editor\" data-id=\"f5442ae\" data-element_type=\"widget\" data-widget_type=\"text-editor.default\">\n\t\t\t\t<div class=\"elementor-widget-container\">\n\t\t\t\t\t\t\t\t\t<p>Mik\u00e4li k\u00e4ytt\u00e4j\u00e4\u00e4 kiinnostaa, voimme l\u00e4hett\u00e4\u00e4 uutiskirjeit\u00e4 uusista tuotteista, palveluista ja ehdoista. Uutiskirjeiden vastaanottaminen edellytt\u00e4\u00e4 k\u00e4ytt\u00e4j\u00e4n suostumusta. Jos k\u00e4ytt\u00e4j\u00e4 ei en\u00e4\u00e4 halua saada suoramarkkinointiviestej\u00e4, h\u00e4n voi valita s\u00e4hk\u00f6postin alalaidasta l\u00f6ytyv\u00e4n linkin tai l\u00e4hett\u00e4\u00e4 lopetusta koskevan pyynn\u00f6n osoitteeseen <a href=\"mailto:bellfire@bellfire.ee\">bellfire@bellfire.ee<\/a>.<\/p>\n<p>Jos henkil\u00f6tietoja k\u00e4sitell\u00e4\u00e4n suoramarkkinointitarkoituksiin, k\u00e4ytt\u00e4j\u00e4ll\u00e4 on oikeus milloin tahansa vastustaa henkil\u00f6tietojensa alkuper\u00e4ist\u00e4 tai jatkok\u00e4sittely\u00e4 ilmoittamalla siit\u00e4 asiakaspalveluun osoitteeseen <a href=\"mailto:bellfire@bellfire.ee\">bellfire@bellfire.ee<\/a>.<\/p>\n\t\t\t\t\t\t\t\t<\/div>\n\t\t\t\t<\/div>\n\t\t\t\t<div class=\"elementor-element elementor-element-513d584 elementor-widget elementor-widget-heading\" data-id=\"513d584\" data-element_type=\"widget\" data-widget_type=\"heading.default\">\n\t\t\t\t<div class=\"elementor-widget-container\">\n\t\t\t\t\t<h4 class=\"elementor-heading-title elementor-size-default\">Miten ja milloin jaamme tietoja?<\/h4>\t\t\t\t<\/div>\n\t\t\t\t<\/div>\n\t\t\t\t<div class=\"elementor-element elementor-element-73f64d6 elementor-widget elementor-widget-text-editor\" data-id=\"73f64d6\" data-element_type=\"widget\" data-widget_type=\"text-editor.default\">\n\t\t\t\t<div class=\"elementor-widget-container\">\n\t\t\t\t\t\t\t\t\t<p>Skanton on kansainv\u00e4linen palveluntarjoaja. K\u00e4ytt\u00e4m\u00e4ll\u00e4 palveluitamme hyv\u00e4ksyt, ett\u00e4 tietojasi voidaan k\u00e4ytt\u00e4\u00e4 palvelujen tarjoamiseen my\u00f6s oman asuinmaasi ulkopuolella.<\/p>\n<p>K\u00e4ytt\u00e4j\u00e4\u00e4n liittyv\u00e4t tiedot ovat poikkeuksellisesti saatavilla vain K\u00e4ytt\u00e4j\u00e4lle itselleen ja verkkosivustoa hallinnoivalle taholle.<\/p>\n<p>Skanton jakaa K\u00e4ytt\u00e4j\u00e4n tietoja virallisille viranomaisille, jos on riitt\u00e4v\u00e4 syy uskoa, ett\u00e4 K\u00e4ytt\u00e4j\u00e4n toiminta on haitallista yrityst\u00e4 tai muita K\u00e4ytt\u00e4ji\u00e4 kohtaan.<\/p>\n<p>Muissa tapauksissa jaamme henkil\u00f6tietoja kolmansille osapuolille vain, jos meill\u00e4 on siihen lupa henkil\u00f6lt\u00e4, jonka tietoja luovutetaan.<\/p>\n\t\t\t\t\t\t\t\t<\/div>\n\t\t\t\t<\/div>\n\t\t\t\t<div class=\"elementor-element elementor-element-7251bf2 elementor-widget elementor-widget-heading\" data-id=\"7251bf2\" data-element_type=\"widget\" data-widget_type=\"heading.default\">\n\t\t\t\t<div class=\"elementor-widget-container\">\n\t\t\t\t\t<h4 class=\"elementor-heading-title elementor-size-default\">Kuinka kauan s\u00e4ilyt\u00e4mme K\u00e4ytt\u00e4j\u00e4n tietoja?<\/h4>\t\t\t\t<\/div>\n\t\t\t\t<\/div>\n\t\t\t\t<div class=\"elementor-element elementor-element-21fef16 elementor-widget elementor-widget-text-editor\" data-id=\"21fef16\" data-element_type=\"widget\" data-widget_type=\"text-editor.default\">\n\t\t\t\t<div class=\"elementor-widget-container\">\n\t\t\t\t\t\t\t\t\t<p>Tietoja k\u00e4ytet\u00e4\u00e4n aktiivisesti asiakkaan etujen mukaisesti ja niin kauan kuin tietojen k\u00e4sittely on tarpeen palvelun tuottamiseen liittyv\u00e4n tarkoituksen toteuttamiseksi. Asiakkaan etujen huomioon ottamiseksi tietojen s\u00e4ilytysaikaa ei ole ajallisesti rajoitettu.<\/p>\n<p>Tietojen poistaminen tapahtuu asiakkaan kirjallisella pyynn\u00f6ll\u00e4, joka tulee toimittaa osoitteeseen <a href=\"mailto:bellfire@bellfire.ee\">bellfire@bellfire.ee<\/a>. Tietojen poistamisen yhteydess\u00e4 prosessi suoritetaan kaikissa asiaankuuluvissa j\u00e4rjestelmiss\u00e4, mukaan lukien omat ja kumppaneidemme varmuuskopiot.<\/p>\n\t\t\t\t\t\t\t\t<\/div>\n\t\t\t\t<\/div>\n\t\t\t\t<div class=\"elementor-element elementor-element-8350fc8 elementor-widget elementor-widget-heading\" data-id=\"8350fc8\" data-element_type=\"widget\" data-widget_type=\"heading.default\">\n\t\t\t\t<div class=\"elementor-widget-container\">\n\t\t\t\t\t<h4 class=\"elementor-heading-title elementor-size-default\"> Sinun oikeutesi K\u00e4ytt\u00e4j\u00e4n\u00e4 hallita omia tietojasi:<\/h4>\t\t\t\t<\/div>\n\t\t\t\t<\/div>\n\t\t\t\t<div class=\"elementor-element elementor-element-d610235 elementor-widget elementor-widget-text-editor\" data-id=\"d610235\" data-element_type=\"widget\" data-widget_type=\"text-editor.default\">\n\t\t\t\t<div class=\"elementor-widget-container\">\n\t\t\t\t\t\t\t\t\t<p>Asiakkaana sinulla on oikeus milloin tahansa tutustua henkil\u00f6tietoihisi l\u00e4hett\u00e4m\u00e4ll\u00e4 asiaa koskeva kysely osoitteeseen <a href=\"mailto:bellfire@bellfire.ee\">bellfire@bellfire.ee<\/a>. Tietoihin ei voida my\u00f6nt\u00e4\u00e4 p\u00e4\u00e4sy\u00e4, jos lains\u00e4\u00e4d\u00e4nt\u00f6 rajoittaa t\u00e4t\u00e4 oikeutta.<\/p>\n<p>K\u00e4ytt\u00e4j\u00e4ll\u00e4 on oikeus peruuttaa suostumuksensa henkil\u00f6tietojen k\u00e4sittelyyn milloin tahansa, paitsi jos henkil\u00f6tietojen k\u00e4sittely on lain mukaan sallittua ilman suostumustasi. Suostumuksen peruuttaminen ei vaikuta suostumuksen perusteella ennen peruuttamista tapahtuneen tietojenk\u00e4sittelyn laillisuuteen.<\/p>\n<p>Jos katsot, ett\u00e4 henkil\u00f6tietojasi ei k\u00e4sitell\u00e4 sopimusehtojen tai lakien mukaisesti, sinulla on oikeus pyyt\u00e4\u00e4 palveluntarjoaja Skantonilta henkil\u00f6tietojesi k\u00e4sittelyn ja p\u00e4\u00e4syn lopettamista sek\u00e4 ker\u00e4ttyjen tietojen poistamista. T\u00e4llaisen pyynn\u00f6n voit toimittaa Skantonille osoitteeseen <a href=\"mailto:bellfire@bellfire.ee\">bellfire@bellfire.ee<\/a> tai ottaa yhteytt\u00e4 tietosuojavaltuutettuun osoitteessa <a href=\"http:\/\/www.aki.ee\/\" target=\"_blank\" rel=\"noreferrer noopener\" aria-label=\" (avautuu uuteen v\u00e4lilehteen)\">www.aki.ee<\/a>.<\/p>\n\t\t\t\t\t\t\t\t<\/div>\n\t\t\t\t<\/div>\n\t\t\t\t<div class=\"elementor-element elementor-element-63f32d9 elementor-widget elementor-widget-heading\" data-id=\"63f32d9\" data-element_type=\"widget\" data-widget_type=\"heading.default\">\n\t\t\t\t<div class=\"elementor-widget-container\">\n\t\t\t\t\t<h4 class=\"elementor-heading-title elementor-size-default\"> Kuinka ottaa meihin yhteytt\u00e4<\/h4>\t\t\t\t<\/div>\n\t\t\t\t<\/div>\n\t\t\t\t<div class=\"elementor-element elementor-element-aed02b9 elementor-widget elementor-widget-text-editor\" data-id=\"aed02b9\" data-element_type=\"widget\" data-widget_type=\"text-editor.default\">\n\t\t\t\t<div class=\"elementor-widget-container\">\n\t\t\t\t\t\t\t\t\t<p>Tietosuojak\u00e4yt\u00e4nt\u00f6\u00f6n liittyviss\u00e4 kysymyksiss\u00e4 olette tervetulleita ottamaan meihin yhteytt\u00e4:<\/p>\n<p><strong><a href=\"mailto:bellfire@bellfire.ee\">bellfire@bellfire.ee<\/a><\/strong><br \/>\n<strong><a href=\"tel:+3726412412\">+372 641 2412<\/a><\/strong><\/p>\n\t\t\t\t\t\t\t\t<\/div>\n\t\t\t\t<\/div>\n\t\t\t\t<\/div>\n\t\t\t\t\t<\/div>\n\t\t\t\t<\/div>\n\t\t\t\t<\/div>\n\t\t","protected":false},"excerpt":{"rendered":"<p>Tietosuojak\u00e4yt\u00e4nt\u00f6 Kirjoitimme t\u00e4m\u00e4n tietosuojaselosteen selitt\u00e4\u00e4ksemme, mit\u00e4 tietoja ker\u00e4\u00e4mme K\u00e4ytt\u00e4jist\u00e4 ja mihin tarkoitukseen niit\u00e4 k\u00e4yt\u00e4mme. Pyrimme parhaamme mukaan esitt\u00e4m\u00e4\u00e4n tietomme selke\u00e4sti ja helposti ymm\u00e4rrett\u00e4v\u00e4sti. Tietojen ker\u00e4\u00e4miseen k\u00e4yt\u00e4mme seuraavia menetelmi\u00e4: Kun jaat tietoja kanssamme tai annat meille luvan ker\u00e4t\u00e4 niit\u00e4 k\u00e4ytt\u00e4ess\u00e4si bellfire.ee-sivustoa, sinulta pyydet\u00e4\u00e4n K\u00e4ytt\u00e4j\u00e4n\u00e4 lupa k\u00e4ytt\u00e4\u00e4 sinua koskevia tietoja. Ker\u00e4tt\u00e4v\u00e4t tiedot voivat sis\u00e4lt\u00e4\u00e4: Etunimi Sukunimi Puhelinnumero [&hellip;]<\/p>\n","protected":false},"author":1,"featured_media":0,"parent":0,"menu_order":0,"comment_status":"closed","ping_status":"open","template":"","meta":{"_acf_changed":false,"footnotes":""},"class_list":["post-54367","page","type-page","status-publish","hentry"],"acf":[],"yoast_head":"<!-- This site is optimized with the Yoast SEO plugin v26.1 - https:\/\/yoast.com\/wordpress\/plugins\/seo\/ -->\n<title>Tietosuojak\u00e4yt\u00e4nt\u00f6 - Bellfire<\/title>\n<meta name=\"robots\" content=\"index, follow, max-snippet:-1, max-image-preview:large, max-video-preview:-1\" \/>\n<link rel=\"canonical\" href=\"https:\/\/bellfire.ee\/fi\/tietosuojaseloste\/\" \/>\n<meta property=\"og:locale\" content=\"fi_FI\" \/>\n<meta property=\"og:type\" content=\"article\" \/>\n<meta property=\"og:title\" content=\"Tietosuojak\u00e4yt\u00e4nt\u00f6 - Bellfire\" \/>\n<meta property=\"og:description\" content=\"Tietosuojak\u00e4yt\u00e4nt\u00f6 Kirjoitimme t\u00e4m\u00e4n tietosuojaselosteen selitt\u00e4\u00e4ksemme, mit\u00e4 tietoja ker\u00e4\u00e4mme K\u00e4ytt\u00e4jist\u00e4 ja mihin tarkoitukseen niit\u00e4 k\u00e4yt\u00e4mme. Pyrimme parhaamme mukaan esitt\u00e4m\u00e4\u00e4n tietomme selke\u00e4sti ja helposti ymm\u00e4rrett\u00e4v\u00e4sti. Tietojen ker\u00e4\u00e4miseen k\u00e4yt\u00e4mme seuraavia menetelmi\u00e4: Kun jaat tietoja kanssamme tai annat meille luvan ker\u00e4t\u00e4 niit\u00e4 k\u00e4ytt\u00e4ess\u00e4si bellfire.ee-sivustoa, sinulta pyydet\u00e4\u00e4n K\u00e4ytt\u00e4j\u00e4n\u00e4 lupa k\u00e4ytt\u00e4\u00e4 sinua koskevia tietoja. Ker\u00e4tt\u00e4v\u00e4t tiedot voivat sis\u00e4lt\u00e4\u00e4: Etunimi Sukunimi Puhelinnumero [&hellip;]\" \/>\n<meta property=\"og:url\" content=\"https:\/\/bellfire.ee\/fi\/tietosuojaseloste\/\" \/>\n<meta property=\"og:site_name\" content=\"Bellfire\" \/>\n<meta property=\"article:modified_time\" content=\"2024-12-02T11:44:16+00:00\" \/>\n<meta name=\"twitter:card\" content=\"summary_large_image\" \/>\n<meta name=\"twitter:label1\" content=\"Arvioitu lukuaika\" \/>\n\t<meta name=\"twitter:data1\" content=\"4 minuuttia\" \/>\n<script type=\"application\/ld+json\" class=\"yoast-schema-graph\">{\"@context\":\"https:\/\/schema.org\",\"@graph\":[{\"@type\":\"WebPage\",\"@id\":\"https:\/\/bellfire.ee\/fi\/tietosuojaseloste\/\",\"url\":\"https:\/\/bellfire.ee\/fi\/tietosuojaseloste\/\",\"name\":\"Tietosuojak\u00e4yt\u00e4nt\u00f6 - Bellfire\",\"isPartOf\":{\"@id\":\"https:\/\/bellfire.ee\/fi\/#website\"},\"datePublished\":\"2024-09-17T11:29:36+00:00\",\"dateModified\":\"2024-12-02T11:44:16+00:00\",\"breadcrumb\":{\"@id\":\"https:\/\/bellfire.ee\/fi\/tietosuojaseloste\/#breadcrumb\"},\"inLanguage\":\"fi\",\"potentialAction\":[{\"@type\":\"ReadAction\",\"target\":[\"https:\/\/bellfire.ee\/fi\/tietosuojaseloste\/\"]}]},{\"@type\":\"BreadcrumbList\",\"@id\":\"https:\/\/bellfire.ee\/fi\/tietosuojaseloste\/#breadcrumb\",\"itemListElement\":[{\"@type\":\"ListItem\",\"position\":1,\"name\":\"Avaleht\",\"item\":\"https:\/\/bellfire.ee\/fi\/\"},{\"@type\":\"ListItem\",\"position\":2,\"name\":\"Tietosuojak\u00e4yt\u00e4nt\u00f6\"}]},{\"@type\":\"WebSite\",\"@id\":\"https:\/\/bellfire.ee\/fi\/#website\",\"url\":\"https:\/\/bellfire.ee\/fi\/\",\"name\":\"Bellfire\",\"description\":\"Disainm\u00f6\u00f6bel Sinu koju Eesti pehme m\u00f6\u00f6bli tootjal\",\"publisher\":{\"@id\":\"https:\/\/bellfire.ee\/fi\/#organization\"},\"potentialAction\":[{\"@type\":\"SearchAction\",\"target\":{\"@type\":\"EntryPoint\",\"urlTemplate\":\"https:\/\/bellfire.ee\/fi\/?s={search_term_string}\"},\"query-input\":{\"@type\":\"PropertyValueSpecification\",\"valueRequired\":true,\"valueName\":\"search_term_string\"}}],\"inLanguage\":\"fi\"},{\"@type\":\"Organization\",\"@id\":\"https:\/\/bellfire.ee\/fi\/#organization\",\"name\":\"Bellfire\",\"url\":\"https:\/\/bellfire.ee\/fi\/\",\"logo\":{\"@type\":\"ImageObject\",\"inLanguage\":\"fi\",\"@id\":\"https:\/\/bellfire.ee\/fi\/#\/schema\/logo\/image\/\",\"url\":\"https:\/\/bellfire.ee\/wp-content\/uploads\/2024\/10\/Site-logo.svg\",\"contentUrl\":\"https:\/\/bellfire.ee\/wp-content\/uploads\/2024\/10\/Site-logo.svg\",\"width\":55,\"height\":64,\"caption\":\"Bellfire\"},\"image\":{\"@id\":\"https:\/\/bellfire.ee\/fi\/#\/schema\/logo\/image\/\"}}]}<\/script>\n<!-- \/ Yoast SEO plugin. -->","yoast_head_json":{"title":"Tietosuojak\u00e4yt\u00e4nt\u00f6 - Bellfire","robots":{"index":"index","follow":"follow","max-snippet":"max-snippet:-1","max-image-preview":"max-image-preview:large","max-video-preview":"max-video-preview:-1"},"canonical":"https:\/\/bellfire.ee\/fi\/tietosuojaseloste\/","og_locale":"fi_FI","og_type":"article","og_title":"Tietosuojak\u00e4yt\u00e4nt\u00f6 - Bellfire","og_description":"Tietosuojak\u00e4yt\u00e4nt\u00f6 Kirjoitimme t\u00e4m\u00e4n tietosuojaselosteen selitt\u00e4\u00e4ksemme, mit\u00e4 tietoja ker\u00e4\u00e4mme K\u00e4ytt\u00e4jist\u00e4 ja mihin tarkoitukseen niit\u00e4 k\u00e4yt\u00e4mme. Pyrimme parhaamme mukaan esitt\u00e4m\u00e4\u00e4n tietomme selke\u00e4sti ja helposti ymm\u00e4rrett\u00e4v\u00e4sti. Tietojen ker\u00e4\u00e4miseen k\u00e4yt\u00e4mme seuraavia menetelmi\u00e4: Kun jaat tietoja kanssamme tai annat meille luvan ker\u00e4t\u00e4 niit\u00e4 k\u00e4ytt\u00e4ess\u00e4si bellfire.ee-sivustoa, sinulta pyydet\u00e4\u00e4n K\u00e4ytt\u00e4j\u00e4n\u00e4 lupa k\u00e4ytt\u00e4\u00e4 sinua koskevia tietoja. Ker\u00e4tt\u00e4v\u00e4t tiedot voivat sis\u00e4lt\u00e4\u00e4: Etunimi Sukunimi Puhelinnumero [&hellip;]","og_url":"https:\/\/bellfire.ee\/fi\/tietosuojaseloste\/","og_site_name":"Bellfire","article_modified_time":"2024-12-02T11:44:16+00:00","twitter_card":"summary_large_image","twitter_misc":{"Arvioitu lukuaika":"4 minuuttia"},"schema":{"@context":"https:\/\/schema.org","@graph":[{"@type":"WebPage","@id":"https:\/\/bellfire.ee\/fi\/tietosuojaseloste\/","url":"https:\/\/bellfire.ee\/fi\/tietosuojaseloste\/","name":"Tietosuojak\u00e4yt\u00e4nt\u00f6 - Bellfire","isPartOf":{"@id":"https:\/\/bellfire.ee\/fi\/#website"},"datePublished":"2024-09-17T11:29:36+00:00","dateModified":"2024-12-02T11:44:16+00:00","breadcrumb":{"@id":"https:\/\/bellfire.ee\/fi\/tietosuojaseloste\/#breadcrumb"},"inLanguage":"fi","potentialAction":[{"@type":"ReadAction","target":["https:\/\/bellfire.ee\/fi\/tietosuojaseloste\/"]}]},{"@type":"BreadcrumbList","@id":"https:\/\/bellfire.ee\/fi\/tietosuojaseloste\/#breadcrumb","itemListElement":[{"@type":"ListItem","position":1,"name":"Avaleht","item":"https:\/\/bellfire.ee\/fi\/"},{"@type":"ListItem","position":2,"name":"Tietosuojak\u00e4yt\u00e4nt\u00f6"}]},{"@type":"WebSite","@id":"https:\/\/bellfire.ee\/fi\/#website","url":"https:\/\/bellfire.ee\/fi\/","name":"Bellfire","description":"Disainm\u00f6\u00f6bel Sinu koju Eesti pehme m\u00f6\u00f6bli tootjal","publisher":{"@id":"https:\/\/bellfire.ee\/fi\/#organization"},"potentialAction":[{"@type":"SearchAction","target":{"@type":"EntryPoint","urlTemplate":"https:\/\/bellfire.ee\/fi\/?s={search_term_string}"},"query-input":{"@type":"PropertyValueSpecification","valueRequired":true,"valueName":"search_term_string"}}],"inLanguage":"fi"},{"@type":"Organization","@id":"https:\/\/bellfire.ee\/fi\/#organization","name":"Bellfire","url":"https:\/\/bellfire.ee\/fi\/","logo":{"@type":"ImageObject","inLanguage":"fi","@id":"https:\/\/bellfire.ee\/fi\/#\/schema\/logo\/image\/","url":"https:\/\/bellfire.ee\/wp-content\/uploads\/2024\/10\/Site-logo.svg","contentUrl":"https:\/\/bellfire.ee\/wp-content\/uploads\/2024\/10\/Site-logo.svg","width":55,"height":64,"caption":"Bellfire"},"image":{"@id":"https:\/\/bellfire.ee\/fi\/#\/schema\/logo\/image\/"}}]}},"_links":{"self":[{"href":"https:\/\/bellfire.ee\/fi\/wp-json\/wp\/v2\/pages\/54367","targetHints":{"allow":["GET"]}}],"collection":[{"href":"https:\/\/bellfire.ee\/fi\/wp-json\/wp\/v2\/pages"}],"about":[{"href":"https:\/\/bellfire.ee\/fi\/wp-json\/wp\/v2\/types\/page"}],"author":[{"embeddable":true,"href":"https:\/\/bellfire.ee\/fi\/wp-json\/wp\/v2\/users\/1"}],"replies":[{"embeddable":true,"href":"https:\/\/bellfire.ee\/fi\/wp-json\/wp\/v2\/comments?post=54367"}],"version-history":[{"count":3,"href":"https:\/\/bellfire.ee\/fi\/wp-json\/wp\/v2\/pages\/54367\/revisions"}],"predecessor-version":[{"id":54445,"href":"https:\/\/bellfire.ee\/fi\/wp-json\/wp\/v2\/pages\/54367\/revisions\/54445"}],"wp:attachment":[{"href":"https:\/\/bellfire.ee\/fi\/wp-json\/wp\/v2\/media?parent=54367"}],"curies":[{"name":"wp","href":"https:\/\/api.w.org\/{rel}","templated":true}]}}