{"id":54361,"date":"2024-10-21T12:22:48","date_gmt":"2024-10-21T12:22:48","guid":{"rendered":"https:\/\/bellfire.ee\/white-label\/"},"modified":"2024-12-02T11:44:31","modified_gmt":"2024-12-02T11:44:31","slug":"white-label","status":"publish","type":"page","link":"https:\/\/bellfire.ee\/fi\/white-label\/","title":{"rendered":"White label"},"content":{"rendered":"\t\t<div data-elementor-type=\"wp-page\" data-elementor-id=\"54361\" class=\"elementor elementor-54361 elementor-26689\" data-elementor-post-type=\"page\">\n\t\t\t\t<div class=\"elementor-element elementor-element-5ad5a83 e-flex e-con-boxed e-con e-parent\" data-id=\"5ad5a83\" data-element_type=\"container\">\n\t\t\t\t\t<div class=\"e-con-inner\">\n\t\t<div class=\"elementor-element elementor-element-d9723e9 e-con-full e-flex e-con e-child\" data-id=\"d9723e9\" data-element_type=\"container\">\n\t\t\t\t<div class=\"elementor-element elementor-element-0f26a11 elementor-widget__width-initial elementor-widget elementor-widget-heading\" data-id=\"0f26a11\" data-element_type=\"widget\" data-widget_type=\"heading.default\">\n\t\t\t\t<div class=\"elementor-widget-container\">\n\t\t\t\t\t<h1 class=\"elementor-heading-title elementor-size-default\">White label<\/h1>\t\t\t\t<\/div>\n\t\t\t\t<\/div>\n\t\t\t\t<div class=\"elementor-element elementor-element-a8bb8a4 elementor-widget elementor-widget-heading\" data-id=\"a8bb8a4\" data-element_type=\"widget\" data-widget_type=\"heading.default\">\n\t\t\t\t<div class=\"elementor-widget-container\">\n\t\t\t\t\t<h4 class=\"elementor-heading-title elementor-size-default\">Sin\u00e4 suunnittelet, me toteutamme<\/h4>\t\t\t\t<\/div>\n\t\t\t\t<\/div>\n\t\t\t\t<div class=\"elementor-element elementor-element-b17fa33 elementor-widget elementor-widget-text-editor\" data-id=\"b17fa33\" data-element_type=\"widget\" data-widget_type=\"text-editor.default\">\n\t\t\t\t<div class=\"elementor-widget-container\">\n\t\t\t\t\t\t\t\t\t<p>Luomme n\u00e4kemykseesi sopivan pehmeiden kalusteiden sarjan, jota voit markkinoida tavaramerkill\u00e4si \u201cwhite label\u201d. Tarjoamme br\u00e4ndeille joustavaa yhteisty\u00f6t\u00e4, laadukasta tuotantoa ja luotettavaa kumppanuutta.<\/p>\n<p>Valmistamme materiaalimieltymyksi\u00e4si ja laatuvaatimuksiasi vastaavan sohvien, s\u00e4nkyjen, nojatuolien tai rahien sarjan. Tarjoamme my\u00f6s t\u00e4m\u00e4nhetkisi\u00e4 kuvastotuotteita ilman br\u00e4nd\u00e4yst\u00e4, jotta voit markkinoida niit\u00e4 omalla tavaramerkill\u00e4si.<\/p>\n<p>Yrityksemme kolmessa tehtaassa ty\u00f6skentelee yli sata ihmist\u00e4, ja kuukausittainen tuotantokapasiteetti on keskim\u00e4\u00e4rin 1760 sohvaa. Meill\u00e4 on pitk\u00e4 kokemus nykyaikaisten kalusteiden tarjoamisesta parhaalla mahdollisella hinta-laatusuhteella.<\/p>\n<p>Prioriteettimme on joustavan tilausprosessin ja logistiikan organisointi, jotta voisit keskitty\u00e4 siihen, mik\u00e4 on sinulle t\u00e4rke\u00e4\u00e4 \u2013 huonekalujen suunnitteluun, markkinointiin, asiakaspalveluun ja myyntiin.<\/p>\n<p>Luotettavuudesta kertoo my\u00f6s se, ett\u00e4 suuri osa tuotteistamme kaunistaa suomalaisia ja ruotsalaisia koteja.<\/p>\n<p>Olemme tehneet vuodesta 2005 yhteisty\u00f6t\u00e4 useiden kalustebr\u00e4ndien, kuten Sotkan ja Askon, kanssa. Synergisen yhteisty\u00f6n tuloksena tehtaissamme valmistuu vuodessa yli 60\u00a0000 istumapaikkaa.<\/p>\n<p><strong>Saadaksesi projektipohjaisia tarjouksia l\u00e4het\u00e4 s\u00e4hk\u00f6postia osoitteeseen <a href=\"mailto:raivo@bellfire.ee\">raivo@bellfire.ee<\/a>.<\/strong><\/p>\n\t\t\t\t\t\t\t\t<\/div>\n\t\t\t\t<\/div>\n\t\t\t\t<\/div>\n\t\t\t\t\t<\/div>\n\t\t\t\t<\/div>\n\t\t\t\t<\/div>\n\t\t","protected":false},"excerpt":{"rendered":"<p>White label Sin\u00e4 suunnittelet, me toteutamme Luomme n\u00e4kemykseesi sopivan pehmeiden kalusteiden sarjan, jota voit markkinoida tavaramerkill\u00e4si \u201cwhite label\u201d. Tarjoamme br\u00e4ndeille joustavaa yhteisty\u00f6t\u00e4, laadukasta tuotantoa ja luotettavaa kumppanuutta. Valmistamme materiaalimieltymyksi\u00e4si ja laatuvaatimuksiasi vastaavan sohvien, s\u00e4nkyjen, nojatuolien tai rahien sarjan. Tarjoamme my\u00f6s t\u00e4m\u00e4nhetkisi\u00e4 kuvastotuotteita ilman br\u00e4nd\u00e4yst\u00e4, jotta voit markkinoida niit\u00e4 omalla tavaramerkill\u00e4si. Yrityksemme kolmessa tehtaassa ty\u00f6skentelee yli [&hellip;]<\/p>\n","protected":false},"author":1,"featured_media":0,"parent":0,"menu_order":0,"comment_status":"closed","ping_status":"closed","template":"","meta":{"_acf_changed":false,"footnotes":""},"class_list":["post-54361","page","type-page","status-publish","hentry"],"acf":[],"yoast_head":"<!-- This site is optimized with the Yoast SEO plugin v26.1 - https:\/\/yoast.com\/wordpress\/plugins\/seo\/ -->\n<title>White label - Bellfire<\/title>\n<meta name=\"robots\" content=\"index, follow, max-snippet:-1, max-image-preview:large, max-video-preview:-1\" \/>\n<link rel=\"canonical\" href=\"https:\/\/bellfire.ee\/fi\/white-label\/\" \/>\n<meta property=\"og:locale\" content=\"fi_FI\" \/>\n<meta property=\"og:type\" content=\"article\" \/>\n<meta property=\"og:title\" content=\"White label - Bellfire\" \/>\n<meta property=\"og:description\" content=\"White label Sin\u00e4 suunnittelet, me toteutamme Luomme n\u00e4kemykseesi sopivan pehmeiden kalusteiden sarjan, jota voit markkinoida tavaramerkill\u00e4si \u201cwhite label\u201d. Tarjoamme br\u00e4ndeille joustavaa yhteisty\u00f6t\u00e4, laadukasta tuotantoa ja luotettavaa kumppanuutta. Valmistamme materiaalimieltymyksi\u00e4si ja laatuvaatimuksiasi vastaavan sohvien, s\u00e4nkyjen, nojatuolien tai rahien sarjan. Tarjoamme my\u00f6s t\u00e4m\u00e4nhetkisi\u00e4 kuvastotuotteita ilman br\u00e4nd\u00e4yst\u00e4, jotta voit markkinoida niit\u00e4 omalla tavaramerkill\u00e4si. Yrityksemme kolmessa tehtaassa ty\u00f6skentelee yli [&hellip;]\" \/>\n<meta property=\"og:url\" content=\"https:\/\/bellfire.ee\/fi\/white-label\/\" \/>\n<meta property=\"og:site_name\" content=\"Bellfire\" \/>\n<meta property=\"article:modified_time\" content=\"2024-12-02T11:44:31+00:00\" \/>\n<meta name=\"twitter:card\" content=\"summary_large_image\" \/>\n<meta name=\"twitter:label1\" content=\"Arvioitu lukuaika\" \/>\n\t<meta name=\"twitter:data1\" content=\"1 minuutti\" \/>\n<script type=\"application\/ld+json\" class=\"yoast-schema-graph\">{\"@context\":\"https:\/\/schema.org\",\"@graph\":[{\"@type\":\"WebPage\",\"@id\":\"https:\/\/bellfire.ee\/fi\/white-label\/\",\"url\":\"https:\/\/bellfire.ee\/fi\/white-label\/\",\"name\":\"White label - Bellfire\",\"isPartOf\":{\"@id\":\"https:\/\/bellfire.ee\/fi\/#website\"},\"datePublished\":\"2024-10-21T12:22:48+00:00\",\"dateModified\":\"2024-12-02T11:44:31+00:00\",\"breadcrumb\":{\"@id\":\"https:\/\/bellfire.ee\/fi\/white-label\/#breadcrumb\"},\"inLanguage\":\"fi\",\"potentialAction\":[{\"@type\":\"ReadAction\",\"target\":[\"https:\/\/bellfire.ee\/fi\/white-label\/\"]}]},{\"@type\":\"BreadcrumbList\",\"@id\":\"https:\/\/bellfire.ee\/fi\/white-label\/#breadcrumb\",\"itemListElement\":[{\"@type\":\"ListItem\",\"position\":1,\"name\":\"Avaleht\",\"item\":\"https:\/\/bellfire.ee\/fi\/\"},{\"@type\":\"ListItem\",\"position\":2,\"name\":\"White label\"}]},{\"@type\":\"WebSite\",\"@id\":\"https:\/\/bellfire.ee\/fi\/#website\",\"url\":\"https:\/\/bellfire.ee\/fi\/\",\"name\":\"Bellfire\",\"description\":\"Disainm\u00f6\u00f6bel Sinu koju Eesti pehme m\u00f6\u00f6bli tootjal\",\"publisher\":{\"@id\":\"https:\/\/bellfire.ee\/fi\/#organization\"},\"potentialAction\":[{\"@type\":\"SearchAction\",\"target\":{\"@type\":\"EntryPoint\",\"urlTemplate\":\"https:\/\/bellfire.ee\/fi\/?s={search_term_string}\"},\"query-input\":{\"@type\":\"PropertyValueSpecification\",\"valueRequired\":true,\"valueName\":\"search_term_string\"}}],\"inLanguage\":\"fi\"},{\"@type\":\"Organization\",\"@id\":\"https:\/\/bellfire.ee\/fi\/#organization\",\"name\":\"Bellfire\",\"url\":\"https:\/\/bellfire.ee\/fi\/\",\"logo\":{\"@type\":\"ImageObject\",\"inLanguage\":\"fi\",\"@id\":\"https:\/\/bellfire.ee\/fi\/#\/schema\/logo\/image\/\",\"url\":\"https:\/\/bellfire.ee\/wp-content\/uploads\/2024\/10\/Site-logo.svg\",\"contentUrl\":\"https:\/\/bellfire.ee\/wp-content\/uploads\/2024\/10\/Site-logo.svg\",\"width\":55,\"height\":64,\"caption\":\"Bellfire\"},\"image\":{\"@id\":\"https:\/\/bellfire.ee\/fi\/#\/schema\/logo\/image\/\"}}]}<\/script>\n<!-- \/ Yoast SEO plugin. -->","yoast_head_json":{"title":"White label - Bellfire","robots":{"index":"index","follow":"follow","max-snippet":"max-snippet:-1","max-image-preview":"max-image-preview:large","max-video-preview":"max-video-preview:-1"},"canonical":"https:\/\/bellfire.ee\/fi\/white-label\/","og_locale":"fi_FI","og_type":"article","og_title":"White label - Bellfire","og_description":"White label Sin\u00e4 suunnittelet, me toteutamme Luomme n\u00e4kemykseesi sopivan pehmeiden kalusteiden sarjan, jota voit markkinoida tavaramerkill\u00e4si \u201cwhite label\u201d. Tarjoamme br\u00e4ndeille joustavaa yhteisty\u00f6t\u00e4, laadukasta tuotantoa ja luotettavaa kumppanuutta. Valmistamme materiaalimieltymyksi\u00e4si ja laatuvaatimuksiasi vastaavan sohvien, s\u00e4nkyjen, nojatuolien tai rahien sarjan. Tarjoamme my\u00f6s t\u00e4m\u00e4nhetkisi\u00e4 kuvastotuotteita ilman br\u00e4nd\u00e4yst\u00e4, jotta voit markkinoida niit\u00e4 omalla tavaramerkill\u00e4si. Yrityksemme kolmessa tehtaassa ty\u00f6skentelee yli [&hellip;]","og_url":"https:\/\/bellfire.ee\/fi\/white-label\/","og_site_name":"Bellfire","article_modified_time":"2024-12-02T11:44:31+00:00","twitter_card":"summary_large_image","twitter_misc":{"Arvioitu lukuaika":"1 minuutti"},"schema":{"@context":"https:\/\/schema.org","@graph":[{"@type":"WebPage","@id":"https:\/\/bellfire.ee\/fi\/white-label\/","url":"https:\/\/bellfire.ee\/fi\/white-label\/","name":"White label - Bellfire","isPartOf":{"@id":"https:\/\/bellfire.ee\/fi\/#website"},"datePublished":"2024-10-21T12:22:48+00:00","dateModified":"2024-12-02T11:44:31+00:00","breadcrumb":{"@id":"https:\/\/bellfire.ee\/fi\/white-label\/#breadcrumb"},"inLanguage":"fi","potentialAction":[{"@type":"ReadAction","target":["https:\/\/bellfire.ee\/fi\/white-label\/"]}]},{"@type":"BreadcrumbList","@id":"https:\/\/bellfire.ee\/fi\/white-label\/#breadcrumb","itemListElement":[{"@type":"ListItem","position":1,"name":"Avaleht","item":"https:\/\/bellfire.ee\/fi\/"},{"@type":"ListItem","position":2,"name":"White label"}]},{"@type":"WebSite","@id":"https:\/\/bellfire.ee\/fi\/#website","url":"https:\/\/bellfire.ee\/fi\/","name":"Bellfire","description":"Disainm\u00f6\u00f6bel Sinu koju Eesti pehme m\u00f6\u00f6bli tootjal","publisher":{"@id":"https:\/\/bellfire.ee\/fi\/#organization"},"potentialAction":[{"@type":"SearchAction","target":{"@type":"EntryPoint","urlTemplate":"https:\/\/bellfire.ee\/fi\/?s={search_term_string}"},"query-input":{"@type":"PropertyValueSpecification","valueRequired":true,"valueName":"search_term_string"}}],"inLanguage":"fi"},{"@type":"Organization","@id":"https:\/\/bellfire.ee\/fi\/#organization","name":"Bellfire","url":"https:\/\/bellfire.ee\/fi\/","logo":{"@type":"ImageObject","inLanguage":"fi","@id":"https:\/\/bellfire.ee\/fi\/#\/schema\/logo\/image\/","url":"https:\/\/bellfire.ee\/wp-content\/uploads\/2024\/10\/Site-logo.svg","contentUrl":"https:\/\/bellfire.ee\/wp-content\/uploads\/2024\/10\/Site-logo.svg","width":55,"height":64,"caption":"Bellfire"},"image":{"@id":"https:\/\/bellfire.ee\/fi\/#\/schema\/logo\/image\/"}}]}},"_links":{"self":[{"href":"https:\/\/bellfire.ee\/fi\/wp-json\/wp\/v2\/pages\/54361","targetHints":{"allow":["GET"]}}],"collection":[{"href":"https:\/\/bellfire.ee\/fi\/wp-json\/wp\/v2\/pages"}],"about":[{"href":"https:\/\/bellfire.ee\/fi\/wp-json\/wp\/v2\/types\/page"}],"author":[{"embeddable":true,"href":"https:\/\/bellfire.ee\/fi\/wp-json\/wp\/v2\/users\/1"}],"replies":[{"embeddable":true,"href":"https:\/\/bellfire.ee\/fi\/wp-json\/wp\/v2\/comments?post=54361"}],"version-history":[{"count":1,"href":"https:\/\/bellfire.ee\/fi\/wp-json\/wp\/v2\/pages\/54361\/revisions"}],"predecessor-version":[{"id":54362,"href":"https:\/\/bellfire.ee\/fi\/wp-json\/wp\/v2\/pages\/54361\/revisions\/54362"}],"wp:attachment":[{"href":"https:\/\/bellfire.ee\/fi\/wp-json\/wp\/v2\/media?parent=54361"}],"curies":[{"name":"wp","href":"https:\/\/api.w.org\/{rel}","templated":true}]}}