{"id":69721,"date":"2026-03-25T15:19:58","date_gmt":"2026-03-25T13:19:58","guid":{"rendered":"https:\/\/bellfire.ee\/?post_type=product&#038;p=69721"},"modified":"2026-03-25T15:37:30","modified_gmt":"2026-03-25T13:37:30","slug":"royal-hard-mattress-kopeeri","status":"publish","type":"product","link":"https:\/\/bellfire.ee\/en\/bedroom\/mattresses\/royal-hard-mattress-kopeeri\/","title":{"rendered":"Royal hard mattress (kopeeri)"},"content":{"rendered":"<p>The pocket springs of the Royal Hard mattress provide the best support for the body.<\/p>\n","protected":false},"excerpt":{"rendered":"<p>The pocket springs of the Royal Hard mattress provide the best support for the body.<\/p>\n","protected":false},"featured_media":69738,"template":"","meta":{"_acf_changed":false},"wpc-attribute-group":[],"product_brand":[],"product_cat":[1002],"product_tag":[],"class_list":{"0":"post-69721","1":"product","2":"type-product","3":"status-publish","4":"has-post-thumbnail","6":"product_cat-mattresses","8":"first","9":"instock","10":"taxable","11":"shipping-taxable","12":"purchasable","13":"product-type-variable","14":"add-to-wishlist-after_add_to_cart"},"acf":[],"yoast_head":"<!-- This site is optimized with the Yoast SEO plugin v26.1 - https:\/\/yoast.com\/wordpress\/plugins\/seo\/ -->\n<title>Royal hard mattress (kopeeri) - Bellfire<\/title>\n<meta name=\"robots\" content=\"index, follow, max-snippet:-1, max-image-preview:large, max-video-preview:-1\" \/>\n<link rel=\"canonical\" href=\"https:\/\/bellfire.ee\/en\/bedroom\/mattresses\/royal-hard-mattress-kopeeri\/\" \/>\n<meta property=\"og:locale\" content=\"en_US\" \/>\n<meta property=\"og:type\" content=\"article\" \/>\n<meta property=\"og:title\" content=\"Royal hard mattress (kopeeri) - Bellfire\" \/>\n<meta property=\"og:description\" content=\"The pocket springs of the Royal Hard mattress provide the best support for the body.\" \/>\n<meta property=\"og:url\" content=\"https:\/\/bellfire.ee\/en\/bedroom\/mattresses\/royal-hard-mattress-kopeeri\/\" \/>\n<meta property=\"og:site_name\" content=\"Bellfire\" \/>\n<meta property=\"article:modified_time\" content=\"2026-03-25T13:37:30+00:00\" \/>\n<meta property=\"og:image\" content=\"https:\/\/bellfire.ee\/wp-content\/uploads\/2024\/10\/Madrats.jpg\" \/>\n\t<meta property=\"og:image:width\" content=\"1920\" \/>\n\t<meta property=\"og:image:height\" content=\"1080\" \/>\n\t<meta property=\"og:image:type\" content=\"image\/jpeg\" \/>\n<meta name=\"twitter:card\" content=\"summary_large_image\" \/>\n<script type=\"application\/ld+json\" class=\"yoast-schema-graph\">{\"@context\":\"https:\/\/schema.org\",\"@graph\":[{\"@type\":\"WebPage\",\"@id\":\"https:\/\/bellfire.ee\/en\/bedroom\/mattresses\/royal-hard-mattress-kopeeri\/\",\"url\":\"https:\/\/bellfire.ee\/en\/bedroom\/mattresses\/royal-hard-mattress-kopeeri\/\",\"name\":\"Royal hard mattress (kopeeri) - Bellfire\",\"isPartOf\":{\"@id\":\"https:\/\/bellfire.ee\/en\/#website\"},\"primaryImageOfPage\":{\"@id\":\"https:\/\/bellfire.ee\/en\/bedroom\/mattresses\/royal-hard-mattress-kopeeri\/#primaryimage\"},\"image\":{\"@id\":\"https:\/\/bellfire.ee\/en\/bedroom\/mattresses\/royal-hard-mattress-kopeeri\/#primaryimage\"},\"thumbnailUrl\":\"https:\/\/bellfire.ee\/wp-content\/uploads\/2026\/03\/hf_20260325_131225_e23704c5-df1e-46c4-9901-fe0478288708.jpeg\",\"datePublished\":\"2026-03-25T13:19:58+00:00\",\"dateModified\":\"2026-03-25T13:37:30+00:00\",\"breadcrumb\":{\"@id\":\"https:\/\/bellfire.ee\/en\/bedroom\/mattresses\/royal-hard-mattress-kopeeri\/#breadcrumb\"},\"inLanguage\":\"en-US\",\"potentialAction\":[{\"@type\":\"ReadAction\",\"target\":[\"https:\/\/bellfire.ee\/en\/bedroom\/mattresses\/royal-hard-mattress-kopeeri\/\"]}]},{\"@type\":\"ImageObject\",\"inLanguage\":\"en-US\",\"@id\":\"https:\/\/bellfire.ee\/en\/bedroom\/mattresses\/royal-hard-mattress-kopeeri\/#primaryimage\",\"url\":\"https:\/\/bellfire.ee\/wp-content\/uploads\/2026\/03\/hf_20260325_131225_e23704c5-df1e-46c4-9901-fe0478288708.jpeg\",\"contentUrl\":\"https:\/\/bellfire.ee\/wp-content\/uploads\/2026\/03\/hf_20260325_131225_e23704c5-df1e-46c4-9901-fe0478288708.jpeg\",\"width\":2048,\"height\":2048},{\"@type\":\"BreadcrumbList\",\"@id\":\"https:\/\/bellfire.ee\/en\/bedroom\/mattresses\/royal-hard-mattress-kopeeri\/#breadcrumb\",\"itemListElement\":[{\"@type\":\"ListItem\",\"position\":1,\"name\":\"Avaleht\",\"item\":\"https:\/\/bellfire.ee\/en\/\"},{\"@type\":\"ListItem\",\"position\":2,\"name\":\"Furniture\",\"item\":\"https:\/\/bellfire.ee\/en\/furniture\/\"},{\"@type\":\"ListItem\",\"position\":3,\"name\":\"Royal hard mattress (kopeeri)\"}]},{\"@type\":\"WebSite\",\"@id\":\"https:\/\/bellfire.ee\/en\/#website\",\"url\":\"https:\/\/bellfire.ee\/en\/\",\"name\":\"Bellfire\",\"description\":\"Disainm\u00f6\u00f6bel Sinu koju Eesti pehme m\u00f6\u00f6bli tootjal\",\"publisher\":{\"@id\":\"https:\/\/bellfire.ee\/en\/#organization\"},\"potentialAction\":[{\"@type\":\"SearchAction\",\"target\":{\"@type\":\"EntryPoint\",\"urlTemplate\":\"https:\/\/bellfire.ee\/en\/?s={search_term_string}\"},\"query-input\":{\"@type\":\"PropertyValueSpecification\",\"valueRequired\":true,\"valueName\":\"search_term_string\"}}],\"inLanguage\":\"en-US\"},{\"@type\":\"Organization\",\"@id\":\"https:\/\/bellfire.ee\/en\/#organization\",\"name\":\"Bellfire\",\"url\":\"https:\/\/bellfire.ee\/en\/\",\"logo\":{\"@type\":\"ImageObject\",\"inLanguage\":\"en-US\",\"@id\":\"https:\/\/bellfire.ee\/en\/#\/schema\/logo\/image\/\",\"url\":\"https:\/\/bellfire.ee\/wp-content\/uploads\/2024\/10\/Site-logo.svg\",\"contentUrl\":\"https:\/\/bellfire.ee\/wp-content\/uploads\/2024\/10\/Site-logo.svg\",\"width\":55,\"height\":64,\"caption\":\"Bellfire\"},\"image\":{\"@id\":\"https:\/\/bellfire.ee\/en\/#\/schema\/logo\/image\/\"}}]}<\/script>\n<!-- \/ Yoast SEO plugin. -->","yoast_head_json":{"title":"Royal hard mattress (kopeeri) - Bellfire","robots":{"index":"index","follow":"follow","max-snippet":"max-snippet:-1","max-image-preview":"max-image-preview:large","max-video-preview":"max-video-preview:-1"},"canonical":"https:\/\/bellfire.ee\/en\/bedroom\/mattresses\/royal-hard-mattress-kopeeri\/","og_locale":"en_US","og_type":"article","og_title":"Royal hard mattress (kopeeri) - Bellfire","og_description":"The pocket springs of the Royal Hard mattress provide the best support for the body.","og_url":"https:\/\/bellfire.ee\/en\/bedroom\/mattresses\/royal-hard-mattress-kopeeri\/","og_site_name":"Bellfire","article_modified_time":"2026-03-25T13:37:30+00:00","og_image":[{"width":1920,"height":1080,"url":"https:\/\/bellfire.ee\/wp-content\/uploads\/2024\/10\/Madrats.jpg","type":"image\/jpeg"}],"twitter_card":"summary_large_image","schema":{"@context":"https:\/\/schema.org","@graph":[{"@type":"WebPage","@id":"https:\/\/bellfire.ee\/en\/bedroom\/mattresses\/royal-hard-mattress-kopeeri\/","url":"https:\/\/bellfire.ee\/en\/bedroom\/mattresses\/royal-hard-mattress-kopeeri\/","name":"Royal hard mattress (kopeeri) - Bellfire","isPartOf":{"@id":"https:\/\/bellfire.ee\/en\/#website"},"primaryImageOfPage":{"@id":"https:\/\/bellfire.ee\/en\/bedroom\/mattresses\/royal-hard-mattress-kopeeri\/#primaryimage"},"image":{"@id":"https:\/\/bellfire.ee\/en\/bedroom\/mattresses\/royal-hard-mattress-kopeeri\/#primaryimage"},"thumbnailUrl":"https:\/\/bellfire.ee\/wp-content\/uploads\/2026\/03\/hf_20260325_131225_e23704c5-df1e-46c4-9901-fe0478288708.jpeg","datePublished":"2026-03-25T13:19:58+00:00","dateModified":"2026-03-25T13:37:30+00:00","breadcrumb":{"@id":"https:\/\/bellfire.ee\/en\/bedroom\/mattresses\/royal-hard-mattress-kopeeri\/#breadcrumb"},"inLanguage":"en-US","potentialAction":[{"@type":"ReadAction","target":["https:\/\/bellfire.ee\/en\/bedroom\/mattresses\/royal-hard-mattress-kopeeri\/"]}]},{"@type":"ImageObject","inLanguage":"en-US","@id":"https:\/\/bellfire.ee\/en\/bedroom\/mattresses\/royal-hard-mattress-kopeeri\/#primaryimage","url":"https:\/\/bellfire.ee\/wp-content\/uploads\/2026\/03\/hf_20260325_131225_e23704c5-df1e-46c4-9901-fe0478288708.jpeg","contentUrl":"https:\/\/bellfire.ee\/wp-content\/uploads\/2026\/03\/hf_20260325_131225_e23704c5-df1e-46c4-9901-fe0478288708.jpeg","width":2048,"height":2048},{"@type":"BreadcrumbList","@id":"https:\/\/bellfire.ee\/en\/bedroom\/mattresses\/royal-hard-mattress-kopeeri\/#breadcrumb","itemListElement":[{"@type":"ListItem","position":1,"name":"Avaleht","item":"https:\/\/bellfire.ee\/en\/"},{"@type":"ListItem","position":2,"name":"Furniture","item":"https:\/\/bellfire.ee\/en\/furniture\/"},{"@type":"ListItem","position":3,"name":"Royal hard mattress (kopeeri)"}]},{"@type":"WebSite","@id":"https:\/\/bellfire.ee\/en\/#website","url":"https:\/\/bellfire.ee\/en\/","name":"Bellfire","description":"Disainm\u00f6\u00f6bel Sinu koju Eesti pehme m\u00f6\u00f6bli tootjal","publisher":{"@id":"https:\/\/bellfire.ee\/en\/#organization"},"potentialAction":[{"@type":"SearchAction","target":{"@type":"EntryPoint","urlTemplate":"https:\/\/bellfire.ee\/en\/?s={search_term_string}"},"query-input":{"@type":"PropertyValueSpecification","valueRequired":true,"valueName":"search_term_string"}}],"inLanguage":"en-US"},{"@type":"Organization","@id":"https:\/\/bellfire.ee\/en\/#organization","name":"Bellfire","url":"https:\/\/bellfire.ee\/en\/","logo":{"@type":"ImageObject","inLanguage":"en-US","@id":"https:\/\/bellfire.ee\/en\/#\/schema\/logo\/image\/","url":"https:\/\/bellfire.ee\/wp-content\/uploads\/2024\/10\/Site-logo.svg","contentUrl":"https:\/\/bellfire.ee\/wp-content\/uploads\/2024\/10\/Site-logo.svg","width":55,"height":64,"caption":"Bellfire"},"image":{"@id":"https:\/\/bellfire.ee\/en\/#\/schema\/logo\/image\/"}}]}},"_links":{"self":[{"href":"https:\/\/bellfire.ee\/en\/wp-json\/wp\/v2\/product\/69721","targetHints":{"allow":["GET"]}}],"collection":[{"href":"https:\/\/bellfire.ee\/en\/wp-json\/wp\/v2\/product"}],"about":[{"href":"https:\/\/bellfire.ee\/en\/wp-json\/wp\/v2\/types\/product"}],"wp:featuredmedia":[{"embeddable":true,"href":"https:\/\/bellfire.ee\/en\/wp-json\/wp\/v2\/media\/69738"}],"wp:attachment":[{"href":"https:\/\/bellfire.ee\/en\/wp-json\/wp\/v2\/media?parent=69721"}],"wp:term":[{"taxonomy":"wpc-attribute-group","embeddable":true,"href":"https:\/\/bellfire.ee\/en\/wp-json\/wp\/v2\/wpc-attribute-group?post=69721"},{"taxonomy":"product_brand","embeddable":true,"href":"https:\/\/bellfire.ee\/en\/wp-json\/wp\/v2\/product_brand?post=69721"},{"taxonomy":"product_cat","embeddable":true,"href":"https:\/\/bellfire.ee\/en\/wp-json\/wp\/v2\/product_cat?post=69721"},{"taxonomy":"product_tag","embeddable":true,"href":"https:\/\/bellfire.ee\/en\/wp-json\/wp\/v2\/product_tag?post=69721"}],"curies":[{"name":"wp","href":"https:\/\/api.w.org\/{rel}","templated":true}]}}