{"id":68777,"date":"2025-08-21T09:43:28","date_gmt":"2025-08-21T09:43:28","guid":{"rendered":"https:\/\/bellfire.ee\/uncategorized\/bond\/"},"modified":"2025-08-21T09:43:28","modified_gmt":"2025-08-21T09:43:28","slug":"bond","status":"publish","type":"product","link":"https:\/\/bellfire.ee\/en\/living-room\/bond\/","title":{"rendered":"Bond"},"content":{"rendered":"","protected":false},"excerpt":{"rendered":"<p><strong><img decoding=\"async\" class=\"alignnone wp-image-67935\" src=\"https:\/\/bellfire.ee\/wp-content\/uploads\/2025\/08\/Screenshot-2025-08-21-at-13.38.03-300x203.png\" alt=\"\" width=\"255\" height=\"173\" srcset=\"https:\/\/bellfire.ee\/wp-content\/uploads\/2025\/08\/Screenshot-2025-08-21-at-13.38.03-300x203.png 300w, https:\/\/bellfire.ee\/wp-content\/uploads\/2025\/08\/Screenshot-2025-08-21-at-13.38.03-340x230.png 340w, https:\/\/bellfire.ee\/wp-content\/uploads\/2025\/08\/Screenshot-2025-08-21-at-13.38.03.png 634w\" sizes=\"(max-width: 255px) 100vw, 255px\" \/><\/strong><\/p>\n<p data-start=\"53\" data-end=\"98\">Decorative pillows are included in the set.<\/p>\n<p data-start=\"100\" data-end=\"358\">A limited selection of carefully chosen fabrics is available in the online store. Come and explore the full range of fabrics at the Bellfire showroom in Tartu or Tallinn. On site, you\u2019ll find a diverse selection of fabrics in different shades and textures.<\/p>\n<p data-start=\"360\" data-end=\"486\">If you like the product but would prefer it in a different fabric, that\u2019s possible! Request an offer at <strong data-start=\"464\" data-end=\"484\"><a class=\"decorated-link cursor-pointer\" rel=\"noopener\" data-start=\"466\" data-end=\"482\">egle@bellfire.ee<\/a><\/strong><\/p>\n<p data-start=\"488\" data-end=\"596\" data-is-last-node=\"\" data-is-only-node=\"\">The actual color tone may differ from what you see on the screen. Please check the colors in our showroom.<\/p>\n","protected":false},"featured_media":69577,"template":"","meta":{"_acf_changed":false},"wpc-attribute-group":[],"product_brand":[],"product_cat":[983,984],"product_tag":[],"class_list":{"0":"post-68777","1":"product","2":"type-product","3":"status-publish","4":"has-post-thumbnail","6":"product_cat-living-room","7":"product_cat-sofas","8":"pa_e-poe-kangavalik-over-the-horizon-08-en","9":"pa_e-poe-kangavalik-over-the-horizon-11-en","10":"pa_e-poe-kangavalik-over-the-horizon-39-en","11":"pa_e-poe-kangavalik-over-the-horizon-54-en","12":"pa_e-poe-kangavalik-over-the-horizon-64-en","13":"pa_e-poe-kangavalik-over-the-horizon-97-en-2","14":"pa_e-poe-kangavalik-over-the-horizon-38-en","15":"pa_e-poe-kangavalik-over-the-horizon-78-en","17":"first","18":"instock","19":"featured","20":"taxable","21":"shipping-taxable","22":"purchasable","23":"product-type-variable","24":"add-to-wishlist-after_add_to_cart"},"acf":[],"yoast_head":"<!-- This site is optimized with the Yoast SEO plugin v26.1 - https:\/\/yoast.com\/wordpress\/plugins\/seo\/ -->\n<title>Bond - Bellfire<\/title>\n<meta name=\"robots\" content=\"index, follow, max-snippet:-1, max-image-preview:large, max-video-preview:-1\" \/>\n<link rel=\"canonical\" href=\"https:\/\/bellfire.ee\/en\/living-room\/bond\/\" \/>\n<meta property=\"og:locale\" content=\"en_US\" \/>\n<meta property=\"og:type\" content=\"article\" \/>\n<meta property=\"og:title\" content=\"Bond - Bellfire\" \/>\n<meta property=\"og:description\" content=\"Decorative pillows are included in the set. A limited selection of carefully chosen fabrics is available in the online store. Come and explore the full range of fabrics at the Bellfire showroom in Tartu or Tallinn. On site, you\u2019ll find a diverse selection of fabrics in different shades and textures. If you like the product but would prefer it in a different fabric, that\u2019s possible! Request an offer at egle@bellfire.ee The actual color tone may differ from what you see on the screen. Please check the colors in our showroom.\" \/>\n<meta property=\"og:url\" content=\"https:\/\/bellfire.ee\/en\/living-room\/bond\/\" \/>\n<meta property=\"og:site_name\" content=\"Bellfire\" \/>\n<meta property=\"og:image\" content=\"https:\/\/bellfire.ee\/wp-content\/uploads\/2025\/08\/bond-ikoon.jpg\" \/>\n\t<meta property=\"og:image:width\" content=\"1000\" \/>\n\t<meta property=\"og:image:height\" content=\"667\" \/>\n\t<meta property=\"og:image:type\" content=\"image\/jpeg\" \/>\n<meta name=\"twitter:card\" content=\"summary_large_image\" \/>\n<script type=\"application\/ld+json\" class=\"yoast-schema-graph\">{\"@context\":\"https:\/\/schema.org\",\"@graph\":[{\"@type\":\"WebPage\",\"@id\":\"https:\/\/bellfire.ee\/en\/living-room\/bond\/\",\"url\":\"https:\/\/bellfire.ee\/en\/living-room\/bond\/\",\"name\":\"Bond - Bellfire\",\"isPartOf\":{\"@id\":\"https:\/\/bellfire.ee\/en\/#website\"},\"primaryImageOfPage\":{\"@id\":\"https:\/\/bellfire.ee\/en\/living-room\/bond\/#primaryimage\"},\"image\":{\"@id\":\"https:\/\/bellfire.ee\/en\/living-room\/bond\/#primaryimage\"},\"thumbnailUrl\":\"https:\/\/bellfire.ee\/wp-content\/uploads\/2025\/08\/bond-ikoon.jpg\",\"datePublished\":\"2025-08-21T09:43:28+00:00\",\"breadcrumb\":{\"@id\":\"https:\/\/bellfire.ee\/en\/living-room\/bond\/#breadcrumb\"},\"inLanguage\":\"en-US\",\"potentialAction\":[{\"@type\":\"ReadAction\",\"target\":[\"https:\/\/bellfire.ee\/en\/living-room\/bond\/\"]}]},{\"@type\":\"ImageObject\",\"inLanguage\":\"en-US\",\"@id\":\"https:\/\/bellfire.ee\/en\/living-room\/bond\/#primaryimage\",\"url\":\"https:\/\/bellfire.ee\/wp-content\/uploads\/2025\/08\/bond-ikoon.jpg\",\"contentUrl\":\"https:\/\/bellfire.ee\/wp-content\/uploads\/2025\/08\/bond-ikoon.jpg\",\"width\":1000,\"height\":667},{\"@type\":\"BreadcrumbList\",\"@id\":\"https:\/\/bellfire.ee\/en\/living-room\/bond\/#breadcrumb\",\"itemListElement\":[{\"@type\":\"ListItem\",\"position\":1,\"name\":\"Avaleht\",\"item\":\"https:\/\/bellfire.ee\/en\/\"},{\"@type\":\"ListItem\",\"position\":2,\"name\":\"Furniture\",\"item\":\"https:\/\/bellfire.ee\/en\/furniture\/\"},{\"@type\":\"ListItem\",\"position\":3,\"name\":\"Bond\"}]},{\"@type\":\"WebSite\",\"@id\":\"https:\/\/bellfire.ee\/en\/#website\",\"url\":\"https:\/\/bellfire.ee\/en\/\",\"name\":\"Bellfire\",\"description\":\"Disainm\u00f6\u00f6bel Sinu koju Eesti pehme m\u00f6\u00f6bli tootjal\",\"publisher\":{\"@id\":\"https:\/\/bellfire.ee\/en\/#organization\"},\"potentialAction\":[{\"@type\":\"SearchAction\",\"target\":{\"@type\":\"EntryPoint\",\"urlTemplate\":\"https:\/\/bellfire.ee\/en\/?s={search_term_string}\"},\"query-input\":{\"@type\":\"PropertyValueSpecification\",\"valueRequired\":true,\"valueName\":\"search_term_string\"}}],\"inLanguage\":\"en-US\"},{\"@type\":\"Organization\",\"@id\":\"https:\/\/bellfire.ee\/en\/#organization\",\"name\":\"Bellfire\",\"url\":\"https:\/\/bellfire.ee\/en\/\",\"logo\":{\"@type\":\"ImageObject\",\"inLanguage\":\"en-US\",\"@id\":\"https:\/\/bellfire.ee\/en\/#\/schema\/logo\/image\/\",\"url\":\"https:\/\/bellfire.ee\/wp-content\/uploads\/2024\/10\/Site-logo.svg\",\"contentUrl\":\"https:\/\/bellfire.ee\/wp-content\/uploads\/2024\/10\/Site-logo.svg\",\"width\":55,\"height\":64,\"caption\":\"Bellfire\"},\"image\":{\"@id\":\"https:\/\/bellfire.ee\/en\/#\/schema\/logo\/image\/\"}}]}<\/script>\n<!-- \/ Yoast SEO plugin. -->","yoast_head_json":{"title":"Bond - Bellfire","robots":{"index":"index","follow":"follow","max-snippet":"max-snippet:-1","max-image-preview":"max-image-preview:large","max-video-preview":"max-video-preview:-1"},"canonical":"https:\/\/bellfire.ee\/en\/living-room\/bond\/","og_locale":"en_US","og_type":"article","og_title":"Bond - Bellfire","og_description":"Decorative pillows are included in the set. A limited selection of carefully chosen fabrics is available in the online store. Come and explore the full range of fabrics at the Bellfire showroom in Tartu or Tallinn. On site, you\u2019ll find a diverse selection of fabrics in different shades and textures. If you like the product but would prefer it in a different fabric, that\u2019s possible! Request an offer at egle@bellfire.ee The actual color tone may differ from what you see on the screen. Please check the colors in our showroom.","og_url":"https:\/\/bellfire.ee\/en\/living-room\/bond\/","og_site_name":"Bellfire","og_image":[{"width":1000,"height":667,"url":"https:\/\/bellfire.ee\/wp-content\/uploads\/2025\/08\/bond-ikoon.jpg","type":"image\/jpeg"}],"twitter_card":"summary_large_image","schema":{"@context":"https:\/\/schema.org","@graph":[{"@type":"WebPage","@id":"https:\/\/bellfire.ee\/en\/living-room\/bond\/","url":"https:\/\/bellfire.ee\/en\/living-room\/bond\/","name":"Bond - Bellfire","isPartOf":{"@id":"https:\/\/bellfire.ee\/en\/#website"},"primaryImageOfPage":{"@id":"https:\/\/bellfire.ee\/en\/living-room\/bond\/#primaryimage"},"image":{"@id":"https:\/\/bellfire.ee\/en\/living-room\/bond\/#primaryimage"},"thumbnailUrl":"https:\/\/bellfire.ee\/wp-content\/uploads\/2025\/08\/bond-ikoon.jpg","datePublished":"2025-08-21T09:43:28+00:00","breadcrumb":{"@id":"https:\/\/bellfire.ee\/en\/living-room\/bond\/#breadcrumb"},"inLanguage":"en-US","potentialAction":[{"@type":"ReadAction","target":["https:\/\/bellfire.ee\/en\/living-room\/bond\/"]}]},{"@type":"ImageObject","inLanguage":"en-US","@id":"https:\/\/bellfire.ee\/en\/living-room\/bond\/#primaryimage","url":"https:\/\/bellfire.ee\/wp-content\/uploads\/2025\/08\/bond-ikoon.jpg","contentUrl":"https:\/\/bellfire.ee\/wp-content\/uploads\/2025\/08\/bond-ikoon.jpg","width":1000,"height":667},{"@type":"BreadcrumbList","@id":"https:\/\/bellfire.ee\/en\/living-room\/bond\/#breadcrumb","itemListElement":[{"@type":"ListItem","position":1,"name":"Avaleht","item":"https:\/\/bellfire.ee\/en\/"},{"@type":"ListItem","position":2,"name":"Furniture","item":"https:\/\/bellfire.ee\/en\/furniture\/"},{"@type":"ListItem","position":3,"name":"Bond"}]},{"@type":"WebSite","@id":"https:\/\/bellfire.ee\/en\/#website","url":"https:\/\/bellfire.ee\/en\/","name":"Bellfire","description":"Disainm\u00f6\u00f6bel Sinu koju Eesti pehme m\u00f6\u00f6bli tootjal","publisher":{"@id":"https:\/\/bellfire.ee\/en\/#organization"},"potentialAction":[{"@type":"SearchAction","target":{"@type":"EntryPoint","urlTemplate":"https:\/\/bellfire.ee\/en\/?s={search_term_string}"},"query-input":{"@type":"PropertyValueSpecification","valueRequired":true,"valueName":"search_term_string"}}],"inLanguage":"en-US"},{"@type":"Organization","@id":"https:\/\/bellfire.ee\/en\/#organization","name":"Bellfire","url":"https:\/\/bellfire.ee\/en\/","logo":{"@type":"ImageObject","inLanguage":"en-US","@id":"https:\/\/bellfire.ee\/en\/#\/schema\/logo\/image\/","url":"https:\/\/bellfire.ee\/wp-content\/uploads\/2024\/10\/Site-logo.svg","contentUrl":"https:\/\/bellfire.ee\/wp-content\/uploads\/2024\/10\/Site-logo.svg","width":55,"height":64,"caption":"Bellfire"},"image":{"@id":"https:\/\/bellfire.ee\/en\/#\/schema\/logo\/image\/"}}]}},"_links":{"self":[{"href":"https:\/\/bellfire.ee\/en\/wp-json\/wp\/v2\/product\/68777","targetHints":{"allow":["GET"]}}],"collection":[{"href":"https:\/\/bellfire.ee\/en\/wp-json\/wp\/v2\/product"}],"about":[{"href":"https:\/\/bellfire.ee\/en\/wp-json\/wp\/v2\/types\/product"}],"wp:featuredmedia":[{"embeddable":true,"href":"https:\/\/bellfire.ee\/en\/wp-json\/wp\/v2\/media\/69577"}],"wp:attachment":[{"href":"https:\/\/bellfire.ee\/en\/wp-json\/wp\/v2\/media?parent=68777"}],"wp:term":[{"taxonomy":"wpc-attribute-group","embeddable":true,"href":"https:\/\/bellfire.ee\/en\/wp-json\/wp\/v2\/wpc-attribute-group?post=68777"},{"taxonomy":"product_brand","embeddable":true,"href":"https:\/\/bellfire.ee\/en\/wp-json\/wp\/v2\/product_brand?post=68777"},{"taxonomy":"product_cat","embeddable":true,"href":"https:\/\/bellfire.ee\/en\/wp-json\/wp\/v2\/product_cat?post=68777"},{"taxonomy":"product_tag","embeddable":true,"href":"https:\/\/bellfire.ee\/en\/wp-json\/wp\/v2\/product_tag?post=68777"}],"curies":[{"name":"wp","href":"https:\/\/api.w.org\/{rel}","templated":true}]}}