{"id":59994,"date":"2025-03-05T13:24:01","date_gmt":"2025-03-05T11:24:01","guid":{"rendered":"https:\/\/bellfire.ee\/?post_type=product&#038;p=59994"},"modified":"2025-08-05T07:43:10","modified_gmt":"2025-08-05T07:43:10","slug":"plaza-02","status":"publish","type":"product","link":"https:\/\/bellfire.ee\/en\/living-room\/sofas\/plaza-02\/","title":{"rendered":"Plaza 2"},"content":{"rendered":"<div class=\"flex-shrink-0 flex flex-col relative items-end\">\n<div>\n<div class=\"pt-0\">\n<div class=\"gizmo-bot-avatar flex h-8 w-8 items-center justify-center overflow-hidden rounded-full\">\n<div class=\"relative p-1 rounded-sm flex items-center justify-center bg-token-main-surface-primary text-token-text-primary h-8 w-8\">The <strong>Plaza<\/strong> sofa combines all the best features of a sofa. Its beautiful design, feather-soft cushions, modern armrests, and enchanting legs capture attention with their original look and invite you to sit down. The <strong>Plaza<\/strong> is incredibly soft and airy. The cushions, filled with duck feathers and foam, gently embrace the sitter, creating a strong desire to stay.<\/div>\n<\/div>\n<\/div>\n<\/div>\n<\/div>\n<div class=\"group\/conversation-turn relative flex w-full min-w-0 flex-col agent-turn\">\n<div class=\"flex-col gap-1 md:gap-3\">\n<div class=\"flex max-w-full flex-col flex-grow\">\n<div class=\"min-h-8 text-message flex w-full flex-col items-end gap-2 whitespace-normal break-words [.text-message+&amp;]:mt-5\" dir=\"auto\" data-message-author-role=\"assistant\" data-message-id=\"aa2f4ee4-610b-4675-b658-04292f8dfa19\" data-message-model-slug=\"gpt-4o-mini\">\n<div class=\"flex w-full flex-col gap-1 empty:hidden first:pt-[3px]\">\n<div class=\"markdown prose w-full break-words dark:prose-invert dark\">\n<p>A selection of high-quality upholstery fabrics is available. The armrests are 23 cm wide, and the broad, square armrests are practical, perfect for placing a book or coffee cup. For added comfort, you can also order matching headrests and an electric footrest with the sofa.<\/p>\n<p class=\"p1\">You can explore the full fabric selection at our showroom at <a href=\"https:\/\/maps.app.goo.gl\/PgyjmcJaAairgt4G7\"><span class=\"s1\">Riia 142, Tartu<\/span><\/a>.<\/p>\n<p class=\"p1\"><b>Please note that the actual color may vary from what appears on the screen. We recommend checking the colors in our showroom.<\/b><\/p>\n<\/div>\n<\/div>\n<\/div>\n<\/div>\n<\/div>\n<\/div>\n","protected":false},"excerpt":{"rendered":"<p><img decoding=\"async\" class=\"alignnone wp-image-60196\" src=\"https:\/\/bellfire.ee\/wp-content\/uploads\/2025\/03\/Screenshot-2025-03-06-at-13.03.17.png\" alt=\"\" width=\"221\" height=\"103\" \/><\/p>\n<article class=\"text-token-text-primary w-full focus:outline-none scroll-mt-[calc(var(--header-height)+min(200px,max(70px,20svh)))]\" dir=\"auto\" tabindex=\"-1\" data-testid=\"conversation-turn-2\" data-scroll-anchor=\"true\" data-turn=\"assistant\">\n<div class=\"text-base my-auto mx-auto pb-10 [--thread-content-margin:--spacing(4)] @[37rem]:[--thread-content-margin:--spacing(6)] @[72rem]:[--thread-content-margin:--spacing(16)] px-(--thread-content-margin)\">\n<div class=\"[--thread-content-max-width:32rem] @[34rem]:[--thread-content-max-width:40rem] @[64rem]:[--thread-content-max-width:48rem] mx-auto max-w-(--thread-content-max-width) flex-1 group\/turn-messages focus-visible:outline-hidden relative flex w-full min-w-0 flex-col agent-turn\" tabindex=\"-1\">\n<div class=\"flex max-w-full flex-col grow\">\n<div class=\"min-h-8 text-message relative flex w-full flex-col items-end gap-2 text-start break-words whitespace-normal [.text-message+&amp;]:mt-5\" dir=\"auto\" data-message-author-role=\"assistant\" data-message-id=\"a76ef347-d15c-409b-94e6-7c2a0087c448\" data-message-model-slug=\"gpt-4o\">\n<div class=\"flex w-full flex-col gap-1 empty:hidden first:pt-[3px]\">\n<div class=\"markdown prose dark:prose-invert w-full break-words dark markdown-new-styling\">\n<p data-start=\"52\" data-end=\"423\">Plaza\u2019s beautiful form, feather-soft cushions, modern armrests, and fairytale-like legs draw attention with their original design and practically invite you to sit down. Plaza is extremely soft and airy. Cushions filled with duck feathers and foam embrace the sitter and make them want to stay there forever.<\/p>\n<p data-start=\"425\" data-end=\"698\">A selection of high-quality upholstery fabrics is available. The armrests of the Plaza are 23 cm wide. The wide, square armrests are practical\u2014perfect for resting a book or a coffee cup. Matching headrests and an electric footrest can also be ordered separately if desired.<\/p>\n<p data-start=\"700\" data-end=\"936\"><strong>A limited selection of carefully chosen fabrics is available in the online store. Visit the full fabric collection at the Bellfire showroom at Riia 142, Tartu.<\/strong> On-site, you\u2019ll find a wide range of fabrics in various shades and textures.<\/p>\n<p data-start=\"938\" data-end=\"1062\">If you like the product but would prefer it in a different fabric, that\u2019s possible! <strong data-start=\"1022\" data-end=\"1045\">Request an offer at<\/strong> <a class=\"cursor-pointer\" rel=\"noopener\" data-start=\"1046\" data-end=\"1062\">egle@bellfire.ee<\/a><\/p>\n<p data-start=\"1064\" data-end=\"1183\" data-is-last-node=\"\" data-is-only-node=\"\"><strong>Please note:<\/strong> the actual color may differ from what you see on screen. We recommend checking the colors in our showroom.<\/p>\n<\/div>\n<\/div>\n<\/div>\n<\/div>\n<\/div>\n<\/div>\n<\/article>\n","protected":false},"featured_media":69489,"template":"","meta":{"_acf_changed":false},"wpc-attribute-group":[],"product_brand":[],"product_cat":[983,984],"product_tag":[],"class_list":{"0":"post-59994","1":"product","2":"type-product","3":"status-publish","4":"has-post-thumbnail","6":"product_cat-living-room","7":"product_cat-sofas","8":"pa_e-poe-kangavalik-casual-river-en","9":"pa_e-poe-kangavalik-casual-spring-en","10":"pa_e-poe-kangavalik-casual-desert-en","11":"pa_e-poe-kangavalik-casual-gold-en","12":"pa_e-poe-kangavalik-casual-griffin-en","13":"pa_e-poe-kangavalik-casual-ivory-en","14":"pa_e-poe-kangavalik-casual-misty-en","15":"pa_e-poe-kangavalik-casual-truffle-en","17":"first","18":"instock","19":"taxable","20":"shipping-taxable","21":"purchasable","22":"product-type-variable","23":"add-to-wishlist-after_add_to_cart"},"acf":[],"yoast_head":"<!-- This site is optimized with the Yoast SEO plugin v26.1 - https:\/\/yoast.com\/wordpress\/plugins\/seo\/ -->\n<title>Plaza 2 - Bellfire<\/title>\n<meta name=\"robots\" content=\"index, follow, max-snippet:-1, max-image-preview:large, max-video-preview:-1\" \/>\n<link rel=\"canonical\" href=\"https:\/\/bellfire.ee\/en\/living-room\/sofas\/plaza-02\/\" \/>\n<meta property=\"og:locale\" content=\"en_US\" \/>\n<meta property=\"og:type\" content=\"article\" \/>\n<meta property=\"og:title\" content=\"Plaza 2 - Bellfire\" \/>\n<meta property=\"og:description\" content=\"Plaza\u2019s beautiful form, feather-soft cushions, modern armrests, and fairytale-like legs draw attention with their original design and practically invite you to sit down. Plaza is extremely soft and airy. Cushions filled with duck feathers and foam embrace the sitter and make them want to stay there forever. A selection of high-quality upholstery fabrics is available. The armrests of the Plaza are 23 cm wide. The wide, square armrests are practical\u2014perfect for resting a book or a coffee cup. Matching headrests and an electric footrest can also be ordered separately if desired. A limited selection of carefully chosen fabrics is available in the online store. Visit the full fabric collection at the Bellfire showroom at Riia 142, Tartu. On-site, you\u2019ll find a wide range of fabrics in various shades and textures. If you like the product but would prefer it in a different fabric, that\u2019s possible! Request an offer at egle@bellfire.ee Please note: the actual color may differ from what you see on screen. We recommend checking the colors in our showroom.\" \/>\n<meta property=\"og:url\" content=\"https:\/\/bellfire.ee\/en\/living-room\/sofas\/plaza-02\/\" \/>\n<meta property=\"og:site_name\" content=\"Bellfire\" \/>\n<meta property=\"article:modified_time\" content=\"2025-08-05T07:43:10+00:00\" \/>\n<meta property=\"og:image\" content=\"https:\/\/bellfire.ee\/wp-content\/uploads\/2024\/10\/Plaza_2_Casual_River.jpg\" \/>\n\t<meta property=\"og:image:width\" content=\"1920\" \/>\n\t<meta property=\"og:image:height\" content=\"1080\" \/>\n\t<meta property=\"og:image:type\" content=\"image\/jpeg\" \/>\n<meta name=\"twitter:card\" content=\"summary_large_image\" \/>\n<meta name=\"twitter:label1\" content=\"Est. reading time\" \/>\n\t<meta name=\"twitter:data1\" content=\"1 minute\" \/>\n<script type=\"application\/ld+json\" class=\"yoast-schema-graph\">{\"@context\":\"https:\/\/schema.org\",\"@graph\":[{\"@type\":\"WebPage\",\"@id\":\"https:\/\/bellfire.ee\/en\/living-room\/sofas\/plaza-02\/\",\"url\":\"https:\/\/bellfire.ee\/en\/living-room\/sofas\/plaza-02\/\",\"name\":\"Plaza 2 - Bellfire\",\"isPartOf\":{\"@id\":\"https:\/\/bellfire.ee\/en\/#website\"},\"primaryImageOfPage\":{\"@id\":\"https:\/\/bellfire.ee\/en\/living-room\/sofas\/plaza-02\/#primaryimage\"},\"image\":{\"@id\":\"https:\/\/bellfire.ee\/en\/living-room\/sofas\/plaza-02\/#primaryimage\"},\"thumbnailUrl\":\"https:\/\/bellfire.ee\/wp-content\/uploads\/2025\/03\/Plaza_2_Casual_Spring_L78.jpg\",\"datePublished\":\"2025-03-05T11:24:01+00:00\",\"dateModified\":\"2025-08-05T07:43:10+00:00\",\"breadcrumb\":{\"@id\":\"https:\/\/bellfire.ee\/en\/living-room\/sofas\/plaza-02\/#breadcrumb\"},\"inLanguage\":\"en-US\",\"potentialAction\":[{\"@type\":\"ReadAction\",\"target\":[\"https:\/\/bellfire.ee\/en\/living-room\/sofas\/plaza-02\/\"]}]},{\"@type\":\"ImageObject\",\"inLanguage\":\"en-US\",\"@id\":\"https:\/\/bellfire.ee\/en\/living-room\/sofas\/plaza-02\/#primaryimage\",\"url\":\"https:\/\/bellfire.ee\/wp-content\/uploads\/2025\/03\/Plaza_2_Casual_Spring_L78.jpg\",\"contentUrl\":\"https:\/\/bellfire.ee\/wp-content\/uploads\/2025\/03\/Plaza_2_Casual_Spring_L78.jpg\",\"width\":1500,\"height\":1500,\"caption\":\"Kahekohaline diivan Plaza CASUAL kangas\"},{\"@type\":\"BreadcrumbList\",\"@id\":\"https:\/\/bellfire.ee\/en\/living-room\/sofas\/plaza-02\/#breadcrumb\",\"itemListElement\":[{\"@type\":\"ListItem\",\"position\":1,\"name\":\"Avaleht\",\"item\":\"https:\/\/bellfire.ee\/en\/\"},{\"@type\":\"ListItem\",\"position\":2,\"name\":\"Furniture\",\"item\":\"https:\/\/bellfire.ee\/en\/furniture\/\"},{\"@type\":\"ListItem\",\"position\":3,\"name\":\"Plaza 2\"}]},{\"@type\":\"WebSite\",\"@id\":\"https:\/\/bellfire.ee\/en\/#website\",\"url\":\"https:\/\/bellfire.ee\/en\/\",\"name\":\"Bellfire\",\"description\":\"Disainm\u00f6\u00f6bel Sinu koju Eesti pehme m\u00f6\u00f6bli tootjal\",\"publisher\":{\"@id\":\"https:\/\/bellfire.ee\/en\/#organization\"},\"potentialAction\":[{\"@type\":\"SearchAction\",\"target\":{\"@type\":\"EntryPoint\",\"urlTemplate\":\"https:\/\/bellfire.ee\/en\/?s={search_term_string}\"},\"query-input\":{\"@type\":\"PropertyValueSpecification\",\"valueRequired\":true,\"valueName\":\"search_term_string\"}}],\"inLanguage\":\"en-US\"},{\"@type\":\"Organization\",\"@id\":\"https:\/\/bellfire.ee\/en\/#organization\",\"name\":\"Bellfire\",\"url\":\"https:\/\/bellfire.ee\/en\/\",\"logo\":{\"@type\":\"ImageObject\",\"inLanguage\":\"en-US\",\"@id\":\"https:\/\/bellfire.ee\/en\/#\/schema\/logo\/image\/\",\"url\":\"https:\/\/bellfire.ee\/wp-content\/uploads\/2024\/10\/Site-logo.svg\",\"contentUrl\":\"https:\/\/bellfire.ee\/wp-content\/uploads\/2024\/10\/Site-logo.svg\",\"width\":55,\"height\":64,\"caption\":\"Bellfire\"},\"image\":{\"@id\":\"https:\/\/bellfire.ee\/en\/#\/schema\/logo\/image\/\"}}]}<\/script>\n<!-- \/ Yoast SEO plugin. -->","yoast_head_json":{"title":"Plaza 2 - Bellfire","robots":{"index":"index","follow":"follow","max-snippet":"max-snippet:-1","max-image-preview":"max-image-preview:large","max-video-preview":"max-video-preview:-1"},"canonical":"https:\/\/bellfire.ee\/en\/living-room\/sofas\/plaza-02\/","og_locale":"en_US","og_type":"article","og_title":"Plaza 2 - Bellfire","og_description":"Plaza\u2019s beautiful form, feather-soft cushions, modern armrests, and fairytale-like legs draw attention with their original design and practically invite you to sit down. Plaza is extremely soft and airy. Cushions filled with duck feathers and foam embrace the sitter and make them want to stay there forever. A selection of high-quality upholstery fabrics is available. The armrests of the Plaza are 23 cm wide. The wide, square armrests are practical\u2014perfect for resting a book or a coffee cup. Matching headrests and an electric footrest can also be ordered separately if desired. A limited selection of carefully chosen fabrics is available in the online store. Visit the full fabric collection at the Bellfire showroom at Riia 142, Tartu. On-site, you\u2019ll find a wide range of fabrics in various shades and textures. If you like the product but would prefer it in a different fabric, that\u2019s possible! Request an offer at egle@bellfire.ee Please note: the actual color may differ from what you see on screen. We recommend checking the colors in our showroom.","og_url":"https:\/\/bellfire.ee\/en\/living-room\/sofas\/plaza-02\/","og_site_name":"Bellfire","article_modified_time":"2025-08-05T07:43:10+00:00","og_image":[{"width":1920,"height":1080,"url":"https:\/\/bellfire.ee\/wp-content\/uploads\/2024\/10\/Plaza_2_Casual_River.jpg","type":"image\/jpeg"}],"twitter_card":"summary_large_image","twitter_misc":{"Est. reading time":"1 minute"},"schema":{"@context":"https:\/\/schema.org","@graph":[{"@type":"WebPage","@id":"https:\/\/bellfire.ee\/en\/living-room\/sofas\/plaza-02\/","url":"https:\/\/bellfire.ee\/en\/living-room\/sofas\/plaza-02\/","name":"Plaza 2 - Bellfire","isPartOf":{"@id":"https:\/\/bellfire.ee\/en\/#website"},"primaryImageOfPage":{"@id":"https:\/\/bellfire.ee\/en\/living-room\/sofas\/plaza-02\/#primaryimage"},"image":{"@id":"https:\/\/bellfire.ee\/en\/living-room\/sofas\/plaza-02\/#primaryimage"},"thumbnailUrl":"https:\/\/bellfire.ee\/wp-content\/uploads\/2025\/03\/Plaza_2_Casual_Spring_L78.jpg","datePublished":"2025-03-05T11:24:01+00:00","dateModified":"2025-08-05T07:43:10+00:00","breadcrumb":{"@id":"https:\/\/bellfire.ee\/en\/living-room\/sofas\/plaza-02\/#breadcrumb"},"inLanguage":"en-US","potentialAction":[{"@type":"ReadAction","target":["https:\/\/bellfire.ee\/en\/living-room\/sofas\/plaza-02\/"]}]},{"@type":"ImageObject","inLanguage":"en-US","@id":"https:\/\/bellfire.ee\/en\/living-room\/sofas\/plaza-02\/#primaryimage","url":"https:\/\/bellfire.ee\/wp-content\/uploads\/2025\/03\/Plaza_2_Casual_Spring_L78.jpg","contentUrl":"https:\/\/bellfire.ee\/wp-content\/uploads\/2025\/03\/Plaza_2_Casual_Spring_L78.jpg","width":1500,"height":1500,"caption":"Kahekohaline diivan Plaza CASUAL kangas"},{"@type":"BreadcrumbList","@id":"https:\/\/bellfire.ee\/en\/living-room\/sofas\/plaza-02\/#breadcrumb","itemListElement":[{"@type":"ListItem","position":1,"name":"Avaleht","item":"https:\/\/bellfire.ee\/en\/"},{"@type":"ListItem","position":2,"name":"Furniture","item":"https:\/\/bellfire.ee\/en\/furniture\/"},{"@type":"ListItem","position":3,"name":"Plaza 2"}]},{"@type":"WebSite","@id":"https:\/\/bellfire.ee\/en\/#website","url":"https:\/\/bellfire.ee\/en\/","name":"Bellfire","description":"Disainm\u00f6\u00f6bel Sinu koju Eesti pehme m\u00f6\u00f6bli tootjal","publisher":{"@id":"https:\/\/bellfire.ee\/en\/#organization"},"potentialAction":[{"@type":"SearchAction","target":{"@type":"EntryPoint","urlTemplate":"https:\/\/bellfire.ee\/en\/?s={search_term_string}"},"query-input":{"@type":"PropertyValueSpecification","valueRequired":true,"valueName":"search_term_string"}}],"inLanguage":"en-US"},{"@type":"Organization","@id":"https:\/\/bellfire.ee\/en\/#organization","name":"Bellfire","url":"https:\/\/bellfire.ee\/en\/","logo":{"@type":"ImageObject","inLanguage":"en-US","@id":"https:\/\/bellfire.ee\/en\/#\/schema\/logo\/image\/","url":"https:\/\/bellfire.ee\/wp-content\/uploads\/2024\/10\/Site-logo.svg","contentUrl":"https:\/\/bellfire.ee\/wp-content\/uploads\/2024\/10\/Site-logo.svg","width":55,"height":64,"caption":"Bellfire"},"image":{"@id":"https:\/\/bellfire.ee\/en\/#\/schema\/logo\/image\/"}}]}},"_links":{"self":[{"href":"https:\/\/bellfire.ee\/en\/wp-json\/wp\/v2\/product\/59994","targetHints":{"allow":["GET"]}}],"collection":[{"href":"https:\/\/bellfire.ee\/en\/wp-json\/wp\/v2\/product"}],"about":[{"href":"https:\/\/bellfire.ee\/en\/wp-json\/wp\/v2\/types\/product"}],"wp:featuredmedia":[{"embeddable":true,"href":"https:\/\/bellfire.ee\/en\/wp-json\/wp\/v2\/media\/69489"}],"wp:attachment":[{"href":"https:\/\/bellfire.ee\/en\/wp-json\/wp\/v2\/media?parent=59994"}],"wp:term":[{"taxonomy":"wpc-attribute-group","embeddable":true,"href":"https:\/\/bellfire.ee\/en\/wp-json\/wp\/v2\/wpc-attribute-group?post=59994"},{"taxonomy":"product_brand","embeddable":true,"href":"https:\/\/bellfire.ee\/en\/wp-json\/wp\/v2\/product_brand?post=59994"},{"taxonomy":"product_cat","embeddable":true,"href":"https:\/\/bellfire.ee\/en\/wp-json\/wp\/v2\/product_cat?post=59994"},{"taxonomy":"product_tag","embeddable":true,"href":"https:\/\/bellfire.ee\/en\/wp-json\/wp\/v2\/product_tag?post=59994"}],"curies":[{"name":"wp","href":"https:\/\/api.w.org\/{rel}","templated":true}]}}