{"id":58055,"date":"2025-02-27T11:42:59","date_gmt":"2025-02-27T11:42:59","guid":{"rendered":"https:\/\/bellfire.ee\/?post_type=product&#038;p=58055"},"modified":"2025-03-17T08:46:53","modified_gmt":"2025-03-17T08:46:53","slug":"mocca-2","status":"publish","type":"product","link":"https:\/\/bellfire.ee\/en\/living-room\/sofas\/mocca-2\/","title":{"rendered":"Mocca"},"content":{"rendered":"<p>Designed in Estonia, the <strong>Mocca<\/strong> sofa is modular, offering plenty of customization options.<\/p>\n<p>The <strong>Mocca<\/strong> modular sofa is available in a wide range of configurations and sizes, from single to five-seater, both in standard and corner designs, with widths ranging from 95 to 328 cm. You can choose your favorite armrest design from three different styles. The leg options include both metal and wooden legs in various tones.<\/p>\n<p>The cushions can be filled with your choice of feathers or memory foam, combined with durable HR polyurethane foam. The frame is crafted from high-quality birch plywood and pine wood. The <strong>Mocca<\/strong> sofa impresses with its comfort and soft shapes, offering the true freedom to create a sofa solution tailored to your needs and preferences.<\/p>\n<p class=\"p1\">You can explore the full fabric selection at our showroom at <a href=\"https:\/\/maps.app.goo.gl\/PgyjmcJaAairgt4G7\"><span class=\"s1\">Riia 142, Tartu<\/span><\/a>.<\/p>\n<p class=\"p1\"><b>Please note that the actual color may vary from what appears on the screen. We recommend checking the colors in our showroom.<\/b><\/p>\n","protected":false},"excerpt":{"rendered":"<p>Designed in Estonia, the <strong>Mocca<\/strong> sofa is modular, offering plenty of customization options.<\/p>\n<p>The <strong>Mocca<\/strong> modular sofa is available in a wide range of configurations and sizes, from single to five-seater, both in standard and corner designs, with widths ranging from 95 to 328 cm. You can choose your favorite armrest design from three different styles. The leg options include both metal and wooden legs in various tones.<\/p>\n<p>The cushions can be filled with your choice of feathers or memory foam, combined with durable HR polyurethane foam. The frame is crafted from high-quality birch plywood and pine wood. The <strong>Mocca<\/strong> sofa impresses with its comfort and soft shapes, offering the true freedom to create a sofa solution tailored to your needs and preferences.<\/p>\n<p><strong>Dekoratiivityynyt eiv\u00e4t sis\u00e4lly sarjaan.<\/strong><\/p>\n<p class=\"p1\">You can explore the full fabric selection at our showroom at <a href=\"https:\/\/maps.app.goo.gl\/PgyjmcJaAairgt4G7\"><span class=\"s1\">Riia 142, Tartu<\/span><\/a>.<\/p>\n<p class=\"p1\"><b>Please note that the actual color may vary from what appears on the screen. We recommend checking the colors in our showroom.<\/b><\/p>\n","protected":false},"featured_media":59237,"template":"","meta":{"_acf_changed":false},"wpc-attribute-group":[],"product_brand":[],"product_cat":[983,984],"product_tag":[],"class_list":{"0":"post-58055","1":"product","2":"type-product","3":"status-publish","4":"has-post-thumbnail","6":"product_cat-living-room","7":"product_cat-sofas","8":"pa_e-poe-kangavalik-devon-onyx-en","9":"pa_e-poe-kangavalik-devon-linden-en","10":"pa_e-poe-kangavalik-devon-marine-en","11":"pa_e-poe-kangavalik-devon-sesame-en","12":"pa_e-poe-kangavalik-devon-shark-en","13":"pa_e-poe-kangavalik-devon-snow-en","15":"first","16":"instock","17":"taxable","18":"shipping-taxable","19":"purchasable","20":"product-type-variable","21":"add-to-wishlist-after_add_to_cart"},"acf":[],"yoast_head":"<!-- This site is optimized with the Yoast SEO plugin v26.1 - https:\/\/yoast.com\/wordpress\/plugins\/seo\/ -->\n<title>Mocca - Bellfire<\/title>\n<meta name=\"robots\" content=\"index, follow, max-snippet:-1, max-image-preview:large, max-video-preview:-1\" \/>\n<link rel=\"canonical\" href=\"https:\/\/bellfire.ee\/en\/living-room\/sofas\/mocca-2\/\" \/>\n<meta property=\"og:locale\" content=\"en_US\" \/>\n<meta property=\"og:type\" content=\"article\" \/>\n<meta property=\"og:title\" content=\"Mocca - Bellfire\" \/>\n<meta property=\"og:description\" content=\"Designed in Estonia, the Mocca sofa is modular, offering plenty of customization options.  The Mocca modular sofa is available in a wide range of configurations and sizes, from single to five-seater, both in standard and corner designs, with widths ranging from 95 to 328 cm. You can choose your favorite armrest design from three different styles. The leg options include both metal and wooden legs in various tones.  The cushions can be filled with your choice of feathers or memory foam, combined with durable HR polyurethane foam. The frame is crafted from high-quality birch plywood and pine wood. The Mocca sofa impresses with its comfort and soft shapes, offering the true freedom to create a sofa solution tailored to your needs and preferences.  Dekoratiivityynyt eiv\u00e4t sis\u00e4lly sarjaan. You can explore the full fabric selection at our showroom at Riia 142, Tartu. Please note that the actual color may vary from what appears on the screen. We recommend checking the colors in our showroom.\" \/>\n<meta property=\"og:url\" content=\"https:\/\/bellfire.ee\/en\/living-room\/sofas\/mocca-2\/\" \/>\n<meta property=\"og:site_name\" content=\"Bellfire\" \/>\n<meta property=\"article:modified_time\" content=\"2025-03-17T08:46:53+00:00\" \/>\n<meta property=\"og:image\" content=\"https:\/\/bellfire.ee\/wp-content\/uploads\/2025\/02\/Mocca-2-Devon-34-linden-black-1.jpg\" \/>\n\t<meta property=\"og:image:width\" content=\"1000\" \/>\n\t<meta property=\"og:image:height\" content=\"664\" \/>\n\t<meta property=\"og:image:type\" content=\"image\/jpeg\" \/>\n<meta name=\"twitter:card\" content=\"summary_large_image\" \/>\n<meta name=\"twitter:label1\" content=\"Est. reading time\" \/>\n\t<meta name=\"twitter:data1\" content=\"2 minutes\" \/>\n<script type=\"application\/ld+json\" class=\"yoast-schema-graph\">{\"@context\":\"https:\/\/schema.org\",\"@graph\":[{\"@type\":\"WebPage\",\"@id\":\"https:\/\/bellfire.ee\/en\/living-room\/sofas\/mocca-2\/\",\"url\":\"https:\/\/bellfire.ee\/en\/living-room\/sofas\/mocca-2\/\",\"name\":\"Mocca - Bellfire\",\"isPartOf\":{\"@id\":\"https:\/\/bellfire.ee\/en\/#website\"},\"primaryImageOfPage\":{\"@id\":\"https:\/\/bellfire.ee\/en\/living-room\/sofas\/mocca-2\/#primaryimage\"},\"image\":{\"@id\":\"https:\/\/bellfire.ee\/en\/living-room\/sofas\/mocca-2\/#primaryimage\"},\"thumbnailUrl\":\"https:\/\/bellfire.ee\/wp-content\/uploads\/2025\/02\/Mocca-2-Devon-34-linden-black-1.jpg\",\"datePublished\":\"2025-02-27T11:42:59+00:00\",\"dateModified\":\"2025-03-17T08:46:53+00:00\",\"breadcrumb\":{\"@id\":\"https:\/\/bellfire.ee\/en\/living-room\/sofas\/mocca-2\/#breadcrumb\"},\"inLanguage\":\"en-US\",\"potentialAction\":[{\"@type\":\"ReadAction\",\"target\":[\"https:\/\/bellfire.ee\/en\/living-room\/sofas\/mocca-2\/\"]}]},{\"@type\":\"ImageObject\",\"inLanguage\":\"en-US\",\"@id\":\"https:\/\/bellfire.ee\/en\/living-room\/sofas\/mocca-2\/#primaryimage\",\"url\":\"https:\/\/bellfire.ee\/wp-content\/uploads\/2025\/02\/Mocca-2-Devon-34-linden-black-1.jpg\",\"contentUrl\":\"https:\/\/bellfire.ee\/wp-content\/uploads\/2025\/02\/Mocca-2-Devon-34-linden-black-1.jpg\",\"width\":1000,\"height\":664},{\"@type\":\"BreadcrumbList\",\"@id\":\"https:\/\/bellfire.ee\/en\/living-room\/sofas\/mocca-2\/#breadcrumb\",\"itemListElement\":[{\"@type\":\"ListItem\",\"position\":1,\"name\":\"Avaleht\",\"item\":\"https:\/\/bellfire.ee\/en\/\"},{\"@type\":\"ListItem\",\"position\":2,\"name\":\"Furniture\",\"item\":\"https:\/\/bellfire.ee\/en\/furniture\/\"},{\"@type\":\"ListItem\",\"position\":3,\"name\":\"Mocca\"}]},{\"@type\":\"WebSite\",\"@id\":\"https:\/\/bellfire.ee\/en\/#website\",\"url\":\"https:\/\/bellfire.ee\/en\/\",\"name\":\"Bellfire\",\"description\":\"Disainm\u00f6\u00f6bel Sinu koju Eesti pehme m\u00f6\u00f6bli tootjal\",\"publisher\":{\"@id\":\"https:\/\/bellfire.ee\/en\/#organization\"},\"potentialAction\":[{\"@type\":\"SearchAction\",\"target\":{\"@type\":\"EntryPoint\",\"urlTemplate\":\"https:\/\/bellfire.ee\/en\/?s={search_term_string}\"},\"query-input\":{\"@type\":\"PropertyValueSpecification\",\"valueRequired\":true,\"valueName\":\"search_term_string\"}}],\"inLanguage\":\"en-US\"},{\"@type\":\"Organization\",\"@id\":\"https:\/\/bellfire.ee\/en\/#organization\",\"name\":\"Bellfire\",\"url\":\"https:\/\/bellfire.ee\/en\/\",\"logo\":{\"@type\":\"ImageObject\",\"inLanguage\":\"en-US\",\"@id\":\"https:\/\/bellfire.ee\/en\/#\/schema\/logo\/image\/\",\"url\":\"https:\/\/bellfire.ee\/wp-content\/uploads\/2024\/10\/Site-logo.svg\",\"contentUrl\":\"https:\/\/bellfire.ee\/wp-content\/uploads\/2024\/10\/Site-logo.svg\",\"width\":55,\"height\":64,\"caption\":\"Bellfire\"},\"image\":{\"@id\":\"https:\/\/bellfire.ee\/en\/#\/schema\/logo\/image\/\"}}]}<\/script>\n<!-- \/ Yoast SEO plugin. -->","yoast_head_json":{"title":"Mocca - Bellfire","robots":{"index":"index","follow":"follow","max-snippet":"max-snippet:-1","max-image-preview":"max-image-preview:large","max-video-preview":"max-video-preview:-1"},"canonical":"https:\/\/bellfire.ee\/en\/living-room\/sofas\/mocca-2\/","og_locale":"en_US","og_type":"article","og_title":"Mocca - Bellfire","og_description":"Designed in Estonia, the Mocca sofa is modular, offering plenty of customization options.  The Mocca modular sofa is available in a wide range of configurations and sizes, from single to five-seater, both in standard and corner designs, with widths ranging from 95 to 328 cm. You can choose your favorite armrest design from three different styles. The leg options include both metal and wooden legs in various tones.  The cushions can be filled with your choice of feathers or memory foam, combined with durable HR polyurethane foam. The frame is crafted from high-quality birch plywood and pine wood. The Mocca sofa impresses with its comfort and soft shapes, offering the true freedom to create a sofa solution tailored to your needs and preferences.  Dekoratiivityynyt eiv\u00e4t sis\u00e4lly sarjaan. You can explore the full fabric selection at our showroom at Riia 142, Tartu. Please note that the actual color may vary from what appears on the screen. We recommend checking the colors in our showroom.","og_url":"https:\/\/bellfire.ee\/en\/living-room\/sofas\/mocca-2\/","og_site_name":"Bellfire","article_modified_time":"2025-03-17T08:46:53+00:00","og_image":[{"width":1000,"height":664,"url":"https:\/\/bellfire.ee\/wp-content\/uploads\/2025\/02\/Mocca-2-Devon-34-linden-black-1.jpg","type":"image\/jpeg"}],"twitter_card":"summary_large_image","twitter_misc":{"Est. reading time":"2 minutes"},"schema":{"@context":"https:\/\/schema.org","@graph":[{"@type":"WebPage","@id":"https:\/\/bellfire.ee\/en\/living-room\/sofas\/mocca-2\/","url":"https:\/\/bellfire.ee\/en\/living-room\/sofas\/mocca-2\/","name":"Mocca - Bellfire","isPartOf":{"@id":"https:\/\/bellfire.ee\/en\/#website"},"primaryImageOfPage":{"@id":"https:\/\/bellfire.ee\/en\/living-room\/sofas\/mocca-2\/#primaryimage"},"image":{"@id":"https:\/\/bellfire.ee\/en\/living-room\/sofas\/mocca-2\/#primaryimage"},"thumbnailUrl":"https:\/\/bellfire.ee\/wp-content\/uploads\/2025\/02\/Mocca-2-Devon-34-linden-black-1.jpg","datePublished":"2025-02-27T11:42:59+00:00","dateModified":"2025-03-17T08:46:53+00:00","breadcrumb":{"@id":"https:\/\/bellfire.ee\/en\/living-room\/sofas\/mocca-2\/#breadcrumb"},"inLanguage":"en-US","potentialAction":[{"@type":"ReadAction","target":["https:\/\/bellfire.ee\/en\/living-room\/sofas\/mocca-2\/"]}]},{"@type":"ImageObject","inLanguage":"en-US","@id":"https:\/\/bellfire.ee\/en\/living-room\/sofas\/mocca-2\/#primaryimage","url":"https:\/\/bellfire.ee\/wp-content\/uploads\/2025\/02\/Mocca-2-Devon-34-linden-black-1.jpg","contentUrl":"https:\/\/bellfire.ee\/wp-content\/uploads\/2025\/02\/Mocca-2-Devon-34-linden-black-1.jpg","width":1000,"height":664},{"@type":"BreadcrumbList","@id":"https:\/\/bellfire.ee\/en\/living-room\/sofas\/mocca-2\/#breadcrumb","itemListElement":[{"@type":"ListItem","position":1,"name":"Avaleht","item":"https:\/\/bellfire.ee\/en\/"},{"@type":"ListItem","position":2,"name":"Furniture","item":"https:\/\/bellfire.ee\/en\/furniture\/"},{"@type":"ListItem","position":3,"name":"Mocca"}]},{"@type":"WebSite","@id":"https:\/\/bellfire.ee\/en\/#website","url":"https:\/\/bellfire.ee\/en\/","name":"Bellfire","description":"Disainm\u00f6\u00f6bel Sinu koju Eesti pehme m\u00f6\u00f6bli tootjal","publisher":{"@id":"https:\/\/bellfire.ee\/en\/#organization"},"potentialAction":[{"@type":"SearchAction","target":{"@type":"EntryPoint","urlTemplate":"https:\/\/bellfire.ee\/en\/?s={search_term_string}"},"query-input":{"@type":"PropertyValueSpecification","valueRequired":true,"valueName":"search_term_string"}}],"inLanguage":"en-US"},{"@type":"Organization","@id":"https:\/\/bellfire.ee\/en\/#organization","name":"Bellfire","url":"https:\/\/bellfire.ee\/en\/","logo":{"@type":"ImageObject","inLanguage":"en-US","@id":"https:\/\/bellfire.ee\/en\/#\/schema\/logo\/image\/","url":"https:\/\/bellfire.ee\/wp-content\/uploads\/2024\/10\/Site-logo.svg","contentUrl":"https:\/\/bellfire.ee\/wp-content\/uploads\/2024\/10\/Site-logo.svg","width":55,"height":64,"caption":"Bellfire"},"image":{"@id":"https:\/\/bellfire.ee\/en\/#\/schema\/logo\/image\/"}}]}},"_links":{"self":[{"href":"https:\/\/bellfire.ee\/en\/wp-json\/wp\/v2\/product\/58055","targetHints":{"allow":["GET"]}}],"collection":[{"href":"https:\/\/bellfire.ee\/en\/wp-json\/wp\/v2\/product"}],"about":[{"href":"https:\/\/bellfire.ee\/en\/wp-json\/wp\/v2\/types\/product"}],"wp:featuredmedia":[{"embeddable":true,"href":"https:\/\/bellfire.ee\/en\/wp-json\/wp\/v2\/media\/59237"}],"wp:attachment":[{"href":"https:\/\/bellfire.ee\/en\/wp-json\/wp\/v2\/media?parent=58055"}],"wp:term":[{"taxonomy":"wpc-attribute-group","embeddable":true,"href":"https:\/\/bellfire.ee\/en\/wp-json\/wp\/v2\/wpc-attribute-group?post=58055"},{"taxonomy":"product_brand","embeddable":true,"href":"https:\/\/bellfire.ee\/en\/wp-json\/wp\/v2\/product_brand?post=58055"},{"taxonomy":"product_cat","embeddable":true,"href":"https:\/\/bellfire.ee\/en\/wp-json\/wp\/v2\/product_cat?post=58055"},{"taxonomy":"product_tag","embeddable":true,"href":"https:\/\/bellfire.ee\/en\/wp-json\/wp\/v2\/product_tag?post=58055"}],"curies":[{"name":"wp","href":"https:\/\/api.w.org\/{rel}","templated":true}]}}