{"id":55431,"date":"2024-12-20T12:12:29","date_gmt":"2024-12-20T12:12:29","guid":{"rendered":"https:\/\/bellfire.ee\/uncategorized\/amelie-2\/"},"modified":"2024-12-20T12:12:29","modified_gmt":"2024-12-20T12:12:29","slug":"amelie-2","status":"publish","type":"product","link":"https:\/\/bellfire.ee\/en\/outlet-en\/amelie-2\/","title":{"rendered":"Amelie"},"content":{"rendered":"","protected":false},"excerpt":{"rendered":"<p>The sofa is located at the <a href=\"https:\/\/www.google.com\/maps\/place\/Pajusi+M\u00f6\u00f6bel+O\u00dc\/@58.7302596,26.2213908,17z\/data=!3m1!4b1!4m6!3m5!1s0x4694aa1b24f981f5:0x29abfadc4897a8f7!8m2!3d58.7302596!4d26.2239657!16s%2Fg%2F1tjbqtzk?entry=tts&amp;g_ep=EgoyMDI0MTIxMS4wIPu8ASoASAFQAw%3D%3D\">Bellfire Pajusi factory<\/a> and is available immediately.<\/p>\n<p>The Scandinavian-quality and functional design of the Amelie corner sofa make it perfect for active individuals. Practical, simple, and comfortable, the Amelie offers peaceful and enjoyable moments of relaxation after a busy and stressful workday. It fits seamlessly into traditional Nordic interiors or serves as a striking element in a contemporary industrial loft.<\/p>\n<p>The sofa&#8217;s character is defined by its tall, 20 cm high legs, which give it a light and floating appearance. The seating depth of the sofa is 50 cm. The frame is made from birch plywood and pine wood.<br \/>\nHigh-quality foam ensures the cushions retain their shape and extends the sofa&#8217;s lifespan.<\/p>\n<p><strong>Please note that the actual color may differ from what is shown on your screen. We recommend verifying the colors in our showroom.<\/strong><\/p>\n","protected":false},"featured_media":56543,"template":"","meta":{"_acf_changed":false},"wpc-attribute-group":[],"product_brand":[],"product_cat":[987,995],"product_tag":[],"class_list":{"0":"post-55431","1":"product","2":"type-product","3":"status-publish","4":"has-post-thumbnail","6":"product_cat-outlet-en","7":"product_cat-outlet-sofas","8":"pa_e-poe-kangavalik-lauritzon-frost-133-en","10":"first","11":"instock","12":"sale","13":"taxable","14":"shipping-taxable","15":"purchasable","16":"product-type-variable","17":"add-to-wishlist-after_add_to_cart"},"acf":[],"yoast_head":"<!-- This site is optimized with the Yoast SEO plugin v26.1 - https:\/\/yoast.com\/wordpress\/plugins\/seo\/ -->\n<title>Amelie - Bellfire<\/title>\n<meta name=\"robots\" content=\"index, follow, max-snippet:-1, max-image-preview:large, max-video-preview:-1\" \/>\n<link rel=\"canonical\" href=\"https:\/\/bellfire.ee\/en\/outlet-en\/amelie-2\/\" \/>\n<meta property=\"og:locale\" content=\"en_US\" \/>\n<meta property=\"og:type\" content=\"article\" \/>\n<meta property=\"og:title\" content=\"Amelie - Bellfire\" \/>\n<meta property=\"og:description\" content=\"The sofa is located at the Bellfire Pajusi factory and is available immediately.  The Scandinavian-quality and functional design of the Amelie corner sofa make it perfect for active individuals. Practical, simple, and comfortable, the Amelie offers peaceful and enjoyable moments of relaxation after a busy and stressful workday. It fits seamlessly into traditional Nordic interiors or serves as a striking element in a contemporary industrial loft.  The sofa&#039;s character is defined by its tall, 20 cm high legs, which give it a light and floating appearance. The seating depth of the sofa is 50 cm. The frame is made from birch plywood and pine wood. High-quality foam ensures the cushions retain their shape and extends the sofa&#039;s lifespan.  Please note that the actual color may differ from what is shown on your screen. We recommend verifying the colors in our showroom.\" \/>\n<meta property=\"og:url\" content=\"https:\/\/bellfire.ee\/en\/outlet-en\/amelie-2\/\" \/>\n<meta property=\"og:site_name\" content=\"Bellfire\" \/>\n<meta property=\"og:image\" content=\"https:\/\/bellfire.ee\/wp-content\/uploads\/2024\/12\/amelie-outlet.jpg\" \/>\n\t<meta property=\"og:image:width\" content=\"1920\" \/>\n\t<meta property=\"og:image:height\" content=\"1080\" \/>\n\t<meta property=\"og:image:type\" content=\"image\/jpeg\" \/>\n<meta name=\"twitter:card\" content=\"summary_large_image\" \/>\n<script type=\"application\/ld+json\" class=\"yoast-schema-graph\">{\"@context\":\"https:\/\/schema.org\",\"@graph\":[{\"@type\":\"WebPage\",\"@id\":\"https:\/\/bellfire.ee\/en\/outlet-en\/amelie-2\/\",\"url\":\"https:\/\/bellfire.ee\/en\/outlet-en\/amelie-2\/\",\"name\":\"Amelie - Bellfire\",\"isPartOf\":{\"@id\":\"https:\/\/bellfire.ee\/en\/#website\"},\"primaryImageOfPage\":{\"@id\":\"https:\/\/bellfire.ee\/en\/outlet-en\/amelie-2\/#primaryimage\"},\"image\":{\"@id\":\"https:\/\/bellfire.ee\/en\/outlet-en\/amelie-2\/#primaryimage\"},\"thumbnailUrl\":\"https:\/\/bellfire.ee\/wp-content\/uploads\/2024\/12\/amelie-outlet.jpg\",\"datePublished\":\"2024-12-20T12:12:29+00:00\",\"breadcrumb\":{\"@id\":\"https:\/\/bellfire.ee\/en\/outlet-en\/amelie-2\/#breadcrumb\"},\"inLanguage\":\"en-US\",\"potentialAction\":[{\"@type\":\"ReadAction\",\"target\":[\"https:\/\/bellfire.ee\/en\/outlet-en\/amelie-2\/\"]}]},{\"@type\":\"ImageObject\",\"inLanguage\":\"en-US\",\"@id\":\"https:\/\/bellfire.ee\/en\/outlet-en\/amelie-2\/#primaryimage\",\"url\":\"https:\/\/bellfire.ee\/wp-content\/uploads\/2024\/12\/amelie-outlet.jpg\",\"contentUrl\":\"https:\/\/bellfire.ee\/wp-content\/uploads\/2024\/12\/amelie-outlet.jpg\",\"width\":1920,\"height\":1080},{\"@type\":\"BreadcrumbList\",\"@id\":\"https:\/\/bellfire.ee\/en\/outlet-en\/amelie-2\/#breadcrumb\",\"itemListElement\":[{\"@type\":\"ListItem\",\"position\":1,\"name\":\"Avaleht\",\"item\":\"https:\/\/bellfire.ee\/en\/\"},{\"@type\":\"ListItem\",\"position\":2,\"name\":\"Furniture\",\"item\":\"https:\/\/bellfire.ee\/en\/furniture\/\"},{\"@type\":\"ListItem\",\"position\":3,\"name\":\"Amelie\"}]},{\"@type\":\"WebSite\",\"@id\":\"https:\/\/bellfire.ee\/en\/#website\",\"url\":\"https:\/\/bellfire.ee\/en\/\",\"name\":\"Bellfire\",\"description\":\"Disainm\u00f6\u00f6bel Sinu koju Eesti pehme m\u00f6\u00f6bli tootjal\",\"publisher\":{\"@id\":\"https:\/\/bellfire.ee\/en\/#organization\"},\"potentialAction\":[{\"@type\":\"SearchAction\",\"target\":{\"@type\":\"EntryPoint\",\"urlTemplate\":\"https:\/\/bellfire.ee\/en\/?s={search_term_string}\"},\"query-input\":{\"@type\":\"PropertyValueSpecification\",\"valueRequired\":true,\"valueName\":\"search_term_string\"}}],\"inLanguage\":\"en-US\"},{\"@type\":\"Organization\",\"@id\":\"https:\/\/bellfire.ee\/en\/#organization\",\"name\":\"Bellfire\",\"url\":\"https:\/\/bellfire.ee\/en\/\",\"logo\":{\"@type\":\"ImageObject\",\"inLanguage\":\"en-US\",\"@id\":\"https:\/\/bellfire.ee\/en\/#\/schema\/logo\/image\/\",\"url\":\"https:\/\/bellfire.ee\/wp-content\/uploads\/2024\/10\/Site-logo.svg\",\"contentUrl\":\"https:\/\/bellfire.ee\/wp-content\/uploads\/2024\/10\/Site-logo.svg\",\"width\":55,\"height\":64,\"caption\":\"Bellfire\"},\"image\":{\"@id\":\"https:\/\/bellfire.ee\/en\/#\/schema\/logo\/image\/\"}}]}<\/script>\n<!-- \/ Yoast SEO plugin. -->","yoast_head_json":{"title":"Amelie - Bellfire","robots":{"index":"index","follow":"follow","max-snippet":"max-snippet:-1","max-image-preview":"max-image-preview:large","max-video-preview":"max-video-preview:-1"},"canonical":"https:\/\/bellfire.ee\/en\/outlet-en\/amelie-2\/","og_locale":"en_US","og_type":"article","og_title":"Amelie - Bellfire","og_description":"The sofa is located at the Bellfire Pajusi factory and is available immediately.  The Scandinavian-quality and functional design of the Amelie corner sofa make it perfect for active individuals. Practical, simple, and comfortable, the Amelie offers peaceful and enjoyable moments of relaxation after a busy and stressful workday. It fits seamlessly into traditional Nordic interiors or serves as a striking element in a contemporary industrial loft.  The sofa's character is defined by its tall, 20 cm high legs, which give it a light and floating appearance. The seating depth of the sofa is 50 cm. The frame is made from birch plywood and pine wood. High-quality foam ensures the cushions retain their shape and extends the sofa's lifespan.  Please note that the actual color may differ from what is shown on your screen. We recommend verifying the colors in our showroom.","og_url":"https:\/\/bellfire.ee\/en\/outlet-en\/amelie-2\/","og_site_name":"Bellfire","og_image":[{"width":1920,"height":1080,"url":"https:\/\/bellfire.ee\/wp-content\/uploads\/2024\/12\/amelie-outlet.jpg","type":"image\/jpeg"}],"twitter_card":"summary_large_image","schema":{"@context":"https:\/\/schema.org","@graph":[{"@type":"WebPage","@id":"https:\/\/bellfire.ee\/en\/outlet-en\/amelie-2\/","url":"https:\/\/bellfire.ee\/en\/outlet-en\/amelie-2\/","name":"Amelie - Bellfire","isPartOf":{"@id":"https:\/\/bellfire.ee\/en\/#website"},"primaryImageOfPage":{"@id":"https:\/\/bellfire.ee\/en\/outlet-en\/amelie-2\/#primaryimage"},"image":{"@id":"https:\/\/bellfire.ee\/en\/outlet-en\/amelie-2\/#primaryimage"},"thumbnailUrl":"https:\/\/bellfire.ee\/wp-content\/uploads\/2024\/12\/amelie-outlet.jpg","datePublished":"2024-12-20T12:12:29+00:00","breadcrumb":{"@id":"https:\/\/bellfire.ee\/en\/outlet-en\/amelie-2\/#breadcrumb"},"inLanguage":"en-US","potentialAction":[{"@type":"ReadAction","target":["https:\/\/bellfire.ee\/en\/outlet-en\/amelie-2\/"]}]},{"@type":"ImageObject","inLanguage":"en-US","@id":"https:\/\/bellfire.ee\/en\/outlet-en\/amelie-2\/#primaryimage","url":"https:\/\/bellfire.ee\/wp-content\/uploads\/2024\/12\/amelie-outlet.jpg","contentUrl":"https:\/\/bellfire.ee\/wp-content\/uploads\/2024\/12\/amelie-outlet.jpg","width":1920,"height":1080},{"@type":"BreadcrumbList","@id":"https:\/\/bellfire.ee\/en\/outlet-en\/amelie-2\/#breadcrumb","itemListElement":[{"@type":"ListItem","position":1,"name":"Avaleht","item":"https:\/\/bellfire.ee\/en\/"},{"@type":"ListItem","position":2,"name":"Furniture","item":"https:\/\/bellfire.ee\/en\/furniture\/"},{"@type":"ListItem","position":3,"name":"Amelie"}]},{"@type":"WebSite","@id":"https:\/\/bellfire.ee\/en\/#website","url":"https:\/\/bellfire.ee\/en\/","name":"Bellfire","description":"Disainm\u00f6\u00f6bel Sinu koju Eesti pehme m\u00f6\u00f6bli tootjal","publisher":{"@id":"https:\/\/bellfire.ee\/en\/#organization"},"potentialAction":[{"@type":"SearchAction","target":{"@type":"EntryPoint","urlTemplate":"https:\/\/bellfire.ee\/en\/?s={search_term_string}"},"query-input":{"@type":"PropertyValueSpecification","valueRequired":true,"valueName":"search_term_string"}}],"inLanguage":"en-US"},{"@type":"Organization","@id":"https:\/\/bellfire.ee\/en\/#organization","name":"Bellfire","url":"https:\/\/bellfire.ee\/en\/","logo":{"@type":"ImageObject","inLanguage":"en-US","@id":"https:\/\/bellfire.ee\/en\/#\/schema\/logo\/image\/","url":"https:\/\/bellfire.ee\/wp-content\/uploads\/2024\/10\/Site-logo.svg","contentUrl":"https:\/\/bellfire.ee\/wp-content\/uploads\/2024\/10\/Site-logo.svg","width":55,"height":64,"caption":"Bellfire"},"image":{"@id":"https:\/\/bellfire.ee\/en\/#\/schema\/logo\/image\/"}}]}},"_links":{"self":[{"href":"https:\/\/bellfire.ee\/en\/wp-json\/wp\/v2\/product\/55431","targetHints":{"allow":["GET"]}}],"collection":[{"href":"https:\/\/bellfire.ee\/en\/wp-json\/wp\/v2\/product"}],"about":[{"href":"https:\/\/bellfire.ee\/en\/wp-json\/wp\/v2\/types\/product"}],"wp:featuredmedia":[{"embeddable":true,"href":"https:\/\/bellfire.ee\/en\/wp-json\/wp\/v2\/media\/56543"}],"wp:attachment":[{"href":"https:\/\/bellfire.ee\/en\/wp-json\/wp\/v2\/media?parent=55431"}],"wp:term":[{"taxonomy":"wpc-attribute-group","embeddable":true,"href":"https:\/\/bellfire.ee\/en\/wp-json\/wp\/v2\/wpc-attribute-group?post=55431"},{"taxonomy":"product_brand","embeddable":true,"href":"https:\/\/bellfire.ee\/en\/wp-json\/wp\/v2\/product_brand?post=55431"},{"taxonomy":"product_cat","embeddable":true,"href":"https:\/\/bellfire.ee\/en\/wp-json\/wp\/v2\/product_cat?post=55431"},{"taxonomy":"product_tag","embeddable":true,"href":"https:\/\/bellfire.ee\/en\/wp-json\/wp\/v2\/product_tag?post=55431"}],"curies":[{"name":"wp","href":"https:\/\/api.w.org\/{rel}","templated":true}]}}