{"id":52623,"date":"2024-02-12T13:45:48","date_gmt":"2024-02-12T13:45:48","guid":{"rendered":"https:\/\/bellfire.ee\/uncategorized\/a-fabric-mattress-topper-180x200\/"},"modified":"2024-02-12T13:45:48","modified_gmt":"2024-02-12T13:45:48","slug":"a-fabric-mattress-topper-180x200","status":"publish","type":"product","link":"https:\/\/bellfire.ee\/en\/outlet-en\/outlet-mattress-toppers\/a-fabric-mattress-topper-180x200\/","title":{"rendered":"A fabric mattress topper 180&#215;200"},"content":{"rendered":"<div class=\"flex-shrink-0 flex flex-col relative items-end\">\n<div>\n<div class=\"pt-0\">\n<div class=\"gizmo-bot-avatar flex h-8 w-8 items-center justify-center overflow-hidden rounded-full\">\n<div class=\"relative p-1 rounded-sm flex items-center justify-center bg-token-main-surface-primary text-token-text-primary h-8 w-8\">The mattress topper with a removable cover and fabric edge. Dimensions: 180x200x5 cm.<\/div>\n<\/div>\n<\/div>\n<\/div>\n<\/div>\n<div class=\"group\/conversation-turn relative flex w-full min-w-0 flex-col agent-turn\">\n<div class=\"flex-col gap-1 md:gap-3\">\n<div class=\"flex max-w-full flex-col flex-grow\">\n<div class=\"min-h-8 text-message flex w-full flex-col items-end gap-2 whitespace-normal break-words [.text-message+&amp;]:mt-5\" dir=\"auto\" data-message-author-role=\"assistant\" data-message-id=\"088cc01f-0997-4a5b-ac1e-d72fd80a1f0a\" data-message-model-slug=\"gpt-4o-mini\">\n<div class=\"flex w-full flex-col gap-1 empty:hidden first:pt-[3px]\">\n<div class=\"markdown prose w-full break-words dark:prose-invert dark\">\n<p>A quality mattress topper offers extra support and comfort while extending the lifespan of your bed. Made of HR foam, this topper is soft and has antibacterial properties.<\/p>\n<p>Foam, or polyurethane foam, is soft and elastic. It is odorless, breathable, and durable. It also prevents the growth of dust mites, making it a good choice for allergy sufferers.<\/p>\n<p>HR foam \u2013 High Resiliency Foam \u2013 high-resilience, elastic foam.<\/p>\n<p>Made in Estonia \u2013 All our mattress toppers are crafted by local artisans.<b><\/b><\/p>\n<\/div>\n<\/div>\n<\/div>\n<\/div>\n<\/div>\n<\/div>\n","protected":false},"excerpt":{"rendered":"<div class=\"flex-shrink-0 flex flex-col relative items-end\">\n<div>\n<div class=\"pt-0\">\n<div class=\"gizmo-bot-avatar flex h-8 w-8 items-center justify-center overflow-hidden rounded-full\">\n<div class=\"relative p-1 rounded-sm flex items-center justify-center bg-token-main-surface-primary text-token-text-primary h-8 w-8\">The mattress topper with a removable cover and fabric edge. Dimensions: 180x200x5 cm.<\/div>\n<\/div>\n<\/div>\n<\/div>\n<\/div>\n<div class=\"group\/conversation-turn relative flex w-full min-w-0 flex-col agent-turn\">\n<div class=\"flex-col gap-1 md:gap-3\">\n<div class=\"flex max-w-full flex-col flex-grow\">\n<div class=\"min-h-8 text-message flex w-full flex-col items-end gap-2 whitespace-normal break-words [.text-message+&amp;]:mt-5\" dir=\"auto\" data-message-author-role=\"assistant\" data-message-id=\"088cc01f-0997-4a5b-ac1e-d72fd80a1f0a\" data-message-model-slug=\"gpt-4o-mini\">\n<div class=\"flex w-full flex-col gap-1 empty:hidden first:pt-[3px]\">\n<div class=\"markdown prose w-full break-words dark:prose-invert dark\">\n<p>A quality mattress topper offers extra support and comfort while extending the lifespan of your bed. Made of HR foam, this topper is soft and has antibacterial properties.<\/p>\n<p>Foam, or polyurethane foam, is soft and elastic. It is odorless, breathable, and durable. It also prevents the growth of dust mites, making it a good choice for allergy sufferers.<\/p>\n<p>HR foam \u2013 High Resiliency Foam \u2013 high-resilience, elastic foam.<\/p>\n<p>Made in Estonia \u2013 All our mattress toppers are crafted by local artisans.<\/p>\n<\/div>\n<\/div>\n<\/div>\n<\/div>\n<\/div>\n<\/div>\n","protected":false},"featured_media":44205,"template":"","meta":{"_acf_changed":false},"wpc-attribute-group":[],"product_brand":[],"product_cat":[987,1004],"product_tag":[],"class_list":{"0":"post-52623","1":"product","2":"type-product","3":"status-publish","4":"has-post-thumbnail","6":"product_cat-outlet-en","7":"product_cat-outlet-mattress-toppers","8":"pa_e-poe-kangavalik-inari-100-en","9":"pa_e-poe-kangavalik-inari-96-en","11":"first","12":"instock","13":"taxable","14":"shipping-taxable","15":"purchasable","16":"product-type-variable","17":"add-to-wishlist-after_add_to_cart"},"acf":[],"yoast_head":"<!-- This site is optimized with the Yoast SEO plugin v26.1 - https:\/\/yoast.com\/wordpress\/plugins\/seo\/ -->\n<title>A fabric mattress topper 180x200 - Bellfire<\/title>\n<meta name=\"robots\" content=\"index, follow, max-snippet:-1, max-image-preview:large, max-video-preview:-1\" \/>\n<link rel=\"canonical\" href=\"https:\/\/bellfire.ee\/en\/outlet-en\/outlet-mattress-toppers\/a-fabric-mattress-topper-180x200\/\" \/>\n<meta property=\"og:locale\" content=\"en_US\" \/>\n<meta property=\"og:type\" content=\"article\" \/>\n<meta property=\"og:title\" content=\"A fabric mattress topper 180x200 - Bellfire\" \/>\n<meta property=\"og:description\" content=\"The mattress topper with a removable cover and fabric edge. Dimensions: 180x200x5 cm.            A quality mattress topper offers extra support and comfort while extending the lifespan of your bed. Made of HR foam, this topper is soft and has antibacterial properties.  Foam, or polyurethane foam, is soft and elastic. It is odorless, breathable, and durable. It also prevents the growth of dust mites, making it a good choice for allergy sufferers.  HR foam \u2013 High Resiliency Foam \u2013 high-resilience, elastic foam.  Made in Estonia \u2013 All our mattress toppers are crafted by local artisans.\" \/>\n<meta property=\"og:url\" content=\"https:\/\/bellfire.ee\/en\/outlet-en\/outlet-mattress-toppers\/a-fabric-mattress-topper-180x200\/\" \/>\n<meta property=\"og:site_name\" content=\"Bellfire\" \/>\n<meta property=\"og:image\" content=\"https:\/\/bellfire.ee\/wp-content\/uploads\/2024\/10\/kattemadrats_kangast_aarega.jpg\" \/>\n\t<meta property=\"og:image:width\" content=\"1920\" \/>\n\t<meta property=\"og:image:height\" content=\"1080\" \/>\n\t<meta property=\"og:image:type\" content=\"image\/jpeg\" \/>\n<meta name=\"twitter:card\" content=\"summary_large_image\" \/>\n<script type=\"application\/ld+json\" class=\"yoast-schema-graph\">{\"@context\":\"https:\/\/schema.org\",\"@graph\":[{\"@type\":\"WebPage\",\"@id\":\"https:\/\/bellfire.ee\/en\/outlet-en\/outlet-mattress-toppers\/a-fabric-mattress-topper-180x200\/\",\"url\":\"https:\/\/bellfire.ee\/en\/outlet-en\/outlet-mattress-toppers\/a-fabric-mattress-topper-180x200\/\",\"name\":\"A fabric mattress topper 180x200 - Bellfire\",\"isPartOf\":{\"@id\":\"https:\/\/bellfire.ee\/en\/#website\"},\"primaryImageOfPage\":{\"@id\":\"https:\/\/bellfire.ee\/en\/outlet-en\/outlet-mattress-toppers\/a-fabric-mattress-topper-180x200\/#primaryimage\"},\"image\":{\"@id\":\"https:\/\/bellfire.ee\/en\/outlet-en\/outlet-mattress-toppers\/a-fabric-mattress-topper-180x200\/#primaryimage\"},\"thumbnailUrl\":\"https:\/\/bellfire.ee\/wp-content\/uploads\/2024\/10\/kattemadrats_kangast_aarega.jpg\",\"datePublished\":\"2024-02-12T13:45:48+00:00\",\"breadcrumb\":{\"@id\":\"https:\/\/bellfire.ee\/en\/outlet-en\/outlet-mattress-toppers\/a-fabric-mattress-topper-180x200\/#breadcrumb\"},\"inLanguage\":\"en-US\",\"potentialAction\":[{\"@type\":\"ReadAction\",\"target\":[\"https:\/\/bellfire.ee\/en\/outlet-en\/outlet-mattress-toppers\/a-fabric-mattress-topper-180x200\/\"]}]},{\"@type\":\"ImageObject\",\"inLanguage\":\"en-US\",\"@id\":\"https:\/\/bellfire.ee\/en\/outlet-en\/outlet-mattress-toppers\/a-fabric-mattress-topper-180x200\/#primaryimage\",\"url\":\"https:\/\/bellfire.ee\/wp-content\/uploads\/2024\/10\/kattemadrats_kangast_aarega.jpg\",\"contentUrl\":\"https:\/\/bellfire.ee\/wp-content\/uploads\/2024\/10\/kattemadrats_kangast_aarega.jpg\",\"width\":1920,\"height\":1080},{\"@type\":\"BreadcrumbList\",\"@id\":\"https:\/\/bellfire.ee\/en\/outlet-en\/outlet-mattress-toppers\/a-fabric-mattress-topper-180x200\/#breadcrumb\",\"itemListElement\":[{\"@type\":\"ListItem\",\"position\":1,\"name\":\"Avaleht\",\"item\":\"https:\/\/bellfire.ee\/en\/\"},{\"@type\":\"ListItem\",\"position\":2,\"name\":\"Furniture\",\"item\":\"https:\/\/bellfire.ee\/en\/furniture\/\"},{\"@type\":\"ListItem\",\"position\":3,\"name\":\"A fabric mattress topper 180&#215;200\"}]},{\"@type\":\"WebSite\",\"@id\":\"https:\/\/bellfire.ee\/en\/#website\",\"url\":\"https:\/\/bellfire.ee\/en\/\",\"name\":\"Bellfire\",\"description\":\"Disainm\u00f6\u00f6bel Sinu koju Eesti pehme m\u00f6\u00f6bli tootjal\",\"publisher\":{\"@id\":\"https:\/\/bellfire.ee\/en\/#organization\"},\"potentialAction\":[{\"@type\":\"SearchAction\",\"target\":{\"@type\":\"EntryPoint\",\"urlTemplate\":\"https:\/\/bellfire.ee\/en\/?s={search_term_string}\"},\"query-input\":{\"@type\":\"PropertyValueSpecification\",\"valueRequired\":true,\"valueName\":\"search_term_string\"}}],\"inLanguage\":\"en-US\"},{\"@type\":\"Organization\",\"@id\":\"https:\/\/bellfire.ee\/en\/#organization\",\"name\":\"Bellfire\",\"url\":\"https:\/\/bellfire.ee\/en\/\",\"logo\":{\"@type\":\"ImageObject\",\"inLanguage\":\"en-US\",\"@id\":\"https:\/\/bellfire.ee\/en\/#\/schema\/logo\/image\/\",\"url\":\"https:\/\/bellfire.ee\/wp-content\/uploads\/2024\/10\/Site-logo.svg\",\"contentUrl\":\"https:\/\/bellfire.ee\/wp-content\/uploads\/2024\/10\/Site-logo.svg\",\"width\":55,\"height\":64,\"caption\":\"Bellfire\"},\"image\":{\"@id\":\"https:\/\/bellfire.ee\/en\/#\/schema\/logo\/image\/\"}}]}<\/script>\n<!-- \/ Yoast SEO plugin. -->","yoast_head_json":{"title":"A fabric mattress topper 180x200 - Bellfire","robots":{"index":"index","follow":"follow","max-snippet":"max-snippet:-1","max-image-preview":"max-image-preview:large","max-video-preview":"max-video-preview:-1"},"canonical":"https:\/\/bellfire.ee\/en\/outlet-en\/outlet-mattress-toppers\/a-fabric-mattress-topper-180x200\/","og_locale":"en_US","og_type":"article","og_title":"A fabric mattress topper 180x200 - Bellfire","og_description":"The mattress topper with a removable cover and fabric edge. Dimensions: 180x200x5 cm.            A quality mattress topper offers extra support and comfort while extending the lifespan of your bed. Made of HR foam, this topper is soft and has antibacterial properties.  Foam, or polyurethane foam, is soft and elastic. It is odorless, breathable, and durable. It also prevents the growth of dust mites, making it a good choice for allergy sufferers.  HR foam \u2013 High Resiliency Foam \u2013 high-resilience, elastic foam.  Made in Estonia \u2013 All our mattress toppers are crafted by local artisans.","og_url":"https:\/\/bellfire.ee\/en\/outlet-en\/outlet-mattress-toppers\/a-fabric-mattress-topper-180x200\/","og_site_name":"Bellfire","og_image":[{"width":1920,"height":1080,"url":"https:\/\/bellfire.ee\/wp-content\/uploads\/2024\/10\/kattemadrats_kangast_aarega.jpg","type":"image\/jpeg"}],"twitter_card":"summary_large_image","schema":{"@context":"https:\/\/schema.org","@graph":[{"@type":"WebPage","@id":"https:\/\/bellfire.ee\/en\/outlet-en\/outlet-mattress-toppers\/a-fabric-mattress-topper-180x200\/","url":"https:\/\/bellfire.ee\/en\/outlet-en\/outlet-mattress-toppers\/a-fabric-mattress-topper-180x200\/","name":"A fabric mattress topper 180x200 - Bellfire","isPartOf":{"@id":"https:\/\/bellfire.ee\/en\/#website"},"primaryImageOfPage":{"@id":"https:\/\/bellfire.ee\/en\/outlet-en\/outlet-mattress-toppers\/a-fabric-mattress-topper-180x200\/#primaryimage"},"image":{"@id":"https:\/\/bellfire.ee\/en\/outlet-en\/outlet-mattress-toppers\/a-fabric-mattress-topper-180x200\/#primaryimage"},"thumbnailUrl":"https:\/\/bellfire.ee\/wp-content\/uploads\/2024\/10\/kattemadrats_kangast_aarega.jpg","datePublished":"2024-02-12T13:45:48+00:00","breadcrumb":{"@id":"https:\/\/bellfire.ee\/en\/outlet-en\/outlet-mattress-toppers\/a-fabric-mattress-topper-180x200\/#breadcrumb"},"inLanguage":"en-US","potentialAction":[{"@type":"ReadAction","target":["https:\/\/bellfire.ee\/en\/outlet-en\/outlet-mattress-toppers\/a-fabric-mattress-topper-180x200\/"]}]},{"@type":"ImageObject","inLanguage":"en-US","@id":"https:\/\/bellfire.ee\/en\/outlet-en\/outlet-mattress-toppers\/a-fabric-mattress-topper-180x200\/#primaryimage","url":"https:\/\/bellfire.ee\/wp-content\/uploads\/2024\/10\/kattemadrats_kangast_aarega.jpg","contentUrl":"https:\/\/bellfire.ee\/wp-content\/uploads\/2024\/10\/kattemadrats_kangast_aarega.jpg","width":1920,"height":1080},{"@type":"BreadcrumbList","@id":"https:\/\/bellfire.ee\/en\/outlet-en\/outlet-mattress-toppers\/a-fabric-mattress-topper-180x200\/#breadcrumb","itemListElement":[{"@type":"ListItem","position":1,"name":"Avaleht","item":"https:\/\/bellfire.ee\/en\/"},{"@type":"ListItem","position":2,"name":"Furniture","item":"https:\/\/bellfire.ee\/en\/furniture\/"},{"@type":"ListItem","position":3,"name":"A fabric mattress topper 180&#215;200"}]},{"@type":"WebSite","@id":"https:\/\/bellfire.ee\/en\/#website","url":"https:\/\/bellfire.ee\/en\/","name":"Bellfire","description":"Disainm\u00f6\u00f6bel Sinu koju Eesti pehme m\u00f6\u00f6bli tootjal","publisher":{"@id":"https:\/\/bellfire.ee\/en\/#organization"},"potentialAction":[{"@type":"SearchAction","target":{"@type":"EntryPoint","urlTemplate":"https:\/\/bellfire.ee\/en\/?s={search_term_string}"},"query-input":{"@type":"PropertyValueSpecification","valueRequired":true,"valueName":"search_term_string"}}],"inLanguage":"en-US"},{"@type":"Organization","@id":"https:\/\/bellfire.ee\/en\/#organization","name":"Bellfire","url":"https:\/\/bellfire.ee\/en\/","logo":{"@type":"ImageObject","inLanguage":"en-US","@id":"https:\/\/bellfire.ee\/en\/#\/schema\/logo\/image\/","url":"https:\/\/bellfire.ee\/wp-content\/uploads\/2024\/10\/Site-logo.svg","contentUrl":"https:\/\/bellfire.ee\/wp-content\/uploads\/2024\/10\/Site-logo.svg","width":55,"height":64,"caption":"Bellfire"},"image":{"@id":"https:\/\/bellfire.ee\/en\/#\/schema\/logo\/image\/"}}]}},"_links":{"self":[{"href":"https:\/\/bellfire.ee\/en\/wp-json\/wp\/v2\/product\/52623","targetHints":{"allow":["GET"]}}],"collection":[{"href":"https:\/\/bellfire.ee\/en\/wp-json\/wp\/v2\/product"}],"about":[{"href":"https:\/\/bellfire.ee\/en\/wp-json\/wp\/v2\/types\/product"}],"wp:featuredmedia":[{"embeddable":true,"href":"https:\/\/bellfire.ee\/en\/wp-json\/wp\/v2\/media\/44205"}],"wp:attachment":[{"href":"https:\/\/bellfire.ee\/en\/wp-json\/wp\/v2\/media?parent=52623"}],"wp:term":[{"taxonomy":"wpc-attribute-group","embeddable":true,"href":"https:\/\/bellfire.ee\/en\/wp-json\/wp\/v2\/wpc-attribute-group?post=52623"},{"taxonomy":"product_brand","embeddable":true,"href":"https:\/\/bellfire.ee\/en\/wp-json\/wp\/v2\/product_brand?post=52623"},{"taxonomy":"product_cat","embeddable":true,"href":"https:\/\/bellfire.ee\/en\/wp-json\/wp\/v2\/product_cat?post=52623"},{"taxonomy":"product_tag","embeddable":true,"href":"https:\/\/bellfire.ee\/en\/wp-json\/wp\/v2\/product_tag?post=52623"}],"curies":[{"name":"wp","href":"https:\/\/api.w.org\/{rel}","templated":true}]}}