{"id":52613,"date":"2024-02-02T15:00:26","date_gmt":"2024-02-02T15:00:26","guid":{"rendered":"https:\/\/bellfire.ee\/uncategorized\/pocket-vedrumadrats-maluvahuga\/"},"modified":"2024-11-27T22:38:01","modified_gmt":"2024-11-27T22:38:01","slug":"pocket-vedrumadrats-maluvahuga","status":"publish","type":"product","link":"https:\/\/bellfire.ee\/en\/outlet-en\/outlet-mattresses\/pocket-vedrumadrats-maluvahuga\/","title":{"rendered":"Pocket spring mattress with memory foam"},"content":{"rendered":"<p>A memory foam mattress with a pocket-sprung system.<\/p>\n<p>The pocket spring system features individually wrapped springs, each placed in its own fabric pocket. Thanks to the individually wrapped springs, which are further divided into five different zones, body weight is distributed more evenly, and only the section of the mattress that is under pressure sinks. This allows you to change positions in bed more freely without disturbing your partner\u2019s sleep.<\/p>\n<p>The mattress spring system is covered with soft memory foam. This motion-absorbing foam provides pleasant support and softness. The mattress surface is made of 200g quilted padding, and it is reversible.<\/p>\n<p>&nbsp;<\/p>\n<p><img fetchpriority=\"high\" decoding=\"async\" class=\"alignnone wp-image-52400\" src=\"https:\/\/bellfire.ee\/wp-content\/uploads\/2024\/11\/maluvahuga-madrats-sisu.jpg\" alt=\"\" width=\"442\" height=\"327\" \/><\/p>\n<p>&nbsp;<\/p>\n<p><img decoding=\"async\" class=\"alignnone wp-image-52384\" src=\"https:\/\/bellfire.ee\/wp-content\/uploads\/2024\/11\/madrats-sisu-pocket-tsoonid-1024x207.jpg\" alt=\"\" width=\"925\" height=\"187\" \/><\/p>\n<p class=\"p1\">\n<p class=\"p1\">\n","protected":false},"excerpt":{"rendered":"<p>A memory foam mattress with a pocket-sprung system.<\/p>\n<p>The pocket spring system features individually wrapped springs, each placed in its own fabric pocket. Thanks to the individually wrapped springs, which are further divided into five different zones, body weight is distributed more evenly, and only the section of the mattress that is under pressure sinks. This allows you to change positions in bed more freely without disturbing your partner\u2019s sleep.<\/p>\n<p>The mattress spring system is covered with soft memory foam. This motion-absorbing foam provides pleasant support and softness. The mattress surface is made of 200g quilted padding, and it is reversible.<\/p>\n<p>&nbsp;<\/p>\n<p><img fetchpriority=\"high\" decoding=\"async\" class=\"alignnone wp-image-52400\" src=\"https:\/\/bellfire.ee\/wp-content\/uploads\/2024\/11\/maluvahuga-madrats-sisu.jpg\" alt=\"\" width=\"442\" height=\"327\" \/><\/p>\n<p>&nbsp;<\/p>\n<p><img decoding=\"async\" class=\"alignnone wp-image-52384\" src=\"https:\/\/bellfire.ee\/wp-content\/uploads\/2024\/11\/madrats-sisu-pocket-tsoonid-1024x207.jpg\" alt=\"\" width=\"925\" height=\"187\" \/><\/p>\n<p class=\"p1\">\n","protected":false},"featured_media":28638,"template":"","meta":{"_acf_changed":false},"wpc-attribute-group":[],"product_brand":[],"product_cat":[987,1005],"product_tag":[],"class_list":{"0":"post-52613","1":"product","2":"type-product","3":"status-publish","4":"has-post-thumbnail","6":"product_cat-outlet-en","7":"product_cat-outlet-mattresses","9":"first","10":"instock","11":"sale","12":"taxable","13":"shipping-taxable","14":"purchasable","15":"product-type-variable","16":"add-to-wishlist-after_add_to_cart"},"acf":[],"yoast_head":"<!-- This site is optimized with the Yoast SEO plugin v26.1 - https:\/\/yoast.com\/wordpress\/plugins\/seo\/ -->\n<title>Pocket spring mattress with memory foam - Bellfire<\/title>\n<meta name=\"robots\" content=\"index, follow, max-snippet:-1, max-image-preview:large, max-video-preview:-1\" \/>\n<link rel=\"canonical\" href=\"https:\/\/bellfire.ee\/en\/outlet-en\/outlet-mattresses\/pocket-vedrumadrats-maluvahuga\/\" \/>\n<meta property=\"og:locale\" content=\"en_US\" \/>\n<meta property=\"og:type\" content=\"article\" \/>\n<meta property=\"og:title\" content=\"Pocket spring mattress with memory foam - Bellfire\" \/>\n<meta property=\"og:description\" content=\"A memory foam mattress with a pocket-sprung system.  The pocket spring system features individually wrapped springs, each placed in its own fabric pocket. Thanks to the individually wrapped springs, which are further divided into five different zones, body weight is distributed more evenly, and only the section of the mattress that is under pressure sinks. This allows you to change positions in bed more freely without disturbing your partner\u2019s sleep.  The mattress spring system is covered with soft memory foam. This motion-absorbing foam provides pleasant support and softness. The mattress surface is made of 200g quilted padding, and it is reversible.  &nbsp;    &nbsp;\" \/>\n<meta property=\"og:url\" content=\"https:\/\/bellfire.ee\/en\/outlet-en\/outlet-mattresses\/pocket-vedrumadrats-maluvahuga\/\" \/>\n<meta property=\"og:site_name\" content=\"Bellfire\" \/>\n<meta property=\"article:modified_time\" content=\"2024-11-27T22:38:01+00:00\" \/>\n<meta property=\"og:image\" content=\"https:\/\/bellfire.ee\/wp-content\/uploads\/2024\/10\/Madrats.jpg\" \/>\n\t<meta property=\"og:image:width\" content=\"1920\" \/>\n\t<meta property=\"og:image:height\" content=\"1080\" \/>\n\t<meta property=\"og:image:type\" content=\"image\/jpeg\" \/>\n<meta name=\"twitter:card\" content=\"summary_large_image\" \/>\n<meta name=\"twitter:label1\" content=\"Est. reading time\" \/>\n\t<meta name=\"twitter:data1\" content=\"1 minute\" \/>\n<script type=\"application\/ld+json\" class=\"yoast-schema-graph\">{\"@context\":\"https:\/\/schema.org\",\"@graph\":[{\"@type\":\"WebPage\",\"@id\":\"https:\/\/bellfire.ee\/en\/outlet-en\/outlet-mattresses\/pocket-vedrumadrats-maluvahuga\/\",\"url\":\"https:\/\/bellfire.ee\/en\/outlet-en\/outlet-mattresses\/pocket-vedrumadrats-maluvahuga\/\",\"name\":\"Pocket spring mattress with memory foam - Bellfire\",\"isPartOf\":{\"@id\":\"https:\/\/bellfire.ee\/en\/#website\"},\"primaryImageOfPage\":{\"@id\":\"https:\/\/bellfire.ee\/en\/outlet-en\/outlet-mattresses\/pocket-vedrumadrats-maluvahuga\/#primaryimage\"},\"image\":{\"@id\":\"https:\/\/bellfire.ee\/en\/outlet-en\/outlet-mattresses\/pocket-vedrumadrats-maluvahuga\/#primaryimage\"},\"thumbnailUrl\":\"https:\/\/bellfire.ee\/wp-content\/uploads\/2024\/10\/Madrats.jpg\",\"datePublished\":\"2024-02-02T15:00:26+00:00\",\"dateModified\":\"2024-11-27T22:38:01+00:00\",\"breadcrumb\":{\"@id\":\"https:\/\/bellfire.ee\/en\/outlet-en\/outlet-mattresses\/pocket-vedrumadrats-maluvahuga\/#breadcrumb\"},\"inLanguage\":\"en-US\",\"potentialAction\":[{\"@type\":\"ReadAction\",\"target\":[\"https:\/\/bellfire.ee\/en\/outlet-en\/outlet-mattresses\/pocket-vedrumadrats-maluvahuga\/\"]}]},{\"@type\":\"ImageObject\",\"inLanguage\":\"en-US\",\"@id\":\"https:\/\/bellfire.ee\/en\/outlet-en\/outlet-mattresses\/pocket-vedrumadrats-maluvahuga\/#primaryimage\",\"url\":\"https:\/\/bellfire.ee\/wp-content\/uploads\/2024\/10\/Madrats.jpg\",\"contentUrl\":\"https:\/\/bellfire.ee\/wp-content\/uploads\/2024\/10\/Madrats.jpg\",\"width\":1920,\"height\":1080},{\"@type\":\"BreadcrumbList\",\"@id\":\"https:\/\/bellfire.ee\/en\/outlet-en\/outlet-mattresses\/pocket-vedrumadrats-maluvahuga\/#breadcrumb\",\"itemListElement\":[{\"@type\":\"ListItem\",\"position\":1,\"name\":\"Avaleht\",\"item\":\"https:\/\/bellfire.ee\/en\/\"},{\"@type\":\"ListItem\",\"position\":2,\"name\":\"Furniture\",\"item\":\"https:\/\/bellfire.ee\/en\/furniture\/\"},{\"@type\":\"ListItem\",\"position\":3,\"name\":\"Pocket spring mattress with memory foam\"}]},{\"@type\":\"WebSite\",\"@id\":\"https:\/\/bellfire.ee\/en\/#website\",\"url\":\"https:\/\/bellfire.ee\/en\/\",\"name\":\"Bellfire\",\"description\":\"Disainm\u00f6\u00f6bel Sinu koju Eesti pehme m\u00f6\u00f6bli tootjal\",\"publisher\":{\"@id\":\"https:\/\/bellfire.ee\/en\/#organization\"},\"potentialAction\":[{\"@type\":\"SearchAction\",\"target\":{\"@type\":\"EntryPoint\",\"urlTemplate\":\"https:\/\/bellfire.ee\/en\/?s={search_term_string}\"},\"query-input\":{\"@type\":\"PropertyValueSpecification\",\"valueRequired\":true,\"valueName\":\"search_term_string\"}}],\"inLanguage\":\"en-US\"},{\"@type\":\"Organization\",\"@id\":\"https:\/\/bellfire.ee\/en\/#organization\",\"name\":\"Bellfire\",\"url\":\"https:\/\/bellfire.ee\/en\/\",\"logo\":{\"@type\":\"ImageObject\",\"inLanguage\":\"en-US\",\"@id\":\"https:\/\/bellfire.ee\/en\/#\/schema\/logo\/image\/\",\"url\":\"https:\/\/bellfire.ee\/wp-content\/uploads\/2024\/10\/Site-logo.svg\",\"contentUrl\":\"https:\/\/bellfire.ee\/wp-content\/uploads\/2024\/10\/Site-logo.svg\",\"width\":55,\"height\":64,\"caption\":\"Bellfire\"},\"image\":{\"@id\":\"https:\/\/bellfire.ee\/en\/#\/schema\/logo\/image\/\"}}]}<\/script>\n<!-- \/ Yoast SEO plugin. -->","yoast_head_json":{"title":"Pocket spring mattress with memory foam - Bellfire","robots":{"index":"index","follow":"follow","max-snippet":"max-snippet:-1","max-image-preview":"max-image-preview:large","max-video-preview":"max-video-preview:-1"},"canonical":"https:\/\/bellfire.ee\/en\/outlet-en\/outlet-mattresses\/pocket-vedrumadrats-maluvahuga\/","og_locale":"en_US","og_type":"article","og_title":"Pocket spring mattress with memory foam - Bellfire","og_description":"A memory foam mattress with a pocket-sprung system.  The pocket spring system features individually wrapped springs, each placed in its own fabric pocket. Thanks to the individually wrapped springs, which are further divided into five different zones, body weight is distributed more evenly, and only the section of the mattress that is under pressure sinks. This allows you to change positions in bed more freely without disturbing your partner\u2019s sleep.  The mattress spring system is covered with soft memory foam. This motion-absorbing foam provides pleasant support and softness. The mattress surface is made of 200g quilted padding, and it is reversible.  &nbsp;    &nbsp;","og_url":"https:\/\/bellfire.ee\/en\/outlet-en\/outlet-mattresses\/pocket-vedrumadrats-maluvahuga\/","og_site_name":"Bellfire","article_modified_time":"2024-11-27T22:38:01+00:00","og_image":[{"width":1920,"height":1080,"url":"https:\/\/bellfire.ee\/wp-content\/uploads\/2024\/10\/Madrats.jpg","type":"image\/jpeg"}],"twitter_card":"summary_large_image","twitter_misc":{"Est. reading time":"1 minute"},"schema":{"@context":"https:\/\/schema.org","@graph":[{"@type":"WebPage","@id":"https:\/\/bellfire.ee\/en\/outlet-en\/outlet-mattresses\/pocket-vedrumadrats-maluvahuga\/","url":"https:\/\/bellfire.ee\/en\/outlet-en\/outlet-mattresses\/pocket-vedrumadrats-maluvahuga\/","name":"Pocket spring mattress with memory foam - Bellfire","isPartOf":{"@id":"https:\/\/bellfire.ee\/en\/#website"},"primaryImageOfPage":{"@id":"https:\/\/bellfire.ee\/en\/outlet-en\/outlet-mattresses\/pocket-vedrumadrats-maluvahuga\/#primaryimage"},"image":{"@id":"https:\/\/bellfire.ee\/en\/outlet-en\/outlet-mattresses\/pocket-vedrumadrats-maluvahuga\/#primaryimage"},"thumbnailUrl":"https:\/\/bellfire.ee\/wp-content\/uploads\/2024\/10\/Madrats.jpg","datePublished":"2024-02-02T15:00:26+00:00","dateModified":"2024-11-27T22:38:01+00:00","breadcrumb":{"@id":"https:\/\/bellfire.ee\/en\/outlet-en\/outlet-mattresses\/pocket-vedrumadrats-maluvahuga\/#breadcrumb"},"inLanguage":"en-US","potentialAction":[{"@type":"ReadAction","target":["https:\/\/bellfire.ee\/en\/outlet-en\/outlet-mattresses\/pocket-vedrumadrats-maluvahuga\/"]}]},{"@type":"ImageObject","inLanguage":"en-US","@id":"https:\/\/bellfire.ee\/en\/outlet-en\/outlet-mattresses\/pocket-vedrumadrats-maluvahuga\/#primaryimage","url":"https:\/\/bellfire.ee\/wp-content\/uploads\/2024\/10\/Madrats.jpg","contentUrl":"https:\/\/bellfire.ee\/wp-content\/uploads\/2024\/10\/Madrats.jpg","width":1920,"height":1080},{"@type":"BreadcrumbList","@id":"https:\/\/bellfire.ee\/en\/outlet-en\/outlet-mattresses\/pocket-vedrumadrats-maluvahuga\/#breadcrumb","itemListElement":[{"@type":"ListItem","position":1,"name":"Avaleht","item":"https:\/\/bellfire.ee\/en\/"},{"@type":"ListItem","position":2,"name":"Furniture","item":"https:\/\/bellfire.ee\/en\/furniture\/"},{"@type":"ListItem","position":3,"name":"Pocket spring mattress with memory foam"}]},{"@type":"WebSite","@id":"https:\/\/bellfire.ee\/en\/#website","url":"https:\/\/bellfire.ee\/en\/","name":"Bellfire","description":"Disainm\u00f6\u00f6bel Sinu koju Eesti pehme m\u00f6\u00f6bli tootjal","publisher":{"@id":"https:\/\/bellfire.ee\/en\/#organization"},"potentialAction":[{"@type":"SearchAction","target":{"@type":"EntryPoint","urlTemplate":"https:\/\/bellfire.ee\/en\/?s={search_term_string}"},"query-input":{"@type":"PropertyValueSpecification","valueRequired":true,"valueName":"search_term_string"}}],"inLanguage":"en-US"},{"@type":"Organization","@id":"https:\/\/bellfire.ee\/en\/#organization","name":"Bellfire","url":"https:\/\/bellfire.ee\/en\/","logo":{"@type":"ImageObject","inLanguage":"en-US","@id":"https:\/\/bellfire.ee\/en\/#\/schema\/logo\/image\/","url":"https:\/\/bellfire.ee\/wp-content\/uploads\/2024\/10\/Site-logo.svg","contentUrl":"https:\/\/bellfire.ee\/wp-content\/uploads\/2024\/10\/Site-logo.svg","width":55,"height":64,"caption":"Bellfire"},"image":{"@id":"https:\/\/bellfire.ee\/en\/#\/schema\/logo\/image\/"}}]}},"_links":{"self":[{"href":"https:\/\/bellfire.ee\/en\/wp-json\/wp\/v2\/product\/52613","targetHints":{"allow":["GET"]}}],"collection":[{"href":"https:\/\/bellfire.ee\/en\/wp-json\/wp\/v2\/product"}],"about":[{"href":"https:\/\/bellfire.ee\/en\/wp-json\/wp\/v2\/types\/product"}],"wp:featuredmedia":[{"embeddable":true,"href":"https:\/\/bellfire.ee\/en\/wp-json\/wp\/v2\/media\/28638"}],"wp:attachment":[{"href":"https:\/\/bellfire.ee\/en\/wp-json\/wp\/v2\/media?parent=52613"}],"wp:term":[{"taxonomy":"wpc-attribute-group","embeddable":true,"href":"https:\/\/bellfire.ee\/en\/wp-json\/wp\/v2\/wpc-attribute-group?post=52613"},{"taxonomy":"product_brand","embeddable":true,"href":"https:\/\/bellfire.ee\/en\/wp-json\/wp\/v2\/product_brand?post=52613"},{"taxonomy":"product_cat","embeddable":true,"href":"https:\/\/bellfire.ee\/en\/wp-json\/wp\/v2\/product_cat?post=52613"},{"taxonomy":"product_tag","embeddable":true,"href":"https:\/\/bellfire.ee\/en\/wp-json\/wp\/v2\/product_tag?post=52613"}],"curies":[{"name":"wp","href":"https:\/\/api.w.org\/{rel}","templated":true}]}}