{"id":52604,"date":"2024-03-21T14:32:51","date_gmt":"2024-03-21T14:32:51","guid":{"rendered":"https:\/\/bellfire.ee\/uncategorized\/dekoratiivpadi-ruut\/"},"modified":"2024-03-21T14:32:51","modified_gmt":"2024-03-21T14:32:51","slug":"dekoratiivpadi-ruut","status":"publish","type":"product","link":"https:\/\/bellfire.ee\/en\/outlet-en\/outlet-accessories\/dekoratiivpadi-ruut\/","title":{"rendered":"Dekoratiivpadi, ruut"},"content":{"rendered":"<div class=\"flex-shrink-0 flex flex-col relative items-end\">\n<div>\n<div class=\"pt-0\">\n<div class=\"gizmo-bot-avatar flex h-8 w-8 items-center justify-center overflow-hidden rounded-full\">\n<div class=\"relative p-1 rounded-sm flex items-center justify-center bg-token-main-surface-primary text-token-text-primary h-8 w-8\">The soft decorative cushions offer aesthetic appeal and make your relaxation moments on the sofa even more comfortable. The cushions have removable covers. They are available in various fabrics and sizes.<\/div>\n<\/div>\n<\/div>\n<\/div>\n<\/div>\n<div class=\"group\/conversation-turn relative flex w-full min-w-0 flex-col agent-turn\">\n<div class=\"flex-col gap-1 md:gap-3\">\n<div class=\"flex max-w-full flex-col flex-grow\">\n<div class=\"min-h-8 text-message flex w-full flex-col items-end gap-2 whitespace-normal break-words [.text-message+&amp;]:mt-5\" dir=\"auto\" data-message-author-role=\"assistant\" data-message-id=\"a867335e-e62b-4874-b4d7-6334c184eeb0\" data-message-model-slug=\"gpt-4o-mini\">\n<div class=\"flex w-full flex-col gap-1 empty:hidden first:pt-[3px]\">\n<div class=\"markdown prose w-full break-words dark:prose-invert dark\">\n<p>The filling of the cushion is 100% fiber.<\/p>\n<\/div>\n<\/div>\n<\/div>\n<\/div>\n<\/div>\n<\/div>\n<p>&nbsp;<\/p>\n<p><strong>~36&#215;36 cm<\/strong><\/p>\n<p>Beige, velvety, 1 pc.<\/p>\n<p><img decoding=\"async\" class=\"wp-image-53873 alignnone\" src=\"https:\/\/bellfire.ee\/wp-content\/uploads\/2024\/11\/beez-sametine-300x300.jpg\" alt=\"\" width=\"92\" height=\"92\" \/><\/p>\n<p>&nbsp;<\/p>\n<p><strong>~38&#215;38 cm<\/strong><\/p>\n<p>Beige with pattern, 1 tk.<\/p>\n<p><img decoding=\"async\" class=\"wp-image-53885 alignnone\" src=\"https:\/\/bellfire.ee\/wp-content\/uploads\/2024\/11\/muster-vikerkaared-300x300.jpg\" alt=\"\" width=\"92\" height=\"92\" \/><\/p>\n<p>&nbsp;<\/p>\n<p><strong>~40&#215;40 cm<\/strong><\/p>\n<p>Light grey, velvety, 1 pc.<\/p>\n<p>Pattern, berries, 3 pc.<\/p>\n<p>Pattern, zebra, 1 pc.<\/p>\n<p><img decoding=\"async\" class=\"wp-image-53877 alignnone\" src=\"https:\/\/bellfire.ee\/wp-content\/uploads\/2024\/11\/hall-sametine-300x300.jpg\" alt=\"\" width=\"94\" height=\"94\" \/> \u00a0<img loading=\"lazy\" decoding=\"async\" class=\"wp-image-53922 alignnone\" src=\"https:\/\/bellfire.ee\/wp-content\/uploads\/2024\/11\/kangas-marjad-300x300.jpg\" alt=\"\" width=\"94\" height=\"94\" \/> \u00a0<img loading=\"lazy\" decoding=\"async\" class=\"wp-image-53897 alignnone\" src=\"https:\/\/bellfire.ee\/wp-content\/uploads\/2024\/11\/zebra-300x300.jpg\" alt=\"\" width=\"92\" height=\"92\" \/><\/p>\n<p>&nbsp;<\/p>\n<p><strong>~42&#215;42 cm<\/strong><\/p>\n<p>Pruun kunstnahk, 1tk.<\/p>\n<p>Valge, tekstuurne, 1 tk.<\/p>\n<p><img loading=\"lazy\" decoding=\"async\" class=\"wp-image-53889 alignnone\" src=\"https:\/\/bellfire.ee\/wp-content\/uploads\/2024\/11\/pruun-kunstnahk-300x300.jpg\" alt=\"\" width=\"93\" height=\"93\" \/> \u00a0<img loading=\"lazy\" decoding=\"async\" class=\"wp-image-53930 alignnone\" src=\"https:\/\/bellfire.ee\/wp-content\/uploads\/2024\/11\/Kangas-valge-tekstuur-1-300x300.jpg\" alt=\"\" width=\"92\" height=\"92\" \/><\/p>\n<p>&nbsp;<\/p>\n<p><strong>~45&#215;45 cm<\/strong><\/p>\n<p>White with dark greenish-grey pattern, 2 pc.<\/p>\n<p><img loading=\"lazy\" decoding=\"async\" class=\"wp-image-53881 alignnone\" src=\"https:\/\/bellfire.ee\/wp-content\/uploads\/2024\/11\/muster-lilled-300x300.jpg\" alt=\"\" width=\"94\" height=\"94\" \/><\/p>\n<p>Order your favorite decorative cushions online or come and choose your favorites at our showroom <a href=\"https:\/\/maps.app.goo.gl\/3gBPs9dRiD6FBgbw6\">Riia 142, Tartu<\/a>.<\/p>\n<p class=\"p1\"><b>Please note that the actual color may vary from what appears on the screen. We recommend checking the colors in our showroom.<\/b><\/p>\n","protected":false},"excerpt":{"rendered":"<div class=\"flex-shrink-0 flex flex-col relative items-end\">\n<div>\n<div class=\"pt-0\">\n<div class=\"gizmo-bot-avatar flex h-8 w-8 items-center justify-center overflow-hidden rounded-full\">\n<div class=\"relative p-1 rounded-sm flex items-center justify-center bg-token-main-surface-primary text-token-text-primary h-8 w-8\">The soft decorative cushions offer aesthetic appeal and make your relaxation moments on the sofa even more comfortable. The cushions have removable covers. They are available in various fabrics and sizes.<\/div>\n<\/div>\n<\/div>\n<\/div>\n<\/div>\n<div class=\"group\/conversation-turn relative flex w-full min-w-0 flex-col agent-turn\">\n<div class=\"flex-col gap-1 md:gap-3\">\n<div class=\"flex max-w-full flex-col flex-grow\">\n<div class=\"min-h-8 text-message flex w-full flex-col items-end gap-2 whitespace-normal break-words [.text-message+&amp;]:mt-5\" dir=\"auto\" data-message-author-role=\"assistant\" data-message-id=\"a867335e-e62b-4874-b4d7-6334c184eeb0\" data-message-model-slug=\"gpt-4o-mini\">\n<div class=\"flex w-full flex-col gap-1 empty:hidden first:pt-[3px]\">\n<div class=\"markdown prose w-full break-words dark:prose-invert dark\">\n<p>The filling of the cushion is 100% fiber.<\/p>\n<\/div>\n<\/div>\n<\/div>\n<\/div>\n<\/div>\n<\/div>\n<p>&nbsp;<\/p>\n<p><strong>~36&#215;36 cm<\/strong><\/p>\n<p>Beige, velvety, 1 pc.<\/p>\n<p><img decoding=\"async\" class=\"wp-image-53873 alignnone\" src=\"https:\/\/bellfire.ee\/wp-content\/uploads\/2024\/11\/beez-sametine-300x300.jpg\" alt=\"\" width=\"92\" height=\"92\" \/><\/p>\n<p>&nbsp;<\/p>\n<p><strong>~38&#215;38 cm<\/strong><\/p>\n<p>Beige with pattern, 1 tk.<\/p>\n<p><img decoding=\"async\" class=\"wp-image-53885 alignnone\" src=\"https:\/\/bellfire.ee\/wp-content\/uploads\/2024\/11\/muster-vikerkaared-300x300.jpg\" alt=\"\" width=\"92\" height=\"92\" \/><\/p>\n<p>&nbsp;<\/p>\n<p><strong>~40&#215;40 cm<\/strong><\/p>\n<p>Light grey, velvety, 1 pc.<\/p>\n<p>Pattern, berries, 3 pc.<\/p>\n<p>Pattern, zebra, 1 pc.<\/p>\n<p><img decoding=\"async\" class=\"wp-image-53877 alignnone\" src=\"https:\/\/bellfire.ee\/wp-content\/uploads\/2024\/11\/hall-sametine-300x300.jpg\" alt=\"\" width=\"94\" height=\"94\" \/> \u00a0<img loading=\"lazy\" decoding=\"async\" class=\"wp-image-53922 alignnone\" src=\"https:\/\/bellfire.ee\/wp-content\/uploads\/2024\/11\/kangas-marjad-300x300.jpg\" alt=\"\" width=\"94\" height=\"94\" \/> \u00a0<img loading=\"lazy\" decoding=\"async\" class=\"wp-image-53897 alignnone\" src=\"https:\/\/bellfire.ee\/wp-content\/uploads\/2024\/11\/zebra-300x300.jpg\" alt=\"\" width=\"92\" height=\"92\" \/><\/p>\n<p>&nbsp;<\/p>\n<p><strong>~42&#215;42 cm<\/strong><\/p>\n<p>Pruun kunstnahk, 1tk.<\/p>\n<p>Valge, tekstuurne, 1 tk.<\/p>\n<p><img loading=\"lazy\" decoding=\"async\" class=\"wp-image-53889 alignnone\" src=\"https:\/\/bellfire.ee\/wp-content\/uploads\/2024\/11\/pruun-kunstnahk-300x300.jpg\" alt=\"\" width=\"93\" height=\"93\" \/> \u00a0<img loading=\"lazy\" decoding=\"async\" class=\"wp-image-53930 alignnone\" src=\"https:\/\/bellfire.ee\/wp-content\/uploads\/2024\/11\/Kangas-valge-tekstuur-1-300x300.jpg\" alt=\"\" width=\"92\" height=\"92\" \/><\/p>\n<p>&nbsp;<\/p>\n<p><strong>~45&#215;45 cm<\/strong><\/p>\n<p>White with dark greenish-grey pattern, 2 pc.<\/p>\n<p><img loading=\"lazy\" decoding=\"async\" class=\"wp-image-53881 alignnone\" src=\"https:\/\/bellfire.ee\/wp-content\/uploads\/2024\/11\/muster-lilled-300x300.jpg\" alt=\"\" width=\"94\" height=\"94\" \/><\/p>\n<p>Order your favorite decorative cushions online or come and choose your favorites at our showroom <a href=\"https:\/\/maps.app.goo.gl\/3gBPs9dRiD6FBgbw6\">Riia 142, Tartu<\/a>.<\/p>\n<p class=\"p1\"><b>Please note that the actual color may vary from what appears on the screen. We recommend checking the colors in our showroom.<\/b><\/p>\n","protected":false},"featured_media":44463,"template":"","meta":{"_acf_changed":false},"wpc-attribute-group":[],"product_brand":[],"product_cat":[987,994],"product_tag":[],"class_list":{"0":"post-52604","1":"product","2":"type-product","3":"status-publish","4":"has-post-thumbnail","6":"product_cat-outlet-en","7":"product_cat-outlet-accessories","8":"pa_e-poe-kangavalik-beez-mustriga-en","9":"pa_e-poe-kangavalik-beez-sametine-en","10":"pa_e-poe-kangavalik-helehall-sametine-en","11":"pa_e-poe-kangavalik-muster-marjad-en","12":"pa_e-poe-kangavalik-pruun-kunstnahk-en","13":"pa_e-poe-kangavalik-valge-hall-mustriga-en","14":"pa_e-poe-kangavalik-valge-tekstuur-en","15":"pa_e-poe-kangavalik-zebra-en","17":"first","18":"instock","19":"sale","20":"taxable","21":"shipping-taxable","22":"purchasable","23":"product-type-variable","24":"add-to-wishlist-after_add_to_cart"},"acf":[],"yoast_head":"<!-- This site is optimized with the Yoast SEO plugin v26.1 - https:\/\/yoast.com\/wordpress\/plugins\/seo\/ -->\n<title>Dekoratiivpadi, ruut - Bellfire<\/title>\n<meta name=\"robots\" content=\"index, follow, max-snippet:-1, max-image-preview:large, max-video-preview:-1\" \/>\n<link rel=\"canonical\" href=\"https:\/\/bellfire.ee\/en\/outlet-en\/outlet-accessories\/dekoratiivpadi-ruut\/\" \/>\n<meta property=\"og:locale\" content=\"en_US\" \/>\n<meta property=\"og:type\" content=\"article\" \/>\n<meta property=\"og:title\" content=\"Dekoratiivpadi, ruut - Bellfire\" \/>\n<meta property=\"og:description\" content=\"The soft decorative cushions offer aesthetic appeal and make your relaxation moments on the sofa even more comfortable. The cushions have removable covers. They are available in various fabrics and sizes.            The filling of the cushion is 100% fiber.        &nbsp;  ~36x36 cm  Beige, velvety, 1 pc.    &nbsp;  ~38x38 cm  Beige with pattern, 1 tk.    &nbsp;  ~40x40 cm  Light grey, velvety, 1 pc.  Pattern, berries, 3 pc.  Pattern, zebra, 1 pc.   \u00a0 \u00a0  &nbsp;  ~42x42 cm  Pruun kunstnahk, 1tk.  Valge, tekstuurne, 1 tk.   \u00a0  &nbsp;  ~45x45 cm  White with dark greenish-grey pattern, 2 pc.    Order your favorite decorative cushions online or come and choose your favorites at our showroom Riia 142, Tartu. Please note that the actual color may vary from what appears on the screen. We recommend checking the colors in our showroom.\" \/>\n<meta property=\"og:url\" content=\"https:\/\/bellfire.ee\/en\/outlet-en\/outlet-accessories\/dekoratiivpadi-ruut\/\" \/>\n<meta property=\"og:site_name\" content=\"Bellfire\" \/>\n<meta property=\"og:image\" content=\"https:\/\/bellfire.ee\/wp-content\/uploads\/2024\/10\/dekoratiivpadi-ruut-product-image.jpg\" \/>\n\t<meta property=\"og:image:width\" content=\"1920\" \/>\n\t<meta property=\"og:image:height\" content=\"1080\" \/>\n\t<meta property=\"og:image:type\" content=\"image\/jpeg\" \/>\n<meta name=\"twitter:card\" content=\"summary_large_image\" \/>\n<meta name=\"twitter:label1\" content=\"Est. reading time\" \/>\n\t<meta name=\"twitter:data1\" content=\"1 minute\" \/>\n<script type=\"application\/ld+json\" class=\"yoast-schema-graph\">{\"@context\":\"https:\/\/schema.org\",\"@graph\":[{\"@type\":\"WebPage\",\"@id\":\"https:\/\/bellfire.ee\/en\/outlet-en\/outlet-accessories\/dekoratiivpadi-ruut\/\",\"url\":\"https:\/\/bellfire.ee\/en\/outlet-en\/outlet-accessories\/dekoratiivpadi-ruut\/\",\"name\":\"Dekoratiivpadi, ruut - Bellfire\",\"isPartOf\":{\"@id\":\"https:\/\/bellfire.ee\/en\/#website\"},\"primaryImageOfPage\":{\"@id\":\"https:\/\/bellfire.ee\/en\/outlet-en\/outlet-accessories\/dekoratiivpadi-ruut\/#primaryimage\"},\"image\":{\"@id\":\"https:\/\/bellfire.ee\/en\/outlet-en\/outlet-accessories\/dekoratiivpadi-ruut\/#primaryimage\"},\"thumbnailUrl\":\"https:\/\/bellfire.ee\/wp-content\/uploads\/2024\/10\/dekoratiivpadi-valge-hall-muster-1.jpg\",\"datePublished\":\"2024-03-21T14:32:51+00:00\",\"breadcrumb\":{\"@id\":\"https:\/\/bellfire.ee\/en\/outlet-en\/outlet-accessories\/dekoratiivpadi-ruut\/#breadcrumb\"},\"inLanguage\":\"en-US\",\"potentialAction\":[{\"@type\":\"ReadAction\",\"target\":[\"https:\/\/bellfire.ee\/en\/outlet-en\/outlet-accessories\/dekoratiivpadi-ruut\/\"]}]},{\"@type\":\"ImageObject\",\"inLanguage\":\"en-US\",\"@id\":\"https:\/\/bellfire.ee\/en\/outlet-en\/outlet-accessories\/dekoratiivpadi-ruut\/#primaryimage\",\"url\":\"https:\/\/bellfire.ee\/wp-content\/uploads\/2024\/10\/dekoratiivpadi-valge-hall-muster-1.jpg\",\"contentUrl\":\"https:\/\/bellfire.ee\/wp-content\/uploads\/2024\/10\/dekoratiivpadi-valge-hall-muster-1.jpg\",\"width\":1920,\"height\":1920},{\"@type\":\"BreadcrumbList\",\"@id\":\"https:\/\/bellfire.ee\/en\/outlet-en\/outlet-accessories\/dekoratiivpadi-ruut\/#breadcrumb\",\"itemListElement\":[{\"@type\":\"ListItem\",\"position\":1,\"name\":\"Avaleht\",\"item\":\"https:\/\/bellfire.ee\/en\/\"},{\"@type\":\"ListItem\",\"position\":2,\"name\":\"Furniture\",\"item\":\"https:\/\/bellfire.ee\/en\/furniture\/\"},{\"@type\":\"ListItem\",\"position\":3,\"name\":\"Dekoratiivpadi, ruut\"}]},{\"@type\":\"WebSite\",\"@id\":\"https:\/\/bellfire.ee\/en\/#website\",\"url\":\"https:\/\/bellfire.ee\/en\/\",\"name\":\"Bellfire\",\"description\":\"Disainm\u00f6\u00f6bel Sinu koju Eesti pehme m\u00f6\u00f6bli tootjal\",\"publisher\":{\"@id\":\"https:\/\/bellfire.ee\/en\/#organization\"},\"potentialAction\":[{\"@type\":\"SearchAction\",\"target\":{\"@type\":\"EntryPoint\",\"urlTemplate\":\"https:\/\/bellfire.ee\/en\/?s={search_term_string}\"},\"query-input\":{\"@type\":\"PropertyValueSpecification\",\"valueRequired\":true,\"valueName\":\"search_term_string\"}}],\"inLanguage\":\"en-US\"},{\"@type\":\"Organization\",\"@id\":\"https:\/\/bellfire.ee\/en\/#organization\",\"name\":\"Bellfire\",\"url\":\"https:\/\/bellfire.ee\/en\/\",\"logo\":{\"@type\":\"ImageObject\",\"inLanguage\":\"en-US\",\"@id\":\"https:\/\/bellfire.ee\/en\/#\/schema\/logo\/image\/\",\"url\":\"https:\/\/bellfire.ee\/wp-content\/uploads\/2024\/10\/Site-logo.svg\",\"contentUrl\":\"https:\/\/bellfire.ee\/wp-content\/uploads\/2024\/10\/Site-logo.svg\",\"width\":55,\"height\":64,\"caption\":\"Bellfire\"},\"image\":{\"@id\":\"https:\/\/bellfire.ee\/en\/#\/schema\/logo\/image\/\"}}]}<\/script>\n<!-- \/ Yoast SEO plugin. -->","yoast_head_json":{"title":"Dekoratiivpadi, ruut - Bellfire","robots":{"index":"index","follow":"follow","max-snippet":"max-snippet:-1","max-image-preview":"max-image-preview:large","max-video-preview":"max-video-preview:-1"},"canonical":"https:\/\/bellfire.ee\/en\/outlet-en\/outlet-accessories\/dekoratiivpadi-ruut\/","og_locale":"en_US","og_type":"article","og_title":"Dekoratiivpadi, ruut - Bellfire","og_description":"The soft decorative cushions offer aesthetic appeal and make your relaxation moments on the sofa even more comfortable. The cushions have removable covers. They are available in various fabrics and sizes.            The filling of the cushion is 100% fiber.        &nbsp;  ~36x36 cm  Beige, velvety, 1 pc.    &nbsp;  ~38x38 cm  Beige with pattern, 1 tk.    &nbsp;  ~40x40 cm  Light grey, velvety, 1 pc.  Pattern, berries, 3 pc.  Pattern, zebra, 1 pc.   \u00a0 \u00a0  &nbsp;  ~42x42 cm  Pruun kunstnahk, 1tk.  Valge, tekstuurne, 1 tk.   \u00a0  &nbsp;  ~45x45 cm  White with dark greenish-grey pattern, 2 pc.    Order your favorite decorative cushions online or come and choose your favorites at our showroom Riia 142, Tartu. Please note that the actual color may vary from what appears on the screen. We recommend checking the colors in our showroom.","og_url":"https:\/\/bellfire.ee\/en\/outlet-en\/outlet-accessories\/dekoratiivpadi-ruut\/","og_site_name":"Bellfire","og_image":[{"width":1920,"height":1080,"url":"https:\/\/bellfire.ee\/wp-content\/uploads\/2024\/10\/dekoratiivpadi-ruut-product-image.jpg","type":"image\/jpeg"}],"twitter_card":"summary_large_image","twitter_misc":{"Est. reading time":"1 minute"},"schema":{"@context":"https:\/\/schema.org","@graph":[{"@type":"WebPage","@id":"https:\/\/bellfire.ee\/en\/outlet-en\/outlet-accessories\/dekoratiivpadi-ruut\/","url":"https:\/\/bellfire.ee\/en\/outlet-en\/outlet-accessories\/dekoratiivpadi-ruut\/","name":"Dekoratiivpadi, ruut - Bellfire","isPartOf":{"@id":"https:\/\/bellfire.ee\/en\/#website"},"primaryImageOfPage":{"@id":"https:\/\/bellfire.ee\/en\/outlet-en\/outlet-accessories\/dekoratiivpadi-ruut\/#primaryimage"},"image":{"@id":"https:\/\/bellfire.ee\/en\/outlet-en\/outlet-accessories\/dekoratiivpadi-ruut\/#primaryimage"},"thumbnailUrl":"https:\/\/bellfire.ee\/wp-content\/uploads\/2024\/10\/dekoratiivpadi-valge-hall-muster-1.jpg","datePublished":"2024-03-21T14:32:51+00:00","breadcrumb":{"@id":"https:\/\/bellfire.ee\/en\/outlet-en\/outlet-accessories\/dekoratiivpadi-ruut\/#breadcrumb"},"inLanguage":"en-US","potentialAction":[{"@type":"ReadAction","target":["https:\/\/bellfire.ee\/en\/outlet-en\/outlet-accessories\/dekoratiivpadi-ruut\/"]}]},{"@type":"ImageObject","inLanguage":"en-US","@id":"https:\/\/bellfire.ee\/en\/outlet-en\/outlet-accessories\/dekoratiivpadi-ruut\/#primaryimage","url":"https:\/\/bellfire.ee\/wp-content\/uploads\/2024\/10\/dekoratiivpadi-valge-hall-muster-1.jpg","contentUrl":"https:\/\/bellfire.ee\/wp-content\/uploads\/2024\/10\/dekoratiivpadi-valge-hall-muster-1.jpg","width":1920,"height":1920},{"@type":"BreadcrumbList","@id":"https:\/\/bellfire.ee\/en\/outlet-en\/outlet-accessories\/dekoratiivpadi-ruut\/#breadcrumb","itemListElement":[{"@type":"ListItem","position":1,"name":"Avaleht","item":"https:\/\/bellfire.ee\/en\/"},{"@type":"ListItem","position":2,"name":"Furniture","item":"https:\/\/bellfire.ee\/en\/furniture\/"},{"@type":"ListItem","position":3,"name":"Dekoratiivpadi, ruut"}]},{"@type":"WebSite","@id":"https:\/\/bellfire.ee\/en\/#website","url":"https:\/\/bellfire.ee\/en\/","name":"Bellfire","description":"Disainm\u00f6\u00f6bel Sinu koju Eesti pehme m\u00f6\u00f6bli tootjal","publisher":{"@id":"https:\/\/bellfire.ee\/en\/#organization"},"potentialAction":[{"@type":"SearchAction","target":{"@type":"EntryPoint","urlTemplate":"https:\/\/bellfire.ee\/en\/?s={search_term_string}"},"query-input":{"@type":"PropertyValueSpecification","valueRequired":true,"valueName":"search_term_string"}}],"inLanguage":"en-US"},{"@type":"Organization","@id":"https:\/\/bellfire.ee\/en\/#organization","name":"Bellfire","url":"https:\/\/bellfire.ee\/en\/","logo":{"@type":"ImageObject","inLanguage":"en-US","@id":"https:\/\/bellfire.ee\/en\/#\/schema\/logo\/image\/","url":"https:\/\/bellfire.ee\/wp-content\/uploads\/2024\/10\/Site-logo.svg","contentUrl":"https:\/\/bellfire.ee\/wp-content\/uploads\/2024\/10\/Site-logo.svg","width":55,"height":64,"caption":"Bellfire"},"image":{"@id":"https:\/\/bellfire.ee\/en\/#\/schema\/logo\/image\/"}}]}},"_links":{"self":[{"href":"https:\/\/bellfire.ee\/en\/wp-json\/wp\/v2\/product\/52604","targetHints":{"allow":["GET"]}}],"collection":[{"href":"https:\/\/bellfire.ee\/en\/wp-json\/wp\/v2\/product"}],"about":[{"href":"https:\/\/bellfire.ee\/en\/wp-json\/wp\/v2\/types\/product"}],"wp:featuredmedia":[{"embeddable":true,"href":"https:\/\/bellfire.ee\/en\/wp-json\/wp\/v2\/media\/44463"}],"wp:attachment":[{"href":"https:\/\/bellfire.ee\/en\/wp-json\/wp\/v2\/media?parent=52604"}],"wp:term":[{"taxonomy":"wpc-attribute-group","embeddable":true,"href":"https:\/\/bellfire.ee\/en\/wp-json\/wp\/v2\/wpc-attribute-group?post=52604"},{"taxonomy":"product_brand","embeddable":true,"href":"https:\/\/bellfire.ee\/en\/wp-json\/wp\/v2\/product_brand?post=52604"},{"taxonomy":"product_cat","embeddable":true,"href":"https:\/\/bellfire.ee\/en\/wp-json\/wp\/v2\/product_cat?post=52604"},{"taxonomy":"product_tag","embeddable":true,"href":"https:\/\/bellfire.ee\/en\/wp-json\/wp\/v2\/product_tag?post=52604"}],"curies":[{"name":"wp","href":"https:\/\/api.w.org\/{rel}","templated":true}]}}